{"id":36739,"date":"2024-02-14T00:23:57","date_gmt":"2024-02-13T23:23:57","guid":{"rendered":"https:\/\/truusk.store\/product\/hollywood-gunga-for-3-personer-justerbart-soltak-upp-till-240-kg-morkgra-195-x-118-x-170-cm\/"},"modified":"2026-03-12T09:12:44","modified_gmt":"2026-03-12T08:12:44","slug":"truusk-hollywood-gunga-for-3-personer-justerbart-soltak-upp-till-240-kg-morkgra-195-x-118-x-170-cm","status":"publish","type":"product","link":"https:\/\/truusk.store\/sv\/produkt\/truusk-hollywood-gunga-for-3-personer-justerbart-soltak-upp-till-240-kg-morkgra-195-x-118-x-170-cm\/","title":{"rendered":"TRUUSK Hollywood-gunga &#8211; F\u00f6r 3 Personer &#8211; Justerbart Soltak &#8211; Upp Till 240 Kg &#8211; M\u00f6rkgr\u00e5 &#8211; 195 x 118 x 170 cm"},"content":{"rendered":"<p>F\u00f6rdjupa dig i sommaren och njut av solen p\u00e5 denna vackra verandagunga. Upp till tre vuxna f\u00e5r bekv\u00e4mt plats h\u00e4r. Meshskyddet och det justerbara solskyddet h\u00e5ller dig behagligt sval p\u00e5 sommaren och torkar snabbt efter en regnskur. Luta solskyddet efter \u00f6nskem\u00e5l och justera det enkelt efter solens l\u00e4ge. Rocka dig sj\u00e4lv f\u00f6rsiktigt i sommarbrisen och njut av livet till fullo, med din favoritdrink i handen!<\/p>\n<h3>Beskrivning:<\/h3>\n<ul>\n<li>Plats f\u00f6r tre vuxna<\/li>\n<li>Lutande taklucka ger skugga och skyddar mot bl\u00e4ndande sol<\/li>\n<li>Meshtyg som andas torkar snabbt<\/li>\n<li>Den robusta metallramen b\u00e4r upp till 240 kg<\/li>\n<li>Kraftig fj\u00e4dring s\u00e4kerst\u00e4ller en mjuk, mjuk gungande r\u00f6relse<\/li>\n<li>Halkfria f\u00f6tter s\u00e4kerst\u00e4ller stabilitet och skyddar golvet fr\u00e5n skador<\/li>\n<li>Montering kr\u00e4vs<\/li>\n<\/ul>\n<h3>Teknisk data:<\/h3>\n<ul>\n<li>F\u00e4rg: M\u00f6rkgr\u00e5<\/li>\n<li>Material: J\u00e4rn, Textline, Polyester<\/li>\n<li>\u00d6vergripande m\u00e5tt: 195L x 118W x 170H cm<\/li>\n<li>Soltakens m\u00e5tt: 195L x 118W cm<\/li>\n<li>Sittyta: 143W x 49D cm<\/li>\n<li>S\u00e4te markfrig\u00e5ng: 49H cm<\/li>\n<li>Ryggst\u00f6dsm\u00e5tt: 143L x 70W cm<\/li>\n<li>Lastkapacitet: 240 kg<\/li>\n<\/ul>\n<h3>Leveransens omfattning:<\/h3>\n<ul>\n<li>1 x verandagunga<\/li>\n<li>1 x Instruktioner<\/li>\n<li>VIKTIGT: Vi levererar varan till trottoarkanten utan kostnad. Se till att du anger r\u00e4tt adress och telefonnummer.<\/li>\n<\/ul>\n","protected":false},"excerpt":{"rendered":"<p>F\u00f6rdjupa dig i sommaren och njut av solen p\u00e5 denna vackra verandagunga. Upp till tre vuxna f\u00e5r bekv\u00e4mt plats h\u00e4r&#8230;.<\/p>\n","protected":false},"featured_media":36740,"template":"","meta":[],"product_brand":[],"product_cat":[453,435,450],"product_tag":[],"class_list":{"0":"post-36739","1":"product","2":"type-product","3":"status-publish","4":"has-post-thumbnail","6":"product_cat-hollywood-gungor","7":"product_cat-tradgard-och-terrass","8":"product_cat-tradgardsmobler","10":"first","11":"instock","12":"sale","13":"taxable","14":"shipping-taxable","15":"purchasable","16":"product-type-simple"},"yoast_head":"<!-- This site is optimized with the Yoast SEO plugin v25.4 - https:\/\/yoast.com\/wordpress\/plugins\/seo\/ -->\n<title>TRUUSK Hollywood-gunga - F\u00f6r 3 Personer - Justerbart Soltak - Upp Till 240 Kg - M\u00f6rkgr\u00e5 - 195 x 118 x 170 cm - TRUUSK - Hem, Tr\u00e4dg\u00e5rd &amp; Fritid<\/title>\n<meta name=\"robots\" content=\"index, follow, max-snippet:-1, max-image-preview:large, max-video-preview:-1\" \/>\n<link rel=\"canonical\" href=\"https:\/\/truusk.store\/sv\/produkt\/truusk-hollywood-gunga-for-3-personer-justerbart-soltak-upp-till-240-kg-morkgra-195-x-118-x-170-cm\/\" \/>\n<meta property=\"og:locale\" content=\"sv_SE\" \/>\n<meta property=\"og:type\" content=\"article\" \/>\n<meta property=\"og:title\" content=\"TRUUSK Hollywood-gunga - F\u00f6r 3 Personer - Justerbart Soltak - Upp Till 240 Kg - M\u00f6rkgr\u00e5 - 195 x 118 x 170 cm - TRUUSK - Hem, Tr\u00e4dg\u00e5rd &amp; Fritid\" \/>\n<meta property=\"og:description\" content=\"F\u00f6rdjupa dig i sommaren och njut av solen p\u00e5 denna vackra verandagunga. Upp till tre vuxna f\u00e5r bekv\u00e4mt plats h\u00e4r....\" \/>\n<meta property=\"og:url\" content=\"https:\/\/truusk.store\/sv\/produkt\/truusk-hollywood-gunga-for-3-personer-justerbart-soltak-upp-till-240-kg-morkgra-195-x-118-x-170-cm\/\" \/>\n<meta property=\"og:site_name\" content=\"TRUUSK - Hem, Tr\u00e4dg\u00e5rd &amp; Fritid\" \/>\n<meta property=\"article:modified_time\" content=\"2026-03-12T08:12:44+00:00\" \/>\n<meta property=\"og:image\" content=\"https:\/\/i0.wp.com\/truusk.se\/wp-content\/uploads\/2024\/02\/hollywood-gunga-for-3-personer-justerbart-soltak-upp-till-240-kg-morkgra-195-x-118-x-170-cm.webp?fit=800%2C800&ssl=1\" \/>\n\t<meta property=\"og:image:width\" content=\"800\" \/>\n\t<meta property=\"og:image:height\" content=\"800\" \/>\n\t<meta property=\"og:image:type\" content=\"image\/webp\" \/>\n<meta name=\"twitter:card\" content=\"summary_large_image\" \/>\n<meta name=\"twitter:label1\" content=\"Ber\u00e4knad l\u00e4stid\" \/>\n\t<meta name=\"twitter:data1\" content=\"1 minut\" \/>\n<!-- \/ Yoast SEO plugin. -->","yoast_head_json":{"title":"TRUUSK Hollywood-gunga - F\u00f6r 3 Personer - Justerbart Soltak - Upp Till 240 Kg - M\u00f6rkgr\u00e5 - 195 x 118 x 170 cm - TRUUSK - Hem, Tr\u00e4dg\u00e5rd &amp; Fritid","robots":{"index":"index","follow":"follow","max-snippet":"max-snippet:-1","max-image-preview":"max-image-preview:large","max-video-preview":"max-video-preview:-1"},"canonical":"https:\/\/truusk.store\/sv\/produkt\/truusk-hollywood-gunga-for-3-personer-justerbart-soltak-upp-till-240-kg-morkgra-195-x-118-x-170-cm\/","og_locale":"sv_SE","og_type":"article","og_title":"TRUUSK Hollywood-gunga - F\u00f6r 3 Personer - Justerbart Soltak - Upp Till 240 Kg - M\u00f6rkgr\u00e5 - 195 x 118 x 170 cm - TRUUSK - Hem, Tr\u00e4dg\u00e5rd &amp; Fritid","og_description":"F\u00f6rdjupa dig i sommaren och njut av solen p\u00e5 denna vackra verandagunga. Upp till tre vuxna f\u00e5r bekv\u00e4mt plats h\u00e4r....","og_url":"https:\/\/truusk.store\/sv\/produkt\/truusk-hollywood-gunga-for-3-personer-justerbart-soltak-upp-till-240-kg-morkgra-195-x-118-x-170-cm\/","og_site_name":"TRUUSK - Hem, Tr\u00e4dg\u00e5rd &amp; Fritid","article_modified_time":"2026-03-12T08:12:44+00:00","og_image":[{"width":800,"height":800,"url":"https:\/\/i0.wp.com\/truusk.se\/wp-content\/uploads\/2024\/02\/hollywood-gunga-for-3-personer-justerbart-soltak-upp-till-240-kg-morkgra-195-x-118-x-170-cm.webp?fit=800%2C800&ssl=1","type":"image\/webp"}],"twitter_card":"summary_large_image","twitter_misc":{"Ber\u00e4knad l\u00e4stid":"1 minut"},"schema":{"@context":"https:\/\/schema.org","@graph":[{"@type":"WebPage","@id":"https:\/\/truusk.store\/sv\/produkt\/truusk-hollywood-gunga-for-3-personer-justerbart-soltak-upp-till-240-kg-morkgra-195-x-118-x-170-cm\/","url":"https:\/\/truusk.store\/sv\/produkt\/truusk-hollywood-gunga-for-3-personer-justerbart-soltak-upp-till-240-kg-morkgra-195-x-118-x-170-cm\/","name":"TRUUSK Hollywood-gunga - F\u00f6r 3 Personer - Justerbart Soltak - Upp Till 240 Kg - M\u00f6rkgr\u00e5 - 195 x 118 x 170 cm - TRUUSK - Hem, Tr\u00e4dg\u00e5rd &amp; Fritid","isPartOf":{"@id":"https:\/\/truusk.store\/sv\/#website"},"primaryImageOfPage":{"@id":"https:\/\/truusk.store\/sv\/produkt\/truusk-hollywood-gunga-for-3-personer-justerbart-soltak-upp-till-240-kg-morkgra-195-x-118-x-170-cm\/#primaryimage"},"image":{"@id":"https:\/\/truusk.store\/sv\/produkt\/truusk-hollywood-gunga-for-3-personer-justerbart-soltak-upp-till-240-kg-morkgra-195-x-118-x-170-cm\/#primaryimage"},"thumbnailUrl":"https:\/\/i0.wp.com\/truusk.store\/wp-content\/uploads\/2024\/02\/hollywood-gunga-for-3-personer-justerbart-soltak-upp-till-240-kg-morkgra-195-x-118-x-170-cm.webp?fit=800%2C800&ssl=1","datePublished":"2024-02-13T23:23:57+00:00","dateModified":"2026-03-12T08:12:44+00:00","breadcrumb":{"@id":"https:\/\/truusk.store\/sv\/produkt\/truusk-hollywood-gunga-for-3-personer-justerbart-soltak-upp-till-240-kg-morkgra-195-x-118-x-170-cm\/#breadcrumb"},"inLanguage":"sv-SE","potentialAction":[{"@type":"ReadAction","target":["https:\/\/truusk.store\/sv\/produkt\/truusk-hollywood-gunga-for-3-personer-justerbart-soltak-upp-till-240-kg-morkgra-195-x-118-x-170-cm\/"]}]},{"@type":"ImageObject","inLanguage":"sv-SE","@id":"https:\/\/truusk.store\/sv\/produkt\/truusk-hollywood-gunga-for-3-personer-justerbart-soltak-upp-till-240-kg-morkgra-195-x-118-x-170-cm\/#primaryimage","url":"https:\/\/i0.wp.com\/truusk.store\/wp-content\/uploads\/2024\/02\/hollywood-gunga-for-3-personer-justerbart-soltak-upp-till-240-kg-morkgra-195-x-118-x-170-cm.webp?fit=800%2C800&ssl=1","contentUrl":"https:\/\/i0.wp.com\/truusk.store\/wp-content\/uploads\/2024\/02\/hollywood-gunga-for-3-personer-justerbart-soltak-upp-till-240-kg-morkgra-195-x-118-x-170-cm.webp?fit=800%2C800&ssl=1","width":800,"height":800,"caption":"Hollywood-gunga, F\u00f6r 3 Personer, Justerbart Soltak, Upp Till 240 Kg, M\u00f6rkgr\u00e5, 195 X 118 X 170 Cm 1"},{"@type":"BreadcrumbList","@id":"https:\/\/truusk.store\/sv\/produkt\/truusk-hollywood-gunga-for-3-personer-justerbart-soltak-upp-till-240-kg-morkgra-195-x-118-x-170-cm\/#breadcrumb","itemListElement":[{"@type":"ListItem","position":1,"name":"Home","item":"https:\/\/truusk.store\/sv\/"},{"@type":"ListItem","position":2,"name":"Shop","item":"https:\/\/truusk.store\/shop\/"},{"@type":"ListItem","position":3,"name":"TRUUSK Hollywood-gunga &#8211; F\u00f6r 3 Personer &#8211; Justerbart Soltak &#8211; Upp Till 240 Kg &#8211; M\u00f6rkgr\u00e5 &#8211; 195 x 118 x 170 cm"}]},{"@type":"WebSite","@id":"https:\/\/truusk.store\/sv\/#website","url":"https:\/\/truusk.store\/sv\/","name":"TRUUSK - Hem, Tr\u00e4dg\u00e5rd & Fritid","description":"","publisher":{"@id":"https:\/\/truusk.store\/sv\/#organization"},"potentialAction":[{"@type":"SearchAction","target":{"@type":"EntryPoint","urlTemplate":"https:\/\/truusk.store\/sv\/?s={search_term_string}"},"query-input":{"@type":"PropertyValueSpecification","valueRequired":true,"valueName":"search_term_string"}}],"inLanguage":"sv-SE"},{"@type":"Organization","@id":"https:\/\/truusk.store\/sv\/#organization","name":"TRUUSK - Hem, Tr\u00e4dg\u00e5rd & Fritid","url":"https:\/\/truusk.store\/sv\/","logo":{"@type":"ImageObject","inLanguage":"sv-SE","@id":"https:\/\/truusk.store\/sv\/#\/schema\/logo\/image\/","url":"https:\/\/i0.wp.com\/truusk.store\/wp-content\/uploads\/2026\/03\/cropped-TRUUSK.png?fit=2032%2C917&ssl=1","contentUrl":"https:\/\/i0.wp.com\/truusk.store\/wp-content\/uploads\/2026\/03\/cropped-TRUUSK.png?fit=2032%2C917&ssl=1","width":2032,"height":917,"caption":"TRUUSK - Hem, Tr\u00e4dg\u00e5rd & Fritid"},"image":{"@id":"https:\/\/truusk.store\/sv\/#\/schema\/logo\/image\/"}}]}},"jetpack_sharing_enabled":true,"_links":{"self":[{"href":"https:\/\/truusk.store\/sv\/wp-json\/wp\/v2\/product\/36739","targetHints":{"allow":["GET"]}}],"collection":[{"href":"https:\/\/truusk.store\/sv\/wp-json\/wp\/v2\/product"}],"about":[{"href":"https:\/\/truusk.store\/sv\/wp-json\/wp\/v2\/types\/product"}],"wp:featuredmedia":[{"embeddable":true,"href":"https:\/\/truusk.store\/sv\/wp-json\/wp\/v2\/media\/36740"}],"wp:attachment":[{"href":"https:\/\/truusk.store\/sv\/wp-json\/wp\/v2\/media?parent=36739"}],"wp:term":[{"taxonomy":"product_brand","embeddable":true,"href":"https:\/\/truusk.store\/sv\/wp-json\/wp\/v2\/product_brand?post=36739"},{"taxonomy":"product_cat","embeddable":true,"href":"https:\/\/truusk.store\/sv\/wp-json\/wp\/v2\/product_cat?post=36739"},{"taxonomy":"product_tag","embeddable":true,"href":"https:\/\/truusk.store\/sv\/wp-json\/wp\/v2\/product_tag?post=36739"}],"curies":[{"name":"wp","href":"https:\/\/api.w.org\/{rel}","templated":true}]}}