{"id":36791,"date":"2024-02-14T00:25:40","date_gmt":"2024-02-13T23:25:40","guid":{"rendered":"https:\/\/truusk.store\/product\/dynsats-for-verandagunga-170-cm-stolsdyna-gungdyna-sittdyna-tradgardsgunga-tradgardsdyna-ryggdyna-sidodyna-beige\/"},"modified":"2026-03-12T09:12:45","modified_gmt":"2026-03-12T08:12:45","slug":"truusk-dynsats-for-verandagunga-170-cm-stolsdyna-gungdyna-sittdyna-tradgardsgunga-beige","status":"publish","type":"product","link":"https:\/\/truusk.store\/sv\/produkt\/truusk-dynsats-for-verandagunga-170-cm-stolsdyna-gungdyna-sittdyna-tradgardsgunga-beige\/","title":{"rendered":"TRUUSK Dynsats f\u00f6r Verandagunga 170 cm &#8211; Stolsdyna, Gungdyna, Sittdyna &#8211; Tr\u00e4dg\u00e5rdsgunga &#8211; Beige"},"content":{"rendered":"<p>Denna sittdyna \u00e4r ett bra tillbeh\u00f6r till din sv\u00e4ngb\u00e4nk. Det erbjuder extra komfort. Det \u00f6vre materialet \u00e4r vattent\u00e4tt och andas. Stolsdynan \u00e4r mycket l\u00e4tt att reng\u00f6ra och underh\u00e5lla. En mjuk fyllning ger mycket extra komfort. Kudden \u00e4r designad s\u00e5 att du s\u00e4kert kan f\u00e4sta den p\u00e5 dina utem\u00f6bler f\u00f6r att undvika att halka. Tuftningen ger sittdynan ett unikt utseende och pryder alla tr\u00e4dg\u00e5rdsgungor.<\/p>\n<h3>Beskrivning:<\/h3>\n<ul>\n<li>Snygg och bekv\u00e4m, l\u00e4mplig f\u00f6r de flesta verandagungor<\/li>\n<li>Yttermaterialet \u00e4r vattenavvisande, robust, h\u00e5llbart och motst\u00e5ndskraftigt mot blekning<\/li>\n<li>En tofs ger kudden ett unikt utseende<\/li>\n<li>Sex kardborreband att f\u00e4sta p\u00e5 din b\u00e4nk<\/li>\n<li>\u00d6rngott \u00e4r l\u00e4ttsk\u00f6tt och h\u00e5llbart<\/li>\n<\/ul>\n<h3>Teknisk data:<\/h3>\n<ul>\n<li>F\u00e4rg beige<\/li>\n<li>Material: polyestertyg, kaklad bomull, 3D vertikal bomull<\/li>\n<li>Totala m\u00e5tt: 170L x 100W x 8H cm<\/li>\n<\/ul>\n<h3>Leveransens omfattning:<\/h3>\n<ul>\n<li>1 x Sittdyna<\/li>\n<li>1 x Instruktioner<\/li>\n<\/ul>\n","protected":false},"excerpt":{"rendered":"<p>Denna sittdyna \u00e4r ett bra tillbeh\u00f6r till din sv\u00e4ngb\u00e4nk. Det erbjuder extra komfort. Det \u00f6vre materialet \u00e4r vattent\u00e4tt och andas&#8230;.<\/p>\n","protected":false},"featured_media":36792,"template":"","meta":[],"product_brand":[],"product_cat":[435,463,450],"product_tag":[],"class_list":{"0":"post-36791","1":"product","2":"type-product","3":"status-publish","4":"has-post-thumbnail","6":"product_cat-tradgard-och-terrass","7":"product_cat-tradgards-sittdynor","8":"product_cat-tradgardsmobler","10":"first","11":"instock","12":"sale","13":"taxable","14":"shipping-taxable","15":"purchasable","16":"product-type-simple"},"yoast_head":"<!-- This site is optimized with the Yoast SEO plugin v25.4 - https:\/\/yoast.com\/wordpress\/plugins\/seo\/ -->\n<title>TRUUSK Dynsats f\u00f6r Verandagunga 170 cm - Stolsdyna, Gungdyna, Sittdyna - Tr\u00e4dg\u00e5rdsgunga - Beige - TRUUSK - Hem, Tr\u00e4dg\u00e5rd &amp; Fritid<\/title>\n<meta name=\"robots\" content=\"index, follow, max-snippet:-1, max-image-preview:large, max-video-preview:-1\" \/>\n<link rel=\"canonical\" href=\"https:\/\/truusk.store\/sv\/produkt\/truusk-dynsats-for-verandagunga-170-cm-stolsdyna-gungdyna-sittdyna-tradgardsgunga-beige\/\" \/>\n<meta property=\"og:locale\" content=\"sv_SE\" \/>\n<meta property=\"og:type\" content=\"article\" \/>\n<meta property=\"og:title\" content=\"TRUUSK Dynsats f\u00f6r Verandagunga 170 cm - Stolsdyna, Gungdyna, Sittdyna - Tr\u00e4dg\u00e5rdsgunga - Beige - TRUUSK - Hem, Tr\u00e4dg\u00e5rd &amp; Fritid\" \/>\n<meta property=\"og:description\" content=\"Denna sittdyna \u00e4r ett bra tillbeh\u00f6r till din sv\u00e4ngb\u00e4nk. Det erbjuder extra komfort. Det \u00f6vre materialet \u00e4r vattent\u00e4tt och andas....\" \/>\n<meta property=\"og:url\" content=\"https:\/\/truusk.store\/sv\/produkt\/truusk-dynsats-for-verandagunga-170-cm-stolsdyna-gungdyna-sittdyna-tradgardsgunga-beige\/\" \/>\n<meta property=\"og:site_name\" content=\"TRUUSK - Hem, Tr\u00e4dg\u00e5rd &amp; Fritid\" \/>\n<meta property=\"article:modified_time\" content=\"2026-03-12T08:12:45+00:00\" \/>\n<meta property=\"og:image\" content=\"https:\/\/i0.wp.com\/truusk.se\/wp-content\/uploads\/2024\/02\/dynsats-for-verandagunga-170-cm-stolsdyna-gungdyna-sittdyna-tradgardsgunga-tradgardsdyna-ryggdyna-sidodyna-beige.webp?fit=800%2C800&ssl=1\" \/>\n\t<meta property=\"og:image:width\" content=\"800\" \/>\n\t<meta property=\"og:image:height\" content=\"800\" \/>\n\t<meta property=\"og:image:type\" content=\"image\/webp\" \/>\n<meta name=\"twitter:card\" content=\"summary_large_image\" \/>\n<meta name=\"twitter:label1\" content=\"Ber\u00e4knad l\u00e4stid\" \/>\n\t<meta name=\"twitter:data1\" content=\"1 minut\" \/>\n<!-- \/ Yoast SEO plugin. -->","yoast_head_json":{"title":"TRUUSK Dynsats f\u00f6r Verandagunga 170 cm - Stolsdyna, Gungdyna, Sittdyna - Tr\u00e4dg\u00e5rdsgunga - Beige - TRUUSK - Hem, Tr\u00e4dg\u00e5rd &amp; Fritid","robots":{"index":"index","follow":"follow","max-snippet":"max-snippet:-1","max-image-preview":"max-image-preview:large","max-video-preview":"max-video-preview:-1"},"canonical":"https:\/\/truusk.store\/sv\/produkt\/truusk-dynsats-for-verandagunga-170-cm-stolsdyna-gungdyna-sittdyna-tradgardsgunga-beige\/","og_locale":"sv_SE","og_type":"article","og_title":"TRUUSK Dynsats f\u00f6r Verandagunga 170 cm - Stolsdyna, Gungdyna, Sittdyna - Tr\u00e4dg\u00e5rdsgunga - Beige - TRUUSK - Hem, Tr\u00e4dg\u00e5rd &amp; Fritid","og_description":"Denna sittdyna \u00e4r ett bra tillbeh\u00f6r till din sv\u00e4ngb\u00e4nk. Det erbjuder extra komfort. Det \u00f6vre materialet \u00e4r vattent\u00e4tt och andas....","og_url":"https:\/\/truusk.store\/sv\/produkt\/truusk-dynsats-for-verandagunga-170-cm-stolsdyna-gungdyna-sittdyna-tradgardsgunga-beige\/","og_site_name":"TRUUSK - Hem, Tr\u00e4dg\u00e5rd &amp; Fritid","article_modified_time":"2026-03-12T08:12:45+00:00","og_image":[{"width":800,"height":800,"url":"https:\/\/i0.wp.com\/truusk.se\/wp-content\/uploads\/2024\/02\/dynsats-for-verandagunga-170-cm-stolsdyna-gungdyna-sittdyna-tradgardsgunga-tradgardsdyna-ryggdyna-sidodyna-beige.webp?fit=800%2C800&ssl=1","type":"image\/webp"}],"twitter_card":"summary_large_image","twitter_misc":{"Ber\u00e4knad l\u00e4stid":"1 minut"},"schema":{"@context":"https:\/\/schema.org","@graph":[{"@type":"WebPage","@id":"https:\/\/truusk.store\/sv\/produkt\/truusk-dynsats-for-verandagunga-170-cm-stolsdyna-gungdyna-sittdyna-tradgardsgunga-beige\/","url":"https:\/\/truusk.store\/sv\/produkt\/truusk-dynsats-for-verandagunga-170-cm-stolsdyna-gungdyna-sittdyna-tradgardsgunga-beige\/","name":"TRUUSK Dynsats f\u00f6r Verandagunga 170 cm - Stolsdyna, Gungdyna, Sittdyna - Tr\u00e4dg\u00e5rdsgunga - Beige - TRUUSK - Hem, Tr\u00e4dg\u00e5rd &amp; Fritid","isPartOf":{"@id":"https:\/\/truusk.store\/sv\/#website"},"primaryImageOfPage":{"@id":"https:\/\/truusk.store\/sv\/produkt\/truusk-dynsats-for-verandagunga-170-cm-stolsdyna-gungdyna-sittdyna-tradgardsgunga-beige\/#primaryimage"},"image":{"@id":"https:\/\/truusk.store\/sv\/produkt\/truusk-dynsats-for-verandagunga-170-cm-stolsdyna-gungdyna-sittdyna-tradgardsgunga-beige\/#primaryimage"},"thumbnailUrl":"https:\/\/i0.wp.com\/truusk.store\/wp-content\/uploads\/2024\/02\/dynsats-for-verandagunga-170-cm-stolsdyna-gungdyna-sittdyna-tradgardsgunga-tradgardsdyna-ryggdyna-sidodyna-beige.webp?fit=800%2C800&ssl=1","datePublished":"2024-02-13T23:25:40+00:00","dateModified":"2026-03-12T08:12:45+00:00","breadcrumb":{"@id":"https:\/\/truusk.store\/sv\/produkt\/truusk-dynsats-for-verandagunga-170-cm-stolsdyna-gungdyna-sittdyna-tradgardsgunga-beige\/#breadcrumb"},"inLanguage":"sv-SE","potentialAction":[{"@type":"ReadAction","target":["https:\/\/truusk.store\/sv\/produkt\/truusk-dynsats-for-verandagunga-170-cm-stolsdyna-gungdyna-sittdyna-tradgardsgunga-beige\/"]}]},{"@type":"ImageObject","inLanguage":"sv-SE","@id":"https:\/\/truusk.store\/sv\/produkt\/truusk-dynsats-for-verandagunga-170-cm-stolsdyna-gungdyna-sittdyna-tradgardsgunga-beige\/#primaryimage","url":"https:\/\/i0.wp.com\/truusk.store\/wp-content\/uploads\/2024\/02\/dynsats-for-verandagunga-170-cm-stolsdyna-gungdyna-sittdyna-tradgardsgunga-tradgardsdyna-ryggdyna-sidodyna-beige.webp?fit=800%2C800&ssl=1","contentUrl":"https:\/\/i0.wp.com\/truusk.store\/wp-content\/uploads\/2024\/02\/dynsats-for-verandagunga-170-cm-stolsdyna-gungdyna-sittdyna-tradgardsgunga-tradgardsdyna-ryggdyna-sidodyna-beige.webp?fit=800%2C800&ssl=1","width":800,"height":800,"caption":"Dynsats F\u00f6r Verandagunga 170 Cm Stolsdyna Gungdyna Sittdyna Tr\u00e4dg\u00e5rdsgunga Tr\u00e4dg\u00e5rdsdyna Ryggdyna Sidodyna Beige 1"},{"@type":"BreadcrumbList","@id":"https:\/\/truusk.store\/sv\/produkt\/truusk-dynsats-for-verandagunga-170-cm-stolsdyna-gungdyna-sittdyna-tradgardsgunga-beige\/#breadcrumb","itemListElement":[{"@type":"ListItem","position":1,"name":"Home","item":"https:\/\/truusk.store\/sv\/"},{"@type":"ListItem","position":2,"name":"Shop","item":"https:\/\/truusk.store\/shop\/"},{"@type":"ListItem","position":3,"name":"TRUUSK Dynsats f\u00f6r Verandagunga 170 cm &#8211; Stolsdyna, Gungdyna, Sittdyna &#8211; Tr\u00e4dg\u00e5rdsgunga &#8211; Beige"}]},{"@type":"WebSite","@id":"https:\/\/truusk.store\/sv\/#website","url":"https:\/\/truusk.store\/sv\/","name":"TRUUSK - Hem, Tr\u00e4dg\u00e5rd & Fritid","description":"","publisher":{"@id":"https:\/\/truusk.store\/sv\/#organization"},"potentialAction":[{"@type":"SearchAction","target":{"@type":"EntryPoint","urlTemplate":"https:\/\/truusk.store\/sv\/?s={search_term_string}"},"query-input":{"@type":"PropertyValueSpecification","valueRequired":true,"valueName":"search_term_string"}}],"inLanguage":"sv-SE"},{"@type":"Organization","@id":"https:\/\/truusk.store\/sv\/#organization","name":"TRUUSK - Hem, Tr\u00e4dg\u00e5rd & Fritid","url":"https:\/\/truusk.store\/sv\/","logo":{"@type":"ImageObject","inLanguage":"sv-SE","@id":"https:\/\/truusk.store\/sv\/#\/schema\/logo\/image\/","url":"https:\/\/i0.wp.com\/truusk.store\/wp-content\/uploads\/2026\/03\/cropped-TRUUSK.png?fit=2032%2C917&ssl=1","contentUrl":"https:\/\/i0.wp.com\/truusk.store\/wp-content\/uploads\/2026\/03\/cropped-TRUUSK.png?fit=2032%2C917&ssl=1","width":2032,"height":917,"caption":"TRUUSK - Hem, Tr\u00e4dg\u00e5rd & Fritid"},"image":{"@id":"https:\/\/truusk.store\/sv\/#\/schema\/logo\/image\/"}}]}},"jetpack_sharing_enabled":true,"_links":{"self":[{"href":"https:\/\/truusk.store\/sv\/wp-json\/wp\/v2\/product\/36791","targetHints":{"allow":["GET"]}}],"collection":[{"href":"https:\/\/truusk.store\/sv\/wp-json\/wp\/v2\/product"}],"about":[{"href":"https:\/\/truusk.store\/sv\/wp-json\/wp\/v2\/types\/product"}],"wp:featuredmedia":[{"embeddable":true,"href":"https:\/\/truusk.store\/sv\/wp-json\/wp\/v2\/media\/36792"}],"wp:attachment":[{"href":"https:\/\/truusk.store\/sv\/wp-json\/wp\/v2\/media?parent=36791"}],"wp:term":[{"taxonomy":"product_brand","embeddable":true,"href":"https:\/\/truusk.store\/sv\/wp-json\/wp\/v2\/product_brand?post=36791"},{"taxonomy":"product_cat","embeddable":true,"href":"https:\/\/truusk.store\/sv\/wp-json\/wp\/v2\/product_cat?post=36791"},{"taxonomy":"product_tag","embeddable":true,"href":"https:\/\/truusk.store\/sv\/wp-json\/wp\/v2\/product_tag?post=36791"}],"curies":[{"name":"wp","href":"https:\/\/api.w.org\/{rel}","templated":true}]}}