{"id":36827,"date":"2024-02-14T00:26:49","date_gmt":"2024-02-13T23:26:49","guid":{"rendered":"https:\/\/truusk.store\/product\/hopfallbar-sang-gastsang-fallbart-ryggstod-armstod-8-hjul-stalram-ljusgra-svart-190-x-76-x-33cm\/"},"modified":"2026-03-12T09:13:05","modified_gmt":"2026-03-12T08:13:05","slug":"truusk-hopfallbar-gastsang-med-fallbart-ryggstod-och-armstod-8-hjul-stalram-ljusgra-svart-190x76x33cm","status":"publish","type":"product","link":"https:\/\/truusk.store\/sv\/produkt\/truusk-hopfallbar-gastsang-med-fallbart-ryggstod-och-armstod-8-hjul-stalram-ljusgra-svart-190x76x33cm\/","title":{"rendered":"TRUUSK Hopf\u00e4llbar G\u00e4sts\u00e4ng &#8211; Med F\u00e4llbart Ryggst\u00f6d och Armst\u00f6d &#8211; 8 Hjul &#8211; St\u00e5lram &#8211; Ljusgr\u00e5 + Svart &#8211; 190x76x33cm"},"content":{"rendered":"<p>\u00c4r du orolig f\u00f6r att det inte kommer att finnas lediga s\u00e4ngar f\u00f6r ov\u00e4ntade g\u00e4ster? Denna praktiska och bekv\u00e4ma hopf\u00e4llbara s\u00e4ng kan hj\u00e4lpa! Den kan s\u00e4ttas upp p\u00e5 nolltid och stuvas undan f\u00f6r att spara utrymme s\u00e5 fort den inte l\u00e4ngre beh\u00f6vs. Den robusta st\u00e5lramen till\u00e5ter en belastning p\u00e5 upp till 150 kg och den gener\u00f6sa stoppningen garanterar en vilsam och bekv\u00e4m s\u00f6mn. Med denna reses\u00e4ng kommer dina \u00f6vernattande g\u00e4ster definitivt vilja stanna l\u00e4ngre!<\/p>\n<h3>Beskrivning:<\/h3>\n<ul>\n<li>Utrymmesbesparande och praktisk hopf\u00e4llbar design<\/li>\n<li>Gener\u00f6s stoppning f\u00f6r bekv\u00e4m s\u00f6mn<\/li>\n<li>2 f\u00f6rvaringsfickor p\u00e5 b\u00e5da sidor av madrassen f\u00f6r f\u00f6rvaring av smartphones eller andra f\u00f6rem\u00e5l<\/li>\n<li>5-niv\u00e5 justerbart ryggst\u00f6d f\u00f6r olika liggl\u00e4gen<\/li>\n<li>2 armst\u00f6d g\u00f6r det l\u00e4ttare att ligga och resa sig<\/li>\n<li>Robust st\u00e5lram s\u00e4kerst\u00e4ller h\u00e5llbarhet och stabilitet<\/li>\n<li>8 hjul g\u00f6r att s\u00e4ngen l\u00e4tt kan flyttas, varav 4 \u00e4r l\u00e5sbara<\/li>\n<li>Montering kr\u00e4vs<\/li>\n<\/ul>\n<h3>Teknisk data:<\/h3>\n<ul>\n<li>F\u00e4rg: Ljusgr\u00e5+svart<\/li>\n<li>Material: st\u00e5l, skum, 100% polyester (\u00f6verdrag)<\/li>\n<li>\u00d6vergripande m\u00e5tt: 190W x 76D x 33H cm<\/li>\n<li>Vikstorlek: 104W x 76D x 25H cm<\/li>\n<li>Armst\u00f6dsl\u00e4ngd: 55 cm<\/li>\n<li>Armst\u00f6dets h\u00f6jd (fr\u00e5n liggytan): 20 cm<\/li>\n<li>M\u00e5tt f\u00f6r f\u00f6rvaringsv\u00e4ska: 25W x 19H cm<\/li>\n<li>Madrasstjocklek: 8 cm<\/li>\n<li>Lastkapacitet: 150 kg<\/li>\n<\/ul>\n<h3>Leveransens omfattning:<\/h3>\n<ul>\n<li>1 x hopf\u00e4llbar s\u00e4ng<\/li>\n<li>1 x manuell<\/li>\n<\/ul>\n","protected":false},"excerpt":{"rendered":"<p>\u00c4r du orolig f\u00f6r att det inte kommer att finnas lediga s\u00e4ngar f\u00f6r ov\u00e4ntade g\u00e4ster? Denna praktiska och bekv\u00e4ma hopf\u00e4llbara&#8230;<\/p>\n","protected":false},"featured_media":36828,"template":"","meta":[],"product_brand":[],"product_cat":[495,485,494],"product_tag":[],"class_list":{"0":"post-36827","1":"product","2":"type-product","3":"status-publish","4":"has-post-thumbnail","6":"product_cat-gastsangar","7":"product_cat-hus-bo","8":"product_cat-sangar","10":"first","11":"instock","12":"sale","13":"taxable","14":"shipping-taxable","15":"purchasable","16":"product-type-simple"},"yoast_head":"<!-- This site is optimized with the Yoast SEO plugin v25.4 - https:\/\/yoast.com\/wordpress\/plugins\/seo\/ -->\n<title>TRUUSK Hopf\u00e4llbar G\u00e4sts\u00e4ng - Med F\u00e4llbart Ryggst\u00f6d och Armst\u00f6d - 8 Hjul - St\u00e5lram - Ljusgr\u00e5 + Svart - 190x76x33cm - TRUUSK - Hem, Tr\u00e4dg\u00e5rd &amp; Fritid<\/title>\n<meta name=\"robots\" content=\"index, follow, max-snippet:-1, max-image-preview:large, max-video-preview:-1\" \/>\n<link rel=\"canonical\" href=\"https:\/\/truusk.store\/sv\/produkt\/truusk-hopfallbar-gastsang-med-fallbart-ryggstod-och-armstod-8-hjul-stalram-ljusgra-svart-190x76x33cm\/\" \/>\n<meta property=\"og:locale\" content=\"sv_SE\" \/>\n<meta property=\"og:type\" content=\"article\" \/>\n<meta property=\"og:title\" content=\"TRUUSK Hopf\u00e4llbar G\u00e4sts\u00e4ng - Med F\u00e4llbart Ryggst\u00f6d och Armst\u00f6d - 8 Hjul - St\u00e5lram - Ljusgr\u00e5 + Svart - 190x76x33cm - TRUUSK - Hem, Tr\u00e4dg\u00e5rd &amp; Fritid\" \/>\n<meta property=\"og:description\" content=\"\u00c4r du orolig f\u00f6r att det inte kommer att finnas lediga s\u00e4ngar f\u00f6r ov\u00e4ntade g\u00e4ster? Denna praktiska och bekv\u00e4ma hopf\u00e4llbara...\" \/>\n<meta property=\"og:url\" content=\"https:\/\/truusk.store\/sv\/produkt\/truusk-hopfallbar-gastsang-med-fallbart-ryggstod-och-armstod-8-hjul-stalram-ljusgra-svart-190x76x33cm\/\" \/>\n<meta property=\"og:site_name\" content=\"TRUUSK - Hem, Tr\u00e4dg\u00e5rd &amp; Fritid\" \/>\n<meta property=\"article:modified_time\" content=\"2026-03-12T08:13:05+00:00\" \/>\n<meta property=\"og:image\" content=\"https:\/\/i0.wp.com\/truusk.se\/wp-content\/uploads\/2024\/02\/hopfallbar-sang-gastsang-fallbart-ryggstod-armstod-8-hjul-stalram-ljusgra-svart-190-x-76-x-33cm.webp?fit=800%2C800&ssl=1\" \/>\n\t<meta property=\"og:image:width\" content=\"800\" \/>\n\t<meta property=\"og:image:height\" content=\"800\" \/>\n\t<meta property=\"og:image:type\" content=\"image\/webp\" \/>\n<meta name=\"twitter:card\" content=\"summary_large_image\" \/>\n<meta name=\"twitter:label1\" content=\"Ber\u00e4knad l\u00e4stid\" \/>\n\t<meta name=\"twitter:data1\" content=\"1 minut\" \/>\n<!-- \/ Yoast SEO plugin. -->","yoast_head_json":{"title":"TRUUSK Hopf\u00e4llbar G\u00e4sts\u00e4ng - Med F\u00e4llbart Ryggst\u00f6d och Armst\u00f6d - 8 Hjul - St\u00e5lram - Ljusgr\u00e5 + Svart - 190x76x33cm - TRUUSK - Hem, Tr\u00e4dg\u00e5rd &amp; Fritid","robots":{"index":"index","follow":"follow","max-snippet":"max-snippet:-1","max-image-preview":"max-image-preview:large","max-video-preview":"max-video-preview:-1"},"canonical":"https:\/\/truusk.store\/sv\/produkt\/truusk-hopfallbar-gastsang-med-fallbart-ryggstod-och-armstod-8-hjul-stalram-ljusgra-svart-190x76x33cm\/","og_locale":"sv_SE","og_type":"article","og_title":"TRUUSK Hopf\u00e4llbar G\u00e4sts\u00e4ng - Med F\u00e4llbart Ryggst\u00f6d och Armst\u00f6d - 8 Hjul - St\u00e5lram - Ljusgr\u00e5 + Svart - 190x76x33cm - TRUUSK - Hem, Tr\u00e4dg\u00e5rd &amp; Fritid","og_description":"\u00c4r du orolig f\u00f6r att det inte kommer att finnas lediga s\u00e4ngar f\u00f6r ov\u00e4ntade g\u00e4ster? Denna praktiska och bekv\u00e4ma hopf\u00e4llbara...","og_url":"https:\/\/truusk.store\/sv\/produkt\/truusk-hopfallbar-gastsang-med-fallbart-ryggstod-och-armstod-8-hjul-stalram-ljusgra-svart-190x76x33cm\/","og_site_name":"TRUUSK - Hem, Tr\u00e4dg\u00e5rd &amp; Fritid","article_modified_time":"2026-03-12T08:13:05+00:00","og_image":[{"width":800,"height":800,"url":"https:\/\/i0.wp.com\/truusk.se\/wp-content\/uploads\/2024\/02\/hopfallbar-sang-gastsang-fallbart-ryggstod-armstod-8-hjul-stalram-ljusgra-svart-190-x-76-x-33cm.webp?fit=800%2C800&ssl=1","type":"image\/webp"}],"twitter_card":"summary_large_image","twitter_misc":{"Ber\u00e4knad l\u00e4stid":"1 minut"},"schema":{"@context":"https:\/\/schema.org","@graph":[{"@type":"WebPage","@id":"https:\/\/truusk.store\/sv\/produkt\/truusk-hopfallbar-gastsang-med-fallbart-ryggstod-och-armstod-8-hjul-stalram-ljusgra-svart-190x76x33cm\/","url":"https:\/\/truusk.store\/sv\/produkt\/truusk-hopfallbar-gastsang-med-fallbart-ryggstod-och-armstod-8-hjul-stalram-ljusgra-svart-190x76x33cm\/","name":"TRUUSK Hopf\u00e4llbar G\u00e4sts\u00e4ng - Med F\u00e4llbart Ryggst\u00f6d och Armst\u00f6d - 8 Hjul - St\u00e5lram - Ljusgr\u00e5 + Svart - 190x76x33cm - TRUUSK - Hem, Tr\u00e4dg\u00e5rd &amp; Fritid","isPartOf":{"@id":"https:\/\/truusk.store\/sv\/#website"},"primaryImageOfPage":{"@id":"https:\/\/truusk.store\/sv\/produkt\/truusk-hopfallbar-gastsang-med-fallbart-ryggstod-och-armstod-8-hjul-stalram-ljusgra-svart-190x76x33cm\/#primaryimage"},"image":{"@id":"https:\/\/truusk.store\/sv\/produkt\/truusk-hopfallbar-gastsang-med-fallbart-ryggstod-och-armstod-8-hjul-stalram-ljusgra-svart-190x76x33cm\/#primaryimage"},"thumbnailUrl":"https:\/\/i0.wp.com\/truusk.store\/wp-content\/uploads\/2024\/02\/hopfallbar-sang-gastsang-fallbart-ryggstod-armstod-8-hjul-stalram-ljusgra-svart-190-x-76-x-33cm.webp?fit=800%2C800&ssl=1","datePublished":"2024-02-13T23:26:49+00:00","dateModified":"2026-03-12T08:13:05+00:00","breadcrumb":{"@id":"https:\/\/truusk.store\/sv\/produkt\/truusk-hopfallbar-gastsang-med-fallbart-ryggstod-och-armstod-8-hjul-stalram-ljusgra-svart-190x76x33cm\/#breadcrumb"},"inLanguage":"sv-SE","potentialAction":[{"@type":"ReadAction","target":["https:\/\/truusk.store\/sv\/produkt\/truusk-hopfallbar-gastsang-med-fallbart-ryggstod-och-armstod-8-hjul-stalram-ljusgra-svart-190x76x33cm\/"]}]},{"@type":"ImageObject","inLanguage":"sv-SE","@id":"https:\/\/truusk.store\/sv\/produkt\/truusk-hopfallbar-gastsang-med-fallbart-ryggstod-och-armstod-8-hjul-stalram-ljusgra-svart-190x76x33cm\/#primaryimage","url":"https:\/\/i0.wp.com\/truusk.store\/wp-content\/uploads\/2024\/02\/hopfallbar-sang-gastsang-fallbart-ryggstod-armstod-8-hjul-stalram-ljusgra-svart-190-x-76-x-33cm.webp?fit=800%2C800&ssl=1","contentUrl":"https:\/\/i0.wp.com\/truusk.store\/wp-content\/uploads\/2024\/02\/hopfallbar-sang-gastsang-fallbart-ryggstod-armstod-8-hjul-stalram-ljusgra-svart-190-x-76-x-33cm.webp?fit=800%2C800&ssl=1","width":800,"height":800,"caption":"Hopf\u00e4llbar S\u00e4ng, G\u00e4sts\u00e4ng, F\u00e4llbart Ryggst\u00f6d, Armst\u00f6d, 8 Hjul, St\u00e5lram, Ljusgr\u00e5 + Svart, 190 X 76 X 33cm 1"},{"@type":"BreadcrumbList","@id":"https:\/\/truusk.store\/sv\/produkt\/truusk-hopfallbar-gastsang-med-fallbart-ryggstod-och-armstod-8-hjul-stalram-ljusgra-svart-190x76x33cm\/#breadcrumb","itemListElement":[{"@type":"ListItem","position":1,"name":"Home","item":"https:\/\/truusk.store\/sv\/"},{"@type":"ListItem","position":2,"name":"Shop","item":"https:\/\/truusk.store\/shop\/"},{"@type":"ListItem","position":3,"name":"TRUUSK Hopf\u00e4llbar G\u00e4sts\u00e4ng &#8211; Med F\u00e4llbart Ryggst\u00f6d och Armst\u00f6d &#8211; 8 Hjul &#8211; St\u00e5lram &#8211; Ljusgr\u00e5 + Svart &#8211; 190x76x33cm"}]},{"@type":"WebSite","@id":"https:\/\/truusk.store\/sv\/#website","url":"https:\/\/truusk.store\/sv\/","name":"TRUUSK - Hem, Tr\u00e4dg\u00e5rd & Fritid","description":"","publisher":{"@id":"https:\/\/truusk.store\/sv\/#organization"},"potentialAction":[{"@type":"SearchAction","target":{"@type":"EntryPoint","urlTemplate":"https:\/\/truusk.store\/sv\/?s={search_term_string}"},"query-input":{"@type":"PropertyValueSpecification","valueRequired":true,"valueName":"search_term_string"}}],"inLanguage":"sv-SE"},{"@type":"Organization","@id":"https:\/\/truusk.store\/sv\/#organization","name":"TRUUSK - Hem, Tr\u00e4dg\u00e5rd & Fritid","url":"https:\/\/truusk.store\/sv\/","logo":{"@type":"ImageObject","inLanguage":"sv-SE","@id":"https:\/\/truusk.store\/sv\/#\/schema\/logo\/image\/","url":"https:\/\/i0.wp.com\/truusk.store\/wp-content\/uploads\/2026\/03\/cropped-TRUUSK.png?fit=2032%2C917&ssl=1","contentUrl":"https:\/\/i0.wp.com\/truusk.store\/wp-content\/uploads\/2026\/03\/cropped-TRUUSK.png?fit=2032%2C917&ssl=1","width":2032,"height":917,"caption":"TRUUSK - Hem, Tr\u00e4dg\u00e5rd & Fritid"},"image":{"@id":"https:\/\/truusk.store\/sv\/#\/schema\/logo\/image\/"}}]}},"jetpack_sharing_enabled":true,"_links":{"self":[{"href":"https:\/\/truusk.store\/sv\/wp-json\/wp\/v2\/product\/36827","targetHints":{"allow":["GET"]}}],"collection":[{"href":"https:\/\/truusk.store\/sv\/wp-json\/wp\/v2\/product"}],"about":[{"href":"https:\/\/truusk.store\/sv\/wp-json\/wp\/v2\/types\/product"}],"wp:featuredmedia":[{"embeddable":true,"href":"https:\/\/truusk.store\/sv\/wp-json\/wp\/v2\/media\/36828"}],"wp:attachment":[{"href":"https:\/\/truusk.store\/sv\/wp-json\/wp\/v2\/media?parent=36827"}],"wp:term":[{"taxonomy":"product_brand","embeddable":true,"href":"https:\/\/truusk.store\/sv\/wp-json\/wp\/v2\/product_brand?post=36827"},{"taxonomy":"product_cat","embeddable":true,"href":"https:\/\/truusk.store\/sv\/wp-json\/wp\/v2\/product_cat?post=36827"},{"taxonomy":"product_tag","embeddable":true,"href":"https:\/\/truusk.store\/sv\/wp-json\/wp\/v2\/product_tag?post=36827"}],"curies":[{"name":"wp","href":"https:\/\/api.w.org\/{rel}","templated":true}]}}