{"id":36860,"date":"2024-02-14T00:27:49","date_gmt":"2024-02-13T23:27:49","guid":{"rendered":"https:\/\/truusk.store\/product\/pop-up-toaletttalt-mobil-camping-douchetent-omkleedtalt-med-internt-vakuum-douchecabine-kleedcabine-vattentatt-polyester-morkbla-120-x-120-x-190-cm\/"},"modified":"2026-03-12T09:13:06","modified_gmt":"2026-03-12T08:13:06","slug":"truusk-pop-up-toaletttalt-mobil-camping-douchetent-omkleedtalt-internt-vakuum-douchecabine-kleedcabine-vattentatt","status":"publish","type":"product","link":"https:\/\/truusk.store\/sv\/produkt\/truusk-pop-up-toaletttalt-mobil-camping-douchetent-omkleedtalt-internt-vakuum-douchecabine-kleedcabine-vattentatt\/","title":{"rendered":"TRUUSK Pop-up Toalettt\u00e4lt &#8211; Mobil Camping Douchetent &#8211; Omkleedt\u00e4lt &#8211; Internt Vakuum &#8211; Douchecabine &#8211; Kleedcabine &#8211; Vattent\u00e4tt &#8211;"},"content":{"rendered":"<p>V\u00e5rt pop-up toalettt\u00e4lt \u00e4r perfekt f\u00f6r resor eller p\u00e5 spr\u00e5ng. Anv\u00e4nd den som duschkabin, insynsskydd eller omkl\u00e4dningsrum. De integrerade fickorna ger extra utrymme f\u00f6r badredskap eller personliga f\u00f6rem\u00e5l. Den medf\u00f6ljande b\u00e4rv\u00e4skan m\u00f6jligg\u00f6r enkel transport. Entr\u00e9n med dragkedja skyddar dig fr\u00e5n o\u00f6nskade blickar.<\/p>\n<h3>Beskrivning:<\/h3>\n<ul>\n<li>Idealisk f\u00f6r offentliga platser som parker, pooler, str\u00e4nder, etc.<\/li>\n<li>Popup-design f\u00f6r snabb installation<\/li>\n<li>N\u00e4tf\u00f6nster i taket ger god luftcirkulation<\/li>\n<li>Vattent\u00e5lig och UV-skyddad<\/li>\n<li>L\u00e4tt och robust st\u00e5lram f\u00f6r h\u00f6g stabilitet<\/li>\n<li>D\u00f6rr med dragkedja<\/li>\n<li>Inkluderar b\u00e4rv\u00e4ska f\u00f6r enkel transport<\/li>\n<li>Kompakt och stilren design<\/li>\n<\/ul>\n<h3>Teknisk data:<\/h3>\n<ul>\n<li>Material: Polyester, Oxford, Metall<\/li>\n<li>M\u00e5tt: 120L x 120W x 190H cm<\/li>\n<li>M\u00e5tt (vikt): 58L x 58W x 3H cm<\/li>\n<li>m\u00f6rkbl\u00e5<\/li>\n<\/ul>\n<h3>Leveransens omfattning:<\/h3>\n<ul>\n<li>1 x Duscht\u00e4lt<\/li>\n<li>4 x pinnar<\/li>\n<li>4 x Guy Ropes<\/li>\n<li>1 x Monteringsanvisning<\/li>\n<\/ul>\n","protected":false},"excerpt":{"rendered":"<p>V\u00e5rt pop-up toalettt\u00e4lt \u00e4r perfekt f\u00f6r resor eller p\u00e5 spr\u00e5ng. Anv\u00e4nd den som duschkabin, insynsskydd eller omkl\u00e4dningsrum. De integrerade fickorna&#8230;<\/p>\n","protected":false},"featured_media":36861,"template":"","meta":[],"product_brand":[],"product_cat":[648,727,647,650],"product_tag":[],"class_list":{"0":"post-36860","1":"product","2":"type-product","3":"status-publish","4":"has-post-thumbnail","6":"product_cat-camping-tillbehor","7":"product_cat-dusch-toalett-talt","8":"product_cat-sport-fritid","9":"product_cat-talt","11":"first","12":"instock","13":"sale","14":"taxable","15":"shipping-taxable","16":"purchasable","17":"product-type-simple"},"yoast_head":"<!-- This site is optimized with the Yoast SEO plugin v25.4 - https:\/\/yoast.com\/wordpress\/plugins\/seo\/ -->\n<title>TRUUSK Pop-up Toalettt\u00e4lt - Mobil Camping Douchetent - Omkleedt\u00e4lt - Internt Vakuum - Douchecabine - Kleedcabine - Vattent\u00e4tt - TRUUSK - Hem, Tr\u00e4dg\u00e5rd &amp; Fritid<\/title>\n<meta name=\"robots\" content=\"index, follow, max-snippet:-1, max-image-preview:large, max-video-preview:-1\" \/>\n<link rel=\"canonical\" href=\"https:\/\/truusk.store\/sv\/produkt\/truusk-pop-up-toaletttalt-mobil-camping-douchetent-omkleedtalt-internt-vakuum-douchecabine-kleedcabine-vattentatt\/\" \/>\n<meta property=\"og:locale\" content=\"sv_SE\" \/>\n<meta property=\"og:type\" content=\"article\" \/>\n<meta property=\"og:title\" content=\"TRUUSK Pop-up Toalettt\u00e4lt - Mobil Camping Douchetent - Omkleedt\u00e4lt - Internt Vakuum - Douchecabine - Kleedcabine - Vattent\u00e4tt - TRUUSK - Hem, Tr\u00e4dg\u00e5rd &amp; Fritid\" \/>\n<meta property=\"og:description\" content=\"V\u00e5rt pop-up toalettt\u00e4lt \u00e4r perfekt f\u00f6r resor eller p\u00e5 spr\u00e5ng. Anv\u00e4nd den som duschkabin, insynsskydd eller omkl\u00e4dningsrum. De integrerade fickorna...\" \/>\n<meta property=\"og:url\" content=\"https:\/\/truusk.store\/sv\/produkt\/truusk-pop-up-toaletttalt-mobil-camping-douchetent-omkleedtalt-internt-vakuum-douchecabine-kleedcabine-vattentatt\/\" \/>\n<meta property=\"og:site_name\" content=\"TRUUSK - Hem, Tr\u00e4dg\u00e5rd &amp; Fritid\" \/>\n<meta property=\"article:modified_time\" content=\"2026-03-12T08:13:06+00:00\" \/>\n<meta property=\"og:image\" content=\"https:\/\/i0.wp.com\/truusk.se\/wp-content\/uploads\/2024\/02\/pop-up-toaletttalt-mobil-camping-douchetent-omkleedtalt-med-internt-vakuum-douchecabine-kleedcabine-vattentatt-polyester-morkbla-120-x-120-x-190-cm.webp?fit=800%2C800&ssl=1\" \/>\n\t<meta property=\"og:image:width\" content=\"800\" \/>\n\t<meta property=\"og:image:height\" content=\"800\" \/>\n\t<meta property=\"og:image:type\" content=\"image\/webp\" \/>\n<meta name=\"twitter:card\" content=\"summary_large_image\" \/>\n<meta name=\"twitter:label1\" content=\"Ber\u00e4knad l\u00e4stid\" \/>\n\t<meta name=\"twitter:data1\" content=\"1 minut\" \/>\n<!-- \/ Yoast SEO plugin. -->","yoast_head_json":{"title":"TRUUSK Pop-up Toalettt\u00e4lt - Mobil Camping Douchetent - Omkleedt\u00e4lt - Internt Vakuum - Douchecabine - Kleedcabine - Vattent\u00e4tt - TRUUSK - Hem, Tr\u00e4dg\u00e5rd &amp; Fritid","robots":{"index":"index","follow":"follow","max-snippet":"max-snippet:-1","max-image-preview":"max-image-preview:large","max-video-preview":"max-video-preview:-1"},"canonical":"https:\/\/truusk.store\/sv\/produkt\/truusk-pop-up-toaletttalt-mobil-camping-douchetent-omkleedtalt-internt-vakuum-douchecabine-kleedcabine-vattentatt\/","og_locale":"sv_SE","og_type":"article","og_title":"TRUUSK Pop-up Toalettt\u00e4lt - Mobil Camping Douchetent - Omkleedt\u00e4lt - Internt Vakuum - Douchecabine - Kleedcabine - Vattent\u00e4tt - TRUUSK - Hem, Tr\u00e4dg\u00e5rd &amp; Fritid","og_description":"V\u00e5rt pop-up toalettt\u00e4lt \u00e4r perfekt f\u00f6r resor eller p\u00e5 spr\u00e5ng. Anv\u00e4nd den som duschkabin, insynsskydd eller omkl\u00e4dningsrum. De integrerade fickorna...","og_url":"https:\/\/truusk.store\/sv\/produkt\/truusk-pop-up-toaletttalt-mobil-camping-douchetent-omkleedtalt-internt-vakuum-douchecabine-kleedcabine-vattentatt\/","og_site_name":"TRUUSK - Hem, Tr\u00e4dg\u00e5rd &amp; Fritid","article_modified_time":"2026-03-12T08:13:06+00:00","og_image":[{"width":800,"height":800,"url":"https:\/\/i0.wp.com\/truusk.se\/wp-content\/uploads\/2024\/02\/pop-up-toaletttalt-mobil-camping-douchetent-omkleedtalt-med-internt-vakuum-douchecabine-kleedcabine-vattentatt-polyester-morkbla-120-x-120-x-190-cm.webp?fit=800%2C800&ssl=1","type":"image\/webp"}],"twitter_card":"summary_large_image","twitter_misc":{"Ber\u00e4knad l\u00e4stid":"1 minut"},"schema":{"@context":"https:\/\/schema.org","@graph":[{"@type":"WebPage","@id":"https:\/\/truusk.store\/sv\/produkt\/truusk-pop-up-toaletttalt-mobil-camping-douchetent-omkleedtalt-internt-vakuum-douchecabine-kleedcabine-vattentatt\/","url":"https:\/\/truusk.store\/sv\/produkt\/truusk-pop-up-toaletttalt-mobil-camping-douchetent-omkleedtalt-internt-vakuum-douchecabine-kleedcabine-vattentatt\/","name":"TRUUSK Pop-up Toalettt\u00e4lt - Mobil Camping Douchetent - Omkleedt\u00e4lt - Internt Vakuum - Douchecabine - Kleedcabine - Vattent\u00e4tt - TRUUSK - Hem, Tr\u00e4dg\u00e5rd &amp; Fritid","isPartOf":{"@id":"https:\/\/truusk.store\/sv\/#website"},"primaryImageOfPage":{"@id":"https:\/\/truusk.store\/sv\/produkt\/truusk-pop-up-toaletttalt-mobil-camping-douchetent-omkleedtalt-internt-vakuum-douchecabine-kleedcabine-vattentatt\/#primaryimage"},"image":{"@id":"https:\/\/truusk.store\/sv\/produkt\/truusk-pop-up-toaletttalt-mobil-camping-douchetent-omkleedtalt-internt-vakuum-douchecabine-kleedcabine-vattentatt\/#primaryimage"},"thumbnailUrl":"https:\/\/i0.wp.com\/truusk.store\/wp-content\/uploads\/2024\/02\/pop-up-toaletttalt-mobil-camping-douchetent-omkleedtalt-med-internt-vakuum-douchecabine-kleedcabine-vattentatt-polyester-morkbla-120-x-120-x-190-cm.webp?fit=800%2C800&ssl=1","datePublished":"2024-02-13T23:27:49+00:00","dateModified":"2026-03-12T08:13:06+00:00","breadcrumb":{"@id":"https:\/\/truusk.store\/sv\/produkt\/truusk-pop-up-toaletttalt-mobil-camping-douchetent-omkleedtalt-internt-vakuum-douchecabine-kleedcabine-vattentatt\/#breadcrumb"},"inLanguage":"sv-SE","potentialAction":[{"@type":"ReadAction","target":["https:\/\/truusk.store\/sv\/produkt\/truusk-pop-up-toaletttalt-mobil-camping-douchetent-omkleedtalt-internt-vakuum-douchecabine-kleedcabine-vattentatt\/"]}]},{"@type":"ImageObject","inLanguage":"sv-SE","@id":"https:\/\/truusk.store\/sv\/produkt\/truusk-pop-up-toaletttalt-mobil-camping-douchetent-omkleedtalt-internt-vakuum-douchecabine-kleedcabine-vattentatt\/#primaryimage","url":"https:\/\/i0.wp.com\/truusk.store\/wp-content\/uploads\/2024\/02\/pop-up-toaletttalt-mobil-camping-douchetent-omkleedtalt-med-internt-vakuum-douchecabine-kleedcabine-vattentatt-polyester-morkbla-120-x-120-x-190-cm.webp?fit=800%2C800&ssl=1","contentUrl":"https:\/\/i0.wp.com\/truusk.store\/wp-content\/uploads\/2024\/02\/pop-up-toaletttalt-mobil-camping-douchetent-omkleedtalt-med-internt-vakuum-douchecabine-kleedcabine-vattentatt-polyester-morkbla-120-x-120-x-190-cm.webp?fit=800%2C800&ssl=1","width":800,"height":800,"caption":"Pop-up Toalettt\u00e4lt, Mobil Camping Douchetent, Omkleedt\u00e4lt Med Internt Vakuum, Douchecabine, Kleedcabine, Vattent\u00e4tt, Polyester, M\u00f6rkbl\u00e5, 120 X 120 X 190 Cm 1"},{"@type":"BreadcrumbList","@id":"https:\/\/truusk.store\/sv\/produkt\/truusk-pop-up-toaletttalt-mobil-camping-douchetent-omkleedtalt-internt-vakuum-douchecabine-kleedcabine-vattentatt\/#breadcrumb","itemListElement":[{"@type":"ListItem","position":1,"name":"Home","item":"https:\/\/truusk.store\/sv\/"},{"@type":"ListItem","position":2,"name":"Shop","item":"https:\/\/truusk.store\/shop\/"},{"@type":"ListItem","position":3,"name":"TRUUSK Pop-up Toalettt\u00e4lt &#8211; Mobil Camping Douchetent &#8211; Omkleedt\u00e4lt &#8211; Internt Vakuum &#8211; Douchecabine &#8211; Kleedcabine &#8211; Vattent\u00e4tt &#8211;"}]},{"@type":"WebSite","@id":"https:\/\/truusk.store\/sv\/#website","url":"https:\/\/truusk.store\/sv\/","name":"TRUUSK - Hem, Tr\u00e4dg\u00e5rd & Fritid","description":"","publisher":{"@id":"https:\/\/truusk.store\/sv\/#organization"},"potentialAction":[{"@type":"SearchAction","target":{"@type":"EntryPoint","urlTemplate":"https:\/\/truusk.store\/sv\/?s={search_term_string}"},"query-input":{"@type":"PropertyValueSpecification","valueRequired":true,"valueName":"search_term_string"}}],"inLanguage":"sv-SE"},{"@type":"Organization","@id":"https:\/\/truusk.store\/sv\/#organization","name":"TRUUSK - Hem, Tr\u00e4dg\u00e5rd & Fritid","url":"https:\/\/truusk.store\/sv\/","logo":{"@type":"ImageObject","inLanguage":"sv-SE","@id":"https:\/\/truusk.store\/sv\/#\/schema\/logo\/image\/","url":"https:\/\/i0.wp.com\/truusk.store\/wp-content\/uploads\/2026\/03\/cropped-TRUUSK.png?fit=2032%2C917&ssl=1","contentUrl":"https:\/\/i0.wp.com\/truusk.store\/wp-content\/uploads\/2026\/03\/cropped-TRUUSK.png?fit=2032%2C917&ssl=1","width":2032,"height":917,"caption":"TRUUSK - Hem, Tr\u00e4dg\u00e5rd & Fritid"},"image":{"@id":"https:\/\/truusk.store\/sv\/#\/schema\/logo\/image\/"}}]}},"jetpack_sharing_enabled":true,"_links":{"self":[{"href":"https:\/\/truusk.store\/sv\/wp-json\/wp\/v2\/product\/36860","targetHints":{"allow":["GET"]}}],"collection":[{"href":"https:\/\/truusk.store\/sv\/wp-json\/wp\/v2\/product"}],"about":[{"href":"https:\/\/truusk.store\/sv\/wp-json\/wp\/v2\/types\/product"}],"wp:featuredmedia":[{"embeddable":true,"href":"https:\/\/truusk.store\/sv\/wp-json\/wp\/v2\/media\/36861"}],"wp:attachment":[{"href":"https:\/\/truusk.store\/sv\/wp-json\/wp\/v2\/media?parent=36860"}],"wp:term":[{"taxonomy":"product_brand","embeddable":true,"href":"https:\/\/truusk.store\/sv\/wp-json\/wp\/v2\/product_brand?post=36860"},{"taxonomy":"product_cat","embeddable":true,"href":"https:\/\/truusk.store\/sv\/wp-json\/wp\/v2\/product_cat?post=36860"},{"taxonomy":"product_tag","embeddable":true,"href":"https:\/\/truusk.store\/sv\/wp-json\/wp\/v2\/product_tag?post=36860"}],"curies":[{"name":"wp","href":"https:\/\/api.w.org\/{rel}","templated":true}]}}