{"id":36937,"date":"2024-02-14T00:30:16","date_gmt":"2024-02-13T23:30:16","guid":{"rendered":"https:\/\/truusk.store\/product\/2-x-2-m-parasoll-halvrunda-parasoll-balkongparasoll-med-hallare-vattenavvisande-for-uteplatser-tradgardar-100-polyester-morkgra\/"},"modified":"2026-03-12T09:13:09","modified_gmt":"2026-03-12T08:13:09","slug":"truusk-2x2m-halvrunt-parasoll-med-hallare-vattenavvisande-100-polyester-morkgra","status":"publish","type":"product","link":"https:\/\/truusk.store\/sv\/produkt\/truusk-2x2m-halvrunt-parasoll-med-hallare-vattenavvisande-100-polyester-morkgra\/","title":{"rendered":"TRUUSK 2x2m Halvrunt Parasoll &#8211; Med H\u00e5llare &#8211; Vattenavvisande &#8211; 100% Polyester &#8211; M\u00f6rkgr\u00e5"},"content":{"rendered":"<p>Detta originalparasoll \u00e4r idealiskt f\u00f6r tr\u00e4dg\u00e5rdar och terrasser med begr\u00e4nsat utrymme. Detta paraply \u00e4r imponerande eftersom det kan placeras n\u00e4ra platta v\u00e4ggar utan att skapa luckor. Det robusta paraplymaterialet skyddar dig fr\u00e5n direkt solljus och ger gott om skugga. Utrustat med en praktisk ventilations\u00f6ppning \u00e4r balkongparasollet stabilt och s\u00e4kert \u00e4ven i bl\u00e5siga f\u00f6rh\u00e5llanden.<\/p>\n<h3>Beskrivning:<\/h3>\n<ul>\n<li>Modernt parasoll med unik design<\/li>\n<li>Placera den mot en v\u00e4gg eller annan st\u00f6djande yta f\u00f6r att f\u00f6rhindra att den v\u00e4lter<\/li>\n<li>Praktisk handvev m\u00f6jligg\u00f6r enkel \u00f6ppning och st\u00e4ngning<\/li>\n<li>St\u00e5lmast kan skruvas av p\u00e5 mitten och f\u00f6rvaras f\u00f6r att spara utrymme<\/li>\n<li>Stort paraplyomr\u00e5de ger gott om skydd mot solen och praktiska ventilations\u00f6ppningar f\u00f6rhindrar att den v\u00e4lter i bl\u00e5sigt v\u00e4der<\/li>\n<li>Sju metallstag s\u00e4kerst\u00e4ller st\u00f6rre stabilitet f\u00f6r paraplyet<\/li>\n<li>Levereras med stativ, men vikter ing\u00e5r ej<\/li>\n<li>Montering kr\u00e4vs<\/li>\n<\/ul>\n<h3>Teknisk data:<\/h3>\n<ul>\n<li>F\u00e4rg: M\u00f6rkgr\u00e5<\/li>\n<li>Material: polyester, st\u00e5l<\/li>\n<li>Totala m\u00e5tt: 1,9L x 2W x 2,4H m<\/li>\n<li>M\u00e5tt p\u00e5 stativet: 80L x 36W x 8,5H cm<\/li>\n<li>OBS 1: Ett stativ ing\u00e5r, ytterligare vikter kr\u00e4vs men ING\u00c5R INTE<\/li>\n<li>NOTERA 2: Rekommenderas inte f\u00f6r anv\u00e4ndning i kraftigt regn eller andra sv\u00e5ra v\u00e4derf\u00f6rh\u00e5llanden<\/li>\n<\/ul>\n<h3>Leveransens omfattning:<\/h3>\n<ul>\n<li>1 x halvparasoll<\/li>\n<li>1 x bruksanvisning<\/li>\n<\/ul>\n","protected":false},"excerpt":{"rendered":"<p>Detta originalparasoll \u00e4r idealiskt f\u00f6r tr\u00e4dg\u00e5rdar och terrasser med begr\u00e4nsat utrymme. Detta paraply \u00e4r imponerande eftersom det kan placeras n\u00e4ra&#8230;<\/p>\n","protected":false},"featured_media":36938,"template":"","meta":[],"product_brand":[],"product_cat":[472,471,435],"product_tag":[],"class_list":{"0":"post-36937","1":"product","2":"type-product","3":"status-publish","4":"has-post-thumbnail","6":"product_cat-parasoller","7":"product_cat-solskydd-integritetsskydd","8":"product_cat-tradgard-och-terrass","10":"first","11":"instock","12":"sale","13":"taxable","14":"shipping-taxable","15":"purchasable","16":"product-type-simple"},"yoast_head":"<!-- This site is optimized with the Yoast SEO plugin v25.4 - https:\/\/yoast.com\/wordpress\/plugins\/seo\/ -->\n<title>TRUUSK 2x2m Halvrunt Parasoll - Med H\u00e5llare - Vattenavvisande - 100% Polyester - M\u00f6rkgr\u00e5 - TRUUSK - Hem, Tr\u00e4dg\u00e5rd &amp; Fritid<\/title>\n<meta name=\"robots\" content=\"index, follow, max-snippet:-1, max-image-preview:large, max-video-preview:-1\" \/>\n<link rel=\"canonical\" href=\"https:\/\/truusk.store\/sv\/produkt\/truusk-2x2m-halvrunt-parasoll-med-hallare-vattenavvisande-100-polyester-morkgra\/\" \/>\n<meta property=\"og:locale\" content=\"sv_SE\" \/>\n<meta property=\"og:type\" content=\"article\" \/>\n<meta property=\"og:title\" content=\"TRUUSK 2x2m Halvrunt Parasoll - Med H\u00e5llare - Vattenavvisande - 100% Polyester - M\u00f6rkgr\u00e5 - TRUUSK - Hem, Tr\u00e4dg\u00e5rd &amp; Fritid\" \/>\n<meta property=\"og:description\" content=\"Detta originalparasoll \u00e4r idealiskt f\u00f6r tr\u00e4dg\u00e5rdar och terrasser med begr\u00e4nsat utrymme. Detta paraply \u00e4r imponerande eftersom det kan placeras n\u00e4ra...\" \/>\n<meta property=\"og:url\" content=\"https:\/\/truusk.store\/sv\/produkt\/truusk-2x2m-halvrunt-parasoll-med-hallare-vattenavvisande-100-polyester-morkgra\/\" \/>\n<meta property=\"og:site_name\" content=\"TRUUSK - Hem, Tr\u00e4dg\u00e5rd &amp; Fritid\" \/>\n<meta property=\"article:modified_time\" content=\"2026-03-12T08:13:09+00:00\" \/>\n<meta property=\"og:image\" content=\"https:\/\/i0.wp.com\/truusk.se\/wp-content\/uploads\/2024\/02\/2-x-2-m-parasoll-halvrunda-parasoll-balkongparasoll-med-hallare-vattenavvisande-for-uteplatser-tradgardar-100-polyester-morkgra.webp?fit=800%2C800&ssl=1\" \/>\n\t<meta property=\"og:image:width\" content=\"800\" \/>\n\t<meta property=\"og:image:height\" content=\"800\" \/>\n\t<meta property=\"og:image:type\" content=\"image\/webp\" \/>\n<meta name=\"twitter:card\" content=\"summary_large_image\" \/>\n<meta name=\"twitter:label1\" content=\"Ber\u00e4knad l\u00e4stid\" \/>\n\t<meta name=\"twitter:data1\" content=\"1 minut\" \/>\n<!-- \/ Yoast SEO plugin. -->","yoast_head_json":{"title":"TRUUSK 2x2m Halvrunt Parasoll - Med H\u00e5llare - Vattenavvisande - 100% Polyester - M\u00f6rkgr\u00e5 - TRUUSK - Hem, Tr\u00e4dg\u00e5rd &amp; Fritid","robots":{"index":"index","follow":"follow","max-snippet":"max-snippet:-1","max-image-preview":"max-image-preview:large","max-video-preview":"max-video-preview:-1"},"canonical":"https:\/\/truusk.store\/sv\/produkt\/truusk-2x2m-halvrunt-parasoll-med-hallare-vattenavvisande-100-polyester-morkgra\/","og_locale":"sv_SE","og_type":"article","og_title":"TRUUSK 2x2m Halvrunt Parasoll - Med H\u00e5llare - Vattenavvisande - 100% Polyester - M\u00f6rkgr\u00e5 - TRUUSK - Hem, Tr\u00e4dg\u00e5rd &amp; Fritid","og_description":"Detta originalparasoll \u00e4r idealiskt f\u00f6r tr\u00e4dg\u00e5rdar och terrasser med begr\u00e4nsat utrymme. Detta paraply \u00e4r imponerande eftersom det kan placeras n\u00e4ra...","og_url":"https:\/\/truusk.store\/sv\/produkt\/truusk-2x2m-halvrunt-parasoll-med-hallare-vattenavvisande-100-polyester-morkgra\/","og_site_name":"TRUUSK - Hem, Tr\u00e4dg\u00e5rd &amp; Fritid","article_modified_time":"2026-03-12T08:13:09+00:00","og_image":[{"width":800,"height":800,"url":"https:\/\/i0.wp.com\/truusk.se\/wp-content\/uploads\/2024\/02\/2-x-2-m-parasoll-halvrunda-parasoll-balkongparasoll-med-hallare-vattenavvisande-for-uteplatser-tradgardar-100-polyester-morkgra.webp?fit=800%2C800&ssl=1","type":"image\/webp"}],"twitter_card":"summary_large_image","twitter_misc":{"Ber\u00e4knad l\u00e4stid":"1 minut"},"schema":{"@context":"https:\/\/schema.org","@graph":[{"@type":"WebPage","@id":"https:\/\/truusk.store\/sv\/produkt\/truusk-2x2m-halvrunt-parasoll-med-hallare-vattenavvisande-100-polyester-morkgra\/","url":"https:\/\/truusk.store\/sv\/produkt\/truusk-2x2m-halvrunt-parasoll-med-hallare-vattenavvisande-100-polyester-morkgra\/","name":"TRUUSK 2x2m Halvrunt Parasoll - Med H\u00e5llare - Vattenavvisande - 100% Polyester - M\u00f6rkgr\u00e5 - TRUUSK - Hem, Tr\u00e4dg\u00e5rd &amp; Fritid","isPartOf":{"@id":"https:\/\/truusk.store\/sv\/#website"},"primaryImageOfPage":{"@id":"https:\/\/truusk.store\/sv\/produkt\/truusk-2x2m-halvrunt-parasoll-med-hallare-vattenavvisande-100-polyester-morkgra\/#primaryimage"},"image":{"@id":"https:\/\/truusk.store\/sv\/produkt\/truusk-2x2m-halvrunt-parasoll-med-hallare-vattenavvisande-100-polyester-morkgra\/#primaryimage"},"thumbnailUrl":"https:\/\/i0.wp.com\/truusk.store\/wp-content\/uploads\/2024\/02\/2-x-2-m-parasoll-halvrunda-parasoll-balkongparasoll-med-hallare-vattenavvisande-for-uteplatser-tradgardar-100-polyester-morkgra.webp?fit=800%2C800&ssl=1","datePublished":"2024-02-13T23:30:16+00:00","dateModified":"2026-03-12T08:13:09+00:00","breadcrumb":{"@id":"https:\/\/truusk.store\/sv\/produkt\/truusk-2x2m-halvrunt-parasoll-med-hallare-vattenavvisande-100-polyester-morkgra\/#breadcrumb"},"inLanguage":"sv-SE","potentialAction":[{"@type":"ReadAction","target":["https:\/\/truusk.store\/sv\/produkt\/truusk-2x2m-halvrunt-parasoll-med-hallare-vattenavvisande-100-polyester-morkgra\/"]}]},{"@type":"ImageObject","inLanguage":"sv-SE","@id":"https:\/\/truusk.store\/sv\/produkt\/truusk-2x2m-halvrunt-parasoll-med-hallare-vattenavvisande-100-polyester-morkgra\/#primaryimage","url":"https:\/\/i0.wp.com\/truusk.store\/wp-content\/uploads\/2024\/02\/2-x-2-m-parasoll-halvrunda-parasoll-balkongparasoll-med-hallare-vattenavvisande-for-uteplatser-tradgardar-100-polyester-morkgra.webp?fit=800%2C800&ssl=1","contentUrl":"https:\/\/i0.wp.com\/truusk.store\/wp-content\/uploads\/2024\/02\/2-x-2-m-parasoll-halvrunda-parasoll-balkongparasoll-med-hallare-vattenavvisande-for-uteplatser-tradgardar-100-polyester-morkgra.webp?fit=800%2C800&ssl=1","width":800,"height":800,"caption":"2 X 2 M Parasoll Halvrunda Parasoll Balkongparasoll Med H\u00e5llare Vattenavvisande F\u00f6r Uteplatser Tr\u00e4dg\u00e5rdar 100% Polyester M\u00f6rkgr\u00e5 1"},{"@type":"BreadcrumbList","@id":"https:\/\/truusk.store\/sv\/produkt\/truusk-2x2m-halvrunt-parasoll-med-hallare-vattenavvisande-100-polyester-morkgra\/#breadcrumb","itemListElement":[{"@type":"ListItem","position":1,"name":"Home","item":"https:\/\/truusk.store\/sv\/"},{"@type":"ListItem","position":2,"name":"Shop","item":"https:\/\/truusk.store\/shop\/"},{"@type":"ListItem","position":3,"name":"TRUUSK 2x2m Halvrunt Parasoll &#8211; Med H\u00e5llare &#8211; Vattenavvisande &#8211; 100% Polyester &#8211; M\u00f6rkgr\u00e5"}]},{"@type":"WebSite","@id":"https:\/\/truusk.store\/sv\/#website","url":"https:\/\/truusk.store\/sv\/","name":"TRUUSK - Hem, Tr\u00e4dg\u00e5rd & Fritid","description":"","publisher":{"@id":"https:\/\/truusk.store\/sv\/#organization"},"potentialAction":[{"@type":"SearchAction","target":{"@type":"EntryPoint","urlTemplate":"https:\/\/truusk.store\/sv\/?s={search_term_string}"},"query-input":{"@type":"PropertyValueSpecification","valueRequired":true,"valueName":"search_term_string"}}],"inLanguage":"sv-SE"},{"@type":"Organization","@id":"https:\/\/truusk.store\/sv\/#organization","name":"TRUUSK - Hem, Tr\u00e4dg\u00e5rd & Fritid","url":"https:\/\/truusk.store\/sv\/","logo":{"@type":"ImageObject","inLanguage":"sv-SE","@id":"https:\/\/truusk.store\/sv\/#\/schema\/logo\/image\/","url":"https:\/\/i0.wp.com\/truusk.store\/wp-content\/uploads\/2026\/03\/cropped-TRUUSK.png?fit=2032%2C917&ssl=1","contentUrl":"https:\/\/i0.wp.com\/truusk.store\/wp-content\/uploads\/2026\/03\/cropped-TRUUSK.png?fit=2032%2C917&ssl=1","width":2032,"height":917,"caption":"TRUUSK - Hem, Tr\u00e4dg\u00e5rd & Fritid"},"image":{"@id":"https:\/\/truusk.store\/sv\/#\/schema\/logo\/image\/"}}]}},"jetpack_sharing_enabled":true,"_links":{"self":[{"href":"https:\/\/truusk.store\/sv\/wp-json\/wp\/v2\/product\/36937","targetHints":{"allow":["GET"]}}],"collection":[{"href":"https:\/\/truusk.store\/sv\/wp-json\/wp\/v2\/product"}],"about":[{"href":"https:\/\/truusk.store\/sv\/wp-json\/wp\/v2\/types\/product"}],"wp:featuredmedia":[{"embeddable":true,"href":"https:\/\/truusk.store\/sv\/wp-json\/wp\/v2\/media\/36938"}],"wp:attachment":[{"href":"https:\/\/truusk.store\/sv\/wp-json\/wp\/v2\/media?parent=36937"}],"wp:term":[{"taxonomy":"product_brand","embeddable":true,"href":"https:\/\/truusk.store\/sv\/wp-json\/wp\/v2\/product_brand?post=36937"},{"taxonomy":"product_cat","embeddable":true,"href":"https:\/\/truusk.store\/sv\/wp-json\/wp\/v2\/product_cat?post=36937"},{"taxonomy":"product_tag","embeddable":true,"href":"https:\/\/truusk.store\/sv\/wp-json\/wp\/v2\/product_tag?post=36937"}],"curies":[{"name":"wp","href":"https:\/\/api.w.org\/{rel}","templated":true}]}}