{"id":36981,"date":"2024-02-14T00:31:57","date_gmt":"2024-02-13T23:31:57","guid":{"rendered":"https:\/\/truusk.store\/product\/utomhusmatta-kan-anvandas-pa-bada-sidor-slitstark-kant-for-att-forhindra-fransning-svartvit-152-x-243-cm\/"},"modified":"2026-03-12T09:13:10","modified_gmt":"2026-03-12T08:13:10","slug":"truusk-utomhusmatta-dubbelsidig-anvandning-slitstark-kant-forhindrar-fransning-svartvit-152x243-cm","status":"publish","type":"product","link":"https:\/\/truusk.store\/sv\/produkt\/truusk-utomhusmatta-dubbelsidig-anvandning-slitstark-kant-forhindrar-fransning-svartvit-152x243-cm\/","title":{"rendered":"TRUUSK Utomhusmatta &#8211; Dubbelsidig Anv\u00e4ndning &#8211; Slitstark &#8211; Kant F\u00f6rhindrar Fransning &#8211; Svart+Vit &#8211; 152&#215;243 cm"},"content":{"rendered":"<p>Den vikbara utomhusmattan \u00e4r speciellt designad f\u00f6r utomhusbruk, s\u00e5som camping, picknick, roadtrips etc. Den \u00e4r l\u00e4mplig f\u00f6r husbilar, husvagnar, stranden, paviljonger, uteplatser, lekrum och var du \u00e4n beh\u00f6ver den. Det t\u00e5liga materialet \u00e4r vatten- och UV-best\u00e4ndigt, bleknar inte och skyddar mot markfuktighet. N\u00e4r du har f\u00e5tt nog av det kan du helt enkelt v\u00e4nda p\u00e5 det f\u00f6r att avsl\u00f6ja ett annat m\u00f6nster.<\/p>\n<h3>Beskrivning:<\/h3>\n<ul>\n<li>L\u00e4mplig f\u00f6r camping, picknick, husbilsresor, etc.<\/li>\n<li>F\u00e4llbar f\u00f6r platsbesparande f\u00f6rvaring och transport<\/li>\n<li>V\u00e4ndbar anv\u00e4ndning: olika m\u00f6nster p\u00e5 varje sida<\/li>\n<li>Slitstark kant f\u00f6r att f\u00f6rhindra fransning<\/li>\n<\/ul>\n<h3>Teknisk data:<\/h3>\n<ul>\n<li>F\u00e4rg: Svart+Vit<\/li>\n<li>Material: 310g\/m PP<\/li>\n<li>\u00d6vergripande m\u00e5tt: 152L x 243W x 0,3H cm<\/li>\n<li>OBS: Denna produkt \u00e4r inte brands\u00e4ker, h\u00e5ll den borta fr\u00e5n eld.<\/li>\n<\/ul>\n<h3>Leveransens omfattning:<\/h3>\n<ul>\n<li>1 x Utomhusmatta;<\/li>\n<\/ul>\n","protected":false},"excerpt":{"rendered":"<p>Den vikbara utomhusmattan \u00e4r speciellt designad f\u00f6r utomhusbruk, s\u00e5som camping, picknick, roadtrips etc. Den \u00e4r l\u00e4mplig f\u00f6r husbilar, husvagnar, stranden,&#8230;<\/p>\n","protected":false},"featured_media":36982,"template":"","meta":[],"product_brand":[],"product_cat":[485,566],"product_tag":[],"class_list":{"0":"post-36981","1":"product","2":"type-product","3":"status-publish","4":"has-post-thumbnail","6":"product_cat-hus-bo","7":"product_cat-mattor","9":"first","10":"instock","11":"sale","12":"taxable","13":"shipping-taxable","14":"purchasable","15":"product-type-simple"},"yoast_head":"<!-- This site is optimized with the Yoast SEO plugin v25.4 - https:\/\/yoast.com\/wordpress\/plugins\/seo\/ -->\n<title>TRUUSK Utomhusmatta - Dubbelsidig Anv\u00e4ndning - Slitstark - Kant F\u00f6rhindrar Fransning - Svart+Vit - 152x243 cm - TRUUSK - Hem, Tr\u00e4dg\u00e5rd &amp; Fritid<\/title>\n<meta name=\"robots\" content=\"index, follow, max-snippet:-1, max-image-preview:large, max-video-preview:-1\" \/>\n<link rel=\"canonical\" href=\"https:\/\/truusk.store\/sv\/produkt\/truusk-utomhusmatta-dubbelsidig-anvandning-slitstark-kant-forhindrar-fransning-svartvit-152x243-cm\/\" \/>\n<meta property=\"og:locale\" content=\"sv_SE\" \/>\n<meta property=\"og:type\" content=\"article\" \/>\n<meta property=\"og:title\" content=\"TRUUSK Utomhusmatta - Dubbelsidig Anv\u00e4ndning - Slitstark - Kant F\u00f6rhindrar Fransning - Svart+Vit - 152x243 cm - TRUUSK - Hem, Tr\u00e4dg\u00e5rd &amp; Fritid\" \/>\n<meta property=\"og:description\" content=\"Den vikbara utomhusmattan \u00e4r speciellt designad f\u00f6r utomhusbruk, s\u00e5som camping, picknick, roadtrips etc. Den \u00e4r l\u00e4mplig f\u00f6r husbilar, husvagnar, stranden,...\" \/>\n<meta property=\"og:url\" content=\"https:\/\/truusk.store\/sv\/produkt\/truusk-utomhusmatta-dubbelsidig-anvandning-slitstark-kant-forhindrar-fransning-svartvit-152x243-cm\/\" \/>\n<meta property=\"og:site_name\" content=\"TRUUSK - Hem, Tr\u00e4dg\u00e5rd &amp; Fritid\" \/>\n<meta property=\"article:modified_time\" content=\"2026-03-12T08:13:10+00:00\" \/>\n<meta property=\"og:image\" content=\"https:\/\/i0.wp.com\/truusk.se\/wp-content\/uploads\/2024\/02\/utomhusmatta-kan-anvandas-pa-bada-sidor-slitstark-kant-for-att-forhindra-fransning-svartvit-152-x-243-cm.webp?fit=800%2C800&ssl=1\" \/>\n\t<meta property=\"og:image:width\" content=\"800\" \/>\n\t<meta property=\"og:image:height\" content=\"800\" \/>\n\t<meta property=\"og:image:type\" content=\"image\/webp\" \/>\n<meta name=\"twitter:card\" content=\"summary_large_image\" \/>\n<meta name=\"twitter:label1\" content=\"Ber\u00e4knad l\u00e4stid\" \/>\n\t<meta name=\"twitter:data1\" content=\"1 minut\" \/>\n<!-- \/ Yoast SEO plugin. -->","yoast_head_json":{"title":"TRUUSK Utomhusmatta - Dubbelsidig Anv\u00e4ndning - Slitstark - Kant F\u00f6rhindrar Fransning - Svart+Vit - 152x243 cm - TRUUSK - Hem, Tr\u00e4dg\u00e5rd &amp; Fritid","robots":{"index":"index","follow":"follow","max-snippet":"max-snippet:-1","max-image-preview":"max-image-preview:large","max-video-preview":"max-video-preview:-1"},"canonical":"https:\/\/truusk.store\/sv\/produkt\/truusk-utomhusmatta-dubbelsidig-anvandning-slitstark-kant-forhindrar-fransning-svartvit-152x243-cm\/","og_locale":"sv_SE","og_type":"article","og_title":"TRUUSK Utomhusmatta - Dubbelsidig Anv\u00e4ndning - Slitstark - Kant F\u00f6rhindrar Fransning - Svart+Vit - 152x243 cm - TRUUSK - Hem, Tr\u00e4dg\u00e5rd &amp; Fritid","og_description":"Den vikbara utomhusmattan \u00e4r speciellt designad f\u00f6r utomhusbruk, s\u00e5som camping, picknick, roadtrips etc. Den \u00e4r l\u00e4mplig f\u00f6r husbilar, husvagnar, stranden,...","og_url":"https:\/\/truusk.store\/sv\/produkt\/truusk-utomhusmatta-dubbelsidig-anvandning-slitstark-kant-forhindrar-fransning-svartvit-152x243-cm\/","og_site_name":"TRUUSK - Hem, Tr\u00e4dg\u00e5rd &amp; Fritid","article_modified_time":"2026-03-12T08:13:10+00:00","og_image":[{"width":800,"height":800,"url":"https:\/\/i0.wp.com\/truusk.se\/wp-content\/uploads\/2024\/02\/utomhusmatta-kan-anvandas-pa-bada-sidor-slitstark-kant-for-att-forhindra-fransning-svartvit-152-x-243-cm.webp?fit=800%2C800&ssl=1","type":"image\/webp"}],"twitter_card":"summary_large_image","twitter_misc":{"Ber\u00e4knad l\u00e4stid":"1 minut"},"schema":{"@context":"https:\/\/schema.org","@graph":[{"@type":"WebPage","@id":"https:\/\/truusk.store\/sv\/produkt\/truusk-utomhusmatta-dubbelsidig-anvandning-slitstark-kant-forhindrar-fransning-svartvit-152x243-cm\/","url":"https:\/\/truusk.store\/sv\/produkt\/truusk-utomhusmatta-dubbelsidig-anvandning-slitstark-kant-forhindrar-fransning-svartvit-152x243-cm\/","name":"TRUUSK Utomhusmatta - Dubbelsidig Anv\u00e4ndning - Slitstark - Kant F\u00f6rhindrar Fransning - Svart+Vit - 152x243 cm - TRUUSK - Hem, Tr\u00e4dg\u00e5rd &amp; Fritid","isPartOf":{"@id":"https:\/\/truusk.store\/sv\/#website"},"primaryImageOfPage":{"@id":"https:\/\/truusk.store\/sv\/produkt\/truusk-utomhusmatta-dubbelsidig-anvandning-slitstark-kant-forhindrar-fransning-svartvit-152x243-cm\/#primaryimage"},"image":{"@id":"https:\/\/truusk.store\/sv\/produkt\/truusk-utomhusmatta-dubbelsidig-anvandning-slitstark-kant-forhindrar-fransning-svartvit-152x243-cm\/#primaryimage"},"thumbnailUrl":"https:\/\/i0.wp.com\/truusk.store\/wp-content\/uploads\/2024\/02\/utomhusmatta-kan-anvandas-pa-bada-sidor-slitstark-kant-for-att-forhindra-fransning-svartvit-152-x-243-cm.webp?fit=800%2C800&ssl=1","datePublished":"2024-02-13T23:31:57+00:00","dateModified":"2026-03-12T08:13:10+00:00","breadcrumb":{"@id":"https:\/\/truusk.store\/sv\/produkt\/truusk-utomhusmatta-dubbelsidig-anvandning-slitstark-kant-forhindrar-fransning-svartvit-152x243-cm\/#breadcrumb"},"inLanguage":"sv-SE","potentialAction":[{"@type":"ReadAction","target":["https:\/\/truusk.store\/sv\/produkt\/truusk-utomhusmatta-dubbelsidig-anvandning-slitstark-kant-forhindrar-fransning-svartvit-152x243-cm\/"]}]},{"@type":"ImageObject","inLanguage":"sv-SE","@id":"https:\/\/truusk.store\/sv\/produkt\/truusk-utomhusmatta-dubbelsidig-anvandning-slitstark-kant-forhindrar-fransning-svartvit-152x243-cm\/#primaryimage","url":"https:\/\/i0.wp.com\/truusk.store\/wp-content\/uploads\/2024\/02\/utomhusmatta-kan-anvandas-pa-bada-sidor-slitstark-kant-for-att-forhindra-fransning-svartvit-152-x-243-cm.webp?fit=800%2C800&ssl=1","contentUrl":"https:\/\/i0.wp.com\/truusk.store\/wp-content\/uploads\/2024\/02\/utomhusmatta-kan-anvandas-pa-bada-sidor-slitstark-kant-for-att-forhindra-fransning-svartvit-152-x-243-cm.webp?fit=800%2C800&ssl=1","width":800,"height":800,"caption":"Utomhusmatta, Kan Anv\u00e4ndas P\u00e5 B\u00e5da Sidor, Slitstark, Kant F\u00f6r Att F\u00f6rhindra Fransning, Svart+vit, 152 X 243 Cm 1"},{"@type":"BreadcrumbList","@id":"https:\/\/truusk.store\/sv\/produkt\/truusk-utomhusmatta-dubbelsidig-anvandning-slitstark-kant-forhindrar-fransning-svartvit-152x243-cm\/#breadcrumb","itemListElement":[{"@type":"ListItem","position":1,"name":"Home","item":"https:\/\/truusk.store\/sv\/"},{"@type":"ListItem","position":2,"name":"Shop","item":"https:\/\/truusk.store\/shop\/"},{"@type":"ListItem","position":3,"name":"TRUUSK Utomhusmatta &#8211; Dubbelsidig Anv\u00e4ndning &#8211; Slitstark &#8211; Kant F\u00f6rhindrar Fransning &#8211; Svart+Vit &#8211; 152&#215;243 cm"}]},{"@type":"WebSite","@id":"https:\/\/truusk.store\/sv\/#website","url":"https:\/\/truusk.store\/sv\/","name":"TRUUSK - Hem, Tr\u00e4dg\u00e5rd & Fritid","description":"","publisher":{"@id":"https:\/\/truusk.store\/sv\/#organization"},"potentialAction":[{"@type":"SearchAction","target":{"@type":"EntryPoint","urlTemplate":"https:\/\/truusk.store\/sv\/?s={search_term_string}"},"query-input":{"@type":"PropertyValueSpecification","valueRequired":true,"valueName":"search_term_string"}}],"inLanguage":"sv-SE"},{"@type":"Organization","@id":"https:\/\/truusk.store\/sv\/#organization","name":"TRUUSK - Hem, Tr\u00e4dg\u00e5rd & Fritid","url":"https:\/\/truusk.store\/sv\/","logo":{"@type":"ImageObject","inLanguage":"sv-SE","@id":"https:\/\/truusk.store\/sv\/#\/schema\/logo\/image\/","url":"https:\/\/i0.wp.com\/truusk.store\/wp-content\/uploads\/2026\/03\/cropped-TRUUSK.png?fit=2032%2C917&ssl=1","contentUrl":"https:\/\/i0.wp.com\/truusk.store\/wp-content\/uploads\/2026\/03\/cropped-TRUUSK.png?fit=2032%2C917&ssl=1","width":2032,"height":917,"caption":"TRUUSK - Hem, Tr\u00e4dg\u00e5rd & Fritid"},"image":{"@id":"https:\/\/truusk.store\/sv\/#\/schema\/logo\/image\/"}}]}},"jetpack_sharing_enabled":true,"_links":{"self":[{"href":"https:\/\/truusk.store\/sv\/wp-json\/wp\/v2\/product\/36981","targetHints":{"allow":["GET"]}}],"collection":[{"href":"https:\/\/truusk.store\/sv\/wp-json\/wp\/v2\/product"}],"about":[{"href":"https:\/\/truusk.store\/sv\/wp-json\/wp\/v2\/types\/product"}],"wp:featuredmedia":[{"embeddable":true,"href":"https:\/\/truusk.store\/sv\/wp-json\/wp\/v2\/media\/36982"}],"wp:attachment":[{"href":"https:\/\/truusk.store\/sv\/wp-json\/wp\/v2\/media?parent=36981"}],"wp:term":[{"taxonomy":"product_brand","embeddable":true,"href":"https:\/\/truusk.store\/sv\/wp-json\/wp\/v2\/product_brand?post=36981"},{"taxonomy":"product_cat","embeddable":true,"href":"https:\/\/truusk.store\/sv\/wp-json\/wp\/v2\/product_cat?post=36981"},{"taxonomy":"product_tag","embeddable":true,"href":"https:\/\/truusk.store\/sv\/wp-json\/wp\/v2\/product_tag?post=36981"}],"curies":[{"name":"wp","href":"https:\/\/api.w.org\/{rel}","templated":true}]}}