{"id":37054,"date":"2024-02-14T00:34:07","date_gmt":"2024-02-13T23:34:07","guid":{"rendered":"https:\/\/truusk.store\/product\/taltsang-med-kupoltaktalt-solstol-vaderbestandig-hopfallbar-gra-200-cm-x-86-cm-x-147-cm\/"},"modified":"2026-03-12T09:13:12","modified_gmt":"2026-03-12T08:13:12","slug":"truusk-taltsang-med-kupoltalt-solstol-vaderbestandig-hopfallbar-gra-200-cm-x-86-cm-x-147-cm","status":"publish","type":"product","link":"https:\/\/truusk.store\/sv\/produkt\/truusk-taltsang-med-kupoltalt-solstol-vaderbestandig-hopfallbar-gra-200-cm-x-86-cm-x-147-cm\/","title":{"rendered":"TRUUSK T\u00e4lts\u00e4ng med Kupolt\u00e4lt &#8211; Solstol &#8211; V\u00e4derbest\u00e4ndig &#8211; Hopf\u00e4llbar &#8211; Gr\u00e5 &#8211; 200 cm x 86 cm x 147 cm"},"content":{"rendered":"<p>Denna Felbett \u00e4r ett 3-i-1 campingverktyg. Setet best\u00e5r av en t\u00e4lts\u00e4ng, ett t\u00e4lt och en sj\u00e4lvuppbl\u00e5sande luftmadrass. T\u00e4ltet och t\u00e4lts\u00e4ngen kan anv\u00e4ndas separat eller tillsammans. Tack vare den sj\u00e4lvuppbl\u00e5sande madrassen har du en bekv\u00e4m, skyddad och s\u00e4ker plats att sova p\u00e5 p\u00e5 bara n\u00e5gra minuter. Ett n\u00e4tf\u00f6nster och tv\u00e5 ventilations\u00f6ppningar s\u00e4kerst\u00e4ller god ventilation inuti. Njut av campingkomfort p\u00e5 h\u00f6gsta niv\u00e5 nu.<\/p>\n<h3>Beskrivning:<\/h3>\n<ul>\n<li>Camps\u00e4ng med kupoltak och en sj\u00e4lvuppbl\u00e5sande madrass<\/li>\n<li>B\u00e5de t\u00e4lts\u00e4ngen och t\u00e4ltet kan anv\u00e4ndas separat<\/li>\n<li>Det upph\u00f6jda stativet skyddar dig fr\u00e5n kyla, fukt och insekter<\/li>\n<li>En d\u00f6rr med dragkedja och ett n\u00e4tf\u00f6nster s\u00e4kerst\u00e4ller god ventilation<\/li>\n<li>Inkluderar pinnar och sp\u00e4nnlinor f\u00f6r stabilitet<\/li>\n<li>Integrerade ventilations\u00f6ppningar p\u00e5 sidorna<\/li>\n<li>Inkluderar b\u00e4rv\u00e4ska f\u00f6r enkel transport<\/li>\n<li>Kan f\u00e4llas ihop n\u00e4r den inte anv\u00e4nds<\/li>\n<li>Enkel konstruktion<\/li>\n<\/ul>\n<h3>Teknisk data:<\/h3>\n<ul>\n<li>F\u00e4rg gr\u00e5<\/li>\n<li>Material: polyestertaft, Oxfordduk, glasfiberst\u00f6d, aluminium<\/li>\n<li>Totala m\u00e5tt: 200L x 86W x 147H cm<\/li>\n<li>M\u00e5tt t\u00e4lt: 200L x 80W x 105H cm<\/li>\n<li>M\u00e5tt p\u00e5 t\u00e4lts\u00e4ng: 193L x 78W x 42H cm<\/li>\n<li>Mae madrass: 195L x 72W x 4D cm<\/li>\n<li>M\u00e5tt: 130W x 95H cm<\/li>\n<li>F\u00f6nsterm\u00e5tt: 90W x 52H cm<\/li>\n<li>Ventilations\u00f6ppningsm\u00e5tt: 28W x 18H cm<\/li>\n<li>M\u00e5tt kudde: 72L x 30W cm<\/li>\n<li>Lastkapacitet: 120 kg<\/li>\n<\/ul>\n<h3>Leveransens omfattning:<\/h3>\n<ul>\n<li>1 x t\u00e4lts\u00e4ng<\/li>\n<li>1 x t\u00e4lt<\/li>\n<li>1 x luftmadrass<\/li>\n<li>1 x B\u00e4rv\u00e4ska<\/li>\n<li>1 x Instruktioner<\/li>\n<\/ul>\n","protected":false},"excerpt":{"rendered":"<p>Denna Felbett \u00e4r ett 3-i-1 campingverktyg. Setet best\u00e5r av en t\u00e4lts\u00e4ng, ett t\u00e4lt och en sj\u00e4lvuppbl\u00e5sande luftmadrass. T\u00e4ltet och t\u00e4lts\u00e4ngen&#8230;<\/p>\n","protected":false},"featured_media":37055,"template":"","meta":[],"product_brand":[],"product_cat":[648,647,650],"product_tag":[],"class_list":{"0":"post-37054","1":"product","2":"type-product","3":"status-publish","4":"has-post-thumbnail","6":"product_cat-camping-tillbehor","7":"product_cat-sport-fritid","8":"product_cat-talt","10":"first","11":"instock","12":"sale","13":"taxable","14":"shipping-taxable","15":"purchasable","16":"product-type-simple"},"yoast_head":"<!-- This site is optimized with the Yoast SEO plugin v25.4 - https:\/\/yoast.com\/wordpress\/plugins\/seo\/ -->\n<title>TRUUSK T\u00e4lts\u00e4ng med Kupolt\u00e4lt - Solstol - V\u00e4derbest\u00e4ndig - Hopf\u00e4llbar - Gr\u00e5 - 200 cm x 86 cm x 147 cm - TRUUSK - Hem, Tr\u00e4dg\u00e5rd &amp; Fritid<\/title>\n<meta name=\"robots\" content=\"index, follow, max-snippet:-1, max-image-preview:large, max-video-preview:-1\" \/>\n<link rel=\"canonical\" href=\"https:\/\/truusk.store\/sv\/produkt\/truusk-taltsang-med-kupoltalt-solstol-vaderbestandig-hopfallbar-gra-200-cm-x-86-cm-x-147-cm\/\" \/>\n<meta property=\"og:locale\" content=\"sv_SE\" \/>\n<meta property=\"og:type\" content=\"article\" \/>\n<meta property=\"og:title\" content=\"TRUUSK T\u00e4lts\u00e4ng med Kupolt\u00e4lt - Solstol - V\u00e4derbest\u00e4ndig - Hopf\u00e4llbar - Gr\u00e5 - 200 cm x 86 cm x 147 cm - TRUUSK - Hem, Tr\u00e4dg\u00e5rd &amp; Fritid\" \/>\n<meta property=\"og:description\" content=\"Denna Felbett \u00e4r ett 3-i-1 campingverktyg. Setet best\u00e5r av en t\u00e4lts\u00e4ng, ett t\u00e4lt och en sj\u00e4lvuppbl\u00e5sande luftmadrass. T\u00e4ltet och t\u00e4lts\u00e4ngen...\" \/>\n<meta property=\"og:url\" content=\"https:\/\/truusk.store\/sv\/produkt\/truusk-taltsang-med-kupoltalt-solstol-vaderbestandig-hopfallbar-gra-200-cm-x-86-cm-x-147-cm\/\" \/>\n<meta property=\"og:site_name\" content=\"TRUUSK - Hem, Tr\u00e4dg\u00e5rd &amp; Fritid\" \/>\n<meta property=\"article:modified_time\" content=\"2026-03-12T08:13:12+00:00\" \/>\n<meta property=\"og:image\" content=\"https:\/\/i0.wp.com\/truusk.se\/wp-content\/uploads\/2024\/02\/taltsang-med-kupoltaktalt-solstol-vaderbestandig-hopfallbar-gra-200-cm-x-86-cm-x-147-cm.webp?fit=800%2C800&ssl=1\" \/>\n\t<meta property=\"og:image:width\" content=\"800\" \/>\n\t<meta property=\"og:image:height\" content=\"800\" \/>\n\t<meta property=\"og:image:type\" content=\"image\/webp\" \/>\n<meta name=\"twitter:card\" content=\"summary_large_image\" \/>\n<meta name=\"twitter:label1\" content=\"Ber\u00e4knad l\u00e4stid\" \/>\n\t<meta name=\"twitter:data1\" content=\"1 minut\" \/>\n<!-- \/ Yoast SEO plugin. -->","yoast_head_json":{"title":"TRUUSK T\u00e4lts\u00e4ng med Kupolt\u00e4lt - Solstol - V\u00e4derbest\u00e4ndig - Hopf\u00e4llbar - Gr\u00e5 - 200 cm x 86 cm x 147 cm - TRUUSK - Hem, Tr\u00e4dg\u00e5rd &amp; Fritid","robots":{"index":"index","follow":"follow","max-snippet":"max-snippet:-1","max-image-preview":"max-image-preview:large","max-video-preview":"max-video-preview:-1"},"canonical":"https:\/\/truusk.store\/sv\/produkt\/truusk-taltsang-med-kupoltalt-solstol-vaderbestandig-hopfallbar-gra-200-cm-x-86-cm-x-147-cm\/","og_locale":"sv_SE","og_type":"article","og_title":"TRUUSK T\u00e4lts\u00e4ng med Kupolt\u00e4lt - Solstol - V\u00e4derbest\u00e4ndig - Hopf\u00e4llbar - Gr\u00e5 - 200 cm x 86 cm x 147 cm - TRUUSK - Hem, Tr\u00e4dg\u00e5rd &amp; Fritid","og_description":"Denna Felbett \u00e4r ett 3-i-1 campingverktyg. Setet best\u00e5r av en t\u00e4lts\u00e4ng, ett t\u00e4lt och en sj\u00e4lvuppbl\u00e5sande luftmadrass. T\u00e4ltet och t\u00e4lts\u00e4ngen...","og_url":"https:\/\/truusk.store\/sv\/produkt\/truusk-taltsang-med-kupoltalt-solstol-vaderbestandig-hopfallbar-gra-200-cm-x-86-cm-x-147-cm\/","og_site_name":"TRUUSK - Hem, Tr\u00e4dg\u00e5rd &amp; Fritid","article_modified_time":"2026-03-12T08:13:12+00:00","og_image":[{"width":800,"height":800,"url":"https:\/\/i0.wp.com\/truusk.se\/wp-content\/uploads\/2024\/02\/taltsang-med-kupoltaktalt-solstol-vaderbestandig-hopfallbar-gra-200-cm-x-86-cm-x-147-cm.webp?fit=800%2C800&ssl=1","type":"image\/webp"}],"twitter_card":"summary_large_image","twitter_misc":{"Ber\u00e4knad l\u00e4stid":"1 minut"},"schema":{"@context":"https:\/\/schema.org","@graph":[{"@type":"WebPage","@id":"https:\/\/truusk.store\/sv\/produkt\/truusk-taltsang-med-kupoltalt-solstol-vaderbestandig-hopfallbar-gra-200-cm-x-86-cm-x-147-cm\/","url":"https:\/\/truusk.store\/sv\/produkt\/truusk-taltsang-med-kupoltalt-solstol-vaderbestandig-hopfallbar-gra-200-cm-x-86-cm-x-147-cm\/","name":"TRUUSK T\u00e4lts\u00e4ng med Kupolt\u00e4lt - Solstol - V\u00e4derbest\u00e4ndig - Hopf\u00e4llbar - Gr\u00e5 - 200 cm x 86 cm x 147 cm - TRUUSK - Hem, Tr\u00e4dg\u00e5rd &amp; Fritid","isPartOf":{"@id":"https:\/\/truusk.store\/sv\/#website"},"primaryImageOfPage":{"@id":"https:\/\/truusk.store\/sv\/produkt\/truusk-taltsang-med-kupoltalt-solstol-vaderbestandig-hopfallbar-gra-200-cm-x-86-cm-x-147-cm\/#primaryimage"},"image":{"@id":"https:\/\/truusk.store\/sv\/produkt\/truusk-taltsang-med-kupoltalt-solstol-vaderbestandig-hopfallbar-gra-200-cm-x-86-cm-x-147-cm\/#primaryimage"},"thumbnailUrl":"https:\/\/i0.wp.com\/truusk.store\/wp-content\/uploads\/2024\/02\/taltsang-med-kupoltaktalt-solstol-vaderbestandig-hopfallbar-gra-200-cm-x-86-cm-x-147-cm.webp?fit=800%2C800&ssl=1","datePublished":"2024-02-13T23:34:07+00:00","dateModified":"2026-03-12T08:13:12+00:00","breadcrumb":{"@id":"https:\/\/truusk.store\/sv\/produkt\/truusk-taltsang-med-kupoltalt-solstol-vaderbestandig-hopfallbar-gra-200-cm-x-86-cm-x-147-cm\/#breadcrumb"},"inLanguage":"sv-SE","potentialAction":[{"@type":"ReadAction","target":["https:\/\/truusk.store\/sv\/produkt\/truusk-taltsang-med-kupoltalt-solstol-vaderbestandig-hopfallbar-gra-200-cm-x-86-cm-x-147-cm\/"]}]},{"@type":"ImageObject","inLanguage":"sv-SE","@id":"https:\/\/truusk.store\/sv\/produkt\/truusk-taltsang-med-kupoltalt-solstol-vaderbestandig-hopfallbar-gra-200-cm-x-86-cm-x-147-cm\/#primaryimage","url":"https:\/\/i0.wp.com\/truusk.store\/wp-content\/uploads\/2024\/02\/taltsang-med-kupoltaktalt-solstol-vaderbestandig-hopfallbar-gra-200-cm-x-86-cm-x-147-cm.webp?fit=800%2C800&ssl=1","contentUrl":"https:\/\/i0.wp.com\/truusk.store\/wp-content\/uploads\/2024\/02\/taltsang-med-kupoltaktalt-solstol-vaderbestandig-hopfallbar-gra-200-cm-x-86-cm-x-147-cm.webp?fit=800%2C800&ssl=1","width":800,"height":800,"caption":"T\u00e4lts\u00e4ng Med Kupoltakt\u00e4lt + Solstol V\u00e4derbest\u00e4ndig Hopf\u00e4llbar Gr\u00e5 200 Cm X 86 Cm X 147 Cm 1"},{"@type":"BreadcrumbList","@id":"https:\/\/truusk.store\/sv\/produkt\/truusk-taltsang-med-kupoltalt-solstol-vaderbestandig-hopfallbar-gra-200-cm-x-86-cm-x-147-cm\/#breadcrumb","itemListElement":[{"@type":"ListItem","position":1,"name":"Home","item":"https:\/\/truusk.store\/sv\/"},{"@type":"ListItem","position":2,"name":"Shop","item":"https:\/\/truusk.store\/shop\/"},{"@type":"ListItem","position":3,"name":"TRUUSK T\u00e4lts\u00e4ng med Kupolt\u00e4lt &#8211; Solstol &#8211; V\u00e4derbest\u00e4ndig &#8211; Hopf\u00e4llbar &#8211; Gr\u00e5 &#8211; 200 cm x 86 cm x 147 cm"}]},{"@type":"WebSite","@id":"https:\/\/truusk.store\/sv\/#website","url":"https:\/\/truusk.store\/sv\/","name":"TRUUSK - Hem, Tr\u00e4dg\u00e5rd & Fritid","description":"","publisher":{"@id":"https:\/\/truusk.store\/sv\/#organization"},"potentialAction":[{"@type":"SearchAction","target":{"@type":"EntryPoint","urlTemplate":"https:\/\/truusk.store\/sv\/?s={search_term_string}"},"query-input":{"@type":"PropertyValueSpecification","valueRequired":true,"valueName":"search_term_string"}}],"inLanguage":"sv-SE"},{"@type":"Organization","@id":"https:\/\/truusk.store\/sv\/#organization","name":"TRUUSK - Hem, Tr\u00e4dg\u00e5rd & Fritid","url":"https:\/\/truusk.store\/sv\/","logo":{"@type":"ImageObject","inLanguage":"sv-SE","@id":"https:\/\/truusk.store\/sv\/#\/schema\/logo\/image\/","url":"https:\/\/i0.wp.com\/truusk.store\/wp-content\/uploads\/2026\/03\/cropped-TRUUSK.png?fit=2032%2C917&ssl=1","contentUrl":"https:\/\/i0.wp.com\/truusk.store\/wp-content\/uploads\/2026\/03\/cropped-TRUUSK.png?fit=2032%2C917&ssl=1","width":2032,"height":917,"caption":"TRUUSK - Hem, Tr\u00e4dg\u00e5rd & Fritid"},"image":{"@id":"https:\/\/truusk.store\/sv\/#\/schema\/logo\/image\/"}}]}},"jetpack_sharing_enabled":true,"_links":{"self":[{"href":"https:\/\/truusk.store\/sv\/wp-json\/wp\/v2\/product\/37054","targetHints":{"allow":["GET"]}}],"collection":[{"href":"https:\/\/truusk.store\/sv\/wp-json\/wp\/v2\/product"}],"about":[{"href":"https:\/\/truusk.store\/sv\/wp-json\/wp\/v2\/types\/product"}],"wp:featuredmedia":[{"embeddable":true,"href":"https:\/\/truusk.store\/sv\/wp-json\/wp\/v2\/media\/37055"}],"wp:attachment":[{"href":"https:\/\/truusk.store\/sv\/wp-json\/wp\/v2\/media?parent=37054"}],"wp:term":[{"taxonomy":"product_brand","embeddable":true,"href":"https:\/\/truusk.store\/sv\/wp-json\/wp\/v2\/product_brand?post=37054"},{"taxonomy":"product_cat","embeddable":true,"href":"https:\/\/truusk.store\/sv\/wp-json\/wp\/v2\/product_cat?post=37054"},{"taxonomy":"product_tag","embeddable":true,"href":"https:\/\/truusk.store\/sv\/wp-json\/wp\/v2\/product_tag?post=37054"}],"curies":[{"name":"wp","href":"https:\/\/api.w.org\/{rel}","templated":true}]}}