{"id":37064,"date":"2024-02-14T00:34:24","date_gmt":"2024-02-13T23:34:24","guid":{"rendered":"https:\/\/truusk.store\/product\/parasoll-fribarande-paraply-267-x-245-m-vevparaply-med-dubbeltak-korsfot-stal-utomhus-solskydd-polyester-stal-ljusgra\/"},"modified":"2026-03-12T09:13:13","modified_gmt":"2026-03-12T08:13:13","slug":"truusk-parasoll-267-x-245-m-vevparaply-med-dubbeltak-korsfot-i-stal-ljusgra-utomhus-solskydd","status":"publish","type":"product","link":"https:\/\/truusk.store\/sv\/produkt\/truusk-parasoll-267-x-245-m-vevparaply-med-dubbeltak-korsfot-i-stal-ljusgra-utomhus-solskydd\/","title":{"rendered":"TRUUSK Parasoll 2,67 x 2,45 m &#8211; Vevparaply med Dubbeltak &#8211; Korsfot i St\u00e5l &#8211; Ljusgr\u00e5 &#8211; Utomhus Solskydd"},"content":{"rendered":"<p>Skapa en liten oas av skugga och avkoppling i din tr\u00e4dg\u00e5rd med detta parasoll! Tack vare den \u00f6verh\u00e4ngande konstruktionen kommer du aldrig att st\u00f6ras av en paraplyst\u00e5ng och en robust metallram med rej\u00e4la stag ger paraplyet en speciell stabilitet och g\u00f6r det ok\u00e4nsligt f\u00f6r vind. Justera vid behov paraplyets lutning med en hand f\u00f6r att h\u00e5lla sig i behaglig skugga n\u00e4r som helst p\u00e5 dagen.<\/p>\n<h3>Beskrivning:<\/h3>\n<ul>\n<li>Det stora, \u00f6verh\u00e4ngande parasollet ger gott om skugga<\/li>\n<li>Paraplyst\u00e5ng av st\u00e5l f\u00f6r h\u00f6g stabilitet, ansluten till paraplyet med 8 stag<\/li>\n<li>Paraplyet kan enkelt \u00f6ppnas och st\u00e4ngas med en vev<\/li>\n<li>Tv\u00e5 paraplyniv\u00e5er m\u00f6jligg\u00f6r god luftcirkulation<\/li>\n<li>Inkluderar tv\u00e4rbas f\u00f6r \u00f6kad stabilitet, vikter kr\u00e4vs<\/li>\n<li>Montering kr\u00e4vs<\/li>\n<\/ul>\n<h3>Teknisk data:<\/h3>\n<ul>\n<li>F\u00e4rg: ljusgr\u00e5<\/li>\n<li>Material: polyester, st\u00e5l<\/li>\n<li>Totala m\u00e5tt: 2,67 x 2,45H m<\/li>\n<li>St\u00e5ngens m\u00e5tt: 48 mm<\/li>\n<li>OBS 1: En korsbas ing\u00e5r men utan vikter<\/li>\n<li>NOTERA 2: Anv\u00e4ndning rekommenderas inte i kraftigt regn och extrema v\u00e4derf\u00f6rh\u00e5llanden<\/li>\n<\/ul>\n<h3>Leveransens omfattning:<\/h3>\n<ul>\n<li>1 x Cantilever paraply<\/li>\n<li>1 x korsfot<\/li>\n<li>1 x Instruktioner<\/li>\n<\/ul>\n","protected":false},"excerpt":{"rendered":"<p>Skapa en liten oas av skugga och avkoppling i din tr\u00e4dg\u00e5rd med detta parasoll! Tack vare den \u00f6verh\u00e4ngande konstruktionen kommer&#8230;<\/p>\n","protected":false},"featured_media":37065,"template":"","meta":[],"product_brand":[],"product_cat":[472,471,435],"product_tag":[],"class_list":{"0":"post-37064","1":"product","2":"type-product","3":"status-publish","4":"has-post-thumbnail","6":"product_cat-parasoller","7":"product_cat-solskydd-integritetsskydd","8":"product_cat-tradgard-och-terrass","10":"first","11":"instock","12":"sale","13":"taxable","14":"shipping-taxable","15":"purchasable","16":"product-type-simple"},"yoast_head":"<!-- This site is optimized with the Yoast SEO plugin v25.4 - https:\/\/yoast.com\/wordpress\/plugins\/seo\/ -->\n<title>TRUUSK Parasoll 2,67 x 2,45 m - Vevparaply med Dubbeltak - Korsfot i St\u00e5l - Ljusgr\u00e5 - Utomhus Solskydd - TRUUSK - Hem, Tr\u00e4dg\u00e5rd &amp; Fritid<\/title>\n<meta name=\"robots\" content=\"index, follow, max-snippet:-1, max-image-preview:large, max-video-preview:-1\" \/>\n<link rel=\"canonical\" href=\"https:\/\/truusk.store\/sv\/produkt\/truusk-parasoll-267-x-245-m-vevparaply-med-dubbeltak-korsfot-i-stal-ljusgra-utomhus-solskydd\/\" \/>\n<meta property=\"og:locale\" content=\"sv_SE\" \/>\n<meta property=\"og:type\" content=\"article\" \/>\n<meta property=\"og:title\" content=\"TRUUSK Parasoll 2,67 x 2,45 m - Vevparaply med Dubbeltak - Korsfot i St\u00e5l - Ljusgr\u00e5 - Utomhus Solskydd - TRUUSK - Hem, Tr\u00e4dg\u00e5rd &amp; Fritid\" \/>\n<meta property=\"og:description\" content=\"Skapa en liten oas av skugga och avkoppling i din tr\u00e4dg\u00e5rd med detta parasoll! Tack vare den \u00f6verh\u00e4ngande konstruktionen kommer...\" \/>\n<meta property=\"og:url\" content=\"https:\/\/truusk.store\/sv\/produkt\/truusk-parasoll-267-x-245-m-vevparaply-med-dubbeltak-korsfot-i-stal-ljusgra-utomhus-solskydd\/\" \/>\n<meta property=\"og:site_name\" content=\"TRUUSK - Hem, Tr\u00e4dg\u00e5rd &amp; Fritid\" \/>\n<meta property=\"article:modified_time\" content=\"2026-03-12T08:13:13+00:00\" \/>\n<meta property=\"og:image\" content=\"https:\/\/i0.wp.com\/truusk.se\/wp-content\/uploads\/2024\/02\/parasoll-fribarande-paraply-267-x-245-m-vevparaply-med-dubbeltak-korsfot-stal-utomhus-solskydd-polyester-stal-ljusgra.webp?fit=800%2C800&ssl=1\" \/>\n\t<meta property=\"og:image:width\" content=\"800\" \/>\n\t<meta property=\"og:image:height\" content=\"800\" \/>\n\t<meta property=\"og:image:type\" content=\"image\/webp\" \/>\n<meta name=\"twitter:card\" content=\"summary_large_image\" \/>\n<meta name=\"twitter:label1\" content=\"Ber\u00e4knad l\u00e4stid\" \/>\n\t<meta name=\"twitter:data1\" content=\"1 minut\" \/>\n<!-- \/ Yoast SEO plugin. -->","yoast_head_json":{"title":"TRUUSK Parasoll 2,67 x 2,45 m - Vevparaply med Dubbeltak - Korsfot i St\u00e5l - Ljusgr\u00e5 - Utomhus Solskydd - TRUUSK - Hem, Tr\u00e4dg\u00e5rd &amp; Fritid","robots":{"index":"index","follow":"follow","max-snippet":"max-snippet:-1","max-image-preview":"max-image-preview:large","max-video-preview":"max-video-preview:-1"},"canonical":"https:\/\/truusk.store\/sv\/produkt\/truusk-parasoll-267-x-245-m-vevparaply-med-dubbeltak-korsfot-i-stal-ljusgra-utomhus-solskydd\/","og_locale":"sv_SE","og_type":"article","og_title":"TRUUSK Parasoll 2,67 x 2,45 m - Vevparaply med Dubbeltak - Korsfot i St\u00e5l - Ljusgr\u00e5 - Utomhus Solskydd - TRUUSK - Hem, Tr\u00e4dg\u00e5rd &amp; Fritid","og_description":"Skapa en liten oas av skugga och avkoppling i din tr\u00e4dg\u00e5rd med detta parasoll! Tack vare den \u00f6verh\u00e4ngande konstruktionen kommer...","og_url":"https:\/\/truusk.store\/sv\/produkt\/truusk-parasoll-267-x-245-m-vevparaply-med-dubbeltak-korsfot-i-stal-ljusgra-utomhus-solskydd\/","og_site_name":"TRUUSK - Hem, Tr\u00e4dg\u00e5rd &amp; Fritid","article_modified_time":"2026-03-12T08:13:13+00:00","og_image":[{"width":800,"height":800,"url":"https:\/\/i0.wp.com\/truusk.se\/wp-content\/uploads\/2024\/02\/parasoll-fribarande-paraply-267-x-245-m-vevparaply-med-dubbeltak-korsfot-stal-utomhus-solskydd-polyester-stal-ljusgra.webp?fit=800%2C800&ssl=1","type":"image\/webp"}],"twitter_card":"summary_large_image","twitter_misc":{"Ber\u00e4knad l\u00e4stid":"1 minut"},"schema":{"@context":"https:\/\/schema.org","@graph":[{"@type":"WebPage","@id":"https:\/\/truusk.store\/sv\/produkt\/truusk-parasoll-267-x-245-m-vevparaply-med-dubbeltak-korsfot-i-stal-ljusgra-utomhus-solskydd\/","url":"https:\/\/truusk.store\/sv\/produkt\/truusk-parasoll-267-x-245-m-vevparaply-med-dubbeltak-korsfot-i-stal-ljusgra-utomhus-solskydd\/","name":"TRUUSK Parasoll 2,67 x 2,45 m - Vevparaply med Dubbeltak - Korsfot i St\u00e5l - Ljusgr\u00e5 - Utomhus Solskydd - TRUUSK - Hem, Tr\u00e4dg\u00e5rd &amp; Fritid","isPartOf":{"@id":"https:\/\/truusk.store\/sv\/#website"},"primaryImageOfPage":{"@id":"https:\/\/truusk.store\/sv\/produkt\/truusk-parasoll-267-x-245-m-vevparaply-med-dubbeltak-korsfot-i-stal-ljusgra-utomhus-solskydd\/#primaryimage"},"image":{"@id":"https:\/\/truusk.store\/sv\/produkt\/truusk-parasoll-267-x-245-m-vevparaply-med-dubbeltak-korsfot-i-stal-ljusgra-utomhus-solskydd\/#primaryimage"},"thumbnailUrl":"https:\/\/i0.wp.com\/truusk.store\/wp-content\/uploads\/2024\/02\/parasoll-fribarande-paraply-267-x-245-m-vevparaply-med-dubbeltak-korsfot-stal-utomhus-solskydd-polyester-stal-ljusgra.webp?fit=800%2C800&ssl=1","datePublished":"2024-02-13T23:34:24+00:00","dateModified":"2026-03-12T08:13:13+00:00","breadcrumb":{"@id":"https:\/\/truusk.store\/sv\/produkt\/truusk-parasoll-267-x-245-m-vevparaply-med-dubbeltak-korsfot-i-stal-ljusgra-utomhus-solskydd\/#breadcrumb"},"inLanguage":"sv-SE","potentialAction":[{"@type":"ReadAction","target":["https:\/\/truusk.store\/sv\/produkt\/truusk-parasoll-267-x-245-m-vevparaply-med-dubbeltak-korsfot-i-stal-ljusgra-utomhus-solskydd\/"]}]},{"@type":"ImageObject","inLanguage":"sv-SE","@id":"https:\/\/truusk.store\/sv\/produkt\/truusk-parasoll-267-x-245-m-vevparaply-med-dubbeltak-korsfot-i-stal-ljusgra-utomhus-solskydd\/#primaryimage","url":"https:\/\/i0.wp.com\/truusk.store\/wp-content\/uploads\/2024\/02\/parasoll-fribarande-paraply-267-x-245-m-vevparaply-med-dubbeltak-korsfot-stal-utomhus-solskydd-polyester-stal-ljusgra.webp?fit=800%2C800&ssl=1","contentUrl":"https:\/\/i0.wp.com\/truusk.store\/wp-content\/uploads\/2024\/02\/parasoll-fribarande-paraply-267-x-245-m-vevparaply-med-dubbeltak-korsfot-stal-utomhus-solskydd-polyester-stal-ljusgra.webp?fit=800%2C800&ssl=1","width":800,"height":800,"caption":"Parasoll Frib\u00e4rande Paraply 2,67 X 2,45 M Vevparaply Med Dubbeltak Korsfot St\u00e5l Utomhus Solskydd Polyester St\u00e5l Ljusgr\u00e5 1"},{"@type":"BreadcrumbList","@id":"https:\/\/truusk.store\/sv\/produkt\/truusk-parasoll-267-x-245-m-vevparaply-med-dubbeltak-korsfot-i-stal-ljusgra-utomhus-solskydd\/#breadcrumb","itemListElement":[{"@type":"ListItem","position":1,"name":"Home","item":"https:\/\/truusk.store\/sv\/"},{"@type":"ListItem","position":2,"name":"Shop","item":"https:\/\/truusk.store\/shop\/"},{"@type":"ListItem","position":3,"name":"TRUUSK Parasoll 2,67 x 2,45 m &#8211; Vevparaply med Dubbeltak &#8211; Korsfot i St\u00e5l &#8211; Ljusgr\u00e5 &#8211; Utomhus Solskydd"}]},{"@type":"WebSite","@id":"https:\/\/truusk.store\/sv\/#website","url":"https:\/\/truusk.store\/sv\/","name":"TRUUSK - Hem, Tr\u00e4dg\u00e5rd & Fritid","description":"","publisher":{"@id":"https:\/\/truusk.store\/sv\/#organization"},"potentialAction":[{"@type":"SearchAction","target":{"@type":"EntryPoint","urlTemplate":"https:\/\/truusk.store\/sv\/?s={search_term_string}"},"query-input":{"@type":"PropertyValueSpecification","valueRequired":true,"valueName":"search_term_string"}}],"inLanguage":"sv-SE"},{"@type":"Organization","@id":"https:\/\/truusk.store\/sv\/#organization","name":"TRUUSK - Hem, Tr\u00e4dg\u00e5rd & Fritid","url":"https:\/\/truusk.store\/sv\/","logo":{"@type":"ImageObject","inLanguage":"sv-SE","@id":"https:\/\/truusk.store\/sv\/#\/schema\/logo\/image\/","url":"https:\/\/i0.wp.com\/truusk.store\/wp-content\/uploads\/2026\/03\/cropped-TRUUSK.png?fit=2032%2C917&ssl=1","contentUrl":"https:\/\/i0.wp.com\/truusk.store\/wp-content\/uploads\/2026\/03\/cropped-TRUUSK.png?fit=2032%2C917&ssl=1","width":2032,"height":917,"caption":"TRUUSK - Hem, Tr\u00e4dg\u00e5rd & Fritid"},"image":{"@id":"https:\/\/truusk.store\/sv\/#\/schema\/logo\/image\/"}}]}},"jetpack_sharing_enabled":true,"_links":{"self":[{"href":"https:\/\/truusk.store\/sv\/wp-json\/wp\/v2\/product\/37064","targetHints":{"allow":["GET"]}}],"collection":[{"href":"https:\/\/truusk.store\/sv\/wp-json\/wp\/v2\/product"}],"about":[{"href":"https:\/\/truusk.store\/sv\/wp-json\/wp\/v2\/types\/product"}],"wp:featuredmedia":[{"embeddable":true,"href":"https:\/\/truusk.store\/sv\/wp-json\/wp\/v2\/media\/37065"}],"wp:attachment":[{"href":"https:\/\/truusk.store\/sv\/wp-json\/wp\/v2\/media?parent=37064"}],"wp:term":[{"taxonomy":"product_brand","embeddable":true,"href":"https:\/\/truusk.store\/sv\/wp-json\/wp\/v2\/product_brand?post=37064"},{"taxonomy":"product_cat","embeddable":true,"href":"https:\/\/truusk.store\/sv\/wp-json\/wp\/v2\/product_cat?post=37064"},{"taxonomy":"product_tag","embeddable":true,"href":"https:\/\/truusk.store\/sv\/wp-json\/wp\/v2\/product_tag?post=37064"}],"curies":[{"name":"wp","href":"https:\/\/api.w.org\/{rel}","templated":true}]}}