{"id":37184,"date":"2024-02-14T00:38:40","date_gmt":"2024-02-13T23:38:40","guid":{"rendered":"https:\/\/truusk.store\/product\/kattgrotta-med-skrapyta-inklusive-kudde-skraptunna-41-cm-x-38-cm-x-43-cm-natur-beige\/"},"modified":"2026-03-12T09:13:15","modified_gmt":"2026-03-12T08:13:15","slug":"truusk-kattgrotta-med-skrapyta-inklusive-kudde-skraptunna-natur-beige-41-cm-x-38-cm-x-43-cm","status":"publish","type":"product","link":"https:\/\/truusk.store\/sv\/produkt\/truusk-kattgrotta-med-skrapyta-inklusive-kudde-skraptunna-natur-beige-41-cm-x-38-cm-x-43-cm\/","title":{"rendered":"TRUUSK Kattgrotta Med Skrapyta &#8211; Inklusive Kudde &#8211; Skraptunna &#8211; Natur + Beige &#8211; 41 cm x 38 cm x 43 cm"},"content":{"rendered":"<p>Din katt f\u00f6rtj\u00e4nar en varm, bekv\u00e4m och s\u00e4ker plats att koppla av. V\u00e5r kattgrotta \u00e4r den perfekta platsen f\u00f6r detta! Katthuset i modern design passar bra in i den befintliga inredningen i ditt hem och \u00e4r ocks\u00e5 en vacker dekoration. Denna kattrulle erbjuder dina sammetstassar en mysig och s\u00e4ker plats att slumra, sova och vila p\u00e5. Den solida konstruktionen \u00e4r robust och stabil.<\/p>\n<h3>Beskrivning:<\/h3>\n<ul>\n<li>Den moderna designen passar bra med olika interi\u00f6rer<\/li>\n<li>Kattgrottan erbjuder gott om plats att vila och leka p\u00e5<\/li>\n<li>En solid furukonstruktion g\u00f6r den stabil och h\u00e5llbar<\/li>\n<li>En mjuk kudde ing\u00e5r f\u00f6r extra komfort<\/li>\n<li>Den integrerade repytan g\u00f6r att din katt kan v\u00e4ssa klorna<\/li>\n<li>Den upph\u00f6jda designen m\u00f6jligg\u00f6r god ventilation fr\u00e5n alla h\u00e5ll<\/li>\n<li>L\u00e4mplig f\u00f6r husdjur under 5 kg<\/li>\n<li>Montering kr\u00e4vs<\/li>\n<\/ul>\n<h3>Teknisk data:<\/h3>\n<ul>\n<li>F\u00e4rg: Khaki+Naturlig+Beige<\/li>\n<li>Material: furu, t\u00e5ngrep, flanell polyester<\/li>\n<li>Totala m\u00e5tt: 41L x 38W x 43H cm<\/li>\n<li>Innerm\u00e5tt: 35 x 40L cm<\/li>\n<li>Mattm\u00e5tt: 37L x 27W cm<\/li>\n<\/ul>\n<h3>Leveransens omfattning:<\/h3>\n<ul>\n<li>1 x Katthus<\/li>\n<li>1 x bruksanvisning<\/li>\n<\/ul>\n","protected":false},"excerpt":{"rendered":"<p>Din katt f\u00f6rtj\u00e4nar en varm, bekv\u00e4m och s\u00e4ker plats att koppla av. V\u00e5r kattgrotta \u00e4r den perfekta platsen f\u00f6r detta!&#8230;<\/p>\n","protected":false},"featured_media":37185,"template":"","meta":[],"product_brand":[],"product_cat":[573,590,588],"product_tag":[],"class_list":{"0":"post-37184","1":"product","2":"type-product","3":"status-publish","4":"has-post-thumbnail","6":"product_cat-husdjursmaterial","7":"product_cat-kattgrottor-kattsangar","8":"product_cat-katttillbehor","10":"first","11":"instock","12":"sale","13":"taxable","14":"shipping-taxable","15":"purchasable","16":"product-type-simple"},"yoast_head":"<!-- This site is optimized with the Yoast SEO plugin v25.4 - https:\/\/yoast.com\/wordpress\/plugins\/seo\/ -->\n<title>TRUUSK Kattgrotta Med Skrapyta - Inklusive Kudde - Skraptunna - Natur + Beige - 41 cm x 38 cm x 43 cm - TRUUSK - Hem, Tr\u00e4dg\u00e5rd &amp; Fritid<\/title>\n<meta name=\"robots\" content=\"index, follow, max-snippet:-1, max-image-preview:large, max-video-preview:-1\" \/>\n<link rel=\"canonical\" href=\"https:\/\/truusk.store\/sv\/produkt\/truusk-kattgrotta-med-skrapyta-inklusive-kudde-skraptunna-natur-beige-41-cm-x-38-cm-x-43-cm\/\" \/>\n<meta property=\"og:locale\" content=\"sv_SE\" \/>\n<meta property=\"og:type\" content=\"article\" \/>\n<meta property=\"og:title\" content=\"TRUUSK Kattgrotta Med Skrapyta - Inklusive Kudde - Skraptunna - Natur + Beige - 41 cm x 38 cm x 43 cm - TRUUSK - Hem, Tr\u00e4dg\u00e5rd &amp; Fritid\" \/>\n<meta property=\"og:description\" content=\"Din katt f\u00f6rtj\u00e4nar en varm, bekv\u00e4m och s\u00e4ker plats att koppla av. V\u00e5r kattgrotta \u00e4r den perfekta platsen f\u00f6r detta!...\" \/>\n<meta property=\"og:url\" content=\"https:\/\/truusk.store\/sv\/produkt\/truusk-kattgrotta-med-skrapyta-inklusive-kudde-skraptunna-natur-beige-41-cm-x-38-cm-x-43-cm\/\" \/>\n<meta property=\"og:site_name\" content=\"TRUUSK - Hem, Tr\u00e4dg\u00e5rd &amp; Fritid\" \/>\n<meta property=\"article:modified_time\" content=\"2026-03-12T08:13:15+00:00\" \/>\n<meta property=\"og:image\" content=\"https:\/\/i0.wp.com\/truusk.se\/wp-content\/uploads\/2024\/02\/kattgrotta-med-skrapyta-inklusive-kudde-skraptunna-41-cm-x-38-cm-x-43-cm-natur-beige.webp?fit=800%2C800&ssl=1\" \/>\n\t<meta property=\"og:image:width\" content=\"800\" \/>\n\t<meta property=\"og:image:height\" content=\"800\" \/>\n\t<meta property=\"og:image:type\" content=\"image\/webp\" \/>\n<meta name=\"twitter:card\" content=\"summary_large_image\" \/>\n<meta name=\"twitter:label1\" content=\"Ber\u00e4knad l\u00e4stid\" \/>\n\t<meta name=\"twitter:data1\" content=\"1 minut\" \/>\n<!-- \/ Yoast SEO plugin. -->","yoast_head_json":{"title":"TRUUSK Kattgrotta Med Skrapyta - Inklusive Kudde - Skraptunna - Natur + Beige - 41 cm x 38 cm x 43 cm - TRUUSK - Hem, Tr\u00e4dg\u00e5rd &amp; Fritid","robots":{"index":"index","follow":"follow","max-snippet":"max-snippet:-1","max-image-preview":"max-image-preview:large","max-video-preview":"max-video-preview:-1"},"canonical":"https:\/\/truusk.store\/sv\/produkt\/truusk-kattgrotta-med-skrapyta-inklusive-kudde-skraptunna-natur-beige-41-cm-x-38-cm-x-43-cm\/","og_locale":"sv_SE","og_type":"article","og_title":"TRUUSK Kattgrotta Med Skrapyta - Inklusive Kudde - Skraptunna - Natur + Beige - 41 cm x 38 cm x 43 cm - TRUUSK - Hem, Tr\u00e4dg\u00e5rd &amp; Fritid","og_description":"Din katt f\u00f6rtj\u00e4nar en varm, bekv\u00e4m och s\u00e4ker plats att koppla av. V\u00e5r kattgrotta \u00e4r den perfekta platsen f\u00f6r detta!...","og_url":"https:\/\/truusk.store\/sv\/produkt\/truusk-kattgrotta-med-skrapyta-inklusive-kudde-skraptunna-natur-beige-41-cm-x-38-cm-x-43-cm\/","og_site_name":"TRUUSK - Hem, Tr\u00e4dg\u00e5rd &amp; Fritid","article_modified_time":"2026-03-12T08:13:15+00:00","og_image":[{"width":800,"height":800,"url":"https:\/\/i0.wp.com\/truusk.se\/wp-content\/uploads\/2024\/02\/kattgrotta-med-skrapyta-inklusive-kudde-skraptunna-41-cm-x-38-cm-x-43-cm-natur-beige.webp?fit=800%2C800&ssl=1","type":"image\/webp"}],"twitter_card":"summary_large_image","twitter_misc":{"Ber\u00e4knad l\u00e4stid":"1 minut"},"schema":{"@context":"https:\/\/schema.org","@graph":[{"@type":"WebPage","@id":"https:\/\/truusk.store\/sv\/produkt\/truusk-kattgrotta-med-skrapyta-inklusive-kudde-skraptunna-natur-beige-41-cm-x-38-cm-x-43-cm\/","url":"https:\/\/truusk.store\/sv\/produkt\/truusk-kattgrotta-med-skrapyta-inklusive-kudde-skraptunna-natur-beige-41-cm-x-38-cm-x-43-cm\/","name":"TRUUSK Kattgrotta Med Skrapyta - Inklusive Kudde - Skraptunna - Natur + Beige - 41 cm x 38 cm x 43 cm - TRUUSK - Hem, Tr\u00e4dg\u00e5rd &amp; Fritid","isPartOf":{"@id":"https:\/\/truusk.store\/sv\/#website"},"primaryImageOfPage":{"@id":"https:\/\/truusk.store\/sv\/produkt\/truusk-kattgrotta-med-skrapyta-inklusive-kudde-skraptunna-natur-beige-41-cm-x-38-cm-x-43-cm\/#primaryimage"},"image":{"@id":"https:\/\/truusk.store\/sv\/produkt\/truusk-kattgrotta-med-skrapyta-inklusive-kudde-skraptunna-natur-beige-41-cm-x-38-cm-x-43-cm\/#primaryimage"},"thumbnailUrl":"https:\/\/i0.wp.com\/truusk.store\/wp-content\/uploads\/2024\/02\/kattgrotta-med-skrapyta-inklusive-kudde-skraptunna-41-cm-x-38-cm-x-43-cm-natur-beige.webp?fit=800%2C800&ssl=1","datePublished":"2024-02-13T23:38:40+00:00","dateModified":"2026-03-12T08:13:15+00:00","breadcrumb":{"@id":"https:\/\/truusk.store\/sv\/produkt\/truusk-kattgrotta-med-skrapyta-inklusive-kudde-skraptunna-natur-beige-41-cm-x-38-cm-x-43-cm\/#breadcrumb"},"inLanguage":"sv-SE","potentialAction":[{"@type":"ReadAction","target":["https:\/\/truusk.store\/sv\/produkt\/truusk-kattgrotta-med-skrapyta-inklusive-kudde-skraptunna-natur-beige-41-cm-x-38-cm-x-43-cm\/"]}]},{"@type":"ImageObject","inLanguage":"sv-SE","@id":"https:\/\/truusk.store\/sv\/produkt\/truusk-kattgrotta-med-skrapyta-inklusive-kudde-skraptunna-natur-beige-41-cm-x-38-cm-x-43-cm\/#primaryimage","url":"https:\/\/i0.wp.com\/truusk.store\/wp-content\/uploads\/2024\/02\/kattgrotta-med-skrapyta-inklusive-kudde-skraptunna-41-cm-x-38-cm-x-43-cm-natur-beige.webp?fit=800%2C800&ssl=1","contentUrl":"https:\/\/i0.wp.com\/truusk.store\/wp-content\/uploads\/2024\/02\/kattgrotta-med-skrapyta-inklusive-kudde-skraptunna-41-cm-x-38-cm-x-43-cm-natur-beige.webp?fit=800%2C800&ssl=1","width":800,"height":800,"caption":"Kattgrotta Med Skrapyta Inklusive Kudde, Skraptunna, 41 Cm X 38 Cm X 43 Cm, Natur + Beige 1"},{"@type":"BreadcrumbList","@id":"https:\/\/truusk.store\/sv\/produkt\/truusk-kattgrotta-med-skrapyta-inklusive-kudde-skraptunna-natur-beige-41-cm-x-38-cm-x-43-cm\/#breadcrumb","itemListElement":[{"@type":"ListItem","position":1,"name":"Home","item":"https:\/\/truusk.store\/sv\/"},{"@type":"ListItem","position":2,"name":"Shop","item":"https:\/\/truusk.store\/shop\/"},{"@type":"ListItem","position":3,"name":"TRUUSK Kattgrotta Med Skrapyta &#8211; Inklusive Kudde &#8211; Skraptunna &#8211; Natur + Beige &#8211; 41 cm x 38 cm x 43 cm"}]},{"@type":"WebSite","@id":"https:\/\/truusk.store\/sv\/#website","url":"https:\/\/truusk.store\/sv\/","name":"TRUUSK - Hem, Tr\u00e4dg\u00e5rd & Fritid","description":"","publisher":{"@id":"https:\/\/truusk.store\/sv\/#organization"},"potentialAction":[{"@type":"SearchAction","target":{"@type":"EntryPoint","urlTemplate":"https:\/\/truusk.store\/sv\/?s={search_term_string}"},"query-input":{"@type":"PropertyValueSpecification","valueRequired":true,"valueName":"search_term_string"}}],"inLanguage":"sv-SE"},{"@type":"Organization","@id":"https:\/\/truusk.store\/sv\/#organization","name":"TRUUSK - Hem, Tr\u00e4dg\u00e5rd & Fritid","url":"https:\/\/truusk.store\/sv\/","logo":{"@type":"ImageObject","inLanguage":"sv-SE","@id":"https:\/\/truusk.store\/sv\/#\/schema\/logo\/image\/","url":"https:\/\/i0.wp.com\/truusk.store\/wp-content\/uploads\/2026\/03\/cropped-TRUUSK.png?fit=2032%2C917&ssl=1","contentUrl":"https:\/\/i0.wp.com\/truusk.store\/wp-content\/uploads\/2026\/03\/cropped-TRUUSK.png?fit=2032%2C917&ssl=1","width":2032,"height":917,"caption":"TRUUSK - Hem, Tr\u00e4dg\u00e5rd & Fritid"},"image":{"@id":"https:\/\/truusk.store\/sv\/#\/schema\/logo\/image\/"}}]}},"jetpack_sharing_enabled":true,"_links":{"self":[{"href":"https:\/\/truusk.store\/sv\/wp-json\/wp\/v2\/product\/37184","targetHints":{"allow":["GET"]}}],"collection":[{"href":"https:\/\/truusk.store\/sv\/wp-json\/wp\/v2\/product"}],"about":[{"href":"https:\/\/truusk.store\/sv\/wp-json\/wp\/v2\/types\/product"}],"wp:featuredmedia":[{"embeddable":true,"href":"https:\/\/truusk.store\/sv\/wp-json\/wp\/v2\/media\/37185"}],"wp:attachment":[{"href":"https:\/\/truusk.store\/sv\/wp-json\/wp\/v2\/media?parent=37184"}],"wp:term":[{"taxonomy":"product_brand","embeddable":true,"href":"https:\/\/truusk.store\/sv\/wp-json\/wp\/v2\/product_brand?post=37184"},{"taxonomy":"product_cat","embeddable":true,"href":"https:\/\/truusk.store\/sv\/wp-json\/wp\/v2\/product_cat?post=37184"},{"taxonomy":"product_tag","embeddable":true,"href":"https:\/\/truusk.store\/sv\/wp-json\/wp\/v2\/product_tag?post=37184"}],"curies":[{"name":"wp","href":"https:\/\/api.w.org\/{rel}","templated":true}]}}