{"id":37204,"date":"2024-02-14T00:39:17","date_gmt":"2024-02-13T23:39:17","guid":{"rendered":"https:\/\/truusk.store\/product\/vaggklattringsstolpe-katt-klattervagg-repstolpe-kattmobel-for-vaggklattring-kul-for-katter-vaggmontering-tra-ljusgra-beige-66-x-28-x-137-cm\/"},"modified":"2026-03-12T09:13:15","modified_gmt":"2026-03-12T08:13:15","slug":"truusk-vaggklattringsstolpe-katt-repstolpe-for-katter-vaggmontering-tra-ljusgra-beige-66-x-28-x-137-cm","status":"publish","type":"product","link":"https:\/\/truusk.store\/sv\/produkt\/truusk-vaggklattringsstolpe-katt-repstolpe-for-katter-vaggmontering-tra-ljusgra-beige-66-x-28-x-137-cm\/","title":{"rendered":"TRUUSK V\u00e4ggkl\u00e4ttringsstolpe Katt &#8211; Repstolpe F\u00f6r Katter &#8211; V\u00e4ggmontering &#8211; Tr\u00e4 &#8211; Ljusgr\u00e5 + Beige &#8211; 66 x 28 x 137 cm"},"content":{"rendered":"<p>Skrapstolpen kan monteras p\u00e5 v\u00e4ggen och best\u00e5r av 4 st hoppbr\u00e4dor och 2 katttr\u00e4d. Den solida konstruktionen \u00e4r gjord av MDF-tr\u00e4 och en ovandel av mjuk matta. Katter kan leka, hoppa och vila p\u00e5 4 plattformar. Skrapstolpen med jute ger din katt m\u00f6jlighet att v\u00e4ssa klorna och skyddar d\u00e4rf\u00f6r m\u00f6blerna fr\u00e5n o\u00f6nskade repor. Denna v\u00e4ggskrapstolpe \u00e4r den perfekta sov- och lekplatsen f\u00f6r dina katter.<\/p>\n<h3>Beskrivning:<\/h3>\n<ul>\n<li>Snygg och platsbesparande design, skrapstolpen kan monteras p\u00e5 v\u00e4ggen<\/li>\n<li>4 plattformar erbjuder katter en varierad plats att vila och leka p\u00e5<\/li>\n<li>Anv\u00e4nd en skrapstolpe f\u00f6r att slipa klorna s\u00e5 att deras m\u00f6bler inte repas<\/li>\n<li>Plattformarna \u00e4r t\u00e4ckta med mjuk matta<\/li>\n<li>Erbjuder dina katter en plats att sova, leka och kl\u00e4ttra p\u00e5<\/li>\n<li>Rekommenderas f\u00f6r katter under 5 kg<\/li>\n<li>Montering kr\u00e4vs<\/li>\n<\/ul>\n<h3>Teknisk data:<\/h3>\n<ul>\n<li>F\u00e4rg: ljusgr\u00e5+beige<\/li>\n<li>Material: MDF, jute, matta<\/li>\n<li>Totala m\u00e5tt: 66L x 28W x 137H cm<\/li>\n<li>Storlek p\u00e5 trampbr\u00e4da: 40L x 28W cm<\/li>\n<li>M\u00e5tt p\u00e5 dynan: 38,5L x 27W cm<\/li>\n<li>Storlek p\u00e5 kattskrapstolpen (med sisalrep): 10 x 40H cm<\/li>\n<\/ul>\n<h3>Leveransens omfattning:<\/h3>\n<ul>\n<li>1 x Badrumssk\u00e5p<\/li>\n<li>1 x Instruktioner<\/li>\n<\/ul>\n","protected":false},"excerpt":{"rendered":"<p>Skrapstolpen kan monteras p\u00e5 v\u00e4ggen och best\u00e5r av 4 st hoppbr\u00e4dor och 2 katttr\u00e4d. Den solida konstruktionen \u00e4r gjord av&#8230;<\/p>\n","protected":false},"featured_media":37205,"template":"","meta":[],"product_brand":[],"product_cat":[573,588,589],"product_tag":[],"class_list":{"0":"post-37204","1":"product","2":"type-product","3":"status-publish","4":"has-post-thumbnail","6":"product_cat-husdjursmaterial","7":"product_cat-katttillbehor","8":"product_cat-skrapande-inlagg","10":"first","11":"instock","12":"sale","13":"taxable","14":"shipping-taxable","15":"purchasable","16":"product-type-simple"},"yoast_head":"<!-- This site is optimized with the Yoast SEO plugin v25.4 - https:\/\/yoast.com\/wordpress\/plugins\/seo\/ -->\n<title>TRUUSK V\u00e4ggkl\u00e4ttringsstolpe Katt - Repstolpe F\u00f6r Katter - V\u00e4ggmontering - Tr\u00e4 - Ljusgr\u00e5 + Beige - 66 x 28 x 137 cm - TRUUSK - Hem, Tr\u00e4dg\u00e5rd &amp; Fritid<\/title>\n<meta name=\"robots\" content=\"index, follow, max-snippet:-1, max-image-preview:large, max-video-preview:-1\" \/>\n<link rel=\"canonical\" href=\"https:\/\/truusk.store\/sv\/produkt\/truusk-vaggklattringsstolpe-katt-repstolpe-for-katter-vaggmontering-tra-ljusgra-beige-66-x-28-x-137-cm\/\" \/>\n<meta property=\"og:locale\" content=\"sv_SE\" \/>\n<meta property=\"og:type\" content=\"article\" \/>\n<meta property=\"og:title\" content=\"TRUUSK V\u00e4ggkl\u00e4ttringsstolpe Katt - Repstolpe F\u00f6r Katter - V\u00e4ggmontering - Tr\u00e4 - Ljusgr\u00e5 + Beige - 66 x 28 x 137 cm - TRUUSK - Hem, Tr\u00e4dg\u00e5rd &amp; Fritid\" \/>\n<meta property=\"og:description\" content=\"Skrapstolpen kan monteras p\u00e5 v\u00e4ggen och best\u00e5r av 4 st hoppbr\u00e4dor och 2 katttr\u00e4d. Den solida konstruktionen \u00e4r gjord av...\" \/>\n<meta property=\"og:url\" content=\"https:\/\/truusk.store\/sv\/produkt\/truusk-vaggklattringsstolpe-katt-repstolpe-for-katter-vaggmontering-tra-ljusgra-beige-66-x-28-x-137-cm\/\" \/>\n<meta property=\"og:site_name\" content=\"TRUUSK - Hem, Tr\u00e4dg\u00e5rd &amp; Fritid\" \/>\n<meta property=\"article:modified_time\" content=\"2026-03-12T08:13:15+00:00\" \/>\n<meta property=\"og:image\" content=\"https:\/\/i0.wp.com\/truusk.se\/wp-content\/uploads\/2024\/02\/vaggklattringsstolpe-katt-klattervagg-repstolpe-kattmobel-for-vaggklattring-kul-for-katter-vaggmontering-tra-ljusgra-beige-66-x-28-x-137-cm.webp?fit=800%2C800&ssl=1\" \/>\n\t<meta property=\"og:image:width\" content=\"800\" \/>\n\t<meta property=\"og:image:height\" content=\"800\" \/>\n\t<meta property=\"og:image:type\" content=\"image\/webp\" \/>\n<meta name=\"twitter:card\" content=\"summary_large_image\" \/>\n<meta name=\"twitter:label1\" content=\"Ber\u00e4knad l\u00e4stid\" \/>\n\t<meta name=\"twitter:data1\" content=\"1 minut\" \/>\n<!-- \/ Yoast SEO plugin. -->","yoast_head_json":{"title":"TRUUSK V\u00e4ggkl\u00e4ttringsstolpe Katt - Repstolpe F\u00f6r Katter - V\u00e4ggmontering - Tr\u00e4 - Ljusgr\u00e5 + Beige - 66 x 28 x 137 cm - TRUUSK - Hem, Tr\u00e4dg\u00e5rd &amp; Fritid","robots":{"index":"index","follow":"follow","max-snippet":"max-snippet:-1","max-image-preview":"max-image-preview:large","max-video-preview":"max-video-preview:-1"},"canonical":"https:\/\/truusk.store\/sv\/produkt\/truusk-vaggklattringsstolpe-katt-repstolpe-for-katter-vaggmontering-tra-ljusgra-beige-66-x-28-x-137-cm\/","og_locale":"sv_SE","og_type":"article","og_title":"TRUUSK V\u00e4ggkl\u00e4ttringsstolpe Katt - Repstolpe F\u00f6r Katter - V\u00e4ggmontering - Tr\u00e4 - Ljusgr\u00e5 + Beige - 66 x 28 x 137 cm - TRUUSK - Hem, Tr\u00e4dg\u00e5rd &amp; Fritid","og_description":"Skrapstolpen kan monteras p\u00e5 v\u00e4ggen och best\u00e5r av 4 st hoppbr\u00e4dor och 2 katttr\u00e4d. Den solida konstruktionen \u00e4r gjord av...","og_url":"https:\/\/truusk.store\/sv\/produkt\/truusk-vaggklattringsstolpe-katt-repstolpe-for-katter-vaggmontering-tra-ljusgra-beige-66-x-28-x-137-cm\/","og_site_name":"TRUUSK - Hem, Tr\u00e4dg\u00e5rd &amp; Fritid","article_modified_time":"2026-03-12T08:13:15+00:00","og_image":[{"width":800,"height":800,"url":"https:\/\/i0.wp.com\/truusk.se\/wp-content\/uploads\/2024\/02\/vaggklattringsstolpe-katt-klattervagg-repstolpe-kattmobel-for-vaggklattring-kul-for-katter-vaggmontering-tra-ljusgra-beige-66-x-28-x-137-cm.webp?fit=800%2C800&ssl=1","type":"image\/webp"}],"twitter_card":"summary_large_image","twitter_misc":{"Ber\u00e4knad l\u00e4stid":"1 minut"},"schema":{"@context":"https:\/\/schema.org","@graph":[{"@type":"WebPage","@id":"https:\/\/truusk.store\/sv\/produkt\/truusk-vaggklattringsstolpe-katt-repstolpe-for-katter-vaggmontering-tra-ljusgra-beige-66-x-28-x-137-cm\/","url":"https:\/\/truusk.store\/sv\/produkt\/truusk-vaggklattringsstolpe-katt-repstolpe-for-katter-vaggmontering-tra-ljusgra-beige-66-x-28-x-137-cm\/","name":"TRUUSK V\u00e4ggkl\u00e4ttringsstolpe Katt - Repstolpe F\u00f6r Katter - V\u00e4ggmontering - Tr\u00e4 - Ljusgr\u00e5 + Beige - 66 x 28 x 137 cm - TRUUSK - Hem, Tr\u00e4dg\u00e5rd &amp; Fritid","isPartOf":{"@id":"https:\/\/truusk.store\/sv\/#website"},"primaryImageOfPage":{"@id":"https:\/\/truusk.store\/sv\/produkt\/truusk-vaggklattringsstolpe-katt-repstolpe-for-katter-vaggmontering-tra-ljusgra-beige-66-x-28-x-137-cm\/#primaryimage"},"image":{"@id":"https:\/\/truusk.store\/sv\/produkt\/truusk-vaggklattringsstolpe-katt-repstolpe-for-katter-vaggmontering-tra-ljusgra-beige-66-x-28-x-137-cm\/#primaryimage"},"thumbnailUrl":"https:\/\/i0.wp.com\/truusk.store\/wp-content\/uploads\/2024\/02\/vaggklattringsstolpe-katt-klattervagg-repstolpe-kattmobel-for-vaggklattring-kul-for-katter-vaggmontering-tra-ljusgra-beige-66-x-28-x-137-cm.webp?fit=800%2C800&ssl=1","datePublished":"2024-02-13T23:39:17+00:00","dateModified":"2026-03-12T08:13:15+00:00","breadcrumb":{"@id":"https:\/\/truusk.store\/sv\/produkt\/truusk-vaggklattringsstolpe-katt-repstolpe-for-katter-vaggmontering-tra-ljusgra-beige-66-x-28-x-137-cm\/#breadcrumb"},"inLanguage":"sv-SE","potentialAction":[{"@type":"ReadAction","target":["https:\/\/truusk.store\/sv\/produkt\/truusk-vaggklattringsstolpe-katt-repstolpe-for-katter-vaggmontering-tra-ljusgra-beige-66-x-28-x-137-cm\/"]}]},{"@type":"ImageObject","inLanguage":"sv-SE","@id":"https:\/\/truusk.store\/sv\/produkt\/truusk-vaggklattringsstolpe-katt-repstolpe-for-katter-vaggmontering-tra-ljusgra-beige-66-x-28-x-137-cm\/#primaryimage","url":"https:\/\/i0.wp.com\/truusk.store\/wp-content\/uploads\/2024\/02\/vaggklattringsstolpe-katt-klattervagg-repstolpe-kattmobel-for-vaggklattring-kul-for-katter-vaggmontering-tra-ljusgra-beige-66-x-28-x-137-cm.webp?fit=800%2C800&ssl=1","contentUrl":"https:\/\/i0.wp.com\/truusk.store\/wp-content\/uploads\/2024\/02\/vaggklattringsstolpe-katt-klattervagg-repstolpe-kattmobel-for-vaggklattring-kul-for-katter-vaggmontering-tra-ljusgra-beige-66-x-28-x-137-cm.webp?fit=800%2C800&ssl=1","width":800,"height":800,"caption":"V\u00e4ggkl\u00e4ttringsstolpe Katt Kl\u00e4tterv\u00e4gg Repstolpe Kattm\u00f6bel F\u00f6r V\u00e4ggkl\u00e4ttring Kul F\u00f6r Katter V\u00e4ggmontering Tr\u00e4 Ljusgr\u00e5 + Beige 66 X 28 X 137 Cm 1"},{"@type":"BreadcrumbList","@id":"https:\/\/truusk.store\/sv\/produkt\/truusk-vaggklattringsstolpe-katt-repstolpe-for-katter-vaggmontering-tra-ljusgra-beige-66-x-28-x-137-cm\/#breadcrumb","itemListElement":[{"@type":"ListItem","position":1,"name":"Home","item":"https:\/\/truusk.store\/sv\/"},{"@type":"ListItem","position":2,"name":"Shop","item":"https:\/\/truusk.store\/shop\/"},{"@type":"ListItem","position":3,"name":"TRUUSK V\u00e4ggkl\u00e4ttringsstolpe Katt &#8211; Repstolpe F\u00f6r Katter &#8211; V\u00e4ggmontering &#8211; Tr\u00e4 &#8211; Ljusgr\u00e5 + Beige &#8211; 66 x 28 x 137 cm"}]},{"@type":"WebSite","@id":"https:\/\/truusk.store\/sv\/#website","url":"https:\/\/truusk.store\/sv\/","name":"TRUUSK - Hem, Tr\u00e4dg\u00e5rd & Fritid","description":"","publisher":{"@id":"https:\/\/truusk.store\/sv\/#organization"},"potentialAction":[{"@type":"SearchAction","target":{"@type":"EntryPoint","urlTemplate":"https:\/\/truusk.store\/sv\/?s={search_term_string}"},"query-input":{"@type":"PropertyValueSpecification","valueRequired":true,"valueName":"search_term_string"}}],"inLanguage":"sv-SE"},{"@type":"Organization","@id":"https:\/\/truusk.store\/sv\/#organization","name":"TRUUSK - Hem, Tr\u00e4dg\u00e5rd & Fritid","url":"https:\/\/truusk.store\/sv\/","logo":{"@type":"ImageObject","inLanguage":"sv-SE","@id":"https:\/\/truusk.store\/sv\/#\/schema\/logo\/image\/","url":"https:\/\/i0.wp.com\/truusk.store\/wp-content\/uploads\/2026\/03\/cropped-TRUUSK.png?fit=2032%2C917&ssl=1","contentUrl":"https:\/\/i0.wp.com\/truusk.store\/wp-content\/uploads\/2026\/03\/cropped-TRUUSK.png?fit=2032%2C917&ssl=1","width":2032,"height":917,"caption":"TRUUSK - Hem, Tr\u00e4dg\u00e5rd & Fritid"},"image":{"@id":"https:\/\/truusk.store\/sv\/#\/schema\/logo\/image\/"}}]}},"jetpack_sharing_enabled":true,"_links":{"self":[{"href":"https:\/\/truusk.store\/sv\/wp-json\/wp\/v2\/product\/37204","targetHints":{"allow":["GET"]}}],"collection":[{"href":"https:\/\/truusk.store\/sv\/wp-json\/wp\/v2\/product"}],"about":[{"href":"https:\/\/truusk.store\/sv\/wp-json\/wp\/v2\/types\/product"}],"wp:featuredmedia":[{"embeddable":true,"href":"https:\/\/truusk.store\/sv\/wp-json\/wp\/v2\/media\/37205"}],"wp:attachment":[{"href":"https:\/\/truusk.store\/sv\/wp-json\/wp\/v2\/media?parent=37204"}],"wp:term":[{"taxonomy":"product_brand","embeddable":true,"href":"https:\/\/truusk.store\/sv\/wp-json\/wp\/v2\/product_brand?post=37204"},{"taxonomy":"product_cat","embeddable":true,"href":"https:\/\/truusk.store\/sv\/wp-json\/wp\/v2\/product_cat?post=37204"},{"taxonomy":"product_tag","embeddable":true,"href":"https:\/\/truusk.store\/sv\/wp-json\/wp\/v2\/product_tag?post=37204"}],"curies":[{"name":"wp","href":"https:\/\/api.w.org\/{rel}","templated":true}]}}