{"id":37262,"date":"2024-02-14T00:41:36","date_gmt":"2024-02-13T23:41:36","guid":{"rendered":"https:\/\/truusk.store\/product\/kattskap-med-2-hyllor-2-i-1-design-magnetdorr-vit\/"},"modified":"2026-03-12T09:13:16","modified_gmt":"2026-03-12T08:13:16","slug":"truusk-kattskap-med-2-hyllor-2-i-1-design-magnetdorr-vit","status":"publish","type":"product","link":"https:\/\/truusk.store\/sv\/produkt\/truusk-kattskap-med-2-hyllor-2-i-1-design-magnetdorr-vit\/","title":{"rendered":"TRUUSK Kattsk\u00e5p Med 2 Hyllor &#8211; 2-i-1 Design &#8211; Magnetd\u00f6rr &#8211; Vit"},"content":{"rendered":"<p>Denna kattl\u00e5da \u00e4r inte bara ett praktiskt katttillbeh\u00f6r, utan ocks\u00e5 ett dekorativt sidobord. Katten kan enkelt ta sig in i kattl\u00e5dan via den fr\u00e4mre ing\u00e5ngen. Kattsk\u00e5pet har en praktisk sk\u00e5pd\u00f6rr med magnetst\u00e4ngning. Oavsett om det \u00e4r som katttoalett, kattgrotta eller som sidosk\u00e5p &#8211; detta kattsk\u00e5p \u00e4r en smart och praktisk vardagsrumsl\u00f6sning f\u00f6r m\u00e4nniskor och katter.<\/p>\n<h3>Beskrivning:<\/h3>\n<ul>\n<li>Kan anv\u00e4ndas som kattsandl\u00e5da, sidobord eller f\u00f6rvaringssk\u00e5p<\/li>\n<li>Med en stor entr\u00e9\u00f6ppning i fronten<\/li>\n<li>Magnetd\u00f6rrar med st\u00e5lg\u00e5ngj\u00e4rn f\u00f6r skonsam och enkel \u00f6ppning<\/li>\n<li>Den upph\u00f6jda designen ger bra ventilation fr\u00e5n alla h\u00e5ll och skyddar din katt fr\u00e5n kyla, v\u00e4rme och insekter<\/li>\n<li>Ett stort f\u00f6rvaringsutrymme och 2 hyllor ger gott om plats f\u00f6r dekorationer, b\u00f6cker och tillbeh\u00f6r<\/li>\n<li>Montering kr\u00e4vs<\/li>\n<\/ul>\n<h3>Teknisk data:<\/h3>\n<ul>\n<li>F\u00e4rg vit<\/li>\n<li>Material: MDF<\/li>\n<li>\u00d6vergripande m\u00e5tt: 90W x 48D x 43,5H cm<\/li>\n<li>Interi\u00f6r: V\u00e4nster sida: 30W x 45,3D x 23,5H cm (\u00f6verst), 30W x 45,3D x 12H cm (nederst). H\u00f6ger sida: 56,2B x 45,3D x 36,8H cm<\/li>\n<li>Innerh\u00e5lsstorlek p\u00e5 mittavdelaren: 25,5L x 17,2W cm<\/li>\n<li>Tr storlek: 87W x 36,2H cm<\/li>\n<li>H\u00f6jd p\u00e5 bas fr\u00e5n mark: 2,8 cm<\/li>\n<li>Viktkapacitet: 20 kg (huvudrummet), 25 kg (\u00f6verst), 65 kg (full)<\/li>\n<\/ul>\n<h3>Leveransens omfattning:<\/h3>\n<ul>\n<li>1 kattsandl\u00e5da<\/li>\n<li>1 manual<\/li>\n<\/ul>\n","protected":false},"excerpt":{"rendered":"<p>Denna kattl\u00e5da \u00e4r inte bara ett praktiskt katttillbeh\u00f6r, utan ocks\u00e5 ett dekorativt sidobord. Katten kan enkelt ta sig in i&#8230;<\/p>\n","protected":false},"featured_media":37263,"template":"","meta":[],"product_brand":[],"product_cat":[573,593,588],"product_tag":[],"class_list":{"0":"post-37262","1":"product","2":"type-product","3":"status-publish","4":"has-post-thumbnail","6":"product_cat-husdjursmaterial","7":"product_cat-kattskap","8":"product_cat-katttillbehor","10":"first","11":"instock","12":"sale","13":"taxable","14":"shipping-taxable","15":"purchasable","16":"product-type-simple"},"yoast_head":"<!-- This site is optimized with the Yoast SEO plugin v25.4 - https:\/\/yoast.com\/wordpress\/plugins\/seo\/ -->\n<title>TRUUSK Kattsk\u00e5p Med 2 Hyllor - 2-i-1 Design - Magnetd\u00f6rr - Vit - TRUUSK - Hem, Tr\u00e4dg\u00e5rd &amp; Fritid<\/title>\n<meta name=\"robots\" content=\"index, follow, max-snippet:-1, max-image-preview:large, max-video-preview:-1\" \/>\n<link rel=\"canonical\" href=\"https:\/\/truusk.store\/sv\/produkt\/truusk-kattskap-med-2-hyllor-2-i-1-design-magnetdorr-vit\/\" \/>\n<meta property=\"og:locale\" content=\"sv_SE\" \/>\n<meta property=\"og:type\" content=\"article\" \/>\n<meta property=\"og:title\" content=\"TRUUSK Kattsk\u00e5p Med 2 Hyllor - 2-i-1 Design - Magnetd\u00f6rr - Vit - TRUUSK - Hem, Tr\u00e4dg\u00e5rd &amp; Fritid\" \/>\n<meta property=\"og:description\" content=\"Denna kattl\u00e5da \u00e4r inte bara ett praktiskt katttillbeh\u00f6r, utan ocks\u00e5 ett dekorativt sidobord. Katten kan enkelt ta sig in i...\" \/>\n<meta property=\"og:url\" content=\"https:\/\/truusk.store\/sv\/produkt\/truusk-kattskap-med-2-hyllor-2-i-1-design-magnetdorr-vit\/\" \/>\n<meta property=\"og:site_name\" content=\"TRUUSK - Hem, Tr\u00e4dg\u00e5rd &amp; Fritid\" \/>\n<meta property=\"article:modified_time\" content=\"2026-03-12T08:13:16+00:00\" \/>\n<meta property=\"og:image\" content=\"https:\/\/i0.wp.com\/truusk.se\/wp-content\/uploads\/2024\/02\/kattskap-med-2-hyllor-2-i-1-design-magnetdorr-vit.webp?fit=800%2C800&ssl=1\" \/>\n\t<meta property=\"og:image:width\" content=\"800\" \/>\n\t<meta property=\"og:image:height\" content=\"800\" \/>\n\t<meta property=\"og:image:type\" content=\"image\/webp\" \/>\n<meta name=\"twitter:card\" content=\"summary_large_image\" \/>\n<meta name=\"twitter:label1\" content=\"Ber\u00e4knad l\u00e4stid\" \/>\n\t<meta name=\"twitter:data1\" content=\"1 minut\" \/>\n<!-- \/ Yoast SEO plugin. -->","yoast_head_json":{"title":"TRUUSK Kattsk\u00e5p Med 2 Hyllor - 2-i-1 Design - Magnetd\u00f6rr - Vit - TRUUSK - Hem, Tr\u00e4dg\u00e5rd &amp; Fritid","robots":{"index":"index","follow":"follow","max-snippet":"max-snippet:-1","max-image-preview":"max-image-preview:large","max-video-preview":"max-video-preview:-1"},"canonical":"https:\/\/truusk.store\/sv\/produkt\/truusk-kattskap-med-2-hyllor-2-i-1-design-magnetdorr-vit\/","og_locale":"sv_SE","og_type":"article","og_title":"TRUUSK Kattsk\u00e5p Med 2 Hyllor - 2-i-1 Design - Magnetd\u00f6rr - Vit - TRUUSK - Hem, Tr\u00e4dg\u00e5rd &amp; Fritid","og_description":"Denna kattl\u00e5da \u00e4r inte bara ett praktiskt katttillbeh\u00f6r, utan ocks\u00e5 ett dekorativt sidobord. Katten kan enkelt ta sig in i...","og_url":"https:\/\/truusk.store\/sv\/produkt\/truusk-kattskap-med-2-hyllor-2-i-1-design-magnetdorr-vit\/","og_site_name":"TRUUSK - Hem, Tr\u00e4dg\u00e5rd &amp; Fritid","article_modified_time":"2026-03-12T08:13:16+00:00","og_image":[{"width":800,"height":800,"url":"https:\/\/i0.wp.com\/truusk.se\/wp-content\/uploads\/2024\/02\/kattskap-med-2-hyllor-2-i-1-design-magnetdorr-vit.webp?fit=800%2C800&ssl=1","type":"image\/webp"}],"twitter_card":"summary_large_image","twitter_misc":{"Ber\u00e4knad l\u00e4stid":"1 minut"},"schema":{"@context":"https:\/\/schema.org","@graph":[{"@type":"WebPage","@id":"https:\/\/truusk.store\/sv\/produkt\/truusk-kattskap-med-2-hyllor-2-i-1-design-magnetdorr-vit\/","url":"https:\/\/truusk.store\/sv\/produkt\/truusk-kattskap-med-2-hyllor-2-i-1-design-magnetdorr-vit\/","name":"TRUUSK Kattsk\u00e5p Med 2 Hyllor - 2-i-1 Design - Magnetd\u00f6rr - Vit - TRUUSK - Hem, Tr\u00e4dg\u00e5rd &amp; Fritid","isPartOf":{"@id":"https:\/\/truusk.store\/sv\/#website"},"primaryImageOfPage":{"@id":"https:\/\/truusk.store\/sv\/produkt\/truusk-kattskap-med-2-hyllor-2-i-1-design-magnetdorr-vit\/#primaryimage"},"image":{"@id":"https:\/\/truusk.store\/sv\/produkt\/truusk-kattskap-med-2-hyllor-2-i-1-design-magnetdorr-vit\/#primaryimage"},"thumbnailUrl":"https:\/\/i0.wp.com\/truusk.store\/wp-content\/uploads\/2024\/02\/kattskap-med-2-hyllor-2-i-1-design-magnetdorr-vit.webp?fit=800%2C800&ssl=1","datePublished":"2024-02-13T23:41:36+00:00","dateModified":"2026-03-12T08:13:16+00:00","breadcrumb":{"@id":"https:\/\/truusk.store\/sv\/produkt\/truusk-kattskap-med-2-hyllor-2-i-1-design-magnetdorr-vit\/#breadcrumb"},"inLanguage":"sv-SE","potentialAction":[{"@type":"ReadAction","target":["https:\/\/truusk.store\/sv\/produkt\/truusk-kattskap-med-2-hyllor-2-i-1-design-magnetdorr-vit\/"]}]},{"@type":"ImageObject","inLanguage":"sv-SE","@id":"https:\/\/truusk.store\/sv\/produkt\/truusk-kattskap-med-2-hyllor-2-i-1-design-magnetdorr-vit\/#primaryimage","url":"https:\/\/i0.wp.com\/truusk.store\/wp-content\/uploads\/2024\/02\/kattskap-med-2-hyllor-2-i-1-design-magnetdorr-vit.webp?fit=800%2C800&ssl=1","contentUrl":"https:\/\/i0.wp.com\/truusk.store\/wp-content\/uploads\/2024\/02\/kattskap-med-2-hyllor-2-i-1-design-magnetdorr-vit.webp?fit=800%2C800&ssl=1","width":800,"height":800,"caption":"Kattsk\u00e5p Med 2 Hyllor 2-i-1 Design Magnetd\u00f6rr Vit 1"},{"@type":"BreadcrumbList","@id":"https:\/\/truusk.store\/sv\/produkt\/truusk-kattskap-med-2-hyllor-2-i-1-design-magnetdorr-vit\/#breadcrumb","itemListElement":[{"@type":"ListItem","position":1,"name":"Home","item":"https:\/\/truusk.store\/sv\/"},{"@type":"ListItem","position":2,"name":"Shop","item":"https:\/\/truusk.store\/shop\/"},{"@type":"ListItem","position":3,"name":"TRUUSK Kattsk\u00e5p Med 2 Hyllor &#8211; 2-i-1 Design &#8211; Magnetd\u00f6rr &#8211; Vit"}]},{"@type":"WebSite","@id":"https:\/\/truusk.store\/sv\/#website","url":"https:\/\/truusk.store\/sv\/","name":"TRUUSK - Hem, Tr\u00e4dg\u00e5rd & Fritid","description":"","publisher":{"@id":"https:\/\/truusk.store\/sv\/#organization"},"potentialAction":[{"@type":"SearchAction","target":{"@type":"EntryPoint","urlTemplate":"https:\/\/truusk.store\/sv\/?s={search_term_string}"},"query-input":{"@type":"PropertyValueSpecification","valueRequired":true,"valueName":"search_term_string"}}],"inLanguage":"sv-SE"},{"@type":"Organization","@id":"https:\/\/truusk.store\/sv\/#organization","name":"TRUUSK - Hem, Tr\u00e4dg\u00e5rd & Fritid","url":"https:\/\/truusk.store\/sv\/","logo":{"@type":"ImageObject","inLanguage":"sv-SE","@id":"https:\/\/truusk.store\/sv\/#\/schema\/logo\/image\/","url":"https:\/\/i0.wp.com\/truusk.store\/wp-content\/uploads\/2026\/03\/cropped-TRUUSK.png?fit=2032%2C917&ssl=1","contentUrl":"https:\/\/i0.wp.com\/truusk.store\/wp-content\/uploads\/2026\/03\/cropped-TRUUSK.png?fit=2032%2C917&ssl=1","width":2032,"height":917,"caption":"TRUUSK - Hem, Tr\u00e4dg\u00e5rd & Fritid"},"image":{"@id":"https:\/\/truusk.store\/sv\/#\/schema\/logo\/image\/"}}]}},"jetpack_sharing_enabled":true,"_links":{"self":[{"href":"https:\/\/truusk.store\/sv\/wp-json\/wp\/v2\/product\/37262","targetHints":{"allow":["GET"]}}],"collection":[{"href":"https:\/\/truusk.store\/sv\/wp-json\/wp\/v2\/product"}],"about":[{"href":"https:\/\/truusk.store\/sv\/wp-json\/wp\/v2\/types\/product"}],"wp:featuredmedia":[{"embeddable":true,"href":"https:\/\/truusk.store\/sv\/wp-json\/wp\/v2\/media\/37263"}],"wp:attachment":[{"href":"https:\/\/truusk.store\/sv\/wp-json\/wp\/v2\/media?parent=37262"}],"wp:term":[{"taxonomy":"product_brand","embeddable":true,"href":"https:\/\/truusk.store\/sv\/wp-json\/wp\/v2\/product_brand?post=37262"},{"taxonomy":"product_cat","embeddable":true,"href":"https:\/\/truusk.store\/sv\/wp-json\/wp\/v2\/product_cat?post=37262"},{"taxonomy":"product_tag","embeddable":true,"href":"https:\/\/truusk.store\/sv\/wp-json\/wp\/v2\/product_tag?post=37262"}],"curies":[{"name":"wp","href":"https:\/\/api.w.org\/{rel}","templated":true}]}}