{"id":37306,"date":"2024-02-14T00:43:04","date_gmt":"2024-02-13T23:43:04","guid":{"rendered":"https:\/\/truusk.store\/product\/kattoalett-med-huva-for-katter-upp-till-5-kg-kattoalett-med-lock-natbas-plast-vit-55-x-40-x-39-cm\/"},"modified":"2026-03-12T09:13:17","modified_gmt":"2026-03-12T08:13:17","slug":"truusk-kattlada-med-lock-for-katter-upp-till-5-kg-plast-med-natbas-vit-55-x-40-x-39-cm","status":"publish","type":"product","link":"https:\/\/truusk.store\/sv\/produkt\/truusk-kattlada-med-lock-for-katter-upp-till-5-kg-plast-med-natbas-vit-55-x-40-x-39-cm\/","title":{"rendered":"TRUUSK Kattl\u00e5da med lock f\u00f6r katter upp till 5 kg &#8211; Plast med n\u00e4tbas &#8211; Vit &#8211; 55 x 40 x 39 cm"},"content":{"rendered":"<p>Denna kattl\u00e5da erbjuder din katt ett skyddat utrymme att g\u00f6ra sina aff\u00e4rer ost\u00f6rt, s\u00e5 att den k\u00e4nner sig s\u00e4rskilt bekv\u00e4m. Toaletten best\u00e5r av ett rej\u00e4lt hus utrustat med en tunnelliknande ing\u00e5ng med n\u00e4tbotten f\u00f6r att sl\u00e4ppa ut kattsand fr\u00e5n din katts tassar och h\u00e5lla dina rum rena. Det g\u00e5ngj\u00e4rnsf\u00f6rsedda locket, den avtagbara nedre sk\u00e5len och den medf\u00f6ljande spridningsskopan g\u00f6r reng\u00f6ringen extra enkel.<\/p>\n<h3>Beskrivning:<\/h3>\n<ul>\n<li>Inkluderar spridningsskopa och g\u00e5ngj\u00e4rnslock f\u00f6r snabb och enkel reng\u00f6ring<\/li>\n<li>Stort utrymme ger din katt avskildhet n\u00e4r du anv\u00e4nder den<\/li>\n<li>Skr\u00e4pf\u00e5ngare f\u00f6rhindrar att skr\u00e4p sprids<\/li>\n<li>Plasthus \u00e4r stabilt och h\u00e5llbart<\/li>\n<li>Montering kr\u00e4vs<\/li>\n<\/ul>\n<h3>Teknisk data:<\/h3>\n<ul>\n<li>F\u00e4rg: Vit+Ljusgr\u00e5<\/li>\n<li>Material: Plast<\/li>\n<li>\u00d6vergripande m\u00e5tt: 55L x 40W x 39H cm<\/li>\n<li>M\u00e5tt ing\u00e5ng: 18,5L x 18,5W cm<\/li>\n<li>M\u00e5tt p\u00e5 nedre sk\u00e5l: 50L x 35W x 10H cm<\/li>\n<li>\u00d6ppningsskiva: 43L x 27W cm<\/li>\n<\/ul>\n<h3>Leveransens omfattning:<\/h3>\n<ul>\n<li>1 x kattl\u00e5da<\/li>\n<li>1 x kattsandskopa<\/li>\n<li>1 x Instruktioner<\/li>\n<\/ul>\n","protected":false},"excerpt":{"rendered":"<p>Denna kattl\u00e5da erbjuder din katt ett skyddat utrymme att g\u00f6ra sina aff\u00e4rer ost\u00f6rt, s\u00e5 att den k\u00e4nner sig s\u00e4rskilt bekv\u00e4m&#8230;.<\/p>\n","protected":false},"featured_media":37307,"template":"","meta":[],"product_brand":[],"product_cat":[573,594,588],"product_tag":[],"class_list":{"0":"post-37306","1":"product","2":"type-product","3":"status-publish","4":"has-post-thumbnail","6":"product_cat-husdjursmaterial","7":"product_cat-kattlador","8":"product_cat-katttillbehor","10":"first","11":"instock","12":"sale","13":"taxable","14":"shipping-taxable","15":"purchasable","16":"product-type-simple"},"yoast_head":"<!-- This site is optimized with the Yoast SEO plugin v25.4 - https:\/\/yoast.com\/wordpress\/plugins\/seo\/ -->\n<title>TRUUSK Kattl\u00e5da med lock f\u00f6r katter upp till 5 kg - Plast med n\u00e4tbas - Vit - 55 x 40 x 39 cm - TRUUSK - Hem, Tr\u00e4dg\u00e5rd &amp; Fritid<\/title>\n<meta name=\"robots\" content=\"index, follow, max-snippet:-1, max-image-preview:large, max-video-preview:-1\" \/>\n<link rel=\"canonical\" href=\"https:\/\/truusk.store\/sv\/produkt\/truusk-kattlada-med-lock-for-katter-upp-till-5-kg-plast-med-natbas-vit-55-x-40-x-39-cm\/\" \/>\n<meta property=\"og:locale\" content=\"sv_SE\" \/>\n<meta property=\"og:type\" content=\"article\" \/>\n<meta property=\"og:title\" content=\"TRUUSK Kattl\u00e5da med lock f\u00f6r katter upp till 5 kg - Plast med n\u00e4tbas - Vit - 55 x 40 x 39 cm - TRUUSK - Hem, Tr\u00e4dg\u00e5rd &amp; Fritid\" \/>\n<meta property=\"og:description\" content=\"Denna kattl\u00e5da erbjuder din katt ett skyddat utrymme att g\u00f6ra sina aff\u00e4rer ost\u00f6rt, s\u00e5 att den k\u00e4nner sig s\u00e4rskilt bekv\u00e4m....\" \/>\n<meta property=\"og:url\" content=\"https:\/\/truusk.store\/sv\/produkt\/truusk-kattlada-med-lock-for-katter-upp-till-5-kg-plast-med-natbas-vit-55-x-40-x-39-cm\/\" \/>\n<meta property=\"og:site_name\" content=\"TRUUSK - Hem, Tr\u00e4dg\u00e5rd &amp; Fritid\" \/>\n<meta property=\"article:modified_time\" content=\"2026-03-12T08:13:17+00:00\" \/>\n<meta property=\"og:image\" content=\"https:\/\/i0.wp.com\/truusk.se\/wp-content\/uploads\/2024\/02\/kattoalett-med-huva-for-katter-upp-till-5-kg-kattoalett-med-lock-natbas-plast-vit-55-x-40-x-39-cm.webp?fit=800%2C800&ssl=1\" \/>\n\t<meta property=\"og:image:width\" content=\"800\" \/>\n\t<meta property=\"og:image:height\" content=\"800\" \/>\n\t<meta property=\"og:image:type\" content=\"image\/webp\" \/>\n<meta name=\"twitter:card\" content=\"summary_large_image\" \/>\n<meta name=\"twitter:label1\" content=\"Ber\u00e4knad l\u00e4stid\" \/>\n\t<meta name=\"twitter:data1\" content=\"1 minut\" \/>\n<!-- \/ Yoast SEO plugin. -->","yoast_head_json":{"title":"TRUUSK Kattl\u00e5da med lock f\u00f6r katter upp till 5 kg - Plast med n\u00e4tbas - Vit - 55 x 40 x 39 cm - TRUUSK - Hem, Tr\u00e4dg\u00e5rd &amp; Fritid","robots":{"index":"index","follow":"follow","max-snippet":"max-snippet:-1","max-image-preview":"max-image-preview:large","max-video-preview":"max-video-preview:-1"},"canonical":"https:\/\/truusk.store\/sv\/produkt\/truusk-kattlada-med-lock-for-katter-upp-till-5-kg-plast-med-natbas-vit-55-x-40-x-39-cm\/","og_locale":"sv_SE","og_type":"article","og_title":"TRUUSK Kattl\u00e5da med lock f\u00f6r katter upp till 5 kg - Plast med n\u00e4tbas - Vit - 55 x 40 x 39 cm - TRUUSK - Hem, Tr\u00e4dg\u00e5rd &amp; Fritid","og_description":"Denna kattl\u00e5da erbjuder din katt ett skyddat utrymme att g\u00f6ra sina aff\u00e4rer ost\u00f6rt, s\u00e5 att den k\u00e4nner sig s\u00e4rskilt bekv\u00e4m....","og_url":"https:\/\/truusk.store\/sv\/produkt\/truusk-kattlada-med-lock-for-katter-upp-till-5-kg-plast-med-natbas-vit-55-x-40-x-39-cm\/","og_site_name":"TRUUSK - Hem, Tr\u00e4dg\u00e5rd &amp; Fritid","article_modified_time":"2026-03-12T08:13:17+00:00","og_image":[{"width":800,"height":800,"url":"https:\/\/i0.wp.com\/truusk.se\/wp-content\/uploads\/2024\/02\/kattoalett-med-huva-for-katter-upp-till-5-kg-kattoalett-med-lock-natbas-plast-vit-55-x-40-x-39-cm.webp?fit=800%2C800&ssl=1","type":"image\/webp"}],"twitter_card":"summary_large_image","twitter_misc":{"Ber\u00e4knad l\u00e4stid":"1 minut"},"schema":{"@context":"https:\/\/schema.org","@graph":[{"@type":"WebPage","@id":"https:\/\/truusk.store\/sv\/produkt\/truusk-kattlada-med-lock-for-katter-upp-till-5-kg-plast-med-natbas-vit-55-x-40-x-39-cm\/","url":"https:\/\/truusk.store\/sv\/produkt\/truusk-kattlada-med-lock-for-katter-upp-till-5-kg-plast-med-natbas-vit-55-x-40-x-39-cm\/","name":"TRUUSK Kattl\u00e5da med lock f\u00f6r katter upp till 5 kg - Plast med n\u00e4tbas - Vit - 55 x 40 x 39 cm - TRUUSK - Hem, Tr\u00e4dg\u00e5rd &amp; Fritid","isPartOf":{"@id":"https:\/\/truusk.store\/sv\/#website"},"primaryImageOfPage":{"@id":"https:\/\/truusk.store\/sv\/produkt\/truusk-kattlada-med-lock-for-katter-upp-till-5-kg-plast-med-natbas-vit-55-x-40-x-39-cm\/#primaryimage"},"image":{"@id":"https:\/\/truusk.store\/sv\/produkt\/truusk-kattlada-med-lock-for-katter-upp-till-5-kg-plast-med-natbas-vit-55-x-40-x-39-cm\/#primaryimage"},"thumbnailUrl":"https:\/\/i0.wp.com\/truusk.store\/wp-content\/uploads\/2024\/02\/kattoalett-med-huva-for-katter-upp-till-5-kg-kattoalett-med-lock-natbas-plast-vit-55-x-40-x-39-cm.webp?fit=800%2C800&ssl=1","datePublished":"2024-02-13T23:43:04+00:00","dateModified":"2026-03-12T08:13:17+00:00","breadcrumb":{"@id":"https:\/\/truusk.store\/sv\/produkt\/truusk-kattlada-med-lock-for-katter-upp-till-5-kg-plast-med-natbas-vit-55-x-40-x-39-cm\/#breadcrumb"},"inLanguage":"sv-SE","potentialAction":[{"@type":"ReadAction","target":["https:\/\/truusk.store\/sv\/produkt\/truusk-kattlada-med-lock-for-katter-upp-till-5-kg-plast-med-natbas-vit-55-x-40-x-39-cm\/"]}]},{"@type":"ImageObject","inLanguage":"sv-SE","@id":"https:\/\/truusk.store\/sv\/produkt\/truusk-kattlada-med-lock-for-katter-upp-till-5-kg-plast-med-natbas-vit-55-x-40-x-39-cm\/#primaryimage","url":"https:\/\/i0.wp.com\/truusk.store\/wp-content\/uploads\/2024\/02\/kattoalett-med-huva-for-katter-upp-till-5-kg-kattoalett-med-lock-natbas-plast-vit-55-x-40-x-39-cm.webp?fit=800%2C800&ssl=1","contentUrl":"https:\/\/i0.wp.com\/truusk.store\/wp-content\/uploads\/2024\/02\/kattoalett-med-huva-for-katter-upp-till-5-kg-kattoalett-med-lock-natbas-plast-vit-55-x-40-x-39-cm.webp?fit=800%2C800&ssl=1","width":800,"height":800,"caption":"Kattoalett Med Huva F\u00f6r Katter Upp Till 5 Kg Kattoalett Med Lock, N\u00e4tbas, Plast, Vit, 55 X 40 X 39 Cm 1"},{"@type":"BreadcrumbList","@id":"https:\/\/truusk.store\/sv\/produkt\/truusk-kattlada-med-lock-for-katter-upp-till-5-kg-plast-med-natbas-vit-55-x-40-x-39-cm\/#breadcrumb","itemListElement":[{"@type":"ListItem","position":1,"name":"Home","item":"https:\/\/truusk.store\/sv\/"},{"@type":"ListItem","position":2,"name":"Shop","item":"https:\/\/truusk.store\/shop\/"},{"@type":"ListItem","position":3,"name":"TRUUSK Kattl\u00e5da med lock f\u00f6r katter upp till 5 kg &#8211; Plast med n\u00e4tbas &#8211; Vit &#8211; 55 x 40 x 39 cm"}]},{"@type":"WebSite","@id":"https:\/\/truusk.store\/sv\/#website","url":"https:\/\/truusk.store\/sv\/","name":"TRUUSK - Hem, Tr\u00e4dg\u00e5rd & Fritid","description":"","publisher":{"@id":"https:\/\/truusk.store\/sv\/#organization"},"potentialAction":[{"@type":"SearchAction","target":{"@type":"EntryPoint","urlTemplate":"https:\/\/truusk.store\/sv\/?s={search_term_string}"},"query-input":{"@type":"PropertyValueSpecification","valueRequired":true,"valueName":"search_term_string"}}],"inLanguage":"sv-SE"},{"@type":"Organization","@id":"https:\/\/truusk.store\/sv\/#organization","name":"TRUUSK - Hem, Tr\u00e4dg\u00e5rd & Fritid","url":"https:\/\/truusk.store\/sv\/","logo":{"@type":"ImageObject","inLanguage":"sv-SE","@id":"https:\/\/truusk.store\/sv\/#\/schema\/logo\/image\/","url":"https:\/\/i0.wp.com\/truusk.store\/wp-content\/uploads\/2026\/03\/cropped-TRUUSK.png?fit=2032%2C917&ssl=1","contentUrl":"https:\/\/i0.wp.com\/truusk.store\/wp-content\/uploads\/2026\/03\/cropped-TRUUSK.png?fit=2032%2C917&ssl=1","width":2032,"height":917,"caption":"TRUUSK - Hem, Tr\u00e4dg\u00e5rd & Fritid"},"image":{"@id":"https:\/\/truusk.store\/sv\/#\/schema\/logo\/image\/"}}]}},"jetpack_sharing_enabled":true,"_links":{"self":[{"href":"https:\/\/truusk.store\/sv\/wp-json\/wp\/v2\/product\/37306","targetHints":{"allow":["GET"]}}],"collection":[{"href":"https:\/\/truusk.store\/sv\/wp-json\/wp\/v2\/product"}],"about":[{"href":"https:\/\/truusk.store\/sv\/wp-json\/wp\/v2\/types\/product"}],"wp:featuredmedia":[{"embeddable":true,"href":"https:\/\/truusk.store\/sv\/wp-json\/wp\/v2\/media\/37307"}],"wp:attachment":[{"href":"https:\/\/truusk.store\/sv\/wp-json\/wp\/v2\/media?parent=37306"}],"wp:term":[{"taxonomy":"product_brand","embeddable":true,"href":"https:\/\/truusk.store\/sv\/wp-json\/wp\/v2\/product_brand?post=37306"},{"taxonomy":"product_cat","embeddable":true,"href":"https:\/\/truusk.store\/sv\/wp-json\/wp\/v2\/product_cat?post=37306"},{"taxonomy":"product_tag","embeddable":true,"href":"https:\/\/truusk.store\/sv\/wp-json\/wp\/v2\/product_tag?post=37306"}],"curies":[{"name":"wp","href":"https:\/\/api.w.org\/{rel}","templated":true}]}}