{"id":37327,"date":"2024-02-14T00:43:43","date_gmt":"2024-02-13T23:43:43","guid":{"rendered":"https:\/\/truusk.store\/product\/hundhus-i-tra-kattgrotta-inomhus-katthus-sovplats-for-hund-med-kuddar-hundhus-hundgrotta-med-sluttande-tak-for-sma-hundar-upp-till-8-kg-60-x-40-x-592-cm\/"},"modified":"2026-03-12T09:13:17","modified_gmt":"2026-03-12T08:13:17","slug":"truusk-hundhus-i-tra-kattgrotta-inomhus-sovplats-med-kuddar-for-hundar-upp-till-8-kg-60-x-40-x-592-cm","status":"publish","type":"product","link":"https:\/\/truusk.store\/sv\/produkt\/truusk-hundhus-i-tra-kattgrotta-inomhus-sovplats-med-kuddar-for-hundar-upp-till-8-kg-60-x-40-x-592-cm\/","title":{"rendered":"TRUUSK Hundhus i Tr\u00e4 &#8211; Kattgrotta Inomhus &#8211; Sovplats med Kuddar &#8211; F\u00f6r Hundar Upp Till 8 kg &#8211; 60 x 40 x 59,2 cm"},"content":{"rendered":"<p>Dina hundar kommer att \u00e4lska detta hundhus. Denna hydda kommer i en rustik design och har ett stort innerutrymme s\u00e5 att dina hundar har en rymlig plats att vila p\u00e5. Ytterd\u00f6rren ger enkel \u00e5tkomst och s\u00e4kerst\u00e4ller god ventilation. En mjuk, tv\u00e4ttbar, vadderad kudde ing\u00e5r f\u00f6r extra komfort. Snygg och funktionell, det \u00e4r ett bra komplement till ditt hem.<\/p>\n<h3>Beskrivning:<\/h3>\n<ul>\n<li>Hundhuset i koja \u00e4r ett attraktivt tillskott till ditt hem<\/li>\n<li>Ett bra st\u00e4lle f\u00f6r hundar att vila och ta en tupplur<\/li>\n<li>Det mjuka kuddfodralet kan tas bort f\u00f6r enkel reng\u00f6ring<\/li>\n<li>Den fr\u00e4mre \u00f6ppningen s\u00e4kerst\u00e4ller b\u00e4ttre luftcirkulation och g\u00f6r det l\u00e4tt att ta sig in och ut<\/li>\n<li>L\u00e4mplig f\u00f6r sm\u00e5 hundar upp till 8 kg och upp till en axelh\u00f6jd p\u00e5 50 cm.<\/li>\n<li>Montering kr\u00e4vs<\/li>\n<\/ul>\n<h3>Teknisk data:<\/h3>\n<ul>\n<li>F\u00e4rg: Natural+Kaffebrun+Gr\u00e4ddvit<\/li>\n<li>Material: MDF, sp\u00e5nskiva, polyester, skum<\/li>\n<li>\u00d6vergripande m\u00e5tt: 60W x 40D x 59,2H cm<\/li>\n<li>Huvudhusets m\u00e5tt: 56,6 B x 35,2 B x 55 H cm. M\u00e5tt p\u00e5 front\u00f6ppningen: 32W x 40H cm<\/li>\n<li>Takh\u00f6jd: 35,5 cm (v\u00e4nster), 17,7 cm (h\u00f6ger)<\/li>\n<li>Kuddstorlek: 56,5W x 35D x 3D cm<\/li>\n<\/ul>\n<h3>Leveransens omfattning:<\/h3>\n<ul>\n<li>1 x hundhus<\/li>\n<li>1 x Instruktioner<\/li>\n<\/ul>\n","protected":false},"excerpt":{"rendered":"<p>Dina hundar kommer att \u00e4lska detta hundhus. Denna hydda kommer i en rustik design och har ett stort innerutrymme s\u00e5&#8230;<\/p>\n","protected":false},"featured_media":37328,"template":"","meta":[],"product_brand":[],"product_cat":[584,574,573],"product_tag":[],"class_list":{"0":"post-37327","1":"product","2":"type-product","3":"status-publish","4":"has-post-thumbnail","6":"product_cat-hundkojor","7":"product_cat-hundtillbehor","8":"product_cat-husdjursmaterial","10":"first","11":"instock","12":"sale","13":"taxable","14":"shipping-taxable","15":"purchasable","16":"product-type-simple"},"yoast_head":"<!-- This site is optimized with the Yoast SEO plugin v25.4 - https:\/\/yoast.com\/wordpress\/plugins\/seo\/ -->\n<title>TRUUSK Hundhus i Tr\u00e4 - Kattgrotta Inomhus - Sovplats med Kuddar - F\u00f6r Hundar Upp Till 8 kg - 60 x 40 x 59,2 cm - TRUUSK - Hem, Tr\u00e4dg\u00e5rd &amp; Fritid<\/title>\n<meta name=\"robots\" content=\"index, follow, max-snippet:-1, max-image-preview:large, max-video-preview:-1\" \/>\n<link rel=\"canonical\" href=\"https:\/\/truusk.store\/sv\/produkt\/truusk-hundhus-i-tra-kattgrotta-inomhus-sovplats-med-kuddar-for-hundar-upp-till-8-kg-60-x-40-x-592-cm\/\" \/>\n<meta property=\"og:locale\" content=\"sv_SE\" \/>\n<meta property=\"og:type\" content=\"article\" \/>\n<meta property=\"og:title\" content=\"TRUUSK Hundhus i Tr\u00e4 - Kattgrotta Inomhus - Sovplats med Kuddar - F\u00f6r Hundar Upp Till 8 kg - 60 x 40 x 59,2 cm - TRUUSK - Hem, Tr\u00e4dg\u00e5rd &amp; Fritid\" \/>\n<meta property=\"og:description\" content=\"Dina hundar kommer att \u00e4lska detta hundhus. Denna hydda kommer i en rustik design och har ett stort innerutrymme s\u00e5...\" \/>\n<meta property=\"og:url\" content=\"https:\/\/truusk.store\/sv\/produkt\/truusk-hundhus-i-tra-kattgrotta-inomhus-sovplats-med-kuddar-for-hundar-upp-till-8-kg-60-x-40-x-592-cm\/\" \/>\n<meta property=\"og:site_name\" content=\"TRUUSK - Hem, Tr\u00e4dg\u00e5rd &amp; Fritid\" \/>\n<meta property=\"article:modified_time\" content=\"2026-03-12T08:13:17+00:00\" \/>\n<meta property=\"og:image\" content=\"https:\/\/i0.wp.com\/truusk.se\/wp-content\/uploads\/2024\/02\/hundhus-i-tra-kattgrotta-inomhus-katthus-sovplats-for-hund-med-kuddar-hundhus-hundgrotta-med-sluttande-tak-for-sma-hundar-upp-till-8-kg-60-x-40-x-592-cm.webp?fit=800%2C800&ssl=1\" \/>\n\t<meta property=\"og:image:width\" content=\"800\" \/>\n\t<meta property=\"og:image:height\" content=\"800\" \/>\n\t<meta property=\"og:image:type\" content=\"image\/webp\" \/>\n<meta name=\"twitter:card\" content=\"summary_large_image\" \/>\n<meta name=\"twitter:label1\" content=\"Ber\u00e4knad l\u00e4stid\" \/>\n\t<meta name=\"twitter:data1\" content=\"1 minut\" \/>\n<!-- \/ Yoast SEO plugin. -->","yoast_head_json":{"title":"TRUUSK Hundhus i Tr\u00e4 - Kattgrotta Inomhus - Sovplats med Kuddar - F\u00f6r Hundar Upp Till 8 kg - 60 x 40 x 59,2 cm - TRUUSK - Hem, Tr\u00e4dg\u00e5rd &amp; Fritid","robots":{"index":"index","follow":"follow","max-snippet":"max-snippet:-1","max-image-preview":"max-image-preview:large","max-video-preview":"max-video-preview:-1"},"canonical":"https:\/\/truusk.store\/sv\/produkt\/truusk-hundhus-i-tra-kattgrotta-inomhus-sovplats-med-kuddar-for-hundar-upp-till-8-kg-60-x-40-x-592-cm\/","og_locale":"sv_SE","og_type":"article","og_title":"TRUUSK Hundhus i Tr\u00e4 - Kattgrotta Inomhus - Sovplats med Kuddar - F\u00f6r Hundar Upp Till 8 kg - 60 x 40 x 59,2 cm - TRUUSK - Hem, Tr\u00e4dg\u00e5rd &amp; Fritid","og_description":"Dina hundar kommer att \u00e4lska detta hundhus. Denna hydda kommer i en rustik design och har ett stort innerutrymme s\u00e5...","og_url":"https:\/\/truusk.store\/sv\/produkt\/truusk-hundhus-i-tra-kattgrotta-inomhus-sovplats-med-kuddar-for-hundar-upp-till-8-kg-60-x-40-x-592-cm\/","og_site_name":"TRUUSK - Hem, Tr\u00e4dg\u00e5rd &amp; Fritid","article_modified_time":"2026-03-12T08:13:17+00:00","og_image":[{"width":800,"height":800,"url":"https:\/\/i0.wp.com\/truusk.se\/wp-content\/uploads\/2024\/02\/hundhus-i-tra-kattgrotta-inomhus-katthus-sovplats-for-hund-med-kuddar-hundhus-hundgrotta-med-sluttande-tak-for-sma-hundar-upp-till-8-kg-60-x-40-x-592-cm.webp?fit=800%2C800&ssl=1","type":"image\/webp"}],"twitter_card":"summary_large_image","twitter_misc":{"Ber\u00e4knad l\u00e4stid":"1 minut"},"schema":{"@context":"https:\/\/schema.org","@graph":[{"@type":"WebPage","@id":"https:\/\/truusk.store\/sv\/produkt\/truusk-hundhus-i-tra-kattgrotta-inomhus-sovplats-med-kuddar-for-hundar-upp-till-8-kg-60-x-40-x-592-cm\/","url":"https:\/\/truusk.store\/sv\/produkt\/truusk-hundhus-i-tra-kattgrotta-inomhus-sovplats-med-kuddar-for-hundar-upp-till-8-kg-60-x-40-x-592-cm\/","name":"TRUUSK Hundhus i Tr\u00e4 - Kattgrotta Inomhus - Sovplats med Kuddar - F\u00f6r Hundar Upp Till 8 kg - 60 x 40 x 59,2 cm - TRUUSK - Hem, Tr\u00e4dg\u00e5rd &amp; Fritid","isPartOf":{"@id":"https:\/\/truusk.store\/sv\/#website"},"primaryImageOfPage":{"@id":"https:\/\/truusk.store\/sv\/produkt\/truusk-hundhus-i-tra-kattgrotta-inomhus-sovplats-med-kuddar-for-hundar-upp-till-8-kg-60-x-40-x-592-cm\/#primaryimage"},"image":{"@id":"https:\/\/truusk.store\/sv\/produkt\/truusk-hundhus-i-tra-kattgrotta-inomhus-sovplats-med-kuddar-for-hundar-upp-till-8-kg-60-x-40-x-592-cm\/#primaryimage"},"thumbnailUrl":"https:\/\/i0.wp.com\/truusk.store\/wp-content\/uploads\/2024\/02\/hundhus-i-tra-kattgrotta-inomhus-katthus-sovplats-for-hund-med-kuddar-hundhus-hundgrotta-med-sluttande-tak-for-sma-hundar-upp-till-8-kg-60-x-40-x-592-cm.webp?fit=800%2C800&ssl=1","datePublished":"2024-02-13T23:43:43+00:00","dateModified":"2026-03-12T08:13:17+00:00","breadcrumb":{"@id":"https:\/\/truusk.store\/sv\/produkt\/truusk-hundhus-i-tra-kattgrotta-inomhus-sovplats-med-kuddar-for-hundar-upp-till-8-kg-60-x-40-x-592-cm\/#breadcrumb"},"inLanguage":"sv-SE","potentialAction":[{"@type":"ReadAction","target":["https:\/\/truusk.store\/sv\/produkt\/truusk-hundhus-i-tra-kattgrotta-inomhus-sovplats-med-kuddar-for-hundar-upp-till-8-kg-60-x-40-x-592-cm\/"]}]},{"@type":"ImageObject","inLanguage":"sv-SE","@id":"https:\/\/truusk.store\/sv\/produkt\/truusk-hundhus-i-tra-kattgrotta-inomhus-sovplats-med-kuddar-for-hundar-upp-till-8-kg-60-x-40-x-592-cm\/#primaryimage","url":"https:\/\/i0.wp.com\/truusk.store\/wp-content\/uploads\/2024\/02\/hundhus-i-tra-kattgrotta-inomhus-katthus-sovplats-for-hund-med-kuddar-hundhus-hundgrotta-med-sluttande-tak-for-sma-hundar-upp-till-8-kg-60-x-40-x-592-cm.webp?fit=800%2C800&ssl=1","contentUrl":"https:\/\/i0.wp.com\/truusk.store\/wp-content\/uploads\/2024\/02\/hundhus-i-tra-kattgrotta-inomhus-katthus-sovplats-for-hund-med-kuddar-hundhus-hundgrotta-med-sluttande-tak-for-sma-hundar-upp-till-8-kg-60-x-40-x-592-cm.webp?fit=800%2C800&ssl=1","width":800,"height":800,"caption":"Hundhus I Tr\u00e4, Kattgrotta Inomhus, Katthus, Sovplats F\u00f6r Hund Med Kuddar, Hundhus, Hundgrotta Med Sluttande Tak F\u00f6r Sm\u00e5 Hundar Upp Till 8 Kg, 60 X 40 X 59,2 Cm 1"},{"@type":"BreadcrumbList","@id":"https:\/\/truusk.store\/sv\/produkt\/truusk-hundhus-i-tra-kattgrotta-inomhus-sovplats-med-kuddar-for-hundar-upp-till-8-kg-60-x-40-x-592-cm\/#breadcrumb","itemListElement":[{"@type":"ListItem","position":1,"name":"Home","item":"https:\/\/truusk.store\/sv\/"},{"@type":"ListItem","position":2,"name":"Shop","item":"https:\/\/truusk.store\/shop\/"},{"@type":"ListItem","position":3,"name":"TRUUSK Hundhus i Tr\u00e4 &#8211; Kattgrotta Inomhus &#8211; Sovplats med Kuddar &#8211; F\u00f6r Hundar Upp Till 8 kg &#8211; 60 x 40 x 59,2 cm"}]},{"@type":"WebSite","@id":"https:\/\/truusk.store\/sv\/#website","url":"https:\/\/truusk.store\/sv\/","name":"TRUUSK - Hem, Tr\u00e4dg\u00e5rd & Fritid","description":"","publisher":{"@id":"https:\/\/truusk.store\/sv\/#organization"},"potentialAction":[{"@type":"SearchAction","target":{"@type":"EntryPoint","urlTemplate":"https:\/\/truusk.store\/sv\/?s={search_term_string}"},"query-input":{"@type":"PropertyValueSpecification","valueRequired":true,"valueName":"search_term_string"}}],"inLanguage":"sv-SE"},{"@type":"Organization","@id":"https:\/\/truusk.store\/sv\/#organization","name":"TRUUSK - Hem, Tr\u00e4dg\u00e5rd & Fritid","url":"https:\/\/truusk.store\/sv\/","logo":{"@type":"ImageObject","inLanguage":"sv-SE","@id":"https:\/\/truusk.store\/sv\/#\/schema\/logo\/image\/","url":"https:\/\/i0.wp.com\/truusk.store\/wp-content\/uploads\/2026\/03\/cropped-TRUUSK.png?fit=2032%2C917&ssl=1","contentUrl":"https:\/\/i0.wp.com\/truusk.store\/wp-content\/uploads\/2026\/03\/cropped-TRUUSK.png?fit=2032%2C917&ssl=1","width":2032,"height":917,"caption":"TRUUSK - Hem, Tr\u00e4dg\u00e5rd & Fritid"},"image":{"@id":"https:\/\/truusk.store\/sv\/#\/schema\/logo\/image\/"}}]}},"jetpack_sharing_enabled":true,"_links":{"self":[{"href":"https:\/\/truusk.store\/sv\/wp-json\/wp\/v2\/product\/37327","targetHints":{"allow":["GET"]}}],"collection":[{"href":"https:\/\/truusk.store\/sv\/wp-json\/wp\/v2\/product"}],"about":[{"href":"https:\/\/truusk.store\/sv\/wp-json\/wp\/v2\/types\/product"}],"wp:featuredmedia":[{"embeddable":true,"href":"https:\/\/truusk.store\/sv\/wp-json\/wp\/v2\/media\/37328"}],"wp:attachment":[{"href":"https:\/\/truusk.store\/sv\/wp-json\/wp\/v2\/media?parent=37327"}],"wp:term":[{"taxonomy":"product_brand","embeddable":true,"href":"https:\/\/truusk.store\/sv\/wp-json\/wp\/v2\/product_brand?post=37327"},{"taxonomy":"product_cat","embeddable":true,"href":"https:\/\/truusk.store\/sv\/wp-json\/wp\/v2\/product_cat?post=37327"},{"taxonomy":"product_tag","embeddable":true,"href":"https:\/\/truusk.store\/sv\/wp-json\/wp\/v2\/product_tag?post=37327"}],"curies":[{"name":"wp","href":"https:\/\/api.w.org\/{rel}","templated":true}]}}