{"id":37547,"date":"2024-02-14T00:51:03","date_gmt":"2024-02-13T23:51:03","guid":{"rendered":"https:\/\/truusk.store\/product\/gasgrill-bbq-med-3-brannare-3-kw-vardera-mobil-grillvagn-med-4-hjul-grillnat-sidobord-tryckreducerare-slangar-skap-multifunktion-stal-svart-1324-cm-x-55-cm-x-109-cm\/"},"modified":"2026-03-12T09:13:22","modified_gmt":"2026-03-12T08:13:22","slug":"truusk-gasolgrill-bbq-med-3-brannare-mobil-grillvagn-med-4-hjul-sidobord-tryckreducerare-skap-multifunktion-stal","status":"publish","type":"product","link":"https:\/\/truusk.store\/sv\/produkt\/truusk-gasolgrill-bbq-med-3-brannare-mobil-grillvagn-med-4-hjul-sidobord-tryckreducerare-skap-multifunktion-stal\/","title":{"rendered":"TRUUSK Gasolgrill BBQ Med 3 Br\u00e4nnare &#8211; Mobil Grillvagn Med 4 Hjul &#8211; Sidobord &#8211; Tryckreducerare &#8211; Sk\u00e5p &#8211; Multifunktion &#8211; St\u00e5l &#8211;"},"content":{"rendered":"<p>F\u00e5 mer smak till ditt grillfirande med denna gasgrill! Vattenkokaren har 3 rostfria br\u00e4nnare och ett robust hus av kolst\u00e5l. Tack vare den speciella lockdesignen beh\u00e5lls l\u00e4ckra r\u00f6ksmaker och tv\u00e5 hyllor anv\u00e4nds f\u00f6r att alltid h\u00e5lla tallrikar, kryddor och grillredskap inom r\u00e4ckh\u00e5ll. Med hj\u00e4lp av 4 mjukt l\u00f6pande hjul kan du enkelt flytta grillen till en annan plats s\u00e5 att n\u00e4sta grills\u00e4song kan komma!<\/p>\n<h3>Beskrivning:<\/h3>\n<ul>\n<li>Har en bred kokyta, 3 br\u00e4nnare och ett v\u00e4rmest\u00e4ll<\/li>\n<li>Alla br\u00e4nnare styrs av piezot\u00e4ndning<\/li>\n<li>Det medf\u00f6ljande grilllocket ser till att l\u00e4ckra r\u00f6ksmaker beh\u00e5lls<\/li>\n<li>En l\u00e4ttavl\u00e4st termometer visar innertemperaturen<\/li>\n<li>H\u00e5ll dig svala handtag i rostfritt st\u00e5l skyddar dig mot br\u00e4nnskador<\/li>\n<li>Sidohyllorna ger gott om plats f\u00f6r dina grillredskap<\/li>\n<li>Fyra hjul med tv\u00e5 parkeringsbromsar f\u00f6r h\u00f6g r\u00f6rlighet och stabilitet<\/li>\n<li>H\u00e4lsogrilln\u00e4t finns tillg\u00e4ngligt<\/li>\n<li>Montering kr\u00e4vs<\/li>\n<\/ul>\n<h3>Teknisk data:<\/h3>\n<ul>\n<li>Svart f\u00e4rg<\/li>\n<li>Material: kolst\u00e5l<\/li>\n<li>Gastyp: etan\/propan<\/li>\n<li>Varje br\u00e4nnares effekt: 3 kw<\/li>\n<li>Totala m\u00e5tt: 132,4cm x 55cm x 109cm<\/li>\n<li>Grillgallrets m\u00e5tt: 30L x 41W cm<\/li>\n<li>M\u00e5tt p\u00e5 v\u00e4rmest\u00e4ll: 58,3 L x 1,2 W cm<\/li>\n<li>M\u00e5tt p\u00e5 f\u00f6rvaringsutrymmet: 35,5L x 42,5W cm<\/li>\n<li>Sk\u00e5pets innerm\u00e5tt: 60L x 39W x 51H cm<\/li>\n<li>Lastkapacitet: (grillst\u00e4ll) 10 kg, (hylla) 5 kg, (sk\u00e5p) 10 kg<\/li>\n<\/ul>\n<h3>Leveransens omfattning:<\/h3>\n<ul>\n<li>1 x gasolgrill<\/li>\n<li>2 x Grilln\u00e4t<\/li>\n<li>1 x V\u00e4rmest\u00e4ll<\/li>\n<li>1 x fett droppbricka<\/li>\n<li>1 x Regulator<\/li>\n<li>1 x slang<\/li>\n<li>1 x Instruktioner<\/li>\n<li>VIKTIGT: Vi levererar varan till trottoarkanten utan kostnad. Se till att du anger r\u00e4tt adress och telefonnummer.<\/li>\n<\/ul>\n","protected":false},"excerpt":{"rendered":"<p>F\u00e5 mer smak till ditt grillfirande med denna gasgrill! Vattenkokaren har 3 rostfria br\u00e4nnare och ett robust hus av kolst\u00e5l&#8230;.<\/p>\n","protected":false},"featured_media":37548,"template":"","meta":[],"product_brand":[],"product_cat":[440,439,435],"product_tag":[],"class_list":{"0":"post-37547","1":"product","2":"type-product","3":"status-publish","4":"has-post-thumbnail","6":"product_cat-grillar","7":"product_cat-grillning-uppvarmning","8":"product_cat-tradgard-och-terrass","10":"first","11":"instock","12":"sale","13":"taxable","14":"shipping-taxable","15":"purchasable","16":"product-type-simple"},"yoast_head":"<!-- This site is optimized with the Yoast SEO plugin v25.4 - https:\/\/yoast.com\/wordpress\/plugins\/seo\/ -->\n<title>TRUUSK Gasolgrill BBQ Med 3 Br\u00e4nnare - Mobil Grillvagn Med 4 Hjul - Sidobord - Tryckreducerare - Sk\u00e5p - Multifunktion - St\u00e5l - TRUUSK - Hem, Tr\u00e4dg\u00e5rd &amp; Fritid<\/title>\n<meta name=\"robots\" content=\"index, follow, max-snippet:-1, max-image-preview:large, max-video-preview:-1\" \/>\n<link rel=\"canonical\" href=\"https:\/\/truusk.store\/sv\/produkt\/truusk-gasolgrill-bbq-med-3-brannare-mobil-grillvagn-med-4-hjul-sidobord-tryckreducerare-skap-multifunktion-stal\/\" \/>\n<meta property=\"og:locale\" content=\"sv_SE\" \/>\n<meta property=\"og:type\" content=\"article\" \/>\n<meta property=\"og:title\" content=\"TRUUSK Gasolgrill BBQ Med 3 Br\u00e4nnare - Mobil Grillvagn Med 4 Hjul - Sidobord - Tryckreducerare - Sk\u00e5p - Multifunktion - St\u00e5l - TRUUSK - Hem, Tr\u00e4dg\u00e5rd &amp; Fritid\" \/>\n<meta property=\"og:description\" content=\"F\u00e5 mer smak till ditt grillfirande med denna gasgrill! Vattenkokaren har 3 rostfria br\u00e4nnare och ett robust hus av kolst\u00e5l....\" \/>\n<meta property=\"og:url\" content=\"https:\/\/truusk.store\/sv\/produkt\/truusk-gasolgrill-bbq-med-3-brannare-mobil-grillvagn-med-4-hjul-sidobord-tryckreducerare-skap-multifunktion-stal\/\" \/>\n<meta property=\"og:site_name\" content=\"TRUUSK - Hem, Tr\u00e4dg\u00e5rd &amp; Fritid\" \/>\n<meta property=\"article:modified_time\" content=\"2026-03-12T08:13:22+00:00\" \/>\n<meta property=\"og:image\" content=\"https:\/\/i0.wp.com\/truusk.se\/wp-content\/uploads\/2024\/02\/gasgrill-bbq-med-3-brannare-3-kw-vardera-mobil-grillvagn-med-4-hjul-grillnat-sidobord-tryckreducerare-slangar-skap-multifunktion-stal-svart-1324-cm-x-55-cm-x-109-cm.webp?fit=800%2C800&ssl=1\" \/>\n\t<meta property=\"og:image:width\" content=\"800\" \/>\n\t<meta property=\"og:image:height\" content=\"800\" \/>\n\t<meta property=\"og:image:type\" content=\"image\/webp\" \/>\n<meta name=\"twitter:card\" content=\"summary_large_image\" \/>\n<meta name=\"twitter:label1\" content=\"Ber\u00e4knad l\u00e4stid\" \/>\n\t<meta name=\"twitter:data1\" content=\"1 minut\" \/>\n<!-- \/ Yoast SEO plugin. -->","yoast_head_json":{"title":"TRUUSK Gasolgrill BBQ Med 3 Br\u00e4nnare - Mobil Grillvagn Med 4 Hjul - Sidobord - Tryckreducerare - Sk\u00e5p - Multifunktion - St\u00e5l - TRUUSK - Hem, Tr\u00e4dg\u00e5rd &amp; Fritid","robots":{"index":"index","follow":"follow","max-snippet":"max-snippet:-1","max-image-preview":"max-image-preview:large","max-video-preview":"max-video-preview:-1"},"canonical":"https:\/\/truusk.store\/sv\/produkt\/truusk-gasolgrill-bbq-med-3-brannare-mobil-grillvagn-med-4-hjul-sidobord-tryckreducerare-skap-multifunktion-stal\/","og_locale":"sv_SE","og_type":"article","og_title":"TRUUSK Gasolgrill BBQ Med 3 Br\u00e4nnare - Mobil Grillvagn Med 4 Hjul - Sidobord - Tryckreducerare - Sk\u00e5p - Multifunktion - St\u00e5l - TRUUSK - Hem, Tr\u00e4dg\u00e5rd &amp; Fritid","og_description":"F\u00e5 mer smak till ditt grillfirande med denna gasgrill! Vattenkokaren har 3 rostfria br\u00e4nnare och ett robust hus av kolst\u00e5l....","og_url":"https:\/\/truusk.store\/sv\/produkt\/truusk-gasolgrill-bbq-med-3-brannare-mobil-grillvagn-med-4-hjul-sidobord-tryckreducerare-skap-multifunktion-stal\/","og_site_name":"TRUUSK - Hem, Tr\u00e4dg\u00e5rd &amp; Fritid","article_modified_time":"2026-03-12T08:13:22+00:00","og_image":[{"width":800,"height":800,"url":"https:\/\/i0.wp.com\/truusk.se\/wp-content\/uploads\/2024\/02\/gasgrill-bbq-med-3-brannare-3-kw-vardera-mobil-grillvagn-med-4-hjul-grillnat-sidobord-tryckreducerare-slangar-skap-multifunktion-stal-svart-1324-cm-x-55-cm-x-109-cm.webp?fit=800%2C800&ssl=1","type":"image\/webp"}],"twitter_card":"summary_large_image","twitter_misc":{"Ber\u00e4knad l\u00e4stid":"1 minut"},"schema":{"@context":"https:\/\/schema.org","@graph":[{"@type":"WebPage","@id":"https:\/\/truusk.store\/sv\/produkt\/truusk-gasolgrill-bbq-med-3-brannare-mobil-grillvagn-med-4-hjul-sidobord-tryckreducerare-skap-multifunktion-stal\/","url":"https:\/\/truusk.store\/sv\/produkt\/truusk-gasolgrill-bbq-med-3-brannare-mobil-grillvagn-med-4-hjul-sidobord-tryckreducerare-skap-multifunktion-stal\/","name":"TRUUSK Gasolgrill BBQ Med 3 Br\u00e4nnare - Mobil Grillvagn Med 4 Hjul - Sidobord - Tryckreducerare - Sk\u00e5p - Multifunktion - St\u00e5l - TRUUSK - Hem, Tr\u00e4dg\u00e5rd &amp; Fritid","isPartOf":{"@id":"https:\/\/truusk.store\/sv\/#website"},"primaryImageOfPage":{"@id":"https:\/\/truusk.store\/sv\/produkt\/truusk-gasolgrill-bbq-med-3-brannare-mobil-grillvagn-med-4-hjul-sidobord-tryckreducerare-skap-multifunktion-stal\/#primaryimage"},"image":{"@id":"https:\/\/truusk.store\/sv\/produkt\/truusk-gasolgrill-bbq-med-3-brannare-mobil-grillvagn-med-4-hjul-sidobord-tryckreducerare-skap-multifunktion-stal\/#primaryimage"},"thumbnailUrl":"https:\/\/i0.wp.com\/truusk.store\/wp-content\/uploads\/2024\/02\/gasgrill-bbq-med-3-brannare-3-kw-vardera-mobil-grillvagn-med-4-hjul-grillnat-sidobord-tryckreducerare-slangar-skap-multifunktion-stal-svart-1324-cm-x-55-cm-x-109-cm.webp?fit=800%2C800&ssl=1","datePublished":"2024-02-13T23:51:03+00:00","dateModified":"2026-03-12T08:13:22+00:00","breadcrumb":{"@id":"https:\/\/truusk.store\/sv\/produkt\/truusk-gasolgrill-bbq-med-3-brannare-mobil-grillvagn-med-4-hjul-sidobord-tryckreducerare-skap-multifunktion-stal\/#breadcrumb"},"inLanguage":"sv-SE","potentialAction":[{"@type":"ReadAction","target":["https:\/\/truusk.store\/sv\/produkt\/truusk-gasolgrill-bbq-med-3-brannare-mobil-grillvagn-med-4-hjul-sidobord-tryckreducerare-skap-multifunktion-stal\/"]}]},{"@type":"ImageObject","inLanguage":"sv-SE","@id":"https:\/\/truusk.store\/sv\/produkt\/truusk-gasolgrill-bbq-med-3-brannare-mobil-grillvagn-med-4-hjul-sidobord-tryckreducerare-skap-multifunktion-stal\/#primaryimage","url":"https:\/\/i0.wp.com\/truusk.store\/wp-content\/uploads\/2024\/02\/gasgrill-bbq-med-3-brannare-3-kw-vardera-mobil-grillvagn-med-4-hjul-grillnat-sidobord-tryckreducerare-slangar-skap-multifunktion-stal-svart-1324-cm-x-55-cm-x-109-cm.webp?fit=800%2C800&ssl=1","contentUrl":"https:\/\/i0.wp.com\/truusk.store\/wp-content\/uploads\/2024\/02\/gasgrill-bbq-med-3-brannare-3-kw-vardera-mobil-grillvagn-med-4-hjul-grillnat-sidobord-tryckreducerare-slangar-skap-multifunktion-stal-svart-1324-cm-x-55-cm-x-109-cm.webp?fit=800%2C800&ssl=1","width":800,"height":800,"caption":"Gasgrill BBQ Med 3 Br\u00e4nnare, 3 Kw Vardera, Mobil Grillvagn Med 4 Hjul, Grilln\u00e4t, Sidobord, Tryckreducerare, Slangar, Sk\u00e5p, Multifunktion, St\u00e5l, Svart, 132,4 Cm X 55 Cm X 109 Cm 1"},{"@type":"BreadcrumbList","@id":"https:\/\/truusk.store\/sv\/produkt\/truusk-gasolgrill-bbq-med-3-brannare-mobil-grillvagn-med-4-hjul-sidobord-tryckreducerare-skap-multifunktion-stal\/#breadcrumb","itemListElement":[{"@type":"ListItem","position":1,"name":"Home","item":"https:\/\/truusk.store\/sv\/"},{"@type":"ListItem","position":2,"name":"Shop","item":"https:\/\/truusk.store\/shop\/"},{"@type":"ListItem","position":3,"name":"TRUUSK Gasolgrill BBQ Med 3 Br\u00e4nnare &#8211; Mobil Grillvagn Med 4 Hjul &#8211; Sidobord &#8211; Tryckreducerare &#8211; Sk\u00e5p &#8211; Multifunktion &#8211; St\u00e5l &#8211;"}]},{"@type":"WebSite","@id":"https:\/\/truusk.store\/sv\/#website","url":"https:\/\/truusk.store\/sv\/","name":"TRUUSK - Hem, Tr\u00e4dg\u00e5rd & Fritid","description":"","publisher":{"@id":"https:\/\/truusk.store\/sv\/#organization"},"potentialAction":[{"@type":"SearchAction","target":{"@type":"EntryPoint","urlTemplate":"https:\/\/truusk.store\/sv\/?s={search_term_string}"},"query-input":{"@type":"PropertyValueSpecification","valueRequired":true,"valueName":"search_term_string"}}],"inLanguage":"sv-SE"},{"@type":"Organization","@id":"https:\/\/truusk.store\/sv\/#organization","name":"TRUUSK - Hem, Tr\u00e4dg\u00e5rd & Fritid","url":"https:\/\/truusk.store\/sv\/","logo":{"@type":"ImageObject","inLanguage":"sv-SE","@id":"https:\/\/truusk.store\/sv\/#\/schema\/logo\/image\/","url":"https:\/\/i0.wp.com\/truusk.store\/wp-content\/uploads\/2026\/03\/cropped-TRUUSK.png?fit=2032%2C917&ssl=1","contentUrl":"https:\/\/i0.wp.com\/truusk.store\/wp-content\/uploads\/2026\/03\/cropped-TRUUSK.png?fit=2032%2C917&ssl=1","width":2032,"height":917,"caption":"TRUUSK - Hem, Tr\u00e4dg\u00e5rd & Fritid"},"image":{"@id":"https:\/\/truusk.store\/sv\/#\/schema\/logo\/image\/"}}]}},"jetpack_sharing_enabled":true,"_links":{"self":[{"href":"https:\/\/truusk.store\/sv\/wp-json\/wp\/v2\/product\/37547","targetHints":{"allow":["GET"]}}],"collection":[{"href":"https:\/\/truusk.store\/sv\/wp-json\/wp\/v2\/product"}],"about":[{"href":"https:\/\/truusk.store\/sv\/wp-json\/wp\/v2\/types\/product"}],"wp:featuredmedia":[{"embeddable":true,"href":"https:\/\/truusk.store\/sv\/wp-json\/wp\/v2\/media\/37548"}],"wp:attachment":[{"href":"https:\/\/truusk.store\/sv\/wp-json\/wp\/v2\/media?parent=37547"}],"wp:term":[{"taxonomy":"product_brand","embeddable":true,"href":"https:\/\/truusk.store\/sv\/wp-json\/wp\/v2\/product_brand?post=37547"},{"taxonomy":"product_cat","embeddable":true,"href":"https:\/\/truusk.store\/sv\/wp-json\/wp\/v2\/product_cat?post=37547"},{"taxonomy":"product_tag","embeddable":true,"href":"https:\/\/truusk.store\/sv\/wp-json\/wp\/v2\/product_tag?post=37547"}],"curies":[{"name":"wp","href":"https:\/\/api.w.org\/{rel}","templated":true}]}}