{"id":37579,"date":"2024-02-14T00:52:08","date_gmt":"2024-02-13T23:52:08","guid":{"rendered":"https:\/\/truusk.store\/product\/dog-guard-car-universal-boot-gate-dog-gate-divider-justerbar-metall-svart-90-120-x-405-cm\/"},"modified":"2026-03-12T09:13:23","modified_gmt":"2026-03-12T08:13:23","slug":"truusk-justerbar-universell-hundsakerhetsgrind-till-bilen-metall-svart-justerbar-90-120-cm-passar-for-alla-bilar-enkel","status":"publish","type":"product","link":"https:\/\/truusk.store\/sv\/produkt\/truusk-justerbar-universell-hundsakerhetsgrind-till-bilen-metall-svart-justerbar-90-120-cm-passar-for-alla-bilar-enkel\/","title":{"rendered":"TRUUSK Justerbar Universell Hunds\u00e4kerhetsgrind till Bilen &#8211; Metall &#8211; Svart &#8211; Justerbar 90-120 cm &#8211; Passar f\u00f6r Alla Bilar &#8211; Enkel"},"content":{"rendered":"<p>Med denna robusta avdelare kan du transportera ditt husdjur s\u00e4kert i bilen. F\u00f6r att du ska kunna anv\u00e4nda gallret oavsett storlek p\u00e5 ditt fordon har vi tagit fram detta storleksjusterbara galler. Bredden kan justeras stegl\u00f6st och kan d\u00e4rf\u00f6r anpassas individuellt till respektive fordon. Nu kan du s\u00e4kert transportera ditt husdjur eller bagage i din bagageutrymme.<\/p>\n<h3>Beskrivning:<\/h3>\n<ul>\n<li>Starka metallstag och galler s\u00e4kerst\u00e4ller h\u00e5llbarhet<\/li>\n<li>Separerar f\u00f6rare och husdjur effektivt och bekv\u00e4mt<\/li>\n<li>Skyddar hundar, bilar och f\u00f6rare<\/li>\n<li>Bredd stegl\u00f6st justerbar fr\u00e5n 90 till 120 cm, kan anv\u00e4ndas i n\u00e4stan alla bilar<\/li>\n<li>F\u00f6r att spara utrymme vid transport och f\u00f6rvaring<\/li>\n<li>L\u00e4tt att montera och demontera utan verktyg eller borrning.<\/li>\n<\/ul>\n<h3>Teknisk data:<\/h3>\n<ul>\n<li>Material: metall, plast<\/li>\n<li>Svart f\u00e4rg<\/li>\n<li>\u00d6vergripande m\u00e5tt: B (90120) x H40,5 cm<\/li>\n<li>Galleravst\u00e5nd: L5 x B5 cm<\/li>\n<\/ul>\n<h3>Leveransens omfattning:<\/h3>\n<ul>\n<li>1 x hundskydd (inklusive tillbeh\u00f6r)<\/li>\n<li>1 x Monteringsanvisning<\/li>\n<\/ul>\n","protected":false},"excerpt":{"rendered":"<p>Med denna robusta avdelare kan du transportera ditt husdjur s\u00e4kert i bilen. F\u00f6r att du ska kunna anv\u00e4nda gallret oavsett&#8230;<\/p>\n","protected":false},"featured_media":37580,"template":"","meta":[],"product_brand":[],"product_cat":[577,574,573],"product_tag":[],"class_list":{"0":"post-37579","1":"product","2":"type-product","3":"status-publish","4":"has-post-thumbnail","6":"product_cat-hundgrindar-avdelare","7":"product_cat-hundtillbehor","8":"product_cat-husdjursmaterial","10":"first","11":"instock","12":"sale","13":"taxable","14":"shipping-taxable","15":"purchasable","16":"product-type-simple"},"yoast_head":"<!-- This site is optimized with the Yoast SEO plugin v25.4 - https:\/\/yoast.com\/wordpress\/plugins\/seo\/ -->\n<title>TRUUSK Justerbar Universell Hunds\u00e4kerhetsgrind till Bilen - Metall - Svart - Justerbar 90-120 cm - Passar f\u00f6r Alla Bilar - Enkel - TRUUSK - Hem, Tr\u00e4dg\u00e5rd &amp; Fritid<\/title>\n<meta name=\"robots\" content=\"index, follow, max-snippet:-1, max-image-preview:large, max-video-preview:-1\" \/>\n<link rel=\"canonical\" href=\"https:\/\/truusk.store\/sv\/produkt\/truusk-justerbar-universell-hundsakerhetsgrind-till-bilen-metall-svart-justerbar-90-120-cm-passar-for-alla-bilar-enkel\/\" \/>\n<meta property=\"og:locale\" content=\"sv_SE\" \/>\n<meta property=\"og:type\" content=\"article\" \/>\n<meta property=\"og:title\" content=\"TRUUSK Justerbar Universell Hunds\u00e4kerhetsgrind till Bilen - Metall - Svart - Justerbar 90-120 cm - Passar f\u00f6r Alla Bilar - Enkel - TRUUSK - Hem, Tr\u00e4dg\u00e5rd &amp; Fritid\" \/>\n<meta property=\"og:description\" content=\"Med denna robusta avdelare kan du transportera ditt husdjur s\u00e4kert i bilen. F\u00f6r att du ska kunna anv\u00e4nda gallret oavsett...\" \/>\n<meta property=\"og:url\" content=\"https:\/\/truusk.store\/sv\/produkt\/truusk-justerbar-universell-hundsakerhetsgrind-till-bilen-metall-svart-justerbar-90-120-cm-passar-for-alla-bilar-enkel\/\" \/>\n<meta property=\"og:site_name\" content=\"TRUUSK - Hem, Tr\u00e4dg\u00e5rd &amp; Fritid\" \/>\n<meta property=\"article:modified_time\" content=\"2026-03-12T08:13:23+00:00\" \/>\n<meta property=\"og:image\" content=\"https:\/\/i0.wp.com\/truusk.se\/wp-content\/uploads\/2024\/02\/dog-guard-car-universal-boot-gate-dog-gate-divider-justerbar-metall-svart-90-120-x-405-cm.webp?fit=800%2C800&ssl=1\" \/>\n\t<meta property=\"og:image:width\" content=\"800\" \/>\n\t<meta property=\"og:image:height\" content=\"800\" \/>\n\t<meta property=\"og:image:type\" content=\"image\/webp\" \/>\n<meta name=\"twitter:card\" content=\"summary_large_image\" \/>\n<meta name=\"twitter:label1\" content=\"Ber\u00e4knad l\u00e4stid\" \/>\n\t<meta name=\"twitter:data1\" content=\"1 minut\" \/>\n<!-- \/ Yoast SEO plugin. -->","yoast_head_json":{"title":"TRUUSK Justerbar Universell Hunds\u00e4kerhetsgrind till Bilen - Metall - Svart - Justerbar 90-120 cm - Passar f\u00f6r Alla Bilar - Enkel - TRUUSK - Hem, Tr\u00e4dg\u00e5rd &amp; Fritid","robots":{"index":"index","follow":"follow","max-snippet":"max-snippet:-1","max-image-preview":"max-image-preview:large","max-video-preview":"max-video-preview:-1"},"canonical":"https:\/\/truusk.store\/sv\/produkt\/truusk-justerbar-universell-hundsakerhetsgrind-till-bilen-metall-svart-justerbar-90-120-cm-passar-for-alla-bilar-enkel\/","og_locale":"sv_SE","og_type":"article","og_title":"TRUUSK Justerbar Universell Hunds\u00e4kerhetsgrind till Bilen - Metall - Svart - Justerbar 90-120 cm - Passar f\u00f6r Alla Bilar - Enkel - TRUUSK - Hem, Tr\u00e4dg\u00e5rd &amp; Fritid","og_description":"Med denna robusta avdelare kan du transportera ditt husdjur s\u00e4kert i bilen. F\u00f6r att du ska kunna anv\u00e4nda gallret oavsett...","og_url":"https:\/\/truusk.store\/sv\/produkt\/truusk-justerbar-universell-hundsakerhetsgrind-till-bilen-metall-svart-justerbar-90-120-cm-passar-for-alla-bilar-enkel\/","og_site_name":"TRUUSK - Hem, Tr\u00e4dg\u00e5rd &amp; Fritid","article_modified_time":"2026-03-12T08:13:23+00:00","og_image":[{"width":800,"height":800,"url":"https:\/\/i0.wp.com\/truusk.se\/wp-content\/uploads\/2024\/02\/dog-guard-car-universal-boot-gate-dog-gate-divider-justerbar-metall-svart-90-120-x-405-cm.webp?fit=800%2C800&ssl=1","type":"image\/webp"}],"twitter_card":"summary_large_image","twitter_misc":{"Ber\u00e4knad l\u00e4stid":"1 minut"},"schema":{"@context":"https:\/\/schema.org","@graph":[{"@type":"WebPage","@id":"https:\/\/truusk.store\/sv\/produkt\/truusk-justerbar-universell-hundsakerhetsgrind-till-bilen-metall-svart-justerbar-90-120-cm-passar-for-alla-bilar-enkel\/","url":"https:\/\/truusk.store\/sv\/produkt\/truusk-justerbar-universell-hundsakerhetsgrind-till-bilen-metall-svart-justerbar-90-120-cm-passar-for-alla-bilar-enkel\/","name":"TRUUSK Justerbar Universell Hunds\u00e4kerhetsgrind till Bilen - Metall - Svart - Justerbar 90-120 cm - Passar f\u00f6r Alla Bilar - Enkel - TRUUSK - Hem, Tr\u00e4dg\u00e5rd &amp; Fritid","isPartOf":{"@id":"https:\/\/truusk.store\/sv\/#website"},"primaryImageOfPage":{"@id":"https:\/\/truusk.store\/sv\/produkt\/truusk-justerbar-universell-hundsakerhetsgrind-till-bilen-metall-svart-justerbar-90-120-cm-passar-for-alla-bilar-enkel\/#primaryimage"},"image":{"@id":"https:\/\/truusk.store\/sv\/produkt\/truusk-justerbar-universell-hundsakerhetsgrind-till-bilen-metall-svart-justerbar-90-120-cm-passar-for-alla-bilar-enkel\/#primaryimage"},"thumbnailUrl":"https:\/\/i0.wp.com\/truusk.store\/wp-content\/uploads\/2024\/02\/dog-guard-car-universal-boot-gate-dog-gate-divider-justerbar-metall-svart-90-120-x-405-cm.webp?fit=800%2C800&ssl=1","datePublished":"2024-02-13T23:52:08+00:00","dateModified":"2026-03-12T08:13:23+00:00","breadcrumb":{"@id":"https:\/\/truusk.store\/sv\/produkt\/truusk-justerbar-universell-hundsakerhetsgrind-till-bilen-metall-svart-justerbar-90-120-cm-passar-for-alla-bilar-enkel\/#breadcrumb"},"inLanguage":"sv-SE","potentialAction":[{"@type":"ReadAction","target":["https:\/\/truusk.store\/sv\/produkt\/truusk-justerbar-universell-hundsakerhetsgrind-till-bilen-metall-svart-justerbar-90-120-cm-passar-for-alla-bilar-enkel\/"]}]},{"@type":"ImageObject","inLanguage":"sv-SE","@id":"https:\/\/truusk.store\/sv\/produkt\/truusk-justerbar-universell-hundsakerhetsgrind-till-bilen-metall-svart-justerbar-90-120-cm-passar-for-alla-bilar-enkel\/#primaryimage","url":"https:\/\/i0.wp.com\/truusk.store\/wp-content\/uploads\/2024\/02\/dog-guard-car-universal-boot-gate-dog-gate-divider-justerbar-metall-svart-90-120-x-405-cm.webp?fit=800%2C800&ssl=1","contentUrl":"https:\/\/i0.wp.com\/truusk.store\/wp-content\/uploads\/2024\/02\/dog-guard-car-universal-boot-gate-dog-gate-divider-justerbar-metall-svart-90-120-x-405-cm.webp?fit=800%2C800&ssl=1","width":800,"height":800,"caption":"Dog Guard Car Universal Boot Gate Dog Gate Divider Justerbar Metall Svart (90-120) X 40,5 Cm 1"},{"@type":"BreadcrumbList","@id":"https:\/\/truusk.store\/sv\/produkt\/truusk-justerbar-universell-hundsakerhetsgrind-till-bilen-metall-svart-justerbar-90-120-cm-passar-for-alla-bilar-enkel\/#breadcrumb","itemListElement":[{"@type":"ListItem","position":1,"name":"Home","item":"https:\/\/truusk.store\/sv\/"},{"@type":"ListItem","position":2,"name":"Shop","item":"https:\/\/truusk.store\/shop\/"},{"@type":"ListItem","position":3,"name":"TRUUSK Justerbar Universell Hunds\u00e4kerhetsgrind till Bilen &#8211; Metall &#8211; Svart &#8211; Justerbar 90-120 cm &#8211; Passar f\u00f6r Alla Bilar &#8211; Enkel"}]},{"@type":"WebSite","@id":"https:\/\/truusk.store\/sv\/#website","url":"https:\/\/truusk.store\/sv\/","name":"TRUUSK - Hem, Tr\u00e4dg\u00e5rd & Fritid","description":"","publisher":{"@id":"https:\/\/truusk.store\/sv\/#organization"},"potentialAction":[{"@type":"SearchAction","target":{"@type":"EntryPoint","urlTemplate":"https:\/\/truusk.store\/sv\/?s={search_term_string}"},"query-input":{"@type":"PropertyValueSpecification","valueRequired":true,"valueName":"search_term_string"}}],"inLanguage":"sv-SE"},{"@type":"Organization","@id":"https:\/\/truusk.store\/sv\/#organization","name":"TRUUSK - Hem, Tr\u00e4dg\u00e5rd & Fritid","url":"https:\/\/truusk.store\/sv\/","logo":{"@type":"ImageObject","inLanguage":"sv-SE","@id":"https:\/\/truusk.store\/sv\/#\/schema\/logo\/image\/","url":"https:\/\/i0.wp.com\/truusk.store\/wp-content\/uploads\/2026\/03\/cropped-TRUUSK.png?fit=2032%2C917&ssl=1","contentUrl":"https:\/\/i0.wp.com\/truusk.store\/wp-content\/uploads\/2026\/03\/cropped-TRUUSK.png?fit=2032%2C917&ssl=1","width":2032,"height":917,"caption":"TRUUSK - Hem, Tr\u00e4dg\u00e5rd & Fritid"},"image":{"@id":"https:\/\/truusk.store\/sv\/#\/schema\/logo\/image\/"}}]}},"jetpack_sharing_enabled":true,"_links":{"self":[{"href":"https:\/\/truusk.store\/sv\/wp-json\/wp\/v2\/product\/37579","targetHints":{"allow":["GET"]}}],"collection":[{"href":"https:\/\/truusk.store\/sv\/wp-json\/wp\/v2\/product"}],"about":[{"href":"https:\/\/truusk.store\/sv\/wp-json\/wp\/v2\/types\/product"}],"wp:featuredmedia":[{"embeddable":true,"href":"https:\/\/truusk.store\/sv\/wp-json\/wp\/v2\/media\/37580"}],"wp:attachment":[{"href":"https:\/\/truusk.store\/sv\/wp-json\/wp\/v2\/media?parent=37579"}],"wp:term":[{"taxonomy":"product_brand","embeddable":true,"href":"https:\/\/truusk.store\/sv\/wp-json\/wp\/v2\/product_brand?post=37579"},{"taxonomy":"product_cat","embeddable":true,"href":"https:\/\/truusk.store\/sv\/wp-json\/wp\/v2\/product_cat?post=37579"},{"taxonomy":"product_tag","embeddable":true,"href":"https:\/\/truusk.store\/sv\/wp-json\/wp\/v2\/product_tag?post=37579"}],"curies":[{"name":"wp","href":"https:\/\/api.w.org\/{rel}","templated":true}]}}