{"id":37695,"date":"2024-02-14T00:56:18","date_gmt":"2024-02-13T23:56:18","guid":{"rendered":"https:\/\/truusk.store\/product\/koksvagn-metallvagn-3-vanings-metall-med-stort-forvaringsutrymme-och-lock-for-kok-och-kontor-forvaringsvagn-serveringsvagn-kokshylla-med-hjul-stal-vit-45-x-31-x-794-cm\/"},"modified":"2026-03-12T09:13:25","modified_gmt":"2026-03-12T08:13:25","slug":"truusk-koksvagn-3-vanings-metall-stort-forvaringsutrymme-lock-serveringsvagn-hjul-vit-45-x-31-x-794-cm","status":"publish","type":"product","link":"https:\/\/truusk.store\/sv\/produkt\/truusk-koksvagn-3-vanings-metall-stort-forvaringsutrymme-lock-serveringsvagn-hjul-vit-45-x-31-x-794-cm\/","title":{"rendered":"TRUUSK K\u00f6ksvagn 3-v\u00e5nings Metall &#8211; Stort F\u00f6rvaringsutrymme &#8211; Lock &#8211; Serveringsvagn &#8211; Hjul &#8211; Vit &#8211; 45 x 31 x 79,4 cm"},"content":{"rendered":"<p>Denna praktiska vagn med l\u00e5dor \u00e4r kompakt och idealisk f\u00f6r sm\u00e5 utrymmen som beh\u00f6ver lite mer f\u00f6rvaringsutrymme. Tre rymliga korghyllor ger gott om plats f\u00f6r f\u00f6rbrukningsmaterial och tillbeh\u00f6r. Tack vare de mjukt l\u00f6pande hjulen och tv\u00e5 praktiska handtag kan du n\u00e4r som helst enkelt flytta vagnen dit den beh\u00f6vs som mest. Den enkla, moderna designen och eleganta f\u00e4rgschemat matchar alla heminredningar.<\/p>\n<h3>Beskrivning:<\/h3>\n<ul>\n<li>Hyllan med 3 v\u00e5ningar erbjuder gott om plats f\u00f6r tillbeh\u00f6r och tillbeh\u00f6r<\/li>\n<li>MDF-locket f\u00f6rvandlar din f\u00f6rvaringsvagn till ett m\u00e5ngsidigt organisatoriskt hj\u00e4lpmedel<\/li>\n<li>N\u00e4tkorgarna till\u00e5ter luft att cirkulera och \u00e4r idealiska f\u00f6r f\u00f6rvaring av gr\u00f6nsaker, frukt och vikt tv\u00e4tt<\/li>\n<li>L\u00e4mplig f\u00f6r k\u00f6k, matsal, sovrum, vardagsrum, tv\u00e4ttstuga, garage och badrum<\/li>\n<li>4 mjukt l\u00f6pande hjul s\u00e4kerst\u00e4ller r\u00f6rlighet, varav tv\u00e5 \u00e4r l\u00e5sbara<\/li>\n<li>Tillverkad av st\u00e5lram och PP-plast f\u00f6r enkel reng\u00f6ring<\/li>\n<li>Tv\u00e5 handtag s\u00e4kerst\u00e4ller enkel kontroll av vagnen<\/li>\n<li>Montering kr\u00e4vs<\/li>\n<\/ul>\n<h3>Teknisk data:<\/h3>\n<ul>\n<li>F\u00e4rg vit<\/li>\n<li>Material: st\u00e5l, PP-plast<\/li>\n<li>\u00d6vergripande m\u00e5tt: 45L x 31W x 79,4H cm<\/li>\n<li>Lockets m\u00e5tt: 39L x 29,3W cm<\/li>\n<li>Inv\u00e4ndiga korgm\u00e5tt: 39,4L x 29,1W x 6,5H cm (\u00f6vre fack), 40,6L x 29,6W x 7H cm (mittfack), 41,6L x 30,6W x 7,5H cm (nedre fack)<\/li>\n<li>Lastkapacitet: 22 kg (full), 6 kg (korg), 4 kg (\u00f6verst)<\/li>\n<\/ul>\n<h3>Leveransens omfattning:<\/h3>\n<ul>\n<li>1 x k\u00f6ksvagn<\/li>\n<li>1 x Instruktioner<\/li>\n<\/ul>\n","protected":false},"excerpt":{"rendered":"<p>Denna praktiska vagn med l\u00e5dor \u00e4r kompakt och idealisk f\u00f6r sm\u00e5 utrymmen som beh\u00f6ver lite mer f\u00f6rvaringsutrymme. Tre rymliga korghyllor&#8230;<\/p>\n","protected":false},"featured_media":37696,"template":"","meta":[],"product_brand":[],"product_cat":[485,503,501],"product_tag":[],"class_list":{"0":"post-37695","1":"product","2":"type-product","3":"status-publish","4":"has-post-thumbnail","6":"product_cat-hus-bo","7":"product_cat-serveringsvagn","8":"product_cat-tabeller","10":"first","11":"instock","12":"sale","13":"taxable","14":"shipping-taxable","15":"purchasable","16":"product-type-simple"},"yoast_head":"<!-- This site is optimized with the Yoast SEO plugin v25.4 - https:\/\/yoast.com\/wordpress\/plugins\/seo\/ -->\n<title>TRUUSK K\u00f6ksvagn 3-v\u00e5nings Metall - Stort F\u00f6rvaringsutrymme - Lock - Serveringsvagn - Hjul - Vit - 45 x 31 x 79,4 cm - TRUUSK - Hem, Tr\u00e4dg\u00e5rd &amp; Fritid<\/title>\n<meta name=\"robots\" content=\"index, follow, max-snippet:-1, max-image-preview:large, max-video-preview:-1\" \/>\n<link rel=\"canonical\" href=\"https:\/\/truusk.store\/sv\/produkt\/truusk-koksvagn-3-vanings-metall-stort-forvaringsutrymme-lock-serveringsvagn-hjul-vit-45-x-31-x-794-cm\/\" \/>\n<meta property=\"og:locale\" content=\"sv_SE\" \/>\n<meta property=\"og:type\" content=\"article\" \/>\n<meta property=\"og:title\" content=\"TRUUSK K\u00f6ksvagn 3-v\u00e5nings Metall - Stort F\u00f6rvaringsutrymme - Lock - Serveringsvagn - Hjul - Vit - 45 x 31 x 79,4 cm - TRUUSK - Hem, Tr\u00e4dg\u00e5rd &amp; Fritid\" \/>\n<meta property=\"og:description\" content=\"Denna praktiska vagn med l\u00e5dor \u00e4r kompakt och idealisk f\u00f6r sm\u00e5 utrymmen som beh\u00f6ver lite mer f\u00f6rvaringsutrymme. Tre rymliga korghyllor...\" \/>\n<meta property=\"og:url\" content=\"https:\/\/truusk.store\/sv\/produkt\/truusk-koksvagn-3-vanings-metall-stort-forvaringsutrymme-lock-serveringsvagn-hjul-vit-45-x-31-x-794-cm\/\" \/>\n<meta property=\"og:site_name\" content=\"TRUUSK - Hem, Tr\u00e4dg\u00e5rd &amp; Fritid\" \/>\n<meta property=\"article:modified_time\" content=\"2026-03-12T08:13:25+00:00\" \/>\n<meta property=\"og:image\" content=\"https:\/\/i0.wp.com\/truusk.se\/wp-content\/uploads\/2024\/02\/koksvagn-metallvagn-3-vanings-metall-med-stort-forvaringsutrymme-och-lock-for-kok-och-kontor-forvaringsvagn-serveringsvagn-kokshylla-med-hjul-stal-vit-45-x-31-x-794-cm.webp?fit=800%2C800&ssl=1\" \/>\n\t<meta property=\"og:image:width\" content=\"800\" \/>\n\t<meta property=\"og:image:height\" content=\"800\" \/>\n\t<meta property=\"og:image:type\" content=\"image\/webp\" \/>\n<meta name=\"twitter:card\" content=\"summary_large_image\" \/>\n<meta name=\"twitter:label1\" content=\"Ber\u00e4knad l\u00e4stid\" \/>\n\t<meta name=\"twitter:data1\" content=\"1 minut\" \/>\n<!-- \/ Yoast SEO plugin. -->","yoast_head_json":{"title":"TRUUSK K\u00f6ksvagn 3-v\u00e5nings Metall - Stort F\u00f6rvaringsutrymme - Lock - Serveringsvagn - Hjul - Vit - 45 x 31 x 79,4 cm - TRUUSK - Hem, Tr\u00e4dg\u00e5rd &amp; Fritid","robots":{"index":"index","follow":"follow","max-snippet":"max-snippet:-1","max-image-preview":"max-image-preview:large","max-video-preview":"max-video-preview:-1"},"canonical":"https:\/\/truusk.store\/sv\/produkt\/truusk-koksvagn-3-vanings-metall-stort-forvaringsutrymme-lock-serveringsvagn-hjul-vit-45-x-31-x-794-cm\/","og_locale":"sv_SE","og_type":"article","og_title":"TRUUSK K\u00f6ksvagn 3-v\u00e5nings Metall - Stort F\u00f6rvaringsutrymme - Lock - Serveringsvagn - Hjul - Vit - 45 x 31 x 79,4 cm - TRUUSK - Hem, Tr\u00e4dg\u00e5rd &amp; Fritid","og_description":"Denna praktiska vagn med l\u00e5dor \u00e4r kompakt och idealisk f\u00f6r sm\u00e5 utrymmen som beh\u00f6ver lite mer f\u00f6rvaringsutrymme. Tre rymliga korghyllor...","og_url":"https:\/\/truusk.store\/sv\/produkt\/truusk-koksvagn-3-vanings-metall-stort-forvaringsutrymme-lock-serveringsvagn-hjul-vit-45-x-31-x-794-cm\/","og_site_name":"TRUUSK - Hem, Tr\u00e4dg\u00e5rd &amp; Fritid","article_modified_time":"2026-03-12T08:13:25+00:00","og_image":[{"width":800,"height":800,"url":"https:\/\/i0.wp.com\/truusk.se\/wp-content\/uploads\/2024\/02\/koksvagn-metallvagn-3-vanings-metall-med-stort-forvaringsutrymme-och-lock-for-kok-och-kontor-forvaringsvagn-serveringsvagn-kokshylla-med-hjul-stal-vit-45-x-31-x-794-cm.webp?fit=800%2C800&ssl=1","type":"image\/webp"}],"twitter_card":"summary_large_image","twitter_misc":{"Ber\u00e4knad l\u00e4stid":"1 minut"},"schema":{"@context":"https:\/\/schema.org","@graph":[{"@type":"WebPage","@id":"https:\/\/truusk.store\/sv\/produkt\/truusk-koksvagn-3-vanings-metall-stort-forvaringsutrymme-lock-serveringsvagn-hjul-vit-45-x-31-x-794-cm\/","url":"https:\/\/truusk.store\/sv\/produkt\/truusk-koksvagn-3-vanings-metall-stort-forvaringsutrymme-lock-serveringsvagn-hjul-vit-45-x-31-x-794-cm\/","name":"TRUUSK K\u00f6ksvagn 3-v\u00e5nings Metall - Stort F\u00f6rvaringsutrymme - Lock - Serveringsvagn - Hjul - Vit - 45 x 31 x 79,4 cm - TRUUSK - Hem, Tr\u00e4dg\u00e5rd &amp; Fritid","isPartOf":{"@id":"https:\/\/truusk.store\/sv\/#website"},"primaryImageOfPage":{"@id":"https:\/\/truusk.store\/sv\/produkt\/truusk-koksvagn-3-vanings-metall-stort-forvaringsutrymme-lock-serveringsvagn-hjul-vit-45-x-31-x-794-cm\/#primaryimage"},"image":{"@id":"https:\/\/truusk.store\/sv\/produkt\/truusk-koksvagn-3-vanings-metall-stort-forvaringsutrymme-lock-serveringsvagn-hjul-vit-45-x-31-x-794-cm\/#primaryimage"},"thumbnailUrl":"https:\/\/i0.wp.com\/truusk.store\/wp-content\/uploads\/2024\/02\/koksvagn-metallvagn-3-vanings-metall-med-stort-forvaringsutrymme-och-lock-for-kok-och-kontor-forvaringsvagn-serveringsvagn-kokshylla-med-hjul-stal-vit-45-x-31-x-794-cm.webp?fit=800%2C800&ssl=1","datePublished":"2024-02-13T23:56:18+00:00","dateModified":"2026-03-12T08:13:25+00:00","breadcrumb":{"@id":"https:\/\/truusk.store\/sv\/produkt\/truusk-koksvagn-3-vanings-metall-stort-forvaringsutrymme-lock-serveringsvagn-hjul-vit-45-x-31-x-794-cm\/#breadcrumb"},"inLanguage":"sv-SE","potentialAction":[{"@type":"ReadAction","target":["https:\/\/truusk.store\/sv\/produkt\/truusk-koksvagn-3-vanings-metall-stort-forvaringsutrymme-lock-serveringsvagn-hjul-vit-45-x-31-x-794-cm\/"]}]},{"@type":"ImageObject","inLanguage":"sv-SE","@id":"https:\/\/truusk.store\/sv\/produkt\/truusk-koksvagn-3-vanings-metall-stort-forvaringsutrymme-lock-serveringsvagn-hjul-vit-45-x-31-x-794-cm\/#primaryimage","url":"https:\/\/i0.wp.com\/truusk.store\/wp-content\/uploads\/2024\/02\/koksvagn-metallvagn-3-vanings-metall-med-stort-forvaringsutrymme-och-lock-for-kok-och-kontor-forvaringsvagn-serveringsvagn-kokshylla-med-hjul-stal-vit-45-x-31-x-794-cm.webp?fit=800%2C800&ssl=1","contentUrl":"https:\/\/i0.wp.com\/truusk.store\/wp-content\/uploads\/2024\/02\/koksvagn-metallvagn-3-vanings-metall-med-stort-forvaringsutrymme-och-lock-for-kok-och-kontor-forvaringsvagn-serveringsvagn-kokshylla-med-hjul-stal-vit-45-x-31-x-794-cm.webp?fit=800%2C800&ssl=1","width":800,"height":800,"caption":"K\u00f6ksvagn Metallvagn 3-v\u00e5nings Metall Med Stort F\u00f6rvaringsutrymme Och Lock F\u00f6r K\u00f6k Och Kontor F\u00f6rvaringsvagn Serveringsvagn K\u00f6kshylla Med Hjul St\u00e5l Vit 45 X 31 X 79,4 Cm 1"},{"@type":"BreadcrumbList","@id":"https:\/\/truusk.store\/sv\/produkt\/truusk-koksvagn-3-vanings-metall-stort-forvaringsutrymme-lock-serveringsvagn-hjul-vit-45-x-31-x-794-cm\/#breadcrumb","itemListElement":[{"@type":"ListItem","position":1,"name":"Home","item":"https:\/\/truusk.store\/sv\/"},{"@type":"ListItem","position":2,"name":"Shop","item":"https:\/\/truusk.store\/shop\/"},{"@type":"ListItem","position":3,"name":"TRUUSK K\u00f6ksvagn 3-v\u00e5nings Metall &#8211; Stort F\u00f6rvaringsutrymme &#8211; Lock &#8211; Serveringsvagn &#8211; Hjul &#8211; Vit &#8211; 45 x 31 x 79,4 cm"}]},{"@type":"WebSite","@id":"https:\/\/truusk.store\/sv\/#website","url":"https:\/\/truusk.store\/sv\/","name":"TRUUSK - Hem, Tr\u00e4dg\u00e5rd & Fritid","description":"","publisher":{"@id":"https:\/\/truusk.store\/sv\/#organization"},"potentialAction":[{"@type":"SearchAction","target":{"@type":"EntryPoint","urlTemplate":"https:\/\/truusk.store\/sv\/?s={search_term_string}"},"query-input":{"@type":"PropertyValueSpecification","valueRequired":true,"valueName":"search_term_string"}}],"inLanguage":"sv-SE"},{"@type":"Organization","@id":"https:\/\/truusk.store\/sv\/#organization","name":"TRUUSK - Hem, Tr\u00e4dg\u00e5rd & Fritid","url":"https:\/\/truusk.store\/sv\/","logo":{"@type":"ImageObject","inLanguage":"sv-SE","@id":"https:\/\/truusk.store\/sv\/#\/schema\/logo\/image\/","url":"https:\/\/i0.wp.com\/truusk.store\/wp-content\/uploads\/2026\/03\/cropped-TRUUSK.png?fit=2032%2C917&ssl=1","contentUrl":"https:\/\/i0.wp.com\/truusk.store\/wp-content\/uploads\/2026\/03\/cropped-TRUUSK.png?fit=2032%2C917&ssl=1","width":2032,"height":917,"caption":"TRUUSK - Hem, Tr\u00e4dg\u00e5rd & Fritid"},"image":{"@id":"https:\/\/truusk.store\/sv\/#\/schema\/logo\/image\/"}}]}},"jetpack_sharing_enabled":true,"_links":{"self":[{"href":"https:\/\/truusk.store\/sv\/wp-json\/wp\/v2\/product\/37695","targetHints":{"allow":["GET"]}}],"collection":[{"href":"https:\/\/truusk.store\/sv\/wp-json\/wp\/v2\/product"}],"about":[{"href":"https:\/\/truusk.store\/sv\/wp-json\/wp\/v2\/types\/product"}],"wp:featuredmedia":[{"embeddable":true,"href":"https:\/\/truusk.store\/sv\/wp-json\/wp\/v2\/media\/37696"}],"wp:attachment":[{"href":"https:\/\/truusk.store\/sv\/wp-json\/wp\/v2\/media?parent=37695"}],"wp:term":[{"taxonomy":"product_brand","embeddable":true,"href":"https:\/\/truusk.store\/sv\/wp-json\/wp\/v2\/product_brand?post=37695"},{"taxonomy":"product_cat","embeddable":true,"href":"https:\/\/truusk.store\/sv\/wp-json\/wp\/v2\/product_cat?post=37695"},{"taxonomy":"product_tag","embeddable":true,"href":"https:\/\/truusk.store\/sv\/wp-json\/wp\/v2\/product_tag?post=37695"}],"curies":[{"name":"wp","href":"https:\/\/api.w.org\/{rel}","templated":true}]}}