{"id":37778,"date":"2024-02-14T00:59:02","date_gmt":"2024-02-13T23:59:02","guid":{"rendered":"https:\/\/truusk.store\/product\/eldskal-med-gnistskydd-grillgaller-eldkrok-eldkorg-eldgrop-for-tradgard-camping-bbq-stal-svart-45-x-45-x-34-cm\/"},"modified":"2026-03-12T09:13:26","modified_gmt":"2026-03-12T08:13:26","slug":"truusk-eldskal-med-gnistskydd-grillgaller-eldkrok-eldkorg-eldgrop-for-tradgard-camping-bbq-stal-svart-45-x-45-x","status":"publish","type":"product","link":"https:\/\/truusk.store\/sv\/produkt\/truusk-eldskal-med-gnistskydd-grillgaller-eldkrok-eldkorg-eldgrop-for-tradgard-camping-bbq-stal-svart-45-x-45-x\/","title":{"rendered":"TRUUSK Eldsk\u00e5l med Gnistskydd &#8211; Grillgaller &#8211; Eldkrok &#8211; Eldkorg &#8211; Eldgrop f\u00f6r Tr\u00e4dg\u00e5rd, Camping, BBQ &#8211; St\u00e5l &#8211; Svart &#8211; 45 x 45 x"},"content":{"rendered":"<p>Ge din uteplats v\u00e4rme och atmosf\u00e4r med v\u00e5r eldstad som din familj och dina v\u00e4nner s\u00e4kert kommer att fanta om! Den kan anv\u00e4ndas inte bara f\u00f6r uppv\u00e4rmning, utan ocks\u00e5 f\u00f6r grillning. Eldgropen \u00e4r tillverkad av robust, m\u00e5lat st\u00e5l och t\u00e5l h\u00f6ga temperaturer. En medf\u00f6ljande poker skyddar dig fr\u00e5n br\u00e4nnskador. Denna praktiska och portabla eldgrop \u00e4r ett absolut m\u00e5ste om du vill h\u00e5lla dig varm vid brasan regelbundet.<\/p>\n<h3>Beskrivning:<\/h3>\n<ul>\n<li>2 i 1 design: kan anv\u00e4ndas f\u00f6r uppv\u00e4rmning eller grillning<\/li>\n<li>Kompakt och portabel, l\u00e4mplig f\u00f6r camping, picknick, etc. &#8211; N\u00e4r du grillar, placera grillgallret och tills\u00e4tt kol i gropen<\/li>\n<li>Tillverkad av st\u00e5l med v\u00e4rmebest\u00e4ndig h\u00f6gtemperaturf\u00e4rg<\/li>\n<li>Gallerlocket ger skydd mot elden och f\u00f6rhindrar gnistor fr\u00e5n att flyga ut<\/li>\n<li>Med den medf\u00f6ljande pokern kan du flytta br\u00e4nslet s\u00e4kert<\/li>\n<li>Upph\u00f6jd struktur f\u00f6r att h\u00e5lla eldsk\u00e5len balanserad<\/li>\n<li>Montering kr\u00e4vs<\/li>\n<\/ul>\n<h3>Teknisk data:<\/h3>\n<ul>\n<li>Svart f\u00e4rg<\/li>\n<li>Material: st\u00e5l<\/li>\n<li>Totala m\u00e5tt: 45L x 45W x 34H cm<\/li>\n<li>M\u00e5tt p\u00e5 eldsk\u00e5len: 45L x 45W x 12H cm<\/li>\n<li>M\u00e5tt gallerlock: 44L x 44W x 11H cm<\/li>\n<li>M\u00e5tt p\u00e5 grillgaller: 42L x 42W cm<\/li>\n<li>M\u00e5tt p\u00e5 pokerkrok: 42L x 4W cm<\/li>\n<\/ul>\n<h3>Leveransens omfattning:<\/h3>\n<ul>\n<li>1 x eldstad<\/li>\n<li>1 x Grid Cover<\/li>\n<li>1 x pokerkrok<\/li>\n<li>1 x Grillst\u00e4ll<\/li>\n<li>2 x grillgallskl\u00e4mma<\/li>\n<li>1 x Instruktioner<\/li>\n<\/ul>\n","protected":false},"excerpt":{"rendered":"<p>Ge din uteplats v\u00e4rme och atmosf\u00e4r med v\u00e5r eldstad som din familj och dina v\u00e4nner s\u00e4kert kommer att fanta om!&#8230;<\/p>\n","protected":false},"featured_media":37779,"template":"","meta":[],"product_brand":[],"product_cat":[441,439,435],"product_tag":[],"class_list":{"0":"post-37778","1":"product","2":"type-product","3":"status-publish","4":"has-post-thumbnail","6":"product_cat-eldskalar","7":"product_cat-grillning-uppvarmning","8":"product_cat-tradgard-och-terrass","10":"first","11":"instock","12":"sale","13":"taxable","14":"shipping-taxable","15":"purchasable","16":"product-type-simple"},"yoast_head":"<!-- This site is optimized with the Yoast SEO plugin v25.4 - https:\/\/yoast.com\/wordpress\/plugins\/seo\/ -->\n<title>TRUUSK Eldsk\u00e5l med Gnistskydd - Grillgaller - Eldkrok - Eldkorg - Eldgrop f\u00f6r Tr\u00e4dg\u00e5rd, Camping, BBQ - St\u00e5l - Svart - 45 x 45 x - TRUUSK - Hem, Tr\u00e4dg\u00e5rd &amp; Fritid<\/title>\n<meta name=\"robots\" content=\"index, follow, max-snippet:-1, max-image-preview:large, max-video-preview:-1\" \/>\n<link rel=\"canonical\" href=\"https:\/\/truusk.store\/sv\/produkt\/truusk-eldskal-med-gnistskydd-grillgaller-eldkrok-eldkorg-eldgrop-for-tradgard-camping-bbq-stal-svart-45-x-45-x\/\" \/>\n<meta property=\"og:locale\" content=\"sv_SE\" \/>\n<meta property=\"og:type\" content=\"article\" \/>\n<meta property=\"og:title\" content=\"TRUUSK Eldsk\u00e5l med Gnistskydd - Grillgaller - Eldkrok - Eldkorg - Eldgrop f\u00f6r Tr\u00e4dg\u00e5rd, Camping, BBQ - St\u00e5l - Svart - 45 x 45 x - TRUUSK - Hem, Tr\u00e4dg\u00e5rd &amp; Fritid\" \/>\n<meta property=\"og:description\" content=\"Ge din uteplats v\u00e4rme och atmosf\u00e4r med v\u00e5r eldstad som din familj och dina v\u00e4nner s\u00e4kert kommer att fanta om!...\" \/>\n<meta property=\"og:url\" content=\"https:\/\/truusk.store\/sv\/produkt\/truusk-eldskal-med-gnistskydd-grillgaller-eldkrok-eldkorg-eldgrop-for-tradgard-camping-bbq-stal-svart-45-x-45-x\/\" \/>\n<meta property=\"og:site_name\" content=\"TRUUSK - Hem, Tr\u00e4dg\u00e5rd &amp; Fritid\" \/>\n<meta property=\"article:modified_time\" content=\"2026-03-12T08:13:26+00:00\" \/>\n<meta property=\"og:image\" content=\"https:\/\/i0.wp.com\/truusk.se\/wp-content\/uploads\/2024\/02\/eldskal-med-gnistskydd-grillgaller-eldkrok-eldkorg-eldgrop-for-tradgard-camping-bbq-stal-svart-45-x-45-x-34-cm.webp?fit=800%2C800&ssl=1\" \/>\n\t<meta property=\"og:image:width\" content=\"800\" \/>\n\t<meta property=\"og:image:height\" content=\"800\" \/>\n\t<meta property=\"og:image:type\" content=\"image\/webp\" \/>\n<meta name=\"twitter:card\" content=\"summary_large_image\" \/>\n<meta name=\"twitter:label1\" content=\"Ber\u00e4knad l\u00e4stid\" \/>\n\t<meta name=\"twitter:data1\" content=\"1 minut\" \/>\n<!-- \/ Yoast SEO plugin. -->","yoast_head_json":{"title":"TRUUSK Eldsk\u00e5l med Gnistskydd - Grillgaller - Eldkrok - Eldkorg - Eldgrop f\u00f6r Tr\u00e4dg\u00e5rd, Camping, BBQ - St\u00e5l - Svart - 45 x 45 x - TRUUSK - Hem, Tr\u00e4dg\u00e5rd &amp; Fritid","robots":{"index":"index","follow":"follow","max-snippet":"max-snippet:-1","max-image-preview":"max-image-preview:large","max-video-preview":"max-video-preview:-1"},"canonical":"https:\/\/truusk.store\/sv\/produkt\/truusk-eldskal-med-gnistskydd-grillgaller-eldkrok-eldkorg-eldgrop-for-tradgard-camping-bbq-stal-svart-45-x-45-x\/","og_locale":"sv_SE","og_type":"article","og_title":"TRUUSK Eldsk\u00e5l med Gnistskydd - Grillgaller - Eldkrok - Eldkorg - Eldgrop f\u00f6r Tr\u00e4dg\u00e5rd, Camping, BBQ - St\u00e5l - Svart - 45 x 45 x - TRUUSK - Hem, Tr\u00e4dg\u00e5rd &amp; Fritid","og_description":"Ge din uteplats v\u00e4rme och atmosf\u00e4r med v\u00e5r eldstad som din familj och dina v\u00e4nner s\u00e4kert kommer att fanta om!...","og_url":"https:\/\/truusk.store\/sv\/produkt\/truusk-eldskal-med-gnistskydd-grillgaller-eldkrok-eldkorg-eldgrop-for-tradgard-camping-bbq-stal-svart-45-x-45-x\/","og_site_name":"TRUUSK - Hem, Tr\u00e4dg\u00e5rd &amp; Fritid","article_modified_time":"2026-03-12T08:13:26+00:00","og_image":[{"width":800,"height":800,"url":"https:\/\/i0.wp.com\/truusk.se\/wp-content\/uploads\/2024\/02\/eldskal-med-gnistskydd-grillgaller-eldkrok-eldkorg-eldgrop-for-tradgard-camping-bbq-stal-svart-45-x-45-x-34-cm.webp?fit=800%2C800&ssl=1","type":"image\/webp"}],"twitter_card":"summary_large_image","twitter_misc":{"Ber\u00e4knad l\u00e4stid":"1 minut"},"schema":{"@context":"https:\/\/schema.org","@graph":[{"@type":"WebPage","@id":"https:\/\/truusk.store\/sv\/produkt\/truusk-eldskal-med-gnistskydd-grillgaller-eldkrok-eldkorg-eldgrop-for-tradgard-camping-bbq-stal-svart-45-x-45-x\/","url":"https:\/\/truusk.store\/sv\/produkt\/truusk-eldskal-med-gnistskydd-grillgaller-eldkrok-eldkorg-eldgrop-for-tradgard-camping-bbq-stal-svart-45-x-45-x\/","name":"TRUUSK Eldsk\u00e5l med Gnistskydd - Grillgaller - Eldkrok - Eldkorg - Eldgrop f\u00f6r Tr\u00e4dg\u00e5rd, Camping, BBQ - St\u00e5l - Svart - 45 x 45 x - TRUUSK - Hem, Tr\u00e4dg\u00e5rd &amp; Fritid","isPartOf":{"@id":"https:\/\/truusk.store\/sv\/#website"},"primaryImageOfPage":{"@id":"https:\/\/truusk.store\/sv\/produkt\/truusk-eldskal-med-gnistskydd-grillgaller-eldkrok-eldkorg-eldgrop-for-tradgard-camping-bbq-stal-svart-45-x-45-x\/#primaryimage"},"image":{"@id":"https:\/\/truusk.store\/sv\/produkt\/truusk-eldskal-med-gnistskydd-grillgaller-eldkrok-eldkorg-eldgrop-for-tradgard-camping-bbq-stal-svart-45-x-45-x\/#primaryimage"},"thumbnailUrl":"https:\/\/i0.wp.com\/truusk.store\/wp-content\/uploads\/2024\/02\/eldskal-med-gnistskydd-grillgaller-eldkrok-eldkorg-eldgrop-for-tradgard-camping-bbq-stal-svart-45-x-45-x-34-cm.webp?fit=800%2C800&ssl=1","datePublished":"2024-02-13T23:59:02+00:00","dateModified":"2026-03-12T08:13:26+00:00","breadcrumb":{"@id":"https:\/\/truusk.store\/sv\/produkt\/truusk-eldskal-med-gnistskydd-grillgaller-eldkrok-eldkorg-eldgrop-for-tradgard-camping-bbq-stal-svart-45-x-45-x\/#breadcrumb"},"inLanguage":"sv-SE","potentialAction":[{"@type":"ReadAction","target":["https:\/\/truusk.store\/sv\/produkt\/truusk-eldskal-med-gnistskydd-grillgaller-eldkrok-eldkorg-eldgrop-for-tradgard-camping-bbq-stal-svart-45-x-45-x\/"]}]},{"@type":"ImageObject","inLanguage":"sv-SE","@id":"https:\/\/truusk.store\/sv\/produkt\/truusk-eldskal-med-gnistskydd-grillgaller-eldkrok-eldkorg-eldgrop-for-tradgard-camping-bbq-stal-svart-45-x-45-x\/#primaryimage","url":"https:\/\/i0.wp.com\/truusk.store\/wp-content\/uploads\/2024\/02\/eldskal-med-gnistskydd-grillgaller-eldkrok-eldkorg-eldgrop-for-tradgard-camping-bbq-stal-svart-45-x-45-x-34-cm.webp?fit=800%2C800&ssl=1","contentUrl":"https:\/\/i0.wp.com\/truusk.store\/wp-content\/uploads\/2024\/02\/eldskal-med-gnistskydd-grillgaller-eldkrok-eldkorg-eldgrop-for-tradgard-camping-bbq-stal-svart-45-x-45-x-34-cm.webp?fit=800%2C800&ssl=1","width":800,"height":800,"caption":"Eldsk\u00e5l Med Gnistskydd, Grillgaller, Eldkrok, Eldkorg, Eldgrop F\u00f6r Tr\u00e4dg\u00e5rd, Camping, BBQ, St\u00e5l, Svart, 45 X 45 X 34 Cm 1"},{"@type":"BreadcrumbList","@id":"https:\/\/truusk.store\/sv\/produkt\/truusk-eldskal-med-gnistskydd-grillgaller-eldkrok-eldkorg-eldgrop-for-tradgard-camping-bbq-stal-svart-45-x-45-x\/#breadcrumb","itemListElement":[{"@type":"ListItem","position":1,"name":"Home","item":"https:\/\/truusk.store\/sv\/"},{"@type":"ListItem","position":2,"name":"Shop","item":"https:\/\/truusk.store\/shop\/"},{"@type":"ListItem","position":3,"name":"TRUUSK Eldsk\u00e5l med Gnistskydd &#8211; Grillgaller &#8211; Eldkrok &#8211; Eldkorg &#8211; Eldgrop f\u00f6r Tr\u00e4dg\u00e5rd, Camping, BBQ &#8211; St\u00e5l &#8211; Svart &#8211; 45 x 45 x"}]},{"@type":"WebSite","@id":"https:\/\/truusk.store\/sv\/#website","url":"https:\/\/truusk.store\/sv\/","name":"TRUUSK - Hem, Tr\u00e4dg\u00e5rd & Fritid","description":"","publisher":{"@id":"https:\/\/truusk.store\/sv\/#organization"},"potentialAction":[{"@type":"SearchAction","target":{"@type":"EntryPoint","urlTemplate":"https:\/\/truusk.store\/sv\/?s={search_term_string}"},"query-input":{"@type":"PropertyValueSpecification","valueRequired":true,"valueName":"search_term_string"}}],"inLanguage":"sv-SE"},{"@type":"Organization","@id":"https:\/\/truusk.store\/sv\/#organization","name":"TRUUSK - Hem, Tr\u00e4dg\u00e5rd & Fritid","url":"https:\/\/truusk.store\/sv\/","logo":{"@type":"ImageObject","inLanguage":"sv-SE","@id":"https:\/\/truusk.store\/sv\/#\/schema\/logo\/image\/","url":"https:\/\/i0.wp.com\/truusk.store\/wp-content\/uploads\/2026\/03\/cropped-TRUUSK.png?fit=2032%2C917&ssl=1","contentUrl":"https:\/\/i0.wp.com\/truusk.store\/wp-content\/uploads\/2026\/03\/cropped-TRUUSK.png?fit=2032%2C917&ssl=1","width":2032,"height":917,"caption":"TRUUSK - Hem, Tr\u00e4dg\u00e5rd & Fritid"},"image":{"@id":"https:\/\/truusk.store\/sv\/#\/schema\/logo\/image\/"}}]}},"jetpack_sharing_enabled":true,"_links":{"self":[{"href":"https:\/\/truusk.store\/sv\/wp-json\/wp\/v2\/product\/37778","targetHints":{"allow":["GET"]}}],"collection":[{"href":"https:\/\/truusk.store\/sv\/wp-json\/wp\/v2\/product"}],"about":[{"href":"https:\/\/truusk.store\/sv\/wp-json\/wp\/v2\/types\/product"}],"wp:featuredmedia":[{"embeddable":true,"href":"https:\/\/truusk.store\/sv\/wp-json\/wp\/v2\/media\/37779"}],"wp:attachment":[{"href":"https:\/\/truusk.store\/sv\/wp-json\/wp\/v2\/media?parent=37778"}],"wp:term":[{"taxonomy":"product_brand","embeddable":true,"href":"https:\/\/truusk.store\/sv\/wp-json\/wp\/v2\/product_brand?post=37778"},{"taxonomy":"product_cat","embeddable":true,"href":"https:\/\/truusk.store\/sv\/wp-json\/wp\/v2\/product_cat?post=37778"},{"taxonomy":"product_tag","embeddable":true,"href":"https:\/\/truusk.store\/sv\/wp-json\/wp\/v2\/product_tag?post=37778"}],"curies":[{"name":"wp","href":"https:\/\/api.w.org\/{rel}","templated":true}]}}