{"id":37790,"date":"2024-02-14T00:59:24","date_gmt":"2024-02-13T23:59:24","guid":{"rendered":"https:\/\/truusk.store\/product\/badrumsskap-med-lamelldorr-justerbar-hylla-naturlig-bambu-30x199x70-cm\/"},"modified":"2026-03-12T09:13:27","modified_gmt":"2026-03-12T08:13:27","slug":"truusk-badrumsskap-med-lamelldorr-justerbar-hylla-naturlig-bambu-30x199x70-cm","status":"publish","type":"product","link":"https:\/\/truusk.store\/sv\/produkt\/truusk-badrumsskap-med-lamelldorr-justerbar-hylla-naturlig-bambu-30x199x70-cm\/","title":{"rendered":"TRUUSK Badrumssk\u00e5p &#8211; Med Lamelld\u00f6rr &#8211; Justerbar Hylla &#8211; Naturlig Bambu &#8211; 30&#215;19,9&#215;70 cm"},"content":{"rendered":"<p>Beh\u00f6ver du mer utrymme i badrummet? Detta badrumssk\u00e5p hj\u00e4lper dig med detta och kommer att passa bekv\u00e4mt \u00e4ven i sv\u00e5r\u00e5tkomliga h\u00f6rn. Anv\u00e4nd det extra utrymmet f\u00f6r att bekv\u00e4mt f\u00f6rvara dina dagliga hygienprodukter, reng\u00f6ringsprodukter eller handdukar. Med detta badrumssk\u00e5p har du alltid allt till hands och h\u00e5ller ditt badrum rent och v\u00e4lorganiserat.<\/p>\n<h3>Beskrivning:<\/h3>\n<ul>\n<li>F\u00f6rvara enkelt dina handdukar och andra n\u00f6dv\u00e4ndigheter i badrummet<\/li>\n<li>Justerbar hylla av f\u00f6rvaringssk\u00e5p f\u00f6r att m\u00f6ta olika h\u00f6jdkrav<\/li>\n<li>Lamelld\u00f6rr och v\u00e4ggar i badrumssk\u00e5pet f\u00f6r fri luftcirkulation<\/li>\n<li>Stabilt bambuhus<\/li>\n<li>Tippskydd<\/li>\n<li>Montering kr\u00e4vs<\/li>\n<\/ul>\n<h3>Teknisk data:<\/h3>\n<ul>\n<li>F\u00e4rg: naturligt tr\u00e4<\/li>\n<li>Material: Bambu<\/li>\n<li>\u00d6vergripande m\u00e5tt: 30L x 19,9B x 70H cm<\/li>\n<li>Innerm\u00e5tt: 26,5L x 18,5W x 60H cm<\/li>\n<li>Innerm\u00e5tt p\u00e5 sk\u00e5pfack: 26,5L x 18,5W x 28H cm (\u00f6verst), 26,5L x 18,5W x 31H cm (botten)<\/li>\n<li>Lastkapacitet: 8 kg (totalt), 5 kg (hylla)<\/li>\n<\/ul>\n<h3>Leveransens omfattning:<\/h3>\n<ul>\n<li>1 x Badrumssk\u00e5p<\/li>\n<li>1 x manuell<\/li>\n<\/ul>\n","protected":false},"excerpt":{"rendered":"<p>Beh\u00f6ver du mer utrymme i badrummet? Detta badrumssk\u00e5p hj\u00e4lper dig med detta och kommer att passa bekv\u00e4mt \u00e4ven i sv\u00e5r\u00e5tkomliga&#8230;<\/p>\n","protected":false},"featured_media":37791,"template":"","meta":[],"product_brand":[],"product_cat":[535,485,528],"product_tag":[],"class_list":{"0":"post-37790","1":"product","2":"type-product","3":"status-publish","4":"has-post-thumbnail","6":"product_cat-badrumsskap","7":"product_cat-hus-bo","8":"product_cat-skap-byraer","10":"first","11":"instock","12":"sale","13":"taxable","14":"shipping-taxable","15":"purchasable","16":"product-type-simple"},"yoast_head":"<!-- This site is optimized with the Yoast SEO plugin v25.4 - https:\/\/yoast.com\/wordpress\/plugins\/seo\/ -->\n<title>TRUUSK Badrumssk\u00e5p - Med Lamelld\u00f6rr - Justerbar Hylla - Naturlig Bambu - 30x19,9x70 cm - TRUUSK - Hem, Tr\u00e4dg\u00e5rd &amp; Fritid<\/title>\n<meta name=\"robots\" content=\"index, follow, max-snippet:-1, max-image-preview:large, max-video-preview:-1\" \/>\n<link rel=\"canonical\" href=\"https:\/\/truusk.store\/sv\/produkt\/truusk-badrumsskap-med-lamelldorr-justerbar-hylla-naturlig-bambu-30x199x70-cm\/\" \/>\n<meta property=\"og:locale\" content=\"sv_SE\" \/>\n<meta property=\"og:type\" content=\"article\" \/>\n<meta property=\"og:title\" content=\"TRUUSK Badrumssk\u00e5p - Med Lamelld\u00f6rr - Justerbar Hylla - Naturlig Bambu - 30x19,9x70 cm - TRUUSK - Hem, Tr\u00e4dg\u00e5rd &amp; Fritid\" \/>\n<meta property=\"og:description\" content=\"Beh\u00f6ver du mer utrymme i badrummet? Detta badrumssk\u00e5p hj\u00e4lper dig med detta och kommer att passa bekv\u00e4mt \u00e4ven i sv\u00e5r\u00e5tkomliga...\" \/>\n<meta property=\"og:url\" content=\"https:\/\/truusk.store\/sv\/produkt\/truusk-badrumsskap-med-lamelldorr-justerbar-hylla-naturlig-bambu-30x199x70-cm\/\" \/>\n<meta property=\"og:site_name\" content=\"TRUUSK - Hem, Tr\u00e4dg\u00e5rd &amp; Fritid\" \/>\n<meta property=\"article:modified_time\" content=\"2026-03-12T08:13:27+00:00\" \/>\n<meta property=\"og:image\" content=\"https:\/\/i0.wp.com\/truusk.se\/wp-content\/uploads\/2024\/02\/badrumsskap-med-lamelldorr-justerbar-hylla-naturlig-bambu-30x199x70-cm.webp?fit=800%2C800&ssl=1\" \/>\n\t<meta property=\"og:image:width\" content=\"800\" \/>\n\t<meta property=\"og:image:height\" content=\"800\" \/>\n\t<meta property=\"og:image:type\" content=\"image\/webp\" \/>\n<meta name=\"twitter:card\" content=\"summary_large_image\" \/>\n<meta name=\"twitter:label1\" content=\"Ber\u00e4knad l\u00e4stid\" \/>\n\t<meta name=\"twitter:data1\" content=\"1 minut\" \/>\n<!-- \/ Yoast SEO plugin. -->","yoast_head_json":{"title":"TRUUSK Badrumssk\u00e5p - Med Lamelld\u00f6rr - Justerbar Hylla - Naturlig Bambu - 30x19,9x70 cm - TRUUSK - Hem, Tr\u00e4dg\u00e5rd &amp; Fritid","robots":{"index":"index","follow":"follow","max-snippet":"max-snippet:-1","max-image-preview":"max-image-preview:large","max-video-preview":"max-video-preview:-1"},"canonical":"https:\/\/truusk.store\/sv\/produkt\/truusk-badrumsskap-med-lamelldorr-justerbar-hylla-naturlig-bambu-30x199x70-cm\/","og_locale":"sv_SE","og_type":"article","og_title":"TRUUSK Badrumssk\u00e5p - Med Lamelld\u00f6rr - Justerbar Hylla - Naturlig Bambu - 30x19,9x70 cm - TRUUSK - Hem, Tr\u00e4dg\u00e5rd &amp; Fritid","og_description":"Beh\u00f6ver du mer utrymme i badrummet? Detta badrumssk\u00e5p hj\u00e4lper dig med detta och kommer att passa bekv\u00e4mt \u00e4ven i sv\u00e5r\u00e5tkomliga...","og_url":"https:\/\/truusk.store\/sv\/produkt\/truusk-badrumsskap-med-lamelldorr-justerbar-hylla-naturlig-bambu-30x199x70-cm\/","og_site_name":"TRUUSK - Hem, Tr\u00e4dg\u00e5rd &amp; Fritid","article_modified_time":"2026-03-12T08:13:27+00:00","og_image":[{"width":800,"height":800,"url":"https:\/\/i0.wp.com\/truusk.se\/wp-content\/uploads\/2024\/02\/badrumsskap-med-lamelldorr-justerbar-hylla-naturlig-bambu-30x199x70-cm.webp?fit=800%2C800&ssl=1","type":"image\/webp"}],"twitter_card":"summary_large_image","twitter_misc":{"Ber\u00e4knad l\u00e4stid":"1 minut"},"schema":{"@context":"https:\/\/schema.org","@graph":[{"@type":"WebPage","@id":"https:\/\/truusk.store\/sv\/produkt\/truusk-badrumsskap-med-lamelldorr-justerbar-hylla-naturlig-bambu-30x199x70-cm\/","url":"https:\/\/truusk.store\/sv\/produkt\/truusk-badrumsskap-med-lamelldorr-justerbar-hylla-naturlig-bambu-30x199x70-cm\/","name":"TRUUSK Badrumssk\u00e5p - Med Lamelld\u00f6rr - Justerbar Hylla - Naturlig Bambu - 30x19,9x70 cm - TRUUSK - Hem, Tr\u00e4dg\u00e5rd &amp; Fritid","isPartOf":{"@id":"https:\/\/truusk.store\/sv\/#website"},"primaryImageOfPage":{"@id":"https:\/\/truusk.store\/sv\/produkt\/truusk-badrumsskap-med-lamelldorr-justerbar-hylla-naturlig-bambu-30x199x70-cm\/#primaryimage"},"image":{"@id":"https:\/\/truusk.store\/sv\/produkt\/truusk-badrumsskap-med-lamelldorr-justerbar-hylla-naturlig-bambu-30x199x70-cm\/#primaryimage"},"thumbnailUrl":"https:\/\/i0.wp.com\/truusk.store\/wp-content\/uploads\/2024\/02\/badrumsskap-med-lamelldorr-justerbar-hylla-naturlig-bambu-30x199x70-cm.webp?fit=800%2C800&ssl=1","datePublished":"2024-02-13T23:59:24+00:00","dateModified":"2026-03-12T08:13:27+00:00","breadcrumb":{"@id":"https:\/\/truusk.store\/sv\/produkt\/truusk-badrumsskap-med-lamelldorr-justerbar-hylla-naturlig-bambu-30x199x70-cm\/#breadcrumb"},"inLanguage":"sv-SE","potentialAction":[{"@type":"ReadAction","target":["https:\/\/truusk.store\/sv\/produkt\/truusk-badrumsskap-med-lamelldorr-justerbar-hylla-naturlig-bambu-30x199x70-cm\/"]}]},{"@type":"ImageObject","inLanguage":"sv-SE","@id":"https:\/\/truusk.store\/sv\/produkt\/truusk-badrumsskap-med-lamelldorr-justerbar-hylla-naturlig-bambu-30x199x70-cm\/#primaryimage","url":"https:\/\/i0.wp.com\/truusk.store\/wp-content\/uploads\/2024\/02\/badrumsskap-med-lamelldorr-justerbar-hylla-naturlig-bambu-30x199x70-cm.webp?fit=800%2C800&ssl=1","contentUrl":"https:\/\/i0.wp.com\/truusk.store\/wp-content\/uploads\/2024\/02\/badrumsskap-med-lamelldorr-justerbar-hylla-naturlig-bambu-30x199x70-cm.webp?fit=800%2C800&ssl=1","width":800,"height":800,"caption":"Badrumssk\u00e5p Med Lamelld\u00f6rr, Justerbar Hylla, Naturlig Bambu, 30x19,9x70 Cm 1"},{"@type":"BreadcrumbList","@id":"https:\/\/truusk.store\/sv\/produkt\/truusk-badrumsskap-med-lamelldorr-justerbar-hylla-naturlig-bambu-30x199x70-cm\/#breadcrumb","itemListElement":[{"@type":"ListItem","position":1,"name":"Home","item":"https:\/\/truusk.store\/sv\/"},{"@type":"ListItem","position":2,"name":"Shop","item":"https:\/\/truusk.store\/shop\/"},{"@type":"ListItem","position":3,"name":"TRUUSK Badrumssk\u00e5p &#8211; Med Lamelld\u00f6rr &#8211; Justerbar Hylla &#8211; Naturlig Bambu &#8211; 30&#215;19,9&#215;70 cm"}]},{"@type":"WebSite","@id":"https:\/\/truusk.store\/sv\/#website","url":"https:\/\/truusk.store\/sv\/","name":"TRUUSK - Hem, Tr\u00e4dg\u00e5rd & Fritid","description":"","publisher":{"@id":"https:\/\/truusk.store\/sv\/#organization"},"potentialAction":[{"@type":"SearchAction","target":{"@type":"EntryPoint","urlTemplate":"https:\/\/truusk.store\/sv\/?s={search_term_string}"},"query-input":{"@type":"PropertyValueSpecification","valueRequired":true,"valueName":"search_term_string"}}],"inLanguage":"sv-SE"},{"@type":"Organization","@id":"https:\/\/truusk.store\/sv\/#organization","name":"TRUUSK - Hem, Tr\u00e4dg\u00e5rd & Fritid","url":"https:\/\/truusk.store\/sv\/","logo":{"@type":"ImageObject","inLanguage":"sv-SE","@id":"https:\/\/truusk.store\/sv\/#\/schema\/logo\/image\/","url":"https:\/\/i0.wp.com\/truusk.store\/wp-content\/uploads\/2026\/03\/cropped-TRUUSK.png?fit=2032%2C917&ssl=1","contentUrl":"https:\/\/i0.wp.com\/truusk.store\/wp-content\/uploads\/2026\/03\/cropped-TRUUSK.png?fit=2032%2C917&ssl=1","width":2032,"height":917,"caption":"TRUUSK - Hem, Tr\u00e4dg\u00e5rd & Fritid"},"image":{"@id":"https:\/\/truusk.store\/sv\/#\/schema\/logo\/image\/"}}]}},"jetpack_sharing_enabled":true,"_links":{"self":[{"href":"https:\/\/truusk.store\/sv\/wp-json\/wp\/v2\/product\/37790","targetHints":{"allow":["GET"]}}],"collection":[{"href":"https:\/\/truusk.store\/sv\/wp-json\/wp\/v2\/product"}],"about":[{"href":"https:\/\/truusk.store\/sv\/wp-json\/wp\/v2\/types\/product"}],"wp:featuredmedia":[{"embeddable":true,"href":"https:\/\/truusk.store\/sv\/wp-json\/wp\/v2\/media\/37791"}],"wp:attachment":[{"href":"https:\/\/truusk.store\/sv\/wp-json\/wp\/v2\/media?parent=37790"}],"wp:term":[{"taxonomy":"product_brand","embeddable":true,"href":"https:\/\/truusk.store\/sv\/wp-json\/wp\/v2\/product_brand?post=37790"},{"taxonomy":"product_cat","embeddable":true,"href":"https:\/\/truusk.store\/sv\/wp-json\/wp\/v2\/product_cat?post=37790"},{"taxonomy":"product_tag","embeddable":true,"href":"https:\/\/truusk.store\/sv\/wp-json\/wp\/v2\/product_tag?post=37790"}],"curies":[{"name":"wp","href":"https:\/\/api.w.org\/{rel}","templated":true}]}}