{"id":37818,"date":"2024-02-14T01:00:29","date_gmt":"2024-02-14T00:00:29","guid":{"rendered":"https:\/\/truusk.store\/product\/pop-up-duschtalt-toaletttalt-campingomkladningstalt-med-barvaska-mobilt-utedass-omkladningsrum-forvaringstalt-morkblatt-silver-126-x-124-x-189-cm\/"},"modified":"2026-03-12T09:13:30","modified_gmt":"2026-03-12T08:13:30","slug":"truusk-pop-up-dusch-och-toalettalt-campingomkladningsrum-barvaska-forvaringstalt-morkblatt-silver-126-x-124-x-189-cm","status":"publish","type":"product","link":"https:\/\/truusk.store\/sv\/produkt\/truusk-pop-up-dusch-och-toalettalt-campingomkladningsrum-barvaska-forvaringstalt-morkblatt-silver-126-x-124-x-189-cm\/","title":{"rendered":"TRUUSK Pop-up Dusch- och Toalett\u00e4lt &#8211; Campingomkl\u00e4dningsrum &#8211; B\u00e4rv\u00e4ska &#8211; F\u00f6rvaringst\u00e4lt &#8211; M\u00f6rkbl\u00e5tt + Silver &#8211; 126 x 124 x 189 cm"},"content":{"rendered":"<p>Att leta efter avskildhet eller ta en dusch medan du campar kan vara en sv\u00e5r uppgift, men med detta speciella t\u00e4lt \u00e4r alla dessa problem l\u00f6sta. En popup-design f\u00f6r enkel montering och demontering, l\u00e4tta men flexibla stolpar bildar ramen och f\u00f6rbinder tygpanelerna, som \u00e4r vattent\u00e4ta f\u00f6r att h\u00e5lla interi\u00f6ren torr.<\/p>\n<h3>Beskrivning:<\/h3>\n<ul>\n<li>Den h\u00f6ga designen \u00e4r idealisk f\u00f6r att duscha eller byta om p\u00e5 festivaler och campingresor<\/li>\n<li>Stabila och flexibla st\u00e5lst\u00e4nger i pop-up design f\u00f6r omedelbar montering som h\u00e5ller ramen uppr\u00e4tt<\/li>\n<li>L\u00e4tt att s\u00e4tta upp och f\u00e4lla ihop<\/li>\n<li>V\u00e4derbest\u00e4ndiga paneler f\u00f6r att skydda mot vatten och regn<\/li>\n<li>N\u00e4tf\u00f6nstret till\u00e5ter ventilation av interi\u00f6ren f\u00f6r att b\u00e4ttre reglera temperaturen<\/li>\n<li>En lampkrok g\u00f6r att du kan h\u00e4nga upp lampor p\u00e5 natten och ett f\u00f6rvaringsfack f\u00f6r kl\u00e4der eller toalettartiklar<\/li>\n<li>Stor d\u00f6rr med dragkedja f\u00f6r enkel in- och urstigning<\/li>\n<li>Inkluderar b\u00e4rv\u00e4ska<\/li>\n<\/ul>\n<h3>Teknisk data:<\/h3>\n<ul>\n<li>F\u00e4rg: M\u00f6rkbl\u00e5+Silver<\/li>\n<li>Material: polyester, st\u00e5l<\/li>\n<li>\u00d6vergripande m\u00e5tt: 126L x 124W x 189H cm<\/li>\n<li>Vikt m\u00e5tt: 60L x 60W x 7H cm<\/li>\n<li>Tr storlek: 138L x 77W cm<\/li>\n<li>F\u00f6nsterstorlek: 40L x 39W cm<\/li>\n<li>Vattent\u00e4t klassificering: 1000 ppm<\/li>\n<li>OBS: Ej l\u00e4mplig f\u00f6r anv\u00e4ndning p\u00e5 regniga dagar<\/li>\n<\/ul>\n<h3>Leveransens omfattning:<\/h3>\n<ul>\n<li>1 x Duscht\u00e4lt<\/li>\n<li>8 x insatser<\/li>\n<li>4 x rep<\/li>\n<li>1 x B\u00e4rv\u00e4ska<\/li>\n<\/ul>\n","protected":false},"excerpt":{"rendered":"<p>Att leta efter avskildhet eller ta en dusch medan du campar kan vara en sv\u00e5r uppgift, men med detta speciella&#8230;<\/p>\n","protected":false},"featured_media":37819,"template":"","meta":[],"product_brand":[],"product_cat":[648,727,647,650],"product_tag":[],"class_list":{"0":"post-37818","1":"product","2":"type-product","3":"status-publish","4":"has-post-thumbnail","6":"product_cat-camping-tillbehor","7":"product_cat-dusch-toalett-talt","8":"product_cat-sport-fritid","9":"product_cat-talt","11":"first","12":"instock","13":"sale","14":"taxable","15":"shipping-taxable","16":"purchasable","17":"product-type-simple"},"yoast_head":"<!-- This site is optimized with the Yoast SEO plugin v25.4 - https:\/\/yoast.com\/wordpress\/plugins\/seo\/ -->\n<title>TRUUSK Pop-up Dusch- och Toalett\u00e4lt - Campingomkl\u00e4dningsrum - B\u00e4rv\u00e4ska - F\u00f6rvaringst\u00e4lt - M\u00f6rkbl\u00e5tt + Silver - 126 x 124 x 189 cm - TRUUSK - Hem, Tr\u00e4dg\u00e5rd &amp; Fritid<\/title>\n<meta name=\"robots\" content=\"index, follow, max-snippet:-1, max-image-preview:large, max-video-preview:-1\" \/>\n<link rel=\"canonical\" href=\"https:\/\/truusk.store\/sv\/produkt\/truusk-pop-up-dusch-och-toalettalt-campingomkladningsrum-barvaska-forvaringstalt-morkblatt-silver-126-x-124-x-189-cm\/\" \/>\n<meta property=\"og:locale\" content=\"sv_SE\" \/>\n<meta property=\"og:type\" content=\"article\" \/>\n<meta property=\"og:title\" content=\"TRUUSK Pop-up Dusch- och Toalett\u00e4lt - Campingomkl\u00e4dningsrum - B\u00e4rv\u00e4ska - F\u00f6rvaringst\u00e4lt - M\u00f6rkbl\u00e5tt + Silver - 126 x 124 x 189 cm - TRUUSK - Hem, Tr\u00e4dg\u00e5rd &amp; Fritid\" \/>\n<meta property=\"og:description\" content=\"Att leta efter avskildhet eller ta en dusch medan du campar kan vara en sv\u00e5r uppgift, men med detta speciella...\" \/>\n<meta property=\"og:url\" content=\"https:\/\/truusk.store\/sv\/produkt\/truusk-pop-up-dusch-och-toalettalt-campingomkladningsrum-barvaska-forvaringstalt-morkblatt-silver-126-x-124-x-189-cm\/\" \/>\n<meta property=\"og:site_name\" content=\"TRUUSK - Hem, Tr\u00e4dg\u00e5rd &amp; Fritid\" \/>\n<meta property=\"article:modified_time\" content=\"2026-03-12T08:13:30+00:00\" \/>\n<meta property=\"og:image\" content=\"https:\/\/i0.wp.com\/truusk.se\/wp-content\/uploads\/2024\/02\/pop-up-duschtalt-toaletttalt-campingomkladningstalt-med-barvaska-mobilt-utedass-omkladningsrum-forvaringstalt-morkblatt-silver-126-x-124-x-189-cm.webp?fit=800%2C800&ssl=1\" \/>\n\t<meta property=\"og:image:width\" content=\"800\" \/>\n\t<meta property=\"og:image:height\" content=\"800\" \/>\n\t<meta property=\"og:image:type\" content=\"image\/webp\" \/>\n<meta name=\"twitter:card\" content=\"summary_large_image\" \/>\n<meta name=\"twitter:label1\" content=\"Ber\u00e4knad l\u00e4stid\" \/>\n\t<meta name=\"twitter:data1\" content=\"1 minut\" \/>\n<!-- \/ Yoast SEO plugin. -->","yoast_head_json":{"title":"TRUUSK Pop-up Dusch- och Toalett\u00e4lt - Campingomkl\u00e4dningsrum - B\u00e4rv\u00e4ska - F\u00f6rvaringst\u00e4lt - M\u00f6rkbl\u00e5tt + Silver - 126 x 124 x 189 cm - TRUUSK - Hem, Tr\u00e4dg\u00e5rd &amp; Fritid","robots":{"index":"index","follow":"follow","max-snippet":"max-snippet:-1","max-image-preview":"max-image-preview:large","max-video-preview":"max-video-preview:-1"},"canonical":"https:\/\/truusk.store\/sv\/produkt\/truusk-pop-up-dusch-och-toalettalt-campingomkladningsrum-barvaska-forvaringstalt-morkblatt-silver-126-x-124-x-189-cm\/","og_locale":"sv_SE","og_type":"article","og_title":"TRUUSK Pop-up Dusch- och Toalett\u00e4lt - Campingomkl\u00e4dningsrum - B\u00e4rv\u00e4ska - F\u00f6rvaringst\u00e4lt - M\u00f6rkbl\u00e5tt + Silver - 126 x 124 x 189 cm - TRUUSK - Hem, Tr\u00e4dg\u00e5rd &amp; Fritid","og_description":"Att leta efter avskildhet eller ta en dusch medan du campar kan vara en sv\u00e5r uppgift, men med detta speciella...","og_url":"https:\/\/truusk.store\/sv\/produkt\/truusk-pop-up-dusch-och-toalettalt-campingomkladningsrum-barvaska-forvaringstalt-morkblatt-silver-126-x-124-x-189-cm\/","og_site_name":"TRUUSK - Hem, Tr\u00e4dg\u00e5rd &amp; Fritid","article_modified_time":"2026-03-12T08:13:30+00:00","og_image":[{"width":800,"height":800,"url":"https:\/\/i0.wp.com\/truusk.se\/wp-content\/uploads\/2024\/02\/pop-up-duschtalt-toaletttalt-campingomkladningstalt-med-barvaska-mobilt-utedass-omkladningsrum-forvaringstalt-morkblatt-silver-126-x-124-x-189-cm.webp?fit=800%2C800&ssl=1","type":"image\/webp"}],"twitter_card":"summary_large_image","twitter_misc":{"Ber\u00e4knad l\u00e4stid":"1 minut"},"schema":{"@context":"https:\/\/schema.org","@graph":[{"@type":"WebPage","@id":"https:\/\/truusk.store\/sv\/produkt\/truusk-pop-up-dusch-och-toalettalt-campingomkladningsrum-barvaska-forvaringstalt-morkblatt-silver-126-x-124-x-189-cm\/","url":"https:\/\/truusk.store\/sv\/produkt\/truusk-pop-up-dusch-och-toalettalt-campingomkladningsrum-barvaska-forvaringstalt-morkblatt-silver-126-x-124-x-189-cm\/","name":"TRUUSK Pop-up Dusch- och Toalett\u00e4lt - Campingomkl\u00e4dningsrum - B\u00e4rv\u00e4ska - F\u00f6rvaringst\u00e4lt - M\u00f6rkbl\u00e5tt + Silver - 126 x 124 x 189 cm - TRUUSK - Hem, Tr\u00e4dg\u00e5rd &amp; Fritid","isPartOf":{"@id":"https:\/\/truusk.store\/sv\/#website"},"primaryImageOfPage":{"@id":"https:\/\/truusk.store\/sv\/produkt\/truusk-pop-up-dusch-och-toalettalt-campingomkladningsrum-barvaska-forvaringstalt-morkblatt-silver-126-x-124-x-189-cm\/#primaryimage"},"image":{"@id":"https:\/\/truusk.store\/sv\/produkt\/truusk-pop-up-dusch-och-toalettalt-campingomkladningsrum-barvaska-forvaringstalt-morkblatt-silver-126-x-124-x-189-cm\/#primaryimage"},"thumbnailUrl":"https:\/\/i0.wp.com\/truusk.store\/wp-content\/uploads\/2024\/02\/pop-up-duschtalt-toaletttalt-campingomkladningstalt-med-barvaska-mobilt-utedass-omkladningsrum-forvaringstalt-morkblatt-silver-126-x-124-x-189-cm.webp?fit=800%2C800&ssl=1","datePublished":"2024-02-14T00:00:29+00:00","dateModified":"2026-03-12T08:13:30+00:00","breadcrumb":{"@id":"https:\/\/truusk.store\/sv\/produkt\/truusk-pop-up-dusch-och-toalettalt-campingomkladningsrum-barvaska-forvaringstalt-morkblatt-silver-126-x-124-x-189-cm\/#breadcrumb"},"inLanguage":"sv-SE","potentialAction":[{"@type":"ReadAction","target":["https:\/\/truusk.store\/sv\/produkt\/truusk-pop-up-dusch-och-toalettalt-campingomkladningsrum-barvaska-forvaringstalt-morkblatt-silver-126-x-124-x-189-cm\/"]}]},{"@type":"ImageObject","inLanguage":"sv-SE","@id":"https:\/\/truusk.store\/sv\/produkt\/truusk-pop-up-dusch-och-toalettalt-campingomkladningsrum-barvaska-forvaringstalt-morkblatt-silver-126-x-124-x-189-cm\/#primaryimage","url":"https:\/\/i0.wp.com\/truusk.store\/wp-content\/uploads\/2024\/02\/pop-up-duschtalt-toaletttalt-campingomkladningstalt-med-barvaska-mobilt-utedass-omkladningsrum-forvaringstalt-morkblatt-silver-126-x-124-x-189-cm.webp?fit=800%2C800&ssl=1","contentUrl":"https:\/\/i0.wp.com\/truusk.store\/wp-content\/uploads\/2024\/02\/pop-up-duschtalt-toaletttalt-campingomkladningstalt-med-barvaska-mobilt-utedass-omkladningsrum-forvaringstalt-morkblatt-silver-126-x-124-x-189-cm.webp?fit=800%2C800&ssl=1","width":800,"height":800,"caption":"Pop Up Duscht\u00e4lt, Toalettt\u00e4lt, Campingomkl\u00e4dningst\u00e4lt Med B\u00e4rv\u00e4ska, Mobilt Utedass Omkl\u00e4dningsrum, F\u00f6rvaringst\u00e4lt, M\u00f6rkbl\u00e5tt + Silver, 126 X 124 X 189 Cm 1"},{"@type":"BreadcrumbList","@id":"https:\/\/truusk.store\/sv\/produkt\/truusk-pop-up-dusch-och-toalettalt-campingomkladningsrum-barvaska-forvaringstalt-morkblatt-silver-126-x-124-x-189-cm\/#breadcrumb","itemListElement":[{"@type":"ListItem","position":1,"name":"Home","item":"https:\/\/truusk.store\/sv\/"},{"@type":"ListItem","position":2,"name":"Shop","item":"https:\/\/truusk.store\/shop\/"},{"@type":"ListItem","position":3,"name":"TRUUSK Pop-up Dusch- och Toalett\u00e4lt &#8211; Campingomkl\u00e4dningsrum &#8211; B\u00e4rv\u00e4ska &#8211; F\u00f6rvaringst\u00e4lt &#8211; M\u00f6rkbl\u00e5tt + Silver &#8211; 126 x 124 x 189 cm"}]},{"@type":"WebSite","@id":"https:\/\/truusk.store\/sv\/#website","url":"https:\/\/truusk.store\/sv\/","name":"TRUUSK - Hem, Tr\u00e4dg\u00e5rd & Fritid","description":"","publisher":{"@id":"https:\/\/truusk.store\/sv\/#organization"},"potentialAction":[{"@type":"SearchAction","target":{"@type":"EntryPoint","urlTemplate":"https:\/\/truusk.store\/sv\/?s={search_term_string}"},"query-input":{"@type":"PropertyValueSpecification","valueRequired":true,"valueName":"search_term_string"}}],"inLanguage":"sv-SE"},{"@type":"Organization","@id":"https:\/\/truusk.store\/sv\/#organization","name":"TRUUSK - Hem, Tr\u00e4dg\u00e5rd & Fritid","url":"https:\/\/truusk.store\/sv\/","logo":{"@type":"ImageObject","inLanguage":"sv-SE","@id":"https:\/\/truusk.store\/sv\/#\/schema\/logo\/image\/","url":"https:\/\/i0.wp.com\/truusk.store\/wp-content\/uploads\/2026\/03\/cropped-TRUUSK.png?fit=2032%2C917&ssl=1","contentUrl":"https:\/\/i0.wp.com\/truusk.store\/wp-content\/uploads\/2026\/03\/cropped-TRUUSK.png?fit=2032%2C917&ssl=1","width":2032,"height":917,"caption":"TRUUSK - Hem, Tr\u00e4dg\u00e5rd & Fritid"},"image":{"@id":"https:\/\/truusk.store\/sv\/#\/schema\/logo\/image\/"}}]}},"jetpack_sharing_enabled":true,"_links":{"self":[{"href":"https:\/\/truusk.store\/sv\/wp-json\/wp\/v2\/product\/37818","targetHints":{"allow":["GET"]}}],"collection":[{"href":"https:\/\/truusk.store\/sv\/wp-json\/wp\/v2\/product"}],"about":[{"href":"https:\/\/truusk.store\/sv\/wp-json\/wp\/v2\/types\/product"}],"wp:featuredmedia":[{"embeddable":true,"href":"https:\/\/truusk.store\/sv\/wp-json\/wp\/v2\/media\/37819"}],"wp:attachment":[{"href":"https:\/\/truusk.store\/sv\/wp-json\/wp\/v2\/media?parent=37818"}],"wp:term":[{"taxonomy":"product_brand","embeddable":true,"href":"https:\/\/truusk.store\/sv\/wp-json\/wp\/v2\/product_brand?post=37818"},{"taxonomy":"product_cat","embeddable":true,"href":"https:\/\/truusk.store\/sv\/wp-json\/wp\/v2\/product_cat?post=37818"},{"taxonomy":"product_tag","embeddable":true,"href":"https:\/\/truusk.store\/sv\/wp-json\/wp\/v2\/product_tag?post=37818"}],"curies":[{"name":"wp","href":"https:\/\/api.w.org\/{rel}","templated":true}]}}