{"id":37859,"date":"2024-02-14T01:01:53","date_gmt":"2024-02-14T00:01:53","guid":{"rendered":"https:\/\/truusk.store\/product\/vinkylare-for-24-flaskor-justerbar-temperatur-5-till-20-c-led-belysning-svart-43-x-45-x-75-cm\/"},"modified":"2026-03-12T09:13:30","modified_gmt":"2026-03-12T08:13:30","slug":"truusk-vinkylare-for-24-flaskor-justerbar-temperatur-5-till-20-c-led-belysning-svart-43-x-45-x-75-cm","status":"publish","type":"product","link":"https:\/\/truusk.store\/sv\/produkt\/truusk-vinkylare-for-24-flaskor-justerbar-temperatur-5-till-20-c-led-belysning-svart-43-x-45-x-75-cm\/","title":{"rendered":"TRUUSK Vinkylare f\u00f6r 24 Flaskor &#8211; Justerbar Temperatur 5 till 20 C &#8211; LED-belysning &#8211; Svart &#8211; 43 x 45 x 75 cm"},"content":{"rendered":"<p>Njut av en perfekt tempererad drink med denna vinkylare. Det eleganta dubbelglaset med tydlig LED-belysning ger dig en klar \u00f6verblick \u00f6ver din vinsamling. Temperaturen kan justeras mellan 5 och 20 C &#8211; perfekt f\u00f6r olika viner och andra drycker. Den valda temperaturen och den aktuella interna temperaturen kan enkelt ses p\u00e5 LED-displayen. Kompaktbyggt, vinsk\u00e5pet passar under vilket bord eller b\u00e4nk som helst.<\/p>\n<h3>Beskrivning:<\/h3>\n<ul>\n<li>6 niv\u00e5er, vinkylsutrymme f\u00f6r upp till 24 standardflaskor (750 ml)<\/li>\n<li>Anv\u00e4nder en kompressor f\u00f6r snabb och j\u00e4mn kylning<\/li>\n<li>D\u00f6rr med dubbelglas f\u00f6r att skydda mot UV-str\u00e5lar<\/li>\n<li>Flaska kylhyllor med tr\u00e4handtag f\u00f6r enkel borttagning och reng\u00f6ring<\/li>\n<li>Front i h\u00e4rdat glas med integrerade lysdioder f\u00f6r interi\u00f6rbelysning<\/li>\n<li>Snygg, frist\u00e5ende och platsbesparande design &#8211; kan placeras p\u00e5 golvet, bordet eller under b\u00e4nken<\/li>\n<li>Justerbara f\u00f6tter p\u00e5 dryckekylsk\u00e5pet f\u00f6r att f\u00f6rbli stabila p\u00e5 oj\u00e4mna ytor<\/li>\n<li>Ingen montering kr\u00e4vs<\/li>\n<\/ul>\n<h3>Teknisk data:<\/h3>\n<ul>\n<li>Svart f\u00e4rg<\/li>\n<li>Material: st\u00e5l, h\u00e4rdat glas<\/li>\n<li>\u00d6vergripande m\u00e5tt: 43L x 45W x 75H cm<\/li>\n<li>Hyllavst\u00e5nd: 10 cm<\/li>\n<li>Kapacitet: 65L<\/li>\n<li>Kylsk\u00e5p: 600 kr<\/li>\n<li>Energieffektivitetsklass: G<\/li>\n<li>\u00c5rlig energif\u00f6rbrukning: 137 kWh\/\u00e5r<\/li>\n<li>Ljudniv\u00e5: 41 dB<\/li>\n<li>\u00d6ppningsvinkel: 180<\/li>\n<li>Str\u00f6mkabell\u00e4ngd: 1,5 m<\/li>\n<li>Sp\u00e4nning: AC220-240V\/50Hz, 0,5A<\/li>\n<li>Lastkapacitet per hylla: 15 kg<\/li>\n<\/ul>\n<h3>Leveransens omfattning:<\/h3>\n<ul>\n<li>1 x vinkylsk\u00e5p<\/li>\n<li>1 x bruksanvisning<\/li>\n<\/ul>\n","protected":false},"excerpt":{"rendered":"<p>Njut av en perfekt tempererad drink med denna vinkylare. Det eleganta dubbelglaset med tydlig LED-belysning ger dig en klar \u00f6verblick&#8230;<\/p>\n","protected":false},"featured_media":37860,"template":"","meta":[],"product_brand":[],"product_cat":[485,547,548],"product_tag":[],"class_list":{"0":"post-37859","1":"product","2":"type-product","3":"status-publish","4":"has-post-thumbnail","6":"product_cat-hus-bo","7":"product_cat-hyllor","8":"product_cat-vinstall","10":"first","11":"instock","12":"sale","13":"taxable","14":"shipping-taxable","15":"purchasable","16":"product-type-simple"},"yoast_head":"<!-- This site is optimized with the Yoast SEO plugin v25.4 - https:\/\/yoast.com\/wordpress\/plugins\/seo\/ -->\n<title>TRUUSK Vinkylare f\u00f6r 24 Flaskor - Justerbar Temperatur 5 till 20 C - LED-belysning - Svart - 43 x 45 x 75 cm - TRUUSK - Hem, Tr\u00e4dg\u00e5rd &amp; Fritid<\/title>\n<meta name=\"robots\" content=\"index, follow, max-snippet:-1, max-image-preview:large, max-video-preview:-1\" \/>\n<link rel=\"canonical\" href=\"https:\/\/truusk.store\/sv\/produkt\/truusk-vinkylare-for-24-flaskor-justerbar-temperatur-5-till-20-c-led-belysning-svart-43-x-45-x-75-cm\/\" \/>\n<meta property=\"og:locale\" content=\"sv_SE\" \/>\n<meta property=\"og:type\" content=\"article\" \/>\n<meta property=\"og:title\" content=\"TRUUSK Vinkylare f\u00f6r 24 Flaskor - Justerbar Temperatur 5 till 20 C - LED-belysning - Svart - 43 x 45 x 75 cm - TRUUSK - Hem, Tr\u00e4dg\u00e5rd &amp; Fritid\" \/>\n<meta property=\"og:description\" content=\"Njut av en perfekt tempererad drink med denna vinkylare. Det eleganta dubbelglaset med tydlig LED-belysning ger dig en klar \u00f6verblick...\" \/>\n<meta property=\"og:url\" content=\"https:\/\/truusk.store\/sv\/produkt\/truusk-vinkylare-for-24-flaskor-justerbar-temperatur-5-till-20-c-led-belysning-svart-43-x-45-x-75-cm\/\" \/>\n<meta property=\"og:site_name\" content=\"TRUUSK - Hem, Tr\u00e4dg\u00e5rd &amp; Fritid\" \/>\n<meta property=\"article:modified_time\" content=\"2026-03-12T08:13:30+00:00\" \/>\n<meta property=\"og:image\" content=\"https:\/\/i0.wp.com\/truusk.se\/wp-content\/uploads\/2024\/02\/vinkylare-for-24-flaskor-justerbar-temperatur-5-till-20-c-led-belysning-svart-43-x-45-x-75-cm.webp?fit=800%2C800&ssl=1\" \/>\n\t<meta property=\"og:image:width\" content=\"800\" \/>\n\t<meta property=\"og:image:height\" content=\"800\" \/>\n\t<meta property=\"og:image:type\" content=\"image\/webp\" \/>\n<meta name=\"twitter:card\" content=\"summary_large_image\" \/>\n<meta name=\"twitter:label1\" content=\"Ber\u00e4knad l\u00e4stid\" \/>\n\t<meta name=\"twitter:data1\" content=\"1 minut\" \/>\n<!-- \/ Yoast SEO plugin. -->","yoast_head_json":{"title":"TRUUSK Vinkylare f\u00f6r 24 Flaskor - Justerbar Temperatur 5 till 20 C - LED-belysning - Svart - 43 x 45 x 75 cm - TRUUSK - Hem, Tr\u00e4dg\u00e5rd &amp; Fritid","robots":{"index":"index","follow":"follow","max-snippet":"max-snippet:-1","max-image-preview":"max-image-preview:large","max-video-preview":"max-video-preview:-1"},"canonical":"https:\/\/truusk.store\/sv\/produkt\/truusk-vinkylare-for-24-flaskor-justerbar-temperatur-5-till-20-c-led-belysning-svart-43-x-45-x-75-cm\/","og_locale":"sv_SE","og_type":"article","og_title":"TRUUSK Vinkylare f\u00f6r 24 Flaskor - Justerbar Temperatur 5 till 20 C - LED-belysning - Svart - 43 x 45 x 75 cm - TRUUSK - Hem, Tr\u00e4dg\u00e5rd &amp; Fritid","og_description":"Njut av en perfekt tempererad drink med denna vinkylare. Det eleganta dubbelglaset med tydlig LED-belysning ger dig en klar \u00f6verblick...","og_url":"https:\/\/truusk.store\/sv\/produkt\/truusk-vinkylare-for-24-flaskor-justerbar-temperatur-5-till-20-c-led-belysning-svart-43-x-45-x-75-cm\/","og_site_name":"TRUUSK - Hem, Tr\u00e4dg\u00e5rd &amp; Fritid","article_modified_time":"2026-03-12T08:13:30+00:00","og_image":[{"width":800,"height":800,"url":"https:\/\/i0.wp.com\/truusk.se\/wp-content\/uploads\/2024\/02\/vinkylare-for-24-flaskor-justerbar-temperatur-5-till-20-c-led-belysning-svart-43-x-45-x-75-cm.webp?fit=800%2C800&ssl=1","type":"image\/webp"}],"twitter_card":"summary_large_image","twitter_misc":{"Ber\u00e4knad l\u00e4stid":"1 minut"},"schema":{"@context":"https:\/\/schema.org","@graph":[{"@type":"WebPage","@id":"https:\/\/truusk.store\/sv\/produkt\/truusk-vinkylare-for-24-flaskor-justerbar-temperatur-5-till-20-c-led-belysning-svart-43-x-45-x-75-cm\/","url":"https:\/\/truusk.store\/sv\/produkt\/truusk-vinkylare-for-24-flaskor-justerbar-temperatur-5-till-20-c-led-belysning-svart-43-x-45-x-75-cm\/","name":"TRUUSK Vinkylare f\u00f6r 24 Flaskor - Justerbar Temperatur 5 till 20 C - LED-belysning - Svart - 43 x 45 x 75 cm - TRUUSK - Hem, Tr\u00e4dg\u00e5rd &amp; Fritid","isPartOf":{"@id":"https:\/\/truusk.store\/sv\/#website"},"primaryImageOfPage":{"@id":"https:\/\/truusk.store\/sv\/produkt\/truusk-vinkylare-for-24-flaskor-justerbar-temperatur-5-till-20-c-led-belysning-svart-43-x-45-x-75-cm\/#primaryimage"},"image":{"@id":"https:\/\/truusk.store\/sv\/produkt\/truusk-vinkylare-for-24-flaskor-justerbar-temperatur-5-till-20-c-led-belysning-svart-43-x-45-x-75-cm\/#primaryimage"},"thumbnailUrl":"https:\/\/i0.wp.com\/truusk.store\/wp-content\/uploads\/2024\/02\/vinkylare-for-24-flaskor-justerbar-temperatur-5-till-20-c-led-belysning-svart-43-x-45-x-75-cm.webp?fit=800%2C800&ssl=1","datePublished":"2024-02-14T00:01:53+00:00","dateModified":"2026-03-12T08:13:30+00:00","breadcrumb":{"@id":"https:\/\/truusk.store\/sv\/produkt\/truusk-vinkylare-for-24-flaskor-justerbar-temperatur-5-till-20-c-led-belysning-svart-43-x-45-x-75-cm\/#breadcrumb"},"inLanguage":"sv-SE","potentialAction":[{"@type":"ReadAction","target":["https:\/\/truusk.store\/sv\/produkt\/truusk-vinkylare-for-24-flaskor-justerbar-temperatur-5-till-20-c-led-belysning-svart-43-x-45-x-75-cm\/"]}]},{"@type":"ImageObject","inLanguage":"sv-SE","@id":"https:\/\/truusk.store\/sv\/produkt\/truusk-vinkylare-for-24-flaskor-justerbar-temperatur-5-till-20-c-led-belysning-svart-43-x-45-x-75-cm\/#primaryimage","url":"https:\/\/i0.wp.com\/truusk.store\/wp-content\/uploads\/2024\/02\/vinkylare-for-24-flaskor-justerbar-temperatur-5-till-20-c-led-belysning-svart-43-x-45-x-75-cm.webp?fit=800%2C800&ssl=1","contentUrl":"https:\/\/i0.wp.com\/truusk.store\/wp-content\/uploads\/2024\/02\/vinkylare-for-24-flaskor-justerbar-temperatur-5-till-20-c-led-belysning-svart-43-x-45-x-75-cm.webp?fit=800%2C800&ssl=1","width":800,"height":800,"caption":"Vinkylare F\u00f6r 24 Flaskor, Justerbar Temperatur 5 Till 20 C, LED-belysning, Svart, 43 X 45 X 75 Cm 1"},{"@type":"BreadcrumbList","@id":"https:\/\/truusk.store\/sv\/produkt\/truusk-vinkylare-for-24-flaskor-justerbar-temperatur-5-till-20-c-led-belysning-svart-43-x-45-x-75-cm\/#breadcrumb","itemListElement":[{"@type":"ListItem","position":1,"name":"Home","item":"https:\/\/truusk.store\/sv\/"},{"@type":"ListItem","position":2,"name":"Shop","item":"https:\/\/truusk.store\/shop\/"},{"@type":"ListItem","position":3,"name":"TRUUSK Vinkylare f\u00f6r 24 Flaskor &#8211; Justerbar Temperatur 5 till 20 C &#8211; LED-belysning &#8211; Svart &#8211; 43 x 45 x 75 cm"}]},{"@type":"WebSite","@id":"https:\/\/truusk.store\/sv\/#website","url":"https:\/\/truusk.store\/sv\/","name":"TRUUSK - Hem, Tr\u00e4dg\u00e5rd & Fritid","description":"","publisher":{"@id":"https:\/\/truusk.store\/sv\/#organization"},"potentialAction":[{"@type":"SearchAction","target":{"@type":"EntryPoint","urlTemplate":"https:\/\/truusk.store\/sv\/?s={search_term_string}"},"query-input":{"@type":"PropertyValueSpecification","valueRequired":true,"valueName":"search_term_string"}}],"inLanguage":"sv-SE"},{"@type":"Organization","@id":"https:\/\/truusk.store\/sv\/#organization","name":"TRUUSK - Hem, Tr\u00e4dg\u00e5rd & Fritid","url":"https:\/\/truusk.store\/sv\/","logo":{"@type":"ImageObject","inLanguage":"sv-SE","@id":"https:\/\/truusk.store\/sv\/#\/schema\/logo\/image\/","url":"https:\/\/i0.wp.com\/truusk.store\/wp-content\/uploads\/2026\/03\/cropped-TRUUSK.png?fit=2032%2C917&ssl=1","contentUrl":"https:\/\/i0.wp.com\/truusk.store\/wp-content\/uploads\/2026\/03\/cropped-TRUUSK.png?fit=2032%2C917&ssl=1","width":2032,"height":917,"caption":"TRUUSK - Hem, Tr\u00e4dg\u00e5rd & Fritid"},"image":{"@id":"https:\/\/truusk.store\/sv\/#\/schema\/logo\/image\/"}}]}},"jetpack_sharing_enabled":true,"_links":{"self":[{"href":"https:\/\/truusk.store\/sv\/wp-json\/wp\/v2\/product\/37859","targetHints":{"allow":["GET"]}}],"collection":[{"href":"https:\/\/truusk.store\/sv\/wp-json\/wp\/v2\/product"}],"about":[{"href":"https:\/\/truusk.store\/sv\/wp-json\/wp\/v2\/types\/product"}],"wp:featuredmedia":[{"embeddable":true,"href":"https:\/\/truusk.store\/sv\/wp-json\/wp\/v2\/media\/37860"}],"wp:attachment":[{"href":"https:\/\/truusk.store\/sv\/wp-json\/wp\/v2\/media?parent=37859"}],"wp:term":[{"taxonomy":"product_brand","embeddable":true,"href":"https:\/\/truusk.store\/sv\/wp-json\/wp\/v2\/product_brand?post=37859"},{"taxonomy":"product_cat","embeddable":true,"href":"https:\/\/truusk.store\/sv\/wp-json\/wp\/v2\/product_cat?post=37859"},{"taxonomy":"product_tag","embeddable":true,"href":"https:\/\/truusk.store\/sv\/wp-json\/wp\/v2\/product_tag?post=37859"}],"curies":[{"name":"wp","href":"https:\/\/api.w.org\/{rel}","templated":true}]}}