{"id":37882,"date":"2024-02-14T01:02:39","date_gmt":"2024-02-14T00:02:39","guid":{"rendered":"https:\/\/truusk.store\/product\/campingtalt-6-8-personers-talt-familjetalt-med-vestibul-2-fonster-kupoltalt-pu3000mm-for-trekking-festival-glasfiber-bla-518-x-487-x-237-cm\/"},"modified":"2026-03-12T09:13:30","modified_gmt":"2026-03-12T08:13:30","slug":"truusk-campingtalt-6-8-personers-familjetalt-med-vestibul-2-fonster-kupoltalt-pu3000mm-for-trekking-festival-glasfiber","status":"publish","type":"product","link":"https:\/\/truusk.store\/sv\/produkt\/truusk-campingtalt-6-8-personers-familjetalt-med-vestibul-2-fonster-kupoltalt-pu3000mm-for-trekking-festival-glasfiber\/","title":{"rendered":"TRUUSK Campingt\u00e4lt 6-8 Personers &#8211; Familjet\u00e4lt Med Vestibul &#8211; 2 F\u00f6nster &#8211; Kupolt\u00e4lt PU3000mm &#8211; F\u00f6r Trekking Festival &#8211; Glasfiber"},"content":{"rendered":"<p>Med detta rymliga 6-8 personers kupolt\u00e4lt blir campingen \u00e4nnu mer sp\u00e4nnande och f\u00e4rgstark! Den robusta glasfiber- och st\u00e5lramen ger stabilitet och stabilitet samtidigt som den ger plats f\u00f6r 6 till 8 personer att sova och f\u00f6rvara bagage. Det medf\u00f6ljande kapellet ger extra skydd och kan enkelt tas bort f\u00f6r att se natthimlen.<\/p>\n<h3>Beskrivning:<\/h3>\n<ul>\n<li>Rymlig design, ger plats f\u00f6r 6-8 personer<\/li>\n<li>Praktisk markis med l\u00e5sbara f\u00f6nster<\/li>\n<li>N\u00e4tf\u00f6nster ger utm\u00e4rkt ventilation och skydd mot insekter<\/li>\n<li>Lyktkrokar och fickor g\u00f6r att bagage och redskap kan f\u00f6rvaras<\/li>\n<li>St\u00e5l- och glasfiberramverk s\u00e4kerst\u00e4ller en robust och h\u00e5llbar struktur som inte rostar<\/li>\n<li>Regnskydd av vattent\u00e4t polyester (vattenpelare 3 000 mm)<\/li>\n<li>Inklusive 18 pinnar, 6 sp\u00e4nnlinor och en b\u00e4rv\u00e4ska<\/li>\n<\/ul>\n<h3>Teknisk data:<\/h3>\n<ul>\n<li>F\u00e4rg: Bl\u00e5+Gr\u00f6n+Gr\u00e5<\/li>\n<li>Material: polyester, glasfiber, st\u00e5l<\/li>\n<li>\u00d6vergripande m\u00e5tt: 518L x 487W x 237H cm<\/li>\n<li>M\u00e5tt p\u00e5 innert\u00e4lt: 513L x 480W x 230H cm<\/li>\n<li>M\u00e5tt: 270L x 180W cm, 90L x 110W cm<\/li>\n<li>F\u00f6rvaringsfack: 20L x 20W cm<\/li>\n<li>F\u00f6nsterm\u00e5tt: 270L x 180W cm, 100L x 55W cm<\/li>\n<li>Vikstorlek: 75L x 27W x 27H cm<\/li>\n<\/ul>\n<h3>Leveransens omfattning:<\/h3>\n<ul>\n<li>1 x Campingt\u00e4lt<\/li>\n<li>18 x slipade naglar<\/li>\n<li>6 x dragrep<\/li>\n<li>1 x B\u00e4rv\u00e4ska<\/li>\n<li>1 x Instruktioner<\/li>\n<\/ul>\n","protected":false},"excerpt":{"rendered":"<p>Med detta rymliga 6-8 personers kupolt\u00e4lt blir campingen \u00e4nnu mer sp\u00e4nnande och f\u00e4rgstark! Den robusta glasfiber- och st\u00e5lramen ger stabilitet&#8230;<\/p>\n","protected":false},"featured_media":37883,"template":"","meta":[],"product_brand":[],"product_cat":[648,647,650],"product_tag":[],"class_list":{"0":"post-37882","1":"product","2":"type-product","3":"status-publish","4":"has-post-thumbnail","6":"product_cat-camping-tillbehor","7":"product_cat-sport-fritid","8":"product_cat-talt","10":"first","11":"instock","12":"sale","13":"taxable","14":"shipping-taxable","15":"purchasable","16":"product-type-simple"},"yoast_head":"<!-- This site is optimized with the Yoast SEO plugin v25.4 - https:\/\/yoast.com\/wordpress\/plugins\/seo\/ -->\n<title>TRUUSK Campingt\u00e4lt 6-8 Personers - Familjet\u00e4lt Med Vestibul - 2 F\u00f6nster - Kupolt\u00e4lt PU3000mm - F\u00f6r Trekking Festival - Glasfiber - TRUUSK - Hem, Tr\u00e4dg\u00e5rd &amp; Fritid<\/title>\n<meta name=\"robots\" content=\"index, follow, max-snippet:-1, max-image-preview:large, max-video-preview:-1\" \/>\n<link rel=\"canonical\" href=\"https:\/\/truusk.store\/sv\/produkt\/truusk-campingtalt-6-8-personers-familjetalt-med-vestibul-2-fonster-kupoltalt-pu3000mm-for-trekking-festival-glasfiber\/\" \/>\n<meta property=\"og:locale\" content=\"sv_SE\" \/>\n<meta property=\"og:type\" content=\"article\" \/>\n<meta property=\"og:title\" content=\"TRUUSK Campingt\u00e4lt 6-8 Personers - Familjet\u00e4lt Med Vestibul - 2 F\u00f6nster - Kupolt\u00e4lt PU3000mm - F\u00f6r Trekking Festival - Glasfiber - TRUUSK - Hem, Tr\u00e4dg\u00e5rd &amp; Fritid\" \/>\n<meta property=\"og:description\" content=\"Med detta rymliga 6-8 personers kupolt\u00e4lt blir campingen \u00e4nnu mer sp\u00e4nnande och f\u00e4rgstark! Den robusta glasfiber- och st\u00e5lramen ger stabilitet...\" \/>\n<meta property=\"og:url\" content=\"https:\/\/truusk.store\/sv\/produkt\/truusk-campingtalt-6-8-personers-familjetalt-med-vestibul-2-fonster-kupoltalt-pu3000mm-for-trekking-festival-glasfiber\/\" \/>\n<meta property=\"og:site_name\" content=\"TRUUSK - Hem, Tr\u00e4dg\u00e5rd &amp; Fritid\" \/>\n<meta property=\"article:modified_time\" content=\"2026-03-12T08:13:30+00:00\" \/>\n<meta property=\"og:image\" content=\"https:\/\/i0.wp.com\/truusk.se\/wp-content\/uploads\/2024\/02\/campingtalt-6-8-personers-talt-familjetalt-med-vestibul-2-fonster-kupoltalt-pu3000mm-for-trekking-festival-glasfiber-bla-518-x-487-x-237-cm.webp?fit=800%2C800&ssl=1\" \/>\n\t<meta property=\"og:image:width\" content=\"800\" \/>\n\t<meta property=\"og:image:height\" content=\"800\" \/>\n\t<meta property=\"og:image:type\" content=\"image\/webp\" \/>\n<meta name=\"twitter:card\" content=\"summary_large_image\" \/>\n<meta name=\"twitter:label1\" content=\"Ber\u00e4knad l\u00e4stid\" \/>\n\t<meta name=\"twitter:data1\" content=\"1 minut\" \/>\n<!-- \/ Yoast SEO plugin. -->","yoast_head_json":{"title":"TRUUSK Campingt\u00e4lt 6-8 Personers - Familjet\u00e4lt Med Vestibul - 2 F\u00f6nster - Kupolt\u00e4lt PU3000mm - F\u00f6r Trekking Festival - Glasfiber - TRUUSK - Hem, Tr\u00e4dg\u00e5rd &amp; Fritid","robots":{"index":"index","follow":"follow","max-snippet":"max-snippet:-1","max-image-preview":"max-image-preview:large","max-video-preview":"max-video-preview:-1"},"canonical":"https:\/\/truusk.store\/sv\/produkt\/truusk-campingtalt-6-8-personers-familjetalt-med-vestibul-2-fonster-kupoltalt-pu3000mm-for-trekking-festival-glasfiber\/","og_locale":"sv_SE","og_type":"article","og_title":"TRUUSK Campingt\u00e4lt 6-8 Personers - Familjet\u00e4lt Med Vestibul - 2 F\u00f6nster - Kupolt\u00e4lt PU3000mm - F\u00f6r Trekking Festival - Glasfiber - TRUUSK - Hem, Tr\u00e4dg\u00e5rd &amp; Fritid","og_description":"Med detta rymliga 6-8 personers kupolt\u00e4lt blir campingen \u00e4nnu mer sp\u00e4nnande och f\u00e4rgstark! Den robusta glasfiber- och st\u00e5lramen ger stabilitet...","og_url":"https:\/\/truusk.store\/sv\/produkt\/truusk-campingtalt-6-8-personers-familjetalt-med-vestibul-2-fonster-kupoltalt-pu3000mm-for-trekking-festival-glasfiber\/","og_site_name":"TRUUSK - Hem, Tr\u00e4dg\u00e5rd &amp; Fritid","article_modified_time":"2026-03-12T08:13:30+00:00","og_image":[{"width":800,"height":800,"url":"https:\/\/i0.wp.com\/truusk.se\/wp-content\/uploads\/2024\/02\/campingtalt-6-8-personers-talt-familjetalt-med-vestibul-2-fonster-kupoltalt-pu3000mm-for-trekking-festival-glasfiber-bla-518-x-487-x-237-cm.webp?fit=800%2C800&ssl=1","type":"image\/webp"}],"twitter_card":"summary_large_image","twitter_misc":{"Ber\u00e4knad l\u00e4stid":"1 minut"},"schema":{"@context":"https:\/\/schema.org","@graph":[{"@type":"WebPage","@id":"https:\/\/truusk.store\/sv\/produkt\/truusk-campingtalt-6-8-personers-familjetalt-med-vestibul-2-fonster-kupoltalt-pu3000mm-for-trekking-festival-glasfiber\/","url":"https:\/\/truusk.store\/sv\/produkt\/truusk-campingtalt-6-8-personers-familjetalt-med-vestibul-2-fonster-kupoltalt-pu3000mm-for-trekking-festival-glasfiber\/","name":"TRUUSK Campingt\u00e4lt 6-8 Personers - Familjet\u00e4lt Med Vestibul - 2 F\u00f6nster - Kupolt\u00e4lt PU3000mm - F\u00f6r Trekking Festival - Glasfiber - TRUUSK - Hem, Tr\u00e4dg\u00e5rd &amp; Fritid","isPartOf":{"@id":"https:\/\/truusk.store\/sv\/#website"},"primaryImageOfPage":{"@id":"https:\/\/truusk.store\/sv\/produkt\/truusk-campingtalt-6-8-personers-familjetalt-med-vestibul-2-fonster-kupoltalt-pu3000mm-for-trekking-festival-glasfiber\/#primaryimage"},"image":{"@id":"https:\/\/truusk.store\/sv\/produkt\/truusk-campingtalt-6-8-personers-familjetalt-med-vestibul-2-fonster-kupoltalt-pu3000mm-for-trekking-festival-glasfiber\/#primaryimage"},"thumbnailUrl":"https:\/\/i0.wp.com\/truusk.store\/wp-content\/uploads\/2024\/02\/campingtalt-6-8-personers-talt-familjetalt-med-vestibul-2-fonster-kupoltalt-pu3000mm-for-trekking-festival-glasfiber-bla-518-x-487-x-237-cm.webp?fit=800%2C800&ssl=1","datePublished":"2024-02-14T00:02:39+00:00","dateModified":"2026-03-12T08:13:30+00:00","breadcrumb":{"@id":"https:\/\/truusk.store\/sv\/produkt\/truusk-campingtalt-6-8-personers-familjetalt-med-vestibul-2-fonster-kupoltalt-pu3000mm-for-trekking-festival-glasfiber\/#breadcrumb"},"inLanguage":"sv-SE","potentialAction":[{"@type":"ReadAction","target":["https:\/\/truusk.store\/sv\/produkt\/truusk-campingtalt-6-8-personers-familjetalt-med-vestibul-2-fonster-kupoltalt-pu3000mm-for-trekking-festival-glasfiber\/"]}]},{"@type":"ImageObject","inLanguage":"sv-SE","@id":"https:\/\/truusk.store\/sv\/produkt\/truusk-campingtalt-6-8-personers-familjetalt-med-vestibul-2-fonster-kupoltalt-pu3000mm-for-trekking-festival-glasfiber\/#primaryimage","url":"https:\/\/i0.wp.com\/truusk.store\/wp-content\/uploads\/2024\/02\/campingtalt-6-8-personers-talt-familjetalt-med-vestibul-2-fonster-kupoltalt-pu3000mm-for-trekking-festival-glasfiber-bla-518-x-487-x-237-cm.webp?fit=800%2C800&ssl=1","contentUrl":"https:\/\/i0.wp.com\/truusk.store\/wp-content\/uploads\/2024\/02\/campingtalt-6-8-personers-talt-familjetalt-med-vestibul-2-fonster-kupoltalt-pu3000mm-for-trekking-festival-glasfiber-bla-518-x-487-x-237-cm.webp?fit=800%2C800&ssl=1","width":800,"height":800,"caption":"Campingt\u00e4lt 6-8 Personers T\u00e4lt Familjet\u00e4lt Med Vestibul 2 F\u00f6nster Kupolt\u00e4lt PU3000mm F\u00f6r Trekking Festival Glasfiber Bl\u00e5 518 X 487 X 237 Cm 1"},{"@type":"BreadcrumbList","@id":"https:\/\/truusk.store\/sv\/produkt\/truusk-campingtalt-6-8-personers-familjetalt-med-vestibul-2-fonster-kupoltalt-pu3000mm-for-trekking-festival-glasfiber\/#breadcrumb","itemListElement":[{"@type":"ListItem","position":1,"name":"Home","item":"https:\/\/truusk.store\/sv\/"},{"@type":"ListItem","position":2,"name":"Shop","item":"https:\/\/truusk.store\/shop\/"},{"@type":"ListItem","position":3,"name":"TRUUSK Campingt\u00e4lt 6-8 Personers &#8211; Familjet\u00e4lt Med Vestibul &#8211; 2 F\u00f6nster &#8211; Kupolt\u00e4lt PU3000mm &#8211; F\u00f6r Trekking Festival &#8211; Glasfiber"}]},{"@type":"WebSite","@id":"https:\/\/truusk.store\/sv\/#website","url":"https:\/\/truusk.store\/sv\/","name":"TRUUSK - Hem, Tr\u00e4dg\u00e5rd & Fritid","description":"","publisher":{"@id":"https:\/\/truusk.store\/sv\/#organization"},"potentialAction":[{"@type":"SearchAction","target":{"@type":"EntryPoint","urlTemplate":"https:\/\/truusk.store\/sv\/?s={search_term_string}"},"query-input":{"@type":"PropertyValueSpecification","valueRequired":true,"valueName":"search_term_string"}}],"inLanguage":"sv-SE"},{"@type":"Organization","@id":"https:\/\/truusk.store\/sv\/#organization","name":"TRUUSK - Hem, Tr\u00e4dg\u00e5rd & Fritid","url":"https:\/\/truusk.store\/sv\/","logo":{"@type":"ImageObject","inLanguage":"sv-SE","@id":"https:\/\/truusk.store\/sv\/#\/schema\/logo\/image\/","url":"https:\/\/i0.wp.com\/truusk.store\/wp-content\/uploads\/2026\/03\/cropped-TRUUSK.png?fit=2032%2C917&ssl=1","contentUrl":"https:\/\/i0.wp.com\/truusk.store\/wp-content\/uploads\/2026\/03\/cropped-TRUUSK.png?fit=2032%2C917&ssl=1","width":2032,"height":917,"caption":"TRUUSK - Hem, Tr\u00e4dg\u00e5rd & Fritid"},"image":{"@id":"https:\/\/truusk.store\/sv\/#\/schema\/logo\/image\/"}}]}},"jetpack_sharing_enabled":true,"_links":{"self":[{"href":"https:\/\/truusk.store\/sv\/wp-json\/wp\/v2\/product\/37882","targetHints":{"allow":["GET"]}}],"collection":[{"href":"https:\/\/truusk.store\/sv\/wp-json\/wp\/v2\/product"}],"about":[{"href":"https:\/\/truusk.store\/sv\/wp-json\/wp\/v2\/types\/product"}],"wp:featuredmedia":[{"embeddable":true,"href":"https:\/\/truusk.store\/sv\/wp-json\/wp\/v2\/media\/37883"}],"wp:attachment":[{"href":"https:\/\/truusk.store\/sv\/wp-json\/wp\/v2\/media?parent=37882"}],"wp:term":[{"taxonomy":"product_brand","embeddable":true,"href":"https:\/\/truusk.store\/sv\/wp-json\/wp\/v2\/product_brand?post=37882"},{"taxonomy":"product_cat","embeddable":true,"href":"https:\/\/truusk.store\/sv\/wp-json\/wp\/v2\/product_cat?post=37882"},{"taxonomy":"product_tag","embeddable":true,"href":"https:\/\/truusk.store\/sv\/wp-json\/wp\/v2\/product_tag?post=37882"}],"curies":[{"name":"wp","href":"https:\/\/api.w.org\/{rel}","templated":true}]}}