{"id":37892,"date":"2024-02-14T01:03:04","date_gmt":"2024-02-14T00:03:04","guid":{"rendered":"https:\/\/truusk.store\/product\/bambu-handduksstall-3-delad-design-3-handdukstorkar-48-cm-x-258-cm-x-94-cm-natur-vit\/"},"modified":"2026-03-12T09:13:30","modified_gmt":"2026-03-12T08:13:30","slug":"truusk-bambu-handdukstall-3-delad-design-3-handdukstorkar-natur-vit","status":"publish","type":"product","link":"https:\/\/truusk.store\/sv\/produkt\/truusk-bambu-handdukstall-3-delad-design-3-handdukstorkar-natur-vit\/","title":{"rendered":"TRUUSK Bambu Handdukst\u00e4ll &#8211; 3-delad Design &#8211; 3 Handdukstorkar &#8211; Natur + Vit"},"content":{"rendered":"<p>H\u00e4ng dina handdukar p\u00e5 detta vackra handduksst\u00e4ll med 3 handduksst\u00e4ll. Den funktionella handdukstorken \u00e4r tillverkad av slitstark bambu, som har ett naturligt och varmt utseende och passar f\u00f6r vardagsbruk. Den frist\u00e5ende designen g\u00f6r att du kan placera den precis bredvid duschen, badkaret eller var du vill. L\u00e4tt att flytta fr\u00e5n ett rum till ett annat.<\/p>\n<h3>Beskrivning:<\/h3>\n<ul>\n<li>3-delad design i 3 h\u00f6jder, f\u00f6r mer f\u00f6rvaringsutrymme i badrummet<\/li>\n<li>Den l\u00e4tta bambukonstruktionen \u00e4r l\u00e4tt att transportera<\/li>\n<li>Snabbt och enkelt att s\u00e4tta upp<\/li>\n<li>Frist\u00e5ende konstruktion<\/li>\n<\/ul>\n<h3>Teknisk data:<\/h3>\n<ul>\n<li>F\u00e4rg: naturligt tr\u00e4<\/li>\n<li>Material: Bambu<\/li>\n<li>Totala m\u00e5tt: 48L x 25,8W x 94Hcm<\/li>\n<li>Viktkapacitet: 3kg (hel)<\/li>\n<\/ul>\n<h3>Leveransens omfattning:<\/h3>\n<ul>\n<li>1 x handduksst\u00e4ll<\/li>\n<li>1 x manuell<\/li>\n<\/ul>\n","protected":false},"excerpt":{"rendered":"<p>H\u00e4ng dina handdukar p\u00e5 detta vackra handduksst\u00e4ll med 3 handduksst\u00e4ll. Den funktionella handdukstorken \u00e4r tillverkad av slitstark bambu, som har&#8230;<\/p>\n","protected":false},"featured_media":37893,"template":"","meta":[],"product_brand":[],"product_cat":[489,490,485],"product_tag":[],"class_list":{"0":"post-37892","1":"product","2":"type-product","3":"status-publish","4":"has-post-thumbnail","6":"product_cat-badrum-sanitar","7":"product_cat-badrumsradiator-och-handdukshangare","8":"product_cat-hus-bo","10":"first","11":"instock","12":"sale","13":"taxable","14":"shipping-taxable","15":"purchasable","16":"product-type-simple"},"yoast_head":"<!-- This site is optimized with the Yoast SEO plugin v25.4 - https:\/\/yoast.com\/wordpress\/plugins\/seo\/ -->\n<title>TRUUSK Bambu Handdukst\u00e4ll - 3-delad Design - 3 Handdukstorkar - Natur + Vit - TRUUSK - Hem, Tr\u00e4dg\u00e5rd &amp; Fritid<\/title>\n<meta name=\"robots\" content=\"index, follow, max-snippet:-1, max-image-preview:large, max-video-preview:-1\" \/>\n<link rel=\"canonical\" href=\"https:\/\/truusk.store\/sv\/produkt\/truusk-bambu-handdukstall-3-delad-design-3-handdukstorkar-natur-vit\/\" \/>\n<meta property=\"og:locale\" content=\"sv_SE\" \/>\n<meta property=\"og:type\" content=\"article\" \/>\n<meta property=\"og:title\" content=\"TRUUSK Bambu Handdukst\u00e4ll - 3-delad Design - 3 Handdukstorkar - Natur + Vit - TRUUSK - Hem, Tr\u00e4dg\u00e5rd &amp; Fritid\" \/>\n<meta property=\"og:description\" content=\"H\u00e4ng dina handdukar p\u00e5 detta vackra handduksst\u00e4ll med 3 handduksst\u00e4ll. Den funktionella handdukstorken \u00e4r tillverkad av slitstark bambu, som har...\" \/>\n<meta property=\"og:url\" content=\"https:\/\/truusk.store\/sv\/produkt\/truusk-bambu-handdukstall-3-delad-design-3-handdukstorkar-natur-vit\/\" \/>\n<meta property=\"og:site_name\" content=\"TRUUSK - Hem, Tr\u00e4dg\u00e5rd &amp; Fritid\" \/>\n<meta property=\"article:modified_time\" content=\"2026-03-12T08:13:30+00:00\" \/>\n<meta property=\"og:image\" content=\"https:\/\/i0.wp.com\/truusk.se\/wp-content\/uploads\/2024\/02\/bambu-handduksstall-3-delad-design-3-handdukstorkar-48-cm-x-258-cm-x-94-cm-natur-vit.webp?fit=800%2C800&ssl=1\" \/>\n\t<meta property=\"og:image:width\" content=\"800\" \/>\n\t<meta property=\"og:image:height\" content=\"800\" \/>\n\t<meta property=\"og:image:type\" content=\"image\/webp\" \/>\n<meta name=\"twitter:card\" content=\"summary_large_image\" \/>\n<meta name=\"twitter:label1\" content=\"Ber\u00e4knad l\u00e4stid\" \/>\n\t<meta name=\"twitter:data1\" content=\"1 minut\" \/>\n<!-- \/ Yoast SEO plugin. -->","yoast_head_json":{"title":"TRUUSK Bambu Handdukst\u00e4ll - 3-delad Design - 3 Handdukstorkar - Natur + Vit - TRUUSK - Hem, Tr\u00e4dg\u00e5rd &amp; Fritid","robots":{"index":"index","follow":"follow","max-snippet":"max-snippet:-1","max-image-preview":"max-image-preview:large","max-video-preview":"max-video-preview:-1"},"canonical":"https:\/\/truusk.store\/sv\/produkt\/truusk-bambu-handdukstall-3-delad-design-3-handdukstorkar-natur-vit\/","og_locale":"sv_SE","og_type":"article","og_title":"TRUUSK Bambu Handdukst\u00e4ll - 3-delad Design - 3 Handdukstorkar - Natur + Vit - TRUUSK - Hem, Tr\u00e4dg\u00e5rd &amp; Fritid","og_description":"H\u00e4ng dina handdukar p\u00e5 detta vackra handduksst\u00e4ll med 3 handduksst\u00e4ll. Den funktionella handdukstorken \u00e4r tillverkad av slitstark bambu, som har...","og_url":"https:\/\/truusk.store\/sv\/produkt\/truusk-bambu-handdukstall-3-delad-design-3-handdukstorkar-natur-vit\/","og_site_name":"TRUUSK - Hem, Tr\u00e4dg\u00e5rd &amp; Fritid","article_modified_time":"2026-03-12T08:13:30+00:00","og_image":[{"width":800,"height":800,"url":"https:\/\/i0.wp.com\/truusk.se\/wp-content\/uploads\/2024\/02\/bambu-handduksstall-3-delad-design-3-handdukstorkar-48-cm-x-258-cm-x-94-cm-natur-vit.webp?fit=800%2C800&ssl=1","type":"image\/webp"}],"twitter_card":"summary_large_image","twitter_misc":{"Ber\u00e4knad l\u00e4stid":"1 minut"},"schema":{"@context":"https:\/\/schema.org","@graph":[{"@type":"WebPage","@id":"https:\/\/truusk.store\/sv\/produkt\/truusk-bambu-handdukstall-3-delad-design-3-handdukstorkar-natur-vit\/","url":"https:\/\/truusk.store\/sv\/produkt\/truusk-bambu-handdukstall-3-delad-design-3-handdukstorkar-natur-vit\/","name":"TRUUSK Bambu Handdukst\u00e4ll - 3-delad Design - 3 Handdukstorkar - Natur + Vit - TRUUSK - Hem, Tr\u00e4dg\u00e5rd &amp; Fritid","isPartOf":{"@id":"https:\/\/truusk.store\/sv\/#website"},"primaryImageOfPage":{"@id":"https:\/\/truusk.store\/sv\/produkt\/truusk-bambu-handdukstall-3-delad-design-3-handdukstorkar-natur-vit\/#primaryimage"},"image":{"@id":"https:\/\/truusk.store\/sv\/produkt\/truusk-bambu-handdukstall-3-delad-design-3-handdukstorkar-natur-vit\/#primaryimage"},"thumbnailUrl":"https:\/\/i0.wp.com\/truusk.store\/wp-content\/uploads\/2024\/02\/bambu-handduksstall-3-delad-design-3-handdukstorkar-48-cm-x-258-cm-x-94-cm-natur-vit.webp?fit=800%2C800&ssl=1","datePublished":"2024-02-14T00:03:04+00:00","dateModified":"2026-03-12T08:13:30+00:00","breadcrumb":{"@id":"https:\/\/truusk.store\/sv\/produkt\/truusk-bambu-handdukstall-3-delad-design-3-handdukstorkar-natur-vit\/#breadcrumb"},"inLanguage":"sv-SE","potentialAction":[{"@type":"ReadAction","target":["https:\/\/truusk.store\/sv\/produkt\/truusk-bambu-handdukstall-3-delad-design-3-handdukstorkar-natur-vit\/"]}]},{"@type":"ImageObject","inLanguage":"sv-SE","@id":"https:\/\/truusk.store\/sv\/produkt\/truusk-bambu-handdukstall-3-delad-design-3-handdukstorkar-natur-vit\/#primaryimage","url":"https:\/\/i0.wp.com\/truusk.store\/wp-content\/uploads\/2024\/02\/bambu-handduksstall-3-delad-design-3-handdukstorkar-48-cm-x-258-cm-x-94-cm-natur-vit.webp?fit=800%2C800&ssl=1","contentUrl":"https:\/\/i0.wp.com\/truusk.store\/wp-content\/uploads\/2024\/02\/bambu-handduksstall-3-delad-design-3-handdukstorkar-48-cm-x-258-cm-x-94-cm-natur-vit.webp?fit=800%2C800&ssl=1","width":800,"height":800,"caption":"Bambu Handduksst\u00e4ll. 3-delad Design, 3 Handdukstorkar 48 Cm X 25,8 Cm X 94 Cm, Natur + Vit 1"},{"@type":"BreadcrumbList","@id":"https:\/\/truusk.store\/sv\/produkt\/truusk-bambu-handdukstall-3-delad-design-3-handdukstorkar-natur-vit\/#breadcrumb","itemListElement":[{"@type":"ListItem","position":1,"name":"Home","item":"https:\/\/truusk.store\/sv\/"},{"@type":"ListItem","position":2,"name":"Shop","item":"https:\/\/truusk.store\/shop\/"},{"@type":"ListItem","position":3,"name":"TRUUSK Bambu Handdukst\u00e4ll &#8211; 3-delad Design &#8211; 3 Handdukstorkar &#8211; Natur + Vit"}]},{"@type":"WebSite","@id":"https:\/\/truusk.store\/sv\/#website","url":"https:\/\/truusk.store\/sv\/","name":"TRUUSK - Hem, Tr\u00e4dg\u00e5rd & Fritid","description":"","publisher":{"@id":"https:\/\/truusk.store\/sv\/#organization"},"potentialAction":[{"@type":"SearchAction","target":{"@type":"EntryPoint","urlTemplate":"https:\/\/truusk.store\/sv\/?s={search_term_string}"},"query-input":{"@type":"PropertyValueSpecification","valueRequired":true,"valueName":"search_term_string"}}],"inLanguage":"sv-SE"},{"@type":"Organization","@id":"https:\/\/truusk.store\/sv\/#organization","name":"TRUUSK - Hem, Tr\u00e4dg\u00e5rd & Fritid","url":"https:\/\/truusk.store\/sv\/","logo":{"@type":"ImageObject","inLanguage":"sv-SE","@id":"https:\/\/truusk.store\/sv\/#\/schema\/logo\/image\/","url":"https:\/\/i0.wp.com\/truusk.store\/wp-content\/uploads\/2026\/03\/cropped-TRUUSK.png?fit=2032%2C917&ssl=1","contentUrl":"https:\/\/i0.wp.com\/truusk.store\/wp-content\/uploads\/2026\/03\/cropped-TRUUSK.png?fit=2032%2C917&ssl=1","width":2032,"height":917,"caption":"TRUUSK - Hem, Tr\u00e4dg\u00e5rd & Fritid"},"image":{"@id":"https:\/\/truusk.store\/sv\/#\/schema\/logo\/image\/"}}]}},"jetpack_sharing_enabled":true,"_links":{"self":[{"href":"https:\/\/truusk.store\/sv\/wp-json\/wp\/v2\/product\/37892","targetHints":{"allow":["GET"]}}],"collection":[{"href":"https:\/\/truusk.store\/sv\/wp-json\/wp\/v2\/product"}],"about":[{"href":"https:\/\/truusk.store\/sv\/wp-json\/wp\/v2\/types\/product"}],"wp:featuredmedia":[{"embeddable":true,"href":"https:\/\/truusk.store\/sv\/wp-json\/wp\/v2\/media\/37893"}],"wp:attachment":[{"href":"https:\/\/truusk.store\/sv\/wp-json\/wp\/v2\/media?parent=37892"}],"wp:term":[{"taxonomy":"product_brand","embeddable":true,"href":"https:\/\/truusk.store\/sv\/wp-json\/wp\/v2\/product_brand?post=37892"},{"taxonomy":"product_cat","embeddable":true,"href":"https:\/\/truusk.store\/sv\/wp-json\/wp\/v2\/product_cat?post=37892"},{"taxonomy":"product_tag","embeddable":true,"href":"https:\/\/truusk.store\/sv\/wp-json\/wp\/v2\/product_tag?post=37892"}],"curies":[{"name":"wp","href":"https:\/\/api.w.org\/{rel}","templated":true}]}}