{"id":37904,"date":"2024-02-14T01:03:31","date_gmt":"2024-02-14T00:03:31","guid":{"rendered":"https:\/\/truusk.store\/product\/soldusch-35-liter-0-55-varmvatten-campingpool-dusch-med-kran-och-regndusch-svart-175-x-145-x-216-cm\/"},"modified":"2026-03-12T09:13:30","modified_gmt":"2026-03-12T08:13:30","slug":"truusk-soldusch-35-liter-varmvatten-campingpool-dusch-med-kran-och-regndusch-svart-175-x-145-x-216-cm","status":"publish","type":"product","link":"https:\/\/truusk.store\/sv\/produkt\/truusk-soldusch-35-liter-varmvatten-campingpool-dusch-med-kran-och-regndusch-svart-175-x-145-x-216-cm\/","title":{"rendered":"TRUUSK Soldusch 35 Liter &#8211; Varmvatten Campingpool Dusch &#8211; Med Kran och Regndusch &#8211; Svart &#8211; 17,5 x 14,5 x 216 cm"},"content":{"rendered":"<p>Utrusta din tr\u00e4dg\u00e5rd, tr\u00e4dg\u00e5rd eller poolomr\u00e5de med denna bekv\u00e4ma soldrivna dusch s\u00e5 att du kan njuta av en kompromissl\u00f6st fantastisk duschupplevelse \u00e4ven utomhus! Montera enkelt duschbeslaget och anslut det enkelt till en vanlig tr\u00e4dg\u00e5rdsslang s\u00e5 att du snabbt kan duscha av dig efter att ha simmat i poolen eller tr\u00e4dg\u00e5rdsarbete. Vattentanken rymmer 35 liter vatten och har varm- och kallvattenkontroller f\u00f6r den idealiska duschtemperaturen.<\/p>\n<h3>Beskrivning:<\/h3>\n<ul>\n<li>Med denna utomhusdusch kan du ta en uppfriskande dusch i din tr\u00e4dg\u00e5rd eller vid din pool f\u00f6re eller efter simningen<\/li>\n<li>Tanken rymmer 35L vatten och vattentemperaturen kan justeras upp till 55 C \/ 131 F<\/li>\n<li>Varm- och kallvatteninst\u00e4llningar f\u00f6r den perfekta utomhusduschen<\/li>\n<li>Inkluderar ett duschhuvud, handdusch och fotdusch<\/li>\n<li>Duschen kan enkelt kopplas till din tr\u00e4dg\u00e5rdsslang<\/li>\n<li>Duschblandaren \u00e4r robust nog att st\u00e5 emot repor och solljus<\/li>\n<li>Obs: Ej l\u00e4mplig f\u00f6r vintern, endast f\u00f6r sommaren eller varm h\u00f6st<\/li>\n<\/ul>\n<h3>Teknisk data:<\/h3>\n<ul>\n<li>Svart f\u00e4rg<\/li>\n<li>Material: PVC, ABS<\/li>\n<li>\u00d6vergripande m\u00e5tt: 17,5L x 14,5W x 216H cm<\/li>\n<li>Vattenkapacitet: 35 L<\/li>\n<li>Duschhuvud: 15 x 6,5H cm<\/li>\n<li>Handduschhuvud: 25,5L x 7W cm<\/li>\n<li>Duschhuvudets h\u00f6jd: 210 cm<\/li>\n<li>Kranbrytares h\u00f6jd: 99 cm<\/li>\n<li>Nedre inloppsr\u00f6r: 8H cm<\/li>\n<li>Vattenv\u00e4rme upp till: 55 C \/ 131 F<\/li>\n<li>Max vattentryck: 3,5 bar<\/li>\n<\/ul>\n<h3>Leveransens omfattning:<\/h3>\n<ul>\n<li>1 x utomhus soldusch<\/li>\n<li>Installationstillbeh\u00f6r<\/li>\n<li>1 x Instruktioner<\/li>\n<\/ul>\n","protected":false},"excerpt":{"rendered":"<p>Utrusta din tr\u00e4dg\u00e5rd, tr\u00e4dg\u00e5rd eller poolomr\u00e5de med denna bekv\u00e4ma soldrivna dusch s\u00e5 att du kan njuta av en kompromissl\u00f6st fantastisk&#8230;<\/p>\n","protected":false},"featured_media":37905,"template":"","meta":[],"product_brand":[],"product_cat":[648,647],"product_tag":[],"class_list":{"0":"post-37904","1":"product","2":"type-product","3":"status-publish","4":"has-post-thumbnail","6":"product_cat-camping-tillbehor","7":"product_cat-sport-fritid","9":"first","10":"instock","11":"sale","12":"taxable","13":"shipping-taxable","14":"purchasable","15":"product-type-simple"},"yoast_head":"<!-- This site is optimized with the Yoast SEO plugin v25.4 - https:\/\/yoast.com\/wordpress\/plugins\/seo\/ -->\n<title>TRUUSK Soldusch 35 Liter - Varmvatten Campingpool Dusch - Med Kran och Regndusch - Svart - 17,5 x 14,5 x 216 cm - TRUUSK - Hem, Tr\u00e4dg\u00e5rd &amp; Fritid<\/title>\n<meta name=\"robots\" content=\"index, follow, max-snippet:-1, max-image-preview:large, max-video-preview:-1\" \/>\n<link rel=\"canonical\" href=\"https:\/\/truusk.store\/sv\/produkt\/truusk-soldusch-35-liter-varmvatten-campingpool-dusch-med-kran-och-regndusch-svart-175-x-145-x-216-cm\/\" \/>\n<meta property=\"og:locale\" content=\"sv_SE\" \/>\n<meta property=\"og:type\" content=\"article\" \/>\n<meta property=\"og:title\" content=\"TRUUSK Soldusch 35 Liter - Varmvatten Campingpool Dusch - Med Kran och Regndusch - Svart - 17,5 x 14,5 x 216 cm - TRUUSK - Hem, Tr\u00e4dg\u00e5rd &amp; Fritid\" \/>\n<meta property=\"og:description\" content=\"Utrusta din tr\u00e4dg\u00e5rd, tr\u00e4dg\u00e5rd eller poolomr\u00e5de med denna bekv\u00e4ma soldrivna dusch s\u00e5 att du kan njuta av en kompromissl\u00f6st fantastisk...\" \/>\n<meta property=\"og:url\" content=\"https:\/\/truusk.store\/sv\/produkt\/truusk-soldusch-35-liter-varmvatten-campingpool-dusch-med-kran-och-regndusch-svart-175-x-145-x-216-cm\/\" \/>\n<meta property=\"og:site_name\" content=\"TRUUSK - Hem, Tr\u00e4dg\u00e5rd &amp; Fritid\" \/>\n<meta property=\"article:modified_time\" content=\"2026-03-12T08:13:30+00:00\" \/>\n<meta property=\"og:image\" content=\"https:\/\/i0.wp.com\/truusk.se\/wp-content\/uploads\/2024\/02\/soldusch-35-liter-0-55-varmvatten-campingpool-dusch-med-kran-och-regndusch-svart-175-x-145-x-216-cm.webp?fit=800%2C800&ssl=1\" \/>\n\t<meta property=\"og:image:width\" content=\"800\" \/>\n\t<meta property=\"og:image:height\" content=\"800\" \/>\n\t<meta property=\"og:image:type\" content=\"image\/webp\" \/>\n<meta name=\"twitter:card\" content=\"summary_large_image\" \/>\n<meta name=\"twitter:label1\" content=\"Ber\u00e4knad l\u00e4stid\" \/>\n\t<meta name=\"twitter:data1\" content=\"1 minut\" \/>\n<!-- \/ Yoast SEO plugin. -->","yoast_head_json":{"title":"TRUUSK Soldusch 35 Liter - Varmvatten Campingpool Dusch - Med Kran och Regndusch - Svart - 17,5 x 14,5 x 216 cm - TRUUSK - Hem, Tr\u00e4dg\u00e5rd &amp; Fritid","robots":{"index":"index","follow":"follow","max-snippet":"max-snippet:-1","max-image-preview":"max-image-preview:large","max-video-preview":"max-video-preview:-1"},"canonical":"https:\/\/truusk.store\/sv\/produkt\/truusk-soldusch-35-liter-varmvatten-campingpool-dusch-med-kran-och-regndusch-svart-175-x-145-x-216-cm\/","og_locale":"sv_SE","og_type":"article","og_title":"TRUUSK Soldusch 35 Liter - Varmvatten Campingpool Dusch - Med Kran och Regndusch - Svart - 17,5 x 14,5 x 216 cm - TRUUSK - Hem, Tr\u00e4dg\u00e5rd &amp; Fritid","og_description":"Utrusta din tr\u00e4dg\u00e5rd, tr\u00e4dg\u00e5rd eller poolomr\u00e5de med denna bekv\u00e4ma soldrivna dusch s\u00e5 att du kan njuta av en kompromissl\u00f6st fantastisk...","og_url":"https:\/\/truusk.store\/sv\/produkt\/truusk-soldusch-35-liter-varmvatten-campingpool-dusch-med-kran-och-regndusch-svart-175-x-145-x-216-cm\/","og_site_name":"TRUUSK - Hem, Tr\u00e4dg\u00e5rd &amp; Fritid","article_modified_time":"2026-03-12T08:13:30+00:00","og_image":[{"width":800,"height":800,"url":"https:\/\/i0.wp.com\/truusk.se\/wp-content\/uploads\/2024\/02\/soldusch-35-liter-0-55-varmvatten-campingpool-dusch-med-kran-och-regndusch-svart-175-x-145-x-216-cm.webp?fit=800%2C800&ssl=1","type":"image\/webp"}],"twitter_card":"summary_large_image","twitter_misc":{"Ber\u00e4knad l\u00e4stid":"1 minut"},"schema":{"@context":"https:\/\/schema.org","@graph":[{"@type":"WebPage","@id":"https:\/\/truusk.store\/sv\/produkt\/truusk-soldusch-35-liter-varmvatten-campingpool-dusch-med-kran-och-regndusch-svart-175-x-145-x-216-cm\/","url":"https:\/\/truusk.store\/sv\/produkt\/truusk-soldusch-35-liter-varmvatten-campingpool-dusch-med-kran-och-regndusch-svart-175-x-145-x-216-cm\/","name":"TRUUSK Soldusch 35 Liter - Varmvatten Campingpool Dusch - Med Kran och Regndusch - Svart - 17,5 x 14,5 x 216 cm - TRUUSK - Hem, Tr\u00e4dg\u00e5rd &amp; Fritid","isPartOf":{"@id":"https:\/\/truusk.store\/sv\/#website"},"primaryImageOfPage":{"@id":"https:\/\/truusk.store\/sv\/produkt\/truusk-soldusch-35-liter-varmvatten-campingpool-dusch-med-kran-och-regndusch-svart-175-x-145-x-216-cm\/#primaryimage"},"image":{"@id":"https:\/\/truusk.store\/sv\/produkt\/truusk-soldusch-35-liter-varmvatten-campingpool-dusch-med-kran-och-regndusch-svart-175-x-145-x-216-cm\/#primaryimage"},"thumbnailUrl":"https:\/\/i0.wp.com\/truusk.store\/wp-content\/uploads\/2024\/02\/soldusch-35-liter-0-55-varmvatten-campingpool-dusch-med-kran-och-regndusch-svart-175-x-145-x-216-cm.webp?fit=800%2C800&ssl=1","datePublished":"2024-02-14T00:03:31+00:00","dateModified":"2026-03-12T08:13:30+00:00","breadcrumb":{"@id":"https:\/\/truusk.store\/sv\/produkt\/truusk-soldusch-35-liter-varmvatten-campingpool-dusch-med-kran-och-regndusch-svart-175-x-145-x-216-cm\/#breadcrumb"},"inLanguage":"sv-SE","potentialAction":[{"@type":"ReadAction","target":["https:\/\/truusk.store\/sv\/produkt\/truusk-soldusch-35-liter-varmvatten-campingpool-dusch-med-kran-och-regndusch-svart-175-x-145-x-216-cm\/"]}]},{"@type":"ImageObject","inLanguage":"sv-SE","@id":"https:\/\/truusk.store\/sv\/produkt\/truusk-soldusch-35-liter-varmvatten-campingpool-dusch-med-kran-och-regndusch-svart-175-x-145-x-216-cm\/#primaryimage","url":"https:\/\/i0.wp.com\/truusk.store\/wp-content\/uploads\/2024\/02\/soldusch-35-liter-0-55-varmvatten-campingpool-dusch-med-kran-och-regndusch-svart-175-x-145-x-216-cm.webp?fit=800%2C800&ssl=1","contentUrl":"https:\/\/i0.wp.com\/truusk.store\/wp-content\/uploads\/2024\/02\/soldusch-35-liter-0-55-varmvatten-campingpool-dusch-med-kran-och-regndusch-svart-175-x-145-x-216-cm.webp?fit=800%2C800&ssl=1","width":800,"height":800,"caption":"Soldusch 35 Liter 0-55 Varmvatten Campingpool Dusch Med Kran Och Regndusch Svart 17,5 X 14,5 X 216 Cm 1"},{"@type":"BreadcrumbList","@id":"https:\/\/truusk.store\/sv\/produkt\/truusk-soldusch-35-liter-varmvatten-campingpool-dusch-med-kran-och-regndusch-svart-175-x-145-x-216-cm\/#breadcrumb","itemListElement":[{"@type":"ListItem","position":1,"name":"Home","item":"https:\/\/truusk.store\/sv\/"},{"@type":"ListItem","position":2,"name":"Shop","item":"https:\/\/truusk.store\/shop\/"},{"@type":"ListItem","position":3,"name":"TRUUSK Soldusch 35 Liter &#8211; Varmvatten Campingpool Dusch &#8211; Med Kran och Regndusch &#8211; Svart &#8211; 17,5 x 14,5 x 216 cm"}]},{"@type":"WebSite","@id":"https:\/\/truusk.store\/sv\/#website","url":"https:\/\/truusk.store\/sv\/","name":"TRUUSK - Hem, Tr\u00e4dg\u00e5rd & Fritid","description":"","publisher":{"@id":"https:\/\/truusk.store\/sv\/#organization"},"potentialAction":[{"@type":"SearchAction","target":{"@type":"EntryPoint","urlTemplate":"https:\/\/truusk.store\/sv\/?s={search_term_string}"},"query-input":{"@type":"PropertyValueSpecification","valueRequired":true,"valueName":"search_term_string"}}],"inLanguage":"sv-SE"},{"@type":"Organization","@id":"https:\/\/truusk.store\/sv\/#organization","name":"TRUUSK - Hem, Tr\u00e4dg\u00e5rd & Fritid","url":"https:\/\/truusk.store\/sv\/","logo":{"@type":"ImageObject","inLanguage":"sv-SE","@id":"https:\/\/truusk.store\/sv\/#\/schema\/logo\/image\/","url":"https:\/\/i0.wp.com\/truusk.store\/wp-content\/uploads\/2026\/03\/cropped-TRUUSK.png?fit=2032%2C917&ssl=1","contentUrl":"https:\/\/i0.wp.com\/truusk.store\/wp-content\/uploads\/2026\/03\/cropped-TRUUSK.png?fit=2032%2C917&ssl=1","width":2032,"height":917,"caption":"TRUUSK - Hem, Tr\u00e4dg\u00e5rd & Fritid"},"image":{"@id":"https:\/\/truusk.store\/sv\/#\/schema\/logo\/image\/"}}]}},"jetpack_sharing_enabled":true,"_links":{"self":[{"href":"https:\/\/truusk.store\/sv\/wp-json\/wp\/v2\/product\/37904","targetHints":{"allow":["GET"]}}],"collection":[{"href":"https:\/\/truusk.store\/sv\/wp-json\/wp\/v2\/product"}],"about":[{"href":"https:\/\/truusk.store\/sv\/wp-json\/wp\/v2\/types\/product"}],"wp:featuredmedia":[{"embeddable":true,"href":"https:\/\/truusk.store\/sv\/wp-json\/wp\/v2\/media\/37905"}],"wp:attachment":[{"href":"https:\/\/truusk.store\/sv\/wp-json\/wp\/v2\/media?parent=37904"}],"wp:term":[{"taxonomy":"product_brand","embeddable":true,"href":"https:\/\/truusk.store\/sv\/wp-json\/wp\/v2\/product_brand?post=37904"},{"taxonomy":"product_cat","embeddable":true,"href":"https:\/\/truusk.store\/sv\/wp-json\/wp\/v2\/product_cat?post=37904"},{"taxonomy":"product_tag","embeddable":true,"href":"https:\/\/truusk.store\/sv\/wp-json\/wp\/v2\/product_tag?post=37904"}],"curies":[{"name":"wp","href":"https:\/\/api.w.org\/{rel}","templated":true}]}}