{"id":37913,"date":"2024-02-14T01:03:58","date_gmt":"2024-02-14T00:03:58","guid":{"rendered":"https:\/\/truusk.store\/product\/rullvagn-3-vanings-koksvagn-med-lador-och-korg-for-kok-kontorsforvaringsvagn-serveringsvagn-kokshylla-med-hjul-sovrum-vardagsrum-stal-vit-515-x-32-x-756-cm\/"},"modified":"2026-03-12T09:13:31","modified_gmt":"2026-03-12T08:13:31","slug":"truusk-koksvagn-med-lador-och-korg-3-vanings-hjul-forvaringsvagn-sovrum-vardagsrum-stal-vit-515-x-32-x-756-cm","status":"publish","type":"product","link":"https:\/\/truusk.store\/sv\/produkt\/truusk-koksvagn-med-lador-och-korg-3-vanings-hjul-forvaringsvagn-sovrum-vardagsrum-stal-vit-515-x-32-x-756-cm\/","title":{"rendered":"TRUUSK K\u00f6ksvagn Med L\u00e5dor Och Korg &#8211; 3-v\u00e5nings &#8211; Hjul &#8211; F\u00f6rvaringsvagn &#8211; Sovrum Vardagsrum &#8211; St\u00e5l Vit &#8211; 51,5 x 32 x 75,6 cm"},"content":{"rendered":"<p>Denna rullande vagn med l\u00e5dor \u00e4r ett fantastiskt verktyg f\u00f6r att g\u00f6ra ditt vardagsrum eller arbetsutrymme mer organiserat och snyggt. G\u00f6r-det-sj\u00e4lv-svarta tavlan med 4 avtagbara krokar och 2 olika sorters beh\u00e5llare erbjuder kreativa f\u00f6rvaringsl\u00f6sningar s\u00e5 att du kan anpassa k\u00f6ksvagnen f\u00f6r att passa din stil och behov. Du kommer att \u00e4lska den flexibilitet, praktiska och enorma lagringsutrymme du f\u00e5r med denna hantverksvagn!<\/p>\n<h3>Beskrivning:<\/h3>\n<ul>\n<li>Den 3-v\u00e5ningshylla erbjuder gott om plats f\u00f6r material och tillbeh\u00f6r<\/li>\n<li>Korgarna till\u00e5ter luft att cirkulera, perfekt f\u00f6r f\u00f6rvaring av gr\u00f6nsaker, frukt och vikt tv\u00e4tt<\/li>\n<li>G\u00f6r-det-sj\u00e4lv svarta tavlan med 4 avtagbara krokar och 2 storlekar av organisat\u00f6rsbeh\u00e5llare erbjuder kreativa f\u00f6rvaringsl\u00f6sningar<\/li>\n<li>4 mjukt l\u00f6pande hjul s\u00e4kerst\u00e4ller r\u00f6rlighet, varav tv\u00e5 \u00e4r l\u00e5sbara<\/li>\n<li>St\u00e5lramen och plasthjulen s\u00e4kerst\u00e4ller stabilitet och robusthet<\/li>\n<li>L\u00e4mplig f\u00f6r k\u00f6k, kontor, sovrum, vardagsrum, tv\u00e4ttstuga, garage och badrum<\/li>\n<li>Montering kr\u00e4vs<\/li>\n<\/ul>\n<h3>Teknisk data:<\/h3>\n<ul>\n<li>F\u00e4rg vit<\/li>\n<li>Material: st\u00e5l, plast<\/li>\n<li>\u00d6vergripande m\u00e5tt: 51,5L x 32W x 75,6H cm<\/li>\n<li>Korg inuti: Korg inuti: 38,6L x 27,2W x 4H cm (\u00f6vre fack), 39,6L x 28,2W x 6,5H cm (mittfack), 40,6L x 29,2W x 7H cm (nedre akademiskt \u00e4mne)<\/li>\n<li>Lastkapacitet: 11,3 kg (full), 3 kg (hylla), 1 kg (stor beh\u00e5llare), 0,5 kg (liten beh\u00e5llare)<\/li>\n<\/ul>\n<h3>Leveransens omfattning:<\/h3>\n<ul>\n<li>1 x k\u00f6ksvagn<\/li>\n<li>1 x Instruktioner<\/li>\n<\/ul>\n","protected":false},"excerpt":{"rendered":"<p>Denna rullande vagn med l\u00e5dor \u00e4r ett fantastiskt verktyg f\u00f6r att g\u00f6ra ditt vardagsrum eller arbetsutrymme mer organiserat och snyggt&#8230;.<\/p>\n","protected":false},"featured_media":37914,"template":"","meta":[],"product_brand":[],"product_cat":[485,503,501],"product_tag":[],"class_list":{"0":"post-37913","1":"product","2":"type-product","3":"status-publish","4":"has-post-thumbnail","6":"product_cat-hus-bo","7":"product_cat-serveringsvagn","8":"product_cat-tabeller","10":"first","11":"instock","12":"sale","13":"taxable","14":"shipping-taxable","15":"purchasable","16":"product-type-simple"},"yoast_head":"<!-- This site is optimized with the Yoast SEO plugin v25.4 - https:\/\/yoast.com\/wordpress\/plugins\/seo\/ -->\n<title>TRUUSK K\u00f6ksvagn Med L\u00e5dor Och Korg - 3-v\u00e5nings - Hjul - F\u00f6rvaringsvagn - Sovrum Vardagsrum - St\u00e5l Vit - 51,5 x 32 x 75,6 cm - TRUUSK - Hem, Tr\u00e4dg\u00e5rd &amp; Fritid<\/title>\n<meta name=\"robots\" content=\"index, follow, max-snippet:-1, max-image-preview:large, max-video-preview:-1\" \/>\n<link rel=\"canonical\" href=\"https:\/\/truusk.store\/sv\/produkt\/truusk-koksvagn-med-lador-och-korg-3-vanings-hjul-forvaringsvagn-sovrum-vardagsrum-stal-vit-515-x-32-x-756-cm\/\" \/>\n<meta property=\"og:locale\" content=\"sv_SE\" \/>\n<meta property=\"og:type\" content=\"article\" \/>\n<meta property=\"og:title\" content=\"TRUUSK K\u00f6ksvagn Med L\u00e5dor Och Korg - 3-v\u00e5nings - Hjul - F\u00f6rvaringsvagn - Sovrum Vardagsrum - St\u00e5l Vit - 51,5 x 32 x 75,6 cm - TRUUSK - Hem, Tr\u00e4dg\u00e5rd &amp; Fritid\" \/>\n<meta property=\"og:description\" content=\"Denna rullande vagn med l\u00e5dor \u00e4r ett fantastiskt verktyg f\u00f6r att g\u00f6ra ditt vardagsrum eller arbetsutrymme mer organiserat och snyggt....\" \/>\n<meta property=\"og:url\" content=\"https:\/\/truusk.store\/sv\/produkt\/truusk-koksvagn-med-lador-och-korg-3-vanings-hjul-forvaringsvagn-sovrum-vardagsrum-stal-vit-515-x-32-x-756-cm\/\" \/>\n<meta property=\"og:site_name\" content=\"TRUUSK - Hem, Tr\u00e4dg\u00e5rd &amp; Fritid\" \/>\n<meta property=\"article:modified_time\" content=\"2026-03-12T08:13:31+00:00\" \/>\n<meta property=\"og:image\" content=\"https:\/\/i0.wp.com\/truusk.se\/wp-content\/uploads\/2024\/02\/rullvagn-3-vanings-koksvagn-med-lador-och-korg-for-kok-kontorsforvaringsvagn-serveringsvagn-kokshylla-med-hjul-sovrum-vardagsrum-stal-vit-515-x-32-x-756-cm.webp?fit=800%2C800&ssl=1\" \/>\n\t<meta property=\"og:image:width\" content=\"800\" \/>\n\t<meta property=\"og:image:height\" content=\"800\" \/>\n\t<meta property=\"og:image:type\" content=\"image\/webp\" \/>\n<meta name=\"twitter:card\" content=\"summary_large_image\" \/>\n<meta name=\"twitter:label1\" content=\"Ber\u00e4knad l\u00e4stid\" \/>\n\t<meta name=\"twitter:data1\" content=\"1 minut\" \/>\n<!-- \/ Yoast SEO plugin. -->","yoast_head_json":{"title":"TRUUSK K\u00f6ksvagn Med L\u00e5dor Och Korg - 3-v\u00e5nings - Hjul - F\u00f6rvaringsvagn - Sovrum Vardagsrum - St\u00e5l Vit - 51,5 x 32 x 75,6 cm - TRUUSK - Hem, Tr\u00e4dg\u00e5rd &amp; Fritid","robots":{"index":"index","follow":"follow","max-snippet":"max-snippet:-1","max-image-preview":"max-image-preview:large","max-video-preview":"max-video-preview:-1"},"canonical":"https:\/\/truusk.store\/sv\/produkt\/truusk-koksvagn-med-lador-och-korg-3-vanings-hjul-forvaringsvagn-sovrum-vardagsrum-stal-vit-515-x-32-x-756-cm\/","og_locale":"sv_SE","og_type":"article","og_title":"TRUUSK K\u00f6ksvagn Med L\u00e5dor Och Korg - 3-v\u00e5nings - Hjul - F\u00f6rvaringsvagn - Sovrum Vardagsrum - St\u00e5l Vit - 51,5 x 32 x 75,6 cm - TRUUSK - Hem, Tr\u00e4dg\u00e5rd &amp; Fritid","og_description":"Denna rullande vagn med l\u00e5dor \u00e4r ett fantastiskt verktyg f\u00f6r att g\u00f6ra ditt vardagsrum eller arbetsutrymme mer organiserat och snyggt....","og_url":"https:\/\/truusk.store\/sv\/produkt\/truusk-koksvagn-med-lador-och-korg-3-vanings-hjul-forvaringsvagn-sovrum-vardagsrum-stal-vit-515-x-32-x-756-cm\/","og_site_name":"TRUUSK - Hem, Tr\u00e4dg\u00e5rd &amp; Fritid","article_modified_time":"2026-03-12T08:13:31+00:00","og_image":[{"width":800,"height":800,"url":"https:\/\/i0.wp.com\/truusk.se\/wp-content\/uploads\/2024\/02\/rullvagn-3-vanings-koksvagn-med-lador-och-korg-for-kok-kontorsforvaringsvagn-serveringsvagn-kokshylla-med-hjul-sovrum-vardagsrum-stal-vit-515-x-32-x-756-cm.webp?fit=800%2C800&ssl=1","type":"image\/webp"}],"twitter_card":"summary_large_image","twitter_misc":{"Ber\u00e4knad l\u00e4stid":"1 minut"},"schema":{"@context":"https:\/\/schema.org","@graph":[{"@type":"WebPage","@id":"https:\/\/truusk.store\/sv\/produkt\/truusk-koksvagn-med-lador-och-korg-3-vanings-hjul-forvaringsvagn-sovrum-vardagsrum-stal-vit-515-x-32-x-756-cm\/","url":"https:\/\/truusk.store\/sv\/produkt\/truusk-koksvagn-med-lador-och-korg-3-vanings-hjul-forvaringsvagn-sovrum-vardagsrum-stal-vit-515-x-32-x-756-cm\/","name":"TRUUSK K\u00f6ksvagn Med L\u00e5dor Och Korg - 3-v\u00e5nings - Hjul - F\u00f6rvaringsvagn - Sovrum Vardagsrum - St\u00e5l Vit - 51,5 x 32 x 75,6 cm - TRUUSK - Hem, Tr\u00e4dg\u00e5rd &amp; Fritid","isPartOf":{"@id":"https:\/\/truusk.store\/sv\/#website"},"primaryImageOfPage":{"@id":"https:\/\/truusk.store\/sv\/produkt\/truusk-koksvagn-med-lador-och-korg-3-vanings-hjul-forvaringsvagn-sovrum-vardagsrum-stal-vit-515-x-32-x-756-cm\/#primaryimage"},"image":{"@id":"https:\/\/truusk.store\/sv\/produkt\/truusk-koksvagn-med-lador-och-korg-3-vanings-hjul-forvaringsvagn-sovrum-vardagsrum-stal-vit-515-x-32-x-756-cm\/#primaryimage"},"thumbnailUrl":"https:\/\/i0.wp.com\/truusk.store\/wp-content\/uploads\/2024\/02\/rullvagn-3-vanings-koksvagn-med-lador-och-korg-for-kok-kontorsforvaringsvagn-serveringsvagn-kokshylla-med-hjul-sovrum-vardagsrum-stal-vit-515-x-32-x-756-cm.webp?fit=800%2C800&ssl=1","datePublished":"2024-02-14T00:03:58+00:00","dateModified":"2026-03-12T08:13:31+00:00","breadcrumb":{"@id":"https:\/\/truusk.store\/sv\/produkt\/truusk-koksvagn-med-lador-och-korg-3-vanings-hjul-forvaringsvagn-sovrum-vardagsrum-stal-vit-515-x-32-x-756-cm\/#breadcrumb"},"inLanguage":"sv-SE","potentialAction":[{"@type":"ReadAction","target":["https:\/\/truusk.store\/sv\/produkt\/truusk-koksvagn-med-lador-och-korg-3-vanings-hjul-forvaringsvagn-sovrum-vardagsrum-stal-vit-515-x-32-x-756-cm\/"]}]},{"@type":"ImageObject","inLanguage":"sv-SE","@id":"https:\/\/truusk.store\/sv\/produkt\/truusk-koksvagn-med-lador-och-korg-3-vanings-hjul-forvaringsvagn-sovrum-vardagsrum-stal-vit-515-x-32-x-756-cm\/#primaryimage","url":"https:\/\/i0.wp.com\/truusk.store\/wp-content\/uploads\/2024\/02\/rullvagn-3-vanings-koksvagn-med-lador-och-korg-for-kok-kontorsforvaringsvagn-serveringsvagn-kokshylla-med-hjul-sovrum-vardagsrum-stal-vit-515-x-32-x-756-cm.webp?fit=800%2C800&ssl=1","contentUrl":"https:\/\/i0.wp.com\/truusk.store\/wp-content\/uploads\/2024\/02\/rullvagn-3-vanings-koksvagn-med-lador-och-korg-for-kok-kontorsforvaringsvagn-serveringsvagn-kokshylla-med-hjul-sovrum-vardagsrum-stal-vit-515-x-32-x-756-cm.webp?fit=800%2C800&ssl=1","width":800,"height":800,"caption":"Rullvagn 3-v\u00e5nings K\u00f6ksvagn Med L\u00e5dor Och Korg F\u00f6r K\u00f6k Kontorsf\u00f6rvaringsvagn Serveringsvagn K\u00f6kshylla Med Hjul Sovrum Vardagsrum St\u00e5l Vit 51,5 X 32 X 75,6 Cm 1"},{"@type":"BreadcrumbList","@id":"https:\/\/truusk.store\/sv\/produkt\/truusk-koksvagn-med-lador-och-korg-3-vanings-hjul-forvaringsvagn-sovrum-vardagsrum-stal-vit-515-x-32-x-756-cm\/#breadcrumb","itemListElement":[{"@type":"ListItem","position":1,"name":"Home","item":"https:\/\/truusk.store\/sv\/"},{"@type":"ListItem","position":2,"name":"Shop","item":"https:\/\/truusk.store\/shop\/"},{"@type":"ListItem","position":3,"name":"TRUUSK K\u00f6ksvagn Med L\u00e5dor Och Korg &#8211; 3-v\u00e5nings &#8211; Hjul &#8211; F\u00f6rvaringsvagn &#8211; Sovrum Vardagsrum &#8211; St\u00e5l Vit &#8211; 51,5 x 32 x 75,6 cm"}]},{"@type":"WebSite","@id":"https:\/\/truusk.store\/sv\/#website","url":"https:\/\/truusk.store\/sv\/","name":"TRUUSK - Hem, Tr\u00e4dg\u00e5rd & Fritid","description":"","publisher":{"@id":"https:\/\/truusk.store\/sv\/#organization"},"potentialAction":[{"@type":"SearchAction","target":{"@type":"EntryPoint","urlTemplate":"https:\/\/truusk.store\/sv\/?s={search_term_string}"},"query-input":{"@type":"PropertyValueSpecification","valueRequired":true,"valueName":"search_term_string"}}],"inLanguage":"sv-SE"},{"@type":"Organization","@id":"https:\/\/truusk.store\/sv\/#organization","name":"TRUUSK - Hem, Tr\u00e4dg\u00e5rd & Fritid","url":"https:\/\/truusk.store\/sv\/","logo":{"@type":"ImageObject","inLanguage":"sv-SE","@id":"https:\/\/truusk.store\/sv\/#\/schema\/logo\/image\/","url":"https:\/\/i0.wp.com\/truusk.store\/wp-content\/uploads\/2026\/03\/cropped-TRUUSK.png?fit=2032%2C917&ssl=1","contentUrl":"https:\/\/i0.wp.com\/truusk.store\/wp-content\/uploads\/2026\/03\/cropped-TRUUSK.png?fit=2032%2C917&ssl=1","width":2032,"height":917,"caption":"TRUUSK - Hem, Tr\u00e4dg\u00e5rd & Fritid"},"image":{"@id":"https:\/\/truusk.store\/sv\/#\/schema\/logo\/image\/"}}]}},"jetpack_sharing_enabled":true,"_links":{"self":[{"href":"https:\/\/truusk.store\/sv\/wp-json\/wp\/v2\/product\/37913","targetHints":{"allow":["GET"]}}],"collection":[{"href":"https:\/\/truusk.store\/sv\/wp-json\/wp\/v2\/product"}],"about":[{"href":"https:\/\/truusk.store\/sv\/wp-json\/wp\/v2\/types\/product"}],"wp:featuredmedia":[{"embeddable":true,"href":"https:\/\/truusk.store\/sv\/wp-json\/wp\/v2\/media\/37914"}],"wp:attachment":[{"href":"https:\/\/truusk.store\/sv\/wp-json\/wp\/v2\/media?parent=37913"}],"wp:term":[{"taxonomy":"product_brand","embeddable":true,"href":"https:\/\/truusk.store\/sv\/wp-json\/wp\/v2\/product_brand?post=37913"},{"taxonomy":"product_cat","embeddable":true,"href":"https:\/\/truusk.store\/sv\/wp-json\/wp\/v2\/product_cat?post=37913"},{"taxonomy":"product_tag","embeddable":true,"href":"https:\/\/truusk.store\/sv\/wp-json\/wp\/v2\/product_tag?post=37913"}],"curies":[{"name":"wp","href":"https:\/\/api.w.org\/{rel}","templated":true}]}}