{"id":37934,"date":"2024-02-14T01:04:43","date_gmt":"2024-02-14T00:04:43","guid":{"rendered":"https:\/\/truusk.store\/product\/uppblasbar-bado-upp-till-500-kg-lastkapacitet-bado-for-pool-sjo-solstol-o-plast-304-x-204-x-15-cm\/"},"modified":"2026-03-12T09:14:05","modified_gmt":"2026-03-12T08:14:05","slug":"truusk-uppblasbar-bado-500-kg-lastkapacitet-for-pool-och-sjo-solstol-plast-304x204x15-cm","status":"publish","type":"product","link":"https:\/\/truusk.store\/sv\/produkt\/truusk-uppblasbar-bado-500-kg-lastkapacitet-for-pool-och-sjo-solstol-plast-304x204x15-cm\/","title":{"rendered":"TRUUSK Uppbl\u00e5sbar Bad\u00f6 &#8211; 500 Kg Lastkapacitet &#8211; F\u00f6r Pool och Sj\u00f6 &#8211; Solstol &#8211; Plast &#8211; 304x204x15 cm"},"content":{"rendered":"<p>Har du aldrig dr\u00f6mt om att ha en egen \u00f6? Med den h\u00e4r stora, uppbl\u00e5sbara plattformen g\u00e5r din dr\u00f6m n\u00e4stan i uppfyllelse: tillbringa en tillf\u00e4llig tid p\u00e5 vattnet med din familj och dina v\u00e4nner, och glida mellan sp\u00e4nnande kul och lugn avkoppling. Tack vare den halkfria ytan och lastkapaciteten p\u00e5 500 kg kan du vara s\u00e4ker p\u00e5 att den h\u00e4r bad\u00f6n b\u00e4r dig s\u00e4kert och ingenting kommer att glida ner i vattnet. Best\u00e4ll din egen lilla \u00f6 nu!<\/p>\n<h3>Beskrivning:<\/h3>\n<ul>\n<li>Perfekt f\u00f6r paddling, lek, fiske och yoga<\/li>\n<li>Tillverkad av borstad slitstark plast och halkfri yta<\/li>\n<li>Med D-ringarna kan du snabbt och enkelt f\u00e4sta mattan bak p\u00e5 din b\u00e5t<\/li>\n<li>8 b\u00e4rhandtag p\u00e5 var och en av mattans 4 sidor f\u00f6r l\u00e4tt att b\u00e4ra och greppa<\/li>\n<li>Den flytande plattformen kommer med alla tillbeh\u00f6r du beh\u00f6ver<\/li>\n<li>Snabb inflation och deflation<\/li>\n<li>Inkluderar reseryggs\u00e4ck f\u00f6r enkel transport<\/li>\n<\/ul>\n<h3>Teknisk data:<\/h3>\n<ul>\n<li>F\u00e4rg: Vit+Bl\u00e5+Gr\u00f6n<\/li>\n<li>Material: PVC, plast<\/li>\n<li>\u00d6vergripande m\u00e5tt: 304L x 204W x 15H cm<\/li>\n<li>Vikbara m\u00e5tt: 75L x 30W x 30H cm<\/li>\n<li>Platta m\u00e5tt: 300L x 200W cm<\/li>\n<li>Lastkapacitet: 500 kg<\/li>\n<li>Certifiering: REACH<\/li>\n<\/ul>\n<h3>Leveransens omfattning:<\/h3>\n<ul>\n<li>1 x Sim\u00f6<\/li>\n<li>1 x fix tillbeh\u00f6rsset (1 x lim, 1 x skiftnyckel, 1 x material)<\/li>\n<li>1 x luftpump<\/li>\n<li>1 x Reseryggs\u00e4ck<\/li>\n<li>1 x Instruktioner<\/li>\n<\/ul>\n","protected":false},"excerpt":{"rendered":"<p>Har du aldrig dr\u00f6mt om att ha en egen \u00f6? Med den h\u00e4r stora, uppbl\u00e5sbara plattformen g\u00e5r din dr\u00f6m n\u00e4stan&#8230;<\/p>\n","protected":false},"featured_media":37935,"template":"","meta":[],"product_brand":[],"product_cat":[647,670],"product_tag":[],"class_list":{"0":"post-37934","1":"product","2":"type-product","3":"status-publish","4":"has-post-thumbnail","6":"product_cat-sport-fritid","7":"product_cat-vattensporter","9":"first","10":"instock","11":"sale","12":"taxable","13":"shipping-taxable","14":"purchasable","15":"product-type-simple"},"yoast_head":"<!-- This site is optimized with the Yoast SEO plugin v25.4 - https:\/\/yoast.com\/wordpress\/plugins\/seo\/ -->\n<title>TRUUSK Uppbl\u00e5sbar Bad\u00f6 - 500 Kg Lastkapacitet - F\u00f6r Pool och Sj\u00f6 - Solstol - Plast - 304x204x15 cm - TRUUSK - Hem, Tr\u00e4dg\u00e5rd &amp; Fritid<\/title>\n<meta name=\"robots\" content=\"index, follow, max-snippet:-1, max-image-preview:large, max-video-preview:-1\" \/>\n<link rel=\"canonical\" href=\"https:\/\/truusk.store\/sv\/produkt\/truusk-uppblasbar-bado-500-kg-lastkapacitet-for-pool-och-sjo-solstol-plast-304x204x15-cm\/\" \/>\n<meta property=\"og:locale\" content=\"sv_SE\" \/>\n<meta property=\"og:type\" content=\"article\" \/>\n<meta property=\"og:title\" content=\"TRUUSK Uppbl\u00e5sbar Bad\u00f6 - 500 Kg Lastkapacitet - F\u00f6r Pool och Sj\u00f6 - Solstol - Plast - 304x204x15 cm - TRUUSK - Hem, Tr\u00e4dg\u00e5rd &amp; Fritid\" \/>\n<meta property=\"og:description\" content=\"Har du aldrig dr\u00f6mt om att ha en egen \u00f6? Med den h\u00e4r stora, uppbl\u00e5sbara plattformen g\u00e5r din dr\u00f6m n\u00e4stan...\" \/>\n<meta property=\"og:url\" content=\"https:\/\/truusk.store\/sv\/produkt\/truusk-uppblasbar-bado-500-kg-lastkapacitet-for-pool-och-sjo-solstol-plast-304x204x15-cm\/\" \/>\n<meta property=\"og:site_name\" content=\"TRUUSK - Hem, Tr\u00e4dg\u00e5rd &amp; Fritid\" \/>\n<meta property=\"article:modified_time\" content=\"2026-03-12T08:14:05+00:00\" \/>\n<meta property=\"og:image\" content=\"https:\/\/i0.wp.com\/truusk.se\/wp-content\/uploads\/2024\/02\/uppblasbar-bado-upp-till-500-kg-lastkapacitet-bado-for-pool-sjo-solstol-o-plast-304-x-204-x-15-cm.webp?fit=800%2C800&ssl=1\" \/>\n\t<meta property=\"og:image:width\" content=\"800\" \/>\n\t<meta property=\"og:image:height\" content=\"800\" \/>\n\t<meta property=\"og:image:type\" content=\"image\/webp\" \/>\n<meta name=\"twitter:card\" content=\"summary_large_image\" \/>\n<meta name=\"twitter:label1\" content=\"Ber\u00e4knad l\u00e4stid\" \/>\n\t<meta name=\"twitter:data1\" content=\"1 minut\" \/>\n<!-- \/ Yoast SEO plugin. -->","yoast_head_json":{"title":"TRUUSK Uppbl\u00e5sbar Bad\u00f6 - 500 Kg Lastkapacitet - F\u00f6r Pool och Sj\u00f6 - Solstol - Plast - 304x204x15 cm - TRUUSK - Hem, Tr\u00e4dg\u00e5rd &amp; Fritid","robots":{"index":"index","follow":"follow","max-snippet":"max-snippet:-1","max-image-preview":"max-image-preview:large","max-video-preview":"max-video-preview:-1"},"canonical":"https:\/\/truusk.store\/sv\/produkt\/truusk-uppblasbar-bado-500-kg-lastkapacitet-for-pool-och-sjo-solstol-plast-304x204x15-cm\/","og_locale":"sv_SE","og_type":"article","og_title":"TRUUSK Uppbl\u00e5sbar Bad\u00f6 - 500 Kg Lastkapacitet - F\u00f6r Pool och Sj\u00f6 - Solstol - Plast - 304x204x15 cm - TRUUSK - Hem, Tr\u00e4dg\u00e5rd &amp; Fritid","og_description":"Har du aldrig dr\u00f6mt om att ha en egen \u00f6? Med den h\u00e4r stora, uppbl\u00e5sbara plattformen g\u00e5r din dr\u00f6m n\u00e4stan...","og_url":"https:\/\/truusk.store\/sv\/produkt\/truusk-uppblasbar-bado-500-kg-lastkapacitet-for-pool-och-sjo-solstol-plast-304x204x15-cm\/","og_site_name":"TRUUSK - Hem, Tr\u00e4dg\u00e5rd &amp; Fritid","article_modified_time":"2026-03-12T08:14:05+00:00","og_image":[{"width":800,"height":800,"url":"https:\/\/i0.wp.com\/truusk.se\/wp-content\/uploads\/2024\/02\/uppblasbar-bado-upp-till-500-kg-lastkapacitet-bado-for-pool-sjo-solstol-o-plast-304-x-204-x-15-cm.webp?fit=800%2C800&ssl=1","type":"image\/webp"}],"twitter_card":"summary_large_image","twitter_misc":{"Ber\u00e4knad l\u00e4stid":"1 minut"},"schema":{"@context":"https:\/\/schema.org","@graph":[{"@type":"WebPage","@id":"https:\/\/truusk.store\/sv\/produkt\/truusk-uppblasbar-bado-500-kg-lastkapacitet-for-pool-och-sjo-solstol-plast-304x204x15-cm\/","url":"https:\/\/truusk.store\/sv\/produkt\/truusk-uppblasbar-bado-500-kg-lastkapacitet-for-pool-och-sjo-solstol-plast-304x204x15-cm\/","name":"TRUUSK Uppbl\u00e5sbar Bad\u00f6 - 500 Kg Lastkapacitet - F\u00f6r Pool och Sj\u00f6 - Solstol - Plast - 304x204x15 cm - TRUUSK - Hem, Tr\u00e4dg\u00e5rd &amp; Fritid","isPartOf":{"@id":"https:\/\/truusk.store\/sv\/#website"},"primaryImageOfPage":{"@id":"https:\/\/truusk.store\/sv\/produkt\/truusk-uppblasbar-bado-500-kg-lastkapacitet-for-pool-och-sjo-solstol-plast-304x204x15-cm\/#primaryimage"},"image":{"@id":"https:\/\/truusk.store\/sv\/produkt\/truusk-uppblasbar-bado-500-kg-lastkapacitet-for-pool-och-sjo-solstol-plast-304x204x15-cm\/#primaryimage"},"thumbnailUrl":"https:\/\/i0.wp.com\/truusk.store\/wp-content\/uploads\/2024\/02\/uppblasbar-bado-upp-till-500-kg-lastkapacitet-bado-for-pool-sjo-solstol-o-plast-304-x-204-x-15-cm.webp?fit=800%2C800&ssl=1","datePublished":"2024-02-14T00:04:43+00:00","dateModified":"2026-03-12T08:14:05+00:00","breadcrumb":{"@id":"https:\/\/truusk.store\/sv\/produkt\/truusk-uppblasbar-bado-500-kg-lastkapacitet-for-pool-och-sjo-solstol-plast-304x204x15-cm\/#breadcrumb"},"inLanguage":"sv-SE","potentialAction":[{"@type":"ReadAction","target":["https:\/\/truusk.store\/sv\/produkt\/truusk-uppblasbar-bado-500-kg-lastkapacitet-for-pool-och-sjo-solstol-plast-304x204x15-cm\/"]}]},{"@type":"ImageObject","inLanguage":"sv-SE","@id":"https:\/\/truusk.store\/sv\/produkt\/truusk-uppblasbar-bado-500-kg-lastkapacitet-for-pool-och-sjo-solstol-plast-304x204x15-cm\/#primaryimage","url":"https:\/\/i0.wp.com\/truusk.store\/wp-content\/uploads\/2024\/02\/uppblasbar-bado-upp-till-500-kg-lastkapacitet-bado-for-pool-sjo-solstol-o-plast-304-x-204-x-15-cm.webp?fit=800%2C800&ssl=1","contentUrl":"https:\/\/i0.wp.com\/truusk.store\/wp-content\/uploads\/2024\/02\/uppblasbar-bado-upp-till-500-kg-lastkapacitet-bado-for-pool-sjo-solstol-o-plast-304-x-204-x-15-cm.webp?fit=800%2C800&ssl=1","width":800,"height":800,"caption":"Uppbl\u00e5sbar Bad\u00f6 Upp Till 500 Kg Lastkapacitet Bad\u00f6 F\u00f6r Pool Sj\u00f6 Solstol \u00f6 Plast 304 X 204 X 15 Cm 1"},{"@type":"BreadcrumbList","@id":"https:\/\/truusk.store\/sv\/produkt\/truusk-uppblasbar-bado-500-kg-lastkapacitet-for-pool-och-sjo-solstol-plast-304x204x15-cm\/#breadcrumb","itemListElement":[{"@type":"ListItem","position":1,"name":"Home","item":"https:\/\/truusk.store\/sv\/"},{"@type":"ListItem","position":2,"name":"Shop","item":"https:\/\/truusk.store\/shop\/"},{"@type":"ListItem","position":3,"name":"TRUUSK Uppbl\u00e5sbar Bad\u00f6 &#8211; 500 Kg Lastkapacitet &#8211; F\u00f6r Pool och Sj\u00f6 &#8211; Solstol &#8211; Plast &#8211; 304x204x15 cm"}]},{"@type":"WebSite","@id":"https:\/\/truusk.store\/sv\/#website","url":"https:\/\/truusk.store\/sv\/","name":"TRUUSK - Hem, Tr\u00e4dg\u00e5rd & Fritid","description":"","publisher":{"@id":"https:\/\/truusk.store\/sv\/#organization"},"potentialAction":[{"@type":"SearchAction","target":{"@type":"EntryPoint","urlTemplate":"https:\/\/truusk.store\/sv\/?s={search_term_string}"},"query-input":{"@type":"PropertyValueSpecification","valueRequired":true,"valueName":"search_term_string"}}],"inLanguage":"sv-SE"},{"@type":"Organization","@id":"https:\/\/truusk.store\/sv\/#organization","name":"TRUUSK - Hem, Tr\u00e4dg\u00e5rd & Fritid","url":"https:\/\/truusk.store\/sv\/","logo":{"@type":"ImageObject","inLanguage":"sv-SE","@id":"https:\/\/truusk.store\/sv\/#\/schema\/logo\/image\/","url":"https:\/\/i0.wp.com\/truusk.store\/wp-content\/uploads\/2026\/03\/cropped-TRUUSK.png?fit=2032%2C917&ssl=1","contentUrl":"https:\/\/i0.wp.com\/truusk.store\/wp-content\/uploads\/2026\/03\/cropped-TRUUSK.png?fit=2032%2C917&ssl=1","width":2032,"height":917,"caption":"TRUUSK - Hem, Tr\u00e4dg\u00e5rd & Fritid"},"image":{"@id":"https:\/\/truusk.store\/sv\/#\/schema\/logo\/image\/"}}]}},"jetpack_sharing_enabled":true,"_links":{"self":[{"href":"https:\/\/truusk.store\/sv\/wp-json\/wp\/v2\/product\/37934","targetHints":{"allow":["GET"]}}],"collection":[{"href":"https:\/\/truusk.store\/sv\/wp-json\/wp\/v2\/product"}],"about":[{"href":"https:\/\/truusk.store\/sv\/wp-json\/wp\/v2\/types\/product"}],"wp:featuredmedia":[{"embeddable":true,"href":"https:\/\/truusk.store\/sv\/wp-json\/wp\/v2\/media\/37935"}],"wp:attachment":[{"href":"https:\/\/truusk.store\/sv\/wp-json\/wp\/v2\/media?parent=37934"}],"wp:term":[{"taxonomy":"product_brand","embeddable":true,"href":"https:\/\/truusk.store\/sv\/wp-json\/wp\/v2\/product_brand?post=37934"},{"taxonomy":"product_cat","embeddable":true,"href":"https:\/\/truusk.store\/sv\/wp-json\/wp\/v2\/product_cat?post=37934"},{"taxonomy":"product_tag","embeddable":true,"href":"https:\/\/truusk.store\/sv\/wp-json\/wp\/v2\/product_tag?post=37934"}],"curies":[{"name":"wp","href":"https:\/\/api.w.org\/{rel}","templated":true}]}}