{"id":37998,"date":"2024-02-14T01:06:56","date_gmt":"2024-02-14T00:06:56","guid":{"rendered":"https:\/\/truusk.store\/product\/modulart-hyllsystem-med-16-separata-lador-plug-in-hylla-diy-svart-vit\/"},"modified":"2026-03-12T09:14:07","modified_gmt":"2026-03-12T08:14:07","slug":"truusk-modulart-hyllsystem-16-separata-lador-plug-in-hylla-diy-svart-vit","status":"publish","type":"product","link":"https:\/\/truusk.store\/sv\/produkt\/truusk-modulart-hyllsystem-16-separata-lador-plug-in-hylla-diy-svart-vit\/","title":{"rendered":"TRUUSK Modul\u00e4rt Hyllsystem &#8211; 16 Separata L\u00e5dor &#8211; Plug-in Hylla &#8211; DIY &#8211; Svart + Vit"},"content":{"rendered":"<p>Denna modul\u00e4ra hylla \u00e4r en flexibel f\u00f6rvaringsl\u00f6sning. Oavsett om de \u00e4r i triangel, kvadrat eller rektangel, kan modull\u00e5dorna s\u00e4ttas upp p\u00e5 det s\u00e4tt som passar dem b\u00e4st &#8211; tillsammans, \u00e5tskilda eller staplade.16 kuber ger gott om plats f\u00f6r leksaker, kl\u00e4der, hantverksmaterial, skor och mycket mer! Det \u00e4r enkelt att h\u00e5lla ordning p\u00e5 saker och ting med denna modul\u00e4ra hylla.<\/p>\n<h3>Beskrivning:<\/h3>\n<ul>\n<li>Kan staplas och placeras efter \u00f6nskem\u00e5l<\/li>\n<li>De \u00f6ppna l\u00e5dorna \u00e4r l\u00e4tta att installera och ta bort<\/li>\n<li>Det slitstarka PP-materialet \u00e4r l\u00e4tt att reng\u00f6ra och h\u00e5llbart<\/li>\n<li>En st\u00e5lram med ABS-kopplingar och tippskydd f\u00f6r stabil och s\u00e4ker daglig anv\u00e4ndning<\/li>\n<li>F\u00f6r snygg f\u00f6rvaring av dina kl\u00e4der, skor, barnleksaker och utst\u00e4llningsartiklar<\/li>\n<li>L\u00e4tt att montera enligt instruktionerna<\/li>\n<\/ul>\n<h3>Teknisk data:<\/h3>\n<ul>\n<li>F\u00e4rg vit<\/li>\n<li>Material: PP, st\u00e5l<\/li>\n<li>\u00d6vergripande m\u00e5tt: 125L x 32W x 125H cm<\/li>\n<li>Enkell\u00e5da storlek: 30L x 30W x 30H cm<\/li>\n<li>Nettovikt: 8 kg<\/li>\n<li>Viktkapacitet: 32 kg (totalt), 2 kg (enkel kub)<\/li>\n<li>Obs: Observera att olika former kan leda till att delar saknas eller tillkommer<\/li>\n<\/ul>\n<h3>Leveransens omfattning:<\/h3>\n<ul>\n<li>56 x vit platta (30L x 30W cm)<\/li>\n<li>54 x svart ABS-kontakt<\/li>\n<li>1 x Ek hammare<\/li>\n<li>1 x Instruktioner<\/li>\n<\/ul>\n","protected":false},"excerpt":{"rendered":"<p>Denna modul\u00e4ra hylla \u00e4r en flexibel f\u00f6rvaringsl\u00f6sning. Oavsett om de \u00e4r i triangel, kvadrat eller rektangel, kan modull\u00e5dorna s\u00e4ttas upp&#8230;<\/p>\n","protected":false},"featured_media":37999,"template":"","meta":[],"product_brand":[],"product_cat":[550,485,547],"product_tag":[],"class_list":{"0":"post-37998","1":"product","2":"type-product","3":"status-publish","4":"has-post-thumbnail","6":"product_cat-bok-stahyllor","7":"product_cat-hus-bo","8":"product_cat-hyllor","10":"first","11":"instock","12":"sale","13":"taxable","14":"shipping-taxable","15":"purchasable","16":"product-type-simple"},"yoast_head":"<!-- This site is optimized with the Yoast SEO plugin v25.4 - https:\/\/yoast.com\/wordpress\/plugins\/seo\/ -->\n<title>TRUUSK Modul\u00e4rt Hyllsystem - 16 Separata L\u00e5dor - Plug-in Hylla - DIY - Svart + Vit - TRUUSK - Hem, Tr\u00e4dg\u00e5rd &amp; Fritid<\/title>\n<meta name=\"robots\" content=\"index, follow, max-snippet:-1, max-image-preview:large, max-video-preview:-1\" \/>\n<link rel=\"canonical\" href=\"https:\/\/truusk.store\/sv\/produkt\/truusk-modulart-hyllsystem-16-separata-lador-plug-in-hylla-diy-svart-vit\/\" \/>\n<meta property=\"og:locale\" content=\"sv_SE\" \/>\n<meta property=\"og:type\" content=\"article\" \/>\n<meta property=\"og:title\" content=\"TRUUSK Modul\u00e4rt Hyllsystem - 16 Separata L\u00e5dor - Plug-in Hylla - DIY - Svart + Vit - TRUUSK - Hem, Tr\u00e4dg\u00e5rd &amp; Fritid\" \/>\n<meta property=\"og:description\" content=\"Denna modul\u00e4ra hylla \u00e4r en flexibel f\u00f6rvaringsl\u00f6sning. Oavsett om de \u00e4r i triangel, kvadrat eller rektangel, kan modull\u00e5dorna s\u00e4ttas upp...\" \/>\n<meta property=\"og:url\" content=\"https:\/\/truusk.store\/sv\/produkt\/truusk-modulart-hyllsystem-16-separata-lador-plug-in-hylla-diy-svart-vit\/\" \/>\n<meta property=\"og:site_name\" content=\"TRUUSK - Hem, Tr\u00e4dg\u00e5rd &amp; Fritid\" \/>\n<meta property=\"article:modified_time\" content=\"2026-03-12T08:14:07+00:00\" \/>\n<meta property=\"og:image\" content=\"https:\/\/i0.wp.com\/truusk.se\/wp-content\/uploads\/2024\/02\/modulart-hyllsystem-med-16-separata-lador-plug-in-hylla-diy-svart-vit.webp?fit=800%2C800&ssl=1\" \/>\n\t<meta property=\"og:image:width\" content=\"800\" \/>\n\t<meta property=\"og:image:height\" content=\"800\" \/>\n\t<meta property=\"og:image:type\" content=\"image\/webp\" \/>\n<meta name=\"twitter:card\" content=\"summary_large_image\" \/>\n<meta name=\"twitter:label1\" content=\"Ber\u00e4knad l\u00e4stid\" \/>\n\t<meta name=\"twitter:data1\" content=\"1 minut\" \/>\n<!-- \/ Yoast SEO plugin. -->","yoast_head_json":{"title":"TRUUSK Modul\u00e4rt Hyllsystem - 16 Separata L\u00e5dor - Plug-in Hylla - DIY - Svart + Vit - TRUUSK - Hem, Tr\u00e4dg\u00e5rd &amp; Fritid","robots":{"index":"index","follow":"follow","max-snippet":"max-snippet:-1","max-image-preview":"max-image-preview:large","max-video-preview":"max-video-preview:-1"},"canonical":"https:\/\/truusk.store\/sv\/produkt\/truusk-modulart-hyllsystem-16-separata-lador-plug-in-hylla-diy-svart-vit\/","og_locale":"sv_SE","og_type":"article","og_title":"TRUUSK Modul\u00e4rt Hyllsystem - 16 Separata L\u00e5dor - Plug-in Hylla - DIY - Svart + Vit - TRUUSK - Hem, Tr\u00e4dg\u00e5rd &amp; Fritid","og_description":"Denna modul\u00e4ra hylla \u00e4r en flexibel f\u00f6rvaringsl\u00f6sning. Oavsett om de \u00e4r i triangel, kvadrat eller rektangel, kan modull\u00e5dorna s\u00e4ttas upp...","og_url":"https:\/\/truusk.store\/sv\/produkt\/truusk-modulart-hyllsystem-16-separata-lador-plug-in-hylla-diy-svart-vit\/","og_site_name":"TRUUSK - Hem, Tr\u00e4dg\u00e5rd &amp; Fritid","article_modified_time":"2026-03-12T08:14:07+00:00","og_image":[{"width":800,"height":800,"url":"https:\/\/i0.wp.com\/truusk.se\/wp-content\/uploads\/2024\/02\/modulart-hyllsystem-med-16-separata-lador-plug-in-hylla-diy-svart-vit.webp?fit=800%2C800&ssl=1","type":"image\/webp"}],"twitter_card":"summary_large_image","twitter_misc":{"Ber\u00e4knad l\u00e4stid":"1 minut"},"schema":{"@context":"https:\/\/schema.org","@graph":[{"@type":"WebPage","@id":"https:\/\/truusk.store\/sv\/produkt\/truusk-modulart-hyllsystem-16-separata-lador-plug-in-hylla-diy-svart-vit\/","url":"https:\/\/truusk.store\/sv\/produkt\/truusk-modulart-hyllsystem-16-separata-lador-plug-in-hylla-diy-svart-vit\/","name":"TRUUSK Modul\u00e4rt Hyllsystem - 16 Separata L\u00e5dor - Plug-in Hylla - DIY - Svart + Vit - TRUUSK - Hem, Tr\u00e4dg\u00e5rd &amp; Fritid","isPartOf":{"@id":"https:\/\/truusk.store\/sv\/#website"},"primaryImageOfPage":{"@id":"https:\/\/truusk.store\/sv\/produkt\/truusk-modulart-hyllsystem-16-separata-lador-plug-in-hylla-diy-svart-vit\/#primaryimage"},"image":{"@id":"https:\/\/truusk.store\/sv\/produkt\/truusk-modulart-hyllsystem-16-separata-lador-plug-in-hylla-diy-svart-vit\/#primaryimage"},"thumbnailUrl":"https:\/\/i0.wp.com\/truusk.store\/wp-content\/uploads\/2024\/02\/modulart-hyllsystem-med-16-separata-lador-plug-in-hylla-diy-svart-vit.webp?fit=800%2C800&ssl=1","datePublished":"2024-02-14T00:06:56+00:00","dateModified":"2026-03-12T08:14:07+00:00","breadcrumb":{"@id":"https:\/\/truusk.store\/sv\/produkt\/truusk-modulart-hyllsystem-16-separata-lador-plug-in-hylla-diy-svart-vit\/#breadcrumb"},"inLanguage":"sv-SE","potentialAction":[{"@type":"ReadAction","target":["https:\/\/truusk.store\/sv\/produkt\/truusk-modulart-hyllsystem-16-separata-lador-plug-in-hylla-diy-svart-vit\/"]}]},{"@type":"ImageObject","inLanguage":"sv-SE","@id":"https:\/\/truusk.store\/sv\/produkt\/truusk-modulart-hyllsystem-16-separata-lador-plug-in-hylla-diy-svart-vit\/#primaryimage","url":"https:\/\/i0.wp.com\/truusk.store\/wp-content\/uploads\/2024\/02\/modulart-hyllsystem-med-16-separata-lador-plug-in-hylla-diy-svart-vit.webp?fit=800%2C800&ssl=1","contentUrl":"https:\/\/i0.wp.com\/truusk.store\/wp-content\/uploads\/2024\/02\/modulart-hyllsystem-med-16-separata-lador-plug-in-hylla-diy-svart-vit.webp?fit=800%2C800&ssl=1","width":800,"height":800,"caption":"Modul\u00e4rt Hyllsystem Med 16 Separata L\u00e5dor, Plug-in Hylla, DIY, Svart + Vit 1"},{"@type":"BreadcrumbList","@id":"https:\/\/truusk.store\/sv\/produkt\/truusk-modulart-hyllsystem-16-separata-lador-plug-in-hylla-diy-svart-vit\/#breadcrumb","itemListElement":[{"@type":"ListItem","position":1,"name":"Home","item":"https:\/\/truusk.store\/sv\/"},{"@type":"ListItem","position":2,"name":"Shop","item":"https:\/\/truusk.store\/shop\/"},{"@type":"ListItem","position":3,"name":"TRUUSK Modul\u00e4rt Hyllsystem &#8211; 16 Separata L\u00e5dor &#8211; Plug-in Hylla &#8211; DIY &#8211; Svart + Vit"}]},{"@type":"WebSite","@id":"https:\/\/truusk.store\/sv\/#website","url":"https:\/\/truusk.store\/sv\/","name":"TRUUSK - Hem, Tr\u00e4dg\u00e5rd & Fritid","description":"","publisher":{"@id":"https:\/\/truusk.store\/sv\/#organization"},"potentialAction":[{"@type":"SearchAction","target":{"@type":"EntryPoint","urlTemplate":"https:\/\/truusk.store\/sv\/?s={search_term_string}"},"query-input":{"@type":"PropertyValueSpecification","valueRequired":true,"valueName":"search_term_string"}}],"inLanguage":"sv-SE"},{"@type":"Organization","@id":"https:\/\/truusk.store\/sv\/#organization","name":"TRUUSK - Hem, Tr\u00e4dg\u00e5rd & Fritid","url":"https:\/\/truusk.store\/sv\/","logo":{"@type":"ImageObject","inLanguage":"sv-SE","@id":"https:\/\/truusk.store\/sv\/#\/schema\/logo\/image\/","url":"https:\/\/i0.wp.com\/truusk.store\/wp-content\/uploads\/2026\/03\/cropped-TRUUSK.png?fit=2032%2C917&ssl=1","contentUrl":"https:\/\/i0.wp.com\/truusk.store\/wp-content\/uploads\/2026\/03\/cropped-TRUUSK.png?fit=2032%2C917&ssl=1","width":2032,"height":917,"caption":"TRUUSK - Hem, Tr\u00e4dg\u00e5rd & Fritid"},"image":{"@id":"https:\/\/truusk.store\/sv\/#\/schema\/logo\/image\/"}}]}},"jetpack_sharing_enabled":true,"_links":{"self":[{"href":"https:\/\/truusk.store\/sv\/wp-json\/wp\/v2\/product\/37998","targetHints":{"allow":["GET"]}}],"collection":[{"href":"https:\/\/truusk.store\/sv\/wp-json\/wp\/v2\/product"}],"about":[{"href":"https:\/\/truusk.store\/sv\/wp-json\/wp\/v2\/types\/product"}],"wp:featuredmedia":[{"embeddable":true,"href":"https:\/\/truusk.store\/sv\/wp-json\/wp\/v2\/media\/37999"}],"wp:attachment":[{"href":"https:\/\/truusk.store\/sv\/wp-json\/wp\/v2\/media?parent=37998"}],"wp:term":[{"taxonomy":"product_brand","embeddable":true,"href":"https:\/\/truusk.store\/sv\/wp-json\/wp\/v2\/product_brand?post=37998"},{"taxonomy":"product_cat","embeddable":true,"href":"https:\/\/truusk.store\/sv\/wp-json\/wp\/v2\/product_cat?post=37998"},{"taxonomy":"product_tag","embeddable":true,"href":"https:\/\/truusk.store\/sv\/wp-json\/wp\/v2\/product_tag?post=37998"}],"curies":[{"name":"wp","href":"https:\/\/api.w.org\/{rel}","templated":true}]}}