{"id":38021,"date":"2024-02-14T01:07:36","date_gmt":"2024-02-14T00:07:36","guid":{"rendered":"https:\/\/truusk.store\/product\/modulart-hyllsystem-med-8-fack-instickshylla-25-cm-x-35-cm-x-19-cm-transparent\/"},"modified":"2026-03-12T09:14:17","modified_gmt":"2026-03-12T08:14:17","slug":"truusk-modulart-hyllsystem-8-fack-instickshylla-transparent-25x35x19-cm","status":"publish","type":"product","link":"https:\/\/truusk.store\/sv\/produkt\/truusk-modulart-hyllsystem-8-fack-instickshylla-transparent-25x35x19-cm\/","title":{"rendered":"TRUUSK Modul\u00e4rt Hyllsystem &#8211; 8 Fack &#8211; Instickshylla &#8211; Transparent &#8211; 25x35x19 cm"},"content":{"rendered":"<p>Det modul\u00e4ra hyllsystemet \u00e4r ett steg f\u00f6re varje skost\u00e4ll! Best\u00e5ende av 8 kubmoduler kan den monteras efter \u00f6nskem\u00e5l och optimalt anpassas till din inredning. Det robusta plasth\u00f6ljet \u00e4r extremt slitstarkt och \u00e4ven f\u00f6rsett med praktiska ventilations\u00f6ppningar. Tack vare det transparenta materialet har du alltid en \u00f6verblick \u00f6ver din samling. Sj\u00e4lvklart kan du \u00e4ven anv\u00e4nda sk\u00e5pet till leksaker, b\u00f6cker, tv\u00e4tt och mycket mer. m. anv\u00e4nda.<\/p>\n<h3>Beskrivning:<\/h3>\n<ul>\n<li>Modul\u00e4ra instickshyllor: Kubelement kan ordnas efter \u00f6nskem\u00e5l<\/li>\n<li>Tillverkad av slitstark och l\u00e4ttsk\u00f6tt plast<\/li>\n<li>8 kubfack ger gott om plats f\u00f6r dina skor (maximal skostorlek \u00e4r 8,5 (UK)\/43 (EU))<\/li>\n<li>Magnetiska d\u00f6rrst\u00e4ngningar f\u00f6r skydd mot damm, samt bekv\u00e4ma handtag<\/li>\n<li>Transparent h\u00f6lje ger god \u00f6verblick \u00f6ver sk\u00e5pens inneh\u00e5ll<\/li>\n<li>Ventilationsh\u00e5l p\u00e5 baksidan s\u00e4kerst\u00e4ller god luftcirkulation<\/li>\n<li>Praktisk f\u00f6r f\u00f6rvaring av skor, leksaker, handdukar och mycket mer. m.<\/li>\n<li>Enkel montering utan verktyg<\/li>\n<\/ul>\n<h3>Teknisk data:<\/h3>\n<ul>\n<li>F\u00e4rg: Transparent<\/li>\n<li>Material: Plast<\/li>\n<li>M\u00e5tt p\u00e5 varje kubfack: 25W x 35D x 19H cm<\/li>\n<li>Maximal skostorlek: 8,5(UK)\/43(EU)<\/li>\n<\/ul>\n<h3>Leveransens omfattning:<\/h3>\n<ul>\n<li>8 x Skokartong<\/li>\n<li>1 x Instruktioner<\/li>\n<\/ul>\n","protected":false},"excerpt":{"rendered":"<p>Det modul\u00e4ra hyllsystemet \u00e4r ett steg f\u00f6re varje skost\u00e4ll! Best\u00e5ende av 8 kubmoduler kan den monteras efter \u00f6nskem\u00e5l och optimalt&#8230;<\/p>\n","protected":false},"featured_media":38022,"template":"","meta":[],"product_brand":[],"product_cat":[485,528,530],"product_tag":[],"class_list":{"0":"post-38021","1":"product","2":"type-product","3":"status-publish","4":"has-post-thumbnail","6":"product_cat-hus-bo","7":"product_cat-skap-byraer","8":"product_cat-skoskap","10":"first","11":"instock","12":"sale","13":"taxable","14":"shipping-taxable","15":"purchasable","16":"product-type-simple"},"yoast_head":"<!-- This site is optimized with the Yoast SEO plugin v25.4 - https:\/\/yoast.com\/wordpress\/plugins\/seo\/ -->\n<title>TRUUSK Modul\u00e4rt Hyllsystem - 8 Fack - Instickshylla - Transparent - 25x35x19 cm - TRUUSK - Hem, Tr\u00e4dg\u00e5rd &amp; Fritid<\/title>\n<meta name=\"robots\" content=\"index, follow, max-snippet:-1, max-image-preview:large, max-video-preview:-1\" \/>\n<link rel=\"canonical\" href=\"https:\/\/truusk.store\/sv\/produkt\/truusk-modulart-hyllsystem-8-fack-instickshylla-transparent-25x35x19-cm\/\" \/>\n<meta property=\"og:locale\" content=\"sv_SE\" \/>\n<meta property=\"og:type\" content=\"article\" \/>\n<meta property=\"og:title\" content=\"TRUUSK Modul\u00e4rt Hyllsystem - 8 Fack - Instickshylla - Transparent - 25x35x19 cm - TRUUSK - Hem, Tr\u00e4dg\u00e5rd &amp; Fritid\" \/>\n<meta property=\"og:description\" content=\"Det modul\u00e4ra hyllsystemet \u00e4r ett steg f\u00f6re varje skost\u00e4ll! Best\u00e5ende av 8 kubmoduler kan den monteras efter \u00f6nskem\u00e5l och optimalt...\" \/>\n<meta property=\"og:url\" content=\"https:\/\/truusk.store\/sv\/produkt\/truusk-modulart-hyllsystem-8-fack-instickshylla-transparent-25x35x19-cm\/\" \/>\n<meta property=\"og:site_name\" content=\"TRUUSK - Hem, Tr\u00e4dg\u00e5rd &amp; Fritid\" \/>\n<meta property=\"article:modified_time\" content=\"2026-03-12T08:14:17+00:00\" \/>\n<meta property=\"og:image\" content=\"https:\/\/i0.wp.com\/truusk.se\/wp-content\/uploads\/2024\/02\/modulart-hyllsystem-med-8-fack-instickshylla-25-cm-x-35-cm-x-19-cm-transparent.webp?fit=800%2C800&ssl=1\" \/>\n\t<meta property=\"og:image:width\" content=\"800\" \/>\n\t<meta property=\"og:image:height\" content=\"800\" \/>\n\t<meta property=\"og:image:type\" content=\"image\/webp\" \/>\n<meta name=\"twitter:card\" content=\"summary_large_image\" \/>\n<meta name=\"twitter:label1\" content=\"Ber\u00e4knad l\u00e4stid\" \/>\n\t<meta name=\"twitter:data1\" content=\"1 minut\" \/>\n<!-- \/ Yoast SEO plugin. -->","yoast_head_json":{"title":"TRUUSK Modul\u00e4rt Hyllsystem - 8 Fack - Instickshylla - Transparent - 25x35x19 cm - TRUUSK - Hem, Tr\u00e4dg\u00e5rd &amp; Fritid","robots":{"index":"index","follow":"follow","max-snippet":"max-snippet:-1","max-image-preview":"max-image-preview:large","max-video-preview":"max-video-preview:-1"},"canonical":"https:\/\/truusk.store\/sv\/produkt\/truusk-modulart-hyllsystem-8-fack-instickshylla-transparent-25x35x19-cm\/","og_locale":"sv_SE","og_type":"article","og_title":"TRUUSK Modul\u00e4rt Hyllsystem - 8 Fack - Instickshylla - Transparent - 25x35x19 cm - TRUUSK - Hem, Tr\u00e4dg\u00e5rd &amp; Fritid","og_description":"Det modul\u00e4ra hyllsystemet \u00e4r ett steg f\u00f6re varje skost\u00e4ll! Best\u00e5ende av 8 kubmoduler kan den monteras efter \u00f6nskem\u00e5l och optimalt...","og_url":"https:\/\/truusk.store\/sv\/produkt\/truusk-modulart-hyllsystem-8-fack-instickshylla-transparent-25x35x19-cm\/","og_site_name":"TRUUSK - Hem, Tr\u00e4dg\u00e5rd &amp; Fritid","article_modified_time":"2026-03-12T08:14:17+00:00","og_image":[{"width":800,"height":800,"url":"https:\/\/i0.wp.com\/truusk.se\/wp-content\/uploads\/2024\/02\/modulart-hyllsystem-med-8-fack-instickshylla-25-cm-x-35-cm-x-19-cm-transparent.webp?fit=800%2C800&ssl=1","type":"image\/webp"}],"twitter_card":"summary_large_image","twitter_misc":{"Ber\u00e4knad l\u00e4stid":"1 minut"},"schema":{"@context":"https:\/\/schema.org","@graph":[{"@type":"WebPage","@id":"https:\/\/truusk.store\/sv\/produkt\/truusk-modulart-hyllsystem-8-fack-instickshylla-transparent-25x35x19-cm\/","url":"https:\/\/truusk.store\/sv\/produkt\/truusk-modulart-hyllsystem-8-fack-instickshylla-transparent-25x35x19-cm\/","name":"TRUUSK Modul\u00e4rt Hyllsystem - 8 Fack - Instickshylla - Transparent - 25x35x19 cm - TRUUSK - Hem, Tr\u00e4dg\u00e5rd &amp; Fritid","isPartOf":{"@id":"https:\/\/truusk.store\/sv\/#website"},"primaryImageOfPage":{"@id":"https:\/\/truusk.store\/sv\/produkt\/truusk-modulart-hyllsystem-8-fack-instickshylla-transparent-25x35x19-cm\/#primaryimage"},"image":{"@id":"https:\/\/truusk.store\/sv\/produkt\/truusk-modulart-hyllsystem-8-fack-instickshylla-transparent-25x35x19-cm\/#primaryimage"},"thumbnailUrl":"https:\/\/i0.wp.com\/truusk.store\/wp-content\/uploads\/2024\/02\/modulart-hyllsystem-med-8-fack-instickshylla-25-cm-x-35-cm-x-19-cm-transparent.webp?fit=800%2C800&ssl=1","datePublished":"2024-02-14T00:07:36+00:00","dateModified":"2026-03-12T08:14:17+00:00","breadcrumb":{"@id":"https:\/\/truusk.store\/sv\/produkt\/truusk-modulart-hyllsystem-8-fack-instickshylla-transparent-25x35x19-cm\/#breadcrumb"},"inLanguage":"sv-SE","potentialAction":[{"@type":"ReadAction","target":["https:\/\/truusk.store\/sv\/produkt\/truusk-modulart-hyllsystem-8-fack-instickshylla-transparent-25x35x19-cm\/"]}]},{"@type":"ImageObject","inLanguage":"sv-SE","@id":"https:\/\/truusk.store\/sv\/produkt\/truusk-modulart-hyllsystem-8-fack-instickshylla-transparent-25x35x19-cm\/#primaryimage","url":"https:\/\/i0.wp.com\/truusk.store\/wp-content\/uploads\/2024\/02\/modulart-hyllsystem-med-8-fack-instickshylla-25-cm-x-35-cm-x-19-cm-transparent.webp?fit=800%2C800&ssl=1","contentUrl":"https:\/\/i0.wp.com\/truusk.store\/wp-content\/uploads\/2024\/02\/modulart-hyllsystem-med-8-fack-instickshylla-25-cm-x-35-cm-x-19-cm-transparent.webp?fit=800%2C800&ssl=1","width":800,"height":800,"caption":"Modul\u00e4rt Hyllsystem Med 8 Fack, Instickshylla, 25 Cm X 35 Cm X 19 Cm, Transparent 1"},{"@type":"BreadcrumbList","@id":"https:\/\/truusk.store\/sv\/produkt\/truusk-modulart-hyllsystem-8-fack-instickshylla-transparent-25x35x19-cm\/#breadcrumb","itemListElement":[{"@type":"ListItem","position":1,"name":"Home","item":"https:\/\/truusk.store\/sv\/"},{"@type":"ListItem","position":2,"name":"Shop","item":"https:\/\/truusk.store\/shop\/"},{"@type":"ListItem","position":3,"name":"TRUUSK Modul\u00e4rt Hyllsystem &#8211; 8 Fack &#8211; Instickshylla &#8211; Transparent &#8211; 25x35x19 cm"}]},{"@type":"WebSite","@id":"https:\/\/truusk.store\/sv\/#website","url":"https:\/\/truusk.store\/sv\/","name":"TRUUSK - Hem, Tr\u00e4dg\u00e5rd & Fritid","description":"","publisher":{"@id":"https:\/\/truusk.store\/sv\/#organization"},"potentialAction":[{"@type":"SearchAction","target":{"@type":"EntryPoint","urlTemplate":"https:\/\/truusk.store\/sv\/?s={search_term_string}"},"query-input":{"@type":"PropertyValueSpecification","valueRequired":true,"valueName":"search_term_string"}}],"inLanguage":"sv-SE"},{"@type":"Organization","@id":"https:\/\/truusk.store\/sv\/#organization","name":"TRUUSK - Hem, Tr\u00e4dg\u00e5rd & Fritid","url":"https:\/\/truusk.store\/sv\/","logo":{"@type":"ImageObject","inLanguage":"sv-SE","@id":"https:\/\/truusk.store\/sv\/#\/schema\/logo\/image\/","url":"https:\/\/i0.wp.com\/truusk.store\/wp-content\/uploads\/2026\/03\/cropped-TRUUSK.png?fit=2032%2C917&ssl=1","contentUrl":"https:\/\/i0.wp.com\/truusk.store\/wp-content\/uploads\/2026\/03\/cropped-TRUUSK.png?fit=2032%2C917&ssl=1","width":2032,"height":917,"caption":"TRUUSK - Hem, Tr\u00e4dg\u00e5rd & Fritid"},"image":{"@id":"https:\/\/truusk.store\/sv\/#\/schema\/logo\/image\/"}}]}},"jetpack_sharing_enabled":true,"_links":{"self":[{"href":"https:\/\/truusk.store\/sv\/wp-json\/wp\/v2\/product\/38021","targetHints":{"allow":["GET"]}}],"collection":[{"href":"https:\/\/truusk.store\/sv\/wp-json\/wp\/v2\/product"}],"about":[{"href":"https:\/\/truusk.store\/sv\/wp-json\/wp\/v2\/types\/product"}],"wp:featuredmedia":[{"embeddable":true,"href":"https:\/\/truusk.store\/sv\/wp-json\/wp\/v2\/media\/38022"}],"wp:attachment":[{"href":"https:\/\/truusk.store\/sv\/wp-json\/wp\/v2\/media?parent=38021"}],"wp:term":[{"taxonomy":"product_brand","embeddable":true,"href":"https:\/\/truusk.store\/sv\/wp-json\/wp\/v2\/product_brand?post=38021"},{"taxonomy":"product_cat","embeddable":true,"href":"https:\/\/truusk.store\/sv\/wp-json\/wp\/v2\/product_cat?post=38021"},{"taxonomy":"product_tag","embeddable":true,"href":"https:\/\/truusk.store\/sv\/wp-json\/wp\/v2\/product_tag?post=38021"}],"curies":[{"name":"wp","href":"https:\/\/api.w.org\/{rel}","templated":true}]}}