{"id":38033,"date":"2024-02-14T01:07:59","date_gmt":"2024-02-14T00:07:59","guid":{"rendered":"https:\/\/truusk.store\/product\/campingtalt-6-personers-talt-familjetalt-kupoltalt-pu2000mm-enkel-montering-for-familjer-vandringsfestival-stal-glasfiber-gron-320-x-320-x-180-cm\/"},"modified":"2026-03-12T09:14:18","modified_gmt":"2026-03-12T08:14:18","slug":"truusk-familjetalt-6-personers-kupoltalt-pu2000mm-vattentat-enkel-montering-for-familjer-och-vandringsfestival-stal-och","status":"publish","type":"product","link":"https:\/\/truusk.store\/sv\/produkt\/truusk-familjetalt-6-personers-kupoltalt-pu2000mm-vattentat-enkel-montering-for-familjer-och-vandringsfestival-stal-och\/","title":{"rendered":"TRUUSK Familjet\u00e4lt 6 Personers Kupolt\u00e4lt &#8211; PU2000mm Vattent\u00e4t &#8211; Enkel Montering &#8211; F\u00f6r Familjer och Vandringsfestival &#8211; St\u00e5l och"},"content":{"rendered":"<p>Detta familjet\u00e4lt \u00e4r perfekt f\u00f6r dagsturer, utomhus\u00f6vernattningar och vandringsturer. Den \u00e4r tillr\u00e4ckligt stor f\u00f6r att rymma fem till sex personer, vilket g\u00f6r den idealisk f\u00f6r hela familjen. Tack vare den g\u00e5ngj\u00e4rnsf\u00f6rsedda designen kan den st\u00e4llas in p\u00e5 n\u00e5gra minuter. Pop-up-t\u00e4ltet har tv\u00e5 stora d\u00f6rrar och fyra n\u00e4tf\u00f6nster som s\u00e4kerst\u00e4ller optimal ventilation. I leveransen ing\u00e5r en praktisk v\u00e4ska d\u00e4r t\u00e4ltet enkelt kan transporteras.<\/p>\n<h3>Beskrivning:<\/h3>\n<ul>\n<li>Pop-up-design med f\u00f6rmonterade stolpar, s\u00e4rskilt l\u00e4tt att s\u00e4tta upp: f\u00e4st enkelt med de medf\u00f6ljande pinnarna och sp\u00e4nnlinorna.<\/li>\n<li>Tv\u00e5 lager f\u00f6r h\u00f6g luftgenomsl\u00e4pplighet och samtidigt skydd mot regn och sol<\/li>\n<li>Har fyra n\u00e4tf\u00f6nster f\u00f6r att sl\u00e4ppa in luft och tv\u00e5 d\u00f6rrar med blixtl\u00e5s f\u00f6r enkel \u00e5tkomst<\/li>\n<li>Tillr\u00e4ckligt med plats f\u00f6r sex personer, s\u00e5 det kan ocks\u00e5 anv\u00e4ndas som ett familjet\u00e4lt<\/li>\n<li>Lampkroken p\u00e5 den inre toppen l\u00e5ter dig h\u00e4nga upp lampor f\u00f6r att lysa upp din natt utomhus<\/li>\n<li>Tv\u00e5 sidfickor ger plats f\u00f6r smartphones eller andra mindre f\u00f6rem\u00e5l<\/li>\n<li>Inkluderar b\u00e4rv\u00e4ska s\u00e5 att du enkelt kan ta med dig t\u00e4ltet \u00f6verallt<\/li>\n<\/ul>\n<h3>Teknisk data:<\/h3>\n<ul>\n<li>F\u00e4rg: Gr\u00f6n+svart<\/li>\n<li>Material: Oxford, Polyester, Glasfiber, St\u00e5l<\/li>\n<li>M\u00e5tt ovikt: 320L x 320W x 180H cm<\/li>\n<li>M\u00e5tt vikta: 95L x 21W x 18H cm<\/li>\n<li>Innerm\u00e5tt: 315L x 315W x 175H cm<\/li>\n<li>Vattent\u00e4thet: vattenpelare 2 000 mm<\/li>\n<li>M\u00e5tt: 175L x 135W cm<\/li>\n<li>F\u00f6nsterm\u00e5tt: 175L x 135W cm<\/li>\n<li>F\u00f6rvaringsp\u00e5sens m\u00e5tt: 20L x 20H cm<\/li>\n<\/ul>\n<h3>Leveransens omfattning:<\/h3>\n<ul>\n<li>1 x t\u00e4lt<\/li>\n<li>12 x Jordspikar<\/li>\n<li>6 x draglinor<\/li>\n<li>1 x B\u00e4rv\u00e4ska<\/li>\n<li>1 x Instruktioner<\/li>\n<\/ul>\n","protected":false},"excerpt":{"rendered":"<p>Detta familjet\u00e4lt \u00e4r perfekt f\u00f6r dagsturer, utomhus\u00f6vernattningar och vandringsturer. Den \u00e4r tillr\u00e4ckligt stor f\u00f6r att rymma fem till sex personer,&#8230;<\/p>\n","protected":false},"featured_media":38034,"template":"","meta":[],"product_brand":[],"product_cat":[648,647,650],"product_tag":[],"class_list":{"0":"post-38033","1":"product","2":"type-product","3":"status-publish","4":"has-post-thumbnail","6":"product_cat-camping-tillbehor","7":"product_cat-sport-fritid","8":"product_cat-talt","10":"first","11":"instock","12":"sale","13":"taxable","14":"shipping-taxable","15":"purchasable","16":"product-type-simple"},"yoast_head":"<!-- This site is optimized with the Yoast SEO plugin v25.4 - https:\/\/yoast.com\/wordpress\/plugins\/seo\/ -->\n<title>TRUUSK Familjet\u00e4lt 6 Personers Kupolt\u00e4lt - PU2000mm Vattent\u00e4t - Enkel Montering - F\u00f6r Familjer och Vandringsfestival - St\u00e5l och - TRUUSK - Hem, Tr\u00e4dg\u00e5rd &amp; Fritid<\/title>\n<meta name=\"robots\" content=\"index, follow, max-snippet:-1, max-image-preview:large, max-video-preview:-1\" \/>\n<link rel=\"canonical\" href=\"https:\/\/truusk.store\/sv\/produkt\/truusk-familjetalt-6-personers-kupoltalt-pu2000mm-vattentat-enkel-montering-for-familjer-och-vandringsfestival-stal-och\/\" \/>\n<meta property=\"og:locale\" content=\"sv_SE\" \/>\n<meta property=\"og:type\" content=\"article\" \/>\n<meta property=\"og:title\" content=\"TRUUSK Familjet\u00e4lt 6 Personers Kupolt\u00e4lt - PU2000mm Vattent\u00e4t - Enkel Montering - F\u00f6r Familjer och Vandringsfestival - St\u00e5l och - TRUUSK - Hem, Tr\u00e4dg\u00e5rd &amp; Fritid\" \/>\n<meta property=\"og:description\" content=\"Detta familjet\u00e4lt \u00e4r perfekt f\u00f6r dagsturer, utomhus\u00f6vernattningar och vandringsturer. Den \u00e4r tillr\u00e4ckligt stor f\u00f6r att rymma fem till sex personer,...\" \/>\n<meta property=\"og:url\" content=\"https:\/\/truusk.store\/sv\/produkt\/truusk-familjetalt-6-personers-kupoltalt-pu2000mm-vattentat-enkel-montering-for-familjer-och-vandringsfestival-stal-och\/\" \/>\n<meta property=\"og:site_name\" content=\"TRUUSK - Hem, Tr\u00e4dg\u00e5rd &amp; Fritid\" \/>\n<meta property=\"article:modified_time\" content=\"2026-03-12T08:14:18+00:00\" \/>\n<meta property=\"og:image\" content=\"https:\/\/i0.wp.com\/truusk.se\/wp-content\/uploads\/2024\/02\/campingtalt-6-personers-talt-familjetalt-kupoltalt-pu2000mm-enkel-montering-for-familjer-vandringsfestival-stal-glasfiber-gron-320-x-320-x-180-cm.webp?fit=800%2C800&ssl=1\" \/>\n\t<meta property=\"og:image:width\" content=\"800\" \/>\n\t<meta property=\"og:image:height\" content=\"800\" \/>\n\t<meta property=\"og:image:type\" content=\"image\/webp\" \/>\n<meta name=\"twitter:card\" content=\"summary_large_image\" \/>\n<meta name=\"twitter:label1\" content=\"Ber\u00e4knad l\u00e4stid\" \/>\n\t<meta name=\"twitter:data1\" content=\"1 minut\" \/>\n<!-- \/ Yoast SEO plugin. -->","yoast_head_json":{"title":"TRUUSK Familjet\u00e4lt 6 Personers Kupolt\u00e4lt - PU2000mm Vattent\u00e4t - Enkel Montering - F\u00f6r Familjer och Vandringsfestival - St\u00e5l och - TRUUSK - Hem, Tr\u00e4dg\u00e5rd &amp; Fritid","robots":{"index":"index","follow":"follow","max-snippet":"max-snippet:-1","max-image-preview":"max-image-preview:large","max-video-preview":"max-video-preview:-1"},"canonical":"https:\/\/truusk.store\/sv\/produkt\/truusk-familjetalt-6-personers-kupoltalt-pu2000mm-vattentat-enkel-montering-for-familjer-och-vandringsfestival-stal-och\/","og_locale":"sv_SE","og_type":"article","og_title":"TRUUSK Familjet\u00e4lt 6 Personers Kupolt\u00e4lt - PU2000mm Vattent\u00e4t - Enkel Montering - F\u00f6r Familjer och Vandringsfestival - St\u00e5l och - TRUUSK - Hem, Tr\u00e4dg\u00e5rd &amp; Fritid","og_description":"Detta familjet\u00e4lt \u00e4r perfekt f\u00f6r dagsturer, utomhus\u00f6vernattningar och vandringsturer. Den \u00e4r tillr\u00e4ckligt stor f\u00f6r att rymma fem till sex personer,...","og_url":"https:\/\/truusk.store\/sv\/produkt\/truusk-familjetalt-6-personers-kupoltalt-pu2000mm-vattentat-enkel-montering-for-familjer-och-vandringsfestival-stal-och\/","og_site_name":"TRUUSK - Hem, Tr\u00e4dg\u00e5rd &amp; Fritid","article_modified_time":"2026-03-12T08:14:18+00:00","og_image":[{"width":800,"height":800,"url":"https:\/\/i0.wp.com\/truusk.se\/wp-content\/uploads\/2024\/02\/campingtalt-6-personers-talt-familjetalt-kupoltalt-pu2000mm-enkel-montering-for-familjer-vandringsfestival-stal-glasfiber-gron-320-x-320-x-180-cm.webp?fit=800%2C800&ssl=1","type":"image\/webp"}],"twitter_card":"summary_large_image","twitter_misc":{"Ber\u00e4knad l\u00e4stid":"1 minut"},"schema":{"@context":"https:\/\/schema.org","@graph":[{"@type":"WebPage","@id":"https:\/\/truusk.store\/sv\/produkt\/truusk-familjetalt-6-personers-kupoltalt-pu2000mm-vattentat-enkel-montering-for-familjer-och-vandringsfestival-stal-och\/","url":"https:\/\/truusk.store\/sv\/produkt\/truusk-familjetalt-6-personers-kupoltalt-pu2000mm-vattentat-enkel-montering-for-familjer-och-vandringsfestival-stal-och\/","name":"TRUUSK Familjet\u00e4lt 6 Personers Kupolt\u00e4lt - PU2000mm Vattent\u00e4t - Enkel Montering - F\u00f6r Familjer och Vandringsfestival - St\u00e5l och - TRUUSK - Hem, Tr\u00e4dg\u00e5rd &amp; Fritid","isPartOf":{"@id":"https:\/\/truusk.store\/sv\/#website"},"primaryImageOfPage":{"@id":"https:\/\/truusk.store\/sv\/produkt\/truusk-familjetalt-6-personers-kupoltalt-pu2000mm-vattentat-enkel-montering-for-familjer-och-vandringsfestival-stal-och\/#primaryimage"},"image":{"@id":"https:\/\/truusk.store\/sv\/produkt\/truusk-familjetalt-6-personers-kupoltalt-pu2000mm-vattentat-enkel-montering-for-familjer-och-vandringsfestival-stal-och\/#primaryimage"},"thumbnailUrl":"https:\/\/i0.wp.com\/truusk.store\/wp-content\/uploads\/2024\/02\/campingtalt-6-personers-talt-familjetalt-kupoltalt-pu2000mm-enkel-montering-for-familjer-vandringsfestival-stal-glasfiber-gron-320-x-320-x-180-cm.webp?fit=800%2C800&ssl=1","datePublished":"2024-02-14T00:07:59+00:00","dateModified":"2026-03-12T08:14:18+00:00","breadcrumb":{"@id":"https:\/\/truusk.store\/sv\/produkt\/truusk-familjetalt-6-personers-kupoltalt-pu2000mm-vattentat-enkel-montering-for-familjer-och-vandringsfestival-stal-och\/#breadcrumb"},"inLanguage":"sv-SE","potentialAction":[{"@type":"ReadAction","target":["https:\/\/truusk.store\/sv\/produkt\/truusk-familjetalt-6-personers-kupoltalt-pu2000mm-vattentat-enkel-montering-for-familjer-och-vandringsfestival-stal-och\/"]}]},{"@type":"ImageObject","inLanguage":"sv-SE","@id":"https:\/\/truusk.store\/sv\/produkt\/truusk-familjetalt-6-personers-kupoltalt-pu2000mm-vattentat-enkel-montering-for-familjer-och-vandringsfestival-stal-och\/#primaryimage","url":"https:\/\/i0.wp.com\/truusk.store\/wp-content\/uploads\/2024\/02\/campingtalt-6-personers-talt-familjetalt-kupoltalt-pu2000mm-enkel-montering-for-familjer-vandringsfestival-stal-glasfiber-gron-320-x-320-x-180-cm.webp?fit=800%2C800&ssl=1","contentUrl":"https:\/\/i0.wp.com\/truusk.store\/wp-content\/uploads\/2024\/02\/campingtalt-6-personers-talt-familjetalt-kupoltalt-pu2000mm-enkel-montering-for-familjer-vandringsfestival-stal-glasfiber-gron-320-x-320-x-180-cm.webp?fit=800%2C800&ssl=1","width":800,"height":800,"caption":"Campingt\u00e4lt 6 Personers T\u00e4lt Familjet\u00e4lt Kupolt\u00e4lt PU2000mm Enkel Montering F\u00f6r Familjer Vandringsfestival St\u00e5l Glasfiber Gr\u00f6n 320 X 320 X 180 Cm 1"},{"@type":"BreadcrumbList","@id":"https:\/\/truusk.store\/sv\/produkt\/truusk-familjetalt-6-personers-kupoltalt-pu2000mm-vattentat-enkel-montering-for-familjer-och-vandringsfestival-stal-och\/#breadcrumb","itemListElement":[{"@type":"ListItem","position":1,"name":"Home","item":"https:\/\/truusk.store\/sv\/"},{"@type":"ListItem","position":2,"name":"Shop","item":"https:\/\/truusk.store\/shop\/"},{"@type":"ListItem","position":3,"name":"TRUUSK Familjet\u00e4lt 6 Personers Kupolt\u00e4lt &#8211; PU2000mm Vattent\u00e4t &#8211; Enkel Montering &#8211; F\u00f6r Familjer och Vandringsfestival &#8211; St\u00e5l och"}]},{"@type":"WebSite","@id":"https:\/\/truusk.store\/sv\/#website","url":"https:\/\/truusk.store\/sv\/","name":"TRUUSK - Hem, Tr\u00e4dg\u00e5rd & Fritid","description":"","publisher":{"@id":"https:\/\/truusk.store\/sv\/#organization"},"potentialAction":[{"@type":"SearchAction","target":{"@type":"EntryPoint","urlTemplate":"https:\/\/truusk.store\/sv\/?s={search_term_string}"},"query-input":{"@type":"PropertyValueSpecification","valueRequired":true,"valueName":"search_term_string"}}],"inLanguage":"sv-SE"},{"@type":"Organization","@id":"https:\/\/truusk.store\/sv\/#organization","name":"TRUUSK - Hem, Tr\u00e4dg\u00e5rd & Fritid","url":"https:\/\/truusk.store\/sv\/","logo":{"@type":"ImageObject","inLanguage":"sv-SE","@id":"https:\/\/truusk.store\/sv\/#\/schema\/logo\/image\/","url":"https:\/\/i0.wp.com\/truusk.store\/wp-content\/uploads\/2026\/03\/cropped-TRUUSK.png?fit=2032%2C917&ssl=1","contentUrl":"https:\/\/i0.wp.com\/truusk.store\/wp-content\/uploads\/2026\/03\/cropped-TRUUSK.png?fit=2032%2C917&ssl=1","width":2032,"height":917,"caption":"TRUUSK - Hem, Tr\u00e4dg\u00e5rd & Fritid"},"image":{"@id":"https:\/\/truusk.store\/sv\/#\/schema\/logo\/image\/"}}]}},"jetpack_sharing_enabled":true,"_links":{"self":[{"href":"https:\/\/truusk.store\/sv\/wp-json\/wp\/v2\/product\/38033","targetHints":{"allow":["GET"]}}],"collection":[{"href":"https:\/\/truusk.store\/sv\/wp-json\/wp\/v2\/product"}],"about":[{"href":"https:\/\/truusk.store\/sv\/wp-json\/wp\/v2\/types\/product"}],"wp:featuredmedia":[{"embeddable":true,"href":"https:\/\/truusk.store\/sv\/wp-json\/wp\/v2\/media\/38034"}],"wp:attachment":[{"href":"https:\/\/truusk.store\/sv\/wp-json\/wp\/v2\/media?parent=38033"}],"wp:term":[{"taxonomy":"product_brand","embeddable":true,"href":"https:\/\/truusk.store\/sv\/wp-json\/wp\/v2\/product_brand?post=38033"},{"taxonomy":"product_cat","embeddable":true,"href":"https:\/\/truusk.store\/sv\/wp-json\/wp\/v2\/product_cat?post=38033"},{"taxonomy":"product_tag","embeddable":true,"href":"https:\/\/truusk.store\/sv\/wp-json\/wp\/v2\/product_tag?post=38033"}],"curies":[{"name":"wp","href":"https:\/\/api.w.org\/{rel}","templated":true}]}}