{"id":38045,"date":"2024-02-14T01:08:22","date_gmt":"2024-02-14T00:08:22","guid":{"rendered":"https:\/\/truusk.store\/product\/eldskal-med-poker-gnistskydd-eldkorg-eldbord-rund-eldgrop-for-tradgard-camping-bbq-stal-svart-81-x-81-x-50-cm\/"},"modified":"2026-03-12T09:14:18","modified_gmt":"2026-03-12T08:14:18","slug":"truusk-eldskal-med-poker-gnistskydd-eldkorg-eldbord-rund-eldgrop-for-tradgard-camping-bbq-stal-svart-81-x-81-x-50","status":"publish","type":"product","link":"https:\/\/truusk.store\/sv\/produkt\/truusk-eldskal-med-poker-gnistskydd-eldkorg-eldbord-rund-eldgrop-for-tradgard-camping-bbq-stal-svart-81-x-81-x-50\/","title":{"rendered":"TRUUSK Eldsk\u00e5l med Poker &#8211; Gnistskydd &#8211; Eldkorg &#8211; Eldbord &#8211; Rund Eldgrop f\u00f6r Tr\u00e4dg\u00e5rd, Camping, BBQ &#8211; St\u00e5l &#8211; Svart &#8211; 81 x 81 x 50"},"content":{"rendered":"<p>Ge din terrass mysig v\u00e4rme och atmosf\u00e4r med v\u00e5rt praktiska och karakt\u00e4rsfulla eldbord! Denna eldstad kan anv\u00e4ndas inte bara som v\u00e4rmek\u00e4lla utan ocks\u00e5 som grill. Den \u00e4r gjord av robust st\u00e5l och kommer att tj\u00e4na dig p\u00e5litligt i m\u00e5nga \u00e5r. Med denna eldsk\u00e5l kan du s\u00e4tta en smakfull touch till din utomhusmilj\u00f6 &#8211; och inte bara estetiskt!<\/p>\n<h3>Beskrivning:<\/h3>\n<ul>\n<li>Multifunktionell design f\u00f6r grillning eller uppv\u00e4rmning<\/li>\n<li>Gallerskydd f\u00f6rhindrar att gnistor, gl\u00f6d och aska flyger ut<\/li>\n<li>Bordsskiva f\u00f6r att placera drycker eller sm\u00e5saker<\/li>\n<li>Inkluderar en poker f\u00f6r att flytta ved p\u00e5 ett s\u00e4kert s\u00e4tt<\/li>\n<li>Robust st\u00e5lkonstruktion f\u00f6r m\u00e5nga \u00e5rs anv\u00e4ndning<\/li>\n<li>Antik bronsfinish f\u00f6r en sl\u00e5ende look<\/li>\n<li>Det vattent\u00e4ta locket skyddar din eldstad fr\u00e5n regn och damm<\/li>\n<li>Montering kr\u00e4vs<\/li>\n<\/ul>\n<h3>Teknisk data:<\/h3>\n<ul>\n<li>Svart f\u00e4rg<\/li>\n<li>Material: st\u00e5l, polyester<\/li>\n<li>\u00d6vergripande m\u00e5tt: 81L x 81W x 50H cm<\/li>\n<li>M\u00e5tt p\u00e5 eldfat: 55 x 13H cm<\/li>\n<li>M\u00e5tt grill: 48 cm<\/li>\n<li>M\u00e5tt p\u00e5 gallerskydd: 51 x 12H cm<\/li>\n<li>M\u00e5tt p\u00e5 pokerkrok: 42L x 4W cm<\/li>\n<\/ul>\n<h3>Leveransens omfattning:<\/h3>\n<ul>\n<li>1 x eldstad<\/li>\n<li>1 x Grid Cover<\/li>\n<li>1 x pokerkrok<\/li>\n<li>1 x Grillst\u00e4ll<\/li>\n<li>1 x Vattent\u00e4tt \u00f6verdrag<\/li>\n<li>1 x Instruktioner<\/li>\n<\/ul>\n","protected":false},"excerpt":{"rendered":"<p>Ge din terrass mysig v\u00e4rme och atmosf\u00e4r med v\u00e5rt praktiska och karakt\u00e4rsfulla eldbord! Denna eldstad kan anv\u00e4ndas inte bara som&#8230;<\/p>\n","protected":false},"featured_media":38046,"template":"","meta":[],"product_brand":[],"product_cat":[441,439,435],"product_tag":[],"class_list":{"0":"post-38045","1":"product","2":"type-product","3":"status-publish","4":"has-post-thumbnail","6":"product_cat-eldskalar","7":"product_cat-grillning-uppvarmning","8":"product_cat-tradgard-och-terrass","10":"first","11":"instock","12":"sale","13":"taxable","14":"shipping-taxable","15":"purchasable","16":"product-type-simple"},"yoast_head":"<!-- This site is optimized with the Yoast SEO plugin v25.4 - https:\/\/yoast.com\/wordpress\/plugins\/seo\/ -->\n<title>TRUUSK Eldsk\u00e5l med Poker - Gnistskydd - Eldkorg - Eldbord - Rund Eldgrop f\u00f6r Tr\u00e4dg\u00e5rd, Camping, BBQ - St\u00e5l - Svart - 81 x 81 x 50 - TRUUSK - Hem, Tr\u00e4dg\u00e5rd &amp; Fritid<\/title>\n<meta name=\"robots\" content=\"index, follow, max-snippet:-1, max-image-preview:large, max-video-preview:-1\" \/>\n<link rel=\"canonical\" href=\"https:\/\/truusk.store\/sv\/produkt\/truusk-eldskal-med-poker-gnistskydd-eldkorg-eldbord-rund-eldgrop-for-tradgard-camping-bbq-stal-svart-81-x-81-x-50\/\" \/>\n<meta property=\"og:locale\" content=\"sv_SE\" \/>\n<meta property=\"og:type\" content=\"article\" \/>\n<meta property=\"og:title\" content=\"TRUUSK Eldsk\u00e5l med Poker - Gnistskydd - Eldkorg - Eldbord - Rund Eldgrop f\u00f6r Tr\u00e4dg\u00e5rd, Camping, BBQ - St\u00e5l - Svart - 81 x 81 x 50 - TRUUSK - Hem, Tr\u00e4dg\u00e5rd &amp; Fritid\" \/>\n<meta property=\"og:description\" content=\"Ge din terrass mysig v\u00e4rme och atmosf\u00e4r med v\u00e5rt praktiska och karakt\u00e4rsfulla eldbord! Denna eldstad kan anv\u00e4ndas inte bara som...\" \/>\n<meta property=\"og:url\" content=\"https:\/\/truusk.store\/sv\/produkt\/truusk-eldskal-med-poker-gnistskydd-eldkorg-eldbord-rund-eldgrop-for-tradgard-camping-bbq-stal-svart-81-x-81-x-50\/\" \/>\n<meta property=\"og:site_name\" content=\"TRUUSK - Hem, Tr\u00e4dg\u00e5rd &amp; Fritid\" \/>\n<meta property=\"article:modified_time\" content=\"2026-03-12T08:14:18+00:00\" \/>\n<meta property=\"og:image\" content=\"https:\/\/i0.wp.com\/truusk.se\/wp-content\/uploads\/2024\/02\/eldskal-med-poker-gnistskydd-eldkorg-eldbord-rund-eldgrop-for-tradgard-camping-bbq-stal-svart-81-x-81-x-50-cm.webp?fit=800%2C800&ssl=1\" \/>\n\t<meta property=\"og:image:width\" content=\"800\" \/>\n\t<meta property=\"og:image:height\" content=\"800\" \/>\n\t<meta property=\"og:image:type\" content=\"image\/webp\" \/>\n<meta name=\"twitter:card\" content=\"summary_large_image\" \/>\n<meta name=\"twitter:label1\" content=\"Ber\u00e4knad l\u00e4stid\" \/>\n\t<meta name=\"twitter:data1\" content=\"1 minut\" \/>\n<!-- \/ Yoast SEO plugin. -->","yoast_head_json":{"title":"TRUUSK Eldsk\u00e5l med Poker - Gnistskydd - Eldkorg - Eldbord - Rund Eldgrop f\u00f6r Tr\u00e4dg\u00e5rd, Camping, BBQ - St\u00e5l - Svart - 81 x 81 x 50 - TRUUSK - Hem, Tr\u00e4dg\u00e5rd &amp; Fritid","robots":{"index":"index","follow":"follow","max-snippet":"max-snippet:-1","max-image-preview":"max-image-preview:large","max-video-preview":"max-video-preview:-1"},"canonical":"https:\/\/truusk.store\/sv\/produkt\/truusk-eldskal-med-poker-gnistskydd-eldkorg-eldbord-rund-eldgrop-for-tradgard-camping-bbq-stal-svart-81-x-81-x-50\/","og_locale":"sv_SE","og_type":"article","og_title":"TRUUSK Eldsk\u00e5l med Poker - Gnistskydd - Eldkorg - Eldbord - Rund Eldgrop f\u00f6r Tr\u00e4dg\u00e5rd, Camping, BBQ - St\u00e5l - Svart - 81 x 81 x 50 - TRUUSK - Hem, Tr\u00e4dg\u00e5rd &amp; Fritid","og_description":"Ge din terrass mysig v\u00e4rme och atmosf\u00e4r med v\u00e5rt praktiska och karakt\u00e4rsfulla eldbord! Denna eldstad kan anv\u00e4ndas inte bara som...","og_url":"https:\/\/truusk.store\/sv\/produkt\/truusk-eldskal-med-poker-gnistskydd-eldkorg-eldbord-rund-eldgrop-for-tradgard-camping-bbq-stal-svart-81-x-81-x-50\/","og_site_name":"TRUUSK - Hem, Tr\u00e4dg\u00e5rd &amp; Fritid","article_modified_time":"2026-03-12T08:14:18+00:00","og_image":[{"width":800,"height":800,"url":"https:\/\/i0.wp.com\/truusk.se\/wp-content\/uploads\/2024\/02\/eldskal-med-poker-gnistskydd-eldkorg-eldbord-rund-eldgrop-for-tradgard-camping-bbq-stal-svart-81-x-81-x-50-cm.webp?fit=800%2C800&ssl=1","type":"image\/webp"}],"twitter_card":"summary_large_image","twitter_misc":{"Ber\u00e4knad l\u00e4stid":"1 minut"},"schema":{"@context":"https:\/\/schema.org","@graph":[{"@type":"WebPage","@id":"https:\/\/truusk.store\/sv\/produkt\/truusk-eldskal-med-poker-gnistskydd-eldkorg-eldbord-rund-eldgrop-for-tradgard-camping-bbq-stal-svart-81-x-81-x-50\/","url":"https:\/\/truusk.store\/sv\/produkt\/truusk-eldskal-med-poker-gnistskydd-eldkorg-eldbord-rund-eldgrop-for-tradgard-camping-bbq-stal-svart-81-x-81-x-50\/","name":"TRUUSK Eldsk\u00e5l med Poker - Gnistskydd - Eldkorg - Eldbord - Rund Eldgrop f\u00f6r Tr\u00e4dg\u00e5rd, Camping, BBQ - St\u00e5l - Svart - 81 x 81 x 50 - TRUUSK - Hem, Tr\u00e4dg\u00e5rd &amp; Fritid","isPartOf":{"@id":"https:\/\/truusk.store\/sv\/#website"},"primaryImageOfPage":{"@id":"https:\/\/truusk.store\/sv\/produkt\/truusk-eldskal-med-poker-gnistskydd-eldkorg-eldbord-rund-eldgrop-for-tradgard-camping-bbq-stal-svart-81-x-81-x-50\/#primaryimage"},"image":{"@id":"https:\/\/truusk.store\/sv\/produkt\/truusk-eldskal-med-poker-gnistskydd-eldkorg-eldbord-rund-eldgrop-for-tradgard-camping-bbq-stal-svart-81-x-81-x-50\/#primaryimage"},"thumbnailUrl":"https:\/\/i0.wp.com\/truusk.store\/wp-content\/uploads\/2024\/02\/eldskal-med-poker-gnistskydd-eldkorg-eldbord-rund-eldgrop-for-tradgard-camping-bbq-stal-svart-81-x-81-x-50-cm.webp?fit=800%2C800&ssl=1","datePublished":"2024-02-14T00:08:22+00:00","dateModified":"2026-03-12T08:14:18+00:00","breadcrumb":{"@id":"https:\/\/truusk.store\/sv\/produkt\/truusk-eldskal-med-poker-gnistskydd-eldkorg-eldbord-rund-eldgrop-for-tradgard-camping-bbq-stal-svart-81-x-81-x-50\/#breadcrumb"},"inLanguage":"sv-SE","potentialAction":[{"@type":"ReadAction","target":["https:\/\/truusk.store\/sv\/produkt\/truusk-eldskal-med-poker-gnistskydd-eldkorg-eldbord-rund-eldgrop-for-tradgard-camping-bbq-stal-svart-81-x-81-x-50\/"]}]},{"@type":"ImageObject","inLanguage":"sv-SE","@id":"https:\/\/truusk.store\/sv\/produkt\/truusk-eldskal-med-poker-gnistskydd-eldkorg-eldbord-rund-eldgrop-for-tradgard-camping-bbq-stal-svart-81-x-81-x-50\/#primaryimage","url":"https:\/\/i0.wp.com\/truusk.store\/wp-content\/uploads\/2024\/02\/eldskal-med-poker-gnistskydd-eldkorg-eldbord-rund-eldgrop-for-tradgard-camping-bbq-stal-svart-81-x-81-x-50-cm.webp?fit=800%2C800&ssl=1","contentUrl":"https:\/\/i0.wp.com\/truusk.store\/wp-content\/uploads\/2024\/02\/eldskal-med-poker-gnistskydd-eldkorg-eldbord-rund-eldgrop-for-tradgard-camping-bbq-stal-svart-81-x-81-x-50-cm.webp?fit=800%2C800&ssl=1","width":800,"height":800,"caption":"Eldsk\u00e5l Med Poker, Gnistskydd, Eldkorg, Eldbord, Rund Eldgrop F\u00f6r Tr\u00e4dg\u00e5rd, Camping, BBQ, St\u00e5l, Svart, 81 X 81 X 50 Cm 1"},{"@type":"BreadcrumbList","@id":"https:\/\/truusk.store\/sv\/produkt\/truusk-eldskal-med-poker-gnistskydd-eldkorg-eldbord-rund-eldgrop-for-tradgard-camping-bbq-stal-svart-81-x-81-x-50\/#breadcrumb","itemListElement":[{"@type":"ListItem","position":1,"name":"Home","item":"https:\/\/truusk.store\/sv\/"},{"@type":"ListItem","position":2,"name":"Shop","item":"https:\/\/truusk.store\/shop\/"},{"@type":"ListItem","position":3,"name":"TRUUSK Eldsk\u00e5l med Poker &#8211; Gnistskydd &#8211; Eldkorg &#8211; Eldbord &#8211; Rund Eldgrop f\u00f6r Tr\u00e4dg\u00e5rd, Camping, BBQ &#8211; St\u00e5l &#8211; Svart &#8211; 81 x 81 x 50"}]},{"@type":"WebSite","@id":"https:\/\/truusk.store\/sv\/#website","url":"https:\/\/truusk.store\/sv\/","name":"TRUUSK - Hem, Tr\u00e4dg\u00e5rd & Fritid","description":"","publisher":{"@id":"https:\/\/truusk.store\/sv\/#organization"},"potentialAction":[{"@type":"SearchAction","target":{"@type":"EntryPoint","urlTemplate":"https:\/\/truusk.store\/sv\/?s={search_term_string}"},"query-input":{"@type":"PropertyValueSpecification","valueRequired":true,"valueName":"search_term_string"}}],"inLanguage":"sv-SE"},{"@type":"Organization","@id":"https:\/\/truusk.store\/sv\/#organization","name":"TRUUSK - Hem, Tr\u00e4dg\u00e5rd & Fritid","url":"https:\/\/truusk.store\/sv\/","logo":{"@type":"ImageObject","inLanguage":"sv-SE","@id":"https:\/\/truusk.store\/sv\/#\/schema\/logo\/image\/","url":"https:\/\/i0.wp.com\/truusk.store\/wp-content\/uploads\/2026\/03\/cropped-TRUUSK.png?fit=2032%2C917&ssl=1","contentUrl":"https:\/\/i0.wp.com\/truusk.store\/wp-content\/uploads\/2026\/03\/cropped-TRUUSK.png?fit=2032%2C917&ssl=1","width":2032,"height":917,"caption":"TRUUSK - Hem, Tr\u00e4dg\u00e5rd & Fritid"},"image":{"@id":"https:\/\/truusk.store\/sv\/#\/schema\/logo\/image\/"}}]}},"jetpack_sharing_enabled":true,"_links":{"self":[{"href":"https:\/\/truusk.store\/sv\/wp-json\/wp\/v2\/product\/38045","targetHints":{"allow":["GET"]}}],"collection":[{"href":"https:\/\/truusk.store\/sv\/wp-json\/wp\/v2\/product"}],"about":[{"href":"https:\/\/truusk.store\/sv\/wp-json\/wp\/v2\/types\/product"}],"wp:featuredmedia":[{"embeddable":true,"href":"https:\/\/truusk.store\/sv\/wp-json\/wp\/v2\/media\/38046"}],"wp:attachment":[{"href":"https:\/\/truusk.store\/sv\/wp-json\/wp\/v2\/media?parent=38045"}],"wp:term":[{"taxonomy":"product_brand","embeddable":true,"href":"https:\/\/truusk.store\/sv\/wp-json\/wp\/v2\/product_brand?post=38045"},{"taxonomy":"product_cat","embeddable":true,"href":"https:\/\/truusk.store\/sv\/wp-json\/wp\/v2\/product_cat?post=38045"},{"taxonomy":"product_tag","embeddable":true,"href":"https:\/\/truusk.store\/sv\/wp-json\/wp\/v2\/product_tag?post=38045"}],"curies":[{"name":"wp","href":"https:\/\/api.w.org\/{rel}","templated":true}]}}