{"id":38073,"date":"2024-02-14T01:09:21","date_gmt":"2024-02-14T00:09:21","guid":{"rendered":"https:\/\/truusk.store\/product\/metallskjul-for-robotgrasklippare-rostsaker-86-x-100-x-63-cm-morkgra\/"},"modified":"2026-03-12T09:14:19","modified_gmt":"2026-03-12T08:14:19","slug":"truusk-metallskjul-for-robotgrasklippare-rostsaker-morkgra-86-x-100-x-63-cm","status":"publish","type":"product","link":"https:\/\/truusk.store\/sv\/produkt\/truusk-metallskjul-for-robotgrasklippare-rostsaker-morkgra-86-x-100-x-63-cm\/","title":{"rendered":"TRUUSK Metallskjul f\u00f6r Robotgr\u00e4sklippare &#8211; Rosts\u00e4ker &#8211; M\u00f6rkgr\u00e5 &#8211; 86 x 100 x 63 cm"},"content":{"rendered":"<p>Detta minigarage skyddar din robotgr\u00e4sklippare fr\u00e5n nederb\u00f6rd. Skyddet \u00e4r l\u00e4mpligt f\u00f6r vanliga gr\u00e4sklipparrobotar och \u00e4r tillverkat av galvaniserat, rostfritt st\u00e5l, vilket ger maximal stabilitet. Det sluttande taket l\u00e5ter regnvatten rinna iv\u00e4g obehindrat och den stora ing\u00e5ngs\u00f6ppningen s\u00e4kerst\u00e4ller god luftcirkulation inne i boden.<\/p>\n<h3>Beskrivning:<\/h3>\n<ul>\n<li>Skyddet f\u00f6r en robotgr\u00e4sklippare i form av ett minigarage \u00e4r praktiskt och ett vackert dekorativt element f\u00f6r din tr\u00e4dg\u00e5rd<\/li>\n<li>Gr\u00e4sklipparskjulet \u00e4r viktigt f\u00f6r att skydda din robot fr\u00e5n v\u00e4der och vind och UV-str\u00e5lar fr\u00e5n solen<\/li>\n<li>T\u00e4ckt, stort ing\u00e5ngsomr\u00e5de som f\u00f6rhindrar \u00f6verhettning och g\u00f6r det l\u00e4ttare att k\u00f6ra in och ut roboten<\/li>\n<li>Praktiskt spetstak som dr\u00e4nerar regnvatten optimalt<\/li>\n<li>Tillverkad av st\u00e5lpl\u00e5t och en robust galvaniserad st\u00e5lram som garanterar l\u00e5ng livsl\u00e4ngd<\/li>\n<li>Enkel och snabb montering med hj\u00e4lp av den bifogade, illustrerade monteringsanvisningen<\/li>\n<\/ul>\n<h3>Teknisk data:<\/h3>\n<ul>\n<li>F\u00e4rg: M\u00f6rkgr\u00e5<\/li>\n<li>Huvudmaterial: Galvaniserat st\u00e5l, polypropen<\/li>\n<li>\u00d6vergripande m\u00e5tt: 86L x 100W x 63H cm<\/li>\n<li>Tak\u00f6verh\u00e4ngets h\u00f6jd: 52 cm<\/li>\n<li>Inv\u00e4ndiga m\u00e5tt: 77BL x 86D cm<\/li>\n<li>Golvarea: 0,66 m<\/li>\n<\/ul>\n<h3>Leveransens omfattning:<\/h3>\n<ul>\n<li>1 x garage f\u00f6r gr\u00e4sklippare<\/li>\n<li>1 x Instruktioner<\/li>\n<\/ul>\n","protected":false},"excerpt":{"rendered":"<p>Detta minigarage skyddar din robotgr\u00e4sklippare fr\u00e5n nederb\u00f6rd. Skyddet \u00e4r l\u00e4mpligt f\u00f6r vanliga gr\u00e4sklipparrobotar och \u00e4r tillverkat av galvaniserat, rostfritt st\u00e5l,&#8230;<\/p>\n","protected":false},"featured_media":38074,"template":"","meta":[],"product_brand":[],"product_cat":[436,438,435],"product_tag":[],"class_list":{"0":"post-38073","1":"product","2":"type-product","3":"status-publish","4":"has-post-thumbnail","6":"product_cat-bestall-i-tradgarden","7":"product_cat-redskapsbod","8":"product_cat-tradgard-och-terrass","10":"first","11":"instock","12":"sale","13":"taxable","14":"shipping-taxable","15":"purchasable","16":"product-type-simple"},"yoast_head":"<!-- This site is optimized with the Yoast SEO plugin v25.4 - https:\/\/yoast.com\/wordpress\/plugins\/seo\/ -->\n<title>TRUUSK Metallskjul f\u00f6r Robotgr\u00e4sklippare - Rosts\u00e4ker - M\u00f6rkgr\u00e5 - 86 x 100 x 63 cm - TRUUSK - Hem, Tr\u00e4dg\u00e5rd &amp; Fritid<\/title>\n<meta name=\"robots\" content=\"index, follow, max-snippet:-1, max-image-preview:large, max-video-preview:-1\" \/>\n<link rel=\"canonical\" href=\"https:\/\/truusk.store\/sv\/produkt\/truusk-metallskjul-for-robotgrasklippare-rostsaker-morkgra-86-x-100-x-63-cm\/\" \/>\n<meta property=\"og:locale\" content=\"sv_SE\" \/>\n<meta property=\"og:type\" content=\"article\" \/>\n<meta property=\"og:title\" content=\"TRUUSK Metallskjul f\u00f6r Robotgr\u00e4sklippare - Rosts\u00e4ker - M\u00f6rkgr\u00e5 - 86 x 100 x 63 cm - TRUUSK - Hem, Tr\u00e4dg\u00e5rd &amp; Fritid\" \/>\n<meta property=\"og:description\" content=\"Detta minigarage skyddar din robotgr\u00e4sklippare fr\u00e5n nederb\u00f6rd. Skyddet \u00e4r l\u00e4mpligt f\u00f6r vanliga gr\u00e4sklipparrobotar och \u00e4r tillverkat av galvaniserat, rostfritt st\u00e5l,...\" \/>\n<meta property=\"og:url\" content=\"https:\/\/truusk.store\/sv\/produkt\/truusk-metallskjul-for-robotgrasklippare-rostsaker-morkgra-86-x-100-x-63-cm\/\" \/>\n<meta property=\"og:site_name\" content=\"TRUUSK - Hem, Tr\u00e4dg\u00e5rd &amp; Fritid\" \/>\n<meta property=\"article:modified_time\" content=\"2026-03-12T08:14:19+00:00\" \/>\n<meta property=\"og:image\" content=\"https:\/\/i0.wp.com\/truusk.se\/wp-content\/uploads\/2024\/02\/metallskjul-for-robotgrasklippare-rostsaker-86-x-100-x-63-cm-morkgra.webp?fit=800%2C800&ssl=1\" \/>\n\t<meta property=\"og:image:width\" content=\"800\" \/>\n\t<meta property=\"og:image:height\" content=\"800\" \/>\n\t<meta property=\"og:image:type\" content=\"image\/webp\" \/>\n<meta name=\"twitter:card\" content=\"summary_large_image\" \/>\n<meta name=\"twitter:label1\" content=\"Ber\u00e4knad l\u00e4stid\" \/>\n\t<meta name=\"twitter:data1\" content=\"1 minut\" \/>\n<!-- \/ Yoast SEO plugin. -->","yoast_head_json":{"title":"TRUUSK Metallskjul f\u00f6r Robotgr\u00e4sklippare - Rosts\u00e4ker - M\u00f6rkgr\u00e5 - 86 x 100 x 63 cm - TRUUSK - Hem, Tr\u00e4dg\u00e5rd &amp; Fritid","robots":{"index":"index","follow":"follow","max-snippet":"max-snippet:-1","max-image-preview":"max-image-preview:large","max-video-preview":"max-video-preview:-1"},"canonical":"https:\/\/truusk.store\/sv\/produkt\/truusk-metallskjul-for-robotgrasklippare-rostsaker-morkgra-86-x-100-x-63-cm\/","og_locale":"sv_SE","og_type":"article","og_title":"TRUUSK Metallskjul f\u00f6r Robotgr\u00e4sklippare - Rosts\u00e4ker - M\u00f6rkgr\u00e5 - 86 x 100 x 63 cm - TRUUSK - Hem, Tr\u00e4dg\u00e5rd &amp; Fritid","og_description":"Detta minigarage skyddar din robotgr\u00e4sklippare fr\u00e5n nederb\u00f6rd. Skyddet \u00e4r l\u00e4mpligt f\u00f6r vanliga gr\u00e4sklipparrobotar och \u00e4r tillverkat av galvaniserat, rostfritt st\u00e5l,...","og_url":"https:\/\/truusk.store\/sv\/produkt\/truusk-metallskjul-for-robotgrasklippare-rostsaker-morkgra-86-x-100-x-63-cm\/","og_site_name":"TRUUSK - Hem, Tr\u00e4dg\u00e5rd &amp; Fritid","article_modified_time":"2026-03-12T08:14:19+00:00","og_image":[{"width":800,"height":800,"url":"https:\/\/i0.wp.com\/truusk.se\/wp-content\/uploads\/2024\/02\/metallskjul-for-robotgrasklippare-rostsaker-86-x-100-x-63-cm-morkgra.webp?fit=800%2C800&ssl=1","type":"image\/webp"}],"twitter_card":"summary_large_image","twitter_misc":{"Ber\u00e4knad l\u00e4stid":"1 minut"},"schema":{"@context":"https:\/\/schema.org","@graph":[{"@type":"WebPage","@id":"https:\/\/truusk.store\/sv\/produkt\/truusk-metallskjul-for-robotgrasklippare-rostsaker-morkgra-86-x-100-x-63-cm\/","url":"https:\/\/truusk.store\/sv\/produkt\/truusk-metallskjul-for-robotgrasklippare-rostsaker-morkgra-86-x-100-x-63-cm\/","name":"TRUUSK Metallskjul f\u00f6r Robotgr\u00e4sklippare - Rosts\u00e4ker - M\u00f6rkgr\u00e5 - 86 x 100 x 63 cm - TRUUSK - Hem, Tr\u00e4dg\u00e5rd &amp; Fritid","isPartOf":{"@id":"https:\/\/truusk.store\/sv\/#website"},"primaryImageOfPage":{"@id":"https:\/\/truusk.store\/sv\/produkt\/truusk-metallskjul-for-robotgrasklippare-rostsaker-morkgra-86-x-100-x-63-cm\/#primaryimage"},"image":{"@id":"https:\/\/truusk.store\/sv\/produkt\/truusk-metallskjul-for-robotgrasklippare-rostsaker-morkgra-86-x-100-x-63-cm\/#primaryimage"},"thumbnailUrl":"https:\/\/i0.wp.com\/truusk.store\/wp-content\/uploads\/2024\/02\/metallskjul-for-robotgrasklippare-rostsaker-86-x-100-x-63-cm-morkgra.webp?fit=800%2C800&ssl=1","datePublished":"2024-02-14T00:09:21+00:00","dateModified":"2026-03-12T08:14:19+00:00","breadcrumb":{"@id":"https:\/\/truusk.store\/sv\/produkt\/truusk-metallskjul-for-robotgrasklippare-rostsaker-morkgra-86-x-100-x-63-cm\/#breadcrumb"},"inLanguage":"sv-SE","potentialAction":[{"@type":"ReadAction","target":["https:\/\/truusk.store\/sv\/produkt\/truusk-metallskjul-for-robotgrasklippare-rostsaker-morkgra-86-x-100-x-63-cm\/"]}]},{"@type":"ImageObject","inLanguage":"sv-SE","@id":"https:\/\/truusk.store\/sv\/produkt\/truusk-metallskjul-for-robotgrasklippare-rostsaker-morkgra-86-x-100-x-63-cm\/#primaryimage","url":"https:\/\/i0.wp.com\/truusk.store\/wp-content\/uploads\/2024\/02\/metallskjul-for-robotgrasklippare-rostsaker-86-x-100-x-63-cm-morkgra.webp?fit=800%2C800&ssl=1","contentUrl":"https:\/\/i0.wp.com\/truusk.store\/wp-content\/uploads\/2024\/02\/metallskjul-for-robotgrasklippare-rostsaker-86-x-100-x-63-cm-morkgra.webp?fit=800%2C800&ssl=1","width":800,"height":800,"caption":"Metallskjul F\u00f6r Robotgr\u00e4sklippare, Rosts\u00e4ker, 86 X 100 X 63 Cm, M\u00f6rkgr\u00e5 1"},{"@type":"BreadcrumbList","@id":"https:\/\/truusk.store\/sv\/produkt\/truusk-metallskjul-for-robotgrasklippare-rostsaker-morkgra-86-x-100-x-63-cm\/#breadcrumb","itemListElement":[{"@type":"ListItem","position":1,"name":"Home","item":"https:\/\/truusk.store\/sv\/"},{"@type":"ListItem","position":2,"name":"Shop","item":"https:\/\/truusk.store\/shop\/"},{"@type":"ListItem","position":3,"name":"TRUUSK Metallskjul f\u00f6r Robotgr\u00e4sklippare &#8211; Rosts\u00e4ker &#8211; M\u00f6rkgr\u00e5 &#8211; 86 x 100 x 63 cm"}]},{"@type":"WebSite","@id":"https:\/\/truusk.store\/sv\/#website","url":"https:\/\/truusk.store\/sv\/","name":"TRUUSK - Hem, Tr\u00e4dg\u00e5rd & Fritid","description":"","publisher":{"@id":"https:\/\/truusk.store\/sv\/#organization"},"potentialAction":[{"@type":"SearchAction","target":{"@type":"EntryPoint","urlTemplate":"https:\/\/truusk.store\/sv\/?s={search_term_string}"},"query-input":{"@type":"PropertyValueSpecification","valueRequired":true,"valueName":"search_term_string"}}],"inLanguage":"sv-SE"},{"@type":"Organization","@id":"https:\/\/truusk.store\/sv\/#organization","name":"TRUUSK - Hem, Tr\u00e4dg\u00e5rd & Fritid","url":"https:\/\/truusk.store\/sv\/","logo":{"@type":"ImageObject","inLanguage":"sv-SE","@id":"https:\/\/truusk.store\/sv\/#\/schema\/logo\/image\/","url":"https:\/\/i0.wp.com\/truusk.store\/wp-content\/uploads\/2026\/03\/cropped-TRUUSK.png?fit=2032%2C917&ssl=1","contentUrl":"https:\/\/i0.wp.com\/truusk.store\/wp-content\/uploads\/2026\/03\/cropped-TRUUSK.png?fit=2032%2C917&ssl=1","width":2032,"height":917,"caption":"TRUUSK - Hem, Tr\u00e4dg\u00e5rd & Fritid"},"image":{"@id":"https:\/\/truusk.store\/sv\/#\/schema\/logo\/image\/"}}]}},"jetpack_sharing_enabled":true,"_links":{"self":[{"href":"https:\/\/truusk.store\/sv\/wp-json\/wp\/v2\/product\/38073","targetHints":{"allow":["GET"]}}],"collection":[{"href":"https:\/\/truusk.store\/sv\/wp-json\/wp\/v2\/product"}],"about":[{"href":"https:\/\/truusk.store\/sv\/wp-json\/wp\/v2\/types\/product"}],"wp:featuredmedia":[{"embeddable":true,"href":"https:\/\/truusk.store\/sv\/wp-json\/wp\/v2\/media\/38074"}],"wp:attachment":[{"href":"https:\/\/truusk.store\/sv\/wp-json\/wp\/v2\/media?parent=38073"}],"wp:term":[{"taxonomy":"product_brand","embeddable":true,"href":"https:\/\/truusk.store\/sv\/wp-json\/wp\/v2\/product_brand?post=38073"},{"taxonomy":"product_cat","embeddable":true,"href":"https:\/\/truusk.store\/sv\/wp-json\/wp\/v2\/product_cat?post=38073"},{"taxonomy":"product_tag","embeddable":true,"href":"https:\/\/truusk.store\/sv\/wp-json\/wp\/v2\/product_tag?post=38073"}],"curies":[{"name":"wp","href":"https:\/\/api.w.org\/{rel}","templated":true}]}}