{"id":38227,"date":"2024-02-14T01:14:32","date_gmt":"2024-02-14T00:14:32","guid":{"rendered":"https:\/\/truusk.store\/product\/fatolj-vridbar-fallbart-ryggstod-laderlook-stalram-gra-62-x-70-x-95-cm\/"},"modified":"2026-03-12T09:14:20","modified_gmt":"2026-03-12T08:14:20","slug":"truusk-vridbar-fatolj-med-fallbart-ryggstod-laderlook-stalram-gra-62-x-70-x-95-cm","status":"publish","type":"product","link":"https:\/\/truusk.store\/sv\/produkt\/truusk-vridbar-fatolj-med-fallbart-ryggstod-laderlook-stalram-gra-62-x-70-x-95-cm\/","title":{"rendered":"TRUUSK Vridbar F\u00e5t\u00f6lj med F\u00e4llbart Ryggst\u00f6d &#8211; L\u00e4derlook &#8211; St\u00e5lram &#8211; Gr\u00e5 &#8211; 62 x 70 x 95 cm"},"content":{"rendered":"<p>Denna underbara sittdyna p\u00e5 golvet visar hur enkel estetik kan kombineras med enast\u00e5ende komfort f\u00f6r att avsluta vardagen bekv\u00e4mt med ett varmt te. Den breda sitsen och den mjuka stoppningen med andningsbart mikrofiberskydd s\u00e4kerst\u00e4ller optimal sittkomfort. Det justerbara ryggst\u00f6det kan lutas upp till 120 och sitsen kan vridas 360, s\u00e5 att du kan hitta den perfekta sittst\u00e4llningen p\u00e5 nolltid.<\/p>\n<h3>Beskrivning:<\/h3>\n<ul>\n<li>Det justerbara ryggst\u00f6det (3 steg bak\u00e5t, 2 steg fram\u00e5t) m\u00f6jligg\u00f6r anpassning till olika behov<\/li>\n<li>Det 360-sv\u00e4ngbara s\u00e4tet erbjuder massor av r\u00f6relsefrihet<\/li>\n<li>Mikrofiber\u00f6verdrag \u00e4r andningsbart, h\u00e5llbart och l\u00e4tt att reng\u00f6ra, perfekt f\u00f6r b\u00e5de vardagsrum och barnrum<\/li>\n<li>Tuftad design ger tidl\u00f6s charm till ditt favoritrum<\/li>\n<li>Kan placeras var som helst fr\u00e5n vardagsrummet till sovrummet till hobbyrummet d\u00e4r du kan titta p\u00e5 film eller sport, l\u00e4sa eller meditera<\/li>\n<li>Gener\u00f6s stoppning f\u00f6r bekv\u00e4mt sjunkande<\/li>\n<li>Robust st\u00e5lram f\u00f6r p\u00e5litlig stabilitet<\/li>\n<li>Montering kr\u00e4vs<\/li>\n<\/ul>\n<h3>Teknisk data:<\/h3>\n<ul>\n<li>F\u00e4rg gr\u00e5<\/li>\n<li>Material: st\u00e5l, skum, mikrofiberduk<\/li>\n<li>\u00d6vergripande m\u00e5tt: 62L x 70W x 95H cm<\/li>\n<li>Sitsstorlek: 62W x 62D cm<\/li>\n<li>Sitth\u00f6jd: 37 cm<\/li>\n<li>Sitstjocklek: 15 cm<\/li>\n<li>Ryggst\u00f6dsm\u00e5tt: 62W x 15D x 65H cm<\/li>\n<li>Maximal lutningsvinkel: 120<\/li>\n<li>Lastkapacitet: 120 kg<\/li>\n<\/ul>\n<h3>Leveransens omfattning:<\/h3>\n<ul>\n<li>1 x f\u00e5t\u00f6lj<\/li>\n<li>1 x manuell<\/li>\n<\/ul>\n","protected":false},"excerpt":{"rendered":"<p>Denna underbara sittdyna p\u00e5 golvet visar hur enkel estetik kan kombineras med enast\u00e5ende komfort f\u00f6r att avsluta vardagen bekv\u00e4mt med&#8230;<\/p>\n","protected":false},"featured_media":38228,"template":"","meta":[],"product_brand":[],"product_cat":[485,538,537],"product_tag":[],"class_list":{"0":"post-38227","1":"product","2":"type-product","3":"status-publish","4":"has-post-thumbnail","6":"product_cat-hus-bo","7":"product_cat-sittdyna","8":"product_cat-sittplatser-bankar","10":"first","11":"instock","12":"sale","13":"taxable","14":"shipping-taxable","15":"purchasable","16":"product-type-simple"},"yoast_head":"<!-- This site is optimized with the Yoast SEO plugin v25.4 - https:\/\/yoast.com\/wordpress\/plugins\/seo\/ -->\n<title>TRUUSK Vridbar F\u00e5t\u00f6lj med F\u00e4llbart Ryggst\u00f6d - L\u00e4derlook - St\u00e5lram - Gr\u00e5 - 62 x 70 x 95 cm - TRUUSK - Hem, Tr\u00e4dg\u00e5rd &amp; Fritid<\/title>\n<meta name=\"robots\" content=\"index, follow, max-snippet:-1, max-image-preview:large, max-video-preview:-1\" \/>\n<link rel=\"canonical\" href=\"https:\/\/truusk.store\/sv\/produkt\/truusk-vridbar-fatolj-med-fallbart-ryggstod-laderlook-stalram-gra-62-x-70-x-95-cm\/\" \/>\n<meta property=\"og:locale\" content=\"sv_SE\" \/>\n<meta property=\"og:type\" content=\"article\" \/>\n<meta property=\"og:title\" content=\"TRUUSK Vridbar F\u00e5t\u00f6lj med F\u00e4llbart Ryggst\u00f6d - L\u00e4derlook - St\u00e5lram - Gr\u00e5 - 62 x 70 x 95 cm - TRUUSK - Hem, Tr\u00e4dg\u00e5rd &amp; Fritid\" \/>\n<meta property=\"og:description\" content=\"Denna underbara sittdyna p\u00e5 golvet visar hur enkel estetik kan kombineras med enast\u00e5ende komfort f\u00f6r att avsluta vardagen bekv\u00e4mt med...\" \/>\n<meta property=\"og:url\" content=\"https:\/\/truusk.store\/sv\/produkt\/truusk-vridbar-fatolj-med-fallbart-ryggstod-laderlook-stalram-gra-62-x-70-x-95-cm\/\" \/>\n<meta property=\"og:site_name\" content=\"TRUUSK - Hem, Tr\u00e4dg\u00e5rd &amp; Fritid\" \/>\n<meta property=\"article:modified_time\" content=\"2026-03-12T08:14:20+00:00\" \/>\n<meta property=\"og:image\" content=\"https:\/\/i0.wp.com\/truusk.se\/wp-content\/uploads\/2024\/02\/fatolj-vridbar-fallbart-ryggstod-laderlook-stalram-gra-62-x-70-x-95-cm.webp?fit=800%2C800&ssl=1\" \/>\n\t<meta property=\"og:image:width\" content=\"800\" \/>\n\t<meta property=\"og:image:height\" content=\"800\" \/>\n\t<meta property=\"og:image:type\" content=\"image\/webp\" \/>\n<meta name=\"twitter:card\" content=\"summary_large_image\" \/>\n<meta name=\"twitter:label1\" content=\"Ber\u00e4knad l\u00e4stid\" \/>\n\t<meta name=\"twitter:data1\" content=\"1 minut\" \/>\n<!-- \/ Yoast SEO plugin. -->","yoast_head_json":{"title":"TRUUSK Vridbar F\u00e5t\u00f6lj med F\u00e4llbart Ryggst\u00f6d - L\u00e4derlook - St\u00e5lram - Gr\u00e5 - 62 x 70 x 95 cm - TRUUSK - Hem, Tr\u00e4dg\u00e5rd &amp; Fritid","robots":{"index":"index","follow":"follow","max-snippet":"max-snippet:-1","max-image-preview":"max-image-preview:large","max-video-preview":"max-video-preview:-1"},"canonical":"https:\/\/truusk.store\/sv\/produkt\/truusk-vridbar-fatolj-med-fallbart-ryggstod-laderlook-stalram-gra-62-x-70-x-95-cm\/","og_locale":"sv_SE","og_type":"article","og_title":"TRUUSK Vridbar F\u00e5t\u00f6lj med F\u00e4llbart Ryggst\u00f6d - L\u00e4derlook - St\u00e5lram - Gr\u00e5 - 62 x 70 x 95 cm - TRUUSK - Hem, Tr\u00e4dg\u00e5rd &amp; Fritid","og_description":"Denna underbara sittdyna p\u00e5 golvet visar hur enkel estetik kan kombineras med enast\u00e5ende komfort f\u00f6r att avsluta vardagen bekv\u00e4mt med...","og_url":"https:\/\/truusk.store\/sv\/produkt\/truusk-vridbar-fatolj-med-fallbart-ryggstod-laderlook-stalram-gra-62-x-70-x-95-cm\/","og_site_name":"TRUUSK - Hem, Tr\u00e4dg\u00e5rd &amp; Fritid","article_modified_time":"2026-03-12T08:14:20+00:00","og_image":[{"width":800,"height":800,"url":"https:\/\/i0.wp.com\/truusk.se\/wp-content\/uploads\/2024\/02\/fatolj-vridbar-fallbart-ryggstod-laderlook-stalram-gra-62-x-70-x-95-cm.webp?fit=800%2C800&ssl=1","type":"image\/webp"}],"twitter_card":"summary_large_image","twitter_misc":{"Ber\u00e4knad l\u00e4stid":"1 minut"},"schema":{"@context":"https:\/\/schema.org","@graph":[{"@type":"WebPage","@id":"https:\/\/truusk.store\/sv\/produkt\/truusk-vridbar-fatolj-med-fallbart-ryggstod-laderlook-stalram-gra-62-x-70-x-95-cm\/","url":"https:\/\/truusk.store\/sv\/produkt\/truusk-vridbar-fatolj-med-fallbart-ryggstod-laderlook-stalram-gra-62-x-70-x-95-cm\/","name":"TRUUSK Vridbar F\u00e5t\u00f6lj med F\u00e4llbart Ryggst\u00f6d - L\u00e4derlook - St\u00e5lram - Gr\u00e5 - 62 x 70 x 95 cm - TRUUSK - Hem, Tr\u00e4dg\u00e5rd &amp; Fritid","isPartOf":{"@id":"https:\/\/truusk.store\/sv\/#website"},"primaryImageOfPage":{"@id":"https:\/\/truusk.store\/sv\/produkt\/truusk-vridbar-fatolj-med-fallbart-ryggstod-laderlook-stalram-gra-62-x-70-x-95-cm\/#primaryimage"},"image":{"@id":"https:\/\/truusk.store\/sv\/produkt\/truusk-vridbar-fatolj-med-fallbart-ryggstod-laderlook-stalram-gra-62-x-70-x-95-cm\/#primaryimage"},"thumbnailUrl":"https:\/\/i0.wp.com\/truusk.store\/wp-content\/uploads\/2024\/02\/fatolj-vridbar-fallbart-ryggstod-laderlook-stalram-gra-62-x-70-x-95-cm.webp?fit=800%2C800&ssl=1","datePublished":"2024-02-14T00:14:32+00:00","dateModified":"2026-03-12T08:14:20+00:00","breadcrumb":{"@id":"https:\/\/truusk.store\/sv\/produkt\/truusk-vridbar-fatolj-med-fallbart-ryggstod-laderlook-stalram-gra-62-x-70-x-95-cm\/#breadcrumb"},"inLanguage":"sv-SE","potentialAction":[{"@type":"ReadAction","target":["https:\/\/truusk.store\/sv\/produkt\/truusk-vridbar-fatolj-med-fallbart-ryggstod-laderlook-stalram-gra-62-x-70-x-95-cm\/"]}]},{"@type":"ImageObject","inLanguage":"sv-SE","@id":"https:\/\/truusk.store\/sv\/produkt\/truusk-vridbar-fatolj-med-fallbart-ryggstod-laderlook-stalram-gra-62-x-70-x-95-cm\/#primaryimage","url":"https:\/\/i0.wp.com\/truusk.store\/wp-content\/uploads\/2024\/02\/fatolj-vridbar-fallbart-ryggstod-laderlook-stalram-gra-62-x-70-x-95-cm.webp?fit=800%2C800&ssl=1","contentUrl":"https:\/\/i0.wp.com\/truusk.store\/wp-content\/uploads\/2024\/02\/fatolj-vridbar-fallbart-ryggstod-laderlook-stalram-gra-62-x-70-x-95-cm.webp?fit=800%2C800&ssl=1","width":800,"height":800,"caption":"F\u00e5t\u00f6lj, Vridbar, F\u00e4llbart Ryggst\u00f6d, L\u00e4derlook, St\u00e5lram, Gr\u00e5, 62 X 70 X 95 Cm 1"},{"@type":"BreadcrumbList","@id":"https:\/\/truusk.store\/sv\/produkt\/truusk-vridbar-fatolj-med-fallbart-ryggstod-laderlook-stalram-gra-62-x-70-x-95-cm\/#breadcrumb","itemListElement":[{"@type":"ListItem","position":1,"name":"Home","item":"https:\/\/truusk.store\/sv\/"},{"@type":"ListItem","position":2,"name":"Shop","item":"https:\/\/truusk.store\/shop\/"},{"@type":"ListItem","position":3,"name":"TRUUSK Vridbar F\u00e5t\u00f6lj med F\u00e4llbart Ryggst\u00f6d &#8211; L\u00e4derlook &#8211; St\u00e5lram &#8211; Gr\u00e5 &#8211; 62 x 70 x 95 cm"}]},{"@type":"WebSite","@id":"https:\/\/truusk.store\/sv\/#website","url":"https:\/\/truusk.store\/sv\/","name":"TRUUSK - Hem, Tr\u00e4dg\u00e5rd & Fritid","description":"","publisher":{"@id":"https:\/\/truusk.store\/sv\/#organization"},"potentialAction":[{"@type":"SearchAction","target":{"@type":"EntryPoint","urlTemplate":"https:\/\/truusk.store\/sv\/?s={search_term_string}"},"query-input":{"@type":"PropertyValueSpecification","valueRequired":true,"valueName":"search_term_string"}}],"inLanguage":"sv-SE"},{"@type":"Organization","@id":"https:\/\/truusk.store\/sv\/#organization","name":"TRUUSK - Hem, Tr\u00e4dg\u00e5rd & Fritid","url":"https:\/\/truusk.store\/sv\/","logo":{"@type":"ImageObject","inLanguage":"sv-SE","@id":"https:\/\/truusk.store\/sv\/#\/schema\/logo\/image\/","url":"https:\/\/i0.wp.com\/truusk.store\/wp-content\/uploads\/2026\/03\/cropped-TRUUSK.png?fit=2032%2C917&ssl=1","contentUrl":"https:\/\/i0.wp.com\/truusk.store\/wp-content\/uploads\/2026\/03\/cropped-TRUUSK.png?fit=2032%2C917&ssl=1","width":2032,"height":917,"caption":"TRUUSK - Hem, Tr\u00e4dg\u00e5rd & Fritid"},"image":{"@id":"https:\/\/truusk.store\/sv\/#\/schema\/logo\/image\/"}}]}},"jetpack_sharing_enabled":true,"_links":{"self":[{"href":"https:\/\/truusk.store\/sv\/wp-json\/wp\/v2\/product\/38227","targetHints":{"allow":["GET"]}}],"collection":[{"href":"https:\/\/truusk.store\/sv\/wp-json\/wp\/v2\/product"}],"about":[{"href":"https:\/\/truusk.store\/sv\/wp-json\/wp\/v2\/types\/product"}],"wp:featuredmedia":[{"embeddable":true,"href":"https:\/\/truusk.store\/sv\/wp-json\/wp\/v2\/media\/38228"}],"wp:attachment":[{"href":"https:\/\/truusk.store\/sv\/wp-json\/wp\/v2\/media?parent=38227"}],"wp:term":[{"taxonomy":"product_brand","embeddable":true,"href":"https:\/\/truusk.store\/sv\/wp-json\/wp\/v2\/product_brand?post=38227"},{"taxonomy":"product_cat","embeddable":true,"href":"https:\/\/truusk.store\/sv\/wp-json\/wp\/v2\/product_cat?post=38227"},{"taxonomy":"product_tag","embeddable":true,"href":"https:\/\/truusk.store\/sv\/wp-json\/wp\/v2\/product_tag?post=38227"}],"curies":[{"name":"wp","href":"https:\/\/api.w.org\/{rel}","templated":true}]}}