{"id":38292,"date":"2024-02-14T01:16:35","date_gmt":"2024-02-14T00:16:35","guid":{"rendered":"https:\/\/truusk.store\/product\/accentstol-i-skandinavisk-design-med-ottoman-fatoljset-boktra-sladdlook-gul\/"},"modified":"2026-03-12T09:14:21","modified_gmt":"2026-03-12T08:14:21","slug":"truusk-accentstol-i-skandinavisk-design-med-ottoman-fatoljset-boktra-sladdlook-gul","status":"publish","type":"product","link":"https:\/\/truusk.store\/sv\/produkt\/truusk-accentstol-i-skandinavisk-design-med-ottoman-fatoljset-boktra-sladdlook-gul\/","title":{"rendered":"TRUUSK Accentstol i Skandinavisk Design &#8211; Med Ottoman &#8211; F\u00e5t\u00f6ljset &#8211; Boktr\u00e4 &#8211; Sladdlook &#8211; Gul"},"content":{"rendered":"<p>Visa upp ditt hem med stil med denna f\u00e5t\u00f6lj och ottomanset. Den tjockt vadderade sitsen ger gott om komfort, samtidigt som du kan s\u00e4tta upp f\u00f6tterna p\u00e5 den extra pallen. Denna f\u00e5t\u00f6lj \u00e4r ett trevligt och bekv\u00e4mt st\u00e4lle att sitta p\u00e5 f\u00f6r att l\u00e4sa en bok, lata sig med en v\u00e4n eller helt enkelt umg\u00e5s med dig sj\u00e4lv &#8211; f\u00e5t\u00f6ljen och pallsetet kommer att g\u00f6ra din kv\u00e4ll mysig.<\/p>\n<h3>Beskrivning:<\/h3>\n<ul>\n<li>Set best\u00e5ende av accentstol och ottoman<\/li>\n<li>Anv\u00e4nd ottomanen som en fotpall eller som extra sittplats<\/li>\n<li>Ovandeln i manchesterlook och benen i boktr\u00e4 ger ditt hem en glamor\u00f6s touch<\/li>\n<li>Vadderade kuddar och ergonomiska armst\u00f6d garanterar h\u00f6g komfort<\/li>\n<li>Inbyggd st\u00e5lram och justerbara golvskydd p\u00e5 stolsbenen ger st\u00f6rre stabilitet<\/li>\n<li>Perfekt f\u00f6r vardagsrum, sovrum, arbetsrum och mer<\/li>\n<li>Montering kr\u00e4vs<\/li>\n<\/ul>\n<h3>Teknisk data:<\/h3>\n<ul>\n<li>F\u00e4rg gul<\/li>\n<li>Material: bok, skum, sammet (100% polyester)<\/li>\n<li>Stolens m\u00e5tt: 72L x 80W x 101H cm<\/li>\n<li>Osmanska m\u00e5tt: 65W x 43D x 38H cm<\/li>\n<li>Sitsstorlek: 46W x 53D x 45H cm<\/li>\n<li>Kuddens tjocklek: 11 cm<\/li>\n<li>Ryggst\u00f6dsstorlek: 70L x 72W x 62H cm<\/li>\n<li>Viktkapacitet: 150 kg (stol), 80 kg (ottoman)<\/li>\n<\/ul>\n<h3>Leveransens omfattning:<\/h3>\n<ul>\n<li>1 x Accent stol<\/li>\n<li>1 x ottomansk<\/li>\n<li>1 x manuell<\/li>\n<\/ul>\n","protected":false},"excerpt":{"rendered":"<p>Visa upp ditt hem med stil med denna f\u00e5t\u00f6lj och ottomanset. Den tjockt vadderade sitsen ger gott om komfort, samtidigt&#8230;<\/p>\n","protected":false},"featured_media":38293,"template":"","meta":[],"product_brand":[],"product_cat":[521,485,524],"product_tag":[],"class_list":{"0":"post-38292","1":"product","2":"type-product","3":"status-publish","4":"has-post-thumbnail","6":"product_cat-fatolj","7":"product_cat-hus-bo","8":"product_cat-relaxstol-med-pall","10":"first","11":"instock","12":"sale","13":"taxable","14":"shipping-taxable","15":"purchasable","16":"product-type-simple"},"yoast_head":"<!-- This site is optimized with the Yoast SEO plugin v25.4 - https:\/\/yoast.com\/wordpress\/plugins\/seo\/ -->\n<title>TRUUSK Accentstol i Skandinavisk Design - Med Ottoman - F\u00e5t\u00f6ljset - Boktr\u00e4 - Sladdlook - Gul - TRUUSK - Hem, Tr\u00e4dg\u00e5rd &amp; Fritid<\/title>\n<meta name=\"robots\" content=\"index, follow, max-snippet:-1, max-image-preview:large, max-video-preview:-1\" \/>\n<link rel=\"canonical\" href=\"https:\/\/truusk.store\/sv\/produkt\/truusk-accentstol-i-skandinavisk-design-med-ottoman-fatoljset-boktra-sladdlook-gul\/\" \/>\n<meta property=\"og:locale\" content=\"sv_SE\" \/>\n<meta property=\"og:type\" content=\"article\" \/>\n<meta property=\"og:title\" content=\"TRUUSK Accentstol i Skandinavisk Design - Med Ottoman - F\u00e5t\u00f6ljset - Boktr\u00e4 - Sladdlook - Gul - TRUUSK - Hem, Tr\u00e4dg\u00e5rd &amp; Fritid\" \/>\n<meta property=\"og:description\" content=\"Visa upp ditt hem med stil med denna f\u00e5t\u00f6lj och ottomanset. Den tjockt vadderade sitsen ger gott om komfort, samtidigt...\" \/>\n<meta property=\"og:url\" content=\"https:\/\/truusk.store\/sv\/produkt\/truusk-accentstol-i-skandinavisk-design-med-ottoman-fatoljset-boktra-sladdlook-gul\/\" \/>\n<meta property=\"og:site_name\" content=\"TRUUSK - Hem, Tr\u00e4dg\u00e5rd &amp; Fritid\" \/>\n<meta property=\"article:modified_time\" content=\"2026-03-12T08:14:21+00:00\" \/>\n<meta property=\"og:image\" content=\"https:\/\/i0.wp.com\/truusk.se\/wp-content\/uploads\/2024\/02\/accentstol-i-skandinavisk-design-med-ottoman-fatoljset-boktra-sladdlook-gul.webp?fit=800%2C800&ssl=1\" \/>\n\t<meta property=\"og:image:width\" content=\"800\" \/>\n\t<meta property=\"og:image:height\" content=\"800\" \/>\n\t<meta property=\"og:image:type\" content=\"image\/webp\" \/>\n<meta name=\"twitter:card\" content=\"summary_large_image\" \/>\n<meta name=\"twitter:label1\" content=\"Ber\u00e4knad l\u00e4stid\" \/>\n\t<meta name=\"twitter:data1\" content=\"1 minut\" \/>\n<!-- \/ Yoast SEO plugin. -->","yoast_head_json":{"title":"TRUUSK Accentstol i Skandinavisk Design - Med Ottoman - F\u00e5t\u00f6ljset - Boktr\u00e4 - Sladdlook - Gul - TRUUSK - Hem, Tr\u00e4dg\u00e5rd &amp; Fritid","robots":{"index":"index","follow":"follow","max-snippet":"max-snippet:-1","max-image-preview":"max-image-preview:large","max-video-preview":"max-video-preview:-1"},"canonical":"https:\/\/truusk.store\/sv\/produkt\/truusk-accentstol-i-skandinavisk-design-med-ottoman-fatoljset-boktra-sladdlook-gul\/","og_locale":"sv_SE","og_type":"article","og_title":"TRUUSK Accentstol i Skandinavisk Design - Med Ottoman - F\u00e5t\u00f6ljset - Boktr\u00e4 - Sladdlook - Gul - TRUUSK - Hem, Tr\u00e4dg\u00e5rd &amp; Fritid","og_description":"Visa upp ditt hem med stil med denna f\u00e5t\u00f6lj och ottomanset. Den tjockt vadderade sitsen ger gott om komfort, samtidigt...","og_url":"https:\/\/truusk.store\/sv\/produkt\/truusk-accentstol-i-skandinavisk-design-med-ottoman-fatoljset-boktra-sladdlook-gul\/","og_site_name":"TRUUSK - Hem, Tr\u00e4dg\u00e5rd &amp; Fritid","article_modified_time":"2026-03-12T08:14:21+00:00","og_image":[{"width":800,"height":800,"url":"https:\/\/i0.wp.com\/truusk.se\/wp-content\/uploads\/2024\/02\/accentstol-i-skandinavisk-design-med-ottoman-fatoljset-boktra-sladdlook-gul.webp?fit=800%2C800&ssl=1","type":"image\/webp"}],"twitter_card":"summary_large_image","twitter_misc":{"Ber\u00e4knad l\u00e4stid":"1 minut"},"schema":{"@context":"https:\/\/schema.org","@graph":[{"@type":"WebPage","@id":"https:\/\/truusk.store\/sv\/produkt\/truusk-accentstol-i-skandinavisk-design-med-ottoman-fatoljset-boktra-sladdlook-gul\/","url":"https:\/\/truusk.store\/sv\/produkt\/truusk-accentstol-i-skandinavisk-design-med-ottoman-fatoljset-boktra-sladdlook-gul\/","name":"TRUUSK Accentstol i Skandinavisk Design - Med Ottoman - F\u00e5t\u00f6ljset - Boktr\u00e4 - Sladdlook - Gul - TRUUSK - Hem, Tr\u00e4dg\u00e5rd &amp; Fritid","isPartOf":{"@id":"https:\/\/truusk.store\/sv\/#website"},"primaryImageOfPage":{"@id":"https:\/\/truusk.store\/sv\/produkt\/truusk-accentstol-i-skandinavisk-design-med-ottoman-fatoljset-boktra-sladdlook-gul\/#primaryimage"},"image":{"@id":"https:\/\/truusk.store\/sv\/produkt\/truusk-accentstol-i-skandinavisk-design-med-ottoman-fatoljset-boktra-sladdlook-gul\/#primaryimage"},"thumbnailUrl":"https:\/\/i0.wp.com\/truusk.store\/wp-content\/uploads\/2024\/02\/accentstol-i-skandinavisk-design-med-ottoman-fatoljset-boktra-sladdlook-gul.webp?fit=800%2C800&ssl=1","datePublished":"2024-02-14T00:16:35+00:00","dateModified":"2026-03-12T08:14:21+00:00","breadcrumb":{"@id":"https:\/\/truusk.store\/sv\/produkt\/truusk-accentstol-i-skandinavisk-design-med-ottoman-fatoljset-boktra-sladdlook-gul\/#breadcrumb"},"inLanguage":"sv-SE","potentialAction":[{"@type":"ReadAction","target":["https:\/\/truusk.store\/sv\/produkt\/truusk-accentstol-i-skandinavisk-design-med-ottoman-fatoljset-boktra-sladdlook-gul\/"]}]},{"@type":"ImageObject","inLanguage":"sv-SE","@id":"https:\/\/truusk.store\/sv\/produkt\/truusk-accentstol-i-skandinavisk-design-med-ottoman-fatoljset-boktra-sladdlook-gul\/#primaryimage","url":"https:\/\/i0.wp.com\/truusk.store\/wp-content\/uploads\/2024\/02\/accentstol-i-skandinavisk-design-med-ottoman-fatoljset-boktra-sladdlook-gul.webp?fit=800%2C800&ssl=1","contentUrl":"https:\/\/i0.wp.com\/truusk.store\/wp-content\/uploads\/2024\/02\/accentstol-i-skandinavisk-design-med-ottoman-fatoljset-boktra-sladdlook-gul.webp?fit=800%2C800&ssl=1","width":800,"height":800,"caption":"Accentstol I Skandinavisk Design, Med Ottoman, F\u00e5t\u00f6ljset, Boktr\u00e4, Sladdlook, Gul 1"},{"@type":"BreadcrumbList","@id":"https:\/\/truusk.store\/sv\/produkt\/truusk-accentstol-i-skandinavisk-design-med-ottoman-fatoljset-boktra-sladdlook-gul\/#breadcrumb","itemListElement":[{"@type":"ListItem","position":1,"name":"Home","item":"https:\/\/truusk.store\/sv\/"},{"@type":"ListItem","position":2,"name":"Shop","item":"https:\/\/truusk.store\/shop\/"},{"@type":"ListItem","position":3,"name":"TRUUSK Accentstol i Skandinavisk Design &#8211; Med Ottoman &#8211; F\u00e5t\u00f6ljset &#8211; Boktr\u00e4 &#8211; Sladdlook &#8211; Gul"}]},{"@type":"WebSite","@id":"https:\/\/truusk.store\/sv\/#website","url":"https:\/\/truusk.store\/sv\/","name":"TRUUSK - Hem, Tr\u00e4dg\u00e5rd & Fritid","description":"","publisher":{"@id":"https:\/\/truusk.store\/sv\/#organization"},"potentialAction":[{"@type":"SearchAction","target":{"@type":"EntryPoint","urlTemplate":"https:\/\/truusk.store\/sv\/?s={search_term_string}"},"query-input":{"@type":"PropertyValueSpecification","valueRequired":true,"valueName":"search_term_string"}}],"inLanguage":"sv-SE"},{"@type":"Organization","@id":"https:\/\/truusk.store\/sv\/#organization","name":"TRUUSK - Hem, Tr\u00e4dg\u00e5rd & Fritid","url":"https:\/\/truusk.store\/sv\/","logo":{"@type":"ImageObject","inLanguage":"sv-SE","@id":"https:\/\/truusk.store\/sv\/#\/schema\/logo\/image\/","url":"https:\/\/i0.wp.com\/truusk.store\/wp-content\/uploads\/2026\/03\/cropped-TRUUSK.png?fit=2032%2C917&ssl=1","contentUrl":"https:\/\/i0.wp.com\/truusk.store\/wp-content\/uploads\/2026\/03\/cropped-TRUUSK.png?fit=2032%2C917&ssl=1","width":2032,"height":917,"caption":"TRUUSK - Hem, Tr\u00e4dg\u00e5rd & Fritid"},"image":{"@id":"https:\/\/truusk.store\/sv\/#\/schema\/logo\/image\/"}}]}},"jetpack_sharing_enabled":true,"_links":{"self":[{"href":"https:\/\/truusk.store\/sv\/wp-json\/wp\/v2\/product\/38292","targetHints":{"allow":["GET"]}}],"collection":[{"href":"https:\/\/truusk.store\/sv\/wp-json\/wp\/v2\/product"}],"about":[{"href":"https:\/\/truusk.store\/sv\/wp-json\/wp\/v2\/types\/product"}],"wp:featuredmedia":[{"embeddable":true,"href":"https:\/\/truusk.store\/sv\/wp-json\/wp\/v2\/media\/38293"}],"wp:attachment":[{"href":"https:\/\/truusk.store\/sv\/wp-json\/wp\/v2\/media?parent=38292"}],"wp:term":[{"taxonomy":"product_brand","embeddable":true,"href":"https:\/\/truusk.store\/sv\/wp-json\/wp\/v2\/product_brand?post=38292"},{"taxonomy":"product_cat","embeddable":true,"href":"https:\/\/truusk.store\/sv\/wp-json\/wp\/v2\/product_cat?post=38292"},{"taxonomy":"product_tag","embeddable":true,"href":"https:\/\/truusk.store\/sv\/wp-json\/wp\/v2\/product_tag?post=38292"}],"curies":[{"name":"wp","href":"https:\/\/api.w.org\/{rel}","templated":true}]}}