{"id":38357,"date":"2024-02-14T01:18:55","date_gmt":"2024-02-14T00:18:55","guid":{"rendered":"https:\/\/truusk.store\/product\/staende-spegel-vaggspegel-helkroppsspegel-aluminium-45-cm-x-37-cm-x-1585-cm-silver\/"},"modified":"2026-03-12T09:14:22","modified_gmt":"2026-03-12T08:14:22","slug":"truusk-staende-helkroppsspegel-aluminium-45-cm-x-37-cm-x-1585-cm-silver-for-hemmet","status":"publish","type":"product","link":"https:\/\/truusk.store\/sv\/produkt\/truusk-staende-helkroppsspegel-aluminium-45-cm-x-37-cm-x-1585-cm-silver-for-hemmet\/","title":{"rendered":"TRUUSK St\u00e5ende Helkroppsspegel &#8211; Aluminium &#8211; 45 cm x 37 cm x 158,5 cm &#8211; Silver &#8211; F\u00f6r Hemmet"},"content":{"rendered":"<p>TRUUSKs st\u00e5ende spegel hj\u00e4lper dig hitta din stil! Helkroppsspegeln l\u00e5ter dig se hela din outfit fr\u00e5n topp till t\u00e5. V\u00e4ggmontering sparar v\u00e4rdefull golvyta, vilket g\u00f6r den idealisk f\u00f6r sovrum, badrum, omkl\u00e4dningsrum, etc. Ramen \u00e4r gjord av aluminiumlegering f\u00f6r h\u00e5llbarhet. Kombinationen av metallram och silverspegel ger ditt rum en lyxig inredning.<\/p>\n<h3>Beskrivning:<\/h3>\n<ul>\n<li>Hel spegel f\u00f6r att reflektera hela din outfit<\/li>\n<li>V\u00e4gg och frist\u00e5ende design. Den erbjuder tv\u00e5 anv\u00e4ndningsalternativ<\/li>\n<li>Ram av aluminiumlegering f\u00f6r mer stabilitet<\/li>\n<li>Enkel f\u00e4rgs\u00e4ttning ger ditt rum en lyxig inredning<\/li>\n<li>Montering kr\u00e4vs<\/li>\n<\/ul>\n<h3>Teknisk data:<\/h3>\n<ul>\n<li>silver<\/li>\n<li>Material: aluminiumlegering, metall, glas<\/li>\n<li>\u00d6vergripande m\u00e5tt: 45L x 37W x 158,5H cm<\/li>\n<li>Spegeltjocklek: 4 mm<\/li>\n<\/ul>\n<h3>Leveransens omfattning:<\/h3>\n<ul>\n<li>1 x Dressing spegel<\/li>\n<li>1 x manuell<\/li>\n<li>skruvar<\/li>\n<\/ul>\n","protected":false},"excerpt":{"rendered":"<p>TRUUSKs st\u00e5ende spegel hj\u00e4lper dig hitta din stil! Helkroppsspegeln l\u00e5ter dig se hela din outfit fr\u00e5n topp till t\u00e5. V\u00e4ggmontering&#8230;<\/p>\n","protected":false},"featured_media":38358,"template":"","meta":[],"product_brand":[],"product_cat":[485,504,721,501],"product_tag":[],"class_list":{"0":"post-38357","1":"product","2":"type-product","3":"status-publish","4":"has-post-thumbnail","6":"product_cat-hus-bo","7":"product_cat-sminkbord-speglar","8":"product_cat-spegel","9":"product_cat-tabeller","11":"first","12":"instock","13":"sale","14":"taxable","15":"shipping-taxable","16":"purchasable","17":"product-type-simple"},"yoast_head":"<!-- This site is optimized with the Yoast SEO plugin v25.4 - https:\/\/yoast.com\/wordpress\/plugins\/seo\/ -->\n<title>TRUUSK St\u00e5ende Helkroppsspegel - Aluminium - 45 cm x 37 cm x 158,5 cm - Silver - F\u00f6r Hemmet - TRUUSK - Hem, Tr\u00e4dg\u00e5rd &amp; Fritid<\/title>\n<meta name=\"robots\" content=\"index, follow, max-snippet:-1, max-image-preview:large, max-video-preview:-1\" \/>\n<link rel=\"canonical\" href=\"https:\/\/truusk.store\/sv\/produkt\/truusk-staende-helkroppsspegel-aluminium-45-cm-x-37-cm-x-1585-cm-silver-for-hemmet\/\" \/>\n<meta property=\"og:locale\" content=\"sv_SE\" \/>\n<meta property=\"og:type\" content=\"article\" \/>\n<meta property=\"og:title\" content=\"TRUUSK St\u00e5ende Helkroppsspegel - Aluminium - 45 cm x 37 cm x 158,5 cm - Silver - F\u00f6r Hemmet - TRUUSK - Hem, Tr\u00e4dg\u00e5rd &amp; Fritid\" \/>\n<meta property=\"og:description\" content=\"TRUUSKs st\u00e5ende spegel hj\u00e4lper dig hitta din stil! Helkroppsspegeln l\u00e5ter dig se hela din outfit fr\u00e5n topp till t\u00e5. V\u00e4ggmontering...\" \/>\n<meta property=\"og:url\" content=\"https:\/\/truusk.store\/sv\/produkt\/truusk-staende-helkroppsspegel-aluminium-45-cm-x-37-cm-x-1585-cm-silver-for-hemmet\/\" \/>\n<meta property=\"og:site_name\" content=\"TRUUSK - Hem, Tr\u00e4dg\u00e5rd &amp; Fritid\" \/>\n<meta property=\"article:modified_time\" content=\"2026-03-12T08:14:22+00:00\" \/>\n<meta property=\"og:image\" content=\"https:\/\/i0.wp.com\/truusk.se\/wp-content\/uploads\/2024\/02\/staende-spegel-vaggspegel-helkroppsspegel-aluminium-45-cm-x-37-cm-x-1585-cm-silver.webp?fit=800%2C800&ssl=1\" \/>\n\t<meta property=\"og:image:width\" content=\"800\" \/>\n\t<meta property=\"og:image:height\" content=\"800\" \/>\n\t<meta property=\"og:image:type\" content=\"image\/webp\" \/>\n<meta name=\"twitter:card\" content=\"summary_large_image\" \/>\n<meta name=\"twitter:label1\" content=\"Ber\u00e4knad l\u00e4stid\" \/>\n\t<meta name=\"twitter:data1\" content=\"1 minut\" \/>\n<!-- \/ Yoast SEO plugin. -->","yoast_head_json":{"title":"TRUUSK St\u00e5ende Helkroppsspegel - Aluminium - 45 cm x 37 cm x 158,5 cm - Silver - F\u00f6r Hemmet - TRUUSK - Hem, Tr\u00e4dg\u00e5rd &amp; Fritid","robots":{"index":"index","follow":"follow","max-snippet":"max-snippet:-1","max-image-preview":"max-image-preview:large","max-video-preview":"max-video-preview:-1"},"canonical":"https:\/\/truusk.store\/sv\/produkt\/truusk-staende-helkroppsspegel-aluminium-45-cm-x-37-cm-x-1585-cm-silver-for-hemmet\/","og_locale":"sv_SE","og_type":"article","og_title":"TRUUSK St\u00e5ende Helkroppsspegel - Aluminium - 45 cm x 37 cm x 158,5 cm - Silver - F\u00f6r Hemmet - TRUUSK - Hem, Tr\u00e4dg\u00e5rd &amp; Fritid","og_description":"TRUUSKs st\u00e5ende spegel hj\u00e4lper dig hitta din stil! Helkroppsspegeln l\u00e5ter dig se hela din outfit fr\u00e5n topp till t\u00e5. V\u00e4ggmontering...","og_url":"https:\/\/truusk.store\/sv\/produkt\/truusk-staende-helkroppsspegel-aluminium-45-cm-x-37-cm-x-1585-cm-silver-for-hemmet\/","og_site_name":"TRUUSK - Hem, Tr\u00e4dg\u00e5rd &amp; Fritid","article_modified_time":"2026-03-12T08:14:22+00:00","og_image":[{"width":800,"height":800,"url":"https:\/\/i0.wp.com\/truusk.se\/wp-content\/uploads\/2024\/02\/staende-spegel-vaggspegel-helkroppsspegel-aluminium-45-cm-x-37-cm-x-1585-cm-silver.webp?fit=800%2C800&ssl=1","type":"image\/webp"}],"twitter_card":"summary_large_image","twitter_misc":{"Ber\u00e4knad l\u00e4stid":"1 minut"},"schema":{"@context":"https:\/\/schema.org","@graph":[{"@type":"WebPage","@id":"https:\/\/truusk.store\/sv\/produkt\/truusk-staende-helkroppsspegel-aluminium-45-cm-x-37-cm-x-1585-cm-silver-for-hemmet\/","url":"https:\/\/truusk.store\/sv\/produkt\/truusk-staende-helkroppsspegel-aluminium-45-cm-x-37-cm-x-1585-cm-silver-for-hemmet\/","name":"TRUUSK St\u00e5ende Helkroppsspegel - Aluminium - 45 cm x 37 cm x 158,5 cm - Silver - F\u00f6r Hemmet - TRUUSK - Hem, Tr\u00e4dg\u00e5rd &amp; Fritid","isPartOf":{"@id":"https:\/\/truusk.store\/sv\/#website"},"primaryImageOfPage":{"@id":"https:\/\/truusk.store\/sv\/produkt\/truusk-staende-helkroppsspegel-aluminium-45-cm-x-37-cm-x-1585-cm-silver-for-hemmet\/#primaryimage"},"image":{"@id":"https:\/\/truusk.store\/sv\/produkt\/truusk-staende-helkroppsspegel-aluminium-45-cm-x-37-cm-x-1585-cm-silver-for-hemmet\/#primaryimage"},"thumbnailUrl":"https:\/\/i0.wp.com\/truusk.store\/wp-content\/uploads\/2024\/02\/staende-spegel-vaggspegel-helkroppsspegel-aluminium-45-cm-x-37-cm-x-1585-cm-silver.webp?fit=800%2C800&ssl=1","datePublished":"2024-02-14T00:18:55+00:00","dateModified":"2026-03-12T08:14:22+00:00","breadcrumb":{"@id":"https:\/\/truusk.store\/sv\/produkt\/truusk-staende-helkroppsspegel-aluminium-45-cm-x-37-cm-x-1585-cm-silver-for-hemmet\/#breadcrumb"},"inLanguage":"sv-SE","potentialAction":[{"@type":"ReadAction","target":["https:\/\/truusk.store\/sv\/produkt\/truusk-staende-helkroppsspegel-aluminium-45-cm-x-37-cm-x-1585-cm-silver-for-hemmet\/"]}]},{"@type":"ImageObject","inLanguage":"sv-SE","@id":"https:\/\/truusk.store\/sv\/produkt\/truusk-staende-helkroppsspegel-aluminium-45-cm-x-37-cm-x-1585-cm-silver-for-hemmet\/#primaryimage","url":"https:\/\/i0.wp.com\/truusk.store\/wp-content\/uploads\/2024\/02\/staende-spegel-vaggspegel-helkroppsspegel-aluminium-45-cm-x-37-cm-x-1585-cm-silver.webp?fit=800%2C800&ssl=1","contentUrl":"https:\/\/i0.wp.com\/truusk.store\/wp-content\/uploads\/2024\/02\/staende-spegel-vaggspegel-helkroppsspegel-aluminium-45-cm-x-37-cm-x-1585-cm-silver.webp?fit=800%2C800&ssl=1","width":800,"height":800,"caption":"St\u00e5ende Spegel V\u00e4ggspegel Helkroppsspegel, Aluminium, 45 Cm X 37 Cm X 158,5 Cm, Silver 1"},{"@type":"BreadcrumbList","@id":"https:\/\/truusk.store\/sv\/produkt\/truusk-staende-helkroppsspegel-aluminium-45-cm-x-37-cm-x-1585-cm-silver-for-hemmet\/#breadcrumb","itemListElement":[{"@type":"ListItem","position":1,"name":"Home","item":"https:\/\/truusk.store\/sv\/"},{"@type":"ListItem","position":2,"name":"Shop","item":"https:\/\/truusk.store\/shop\/"},{"@type":"ListItem","position":3,"name":"TRUUSK St\u00e5ende Helkroppsspegel &#8211; Aluminium &#8211; 45 cm x 37 cm x 158,5 cm &#8211; Silver &#8211; F\u00f6r Hemmet"}]},{"@type":"WebSite","@id":"https:\/\/truusk.store\/sv\/#website","url":"https:\/\/truusk.store\/sv\/","name":"TRUUSK - Hem, Tr\u00e4dg\u00e5rd & Fritid","description":"","publisher":{"@id":"https:\/\/truusk.store\/sv\/#organization"},"potentialAction":[{"@type":"SearchAction","target":{"@type":"EntryPoint","urlTemplate":"https:\/\/truusk.store\/sv\/?s={search_term_string}"},"query-input":{"@type":"PropertyValueSpecification","valueRequired":true,"valueName":"search_term_string"}}],"inLanguage":"sv-SE"},{"@type":"Organization","@id":"https:\/\/truusk.store\/sv\/#organization","name":"TRUUSK - Hem, Tr\u00e4dg\u00e5rd & Fritid","url":"https:\/\/truusk.store\/sv\/","logo":{"@type":"ImageObject","inLanguage":"sv-SE","@id":"https:\/\/truusk.store\/sv\/#\/schema\/logo\/image\/","url":"https:\/\/i0.wp.com\/truusk.store\/wp-content\/uploads\/2026\/03\/cropped-TRUUSK.png?fit=2032%2C917&ssl=1","contentUrl":"https:\/\/i0.wp.com\/truusk.store\/wp-content\/uploads\/2026\/03\/cropped-TRUUSK.png?fit=2032%2C917&ssl=1","width":2032,"height":917,"caption":"TRUUSK - Hem, Tr\u00e4dg\u00e5rd & Fritid"},"image":{"@id":"https:\/\/truusk.store\/sv\/#\/schema\/logo\/image\/"}}]}},"jetpack_sharing_enabled":true,"_links":{"self":[{"href":"https:\/\/truusk.store\/sv\/wp-json\/wp\/v2\/product\/38357","targetHints":{"allow":["GET"]}}],"collection":[{"href":"https:\/\/truusk.store\/sv\/wp-json\/wp\/v2\/product"}],"about":[{"href":"https:\/\/truusk.store\/sv\/wp-json\/wp\/v2\/types\/product"}],"wp:featuredmedia":[{"embeddable":true,"href":"https:\/\/truusk.store\/sv\/wp-json\/wp\/v2\/media\/38358"}],"wp:attachment":[{"href":"https:\/\/truusk.store\/sv\/wp-json\/wp\/v2\/media?parent=38357"}],"wp:term":[{"taxonomy":"product_brand","embeddable":true,"href":"https:\/\/truusk.store\/sv\/wp-json\/wp\/v2\/product_brand?post=38357"},{"taxonomy":"product_cat","embeddable":true,"href":"https:\/\/truusk.store\/sv\/wp-json\/wp\/v2\/product_cat?post=38357"},{"taxonomy":"product_tag","embeddable":true,"href":"https:\/\/truusk.store\/sv\/wp-json\/wp\/v2\/product_tag?post=38357"}],"curies":[{"name":"wp","href":"https:\/\/api.w.org\/{rel}","templated":true}]}}