{"id":38458,"date":"2024-02-14T01:22:23","date_gmt":"2024-02-14T00:22:23","guid":{"rendered":"https:\/\/truusk.store\/product\/verktygslada-verktygslada-4-lador-lasbar-stalholje-svartrod-51-x-22-x-395-cm\/"},"modified":"2026-03-12T09:14:23","modified_gmt":"2026-03-12T08:14:23","slug":"truusk-verktygslada-4-lador-lasbar-stalholje-svartrod-51-x-22-x-395-cm","status":"publish","type":"product","link":"https:\/\/truusk.store\/sv\/produkt\/truusk-verktygslada-4-lador-lasbar-stalholje-svartrod-51-x-22-x-395-cm\/","title":{"rendered":"TRUUSK Verktygsl\u00e5da &#8211; 4 L\u00e5dor &#8211; L\u00e5sbar &#8211; St\u00e5lh\u00f6lje &#8211; Svart+r\u00f6d &#8211; 51 X 22 X 39,5 Cm"},"content":{"rendered":"<p>Denna praktiska verktygsv\u00e4ska ger klar ordning i kaoset av verktyg och har allt du beh\u00f6ver alltid till hands. Den tomma verktygsl\u00e5dan \u00e4r byggd av robust st\u00e5l och rymmer upp till 18 kg. Fyra l\u00e5dor och ett \u00f6vre f\u00f6rvaringsfack ger gott om plats f\u00f6r dina verktyg och tillbeh\u00f6r. Vid behov kan l\u00e5dorna och f\u00f6rvaringsfacket l\u00e5sas f\u00f6r att f\u00f6rhindra st\u00f6ld. Tack vare det praktiska b\u00e4rhandtaget kan fodralet enkelt tas med var som helst.<\/p>\n<h3>Beskrivning:<\/h3>\n<ul>\n<li>4 l\u00e5dor och 1 \u00f6vre f\u00f6rvaringsfack ger gott om plats f\u00f6r verktyg och tillbeh\u00f6r<\/li>\n<li>Med 2 st st\u00e5ll\u00e5s f\u00f6r att st\u00e4nga alla l\u00e5dor och det \u00f6vre facket f\u00f6r att f\u00f6rhindra st\u00f6ld<\/li>\n<li>Glidskenor med kullager s\u00e4kerst\u00e4ller smidig \u00f6ppning och st\u00e4ngning<\/li>\n<li>Det robusta h\u00f6ljet av kallvalsat st\u00e5l \u00e4r s\u00e4rskilt stabilt<\/li>\n<li>Bekv\u00e4mt b\u00e4rhandtag g\u00f6r transporten till en lek<\/li>\n<li>Idealisk verktygsv\u00e4ska f\u00f6r professionella hantverkare och g\u00f6r-det-sj\u00e4lv-entusiaster f\u00f6r anv\u00e4ndning i garage, verkst\u00e4der och lager<\/li>\n<li>Ingen montering kr\u00e4vs<\/li>\n<\/ul>\n<h3>Teknisk data:<\/h3>\n<ul>\n<li>F\u00e4rg: Svart+r\u00f6d<\/li>\n<li>Material: st\u00e5l<\/li>\n<li>\u00d6vergripande m\u00e5tt: 51L x 22W x 39,5H cm<\/li>\n<li>M\u00e5tt \u00f6vre fack: 50L x 22W x 6H cm<\/li>\n<li>M\u00e5tt per l\u00e5da: 45L x 19,5W x 5,5H cm<\/li>\n<li>Lastkapacitet: 18 kg<\/li>\n<li>Lastkapacitet per l\u00e5da: 2 kg<\/li>\n<li>Lastkapacitet \u00f6vre fack: 10 kg<\/li>\n<\/ul>\n<h3>Leveransens omfattning:<\/h3>\n<ul>\n<li>1 x Verktygsl\u00e5da<\/li>\n<li>1 x Instruktioner<\/li>\n<\/ul>\n","protected":false},"excerpt":{"rendered":"<p>Denna praktiska verktygsv\u00e4ska ger klar ordning i kaoset av verktyg och har allt du beh\u00f6ver alltid till hands. Den tomma&#8230;<\/p>\n","protected":false},"featured_media":38459,"template":"","meta":[],"product_brand":[],"product_cat":[688,671,692],"product_tag":[],"class_list":{"0":"post-38458","1":"product","2":"type-product","3":"status-publish","4":"has-post-thumbnail","6":"product_cat-diy","7":"product_cat-jarnaffar","8":"product_cat-ordersystem","10":"first","11":"instock","12":"sale","13":"taxable","14":"shipping-taxable","15":"purchasable","16":"product-type-simple"},"yoast_head":"<!-- This site is optimized with the Yoast SEO plugin v25.4 - https:\/\/yoast.com\/wordpress\/plugins\/seo\/ -->\n<title>TRUUSK Verktygsl\u00e5da - 4 L\u00e5dor - L\u00e5sbar - St\u00e5lh\u00f6lje - Svart+r\u00f6d - 51 X 22 X 39,5 Cm - TRUUSK - Hem, Tr\u00e4dg\u00e5rd &amp; Fritid<\/title>\n<meta name=\"robots\" content=\"index, follow, max-snippet:-1, max-image-preview:large, max-video-preview:-1\" \/>\n<link rel=\"canonical\" href=\"https:\/\/truusk.store\/sv\/produkt\/truusk-verktygslada-4-lador-lasbar-stalholje-svartrod-51-x-22-x-395-cm\/\" \/>\n<meta property=\"og:locale\" content=\"sv_SE\" \/>\n<meta property=\"og:type\" content=\"article\" \/>\n<meta property=\"og:title\" content=\"TRUUSK Verktygsl\u00e5da - 4 L\u00e5dor - L\u00e5sbar - St\u00e5lh\u00f6lje - Svart+r\u00f6d - 51 X 22 X 39,5 Cm - TRUUSK - Hem, Tr\u00e4dg\u00e5rd &amp; Fritid\" \/>\n<meta property=\"og:description\" content=\"Denna praktiska verktygsv\u00e4ska ger klar ordning i kaoset av verktyg och har allt du beh\u00f6ver alltid till hands. Den tomma...\" \/>\n<meta property=\"og:url\" content=\"https:\/\/truusk.store\/sv\/produkt\/truusk-verktygslada-4-lador-lasbar-stalholje-svartrod-51-x-22-x-395-cm\/\" \/>\n<meta property=\"og:site_name\" content=\"TRUUSK - Hem, Tr\u00e4dg\u00e5rd &amp; Fritid\" \/>\n<meta property=\"article:modified_time\" content=\"2026-03-12T08:14:23+00:00\" \/>\n<meta property=\"og:image\" content=\"https:\/\/i0.wp.com\/truusk.se\/wp-content\/uploads\/2024\/02\/verktygslada-verktygslada-4-lador-lasbar-stalholje-svartrod-51-x-22-x-395-cm.webp?fit=800%2C800&ssl=1\" \/>\n\t<meta property=\"og:image:width\" content=\"800\" \/>\n\t<meta property=\"og:image:height\" content=\"800\" \/>\n\t<meta property=\"og:image:type\" content=\"image\/webp\" \/>\n<meta name=\"twitter:card\" content=\"summary_large_image\" \/>\n<meta name=\"twitter:label1\" content=\"Ber\u00e4knad l\u00e4stid\" \/>\n\t<meta name=\"twitter:data1\" content=\"1 minut\" \/>\n<!-- \/ Yoast SEO plugin. -->","yoast_head_json":{"title":"TRUUSK Verktygsl\u00e5da - 4 L\u00e5dor - L\u00e5sbar - St\u00e5lh\u00f6lje - Svart+r\u00f6d - 51 X 22 X 39,5 Cm - TRUUSK - Hem, Tr\u00e4dg\u00e5rd &amp; Fritid","robots":{"index":"index","follow":"follow","max-snippet":"max-snippet:-1","max-image-preview":"max-image-preview:large","max-video-preview":"max-video-preview:-1"},"canonical":"https:\/\/truusk.store\/sv\/produkt\/truusk-verktygslada-4-lador-lasbar-stalholje-svartrod-51-x-22-x-395-cm\/","og_locale":"sv_SE","og_type":"article","og_title":"TRUUSK Verktygsl\u00e5da - 4 L\u00e5dor - L\u00e5sbar - St\u00e5lh\u00f6lje - Svart+r\u00f6d - 51 X 22 X 39,5 Cm - TRUUSK - Hem, Tr\u00e4dg\u00e5rd &amp; Fritid","og_description":"Denna praktiska verktygsv\u00e4ska ger klar ordning i kaoset av verktyg och har allt du beh\u00f6ver alltid till hands. Den tomma...","og_url":"https:\/\/truusk.store\/sv\/produkt\/truusk-verktygslada-4-lador-lasbar-stalholje-svartrod-51-x-22-x-395-cm\/","og_site_name":"TRUUSK - Hem, Tr\u00e4dg\u00e5rd &amp; Fritid","article_modified_time":"2026-03-12T08:14:23+00:00","og_image":[{"width":800,"height":800,"url":"https:\/\/i0.wp.com\/truusk.se\/wp-content\/uploads\/2024\/02\/verktygslada-verktygslada-4-lador-lasbar-stalholje-svartrod-51-x-22-x-395-cm.webp?fit=800%2C800&ssl=1","type":"image\/webp"}],"twitter_card":"summary_large_image","twitter_misc":{"Ber\u00e4knad l\u00e4stid":"1 minut"},"schema":{"@context":"https:\/\/schema.org","@graph":[{"@type":"WebPage","@id":"https:\/\/truusk.store\/sv\/produkt\/truusk-verktygslada-4-lador-lasbar-stalholje-svartrod-51-x-22-x-395-cm\/","url":"https:\/\/truusk.store\/sv\/produkt\/truusk-verktygslada-4-lador-lasbar-stalholje-svartrod-51-x-22-x-395-cm\/","name":"TRUUSK Verktygsl\u00e5da - 4 L\u00e5dor - L\u00e5sbar - St\u00e5lh\u00f6lje - Svart+r\u00f6d - 51 X 22 X 39,5 Cm - TRUUSK - Hem, Tr\u00e4dg\u00e5rd &amp; Fritid","isPartOf":{"@id":"https:\/\/truusk.store\/sv\/#website"},"primaryImageOfPage":{"@id":"https:\/\/truusk.store\/sv\/produkt\/truusk-verktygslada-4-lador-lasbar-stalholje-svartrod-51-x-22-x-395-cm\/#primaryimage"},"image":{"@id":"https:\/\/truusk.store\/sv\/produkt\/truusk-verktygslada-4-lador-lasbar-stalholje-svartrod-51-x-22-x-395-cm\/#primaryimage"},"thumbnailUrl":"https:\/\/i0.wp.com\/truusk.store\/wp-content\/uploads\/2024\/02\/verktygslada-verktygslada-4-lador-lasbar-stalholje-svartrod-51-x-22-x-395-cm.webp?fit=800%2C800&ssl=1","datePublished":"2024-02-14T00:22:23+00:00","dateModified":"2026-03-12T08:14:23+00:00","breadcrumb":{"@id":"https:\/\/truusk.store\/sv\/produkt\/truusk-verktygslada-4-lador-lasbar-stalholje-svartrod-51-x-22-x-395-cm\/#breadcrumb"},"inLanguage":"sv-SE","potentialAction":[{"@type":"ReadAction","target":["https:\/\/truusk.store\/sv\/produkt\/truusk-verktygslada-4-lador-lasbar-stalholje-svartrod-51-x-22-x-395-cm\/"]}]},{"@type":"ImageObject","inLanguage":"sv-SE","@id":"https:\/\/truusk.store\/sv\/produkt\/truusk-verktygslada-4-lador-lasbar-stalholje-svartrod-51-x-22-x-395-cm\/#primaryimage","url":"https:\/\/i0.wp.com\/truusk.store\/wp-content\/uploads\/2024\/02\/verktygslada-verktygslada-4-lador-lasbar-stalholje-svartrod-51-x-22-x-395-cm.webp?fit=800%2C800&ssl=1","contentUrl":"https:\/\/i0.wp.com\/truusk.store\/wp-content\/uploads\/2024\/02\/verktygslada-verktygslada-4-lador-lasbar-stalholje-svartrod-51-x-22-x-395-cm.webp?fit=800%2C800&ssl=1","width":800,"height":800,"caption":"Verktygsl\u00e5da, Verktygsl\u00e5da, 4 L\u00e5dor, L\u00e5sbar, St\u00e5lh\u00f6lje, Svart+r\u00f6d, 51 X 22 X 39,5 Cm 1"},{"@type":"BreadcrumbList","@id":"https:\/\/truusk.store\/sv\/produkt\/truusk-verktygslada-4-lador-lasbar-stalholje-svartrod-51-x-22-x-395-cm\/#breadcrumb","itemListElement":[{"@type":"ListItem","position":1,"name":"Home","item":"https:\/\/truusk.store\/sv\/"},{"@type":"ListItem","position":2,"name":"Shop","item":"https:\/\/truusk.store\/shop\/"},{"@type":"ListItem","position":3,"name":"TRUUSK Verktygsl\u00e5da &#8211; 4 L\u00e5dor &#8211; L\u00e5sbar &#8211; St\u00e5lh\u00f6lje &#8211; Svart+r\u00f6d &#8211; 51 X 22 X 39,5 Cm"}]},{"@type":"WebSite","@id":"https:\/\/truusk.store\/sv\/#website","url":"https:\/\/truusk.store\/sv\/","name":"TRUUSK - Hem, Tr\u00e4dg\u00e5rd & Fritid","description":"","publisher":{"@id":"https:\/\/truusk.store\/sv\/#organization"},"potentialAction":[{"@type":"SearchAction","target":{"@type":"EntryPoint","urlTemplate":"https:\/\/truusk.store\/sv\/?s={search_term_string}"},"query-input":{"@type":"PropertyValueSpecification","valueRequired":true,"valueName":"search_term_string"}}],"inLanguage":"sv-SE"},{"@type":"Organization","@id":"https:\/\/truusk.store\/sv\/#organization","name":"TRUUSK - Hem, Tr\u00e4dg\u00e5rd & Fritid","url":"https:\/\/truusk.store\/sv\/","logo":{"@type":"ImageObject","inLanguage":"sv-SE","@id":"https:\/\/truusk.store\/sv\/#\/schema\/logo\/image\/","url":"https:\/\/i0.wp.com\/truusk.store\/wp-content\/uploads\/2026\/03\/cropped-TRUUSK.png?fit=2032%2C917&ssl=1","contentUrl":"https:\/\/i0.wp.com\/truusk.store\/wp-content\/uploads\/2026\/03\/cropped-TRUUSK.png?fit=2032%2C917&ssl=1","width":2032,"height":917,"caption":"TRUUSK - Hem, Tr\u00e4dg\u00e5rd & Fritid"},"image":{"@id":"https:\/\/truusk.store\/sv\/#\/schema\/logo\/image\/"}}]}},"jetpack_sharing_enabled":true,"_links":{"self":[{"href":"https:\/\/truusk.store\/sv\/wp-json\/wp\/v2\/product\/38458","targetHints":{"allow":["GET"]}}],"collection":[{"href":"https:\/\/truusk.store\/sv\/wp-json\/wp\/v2\/product"}],"about":[{"href":"https:\/\/truusk.store\/sv\/wp-json\/wp\/v2\/types\/product"}],"wp:featuredmedia":[{"embeddable":true,"href":"https:\/\/truusk.store\/sv\/wp-json\/wp\/v2\/media\/38459"}],"wp:attachment":[{"href":"https:\/\/truusk.store\/sv\/wp-json\/wp\/v2\/media?parent=38458"}],"wp:term":[{"taxonomy":"product_brand","embeddable":true,"href":"https:\/\/truusk.store\/sv\/wp-json\/wp\/v2\/product_brand?post=38458"},{"taxonomy":"product_cat","embeddable":true,"href":"https:\/\/truusk.store\/sv\/wp-json\/wp\/v2\/product_cat?post=38458"},{"taxonomy":"product_tag","embeddable":true,"href":"https:\/\/truusk.store\/sv\/wp-json\/wp\/v2\/product_tag?post=38458"}],"curies":[{"name":"wp","href":"https:\/\/api.w.org\/{rel}","templated":true}]}}