{"id":38468,"date":"2024-02-14T01:22:44","date_gmt":"2024-02-14T00:22:44","guid":{"rendered":"https:\/\/truusk.store\/product\/stastol-relaxstol-med-liggfunktion-fjarrkontroll-sammetslook-gra-92-x-93-x-105-cm\/"},"modified":"2026-03-12T09:14:24","modified_gmt":"2026-03-12T08:14:24","slug":"truusk-stastol-och-relaxstol-med-liggfunktion-fjarrkontroll-sammetslook-gra-92-x-93-x-105-cm","status":"publish","type":"product","link":"https:\/\/truusk.store\/sv\/produkt\/truusk-stastol-och-relaxstol-med-liggfunktion-fjarrkontroll-sammetslook-gra-92-x-93-x-105-cm\/","title":{"rendered":"TRUUSK St\u00e5stol och Relaxstol &#8211; Med Liggfunktion &#8211; Fj\u00e4rrkontroll &#8211; Sammetslook &#8211; Gr\u00e5 &#8211; 92 X 93 X 105 Cm"},"content":{"rendered":"<p>G\u00f6r ditt liv enklare med denna elektriska lyftstol! Om du lider av r\u00f6relseproblem hj\u00e4lper denna elektriska lyftstol dig att uppn\u00e5 st\u00f6rre komfort och r\u00f6relsefrihet. En knapptryckning p\u00e5 den praktiska fj\u00e4rrkontrollen r\u00e4cker f\u00f6r att s\u00e4kert och bekv\u00e4mt v\u00e4xla fr\u00e5n sittande till st\u00e5ende eller till liggande.<\/p>\n<h3>Beskrivning:<\/h3>\n<ul>\n<li>S\u00e4kert och skonsamt st\u00e5hj\u00e4lp &#8211; idealiskt f\u00f6r seniorer och personer med begr\u00e4nsad r\u00f6rlighet<\/li>\n<li>Nedf\u00e4llbart ryggst\u00f6d (upp till 165) med fotst\u00f6d f\u00f6r att l\u00e4sa, titta, ta bilder<\/li>\n<li>Justerbart nackst\u00f6d, st\u00e5- och liggfunktioner kan justeras individuellt f\u00f6r personlig komfort<\/li>\n<li>Det elektriskt justerbara, vadderade nackst\u00f6det och avtagbara, vadderade armst\u00f6d ger st\u00f6d och komfort<\/li>\n<li>Montering kr\u00e4vs<\/li>\n<\/ul>\n<h3>Teknisk data:<\/h3>\n<ul>\n<li>F\u00e4rg gr\u00e5<\/li>\n<li>Material: plysch (100 % polyester), st\u00e5l, skum, flerskiktsskiva<\/li>\n<li>\u00d6vergripande m\u00e5tt: 92W x 93D x 105H cm (st\u00e5ende), 92W x 159D x 92H cm (liggande)<\/li>\n<li>Lyftm\u00e5tt: 92W x 93D x 140H cm<\/li>\n<li>Sitsstorlek: 49W x 53D cm<\/li>\n<li>Sitth\u00f6jd: 53 cm<\/li>\n<li>Lastkapacitet: 170 kg<\/li>\n<li>Insp\u00e4nning: 100-240V, 50-60Hz<\/li>\n<li>Utsp\u00e4nning: 29V\/1,8A\/52,2W<\/li>\n<\/ul>\n<h3>Leveransens omfattning:<\/h3>\n<ul>\n<li>1 x Riser stol<\/li>\n<li>1 x Fj\u00e4rrkontroll<\/li>\n<li>1 x Anv\u00e4ndarmanual<\/li>\n<li>VIKTIGT: Vi levererar varan till trottoarkanten utan kostnad. Se till att du anger r\u00e4tt adress och telefonnummer.<\/li>\n<\/ul>\n","protected":false},"excerpt":{"rendered":"<p>G\u00f6r ditt liv enklare med denna elektriska lyftstol! Om du lider av r\u00f6relseproblem hj\u00e4lper denna elektriska lyftstol dig att uppn\u00e5&#8230;<\/p>\n","protected":false},"featured_media":38469,"template":"","meta":[],"product_brand":[],"product_cat":[521,485,523],"product_tag":[],"class_list":{"0":"post-38468","1":"product","2":"type-product","3":"status-publish","4":"has-post-thumbnail","6":"product_cat-fatolj","7":"product_cat-hus-bo","8":"product_cat-riser-stol","10":"first","11":"instock","12":"sale","13":"taxable","14":"shipping-taxable","15":"purchasable","16":"product-type-simple"},"yoast_head":"<!-- This site is optimized with the Yoast SEO plugin v25.4 - https:\/\/yoast.com\/wordpress\/plugins\/seo\/ -->\n<title>TRUUSK St\u00e5stol och Relaxstol - Med Liggfunktion - Fj\u00e4rrkontroll - Sammetslook - Gr\u00e5 - 92 X 93 X 105 Cm - TRUUSK - Hem, Tr\u00e4dg\u00e5rd &amp; Fritid<\/title>\n<meta name=\"robots\" content=\"index, follow, max-snippet:-1, max-image-preview:large, max-video-preview:-1\" \/>\n<link rel=\"canonical\" href=\"https:\/\/truusk.store\/sv\/produkt\/truusk-stastol-och-relaxstol-med-liggfunktion-fjarrkontroll-sammetslook-gra-92-x-93-x-105-cm\/\" \/>\n<meta property=\"og:locale\" content=\"sv_SE\" \/>\n<meta property=\"og:type\" content=\"article\" \/>\n<meta property=\"og:title\" content=\"TRUUSK St\u00e5stol och Relaxstol - Med Liggfunktion - Fj\u00e4rrkontroll - Sammetslook - Gr\u00e5 - 92 X 93 X 105 Cm - TRUUSK - Hem, Tr\u00e4dg\u00e5rd &amp; Fritid\" \/>\n<meta property=\"og:description\" content=\"G\u00f6r ditt liv enklare med denna elektriska lyftstol! Om du lider av r\u00f6relseproblem hj\u00e4lper denna elektriska lyftstol dig att uppn\u00e5...\" \/>\n<meta property=\"og:url\" content=\"https:\/\/truusk.store\/sv\/produkt\/truusk-stastol-och-relaxstol-med-liggfunktion-fjarrkontroll-sammetslook-gra-92-x-93-x-105-cm\/\" \/>\n<meta property=\"og:site_name\" content=\"TRUUSK - Hem, Tr\u00e4dg\u00e5rd &amp; Fritid\" \/>\n<meta property=\"article:modified_time\" content=\"2026-03-12T08:14:24+00:00\" \/>\n<meta property=\"og:image\" content=\"https:\/\/i0.wp.com\/truusk.se\/wp-content\/uploads\/2024\/02\/stastol-relaxstol-med-liggfunktion-fjarrkontroll-sammetslook-gra-92-x-93-x-105-cm.webp?fit=800%2C800&ssl=1\" \/>\n\t<meta property=\"og:image:width\" content=\"800\" \/>\n\t<meta property=\"og:image:height\" content=\"800\" \/>\n\t<meta property=\"og:image:type\" content=\"image\/webp\" \/>\n<meta name=\"twitter:card\" content=\"summary_large_image\" \/>\n<meta name=\"twitter:label1\" content=\"Ber\u00e4knad l\u00e4stid\" \/>\n\t<meta name=\"twitter:data1\" content=\"1 minut\" \/>\n<!-- \/ Yoast SEO plugin. -->","yoast_head_json":{"title":"TRUUSK St\u00e5stol och Relaxstol - Med Liggfunktion - Fj\u00e4rrkontroll - Sammetslook - Gr\u00e5 - 92 X 93 X 105 Cm - TRUUSK - Hem, Tr\u00e4dg\u00e5rd &amp; Fritid","robots":{"index":"index","follow":"follow","max-snippet":"max-snippet:-1","max-image-preview":"max-image-preview:large","max-video-preview":"max-video-preview:-1"},"canonical":"https:\/\/truusk.store\/sv\/produkt\/truusk-stastol-och-relaxstol-med-liggfunktion-fjarrkontroll-sammetslook-gra-92-x-93-x-105-cm\/","og_locale":"sv_SE","og_type":"article","og_title":"TRUUSK St\u00e5stol och Relaxstol - Med Liggfunktion - Fj\u00e4rrkontroll - Sammetslook - Gr\u00e5 - 92 X 93 X 105 Cm - TRUUSK - Hem, Tr\u00e4dg\u00e5rd &amp; Fritid","og_description":"G\u00f6r ditt liv enklare med denna elektriska lyftstol! Om du lider av r\u00f6relseproblem hj\u00e4lper denna elektriska lyftstol dig att uppn\u00e5...","og_url":"https:\/\/truusk.store\/sv\/produkt\/truusk-stastol-och-relaxstol-med-liggfunktion-fjarrkontroll-sammetslook-gra-92-x-93-x-105-cm\/","og_site_name":"TRUUSK - Hem, Tr\u00e4dg\u00e5rd &amp; Fritid","article_modified_time":"2026-03-12T08:14:24+00:00","og_image":[{"width":800,"height":800,"url":"https:\/\/i0.wp.com\/truusk.se\/wp-content\/uploads\/2024\/02\/stastol-relaxstol-med-liggfunktion-fjarrkontroll-sammetslook-gra-92-x-93-x-105-cm.webp?fit=800%2C800&ssl=1","type":"image\/webp"}],"twitter_card":"summary_large_image","twitter_misc":{"Ber\u00e4knad l\u00e4stid":"1 minut"},"schema":{"@context":"https:\/\/schema.org","@graph":[{"@type":"WebPage","@id":"https:\/\/truusk.store\/sv\/produkt\/truusk-stastol-och-relaxstol-med-liggfunktion-fjarrkontroll-sammetslook-gra-92-x-93-x-105-cm\/","url":"https:\/\/truusk.store\/sv\/produkt\/truusk-stastol-och-relaxstol-med-liggfunktion-fjarrkontroll-sammetslook-gra-92-x-93-x-105-cm\/","name":"TRUUSK St\u00e5stol och Relaxstol - Med Liggfunktion - Fj\u00e4rrkontroll - Sammetslook - Gr\u00e5 - 92 X 93 X 105 Cm - TRUUSK - Hem, Tr\u00e4dg\u00e5rd &amp; Fritid","isPartOf":{"@id":"https:\/\/truusk.store\/sv\/#website"},"primaryImageOfPage":{"@id":"https:\/\/truusk.store\/sv\/produkt\/truusk-stastol-och-relaxstol-med-liggfunktion-fjarrkontroll-sammetslook-gra-92-x-93-x-105-cm\/#primaryimage"},"image":{"@id":"https:\/\/truusk.store\/sv\/produkt\/truusk-stastol-och-relaxstol-med-liggfunktion-fjarrkontroll-sammetslook-gra-92-x-93-x-105-cm\/#primaryimage"},"thumbnailUrl":"https:\/\/i0.wp.com\/truusk.store\/wp-content\/uploads\/2024\/02\/stastol-relaxstol-med-liggfunktion-fjarrkontroll-sammetslook-gra-92-x-93-x-105-cm.webp?fit=800%2C800&ssl=1","datePublished":"2024-02-14T00:22:44+00:00","dateModified":"2026-03-12T08:14:24+00:00","breadcrumb":{"@id":"https:\/\/truusk.store\/sv\/produkt\/truusk-stastol-och-relaxstol-med-liggfunktion-fjarrkontroll-sammetslook-gra-92-x-93-x-105-cm\/#breadcrumb"},"inLanguage":"sv-SE","potentialAction":[{"@type":"ReadAction","target":["https:\/\/truusk.store\/sv\/produkt\/truusk-stastol-och-relaxstol-med-liggfunktion-fjarrkontroll-sammetslook-gra-92-x-93-x-105-cm\/"]}]},{"@type":"ImageObject","inLanguage":"sv-SE","@id":"https:\/\/truusk.store\/sv\/produkt\/truusk-stastol-och-relaxstol-med-liggfunktion-fjarrkontroll-sammetslook-gra-92-x-93-x-105-cm\/#primaryimage","url":"https:\/\/i0.wp.com\/truusk.store\/wp-content\/uploads\/2024\/02\/stastol-relaxstol-med-liggfunktion-fjarrkontroll-sammetslook-gra-92-x-93-x-105-cm.webp?fit=800%2C800&ssl=1","contentUrl":"https:\/\/i0.wp.com\/truusk.store\/wp-content\/uploads\/2024\/02\/stastol-relaxstol-med-liggfunktion-fjarrkontroll-sammetslook-gra-92-x-93-x-105-cm.webp?fit=800%2C800&ssl=1","width":800,"height":800,"caption":"St\u00e5stol, Relaxstol, Med Liggfunktion, Fj\u00e4rrkontroll, Sammetslook, Gr\u00e5, 92 X 93 X 105 Cm 1"},{"@type":"BreadcrumbList","@id":"https:\/\/truusk.store\/sv\/produkt\/truusk-stastol-och-relaxstol-med-liggfunktion-fjarrkontroll-sammetslook-gra-92-x-93-x-105-cm\/#breadcrumb","itemListElement":[{"@type":"ListItem","position":1,"name":"Home","item":"https:\/\/truusk.store\/sv\/"},{"@type":"ListItem","position":2,"name":"Shop","item":"https:\/\/truusk.store\/shop\/"},{"@type":"ListItem","position":3,"name":"TRUUSK St\u00e5stol och Relaxstol &#8211; Med Liggfunktion &#8211; Fj\u00e4rrkontroll &#8211; Sammetslook &#8211; Gr\u00e5 &#8211; 92 X 93 X 105 Cm"}]},{"@type":"WebSite","@id":"https:\/\/truusk.store\/sv\/#website","url":"https:\/\/truusk.store\/sv\/","name":"TRUUSK - Hem, Tr\u00e4dg\u00e5rd & Fritid","description":"","publisher":{"@id":"https:\/\/truusk.store\/sv\/#organization"},"potentialAction":[{"@type":"SearchAction","target":{"@type":"EntryPoint","urlTemplate":"https:\/\/truusk.store\/sv\/?s={search_term_string}"},"query-input":{"@type":"PropertyValueSpecification","valueRequired":true,"valueName":"search_term_string"}}],"inLanguage":"sv-SE"},{"@type":"Organization","@id":"https:\/\/truusk.store\/sv\/#organization","name":"TRUUSK - Hem, Tr\u00e4dg\u00e5rd & Fritid","url":"https:\/\/truusk.store\/sv\/","logo":{"@type":"ImageObject","inLanguage":"sv-SE","@id":"https:\/\/truusk.store\/sv\/#\/schema\/logo\/image\/","url":"https:\/\/i0.wp.com\/truusk.store\/wp-content\/uploads\/2026\/03\/cropped-TRUUSK.png?fit=2032%2C917&ssl=1","contentUrl":"https:\/\/i0.wp.com\/truusk.store\/wp-content\/uploads\/2026\/03\/cropped-TRUUSK.png?fit=2032%2C917&ssl=1","width":2032,"height":917,"caption":"TRUUSK - Hem, Tr\u00e4dg\u00e5rd & Fritid"},"image":{"@id":"https:\/\/truusk.store\/sv\/#\/schema\/logo\/image\/"}}]}},"jetpack_sharing_enabled":true,"_links":{"self":[{"href":"https:\/\/truusk.store\/sv\/wp-json\/wp\/v2\/product\/38468","targetHints":{"allow":["GET"]}}],"collection":[{"href":"https:\/\/truusk.store\/sv\/wp-json\/wp\/v2\/product"}],"about":[{"href":"https:\/\/truusk.store\/sv\/wp-json\/wp\/v2\/types\/product"}],"wp:featuredmedia":[{"embeddable":true,"href":"https:\/\/truusk.store\/sv\/wp-json\/wp\/v2\/media\/38469"}],"wp:attachment":[{"href":"https:\/\/truusk.store\/sv\/wp-json\/wp\/v2\/media?parent=38468"}],"wp:term":[{"taxonomy":"product_brand","embeddable":true,"href":"https:\/\/truusk.store\/sv\/wp-json\/wp\/v2\/product_brand?post=38468"},{"taxonomy":"product_cat","embeddable":true,"href":"https:\/\/truusk.store\/sv\/wp-json\/wp\/v2\/product_cat?post=38468"},{"taxonomy":"product_tag","embeddable":true,"href":"https:\/\/truusk.store\/sv\/wp-json\/wp\/v2\/product_tag?post=38468"}],"curies":[{"name":"wp","href":"https:\/\/api.w.org\/{rel}","templated":true}]}}