{"id":38478,"date":"2024-02-14T01:23:05","date_gmt":"2024-02-14T00:23:05","guid":{"rendered":"https:\/\/truusk.store\/product\/massagestol-med-stahjalp-fjarrkontroll-laderimitation-svart-90x98x102-cm\/"},"modified":"2026-03-12T09:14:24","modified_gmt":"2026-03-12T08:14:24","slug":"truusk-massagestol-med-stahjalp-fjarrkontroll-laderimitation-svart-90x98x102-cm","status":"publish","type":"product","link":"https:\/\/truusk.store\/sv\/produkt\/truusk-massagestol-med-stahjalp-fjarrkontroll-laderimitation-svart-90x98x102-cm\/","title":{"rendered":"TRUUSK Massagestol med st\u00e5hj\u00e4lp &#8211; Fj\u00e4rrkontroll &#8211; L\u00e4derimitation &#8211; Svart &#8211; 90x98x102 cm"},"content":{"rendered":"<p>G\u00f6r ditt liv enklare med denna elektriskt justerbara stol med reser. Om du eller din \u00e4lskade lider av r\u00f6relseproblem \u00e4r denna stol i konstl\u00e4der det r\u00e4tta valet. Med bara en knapptryckning kan du enkelt f\u00f6rflytta dig fr\u00e5n en sittande position till en tillbakalutad eller n\u00e4stan st\u00e5ende position och njuta av komforten av en massage.<\/p>\n<h3>Beskrivning:<\/h3>\n<ul>\n<li>Luta dig tillbaka till en bekv\u00e4m liggst\u00e4llning (upp till 150), med fotst\u00f6d<\/li>\n<li>4 massagezoner: rygg, l\u00e4ndrygg, l\u00e5r och ben. Du kan st\u00e4lla in 3 intensiteter och 4 massagel\u00e4gen samt en massagetid fr\u00e5n 15 till 60 minuter, s\u00e5 massagen st\u00e4ngs av av sig sj\u00e4lv \u00e4ven n\u00e4r du slumrar till<\/li>\n<li>Sido- och framfickor, samt dryckesh\u00e5llare f\u00f6r f\u00f6rvaring av en m\u00e4ngd olika f\u00f6rem\u00e5l<\/li>\n<li>Inkluderar en fj\u00e4rrkontroll med USB-gr\u00e4nssnitt f\u00f6r enkel laddning<\/li>\n<li>Stor sittyta, med tjock sits- och ryggstoppning f\u00f6r extra komfort, rymmer upp till 150 kg<\/li>\n<li>Montering kr\u00e4vs<\/li>\n<\/ul>\n<h3>Teknisk data:<\/h3>\n<ul>\n<li>Svart f\u00e4rg<\/li>\n<li>Material: PVC, st\u00e5l, skum, flerskiktsskiva<\/li>\n<li>\u00d6vergripande m\u00e5tt: (st\u00e5ende) 90L x 98W x 102H cm<\/li>\n<li>\u00d6vergripande m\u00e5tt: (liggande) 90L x 170W x 85H cm<\/li>\n<li>M\u00e5tt med aktiverat st\u00e5hj\u00e4lp: 90L x 98W x 146H cm<\/li>\n<li>Sittyta: 52W x 55D cm<\/li>\n<li>Sitth\u00f6jd: 50 cm<\/li>\n<li>Ryggst\u00f6dsyta: 78W x 65H cm<\/li>\n<li>Lastkapacitet: 150 kg<\/li>\n<li>Insp\u00e4nning: 100-240V, 50-60Hz<\/li>\n<li>Utsp\u00e4nning: 29V\/1,8A\/52,2W<\/li>\n<\/ul>\n<h3>Leveransens omfattning:<\/h3>\n<ul>\n<li>1 x Riser stol<\/li>\n<li>1 x Fj\u00e4rrkontroll<\/li>\n<li>1 x Anv\u00e4ndarmanual<\/li>\n<\/ul>\n","protected":false},"excerpt":{"rendered":"<p>G\u00f6r ditt liv enklare med denna elektriskt justerbara stol med reser. Om du eller din \u00e4lskade lider av r\u00f6relseproblem \u00e4r&#8230;<\/p>\n","protected":false},"featured_media":38479,"template":"","meta":[],"product_brand":[],"product_cat":[521,485,522],"product_tag":[],"class_list":{"0":"post-38478","1":"product","2":"type-product","3":"status-publish","4":"has-post-thumbnail","6":"product_cat-fatolj","7":"product_cat-hus-bo","8":"product_cat-massage-stol","10":"first","11":"instock","12":"sale","13":"taxable","14":"shipping-taxable","15":"purchasable","16":"product-type-simple"},"yoast_head":"<!-- This site is optimized with the Yoast SEO plugin v25.4 - https:\/\/yoast.com\/wordpress\/plugins\/seo\/ -->\n<title>TRUUSK Massagestol med st\u00e5hj\u00e4lp - Fj\u00e4rrkontroll - L\u00e4derimitation - Svart - 90x98x102 cm - TRUUSK - Hem, Tr\u00e4dg\u00e5rd &amp; Fritid<\/title>\n<meta name=\"robots\" content=\"index, follow, max-snippet:-1, max-image-preview:large, max-video-preview:-1\" \/>\n<link rel=\"canonical\" href=\"https:\/\/truusk.store\/sv\/produkt\/truusk-massagestol-med-stahjalp-fjarrkontroll-laderimitation-svart-90x98x102-cm\/\" \/>\n<meta property=\"og:locale\" content=\"sv_SE\" \/>\n<meta property=\"og:type\" content=\"article\" \/>\n<meta property=\"og:title\" content=\"TRUUSK Massagestol med st\u00e5hj\u00e4lp - Fj\u00e4rrkontroll - L\u00e4derimitation - Svart - 90x98x102 cm - TRUUSK - Hem, Tr\u00e4dg\u00e5rd &amp; Fritid\" \/>\n<meta property=\"og:description\" content=\"G\u00f6r ditt liv enklare med denna elektriskt justerbara stol med reser. Om du eller din \u00e4lskade lider av r\u00f6relseproblem \u00e4r...\" \/>\n<meta property=\"og:url\" content=\"https:\/\/truusk.store\/sv\/produkt\/truusk-massagestol-med-stahjalp-fjarrkontroll-laderimitation-svart-90x98x102-cm\/\" \/>\n<meta property=\"og:site_name\" content=\"TRUUSK - Hem, Tr\u00e4dg\u00e5rd &amp; Fritid\" \/>\n<meta property=\"article:modified_time\" content=\"2026-03-12T08:14:24+00:00\" \/>\n<meta property=\"og:image\" content=\"https:\/\/i0.wp.com\/truusk.se\/wp-content\/uploads\/2024\/02\/massagestol-med-stahjalp-fjarrkontroll-laderimitation-svart-90x98x102-cm.webp?fit=800%2C800&ssl=1\" \/>\n\t<meta property=\"og:image:width\" content=\"800\" \/>\n\t<meta property=\"og:image:height\" content=\"800\" \/>\n\t<meta property=\"og:image:type\" content=\"image\/webp\" \/>\n<meta name=\"twitter:card\" content=\"summary_large_image\" \/>\n<meta name=\"twitter:label1\" content=\"Ber\u00e4knad l\u00e4stid\" \/>\n\t<meta name=\"twitter:data1\" content=\"1 minut\" \/>\n<!-- \/ Yoast SEO plugin. -->","yoast_head_json":{"title":"TRUUSK Massagestol med st\u00e5hj\u00e4lp - Fj\u00e4rrkontroll - L\u00e4derimitation - Svart - 90x98x102 cm - TRUUSK - Hem, Tr\u00e4dg\u00e5rd &amp; Fritid","robots":{"index":"index","follow":"follow","max-snippet":"max-snippet:-1","max-image-preview":"max-image-preview:large","max-video-preview":"max-video-preview:-1"},"canonical":"https:\/\/truusk.store\/sv\/produkt\/truusk-massagestol-med-stahjalp-fjarrkontroll-laderimitation-svart-90x98x102-cm\/","og_locale":"sv_SE","og_type":"article","og_title":"TRUUSK Massagestol med st\u00e5hj\u00e4lp - Fj\u00e4rrkontroll - L\u00e4derimitation - Svart - 90x98x102 cm - TRUUSK - Hem, Tr\u00e4dg\u00e5rd &amp; Fritid","og_description":"G\u00f6r ditt liv enklare med denna elektriskt justerbara stol med reser. Om du eller din \u00e4lskade lider av r\u00f6relseproblem \u00e4r...","og_url":"https:\/\/truusk.store\/sv\/produkt\/truusk-massagestol-med-stahjalp-fjarrkontroll-laderimitation-svart-90x98x102-cm\/","og_site_name":"TRUUSK - Hem, Tr\u00e4dg\u00e5rd &amp; Fritid","article_modified_time":"2026-03-12T08:14:24+00:00","og_image":[{"width":800,"height":800,"url":"https:\/\/i0.wp.com\/truusk.se\/wp-content\/uploads\/2024\/02\/massagestol-med-stahjalp-fjarrkontroll-laderimitation-svart-90x98x102-cm.webp?fit=800%2C800&ssl=1","type":"image\/webp"}],"twitter_card":"summary_large_image","twitter_misc":{"Ber\u00e4knad l\u00e4stid":"1 minut"},"schema":{"@context":"https:\/\/schema.org","@graph":[{"@type":"WebPage","@id":"https:\/\/truusk.store\/sv\/produkt\/truusk-massagestol-med-stahjalp-fjarrkontroll-laderimitation-svart-90x98x102-cm\/","url":"https:\/\/truusk.store\/sv\/produkt\/truusk-massagestol-med-stahjalp-fjarrkontroll-laderimitation-svart-90x98x102-cm\/","name":"TRUUSK Massagestol med st\u00e5hj\u00e4lp - Fj\u00e4rrkontroll - L\u00e4derimitation - Svart - 90x98x102 cm - TRUUSK - Hem, Tr\u00e4dg\u00e5rd &amp; Fritid","isPartOf":{"@id":"https:\/\/truusk.store\/sv\/#website"},"primaryImageOfPage":{"@id":"https:\/\/truusk.store\/sv\/produkt\/truusk-massagestol-med-stahjalp-fjarrkontroll-laderimitation-svart-90x98x102-cm\/#primaryimage"},"image":{"@id":"https:\/\/truusk.store\/sv\/produkt\/truusk-massagestol-med-stahjalp-fjarrkontroll-laderimitation-svart-90x98x102-cm\/#primaryimage"},"thumbnailUrl":"https:\/\/i0.wp.com\/truusk.store\/wp-content\/uploads\/2024\/02\/massagestol-med-stahjalp-fjarrkontroll-laderimitation-svart-90x98x102-cm.webp?fit=800%2C800&ssl=1","datePublished":"2024-02-14T00:23:05+00:00","dateModified":"2026-03-12T08:14:24+00:00","breadcrumb":{"@id":"https:\/\/truusk.store\/sv\/produkt\/truusk-massagestol-med-stahjalp-fjarrkontroll-laderimitation-svart-90x98x102-cm\/#breadcrumb"},"inLanguage":"sv-SE","potentialAction":[{"@type":"ReadAction","target":["https:\/\/truusk.store\/sv\/produkt\/truusk-massagestol-med-stahjalp-fjarrkontroll-laderimitation-svart-90x98x102-cm\/"]}]},{"@type":"ImageObject","inLanguage":"sv-SE","@id":"https:\/\/truusk.store\/sv\/produkt\/truusk-massagestol-med-stahjalp-fjarrkontroll-laderimitation-svart-90x98x102-cm\/#primaryimage","url":"https:\/\/i0.wp.com\/truusk.store\/wp-content\/uploads\/2024\/02\/massagestol-med-stahjalp-fjarrkontroll-laderimitation-svart-90x98x102-cm.webp?fit=800%2C800&ssl=1","contentUrl":"https:\/\/i0.wp.com\/truusk.store\/wp-content\/uploads\/2024\/02\/massagestol-med-stahjalp-fjarrkontroll-laderimitation-svart-90x98x102-cm.webp?fit=800%2C800&ssl=1","width":800,"height":800,"caption":"Massagestol Med St\u00e5hj\u00e4lp, Fj\u00e4rrkontroll, L\u00e4derimitation, Svart, 90x98x102 Cm 1"},{"@type":"BreadcrumbList","@id":"https:\/\/truusk.store\/sv\/produkt\/truusk-massagestol-med-stahjalp-fjarrkontroll-laderimitation-svart-90x98x102-cm\/#breadcrumb","itemListElement":[{"@type":"ListItem","position":1,"name":"Home","item":"https:\/\/truusk.store\/sv\/"},{"@type":"ListItem","position":2,"name":"Shop","item":"https:\/\/truusk.store\/shop\/"},{"@type":"ListItem","position":3,"name":"TRUUSK Massagestol med st\u00e5hj\u00e4lp &#8211; Fj\u00e4rrkontroll &#8211; L\u00e4derimitation &#8211; Svart &#8211; 90x98x102 cm"}]},{"@type":"WebSite","@id":"https:\/\/truusk.store\/sv\/#website","url":"https:\/\/truusk.store\/sv\/","name":"TRUUSK - Hem, Tr\u00e4dg\u00e5rd & Fritid","description":"","publisher":{"@id":"https:\/\/truusk.store\/sv\/#organization"},"potentialAction":[{"@type":"SearchAction","target":{"@type":"EntryPoint","urlTemplate":"https:\/\/truusk.store\/sv\/?s={search_term_string}"},"query-input":{"@type":"PropertyValueSpecification","valueRequired":true,"valueName":"search_term_string"}}],"inLanguage":"sv-SE"},{"@type":"Organization","@id":"https:\/\/truusk.store\/sv\/#organization","name":"TRUUSK - Hem, Tr\u00e4dg\u00e5rd & Fritid","url":"https:\/\/truusk.store\/sv\/","logo":{"@type":"ImageObject","inLanguage":"sv-SE","@id":"https:\/\/truusk.store\/sv\/#\/schema\/logo\/image\/","url":"https:\/\/i0.wp.com\/truusk.store\/wp-content\/uploads\/2026\/03\/cropped-TRUUSK.png?fit=2032%2C917&ssl=1","contentUrl":"https:\/\/i0.wp.com\/truusk.store\/wp-content\/uploads\/2026\/03\/cropped-TRUUSK.png?fit=2032%2C917&ssl=1","width":2032,"height":917,"caption":"TRUUSK - Hem, Tr\u00e4dg\u00e5rd & Fritid"},"image":{"@id":"https:\/\/truusk.store\/sv\/#\/schema\/logo\/image\/"}}]}},"jetpack_sharing_enabled":true,"_links":{"self":[{"href":"https:\/\/truusk.store\/sv\/wp-json\/wp\/v2\/product\/38478","targetHints":{"allow":["GET"]}}],"collection":[{"href":"https:\/\/truusk.store\/sv\/wp-json\/wp\/v2\/product"}],"about":[{"href":"https:\/\/truusk.store\/sv\/wp-json\/wp\/v2\/types\/product"}],"wp:featuredmedia":[{"embeddable":true,"href":"https:\/\/truusk.store\/sv\/wp-json\/wp\/v2\/media\/38479"}],"wp:attachment":[{"href":"https:\/\/truusk.store\/sv\/wp-json\/wp\/v2\/media?parent=38478"}],"wp:term":[{"taxonomy":"product_brand","embeddable":true,"href":"https:\/\/truusk.store\/sv\/wp-json\/wp\/v2\/product_brand?post=38478"},{"taxonomy":"product_cat","embeddable":true,"href":"https:\/\/truusk.store\/sv\/wp-json\/wp\/v2\/product_cat?post=38478"},{"taxonomy":"product_tag","embeddable":true,"href":"https:\/\/truusk.store\/sv\/wp-json\/wp\/v2\/product_tag?post=38478"}],"curies":[{"name":"wp","href":"https:\/\/api.w.org\/{rel}","templated":true}]}}