{"id":38550,"date":"2024-02-14T01:25:27","date_gmt":"2024-02-14T00:25:27","guid":{"rendered":"https:\/\/truusk.store\/product\/plug-in-hylla-kubhylla-skostall-9-kuber-modular-struktur-stal-svart-35-x-35-x-35-cm-per-kub\/"},"modified":"2026-03-12T09:14:27","modified_gmt":"2026-03-12T08:14:27","slug":"truusk-modular-kubhylla-for-skor-stalkonstruktion-svart-35x35x35-cm-9-kuber-perfekt-for-organisering","status":"publish","type":"product","link":"https:\/\/truusk.store\/sv\/produkt\/truusk-modular-kubhylla-for-skor-stalkonstruktion-svart-35x35x35-cm-9-kuber-perfekt-for-organisering\/","title":{"rendered":"TRUUSK Modul\u00e4r Kubhylla f\u00f6r Skor &#8211; St\u00e5lkonstruktion &#8211; Svart &#8211; 35x35x35 cm &#8211; 9 Kuber &#8211; Perfekt f\u00f6r Organisering"},"content":{"rendered":"<p>Unikt sofistikerat: Upplev maximal frihet n\u00e4r du designar ditt f\u00f6rvaringsutrymme med denna modul\u00e4ra kubhylla! Kubelementen kan anv\u00e4ndas separat eller kombineras f\u00f6r att bilda en hyllenhet, vilket g\u00f6r att du enkelt och dekorativt kan f\u00f6rvara b\u00f6cker, kl\u00e4der, skor, leksaker och mycket mer. De robusta och h\u00e5llbara kuberna av metalltr\u00e5d m\u00f6jligg\u00f6r ocks\u00e5 optimalt luftv\u00e4xling f\u00f6r att f\u00f6rhindra m\u00f6gelbildning och g\u00f6ra ditt hem s\u00e4krare.<\/p>\n<h3>Beskrivning:<\/h3>\n<ul>\n<li>Modern design, perfekt komplement till din entr\u00e9, sovrum, kontor, etc.<\/li>\n<li>Modul\u00e4r design, kan monteras i olika former<\/li>\n<li>V\u00e4ggelement av robust st\u00e5ltr\u00e5d, kan h\u00e5lla upp till 90 kg<\/li>\n<li>Tillverkad av 9 stora kubelement som ger gott om plats f\u00f6r dina b\u00f6cker, kl\u00e4der, leksaker och mycket mer. erbjudande<\/li>\n<li>Plastf\u00e4sten ing\u00e5r f\u00f6r att s\u00e4kra hyllan och f\u00f6rhindra att den v\u00e4lter<\/li>\n<li>L\u00e4tt att reng\u00f6ra och underh\u00e5lla<\/li>\n<li>Montering kr\u00e4vs<\/li>\n<\/ul>\n<h3>Teknisk data:<\/h3>\n<ul>\n<li>Svart f\u00e4rg<\/li>\n<li>Material: st\u00e5l, PP<\/li>\n<li>Totala m\u00e5tt: 35L x 35W x 35H cm (per kub)<\/li>\n<li>Lastkapacitet: 10 kg (en kub), 90 kg (totalt)<\/li>\n<\/ul>\n<h3>Leveransens omfattning:<\/h3>\n<ul>\n<li>34 x V\u00e4ggelement<\/li>\n<li>34 x kontakter<\/li>\n<\/ul>\n","protected":false},"excerpt":{"rendered":"<p>Unikt sofistikerat: Upplev maximal frihet n\u00e4r du designar ditt f\u00f6rvaringsutrymme med denna modul\u00e4ra kubhylla! Kubelementen kan anv\u00e4ndas separat eller kombineras&#8230;<\/p>\n","protected":false},"featured_media":38551,"template":"","meta":[],"product_brand":[],"product_cat":[485,528,530],"product_tag":[],"class_list":{"0":"post-38550","1":"product","2":"type-product","3":"status-publish","4":"has-post-thumbnail","6":"product_cat-hus-bo","7":"product_cat-skap-byraer","8":"product_cat-skoskap","10":"first","11":"instock","12":"sale","13":"taxable","14":"shipping-taxable","15":"purchasable","16":"product-type-simple"},"yoast_head":"<!-- This site is optimized with the Yoast SEO plugin v25.4 - https:\/\/yoast.com\/wordpress\/plugins\/seo\/ -->\n<title>TRUUSK Modul\u00e4r Kubhylla f\u00f6r Skor - St\u00e5lkonstruktion - Svart - 35x35x35 cm - 9 Kuber - Perfekt f\u00f6r Organisering - TRUUSK - Hem, Tr\u00e4dg\u00e5rd &amp; Fritid<\/title>\n<meta name=\"robots\" content=\"index, follow, max-snippet:-1, max-image-preview:large, max-video-preview:-1\" \/>\n<link rel=\"canonical\" href=\"https:\/\/truusk.store\/sv\/produkt\/truusk-modular-kubhylla-for-skor-stalkonstruktion-svart-35x35x35-cm-9-kuber-perfekt-for-organisering\/\" \/>\n<meta property=\"og:locale\" content=\"sv_SE\" \/>\n<meta property=\"og:type\" content=\"article\" \/>\n<meta property=\"og:title\" content=\"TRUUSK Modul\u00e4r Kubhylla f\u00f6r Skor - St\u00e5lkonstruktion - Svart - 35x35x35 cm - 9 Kuber - Perfekt f\u00f6r Organisering - TRUUSK - Hem, Tr\u00e4dg\u00e5rd &amp; Fritid\" \/>\n<meta property=\"og:description\" content=\"Unikt sofistikerat: Upplev maximal frihet n\u00e4r du designar ditt f\u00f6rvaringsutrymme med denna modul\u00e4ra kubhylla! Kubelementen kan anv\u00e4ndas separat eller kombineras...\" \/>\n<meta property=\"og:url\" content=\"https:\/\/truusk.store\/sv\/produkt\/truusk-modular-kubhylla-for-skor-stalkonstruktion-svart-35x35x35-cm-9-kuber-perfekt-for-organisering\/\" \/>\n<meta property=\"og:site_name\" content=\"TRUUSK - Hem, Tr\u00e4dg\u00e5rd &amp; Fritid\" \/>\n<meta property=\"article:modified_time\" content=\"2026-03-12T08:14:27+00:00\" \/>\n<meta property=\"og:image\" content=\"https:\/\/i0.wp.com\/truusk.se\/wp-content\/uploads\/2024\/02\/plug-in-hylla-kubhylla-skostall-9-kuber-modular-struktur-stal-svart-35-x-35-x-35-cm-per-kub.webp?fit=800%2C800&ssl=1\" \/>\n\t<meta property=\"og:image:width\" content=\"800\" \/>\n\t<meta property=\"og:image:height\" content=\"800\" \/>\n\t<meta property=\"og:image:type\" content=\"image\/webp\" \/>\n<meta name=\"twitter:card\" content=\"summary_large_image\" \/>\n<meta name=\"twitter:label1\" content=\"Ber\u00e4knad l\u00e4stid\" \/>\n\t<meta name=\"twitter:data1\" content=\"1 minut\" \/>\n<!-- \/ Yoast SEO plugin. -->","yoast_head_json":{"title":"TRUUSK Modul\u00e4r Kubhylla f\u00f6r Skor - St\u00e5lkonstruktion - Svart - 35x35x35 cm - 9 Kuber - Perfekt f\u00f6r Organisering - TRUUSK - Hem, Tr\u00e4dg\u00e5rd &amp; Fritid","robots":{"index":"index","follow":"follow","max-snippet":"max-snippet:-1","max-image-preview":"max-image-preview:large","max-video-preview":"max-video-preview:-1"},"canonical":"https:\/\/truusk.store\/sv\/produkt\/truusk-modular-kubhylla-for-skor-stalkonstruktion-svart-35x35x35-cm-9-kuber-perfekt-for-organisering\/","og_locale":"sv_SE","og_type":"article","og_title":"TRUUSK Modul\u00e4r Kubhylla f\u00f6r Skor - St\u00e5lkonstruktion - Svart - 35x35x35 cm - 9 Kuber - Perfekt f\u00f6r Organisering - TRUUSK - Hem, Tr\u00e4dg\u00e5rd &amp; Fritid","og_description":"Unikt sofistikerat: Upplev maximal frihet n\u00e4r du designar ditt f\u00f6rvaringsutrymme med denna modul\u00e4ra kubhylla! Kubelementen kan anv\u00e4ndas separat eller kombineras...","og_url":"https:\/\/truusk.store\/sv\/produkt\/truusk-modular-kubhylla-for-skor-stalkonstruktion-svart-35x35x35-cm-9-kuber-perfekt-for-organisering\/","og_site_name":"TRUUSK - Hem, Tr\u00e4dg\u00e5rd &amp; Fritid","article_modified_time":"2026-03-12T08:14:27+00:00","og_image":[{"width":800,"height":800,"url":"https:\/\/i0.wp.com\/truusk.se\/wp-content\/uploads\/2024\/02\/plug-in-hylla-kubhylla-skostall-9-kuber-modular-struktur-stal-svart-35-x-35-x-35-cm-per-kub.webp?fit=800%2C800&ssl=1","type":"image\/webp"}],"twitter_card":"summary_large_image","twitter_misc":{"Ber\u00e4knad l\u00e4stid":"1 minut"},"schema":{"@context":"https:\/\/schema.org","@graph":[{"@type":"WebPage","@id":"https:\/\/truusk.store\/sv\/produkt\/truusk-modular-kubhylla-for-skor-stalkonstruktion-svart-35x35x35-cm-9-kuber-perfekt-for-organisering\/","url":"https:\/\/truusk.store\/sv\/produkt\/truusk-modular-kubhylla-for-skor-stalkonstruktion-svart-35x35x35-cm-9-kuber-perfekt-for-organisering\/","name":"TRUUSK Modul\u00e4r Kubhylla f\u00f6r Skor - St\u00e5lkonstruktion - Svart - 35x35x35 cm - 9 Kuber - Perfekt f\u00f6r Organisering - TRUUSK - Hem, Tr\u00e4dg\u00e5rd &amp; Fritid","isPartOf":{"@id":"https:\/\/truusk.store\/sv\/#website"},"primaryImageOfPage":{"@id":"https:\/\/truusk.store\/sv\/produkt\/truusk-modular-kubhylla-for-skor-stalkonstruktion-svart-35x35x35-cm-9-kuber-perfekt-for-organisering\/#primaryimage"},"image":{"@id":"https:\/\/truusk.store\/sv\/produkt\/truusk-modular-kubhylla-for-skor-stalkonstruktion-svart-35x35x35-cm-9-kuber-perfekt-for-organisering\/#primaryimage"},"thumbnailUrl":"https:\/\/i0.wp.com\/truusk.store\/wp-content\/uploads\/2024\/02\/plug-in-hylla-kubhylla-skostall-9-kuber-modular-struktur-stal-svart-35-x-35-x-35-cm-per-kub.webp?fit=800%2C800&ssl=1","datePublished":"2024-02-14T00:25:27+00:00","dateModified":"2026-03-12T08:14:27+00:00","breadcrumb":{"@id":"https:\/\/truusk.store\/sv\/produkt\/truusk-modular-kubhylla-for-skor-stalkonstruktion-svart-35x35x35-cm-9-kuber-perfekt-for-organisering\/#breadcrumb"},"inLanguage":"sv-SE","potentialAction":[{"@type":"ReadAction","target":["https:\/\/truusk.store\/sv\/produkt\/truusk-modular-kubhylla-for-skor-stalkonstruktion-svart-35x35x35-cm-9-kuber-perfekt-for-organisering\/"]}]},{"@type":"ImageObject","inLanguage":"sv-SE","@id":"https:\/\/truusk.store\/sv\/produkt\/truusk-modular-kubhylla-for-skor-stalkonstruktion-svart-35x35x35-cm-9-kuber-perfekt-for-organisering\/#primaryimage","url":"https:\/\/i0.wp.com\/truusk.store\/wp-content\/uploads\/2024\/02\/plug-in-hylla-kubhylla-skostall-9-kuber-modular-struktur-stal-svart-35-x-35-x-35-cm-per-kub.webp?fit=800%2C800&ssl=1","contentUrl":"https:\/\/i0.wp.com\/truusk.store\/wp-content\/uploads\/2024\/02\/plug-in-hylla-kubhylla-skostall-9-kuber-modular-struktur-stal-svart-35-x-35-x-35-cm-per-kub.webp?fit=800%2C800&ssl=1","width":800,"height":800,"caption":"Plug-in Hylla, Kubhylla, Skost\u00e4ll, 9 Kuber, Modul\u00e4r Struktur, St\u00e5l, Svart, 35 X 35 X 35 Cm Per Kub 1"},{"@type":"BreadcrumbList","@id":"https:\/\/truusk.store\/sv\/produkt\/truusk-modular-kubhylla-for-skor-stalkonstruktion-svart-35x35x35-cm-9-kuber-perfekt-for-organisering\/#breadcrumb","itemListElement":[{"@type":"ListItem","position":1,"name":"Home","item":"https:\/\/truusk.store\/sv\/"},{"@type":"ListItem","position":2,"name":"Shop","item":"https:\/\/truusk.store\/shop\/"},{"@type":"ListItem","position":3,"name":"TRUUSK Modul\u00e4r Kubhylla f\u00f6r Skor &#8211; St\u00e5lkonstruktion &#8211; Svart &#8211; 35x35x35 cm &#8211; 9 Kuber &#8211; Perfekt f\u00f6r Organisering"}]},{"@type":"WebSite","@id":"https:\/\/truusk.store\/sv\/#website","url":"https:\/\/truusk.store\/sv\/","name":"TRUUSK - Hem, Tr\u00e4dg\u00e5rd & Fritid","description":"","publisher":{"@id":"https:\/\/truusk.store\/sv\/#organization"},"potentialAction":[{"@type":"SearchAction","target":{"@type":"EntryPoint","urlTemplate":"https:\/\/truusk.store\/sv\/?s={search_term_string}"},"query-input":{"@type":"PropertyValueSpecification","valueRequired":true,"valueName":"search_term_string"}}],"inLanguage":"sv-SE"},{"@type":"Organization","@id":"https:\/\/truusk.store\/sv\/#organization","name":"TRUUSK - Hem, Tr\u00e4dg\u00e5rd & Fritid","url":"https:\/\/truusk.store\/sv\/","logo":{"@type":"ImageObject","inLanguage":"sv-SE","@id":"https:\/\/truusk.store\/sv\/#\/schema\/logo\/image\/","url":"https:\/\/i0.wp.com\/truusk.store\/wp-content\/uploads\/2026\/03\/cropped-TRUUSK.png?fit=2032%2C917&ssl=1","contentUrl":"https:\/\/i0.wp.com\/truusk.store\/wp-content\/uploads\/2026\/03\/cropped-TRUUSK.png?fit=2032%2C917&ssl=1","width":2032,"height":917,"caption":"TRUUSK - Hem, Tr\u00e4dg\u00e5rd & Fritid"},"image":{"@id":"https:\/\/truusk.store\/sv\/#\/schema\/logo\/image\/"}}]}},"jetpack_sharing_enabled":true,"_links":{"self":[{"href":"https:\/\/truusk.store\/sv\/wp-json\/wp\/v2\/product\/38550","targetHints":{"allow":["GET"]}}],"collection":[{"href":"https:\/\/truusk.store\/sv\/wp-json\/wp\/v2\/product"}],"about":[{"href":"https:\/\/truusk.store\/sv\/wp-json\/wp\/v2\/types\/product"}],"wp:featuredmedia":[{"embeddable":true,"href":"https:\/\/truusk.store\/sv\/wp-json\/wp\/v2\/media\/38551"}],"wp:attachment":[{"href":"https:\/\/truusk.store\/sv\/wp-json\/wp\/v2\/media?parent=38550"}],"wp:term":[{"taxonomy":"product_brand","embeddable":true,"href":"https:\/\/truusk.store\/sv\/wp-json\/wp\/v2\/product_brand?post=38550"},{"taxonomy":"product_cat","embeddable":true,"href":"https:\/\/truusk.store\/sv\/wp-json\/wp\/v2\/product_cat?post=38550"},{"taxonomy":"product_tag","embeddable":true,"href":"https:\/\/truusk.store\/sv\/wp-json\/wp\/v2\/product_tag?post=38550"}],"curies":[{"name":"wp","href":"https:\/\/api.w.org\/{rel}","templated":true}]}}