{"id":38630,"date":"2024-02-14T01:28:06","date_gmt":"2024-02-14T00:28:06","guid":{"rendered":"https:\/\/truusk.store\/product\/tygskap-forvaringslosning-8-hyllor-2-kladstanger-beige\/"},"modified":"2026-03-12T09:14:29","modified_gmt":"2026-03-12T08:14:29","slug":"truusk-tygskap-forvaringslosning-med-8-hyllor-2-kladstanger-beige","status":"publish","type":"product","link":"https:\/\/truusk.store\/sv\/produkt\/truusk-tygskap-forvaringslosning-med-8-hyllor-2-kladstanger-beige\/","title":{"rendered":"TRUUSK Tygsk\u00e5p &#8211; F\u00f6rvaringsl\u00f6sning med 8 hyllor &#8211; 2 kl\u00e4dst\u00e4nger &#8211; Beige"},"content":{"rendered":"<p>Denna tyggarderob kommer att h\u00e5lla ditt hem snyggt. Tack vare sin m\u00e5ngsidiga design \u00e4r detta sk\u00e5p idealiskt f\u00f6r alla rum i ditt hem som beh\u00f6ver extra f\u00f6rvaringsutrymme. Den har 2 kl\u00e4dst\u00e4nger och 8 hyllor f\u00f6r att organisera och f\u00f6rvara dina kl\u00e4der, handdukar, s\u00e4ngkl\u00e4der eller v\u00e4skor. Fibertygs\u00f6verdraget \u00e4r perfekt f\u00f6r att skydda dina tillh\u00f6righeter fr\u00e5n damm &#8211; den idealiska organisationsl\u00f6sningen!<\/p>\n<h3>Beskrivning:<\/h3>\n<ul>\n<li>Tyggarderob perfekt f\u00f6r sovrum, skafferi, garage, tv\u00e4ttstuga och mycket mer<\/li>\n<li>Den har 2 kl\u00e4dst\u00e4nger och 8 hyllor<\/li>\n<li>Materialet i fleece-look \u00e4r idealiskt f\u00f6r att skydda dina kl\u00e4der och f\u00f6rem\u00e5l fr\u00e5n damm<\/li>\n<li>Dragkedja f\u00f6r enkel \u00f6ppning och st\u00e4ngning samt kardborreband f\u00f6r att rulla upp och s\u00e4kra d\u00f6rren<\/li>\n<li>St\u00e5lram med slitstarka plastkontakter, idealisk f\u00f6r l\u00e5ngvarig anv\u00e4ndning<\/li>\n<li>Det upph\u00f6jda golvet \u00e4r idealiskt f\u00f6r att skydda dina f\u00f6rem\u00e5l fr\u00e5n fukt<\/li>\n<li>Kr\u00e4ver snabb och enkel montering<\/li>\n<\/ul>\n<h3>Teknisk data:<\/h3>\n<ul>\n<li>F\u00e4rg beige<\/li>\n<li>Material: st\u00e5l, fiberduk, plast<\/li>\n<li>\u00d6vergripande m\u00e5tt: 125L x 43W x 162,5H cm<\/li>\n<li>M\u00e5tt p\u00e5 f\u00f6rvaringsytorna: 39,5L x 39,5W x 37,5H cm<\/li>\n<li>F\u00f6rvaringsutrymme v\u00e4nster\/h\u00f6ger: 39,5L x 39,5W x 116,5H cm<\/li>\n<li>L\u00e4ngd p\u00e5 h\u00e4ngst\u00e5ng: 39 cm<\/li>\n<li>St\u00e5ngens h\u00f6jd: 112 cm (i f\u00f6rh\u00e5llande till den nedre hyllan)<\/li>\n<li>D\u00f6rrm\u00e5tt: 31L x 148W cm<\/li>\n<li>Benh\u00f6jd: 5 cm<\/li>\n<li>Max belastning: 55 kg (totalt), 15 kg (h\u00e4ngande st\u00e5ng) och 5 kg (varje hylla)<\/li>\n<\/ul>\n<h3>Leveransens omfattning:<\/h3>\n<ul>\n<li>1 x Tygsk\u00e5p<\/li>\n<li>1 x bruksanvisning<\/li>\n<\/ul>\n","protected":false},"excerpt":{"rendered":"<p>Denna tyggarderob kommer att h\u00e5lla ditt hem snyggt. Tack vare sin m\u00e5ngsidiga design \u00e4r detta sk\u00e5p idealiskt f\u00f6r alla rum&#8230;<\/p>\n","protected":false},"featured_media":38631,"template":"","meta":[],"product_brand":[],"product_cat":[485,532,528],"product_tag":[],"class_list":{"0":"post-38630","1":"product","2":"type-product","3":"status-publish","4":"has-post-thumbnail","6":"product_cat-hus-bo","7":"product_cat-skap","8":"product_cat-skap-byraer","10":"first","11":"instock","12":"sale","13":"taxable","14":"shipping-taxable","15":"purchasable","16":"product-type-simple"},"yoast_head":"<!-- This site is optimized with the Yoast SEO plugin v25.4 - https:\/\/yoast.com\/wordpress\/plugins\/seo\/ -->\n<title>TRUUSK Tygsk\u00e5p - F\u00f6rvaringsl\u00f6sning med 8 hyllor - 2 kl\u00e4dst\u00e4nger - Beige - TRUUSK - Hem, Tr\u00e4dg\u00e5rd &amp; Fritid<\/title>\n<meta name=\"robots\" content=\"index, follow, max-snippet:-1, max-image-preview:large, max-video-preview:-1\" \/>\n<link rel=\"canonical\" href=\"https:\/\/truusk.store\/sv\/produkt\/truusk-tygskap-forvaringslosning-med-8-hyllor-2-kladstanger-beige\/\" \/>\n<meta property=\"og:locale\" content=\"sv_SE\" \/>\n<meta property=\"og:type\" content=\"article\" \/>\n<meta property=\"og:title\" content=\"TRUUSK Tygsk\u00e5p - F\u00f6rvaringsl\u00f6sning med 8 hyllor - 2 kl\u00e4dst\u00e4nger - Beige - TRUUSK - Hem, Tr\u00e4dg\u00e5rd &amp; Fritid\" \/>\n<meta property=\"og:description\" content=\"Denna tyggarderob kommer att h\u00e5lla ditt hem snyggt. Tack vare sin m\u00e5ngsidiga design \u00e4r detta sk\u00e5p idealiskt f\u00f6r alla rum...\" \/>\n<meta property=\"og:url\" content=\"https:\/\/truusk.store\/sv\/produkt\/truusk-tygskap-forvaringslosning-med-8-hyllor-2-kladstanger-beige\/\" \/>\n<meta property=\"og:site_name\" content=\"TRUUSK - Hem, Tr\u00e4dg\u00e5rd &amp; Fritid\" \/>\n<meta property=\"article:modified_time\" content=\"2026-03-12T08:14:29+00:00\" \/>\n<meta property=\"og:image\" content=\"https:\/\/i0.wp.com\/truusk.se\/wp-content\/uploads\/2024\/02\/tygskap-forvaringslosning-8-hyllor-2-kladstanger-beige.webp?fit=800%2C800&ssl=1\" \/>\n\t<meta property=\"og:image:width\" content=\"800\" \/>\n\t<meta property=\"og:image:height\" content=\"800\" \/>\n\t<meta property=\"og:image:type\" content=\"image\/webp\" \/>\n<meta name=\"twitter:card\" content=\"summary_large_image\" \/>\n<meta name=\"twitter:label1\" content=\"Ber\u00e4knad l\u00e4stid\" \/>\n\t<meta name=\"twitter:data1\" content=\"1 minut\" \/>\n<!-- \/ Yoast SEO plugin. -->","yoast_head_json":{"title":"TRUUSK Tygsk\u00e5p - F\u00f6rvaringsl\u00f6sning med 8 hyllor - 2 kl\u00e4dst\u00e4nger - Beige - TRUUSK - Hem, Tr\u00e4dg\u00e5rd &amp; Fritid","robots":{"index":"index","follow":"follow","max-snippet":"max-snippet:-1","max-image-preview":"max-image-preview:large","max-video-preview":"max-video-preview:-1"},"canonical":"https:\/\/truusk.store\/sv\/produkt\/truusk-tygskap-forvaringslosning-med-8-hyllor-2-kladstanger-beige\/","og_locale":"sv_SE","og_type":"article","og_title":"TRUUSK Tygsk\u00e5p - F\u00f6rvaringsl\u00f6sning med 8 hyllor - 2 kl\u00e4dst\u00e4nger - Beige - TRUUSK - Hem, Tr\u00e4dg\u00e5rd &amp; Fritid","og_description":"Denna tyggarderob kommer att h\u00e5lla ditt hem snyggt. Tack vare sin m\u00e5ngsidiga design \u00e4r detta sk\u00e5p idealiskt f\u00f6r alla rum...","og_url":"https:\/\/truusk.store\/sv\/produkt\/truusk-tygskap-forvaringslosning-med-8-hyllor-2-kladstanger-beige\/","og_site_name":"TRUUSK - Hem, Tr\u00e4dg\u00e5rd &amp; Fritid","article_modified_time":"2026-03-12T08:14:29+00:00","og_image":[{"width":800,"height":800,"url":"https:\/\/i0.wp.com\/truusk.se\/wp-content\/uploads\/2024\/02\/tygskap-forvaringslosning-8-hyllor-2-kladstanger-beige.webp?fit=800%2C800&ssl=1","type":"image\/webp"}],"twitter_card":"summary_large_image","twitter_misc":{"Ber\u00e4knad l\u00e4stid":"1 minut"},"schema":{"@context":"https:\/\/schema.org","@graph":[{"@type":"WebPage","@id":"https:\/\/truusk.store\/sv\/produkt\/truusk-tygskap-forvaringslosning-med-8-hyllor-2-kladstanger-beige\/","url":"https:\/\/truusk.store\/sv\/produkt\/truusk-tygskap-forvaringslosning-med-8-hyllor-2-kladstanger-beige\/","name":"TRUUSK Tygsk\u00e5p - F\u00f6rvaringsl\u00f6sning med 8 hyllor - 2 kl\u00e4dst\u00e4nger - Beige - TRUUSK - Hem, Tr\u00e4dg\u00e5rd &amp; Fritid","isPartOf":{"@id":"https:\/\/truusk.store\/sv\/#website"},"primaryImageOfPage":{"@id":"https:\/\/truusk.store\/sv\/produkt\/truusk-tygskap-forvaringslosning-med-8-hyllor-2-kladstanger-beige\/#primaryimage"},"image":{"@id":"https:\/\/truusk.store\/sv\/produkt\/truusk-tygskap-forvaringslosning-med-8-hyllor-2-kladstanger-beige\/#primaryimage"},"thumbnailUrl":"https:\/\/i0.wp.com\/truusk.store\/wp-content\/uploads\/2024\/02\/tygskap-forvaringslosning-8-hyllor-2-kladstanger-beige.webp?fit=800%2C800&ssl=1","datePublished":"2024-02-14T00:28:06+00:00","dateModified":"2026-03-12T08:14:29+00:00","breadcrumb":{"@id":"https:\/\/truusk.store\/sv\/produkt\/truusk-tygskap-forvaringslosning-med-8-hyllor-2-kladstanger-beige\/#breadcrumb"},"inLanguage":"sv-SE","potentialAction":[{"@type":"ReadAction","target":["https:\/\/truusk.store\/sv\/produkt\/truusk-tygskap-forvaringslosning-med-8-hyllor-2-kladstanger-beige\/"]}]},{"@type":"ImageObject","inLanguage":"sv-SE","@id":"https:\/\/truusk.store\/sv\/produkt\/truusk-tygskap-forvaringslosning-med-8-hyllor-2-kladstanger-beige\/#primaryimage","url":"https:\/\/i0.wp.com\/truusk.store\/wp-content\/uploads\/2024\/02\/tygskap-forvaringslosning-8-hyllor-2-kladstanger-beige.webp?fit=800%2C800&ssl=1","contentUrl":"https:\/\/i0.wp.com\/truusk.store\/wp-content\/uploads\/2024\/02\/tygskap-forvaringslosning-8-hyllor-2-kladstanger-beige.webp?fit=800%2C800&ssl=1","width":800,"height":800,"caption":"Tygsk\u00e5p, F\u00f6rvaringsl\u00f6sning, 8 Hyllor, 2 Kl\u00e4dst\u00e4nger, Beige 1"},{"@type":"BreadcrumbList","@id":"https:\/\/truusk.store\/sv\/produkt\/truusk-tygskap-forvaringslosning-med-8-hyllor-2-kladstanger-beige\/#breadcrumb","itemListElement":[{"@type":"ListItem","position":1,"name":"Home","item":"https:\/\/truusk.store\/sv\/"},{"@type":"ListItem","position":2,"name":"Shop","item":"https:\/\/truusk.store\/shop\/"},{"@type":"ListItem","position":3,"name":"TRUUSK Tygsk\u00e5p &#8211; F\u00f6rvaringsl\u00f6sning med 8 hyllor &#8211; 2 kl\u00e4dst\u00e4nger &#8211; Beige"}]},{"@type":"WebSite","@id":"https:\/\/truusk.store\/sv\/#website","url":"https:\/\/truusk.store\/sv\/","name":"TRUUSK - Hem, Tr\u00e4dg\u00e5rd & Fritid","description":"","publisher":{"@id":"https:\/\/truusk.store\/sv\/#organization"},"potentialAction":[{"@type":"SearchAction","target":{"@type":"EntryPoint","urlTemplate":"https:\/\/truusk.store\/sv\/?s={search_term_string}"},"query-input":{"@type":"PropertyValueSpecification","valueRequired":true,"valueName":"search_term_string"}}],"inLanguage":"sv-SE"},{"@type":"Organization","@id":"https:\/\/truusk.store\/sv\/#organization","name":"TRUUSK - Hem, Tr\u00e4dg\u00e5rd & Fritid","url":"https:\/\/truusk.store\/sv\/","logo":{"@type":"ImageObject","inLanguage":"sv-SE","@id":"https:\/\/truusk.store\/sv\/#\/schema\/logo\/image\/","url":"https:\/\/i0.wp.com\/truusk.store\/wp-content\/uploads\/2026\/03\/cropped-TRUUSK.png?fit=2032%2C917&ssl=1","contentUrl":"https:\/\/i0.wp.com\/truusk.store\/wp-content\/uploads\/2026\/03\/cropped-TRUUSK.png?fit=2032%2C917&ssl=1","width":2032,"height":917,"caption":"TRUUSK - Hem, Tr\u00e4dg\u00e5rd & Fritid"},"image":{"@id":"https:\/\/truusk.store\/sv\/#\/schema\/logo\/image\/"}}]}},"jetpack_sharing_enabled":true,"_links":{"self":[{"href":"https:\/\/truusk.store\/sv\/wp-json\/wp\/v2\/product\/38630","targetHints":{"allow":["GET"]}}],"collection":[{"href":"https:\/\/truusk.store\/sv\/wp-json\/wp\/v2\/product"}],"about":[{"href":"https:\/\/truusk.store\/sv\/wp-json\/wp\/v2\/types\/product"}],"wp:featuredmedia":[{"embeddable":true,"href":"https:\/\/truusk.store\/sv\/wp-json\/wp\/v2\/media\/38631"}],"wp:attachment":[{"href":"https:\/\/truusk.store\/sv\/wp-json\/wp\/v2\/media?parent=38630"}],"wp:term":[{"taxonomy":"product_brand","embeddable":true,"href":"https:\/\/truusk.store\/sv\/wp-json\/wp\/v2\/product_brand?post=38630"},{"taxonomy":"product_cat","embeddable":true,"href":"https:\/\/truusk.store\/sv\/wp-json\/wp\/v2\/product_cat?post=38630"},{"taxonomy":"product_tag","embeddable":true,"href":"https:\/\/truusk.store\/sv\/wp-json\/wp\/v2\/product_tag?post=38630"}],"curies":[{"name":"wp","href":"https:\/\/api.w.org\/{rel}","templated":true}]}}