{"id":38690,"date":"2024-02-14T01:30:00","date_gmt":"2024-02-14T00:30:00","guid":{"rendered":"https:\/\/truusk.store\/product\/2-i-1-pall-i-sammetslook-inklusive-forvaringsutrymme-och-avtagbart-lock-44-cm-x-475-cm-gratt-2\/"},"modified":"2026-03-12T09:14:30","modified_gmt":"2026-03-12T08:14:30","slug":"truusk-2-i-1-kattvagn-och-hundvagn-inklappbar-med-regnskydd-natventiler-kudde-forvaringskorg-for-hundar-och-katter-upp","status":"publish","type":"product","link":"https:\/\/truusk.store\/sv\/produkt\/truusk-2-i-1-kattvagn-och-hundvagn-inklappbar-med-regnskydd-natventiler-kudde-forvaringskorg-for-hundar-och-katter-upp\/","title":{"rendered":"TRUUSK 2-i-1 Kattvagn och Hundvagn &#8211; Inklappbar med Regnskydd &#8211; N\u00e4tventiler &#8211; Kudde &#8211; F\u00f6rvaringskorg &#8211; F\u00f6r Hundar och Katter upp"},"content":{"rendered":"<p>Kombinera komfort och m\u00e5ngsidighet med dessa eleganta f\u00f6rvaringsservetter. Ovandeln i sammetslook ger en touch av glamour till ditt hem. Pallen har ett avtagbart lock som kan anv\u00e4ndas som bricka. Insidan av pallen erbjuder dolt f\u00f6rvaringsutrymme. Denna runda ottoman \u00e4r det perfekta komplementet till ett underh\u00e5llningsrum, hemmakontor eller sovrum.<\/p>\n<h3>Beskrivning:<\/h3>\n<ul>\n<li>Med avtagbart lock som kan anv\u00e4ndas som bricka<\/li>\n<li>Med dolt f\u00f6rvaringsutrymme f\u00f6r b\u00f6cker, leksaker eller fj\u00e4rrkontroller<\/li>\n<li>Andningsbart sammetspolyestertyg s\u00e4kerst\u00e4ller exceptionell komfort och avkoppling<\/li>\n<li>P\u00e5satta halkfria fotk\u00e5por kan mycket v\u00e4l f\u00f6rhindra repor p\u00e5 golvet<\/li>\n<li>L\u00e4mplig f\u00f6r entr\u00e9n, f\u00f6nstersidan och vardagsrummet<\/li>\n<li>Ingen montering kr\u00e4vs<\/li>\n<\/ul>\n<h3>Teknisk data:<\/h3>\n<ul>\n<li>F\u00e4rg gr\u00e5<\/li>\n<li>Material: polyestertyg (100%), skum, gummitr\u00e4<\/li>\n<li>Totala m\u00e5tt: 44 x 47,5Hcm<\/li>\n<li>Innerm\u00e5tt: 30 x H39cm<\/li>\n<li>Viktkapacitet: 150 kg<\/li>\n<\/ul>\n<h3>Leveransens omfattning:<\/h3>\n<ul>\n<li>1 x F\u00f6rvaringsottoman<\/li>\n<li>1 x Instruktioner<\/li>\n<\/ul>\n","protected":false},"excerpt":{"rendered":"<p>Kombinera komfort och m\u00e5ngsidighet med dessa eleganta f\u00f6rvaringsservetter. Ovandeln i sammetslook ger en touch av glamour till ditt hem. Pallen&#8230;<\/p>\n","protected":false},"featured_media":38691,"template":"","meta":[],"product_brand":[],"product_cat":[485,537,540],"product_tag":[],"class_list":{"0":"post-38690","1":"product","2":"type-product","3":"status-publish","4":"has-post-thumbnail","6":"product_cat-hus-bo","7":"product_cat-sittplatser-bankar","8":"product_cat-stoppade-bankar","10":"first","11":"instock","12":"sale","13":"taxable","14":"shipping-taxable","15":"purchasable","16":"product-type-simple"},"yoast_head":"<!-- This site is optimized with the Yoast SEO plugin v25.4 - https:\/\/yoast.com\/wordpress\/plugins\/seo\/ -->\n<title>TRUUSK 2-i-1 Kattvagn och Hundvagn - Inklappbar med Regnskydd - N\u00e4tventiler - Kudde - F\u00f6rvaringskorg - F\u00f6r Hundar och Katter upp - TRUUSK - Hem, Tr\u00e4dg\u00e5rd &amp; Fritid<\/title>\n<meta name=\"robots\" content=\"index, follow, max-snippet:-1, max-image-preview:large, max-video-preview:-1\" \/>\n<link rel=\"canonical\" href=\"https:\/\/truusk.store\/sv\/produkt\/truusk-2-i-1-kattvagn-och-hundvagn-inklappbar-med-regnskydd-natventiler-kudde-forvaringskorg-for-hundar-och-katter-upp\/\" \/>\n<meta property=\"og:locale\" content=\"sv_SE\" \/>\n<meta property=\"og:type\" content=\"article\" \/>\n<meta property=\"og:title\" content=\"TRUUSK 2-i-1 Kattvagn och Hundvagn - Inklappbar med Regnskydd - N\u00e4tventiler - Kudde - F\u00f6rvaringskorg - F\u00f6r Hundar och Katter upp - TRUUSK - Hem, Tr\u00e4dg\u00e5rd &amp; Fritid\" \/>\n<meta property=\"og:description\" content=\"Kombinera komfort och m\u00e5ngsidighet med dessa eleganta f\u00f6rvaringsservetter. Ovandeln i sammetslook ger en touch av glamour till ditt hem. Pallen...\" \/>\n<meta property=\"og:url\" content=\"https:\/\/truusk.store\/sv\/produkt\/truusk-2-i-1-kattvagn-och-hundvagn-inklappbar-med-regnskydd-natventiler-kudde-forvaringskorg-for-hundar-och-katter-upp\/\" \/>\n<meta property=\"og:site_name\" content=\"TRUUSK - Hem, Tr\u00e4dg\u00e5rd &amp; Fritid\" \/>\n<meta property=\"article:modified_time\" content=\"2026-03-12T08:14:30+00:00\" \/>\n<meta property=\"og:image\" content=\"https:\/\/i0.wp.com\/truusk.se\/wp-content\/uploads\/2024\/02\/2-i-1-pall-i-sammetslook-inklusive-forvaringsutrymme-och-avtagbart-lock-44-cm-x-475-cm-gratt-10.webp?fit=800%2C800&ssl=1\" \/>\n\t<meta property=\"og:image:width\" content=\"800\" \/>\n\t<meta property=\"og:image:height\" content=\"800\" \/>\n\t<meta property=\"og:image:type\" content=\"image\/webp\" \/>\n<meta name=\"twitter:card\" content=\"summary_large_image\" \/>\n<meta name=\"twitter:label1\" content=\"Ber\u00e4knad l\u00e4stid\" \/>\n\t<meta name=\"twitter:data1\" content=\"1 minut\" \/>\n<!-- \/ Yoast SEO plugin. -->","yoast_head_json":{"title":"TRUUSK 2-i-1 Kattvagn och Hundvagn - Inklappbar med Regnskydd - N\u00e4tventiler - Kudde - F\u00f6rvaringskorg - F\u00f6r Hundar och Katter upp - TRUUSK - Hem, Tr\u00e4dg\u00e5rd &amp; Fritid","robots":{"index":"index","follow":"follow","max-snippet":"max-snippet:-1","max-image-preview":"max-image-preview:large","max-video-preview":"max-video-preview:-1"},"canonical":"https:\/\/truusk.store\/sv\/produkt\/truusk-2-i-1-kattvagn-och-hundvagn-inklappbar-med-regnskydd-natventiler-kudde-forvaringskorg-for-hundar-och-katter-upp\/","og_locale":"sv_SE","og_type":"article","og_title":"TRUUSK 2-i-1 Kattvagn och Hundvagn - Inklappbar med Regnskydd - N\u00e4tventiler - Kudde - F\u00f6rvaringskorg - F\u00f6r Hundar och Katter upp - TRUUSK - Hem, Tr\u00e4dg\u00e5rd &amp; Fritid","og_description":"Kombinera komfort och m\u00e5ngsidighet med dessa eleganta f\u00f6rvaringsservetter. Ovandeln i sammetslook ger en touch av glamour till ditt hem. Pallen...","og_url":"https:\/\/truusk.store\/sv\/produkt\/truusk-2-i-1-kattvagn-och-hundvagn-inklappbar-med-regnskydd-natventiler-kudde-forvaringskorg-for-hundar-och-katter-upp\/","og_site_name":"TRUUSK - Hem, Tr\u00e4dg\u00e5rd &amp; Fritid","article_modified_time":"2026-03-12T08:14:30+00:00","og_image":[{"width":800,"height":800,"url":"https:\/\/i0.wp.com\/truusk.se\/wp-content\/uploads\/2024\/02\/2-i-1-pall-i-sammetslook-inklusive-forvaringsutrymme-och-avtagbart-lock-44-cm-x-475-cm-gratt-10.webp?fit=800%2C800&ssl=1","type":"image\/webp"}],"twitter_card":"summary_large_image","twitter_misc":{"Ber\u00e4knad l\u00e4stid":"1 minut"},"schema":{"@context":"https:\/\/schema.org","@graph":[{"@type":"WebPage","@id":"https:\/\/truusk.store\/sv\/produkt\/truusk-2-i-1-kattvagn-och-hundvagn-inklappbar-med-regnskydd-natventiler-kudde-forvaringskorg-for-hundar-och-katter-upp\/","url":"https:\/\/truusk.store\/sv\/produkt\/truusk-2-i-1-kattvagn-och-hundvagn-inklappbar-med-regnskydd-natventiler-kudde-forvaringskorg-for-hundar-och-katter-upp\/","name":"TRUUSK 2-i-1 Kattvagn och Hundvagn - Inklappbar med Regnskydd - N\u00e4tventiler - Kudde - F\u00f6rvaringskorg - F\u00f6r Hundar och Katter upp - TRUUSK - Hem, Tr\u00e4dg\u00e5rd &amp; Fritid","isPartOf":{"@id":"https:\/\/truusk.store\/sv\/#website"},"primaryImageOfPage":{"@id":"https:\/\/truusk.store\/sv\/produkt\/truusk-2-i-1-kattvagn-och-hundvagn-inklappbar-med-regnskydd-natventiler-kudde-forvaringskorg-for-hundar-och-katter-upp\/#primaryimage"},"image":{"@id":"https:\/\/truusk.store\/sv\/produkt\/truusk-2-i-1-kattvagn-och-hundvagn-inklappbar-med-regnskydd-natventiler-kudde-forvaringskorg-for-hundar-och-katter-upp\/#primaryimage"},"thumbnailUrl":"https:\/\/i0.wp.com\/truusk.store\/wp-content\/uploads\/2024\/02\/2-i-1-pall-i-sammetslook-inklusive-forvaringsutrymme-och-avtagbart-lock-44-cm-x-475-cm-gratt-10.webp?fit=800%2C800&ssl=1","datePublished":"2024-02-14T00:30:00+00:00","dateModified":"2026-03-12T08:14:30+00:00","breadcrumb":{"@id":"https:\/\/truusk.store\/sv\/produkt\/truusk-2-i-1-kattvagn-och-hundvagn-inklappbar-med-regnskydd-natventiler-kudde-forvaringskorg-for-hundar-och-katter-upp\/#breadcrumb"},"inLanguage":"sv-SE","potentialAction":[{"@type":"ReadAction","target":["https:\/\/truusk.store\/sv\/produkt\/truusk-2-i-1-kattvagn-och-hundvagn-inklappbar-med-regnskydd-natventiler-kudde-forvaringskorg-for-hundar-och-katter-upp\/"]}]},{"@type":"ImageObject","inLanguage":"sv-SE","@id":"https:\/\/truusk.store\/sv\/produkt\/truusk-2-i-1-kattvagn-och-hundvagn-inklappbar-med-regnskydd-natventiler-kudde-forvaringskorg-for-hundar-och-katter-upp\/#primaryimage","url":"https:\/\/i0.wp.com\/truusk.store\/wp-content\/uploads\/2024\/02\/2-i-1-pall-i-sammetslook-inklusive-forvaringsutrymme-och-avtagbart-lock-44-cm-x-475-cm-gratt-10.webp?fit=800%2C800&ssl=1","contentUrl":"https:\/\/i0.wp.com\/truusk.store\/wp-content\/uploads\/2024\/02\/2-i-1-pall-i-sammetslook-inklusive-forvaringsutrymme-och-avtagbart-lock-44-cm-x-475-cm-gratt-10.webp?fit=800%2C800&ssl=1","width":800,"height":800,"caption":"2-i-1 Pall I Sammetslook Inklusive F\u00f6rvaringsutrymme Och Avtagbart Lock 44 Cm X 47,5 Cm Gr\u00e5tt 1"},{"@type":"BreadcrumbList","@id":"https:\/\/truusk.store\/sv\/produkt\/truusk-2-i-1-kattvagn-och-hundvagn-inklappbar-med-regnskydd-natventiler-kudde-forvaringskorg-for-hundar-och-katter-upp\/#breadcrumb","itemListElement":[{"@type":"ListItem","position":1,"name":"Home","item":"https:\/\/truusk.store\/sv\/"},{"@type":"ListItem","position":2,"name":"Shop","item":"https:\/\/truusk.store\/shop\/"},{"@type":"ListItem","position":3,"name":"TRUUSK 2-i-1 Kattvagn och Hundvagn &#8211; Inklappbar med Regnskydd &#8211; N\u00e4tventiler &#8211; Kudde &#8211; F\u00f6rvaringskorg &#8211; F\u00f6r Hundar och Katter upp"}]},{"@type":"WebSite","@id":"https:\/\/truusk.store\/sv\/#website","url":"https:\/\/truusk.store\/sv\/","name":"TRUUSK - Hem, Tr\u00e4dg\u00e5rd & Fritid","description":"","publisher":{"@id":"https:\/\/truusk.store\/sv\/#organization"},"potentialAction":[{"@type":"SearchAction","target":{"@type":"EntryPoint","urlTemplate":"https:\/\/truusk.store\/sv\/?s={search_term_string}"},"query-input":{"@type":"PropertyValueSpecification","valueRequired":true,"valueName":"search_term_string"}}],"inLanguage":"sv-SE"},{"@type":"Organization","@id":"https:\/\/truusk.store\/sv\/#organization","name":"TRUUSK - Hem, Tr\u00e4dg\u00e5rd & Fritid","url":"https:\/\/truusk.store\/sv\/","logo":{"@type":"ImageObject","inLanguage":"sv-SE","@id":"https:\/\/truusk.store\/sv\/#\/schema\/logo\/image\/","url":"https:\/\/i0.wp.com\/truusk.store\/wp-content\/uploads\/2026\/03\/cropped-TRUUSK.png?fit=2032%2C917&ssl=1","contentUrl":"https:\/\/i0.wp.com\/truusk.store\/wp-content\/uploads\/2026\/03\/cropped-TRUUSK.png?fit=2032%2C917&ssl=1","width":2032,"height":917,"caption":"TRUUSK - Hem, Tr\u00e4dg\u00e5rd & Fritid"},"image":{"@id":"https:\/\/truusk.store\/sv\/#\/schema\/logo\/image\/"}}]}},"jetpack_sharing_enabled":true,"_links":{"self":[{"href":"https:\/\/truusk.store\/sv\/wp-json\/wp\/v2\/product\/38690","targetHints":{"allow":["GET"]}}],"collection":[{"href":"https:\/\/truusk.store\/sv\/wp-json\/wp\/v2\/product"}],"about":[{"href":"https:\/\/truusk.store\/sv\/wp-json\/wp\/v2\/types\/product"}],"wp:featuredmedia":[{"embeddable":true,"href":"https:\/\/truusk.store\/sv\/wp-json\/wp\/v2\/media\/38691"}],"wp:attachment":[{"href":"https:\/\/truusk.store\/sv\/wp-json\/wp\/v2\/media?parent=38690"}],"wp:term":[{"taxonomy":"product_brand","embeddable":true,"href":"https:\/\/truusk.store\/sv\/wp-json\/wp\/v2\/product_brand?post=38690"},{"taxonomy":"product_cat","embeddable":true,"href":"https:\/\/truusk.store\/sv\/wp-json\/wp\/v2\/product_cat?post=38690"},{"taxonomy":"product_tag","embeddable":true,"href":"https:\/\/truusk.store\/sv\/wp-json\/wp\/v2\/product_tag?post=38690"}],"curies":[{"name":"wp","href":"https:\/\/api.w.org\/{rel}","templated":true}]}}