{"id":38734,"date":"2024-02-14T01:31:34","date_gmt":"2024-02-14T00:31:34","guid":{"rendered":"https:\/\/truusk.store\/product\/bambu-vinstall-for-16-vinflaskor-4-hyllor-43-cm-x-235-cm-x-38-cm-naturligt\/"},"modified":"2026-03-12T09:14:30","modified_gmt":"2026-03-12T08:14:30","slug":"truusk-vinhylla-for-16-flaskor-4-hyllor-43x235x38-cm-naturligt-bamboo","status":"publish","type":"product","link":"https:\/\/truusk.store\/sv\/produkt\/truusk-vinhylla-for-16-flaskor-4-hyllor-43x235x38-cm-naturligt-bamboo\/","title":{"rendered":"TRUUSK Vinhylla f\u00f6r 16 Flaskor &#8211; 4 Hyllor &#8211; 43&#215;23,5&#215;38 cm &#8211; Naturligt Bamboo"},"content":{"rendered":"<p>Spara utrymme och h\u00e5ll dig organiserad med detta vinst\u00e4ll i bambu. Tack vare sin kompakta design med 4 hyllor sparar den mycket utrymme och kan lagra upp till 16 flaskor vin. Det frist\u00e5ende flaskst\u00e4llet av h\u00e5llbart bambu ger ett naturligt och stilrent utseende och \u00e4r l\u00e4mplig f\u00f6r dagligt bruk. Denna vinh\u00e5llare \u00e4r ett m\u00e5ste f\u00f6r alla som vill starta sin f\u00f6rsta vinsamling eller f\u00f6r erfarna samlare.<\/p>\n<h3>Beskrivning:<\/h3>\n<ul>\n<li>Frist\u00e5ende vinst\u00e4ll med 4 hyllor f\u00f6r 16 vinflaskor<\/li>\n<li>Tack vare sin naturliga stil passar vinst\u00e4llet perfekt in i en modern eller traditionell milj\u00f6<\/li>\n<li>Tillverkad av bambu f\u00f6r solid konstruktion<\/li>\n<li>Den m\u00e5lade ytan \u00e4r vattent\u00e4t och rept\u00e5lig, p\u00e5litlig f\u00f6r dagligt bruk<\/li>\n<li>Montering kr\u00e4vs<\/li>\n<\/ul>\n<h3>Teknisk data:<\/h3>\n<ul>\n<li>F\u00e4rg: naturligt tr\u00e4<\/li>\n<li>Material: Bambu<\/li>\n<li>\u00d6vergripande m\u00e5tt: 43L x 23,5W x 38H cm<\/li>\n<li>Lagerh\u00f6jd: 9 cm<\/li>\n<li>Fack f\u00f6r flaska: 8 cm<\/li>\n<li>Viktkapacitet: 75 kg<\/li>\n<\/ul>\n<h3>Leveransens omfattning:<\/h3>\n<ul>\n<li>1 x vinst\u00e4ll<\/li>\n<li>1 x manuell<\/li>\n<\/ul>\n","protected":false},"excerpt":{"rendered":"<p>Spara utrymme och h\u00e5ll dig organiserad med detta vinst\u00e4ll i bambu. Tack vare sin kompakta design med 4 hyllor sparar&#8230;<\/p>\n","protected":false},"featured_media":38735,"template":"","meta":[],"product_brand":[],"product_cat":[485,547,548],"product_tag":[],"class_list":{"0":"post-38734","1":"product","2":"type-product","3":"status-publish","4":"has-post-thumbnail","6":"product_cat-hus-bo","7":"product_cat-hyllor","8":"product_cat-vinstall","10":"first","11":"instock","12":"sale","13":"taxable","14":"shipping-taxable","15":"purchasable","16":"product-type-simple"},"yoast_head":"<!-- This site is optimized with the Yoast SEO plugin v25.4 - https:\/\/yoast.com\/wordpress\/plugins\/seo\/ -->\n<title>TRUUSK Vinhylla f\u00f6r 16 Flaskor - 4 Hyllor - 43x23,5x38 cm - Naturligt Bamboo - TRUUSK - Hem, Tr\u00e4dg\u00e5rd &amp; Fritid<\/title>\n<meta name=\"robots\" content=\"index, follow, max-snippet:-1, max-image-preview:large, max-video-preview:-1\" \/>\n<link rel=\"canonical\" href=\"https:\/\/truusk.store\/sv\/produkt\/truusk-vinhylla-for-16-flaskor-4-hyllor-43x235x38-cm-naturligt-bamboo\/\" \/>\n<meta property=\"og:locale\" content=\"sv_SE\" \/>\n<meta property=\"og:type\" content=\"article\" \/>\n<meta property=\"og:title\" content=\"TRUUSK Vinhylla f\u00f6r 16 Flaskor - 4 Hyllor - 43x23,5x38 cm - Naturligt Bamboo - TRUUSK - Hem, Tr\u00e4dg\u00e5rd &amp; Fritid\" \/>\n<meta property=\"og:description\" content=\"Spara utrymme och h\u00e5ll dig organiserad med detta vinst\u00e4ll i bambu. Tack vare sin kompakta design med 4 hyllor sparar...\" \/>\n<meta property=\"og:url\" content=\"https:\/\/truusk.store\/sv\/produkt\/truusk-vinhylla-for-16-flaskor-4-hyllor-43x235x38-cm-naturligt-bamboo\/\" \/>\n<meta property=\"og:site_name\" content=\"TRUUSK - Hem, Tr\u00e4dg\u00e5rd &amp; Fritid\" \/>\n<meta property=\"article:modified_time\" content=\"2026-03-12T08:14:30+00:00\" \/>\n<meta property=\"og:image\" content=\"https:\/\/i0.wp.com\/truusk.se\/wp-content\/uploads\/2024\/02\/bambu-vinstall-for-16-vinflaskor-4-hyllor-43-cm-x-235-cm-x-38-cm-naturligt.webp?fit=800%2C800&ssl=1\" \/>\n\t<meta property=\"og:image:width\" content=\"800\" \/>\n\t<meta property=\"og:image:height\" content=\"800\" \/>\n\t<meta property=\"og:image:type\" content=\"image\/webp\" \/>\n<meta name=\"twitter:card\" content=\"summary_large_image\" \/>\n<meta name=\"twitter:label1\" content=\"Ber\u00e4knad l\u00e4stid\" \/>\n\t<meta name=\"twitter:data1\" content=\"1 minut\" \/>\n<!-- \/ Yoast SEO plugin. -->","yoast_head_json":{"title":"TRUUSK Vinhylla f\u00f6r 16 Flaskor - 4 Hyllor - 43x23,5x38 cm - Naturligt Bamboo - TRUUSK - Hem, Tr\u00e4dg\u00e5rd &amp; Fritid","robots":{"index":"index","follow":"follow","max-snippet":"max-snippet:-1","max-image-preview":"max-image-preview:large","max-video-preview":"max-video-preview:-1"},"canonical":"https:\/\/truusk.store\/sv\/produkt\/truusk-vinhylla-for-16-flaskor-4-hyllor-43x235x38-cm-naturligt-bamboo\/","og_locale":"sv_SE","og_type":"article","og_title":"TRUUSK Vinhylla f\u00f6r 16 Flaskor - 4 Hyllor - 43x23,5x38 cm - Naturligt Bamboo - TRUUSK - Hem, Tr\u00e4dg\u00e5rd &amp; Fritid","og_description":"Spara utrymme och h\u00e5ll dig organiserad med detta vinst\u00e4ll i bambu. Tack vare sin kompakta design med 4 hyllor sparar...","og_url":"https:\/\/truusk.store\/sv\/produkt\/truusk-vinhylla-for-16-flaskor-4-hyllor-43x235x38-cm-naturligt-bamboo\/","og_site_name":"TRUUSK - Hem, Tr\u00e4dg\u00e5rd &amp; Fritid","article_modified_time":"2026-03-12T08:14:30+00:00","og_image":[{"width":800,"height":800,"url":"https:\/\/i0.wp.com\/truusk.se\/wp-content\/uploads\/2024\/02\/bambu-vinstall-for-16-vinflaskor-4-hyllor-43-cm-x-235-cm-x-38-cm-naturligt.webp?fit=800%2C800&ssl=1","type":"image\/webp"}],"twitter_card":"summary_large_image","twitter_misc":{"Ber\u00e4knad l\u00e4stid":"1 minut"},"schema":{"@context":"https:\/\/schema.org","@graph":[{"@type":"WebPage","@id":"https:\/\/truusk.store\/sv\/produkt\/truusk-vinhylla-for-16-flaskor-4-hyllor-43x235x38-cm-naturligt-bamboo\/","url":"https:\/\/truusk.store\/sv\/produkt\/truusk-vinhylla-for-16-flaskor-4-hyllor-43x235x38-cm-naturligt-bamboo\/","name":"TRUUSK Vinhylla f\u00f6r 16 Flaskor - 4 Hyllor - 43x23,5x38 cm - Naturligt Bamboo - TRUUSK - Hem, Tr\u00e4dg\u00e5rd &amp; Fritid","isPartOf":{"@id":"https:\/\/truusk.store\/sv\/#website"},"primaryImageOfPage":{"@id":"https:\/\/truusk.store\/sv\/produkt\/truusk-vinhylla-for-16-flaskor-4-hyllor-43x235x38-cm-naturligt-bamboo\/#primaryimage"},"image":{"@id":"https:\/\/truusk.store\/sv\/produkt\/truusk-vinhylla-for-16-flaskor-4-hyllor-43x235x38-cm-naturligt-bamboo\/#primaryimage"},"thumbnailUrl":"https:\/\/i0.wp.com\/truusk.store\/wp-content\/uploads\/2024\/02\/bambu-vinstall-for-16-vinflaskor-4-hyllor-43-cm-x-235-cm-x-38-cm-naturligt.webp?fit=800%2C800&ssl=1","datePublished":"2024-02-14T00:31:34+00:00","dateModified":"2026-03-12T08:14:30+00:00","breadcrumb":{"@id":"https:\/\/truusk.store\/sv\/produkt\/truusk-vinhylla-for-16-flaskor-4-hyllor-43x235x38-cm-naturligt-bamboo\/#breadcrumb"},"inLanguage":"sv-SE","potentialAction":[{"@type":"ReadAction","target":["https:\/\/truusk.store\/sv\/produkt\/truusk-vinhylla-for-16-flaskor-4-hyllor-43x235x38-cm-naturligt-bamboo\/"]}]},{"@type":"ImageObject","inLanguage":"sv-SE","@id":"https:\/\/truusk.store\/sv\/produkt\/truusk-vinhylla-for-16-flaskor-4-hyllor-43x235x38-cm-naturligt-bamboo\/#primaryimage","url":"https:\/\/i0.wp.com\/truusk.store\/wp-content\/uploads\/2024\/02\/bambu-vinstall-for-16-vinflaskor-4-hyllor-43-cm-x-235-cm-x-38-cm-naturligt.webp?fit=800%2C800&ssl=1","contentUrl":"https:\/\/i0.wp.com\/truusk.store\/wp-content\/uploads\/2024\/02\/bambu-vinstall-for-16-vinflaskor-4-hyllor-43-cm-x-235-cm-x-38-cm-naturligt.webp?fit=800%2C800&ssl=1","width":800,"height":800,"caption":"Bambu Vinst\u00e4ll F\u00f6r 16 Vinflaskor, 4 Hyllor, 43 Cm X 23,5 Cm X 38 Cm Naturligt 1"},{"@type":"BreadcrumbList","@id":"https:\/\/truusk.store\/sv\/produkt\/truusk-vinhylla-for-16-flaskor-4-hyllor-43x235x38-cm-naturligt-bamboo\/#breadcrumb","itemListElement":[{"@type":"ListItem","position":1,"name":"Home","item":"https:\/\/truusk.store\/sv\/"},{"@type":"ListItem","position":2,"name":"Shop","item":"https:\/\/truusk.store\/shop\/"},{"@type":"ListItem","position":3,"name":"TRUUSK Vinhylla f\u00f6r 16 Flaskor &#8211; 4 Hyllor &#8211; 43&#215;23,5&#215;38 cm &#8211; Naturligt Bamboo"}]},{"@type":"WebSite","@id":"https:\/\/truusk.store\/sv\/#website","url":"https:\/\/truusk.store\/sv\/","name":"TRUUSK - Hem, Tr\u00e4dg\u00e5rd & Fritid","description":"","publisher":{"@id":"https:\/\/truusk.store\/sv\/#organization"},"potentialAction":[{"@type":"SearchAction","target":{"@type":"EntryPoint","urlTemplate":"https:\/\/truusk.store\/sv\/?s={search_term_string}"},"query-input":{"@type":"PropertyValueSpecification","valueRequired":true,"valueName":"search_term_string"}}],"inLanguage":"sv-SE"},{"@type":"Organization","@id":"https:\/\/truusk.store\/sv\/#organization","name":"TRUUSK - Hem, Tr\u00e4dg\u00e5rd & Fritid","url":"https:\/\/truusk.store\/sv\/","logo":{"@type":"ImageObject","inLanguage":"sv-SE","@id":"https:\/\/truusk.store\/sv\/#\/schema\/logo\/image\/","url":"https:\/\/i0.wp.com\/truusk.store\/wp-content\/uploads\/2026\/03\/cropped-TRUUSK.png?fit=2032%2C917&ssl=1","contentUrl":"https:\/\/i0.wp.com\/truusk.store\/wp-content\/uploads\/2026\/03\/cropped-TRUUSK.png?fit=2032%2C917&ssl=1","width":2032,"height":917,"caption":"TRUUSK - Hem, Tr\u00e4dg\u00e5rd & Fritid"},"image":{"@id":"https:\/\/truusk.store\/sv\/#\/schema\/logo\/image\/"}}]}},"jetpack_sharing_enabled":true,"_links":{"self":[{"href":"https:\/\/truusk.store\/sv\/wp-json\/wp\/v2\/product\/38734","targetHints":{"allow":["GET"]}}],"collection":[{"href":"https:\/\/truusk.store\/sv\/wp-json\/wp\/v2\/product"}],"about":[{"href":"https:\/\/truusk.store\/sv\/wp-json\/wp\/v2\/types\/product"}],"wp:featuredmedia":[{"embeddable":true,"href":"https:\/\/truusk.store\/sv\/wp-json\/wp\/v2\/media\/38735"}],"wp:attachment":[{"href":"https:\/\/truusk.store\/sv\/wp-json\/wp\/v2\/media?parent=38734"}],"wp:term":[{"taxonomy":"product_brand","embeddable":true,"href":"https:\/\/truusk.store\/sv\/wp-json\/wp\/v2\/product_brand?post=38734"},{"taxonomy":"product_cat","embeddable":true,"href":"https:\/\/truusk.store\/sv\/wp-json\/wp\/v2\/product_cat?post=38734"},{"taxonomy":"product_tag","embeddable":true,"href":"https:\/\/truusk.store\/sv\/wp-json\/wp\/v2\/product_tag?post=38734"}],"curies":[{"name":"wp","href":"https:\/\/api.w.org\/{rel}","templated":true}]}}