{"id":38743,"date":"2024-02-14T01:31:53","date_gmt":"2024-02-14T00:31:53","guid":{"rendered":"https:\/\/truusk.store\/product\/fallbord-matbord-tva-fallbara-sidor-tva-hyllor-justerbara-fotter-bambu-1495-x-80-x-735-cm\/"},"modified":"2026-03-12T09:14:30","modified_gmt":"2026-03-12T08:14:30","slug":"truusk-fallbord-med-tva-fallbara-sidor-justerbara-fotter-bambu-1495-x-80-x-735-cm","status":"publish","type":"product","link":"https:\/\/truusk.store\/sv\/produkt\/truusk-fallbord-med-tva-fallbara-sidor-justerbara-fotter-bambu-1495-x-80-x-735-cm\/","title":{"rendered":"TRUUSK F\u00e4llbord med Tv\u00e5 F\u00e4llbara Sidor &#8211; Justerbara F\u00f6tter &#8211; Bambu &#8211; 149,5 x 80 x 73,5 cm"},"content":{"rendered":"<p>Med detta smarta utrymmesbesparande mirakel av ett bord kan du \u00e4ta som kungar i de tr\u00e5ngaste utrymmen! Detta praktiska hopf\u00e4llbara bord har tv\u00e5 hopf\u00e4llbara bordssidor, s\u00e5 det kan snabbt f\u00f6rvandlas till ett stort matbord f\u00f6r upp till sex personer eller till ett smalt, bekv\u00e4mt sidobord. Tv\u00e5 kantade f\u00f6rvaringsytor under bordsskivan hj\u00e4lper till att bekv\u00e4mt f\u00f6rvara glas och fat, medan tv\u00e5 justerbara f\u00f6tter s\u00e4kerst\u00e4ller ett s\u00e4kert stativ.<\/p>\n<h3>Beskrivning:<\/h3>\n<ul>\n<li>Den naturliga och varma looken passar de flesta matsalar, vardagsrum och \u00e4ven k\u00f6ket<\/li>\n<li>Tv\u00e5 sidobordsskivor kan f\u00e4llas ut och fixeras s\u00e4kert. Kan f\u00e4llas ihop till en liten, kompakt enhet n\u00e4r den inte anv\u00e4nds<\/li>\n<li>Tv\u00e5 hyllor med h\u00f6ga kanter f\u00f6r bekv\u00e4m f\u00f6rvaring<\/li>\n<li>Mycket stabil konstruktion av bambu<\/li>\n<li>Tv\u00e5 justerbara f\u00f6tter s\u00e4kerst\u00e4ller ett s\u00e4kert stativ<\/li>\n<li>Rundade bordsh\u00f6rn, s\u00e4rskilt s\u00e4kra f\u00f6r barn<\/li>\n<li>Montering kr\u00e4vs<\/li>\n<\/ul>\n<h3>Teknisk data:<\/h3>\n<ul>\n<li>F\u00e4rg: naturligt tr\u00e4<\/li>\n<li>Material: Bambu<\/li>\n<li>M\u00e5tt helt utf\u00e4llt: 149,5L x 80W x 73,5H cm<\/li>\n<li>M\u00e5tt halvvikt: 91,5L x 80W x 73,5H cm<\/li>\n<li>M\u00e5tt i helt vikt: 33,5L x 80W x 73,5H cm<\/li>\n<li>M\u00e5tt p\u00e5 varje f\u00f6rvaringshylla: 72,5L x 21W x 36\/26H cm<\/li>\n<li>Lastkapacitet: 150 kg (totalt), 30 kg (per hylla)<\/li>\n<\/ul>\n<h3>Leveransens omfattning:<\/h3>\n<ul>\n<li>1 x f\u00e4llbord<\/li>\n<li>1 x manuell<\/li>\n<\/ul>\n","protected":false},"excerpt":{"rendered":"<p>Med detta smarta utrymmesbesparande mirakel av ett bord kan du \u00e4ta som kungar i de tr\u00e5ngaste utrymmen! Detta praktiska hopf\u00e4llbara&#8230;<\/p>\n","protected":false},"featured_media":38744,"template":"","meta":[],"product_brand":[],"product_cat":[485,509,501],"product_tag":[],"class_list":{"0":"post-38743","1":"product","2":"type-product","3":"status-publish","4":"has-post-thumbnail","6":"product_cat-hus-bo","7":"product_cat-matbord","8":"product_cat-tabeller","10":"first","11":"instock","12":"sale","13":"taxable","14":"shipping-taxable","15":"purchasable","16":"product-type-simple"},"yoast_head":"<!-- This site is optimized with the Yoast SEO plugin v25.4 - https:\/\/yoast.com\/wordpress\/plugins\/seo\/ -->\n<title>TRUUSK F\u00e4llbord med Tv\u00e5 F\u00e4llbara Sidor - Justerbara F\u00f6tter - Bambu - 149,5 x 80 x 73,5 cm - TRUUSK - Hem, Tr\u00e4dg\u00e5rd &amp; Fritid<\/title>\n<meta name=\"robots\" content=\"index, follow, max-snippet:-1, max-image-preview:large, max-video-preview:-1\" \/>\n<link rel=\"canonical\" href=\"https:\/\/truusk.store\/sv\/produkt\/truusk-fallbord-med-tva-fallbara-sidor-justerbara-fotter-bambu-1495-x-80-x-735-cm\/\" \/>\n<meta property=\"og:locale\" content=\"sv_SE\" \/>\n<meta property=\"og:type\" content=\"article\" \/>\n<meta property=\"og:title\" content=\"TRUUSK F\u00e4llbord med Tv\u00e5 F\u00e4llbara Sidor - Justerbara F\u00f6tter - Bambu - 149,5 x 80 x 73,5 cm - TRUUSK - Hem, Tr\u00e4dg\u00e5rd &amp; Fritid\" \/>\n<meta property=\"og:description\" content=\"Med detta smarta utrymmesbesparande mirakel av ett bord kan du \u00e4ta som kungar i de tr\u00e5ngaste utrymmen! Detta praktiska hopf\u00e4llbara...\" \/>\n<meta property=\"og:url\" content=\"https:\/\/truusk.store\/sv\/produkt\/truusk-fallbord-med-tva-fallbara-sidor-justerbara-fotter-bambu-1495-x-80-x-735-cm\/\" \/>\n<meta property=\"og:site_name\" content=\"TRUUSK - Hem, Tr\u00e4dg\u00e5rd &amp; Fritid\" \/>\n<meta property=\"article:modified_time\" content=\"2026-03-12T08:14:30+00:00\" \/>\n<meta property=\"og:image\" content=\"https:\/\/i0.wp.com\/truusk.se\/wp-content\/uploads\/2024\/02\/fallbord-matbord-tva-fallbara-sidor-tva-hyllor-justerbara-fotter-bambu-1495-x-80-x-735-cm.webp?fit=800%2C800&ssl=1\" \/>\n\t<meta property=\"og:image:width\" content=\"800\" \/>\n\t<meta property=\"og:image:height\" content=\"800\" \/>\n\t<meta property=\"og:image:type\" content=\"image\/webp\" \/>\n<meta name=\"twitter:card\" content=\"summary_large_image\" \/>\n<meta name=\"twitter:label1\" content=\"Ber\u00e4knad l\u00e4stid\" \/>\n\t<meta name=\"twitter:data1\" content=\"1 minut\" \/>\n<!-- \/ Yoast SEO plugin. -->","yoast_head_json":{"title":"TRUUSK F\u00e4llbord med Tv\u00e5 F\u00e4llbara Sidor - Justerbara F\u00f6tter - Bambu - 149,5 x 80 x 73,5 cm - TRUUSK - Hem, Tr\u00e4dg\u00e5rd &amp; Fritid","robots":{"index":"index","follow":"follow","max-snippet":"max-snippet:-1","max-image-preview":"max-image-preview:large","max-video-preview":"max-video-preview:-1"},"canonical":"https:\/\/truusk.store\/sv\/produkt\/truusk-fallbord-med-tva-fallbara-sidor-justerbara-fotter-bambu-1495-x-80-x-735-cm\/","og_locale":"sv_SE","og_type":"article","og_title":"TRUUSK F\u00e4llbord med Tv\u00e5 F\u00e4llbara Sidor - Justerbara F\u00f6tter - Bambu - 149,5 x 80 x 73,5 cm - TRUUSK - Hem, Tr\u00e4dg\u00e5rd &amp; Fritid","og_description":"Med detta smarta utrymmesbesparande mirakel av ett bord kan du \u00e4ta som kungar i de tr\u00e5ngaste utrymmen! Detta praktiska hopf\u00e4llbara...","og_url":"https:\/\/truusk.store\/sv\/produkt\/truusk-fallbord-med-tva-fallbara-sidor-justerbara-fotter-bambu-1495-x-80-x-735-cm\/","og_site_name":"TRUUSK - Hem, Tr\u00e4dg\u00e5rd &amp; Fritid","article_modified_time":"2026-03-12T08:14:30+00:00","og_image":[{"width":800,"height":800,"url":"https:\/\/i0.wp.com\/truusk.se\/wp-content\/uploads\/2024\/02\/fallbord-matbord-tva-fallbara-sidor-tva-hyllor-justerbara-fotter-bambu-1495-x-80-x-735-cm.webp?fit=800%2C800&ssl=1","type":"image\/webp"}],"twitter_card":"summary_large_image","twitter_misc":{"Ber\u00e4knad l\u00e4stid":"1 minut"},"schema":{"@context":"https:\/\/schema.org","@graph":[{"@type":"WebPage","@id":"https:\/\/truusk.store\/sv\/produkt\/truusk-fallbord-med-tva-fallbara-sidor-justerbara-fotter-bambu-1495-x-80-x-735-cm\/","url":"https:\/\/truusk.store\/sv\/produkt\/truusk-fallbord-med-tva-fallbara-sidor-justerbara-fotter-bambu-1495-x-80-x-735-cm\/","name":"TRUUSK F\u00e4llbord med Tv\u00e5 F\u00e4llbara Sidor - Justerbara F\u00f6tter - Bambu - 149,5 x 80 x 73,5 cm - TRUUSK - Hem, Tr\u00e4dg\u00e5rd &amp; Fritid","isPartOf":{"@id":"https:\/\/truusk.store\/sv\/#website"},"primaryImageOfPage":{"@id":"https:\/\/truusk.store\/sv\/produkt\/truusk-fallbord-med-tva-fallbara-sidor-justerbara-fotter-bambu-1495-x-80-x-735-cm\/#primaryimage"},"image":{"@id":"https:\/\/truusk.store\/sv\/produkt\/truusk-fallbord-med-tva-fallbara-sidor-justerbara-fotter-bambu-1495-x-80-x-735-cm\/#primaryimage"},"thumbnailUrl":"https:\/\/i0.wp.com\/truusk.store\/wp-content\/uploads\/2024\/02\/fallbord-matbord-tva-fallbara-sidor-tva-hyllor-justerbara-fotter-bambu-1495-x-80-x-735-cm.webp?fit=800%2C800&ssl=1","datePublished":"2024-02-14T00:31:53+00:00","dateModified":"2026-03-12T08:14:30+00:00","breadcrumb":{"@id":"https:\/\/truusk.store\/sv\/produkt\/truusk-fallbord-med-tva-fallbara-sidor-justerbara-fotter-bambu-1495-x-80-x-735-cm\/#breadcrumb"},"inLanguage":"sv-SE","potentialAction":[{"@type":"ReadAction","target":["https:\/\/truusk.store\/sv\/produkt\/truusk-fallbord-med-tva-fallbara-sidor-justerbara-fotter-bambu-1495-x-80-x-735-cm\/"]}]},{"@type":"ImageObject","inLanguage":"sv-SE","@id":"https:\/\/truusk.store\/sv\/produkt\/truusk-fallbord-med-tva-fallbara-sidor-justerbara-fotter-bambu-1495-x-80-x-735-cm\/#primaryimage","url":"https:\/\/i0.wp.com\/truusk.store\/wp-content\/uploads\/2024\/02\/fallbord-matbord-tva-fallbara-sidor-tva-hyllor-justerbara-fotter-bambu-1495-x-80-x-735-cm.webp?fit=800%2C800&ssl=1","contentUrl":"https:\/\/i0.wp.com\/truusk.store\/wp-content\/uploads\/2024\/02\/fallbord-matbord-tva-fallbara-sidor-tva-hyllor-justerbara-fotter-bambu-1495-x-80-x-735-cm.webp?fit=800%2C800&ssl=1","width":800,"height":800,"caption":"F\u00e4llbord, Matbord, Tv\u00e5 F\u00e4llbara Sidor, Tv\u00e5 Hyllor, Justerbara F\u00f6tter, Bambu, 149,5 X 80 X 73,5 Cm 1"},{"@type":"BreadcrumbList","@id":"https:\/\/truusk.store\/sv\/produkt\/truusk-fallbord-med-tva-fallbara-sidor-justerbara-fotter-bambu-1495-x-80-x-735-cm\/#breadcrumb","itemListElement":[{"@type":"ListItem","position":1,"name":"Home","item":"https:\/\/truusk.store\/sv\/"},{"@type":"ListItem","position":2,"name":"Shop","item":"https:\/\/truusk.store\/shop\/"},{"@type":"ListItem","position":3,"name":"TRUUSK F\u00e4llbord med Tv\u00e5 F\u00e4llbara Sidor &#8211; Justerbara F\u00f6tter &#8211; Bambu &#8211; 149,5 x 80 x 73,5 cm"}]},{"@type":"WebSite","@id":"https:\/\/truusk.store\/sv\/#website","url":"https:\/\/truusk.store\/sv\/","name":"TRUUSK - Hem, Tr\u00e4dg\u00e5rd & Fritid","description":"","publisher":{"@id":"https:\/\/truusk.store\/sv\/#organization"},"potentialAction":[{"@type":"SearchAction","target":{"@type":"EntryPoint","urlTemplate":"https:\/\/truusk.store\/sv\/?s={search_term_string}"},"query-input":{"@type":"PropertyValueSpecification","valueRequired":true,"valueName":"search_term_string"}}],"inLanguage":"sv-SE"},{"@type":"Organization","@id":"https:\/\/truusk.store\/sv\/#organization","name":"TRUUSK - Hem, Tr\u00e4dg\u00e5rd & Fritid","url":"https:\/\/truusk.store\/sv\/","logo":{"@type":"ImageObject","inLanguage":"sv-SE","@id":"https:\/\/truusk.store\/sv\/#\/schema\/logo\/image\/","url":"https:\/\/i0.wp.com\/truusk.store\/wp-content\/uploads\/2026\/03\/cropped-TRUUSK.png?fit=2032%2C917&ssl=1","contentUrl":"https:\/\/i0.wp.com\/truusk.store\/wp-content\/uploads\/2026\/03\/cropped-TRUUSK.png?fit=2032%2C917&ssl=1","width":2032,"height":917,"caption":"TRUUSK - Hem, Tr\u00e4dg\u00e5rd & Fritid"},"image":{"@id":"https:\/\/truusk.store\/sv\/#\/schema\/logo\/image\/"}}]}},"jetpack_sharing_enabled":true,"_links":{"self":[{"href":"https:\/\/truusk.store\/sv\/wp-json\/wp\/v2\/product\/38743","targetHints":{"allow":["GET"]}}],"collection":[{"href":"https:\/\/truusk.store\/sv\/wp-json\/wp\/v2\/product"}],"about":[{"href":"https:\/\/truusk.store\/sv\/wp-json\/wp\/v2\/types\/product"}],"wp:featuredmedia":[{"embeddable":true,"href":"https:\/\/truusk.store\/sv\/wp-json\/wp\/v2\/media\/38744"}],"wp:attachment":[{"href":"https:\/\/truusk.store\/sv\/wp-json\/wp\/v2\/media?parent=38743"}],"wp:term":[{"taxonomy":"product_brand","embeddable":true,"href":"https:\/\/truusk.store\/sv\/wp-json\/wp\/v2\/product_brand?post=38743"},{"taxonomy":"product_cat","embeddable":true,"href":"https:\/\/truusk.store\/sv\/wp-json\/wp\/v2\/product_cat?post=38743"},{"taxonomy":"product_tag","embeddable":true,"href":"https:\/\/truusk.store\/sv\/wp-json\/wp\/v2\/product_tag?post=38743"}],"curies":[{"name":"wp","href":"https:\/\/api.w.org\/{rel}","templated":true}]}}