{"id":38766,"date":"2024-02-14T01:32:44","date_gmt":"2024-02-14T00:32:44","guid":{"rendered":"https:\/\/truusk.store\/product\/industriell-design-koksvagn-1-hylla-1-forvaringskorg-4-hjul-40-cm-x-30-cm-x-62-cm-stal-svart-brun\/"},"modified":"2026-03-12T09:14:31","modified_gmt":"2026-03-12T08:14:31","slug":"truusk-industriell-design-koksvagn-1-hylla-1-forvaringskorg-4-hjul-40-cm-x-30-cm-x-62-cm-stal-svart-brun","status":"publish","type":"product","link":"https:\/\/truusk.store\/sv\/produkt\/truusk-industriell-design-koksvagn-1-hylla-1-forvaringskorg-4-hjul-40-cm-x-30-cm-x-62-cm-stal-svart-brun\/","title":{"rendered":"TRUUSK Industriell Design K\u00f6ksvagn &#8211; 1 Hylla &#8211; 1 F\u00f6rvaringskorg &#8211; 4 Hjul &#8211; 40 cm x 30 cm x 62 cm &#8211; St\u00e5l &#8211; Svart + Brun"},"content":{"rendered":"<p>Vill du f\u00e5 ut det mesta av ditt k\u00f6k? Beh\u00f6ver du en k\u00f6ksvagn till din l\u00e4genhet eller hem som inte tar mycket plats? Denna industrik\u00f6ksvagn har en kompakt och enkel design som kan passa in i olika inredningsstilar. Denna sidovagn har en b\u00e4nkskiva, ett \u00f6ppet fack och en f\u00f6rvaringskorg. Uppgradera ditt k\u00f6k med denna vagn.<\/p>\n<h3>Beskrivning:<\/h3>\n<ul>\n<li>Den trendiga industriella designen g\u00f6r denna k\u00f6ksvagn till en bra f\u00f6ljeslagare f\u00f6r en modern men \u00e4nd\u00e5 traditionell atmosf\u00e4r<\/li>\n<li>Med b\u00e4nkskiva och tv\u00e5 f\u00f6rvaringskorgar<\/li>\n<li>Solid metallram och tr\u00e4material f\u00f6r stabilitet och enkel reng\u00f6ring<\/li>\n<li>Den kompakta designen sparar utrymme och l\u00e4mpar sig v\u00e4l f\u00f6r sm\u00e5 rum<\/li>\n<li>Kan anv\u00e4ndas som serveringsvagn eller k\u00f6ksvagn. Perfekt som extra f\u00f6rvaringsutrymme i k\u00f6ket eller matsalen<\/li>\n<li>St\u00e5lkorgen s\u00e4kerst\u00e4ller god ventilation och \u00e4r perfekt f\u00f6r f\u00f6rvaring av gr\u00f6nsaker, frukt eller vikt tv\u00e4tt<\/li>\n<li>Fyra 360 sv\u00e4ngbara hjul s\u00e4kerst\u00e4ller enkel r\u00f6relse, varav tv\u00e5 kan l\u00e5sas f\u00f6r s\u00e4kerhets skull<\/li>\n<li>Montering kr\u00e4vs<\/li>\n<\/ul>\n<h3>Teknisk data:<\/h3>\n<ul>\n<li>F\u00e4rg: Rustik brun<\/li>\n<li>Material: sp\u00e5nskiva, st\u00e5l<\/li>\n<li>\u00d6vergripande m\u00e5tt: 40L x 30W x 62H cm<\/li>\n<li>M\u00e5tt \u00f6versta fack: 35W x 25D x 14,5H cm<\/li>\n<li>M\u00e5tt nedre fack: 35W x 29D x 10,5H cm<\/li>\n<li>Viktkapacitet: 35 kg (totalt), 15 kg (b\u00e4nkskiva), 5 kg (galler)<\/li>\n<\/ul>\n<h3>Leveransens omfattning:<\/h3>\n<ul>\n<li>1 x k\u00f6ksvagn<\/li>\n<li>1 x manuell<\/li>\n<\/ul>\n","protected":false},"excerpt":{"rendered":"<p>Vill du f\u00e5 ut det mesta av ditt k\u00f6k? Beh\u00f6ver du en k\u00f6ksvagn till din l\u00e4genhet eller hem som inte&#8230;<\/p>\n","protected":false},"featured_media":38767,"template":"","meta":[],"product_brand":[],"product_cat":[485,503,501],"product_tag":[],"class_list":{"0":"post-38766","1":"product","2":"type-product","3":"status-publish","4":"has-post-thumbnail","6":"product_cat-hus-bo","7":"product_cat-serveringsvagn","8":"product_cat-tabeller","10":"first","11":"instock","12":"sale","13":"taxable","14":"shipping-taxable","15":"purchasable","16":"product-type-simple"},"yoast_head":"<!-- This site is optimized with the Yoast SEO plugin v25.4 - https:\/\/yoast.com\/wordpress\/plugins\/seo\/ -->\n<title>TRUUSK Industriell Design K\u00f6ksvagn - 1 Hylla - 1 F\u00f6rvaringskorg - 4 Hjul - 40 cm x 30 cm x 62 cm - St\u00e5l - Svart + Brun - TRUUSK - Hem, Tr\u00e4dg\u00e5rd &amp; Fritid<\/title>\n<meta name=\"robots\" content=\"index, follow, max-snippet:-1, max-image-preview:large, max-video-preview:-1\" \/>\n<link rel=\"canonical\" href=\"https:\/\/truusk.store\/sv\/produkt\/truusk-industriell-design-koksvagn-1-hylla-1-forvaringskorg-4-hjul-40-cm-x-30-cm-x-62-cm-stal-svart-brun\/\" \/>\n<meta property=\"og:locale\" content=\"sv_SE\" \/>\n<meta property=\"og:type\" content=\"article\" \/>\n<meta property=\"og:title\" content=\"TRUUSK Industriell Design K\u00f6ksvagn - 1 Hylla - 1 F\u00f6rvaringskorg - 4 Hjul - 40 cm x 30 cm x 62 cm - St\u00e5l - Svart + Brun - TRUUSK - Hem, Tr\u00e4dg\u00e5rd &amp; Fritid\" \/>\n<meta property=\"og:description\" content=\"Vill du f\u00e5 ut det mesta av ditt k\u00f6k? Beh\u00f6ver du en k\u00f6ksvagn till din l\u00e4genhet eller hem som inte...\" \/>\n<meta property=\"og:url\" content=\"https:\/\/truusk.store\/sv\/produkt\/truusk-industriell-design-koksvagn-1-hylla-1-forvaringskorg-4-hjul-40-cm-x-30-cm-x-62-cm-stal-svart-brun\/\" \/>\n<meta property=\"og:site_name\" content=\"TRUUSK - Hem, Tr\u00e4dg\u00e5rd &amp; Fritid\" \/>\n<meta property=\"article:modified_time\" content=\"2026-03-12T08:14:31+00:00\" \/>\n<meta property=\"og:image\" content=\"https:\/\/i0.wp.com\/truusk.se\/wp-content\/uploads\/2024\/02\/industriell-design-koksvagn-1-hylla-1-forvaringskorg-4-hjul-40-cm-x-30-cm-x-62-cm-stal-svart-brun.webp?fit=800%2C800&ssl=1\" \/>\n\t<meta property=\"og:image:width\" content=\"800\" \/>\n\t<meta property=\"og:image:height\" content=\"800\" \/>\n\t<meta property=\"og:image:type\" content=\"image\/webp\" \/>\n<meta name=\"twitter:card\" content=\"summary_large_image\" \/>\n<meta name=\"twitter:label1\" content=\"Ber\u00e4knad l\u00e4stid\" \/>\n\t<meta name=\"twitter:data1\" content=\"1 minut\" \/>\n<!-- \/ Yoast SEO plugin. -->","yoast_head_json":{"title":"TRUUSK Industriell Design K\u00f6ksvagn - 1 Hylla - 1 F\u00f6rvaringskorg - 4 Hjul - 40 cm x 30 cm x 62 cm - St\u00e5l - Svart + Brun - TRUUSK - Hem, Tr\u00e4dg\u00e5rd &amp; Fritid","robots":{"index":"index","follow":"follow","max-snippet":"max-snippet:-1","max-image-preview":"max-image-preview:large","max-video-preview":"max-video-preview:-1"},"canonical":"https:\/\/truusk.store\/sv\/produkt\/truusk-industriell-design-koksvagn-1-hylla-1-forvaringskorg-4-hjul-40-cm-x-30-cm-x-62-cm-stal-svart-brun\/","og_locale":"sv_SE","og_type":"article","og_title":"TRUUSK Industriell Design K\u00f6ksvagn - 1 Hylla - 1 F\u00f6rvaringskorg - 4 Hjul - 40 cm x 30 cm x 62 cm - St\u00e5l - Svart + Brun - TRUUSK - Hem, Tr\u00e4dg\u00e5rd &amp; Fritid","og_description":"Vill du f\u00e5 ut det mesta av ditt k\u00f6k? Beh\u00f6ver du en k\u00f6ksvagn till din l\u00e4genhet eller hem som inte...","og_url":"https:\/\/truusk.store\/sv\/produkt\/truusk-industriell-design-koksvagn-1-hylla-1-forvaringskorg-4-hjul-40-cm-x-30-cm-x-62-cm-stal-svart-brun\/","og_site_name":"TRUUSK - Hem, Tr\u00e4dg\u00e5rd &amp; Fritid","article_modified_time":"2026-03-12T08:14:31+00:00","og_image":[{"width":800,"height":800,"url":"https:\/\/i0.wp.com\/truusk.se\/wp-content\/uploads\/2024\/02\/industriell-design-koksvagn-1-hylla-1-forvaringskorg-4-hjul-40-cm-x-30-cm-x-62-cm-stal-svart-brun.webp?fit=800%2C800&ssl=1","type":"image\/webp"}],"twitter_card":"summary_large_image","twitter_misc":{"Ber\u00e4knad l\u00e4stid":"1 minut"},"schema":{"@context":"https:\/\/schema.org","@graph":[{"@type":"WebPage","@id":"https:\/\/truusk.store\/sv\/produkt\/truusk-industriell-design-koksvagn-1-hylla-1-forvaringskorg-4-hjul-40-cm-x-30-cm-x-62-cm-stal-svart-brun\/","url":"https:\/\/truusk.store\/sv\/produkt\/truusk-industriell-design-koksvagn-1-hylla-1-forvaringskorg-4-hjul-40-cm-x-30-cm-x-62-cm-stal-svart-brun\/","name":"TRUUSK Industriell Design K\u00f6ksvagn - 1 Hylla - 1 F\u00f6rvaringskorg - 4 Hjul - 40 cm x 30 cm x 62 cm - St\u00e5l - Svart + Brun - TRUUSK - Hem, Tr\u00e4dg\u00e5rd &amp; Fritid","isPartOf":{"@id":"https:\/\/truusk.store\/sv\/#website"},"primaryImageOfPage":{"@id":"https:\/\/truusk.store\/sv\/produkt\/truusk-industriell-design-koksvagn-1-hylla-1-forvaringskorg-4-hjul-40-cm-x-30-cm-x-62-cm-stal-svart-brun\/#primaryimage"},"image":{"@id":"https:\/\/truusk.store\/sv\/produkt\/truusk-industriell-design-koksvagn-1-hylla-1-forvaringskorg-4-hjul-40-cm-x-30-cm-x-62-cm-stal-svart-brun\/#primaryimage"},"thumbnailUrl":"https:\/\/i0.wp.com\/truusk.store\/wp-content\/uploads\/2024\/02\/industriell-design-koksvagn-1-hylla-1-forvaringskorg-4-hjul-40-cm-x-30-cm-x-62-cm-stal-svart-brun.webp?fit=800%2C800&ssl=1","datePublished":"2024-02-14T00:32:44+00:00","dateModified":"2026-03-12T08:14:31+00:00","breadcrumb":{"@id":"https:\/\/truusk.store\/sv\/produkt\/truusk-industriell-design-koksvagn-1-hylla-1-forvaringskorg-4-hjul-40-cm-x-30-cm-x-62-cm-stal-svart-brun\/#breadcrumb"},"inLanguage":"sv-SE","potentialAction":[{"@type":"ReadAction","target":["https:\/\/truusk.store\/sv\/produkt\/truusk-industriell-design-koksvagn-1-hylla-1-forvaringskorg-4-hjul-40-cm-x-30-cm-x-62-cm-stal-svart-brun\/"]}]},{"@type":"ImageObject","inLanguage":"sv-SE","@id":"https:\/\/truusk.store\/sv\/produkt\/truusk-industriell-design-koksvagn-1-hylla-1-forvaringskorg-4-hjul-40-cm-x-30-cm-x-62-cm-stal-svart-brun\/#primaryimage","url":"https:\/\/i0.wp.com\/truusk.store\/wp-content\/uploads\/2024\/02\/industriell-design-koksvagn-1-hylla-1-forvaringskorg-4-hjul-40-cm-x-30-cm-x-62-cm-stal-svart-brun.webp?fit=800%2C800&ssl=1","contentUrl":"https:\/\/i0.wp.com\/truusk.store\/wp-content\/uploads\/2024\/02\/industriell-design-koksvagn-1-hylla-1-forvaringskorg-4-hjul-40-cm-x-30-cm-x-62-cm-stal-svart-brun.webp?fit=800%2C800&ssl=1","width":800,"height":800,"caption":"Industriell Design K\u00f6ksvagn 1 Hylla 1 F\u00f6rvaringskorg 4 Hjul 40 Cm X 30 Cm X 62 Cm St\u00e5l Svart + Brun 1"},{"@type":"BreadcrumbList","@id":"https:\/\/truusk.store\/sv\/produkt\/truusk-industriell-design-koksvagn-1-hylla-1-forvaringskorg-4-hjul-40-cm-x-30-cm-x-62-cm-stal-svart-brun\/#breadcrumb","itemListElement":[{"@type":"ListItem","position":1,"name":"Home","item":"https:\/\/truusk.store\/sv\/"},{"@type":"ListItem","position":2,"name":"Shop","item":"https:\/\/truusk.store\/shop\/"},{"@type":"ListItem","position":3,"name":"TRUUSK Industriell Design K\u00f6ksvagn &#8211; 1 Hylla &#8211; 1 F\u00f6rvaringskorg &#8211; 4 Hjul &#8211; 40 cm x 30 cm x 62 cm &#8211; St\u00e5l &#8211; Svart + Brun"}]},{"@type":"WebSite","@id":"https:\/\/truusk.store\/sv\/#website","url":"https:\/\/truusk.store\/sv\/","name":"TRUUSK - Hem, Tr\u00e4dg\u00e5rd & Fritid","description":"","publisher":{"@id":"https:\/\/truusk.store\/sv\/#organization"},"potentialAction":[{"@type":"SearchAction","target":{"@type":"EntryPoint","urlTemplate":"https:\/\/truusk.store\/sv\/?s={search_term_string}"},"query-input":{"@type":"PropertyValueSpecification","valueRequired":true,"valueName":"search_term_string"}}],"inLanguage":"sv-SE"},{"@type":"Organization","@id":"https:\/\/truusk.store\/sv\/#organization","name":"TRUUSK - Hem, Tr\u00e4dg\u00e5rd & Fritid","url":"https:\/\/truusk.store\/sv\/","logo":{"@type":"ImageObject","inLanguage":"sv-SE","@id":"https:\/\/truusk.store\/sv\/#\/schema\/logo\/image\/","url":"https:\/\/i0.wp.com\/truusk.store\/wp-content\/uploads\/2026\/03\/cropped-TRUUSK.png?fit=2032%2C917&ssl=1","contentUrl":"https:\/\/i0.wp.com\/truusk.store\/wp-content\/uploads\/2026\/03\/cropped-TRUUSK.png?fit=2032%2C917&ssl=1","width":2032,"height":917,"caption":"TRUUSK - Hem, Tr\u00e4dg\u00e5rd & Fritid"},"image":{"@id":"https:\/\/truusk.store\/sv\/#\/schema\/logo\/image\/"}}]}},"jetpack_sharing_enabled":true,"_links":{"self":[{"href":"https:\/\/truusk.store\/sv\/wp-json\/wp\/v2\/product\/38766","targetHints":{"allow":["GET"]}}],"collection":[{"href":"https:\/\/truusk.store\/sv\/wp-json\/wp\/v2\/product"}],"about":[{"href":"https:\/\/truusk.store\/sv\/wp-json\/wp\/v2\/types\/product"}],"wp:featuredmedia":[{"embeddable":true,"href":"https:\/\/truusk.store\/sv\/wp-json\/wp\/v2\/media\/38767"}],"wp:attachment":[{"href":"https:\/\/truusk.store\/sv\/wp-json\/wp\/v2\/media?parent=38766"}],"wp:term":[{"taxonomy":"product_brand","embeddable":true,"href":"https:\/\/truusk.store\/sv\/wp-json\/wp\/v2\/product_brand?post=38766"},{"taxonomy":"product_cat","embeddable":true,"href":"https:\/\/truusk.store\/sv\/wp-json\/wp\/v2\/product_cat?post=38766"},{"taxonomy":"product_tag","embeddable":true,"href":"https:\/\/truusk.store\/sv\/wp-json\/wp\/v2\/product_tag?post=38766"}],"curies":[{"name":"wp","href":"https:\/\/api.w.org\/{rel}","templated":true}]}}