{"id":38890,"date":"2024-02-14T01:41:33","date_gmt":"2024-02-14T00:41:33","guid":{"rendered":"https:\/\/truusk.store\/product\/koksvagn-serveringsvagn-med-2-hyllplan-racke-stal-svart-tra-82-x-40-x-75cm\/"},"modified":"2026-03-12T09:14:32","modified_gmt":"2026-03-12T08:14:32","slug":"truusk-koksvagn-serveringsvagn-2-hyllplan-racke-stal-svart-tra-82x40x75cm","status":"publish","type":"product","link":"https:\/\/truusk.store\/sv\/produkt\/truusk-koksvagn-serveringsvagn-2-hyllplan-racke-stal-svart-tra-82x40x75cm\/","title":{"rendered":"TRUUSK K\u00f6ksvagn Serveringsvagn &#8211; 2 Hyllplan &#8211; R\u00e4cke &#8211; St\u00e5l &#8211; Svart + Tr\u00e4 &#8211; 82x40x75cm"},"content":{"rendered":"<p>Valet av k\u00f6ksvagn kan ocks\u00e5 spegla en persons estetiska smak. Kombinationen av naturliga tr\u00e4paneler och svart st\u00e5lram ger denna sidovagn en unik charm. Den 2-v\u00e5ningshylla ger gott om utrymme f\u00f6r f\u00f6rvaring av bestick, fat eller glas, medan r\u00e4cket hj\u00e4lper dig att bekv\u00e4mt f\u00f6rvara f\u00f6rem\u00e5l och skydda dem fr\u00e5n att falla. V\u00e5r vagn \u00e4r en bra hj\u00e4lpreda i k\u00f6ket eller vardagsrummet.<\/p>\n<h3>Beskrivning:<\/h3>\n<ul>\n<li>Den 2-v\u00e5ningshylla ger gott om plats f\u00f6r knivar, tallrikar och k\u00f6ksredskap<\/li>\n<li>Allroundram f\u00f6rhindrar att f\u00f6rem\u00e5l faller<\/li>\n<li>Fungerar som arbetsplats i k\u00f6ket eller som praktisk hylla i vardagsrummet<\/li>\n<li>Tillverkad av en solid st\u00e5lram och sp\u00e5nskiva f\u00f6r enkel reng\u00f6ring<\/li>\n<li>4 sv\u00e4ngbara hjul och handtag s\u00e4kerst\u00e4ller enkel r\u00f6relse, varav 2 kan l\u00e5sas f\u00f6r s\u00e4kerhets skull<\/li>\n<li>Montering kr\u00e4vs<\/li>\n<\/ul>\n<h3>Teknisk data:<\/h3>\n<ul>\n<li>F\u00e4rg: Natur+svart<\/li>\n<li>Material: sp\u00e5nskiva, st\u00e5l<\/li>\n<li>Totala m\u00e5tt: 82L x 40W x 75H cm<\/li>\n<li>Hylla: 58L x 40W cm<\/li>\n<li>Lastkapacitet: 60 kg (totalt), 30 kg (varje hylla)<\/li>\n<\/ul>\n<h3>Leveransens omfattning:<\/h3>\n<ul>\n<li>1 x k\u00f6ksvagn<\/li>\n<li>1 x Instruktioner<\/li>\n<\/ul>\n","protected":false},"excerpt":{"rendered":"<p>Valet av k\u00f6ksvagn kan ocks\u00e5 spegla en persons estetiska smak. Kombinationen av naturliga tr\u00e4paneler och svart st\u00e5lram ger denna sidovagn&#8230;<\/p>\n","protected":false},"featured_media":38891,"template":"","meta":[],"product_brand":[],"product_cat":[485,503,501],"product_tag":[],"class_list":{"0":"post-38890","1":"product","2":"type-product","3":"status-publish","4":"has-post-thumbnail","6":"product_cat-hus-bo","7":"product_cat-serveringsvagn","8":"product_cat-tabeller","10":"first","11":"instock","12":"sale","13":"taxable","14":"shipping-taxable","15":"purchasable","16":"product-type-simple"},"yoast_head":"<!-- This site is optimized with the Yoast SEO plugin v25.4 - https:\/\/yoast.com\/wordpress\/plugins\/seo\/ -->\n<title>TRUUSK K\u00f6ksvagn Serveringsvagn - 2 Hyllplan - R\u00e4cke - St\u00e5l - Svart + Tr\u00e4 - 82x40x75cm - TRUUSK - Hem, Tr\u00e4dg\u00e5rd &amp; Fritid<\/title>\n<meta name=\"robots\" content=\"index, follow, max-snippet:-1, max-image-preview:large, max-video-preview:-1\" \/>\n<link rel=\"canonical\" href=\"https:\/\/truusk.store\/sv\/produkt\/truusk-koksvagn-serveringsvagn-2-hyllplan-racke-stal-svart-tra-82x40x75cm\/\" \/>\n<meta property=\"og:locale\" content=\"sv_SE\" \/>\n<meta property=\"og:type\" content=\"article\" \/>\n<meta property=\"og:title\" content=\"TRUUSK K\u00f6ksvagn Serveringsvagn - 2 Hyllplan - R\u00e4cke - St\u00e5l - Svart + Tr\u00e4 - 82x40x75cm - TRUUSK - Hem, Tr\u00e4dg\u00e5rd &amp; Fritid\" \/>\n<meta property=\"og:description\" content=\"Valet av k\u00f6ksvagn kan ocks\u00e5 spegla en persons estetiska smak. Kombinationen av naturliga tr\u00e4paneler och svart st\u00e5lram ger denna sidovagn...\" \/>\n<meta property=\"og:url\" content=\"https:\/\/truusk.store\/sv\/produkt\/truusk-koksvagn-serveringsvagn-2-hyllplan-racke-stal-svart-tra-82x40x75cm\/\" \/>\n<meta property=\"og:site_name\" content=\"TRUUSK - Hem, Tr\u00e4dg\u00e5rd &amp; Fritid\" \/>\n<meta property=\"article:modified_time\" content=\"2026-03-12T08:14:32+00:00\" \/>\n<meta property=\"og:image\" content=\"https:\/\/i0.wp.com\/truusk.se\/wp-content\/uploads\/2024\/02\/koksvagn-serveringsvagn-med-2-hyllplan-racke-stal-svart-tra-82-x-40-x-75cm.webp?fit=800%2C800&ssl=1\" \/>\n\t<meta property=\"og:image:width\" content=\"800\" \/>\n\t<meta property=\"og:image:height\" content=\"800\" \/>\n\t<meta property=\"og:image:type\" content=\"image\/webp\" \/>\n<meta name=\"twitter:card\" content=\"summary_large_image\" \/>\n<meta name=\"twitter:label1\" content=\"Ber\u00e4knad l\u00e4stid\" \/>\n\t<meta name=\"twitter:data1\" content=\"1 minut\" \/>\n<!-- \/ Yoast SEO plugin. -->","yoast_head_json":{"title":"TRUUSK K\u00f6ksvagn Serveringsvagn - 2 Hyllplan - R\u00e4cke - St\u00e5l - Svart + Tr\u00e4 - 82x40x75cm - TRUUSK - Hem, Tr\u00e4dg\u00e5rd &amp; Fritid","robots":{"index":"index","follow":"follow","max-snippet":"max-snippet:-1","max-image-preview":"max-image-preview:large","max-video-preview":"max-video-preview:-1"},"canonical":"https:\/\/truusk.store\/sv\/produkt\/truusk-koksvagn-serveringsvagn-2-hyllplan-racke-stal-svart-tra-82x40x75cm\/","og_locale":"sv_SE","og_type":"article","og_title":"TRUUSK K\u00f6ksvagn Serveringsvagn - 2 Hyllplan - R\u00e4cke - St\u00e5l - Svart + Tr\u00e4 - 82x40x75cm - TRUUSK - Hem, Tr\u00e4dg\u00e5rd &amp; Fritid","og_description":"Valet av k\u00f6ksvagn kan ocks\u00e5 spegla en persons estetiska smak. Kombinationen av naturliga tr\u00e4paneler och svart st\u00e5lram ger denna sidovagn...","og_url":"https:\/\/truusk.store\/sv\/produkt\/truusk-koksvagn-serveringsvagn-2-hyllplan-racke-stal-svart-tra-82x40x75cm\/","og_site_name":"TRUUSK - Hem, Tr\u00e4dg\u00e5rd &amp; Fritid","article_modified_time":"2026-03-12T08:14:32+00:00","og_image":[{"width":800,"height":800,"url":"https:\/\/i0.wp.com\/truusk.se\/wp-content\/uploads\/2024\/02\/koksvagn-serveringsvagn-med-2-hyllplan-racke-stal-svart-tra-82-x-40-x-75cm.webp?fit=800%2C800&ssl=1","type":"image\/webp"}],"twitter_card":"summary_large_image","twitter_misc":{"Ber\u00e4knad l\u00e4stid":"1 minut"},"schema":{"@context":"https:\/\/schema.org","@graph":[{"@type":"WebPage","@id":"https:\/\/truusk.store\/sv\/produkt\/truusk-koksvagn-serveringsvagn-2-hyllplan-racke-stal-svart-tra-82x40x75cm\/","url":"https:\/\/truusk.store\/sv\/produkt\/truusk-koksvagn-serveringsvagn-2-hyllplan-racke-stal-svart-tra-82x40x75cm\/","name":"TRUUSK K\u00f6ksvagn Serveringsvagn - 2 Hyllplan - R\u00e4cke - St\u00e5l - Svart + Tr\u00e4 - 82x40x75cm - TRUUSK - Hem, Tr\u00e4dg\u00e5rd &amp; Fritid","isPartOf":{"@id":"https:\/\/truusk.store\/sv\/#website"},"primaryImageOfPage":{"@id":"https:\/\/truusk.store\/sv\/produkt\/truusk-koksvagn-serveringsvagn-2-hyllplan-racke-stal-svart-tra-82x40x75cm\/#primaryimage"},"image":{"@id":"https:\/\/truusk.store\/sv\/produkt\/truusk-koksvagn-serveringsvagn-2-hyllplan-racke-stal-svart-tra-82x40x75cm\/#primaryimage"},"thumbnailUrl":"https:\/\/i0.wp.com\/truusk.store\/wp-content\/uploads\/2024\/02\/koksvagn-serveringsvagn-med-2-hyllplan-racke-stal-svart-tra-82-x-40-x-75cm.webp?fit=800%2C800&ssl=1","datePublished":"2024-02-14T00:41:33+00:00","dateModified":"2026-03-12T08:14:32+00:00","breadcrumb":{"@id":"https:\/\/truusk.store\/sv\/produkt\/truusk-koksvagn-serveringsvagn-2-hyllplan-racke-stal-svart-tra-82x40x75cm\/#breadcrumb"},"inLanguage":"sv-SE","potentialAction":[{"@type":"ReadAction","target":["https:\/\/truusk.store\/sv\/produkt\/truusk-koksvagn-serveringsvagn-2-hyllplan-racke-stal-svart-tra-82x40x75cm\/"]}]},{"@type":"ImageObject","inLanguage":"sv-SE","@id":"https:\/\/truusk.store\/sv\/produkt\/truusk-koksvagn-serveringsvagn-2-hyllplan-racke-stal-svart-tra-82x40x75cm\/#primaryimage","url":"https:\/\/i0.wp.com\/truusk.store\/wp-content\/uploads\/2024\/02\/koksvagn-serveringsvagn-med-2-hyllplan-racke-stal-svart-tra-82-x-40-x-75cm.webp?fit=800%2C800&ssl=1","contentUrl":"https:\/\/i0.wp.com\/truusk.store\/wp-content\/uploads\/2024\/02\/koksvagn-serveringsvagn-med-2-hyllplan-racke-stal-svart-tra-82-x-40-x-75cm.webp?fit=800%2C800&ssl=1","width":800,"height":800,"caption":"K\u00f6ksvagn Serveringsvagn Med 2 Hyllplan, R\u00e4cke, St\u00e5l, Svart + Tr\u00e4 82 X 40 X 75cm 1"},{"@type":"BreadcrumbList","@id":"https:\/\/truusk.store\/sv\/produkt\/truusk-koksvagn-serveringsvagn-2-hyllplan-racke-stal-svart-tra-82x40x75cm\/#breadcrumb","itemListElement":[{"@type":"ListItem","position":1,"name":"Home","item":"https:\/\/truusk.store\/sv\/"},{"@type":"ListItem","position":2,"name":"Shop","item":"https:\/\/truusk.store\/shop\/"},{"@type":"ListItem","position":3,"name":"TRUUSK K\u00f6ksvagn Serveringsvagn &#8211; 2 Hyllplan &#8211; R\u00e4cke &#8211; St\u00e5l &#8211; Svart + Tr\u00e4 &#8211; 82x40x75cm"}]},{"@type":"WebSite","@id":"https:\/\/truusk.store\/sv\/#website","url":"https:\/\/truusk.store\/sv\/","name":"TRUUSK - Hem, Tr\u00e4dg\u00e5rd & Fritid","description":"","publisher":{"@id":"https:\/\/truusk.store\/sv\/#organization"},"potentialAction":[{"@type":"SearchAction","target":{"@type":"EntryPoint","urlTemplate":"https:\/\/truusk.store\/sv\/?s={search_term_string}"},"query-input":{"@type":"PropertyValueSpecification","valueRequired":true,"valueName":"search_term_string"}}],"inLanguage":"sv-SE"},{"@type":"Organization","@id":"https:\/\/truusk.store\/sv\/#organization","name":"TRUUSK - Hem, Tr\u00e4dg\u00e5rd & Fritid","url":"https:\/\/truusk.store\/sv\/","logo":{"@type":"ImageObject","inLanguage":"sv-SE","@id":"https:\/\/truusk.store\/sv\/#\/schema\/logo\/image\/","url":"https:\/\/i0.wp.com\/truusk.store\/wp-content\/uploads\/2026\/03\/cropped-TRUUSK.png?fit=2032%2C917&ssl=1","contentUrl":"https:\/\/i0.wp.com\/truusk.store\/wp-content\/uploads\/2026\/03\/cropped-TRUUSK.png?fit=2032%2C917&ssl=1","width":2032,"height":917,"caption":"TRUUSK - Hem, Tr\u00e4dg\u00e5rd & Fritid"},"image":{"@id":"https:\/\/truusk.store\/sv\/#\/schema\/logo\/image\/"}}]}},"jetpack_sharing_enabled":true,"_links":{"self":[{"href":"https:\/\/truusk.store\/sv\/wp-json\/wp\/v2\/product\/38890","targetHints":{"allow":["GET"]}}],"collection":[{"href":"https:\/\/truusk.store\/sv\/wp-json\/wp\/v2\/product"}],"about":[{"href":"https:\/\/truusk.store\/sv\/wp-json\/wp\/v2\/types\/product"}],"wp:featuredmedia":[{"embeddable":true,"href":"https:\/\/truusk.store\/sv\/wp-json\/wp\/v2\/media\/38891"}],"wp:attachment":[{"href":"https:\/\/truusk.store\/sv\/wp-json\/wp\/v2\/media?parent=38890"}],"wp:term":[{"taxonomy":"product_brand","embeddable":true,"href":"https:\/\/truusk.store\/sv\/wp-json\/wp\/v2\/product_brand?post=38890"},{"taxonomy":"product_cat","embeddable":true,"href":"https:\/\/truusk.store\/sv\/wp-json\/wp\/v2\/product_cat?post=38890"},{"taxonomy":"product_tag","embeddable":true,"href":"https:\/\/truusk.store\/sv\/wp-json\/wp\/v2\/product_tag?post=38890"}],"curies":[{"name":"wp","href":"https:\/\/api.w.org\/{rel}","templated":true}]}}