{"id":38944,"date":"2024-02-14T01:43:15","date_gmt":"2024-02-14T00:43:15","guid":{"rendered":"https:\/\/truusk.store\/product\/barnbil-elbil-audi-licensierad-med-sakerhetsbalte-fjarrkontroll-ljus-svart-103-x-58-x-41cm\/"},"modified":"2026-03-12T09:14:34","modified_gmt":"2026-03-12T08:14:34","slug":"truusk-audi-licenierad-barnbil-elbil-med-fjarrkontroll-sakerhetsbalte-ljus-svart-103-x-58-x-41cm","status":"publish","type":"product","link":"https:\/\/truusk.store\/sv\/produkt\/truusk-audi-licenierad-barnbil-elbil-med-fjarrkontroll-sakerhetsbalte-ljus-svart-103-x-58-x-41cm\/","title":{"rendered":"TRUUSK Audi Licenierad Barnbil &#8211; Elbil med Fj\u00e4rrkontroll &#8211; S\u00e4kerhetsb\u00e4lte &#8211; Ljus &#8211; Svart &#8211; 103 x 58 x 41cm"},"content":{"rendered":"<p>G\u00f6r dig redo f\u00f6r en underbar tur med ditt barn n\u00e4r de \u00e5ker bredvid dig i parken i den h\u00e4r eleganta elbilen och nynnar till sin favoritmusik. Tack vare det roliga hornet kommer din lilla f\u00f6rare att varna dr\u00f6mmande vandrare och zooma f\u00f6rbi i en s\u00e4ker g\u00e5ngtakt p\u00e5 5 km\/h. Det robusta h\u00f6ljet och s\u00e4kerhetsb\u00e4ltet p\u00e5 elbilen f\u00f6r barn ger extra s\u00e4kerhet och den mjuka hjulupph\u00e4ngningen ger en mjuk k\u00f6rning \u00f6ver n\u00e4stan vilken terr\u00e4ng som helst.<\/p>\n<h3>Beskrivning:<\/h3>\n<ul>\n<li>L\u00e5g tyngdpunkt, fyrhjulsdesign f\u00f6r s\u00e4ker och tyst k\u00f6rning<\/li>\n<li>Separata horn- och musikknappar p\u00e5 ratten f\u00f6r h\u00f6gt och tydligt ljud<\/li>\n<li>Den l\u00e5ngsamma startmekanismen erbjuder ditt barn den h\u00f6gsta s\u00e4kerhetsniv\u00e5n<\/li>\n<li>Str\u00f6mindikator f\u00f6r att \u00f6vervaka \u00e5terst\u00e5ende batteriladdning<\/li>\n<li>AUX-port, USB-port och TF-kortplats f\u00f6r anslutning av musikk\u00e4lla<\/li>\n<li>Inkluderar fj\u00e4rrkontroll f\u00f6r f\u00f6r\u00e4ldrar<\/li>\n<li>Bakre transporthjul f\u00f6r enkel flyttning n\u00e4r fordonet inte beh\u00f6vs<\/li>\n<li>Tv\u00e5 hastighetsniv\u00e5er (manuell) eller tre hastighetsniv\u00e5er (fj\u00e4rrkontroll) med en maxhastighet p\u00e5 5 km\/h<\/li>\n<li>Enkel konstruktion<\/li>\n<\/ul>\n<h3>Teknisk data:<\/h3>\n<ul>\n<li>Svart f\u00e4rg<\/li>\n<li>Material: plast, j\u00e4rn<\/li>\n<li>\u00d6vergripande m\u00e5tt: 103L x 58W x 41H cm<\/li>\n<li>Sitsstorlek: 34W x 19,5D x 13H cm (fr\u00e5n golvet)<\/li>\n<li>Batteri: 12V 4,5AH<\/li>\n<li>F\u00f6rsta laddning: 8-10 timmar, vanlig laddning: 10-12 timmar<\/li>\n<li>Hastighet: 3-5km\/h<\/li>\n<li>Fj\u00e4rrkontrollens r\u00e4ckvidd: 25 m<\/li>\n<li>Lastkapacitet: 25 kg<\/li>\n<li>Rekommenderad \u00e5lder: 3-5 \u00e5r<\/li>\n<li>OBS: \u00d6vervaka alltid dina barn n\u00e4r de rider. Fj\u00e4rrkontrollen kr\u00e4ver 2 x AAA-batterier (ing\u00e5r ej)<\/li>\n<\/ul>\n<h3>Leveransens omfattning:<\/h3>\n<ul>\n<li>1 x barnbil<\/li>\n<li>1 x manuell<\/li>\n<\/ul>\n","protected":false},"excerpt":{"rendered":"<p>G\u00f6r dig redo f\u00f6r en underbar tur med ditt barn n\u00e4r de \u00e5ker bredvid dig i parken i den h\u00e4r&#8230;<\/p>\n","protected":false},"featured_media":38945,"template":"","meta":[],"product_brand":[],"product_cat":[609,610,612],"product_tag":[],"class_list":{"0":"post-38944","1":"product","2":"type-product","3":"status-publish","4":"has-post-thumbnail","6":"product_cat-baby-barn","7":"product_cat-barnfordon","8":"product_cat-elektriska-fordon","10":"first","11":"instock","12":"sale","13":"taxable","14":"shipping-taxable","15":"purchasable","16":"product-type-simple"},"yoast_head":"<!-- This site is optimized with the Yoast SEO plugin v25.4 - https:\/\/yoast.com\/wordpress\/plugins\/seo\/ -->\n<title>TRUUSK Audi Licenierad Barnbil - Elbil med Fj\u00e4rrkontroll - S\u00e4kerhetsb\u00e4lte - Ljus - Svart - 103 x 58 x 41cm - TRUUSK - Hem, Tr\u00e4dg\u00e5rd &amp; Fritid<\/title>\n<meta name=\"robots\" content=\"index, follow, max-snippet:-1, max-image-preview:large, max-video-preview:-1\" \/>\n<link rel=\"canonical\" href=\"https:\/\/truusk.store\/sv\/produkt\/truusk-audi-licenierad-barnbil-elbil-med-fjarrkontroll-sakerhetsbalte-ljus-svart-103-x-58-x-41cm\/\" \/>\n<meta property=\"og:locale\" content=\"sv_SE\" \/>\n<meta property=\"og:type\" content=\"article\" \/>\n<meta property=\"og:title\" content=\"TRUUSK Audi Licenierad Barnbil - Elbil med Fj\u00e4rrkontroll - S\u00e4kerhetsb\u00e4lte - Ljus - Svart - 103 x 58 x 41cm - TRUUSK - Hem, Tr\u00e4dg\u00e5rd &amp; Fritid\" \/>\n<meta property=\"og:description\" content=\"G\u00f6r dig redo f\u00f6r en underbar tur med ditt barn n\u00e4r de \u00e5ker bredvid dig i parken i den h\u00e4r...\" \/>\n<meta property=\"og:url\" content=\"https:\/\/truusk.store\/sv\/produkt\/truusk-audi-licenierad-barnbil-elbil-med-fjarrkontroll-sakerhetsbalte-ljus-svart-103-x-58-x-41cm\/\" \/>\n<meta property=\"og:site_name\" content=\"TRUUSK - Hem, Tr\u00e4dg\u00e5rd &amp; Fritid\" \/>\n<meta property=\"article:modified_time\" content=\"2026-03-12T08:14:34+00:00\" \/>\n<meta property=\"og:image\" content=\"https:\/\/i0.wp.com\/truusk.se\/wp-content\/uploads\/2024\/02\/barnbil-elbil-audi-licensierad-med-sakerhetsbalte-fjarrkontroll-ljus-svart-103-x-58-x-41cm.webp?fit=800%2C800&ssl=1\" \/>\n\t<meta property=\"og:image:width\" content=\"800\" \/>\n\t<meta property=\"og:image:height\" content=\"800\" \/>\n\t<meta property=\"og:image:type\" content=\"image\/webp\" \/>\n<meta name=\"twitter:card\" content=\"summary_large_image\" \/>\n<meta name=\"twitter:label1\" content=\"Ber\u00e4knad l\u00e4stid\" \/>\n\t<meta name=\"twitter:data1\" content=\"1 minut\" \/>\n<!-- \/ Yoast SEO plugin. -->","yoast_head_json":{"title":"TRUUSK Audi Licenierad Barnbil - Elbil med Fj\u00e4rrkontroll - S\u00e4kerhetsb\u00e4lte - Ljus - Svart - 103 x 58 x 41cm - TRUUSK - Hem, Tr\u00e4dg\u00e5rd &amp; Fritid","robots":{"index":"index","follow":"follow","max-snippet":"max-snippet:-1","max-image-preview":"max-image-preview:large","max-video-preview":"max-video-preview:-1"},"canonical":"https:\/\/truusk.store\/sv\/produkt\/truusk-audi-licenierad-barnbil-elbil-med-fjarrkontroll-sakerhetsbalte-ljus-svart-103-x-58-x-41cm\/","og_locale":"sv_SE","og_type":"article","og_title":"TRUUSK Audi Licenierad Barnbil - Elbil med Fj\u00e4rrkontroll - S\u00e4kerhetsb\u00e4lte - Ljus - Svart - 103 x 58 x 41cm - TRUUSK - Hem, Tr\u00e4dg\u00e5rd &amp; Fritid","og_description":"G\u00f6r dig redo f\u00f6r en underbar tur med ditt barn n\u00e4r de \u00e5ker bredvid dig i parken i den h\u00e4r...","og_url":"https:\/\/truusk.store\/sv\/produkt\/truusk-audi-licenierad-barnbil-elbil-med-fjarrkontroll-sakerhetsbalte-ljus-svart-103-x-58-x-41cm\/","og_site_name":"TRUUSK - Hem, Tr\u00e4dg\u00e5rd &amp; Fritid","article_modified_time":"2026-03-12T08:14:34+00:00","og_image":[{"width":800,"height":800,"url":"https:\/\/i0.wp.com\/truusk.se\/wp-content\/uploads\/2024\/02\/barnbil-elbil-audi-licensierad-med-sakerhetsbalte-fjarrkontroll-ljus-svart-103-x-58-x-41cm.webp?fit=800%2C800&ssl=1","type":"image\/webp"}],"twitter_card":"summary_large_image","twitter_misc":{"Ber\u00e4knad l\u00e4stid":"1 minut"},"schema":{"@context":"https:\/\/schema.org","@graph":[{"@type":"WebPage","@id":"https:\/\/truusk.store\/sv\/produkt\/truusk-audi-licenierad-barnbil-elbil-med-fjarrkontroll-sakerhetsbalte-ljus-svart-103-x-58-x-41cm\/","url":"https:\/\/truusk.store\/sv\/produkt\/truusk-audi-licenierad-barnbil-elbil-med-fjarrkontroll-sakerhetsbalte-ljus-svart-103-x-58-x-41cm\/","name":"TRUUSK Audi Licenierad Barnbil - Elbil med Fj\u00e4rrkontroll - S\u00e4kerhetsb\u00e4lte - Ljus - Svart - 103 x 58 x 41cm - TRUUSK - Hem, Tr\u00e4dg\u00e5rd &amp; Fritid","isPartOf":{"@id":"https:\/\/truusk.store\/sv\/#website"},"primaryImageOfPage":{"@id":"https:\/\/truusk.store\/sv\/produkt\/truusk-audi-licenierad-barnbil-elbil-med-fjarrkontroll-sakerhetsbalte-ljus-svart-103-x-58-x-41cm\/#primaryimage"},"image":{"@id":"https:\/\/truusk.store\/sv\/produkt\/truusk-audi-licenierad-barnbil-elbil-med-fjarrkontroll-sakerhetsbalte-ljus-svart-103-x-58-x-41cm\/#primaryimage"},"thumbnailUrl":"https:\/\/i0.wp.com\/truusk.store\/wp-content\/uploads\/2024\/02\/barnbil-elbil-audi-licensierad-med-sakerhetsbalte-fjarrkontroll-ljus-svart-103-x-58-x-41cm.webp?fit=800%2C800&ssl=1","datePublished":"2024-02-14T00:43:15+00:00","dateModified":"2026-03-12T08:14:34+00:00","breadcrumb":{"@id":"https:\/\/truusk.store\/sv\/produkt\/truusk-audi-licenierad-barnbil-elbil-med-fjarrkontroll-sakerhetsbalte-ljus-svart-103-x-58-x-41cm\/#breadcrumb"},"inLanguage":"sv-SE","potentialAction":[{"@type":"ReadAction","target":["https:\/\/truusk.store\/sv\/produkt\/truusk-audi-licenierad-barnbil-elbil-med-fjarrkontroll-sakerhetsbalte-ljus-svart-103-x-58-x-41cm\/"]}]},{"@type":"ImageObject","inLanguage":"sv-SE","@id":"https:\/\/truusk.store\/sv\/produkt\/truusk-audi-licenierad-barnbil-elbil-med-fjarrkontroll-sakerhetsbalte-ljus-svart-103-x-58-x-41cm\/#primaryimage","url":"https:\/\/i0.wp.com\/truusk.store\/wp-content\/uploads\/2024\/02\/barnbil-elbil-audi-licensierad-med-sakerhetsbalte-fjarrkontroll-ljus-svart-103-x-58-x-41cm.webp?fit=800%2C800&ssl=1","contentUrl":"https:\/\/i0.wp.com\/truusk.store\/wp-content\/uploads\/2024\/02\/barnbil-elbil-audi-licensierad-med-sakerhetsbalte-fjarrkontroll-ljus-svart-103-x-58-x-41cm.webp?fit=800%2C800&ssl=1","width":800,"height":800,"caption":"Barnbil, Elbil, Audi Licensierad, Med S\u00e4kerhetsb\u00e4lte, Fj\u00e4rrkontroll, Ljus, Svart, 103 X 58 X 41cm 1"},{"@type":"BreadcrumbList","@id":"https:\/\/truusk.store\/sv\/produkt\/truusk-audi-licenierad-barnbil-elbil-med-fjarrkontroll-sakerhetsbalte-ljus-svart-103-x-58-x-41cm\/#breadcrumb","itemListElement":[{"@type":"ListItem","position":1,"name":"Home","item":"https:\/\/truusk.store\/sv\/"},{"@type":"ListItem","position":2,"name":"Shop","item":"https:\/\/truusk.store\/shop\/"},{"@type":"ListItem","position":3,"name":"TRUUSK Audi Licenierad Barnbil &#8211; Elbil med Fj\u00e4rrkontroll &#8211; S\u00e4kerhetsb\u00e4lte &#8211; Ljus &#8211; Svart &#8211; 103 x 58 x 41cm"}]},{"@type":"WebSite","@id":"https:\/\/truusk.store\/sv\/#website","url":"https:\/\/truusk.store\/sv\/","name":"TRUUSK - Hem, Tr\u00e4dg\u00e5rd & Fritid","description":"","publisher":{"@id":"https:\/\/truusk.store\/sv\/#organization"},"potentialAction":[{"@type":"SearchAction","target":{"@type":"EntryPoint","urlTemplate":"https:\/\/truusk.store\/sv\/?s={search_term_string}"},"query-input":{"@type":"PropertyValueSpecification","valueRequired":true,"valueName":"search_term_string"}}],"inLanguage":"sv-SE"},{"@type":"Organization","@id":"https:\/\/truusk.store\/sv\/#organization","name":"TRUUSK - Hem, Tr\u00e4dg\u00e5rd & Fritid","url":"https:\/\/truusk.store\/sv\/","logo":{"@type":"ImageObject","inLanguage":"sv-SE","@id":"https:\/\/truusk.store\/sv\/#\/schema\/logo\/image\/","url":"https:\/\/i0.wp.com\/truusk.store\/wp-content\/uploads\/2026\/03\/cropped-TRUUSK.png?fit=2032%2C917&ssl=1","contentUrl":"https:\/\/i0.wp.com\/truusk.store\/wp-content\/uploads\/2026\/03\/cropped-TRUUSK.png?fit=2032%2C917&ssl=1","width":2032,"height":917,"caption":"TRUUSK - Hem, Tr\u00e4dg\u00e5rd & Fritid"},"image":{"@id":"https:\/\/truusk.store\/sv\/#\/schema\/logo\/image\/"}}]}},"jetpack_sharing_enabled":true,"_links":{"self":[{"href":"https:\/\/truusk.store\/sv\/wp-json\/wp\/v2\/product\/38944","targetHints":{"allow":["GET"]}}],"collection":[{"href":"https:\/\/truusk.store\/sv\/wp-json\/wp\/v2\/product"}],"about":[{"href":"https:\/\/truusk.store\/sv\/wp-json\/wp\/v2\/types\/product"}],"wp:featuredmedia":[{"embeddable":true,"href":"https:\/\/truusk.store\/sv\/wp-json\/wp\/v2\/media\/38945"}],"wp:attachment":[{"href":"https:\/\/truusk.store\/sv\/wp-json\/wp\/v2\/media?parent=38944"}],"wp:term":[{"taxonomy":"product_brand","embeddable":true,"href":"https:\/\/truusk.store\/sv\/wp-json\/wp\/v2\/product_brand?post=38944"},{"taxonomy":"product_cat","embeddable":true,"href":"https:\/\/truusk.store\/sv\/wp-json\/wp\/v2\/product_cat?post=38944"},{"taxonomy":"product_tag","embeddable":true,"href":"https:\/\/truusk.store\/sv\/wp-json\/wp\/v2\/product_tag?post=38944"}],"curies":[{"name":"wp","href":"https:\/\/api.w.org\/{rel}","templated":true}]}}