{"id":39060,"date":"2024-02-14T01:53:10","date_gmt":"2024-02-14T00:53:10","guid":{"rendered":"https:\/\/truusk.store\/product\/vattenhyacint-gras-cat-cave-tvattbar-kudde-44cm-x-43cm-x-42cm-ljusbrun-naturligt-tra-gra\/"},"modified":"2026-03-12T09:14:35","modified_gmt":"2026-03-12T08:14:35","slug":"truusk-kattgrotta-av-vattenhyacint-tvattbar-kudde-naturligt-tra-44cm-x-43cm-x-42cm-ljusbrun-gra","status":"publish","type":"product","link":"https:\/\/truusk.store\/sv\/produkt\/truusk-kattgrotta-av-vattenhyacint-tvattbar-kudde-naturligt-tra-44cm-x-43cm-x-42cm-ljusbrun-gra\/","title":{"rendered":"TRUUSK Kattgrotta av Vattenhyacint &#8211; Tv\u00e4ttbar Kudde &#8211; Naturligt Tr\u00e4 &#8211; 44cm x 43cm x 42cm &#8211; Ljusbrun &#8211; Gr\u00e5"},"content":{"rendered":"<p>Ge din katt en egen sovplats med denna rottingkattgrotta. Dina katter kan kl\u00e4ttra direkt upp p\u00e5 katthusets tak och njuta av en kunglig utsikt. Katter \u00e4lskar att sitta p\u00e5 dem och se v\u00e4rlden g\u00e5 f\u00f6rbi. Kattgrottan \u00e4r kompakt &#8211; perfekt f\u00f6r sm\u00e5 utrymmen. Denna retreat \u00e4r den idealiska platsen f\u00f6r dina katter att krypa ihop och ta en tupplur. De mjuka kuddarna p\u00e5 varje niv\u00e5 ger ultimat komfort.<\/p>\n<h3>Beskrivning:<\/h3>\n<ul>\n<li>Kattgrotta med utsiktsplattform<\/li>\n<li>Vattenhyacintgr\u00e4set och metallkonstruktionen g\u00f6r den stabil och h\u00e5llbar<\/li>\n<li>En mjuk kudde ger extra komfort<\/li>\n<li>L\u00e4mplig f\u00f6r inomhus och utomhus<\/li>\n<li>Hela kudden kan tv\u00e4ttas f\u00f6r enkel reng\u00f6ring<\/li>\n<li>Ger dina \u00e4lskade f\u00f6ljeslagare gott om plats att vila och leka p\u00e5<\/li>\n<li>Kattgrottan kan h\u00e5lla upp till 80 kg<\/li>\n<li>L\u00e4mplig f\u00f6r katter under 5 kg<\/li>\n<li>Enkel konstruktion<\/li>\n<\/ul>\n<h3>Teknisk data:<\/h3>\n<ul>\n<li>F\u00e4rg: ljusbrun+naturtr\u00e4+gr\u00e5<\/li>\n<li>Material: vattenhyacintgr\u00e4s, metall, flanell, paulowniatr\u00e4, plastbomull<\/li>\n<li>\u00d6vergripande m\u00e5tt: 44W x 43D x 42H cm<\/li>\n<li>Innerm\u00e5tt: 41W x 40D x 33H cm<\/li>\n<li>Katth\u00e5lsm\u00e5tt: 20 cm<\/li>\n<li>Kuddens m\u00e5tt: 38 x 2T cm<\/li>\n<li>Benh\u00f6jd (\u00f6ver marken): 12cm<\/li>\n<li>\u00d6ver-\/underbr\u00e4da: 38 cm<\/li>\n<\/ul>\n<h3>Leveransens omfattning:<\/h3>\n<ul>\n<li>1 x Rottingkatthus<\/li>\n<li>1 x manuell<\/li>\n<\/ul>\n","protected":false},"excerpt":{"rendered":"<p>Ge din katt en egen sovplats med denna rottingkattgrotta. Dina katter kan kl\u00e4ttra direkt upp p\u00e5 katthusets tak och njuta&#8230;<\/p>\n","protected":false},"featured_media":39061,"template":"","meta":[],"product_brand":[],"product_cat":[573,590,588],"product_tag":[],"class_list":{"0":"post-39060","1":"product","2":"type-product","3":"status-publish","4":"has-post-thumbnail","6":"product_cat-husdjursmaterial","7":"product_cat-kattgrottor-kattsangar","8":"product_cat-katttillbehor","10":"first","11":"instock","12":"sale","13":"taxable","14":"shipping-taxable","15":"purchasable","16":"product-type-simple"},"yoast_head":"<!-- This site is optimized with the Yoast SEO plugin v25.4 - https:\/\/yoast.com\/wordpress\/plugins\/seo\/ -->\n<title>TRUUSK Kattgrotta av Vattenhyacint - Tv\u00e4ttbar Kudde - Naturligt Tr\u00e4 - 44cm x 43cm x 42cm - Ljusbrun - Gr\u00e5 - TRUUSK - Hem, Tr\u00e4dg\u00e5rd &amp; Fritid<\/title>\n<meta name=\"robots\" content=\"index, follow, max-snippet:-1, max-image-preview:large, max-video-preview:-1\" \/>\n<link rel=\"canonical\" href=\"https:\/\/truusk.store\/sv\/produkt\/truusk-kattgrotta-av-vattenhyacint-tvattbar-kudde-naturligt-tra-44cm-x-43cm-x-42cm-ljusbrun-gra\/\" \/>\n<meta property=\"og:locale\" content=\"sv_SE\" \/>\n<meta property=\"og:type\" content=\"article\" \/>\n<meta property=\"og:title\" content=\"TRUUSK Kattgrotta av Vattenhyacint - Tv\u00e4ttbar Kudde - Naturligt Tr\u00e4 - 44cm x 43cm x 42cm - Ljusbrun - Gr\u00e5 - TRUUSK - Hem, Tr\u00e4dg\u00e5rd &amp; Fritid\" \/>\n<meta property=\"og:description\" content=\"Ge din katt en egen sovplats med denna rottingkattgrotta. Dina katter kan kl\u00e4ttra direkt upp p\u00e5 katthusets tak och njuta...\" \/>\n<meta property=\"og:url\" content=\"https:\/\/truusk.store\/sv\/produkt\/truusk-kattgrotta-av-vattenhyacint-tvattbar-kudde-naturligt-tra-44cm-x-43cm-x-42cm-ljusbrun-gra\/\" \/>\n<meta property=\"og:site_name\" content=\"TRUUSK - Hem, Tr\u00e4dg\u00e5rd &amp; Fritid\" \/>\n<meta property=\"article:modified_time\" content=\"2026-03-12T08:14:35+00:00\" \/>\n<meta property=\"og:image\" content=\"https:\/\/i0.wp.com\/truusk.se\/wp-content\/uploads\/2024\/02\/vattenhyacint-gras-cat-cave-tvattbar-kudde-44cm-x-43cm-x-42cm-ljusbrun-naturligt-tra-gra.webp?fit=800%2C800&ssl=1\" \/>\n\t<meta property=\"og:image:width\" content=\"800\" \/>\n\t<meta property=\"og:image:height\" content=\"800\" \/>\n\t<meta property=\"og:image:type\" content=\"image\/webp\" \/>\n<meta name=\"twitter:card\" content=\"summary_large_image\" \/>\n<meta name=\"twitter:label1\" content=\"Ber\u00e4knad l\u00e4stid\" \/>\n\t<meta name=\"twitter:data1\" content=\"1 minut\" \/>\n<!-- \/ Yoast SEO plugin. -->","yoast_head_json":{"title":"TRUUSK Kattgrotta av Vattenhyacint - Tv\u00e4ttbar Kudde - Naturligt Tr\u00e4 - 44cm x 43cm x 42cm - Ljusbrun - Gr\u00e5 - TRUUSK - Hem, Tr\u00e4dg\u00e5rd &amp; Fritid","robots":{"index":"index","follow":"follow","max-snippet":"max-snippet:-1","max-image-preview":"max-image-preview:large","max-video-preview":"max-video-preview:-1"},"canonical":"https:\/\/truusk.store\/sv\/produkt\/truusk-kattgrotta-av-vattenhyacint-tvattbar-kudde-naturligt-tra-44cm-x-43cm-x-42cm-ljusbrun-gra\/","og_locale":"sv_SE","og_type":"article","og_title":"TRUUSK Kattgrotta av Vattenhyacint - Tv\u00e4ttbar Kudde - Naturligt Tr\u00e4 - 44cm x 43cm x 42cm - Ljusbrun - Gr\u00e5 - TRUUSK - Hem, Tr\u00e4dg\u00e5rd &amp; Fritid","og_description":"Ge din katt en egen sovplats med denna rottingkattgrotta. Dina katter kan kl\u00e4ttra direkt upp p\u00e5 katthusets tak och njuta...","og_url":"https:\/\/truusk.store\/sv\/produkt\/truusk-kattgrotta-av-vattenhyacint-tvattbar-kudde-naturligt-tra-44cm-x-43cm-x-42cm-ljusbrun-gra\/","og_site_name":"TRUUSK - Hem, Tr\u00e4dg\u00e5rd &amp; Fritid","article_modified_time":"2026-03-12T08:14:35+00:00","og_image":[{"width":800,"height":800,"url":"https:\/\/i0.wp.com\/truusk.se\/wp-content\/uploads\/2024\/02\/vattenhyacint-gras-cat-cave-tvattbar-kudde-44cm-x-43cm-x-42cm-ljusbrun-naturligt-tra-gra.webp?fit=800%2C800&ssl=1","type":"image\/webp"}],"twitter_card":"summary_large_image","twitter_misc":{"Ber\u00e4knad l\u00e4stid":"1 minut"},"schema":{"@context":"https:\/\/schema.org","@graph":[{"@type":"WebPage","@id":"https:\/\/truusk.store\/sv\/produkt\/truusk-kattgrotta-av-vattenhyacint-tvattbar-kudde-naturligt-tra-44cm-x-43cm-x-42cm-ljusbrun-gra\/","url":"https:\/\/truusk.store\/sv\/produkt\/truusk-kattgrotta-av-vattenhyacint-tvattbar-kudde-naturligt-tra-44cm-x-43cm-x-42cm-ljusbrun-gra\/","name":"TRUUSK Kattgrotta av Vattenhyacint - Tv\u00e4ttbar Kudde - Naturligt Tr\u00e4 - 44cm x 43cm x 42cm - Ljusbrun - Gr\u00e5 - TRUUSK - Hem, Tr\u00e4dg\u00e5rd &amp; Fritid","isPartOf":{"@id":"https:\/\/truusk.store\/sv\/#website"},"primaryImageOfPage":{"@id":"https:\/\/truusk.store\/sv\/produkt\/truusk-kattgrotta-av-vattenhyacint-tvattbar-kudde-naturligt-tra-44cm-x-43cm-x-42cm-ljusbrun-gra\/#primaryimage"},"image":{"@id":"https:\/\/truusk.store\/sv\/produkt\/truusk-kattgrotta-av-vattenhyacint-tvattbar-kudde-naturligt-tra-44cm-x-43cm-x-42cm-ljusbrun-gra\/#primaryimage"},"thumbnailUrl":"https:\/\/i0.wp.com\/truusk.store\/wp-content\/uploads\/2024\/02\/vattenhyacint-gras-cat-cave-tvattbar-kudde-44cm-x-43cm-x-42cm-ljusbrun-naturligt-tra-gra.webp?fit=800%2C800&ssl=1","datePublished":"2024-02-14T00:53:10+00:00","dateModified":"2026-03-12T08:14:35+00:00","breadcrumb":{"@id":"https:\/\/truusk.store\/sv\/produkt\/truusk-kattgrotta-av-vattenhyacint-tvattbar-kudde-naturligt-tra-44cm-x-43cm-x-42cm-ljusbrun-gra\/#breadcrumb"},"inLanguage":"sv-SE","potentialAction":[{"@type":"ReadAction","target":["https:\/\/truusk.store\/sv\/produkt\/truusk-kattgrotta-av-vattenhyacint-tvattbar-kudde-naturligt-tra-44cm-x-43cm-x-42cm-ljusbrun-gra\/"]}]},{"@type":"ImageObject","inLanguage":"sv-SE","@id":"https:\/\/truusk.store\/sv\/produkt\/truusk-kattgrotta-av-vattenhyacint-tvattbar-kudde-naturligt-tra-44cm-x-43cm-x-42cm-ljusbrun-gra\/#primaryimage","url":"https:\/\/i0.wp.com\/truusk.store\/wp-content\/uploads\/2024\/02\/vattenhyacint-gras-cat-cave-tvattbar-kudde-44cm-x-43cm-x-42cm-ljusbrun-naturligt-tra-gra.webp?fit=800%2C800&ssl=1","contentUrl":"https:\/\/i0.wp.com\/truusk.store\/wp-content\/uploads\/2024\/02\/vattenhyacint-gras-cat-cave-tvattbar-kudde-44cm-x-43cm-x-42cm-ljusbrun-naturligt-tra-gra.webp?fit=800%2C800&ssl=1","width":800,"height":800,"caption":"Vattenhyacint Gr\u00e4s Cat Cave Tv\u00e4ttbar Kudde 44cm X 43cm X 42cm Ljusbrun + Naturligt Tr\u00e4 + Gr\u00e5 1"},{"@type":"BreadcrumbList","@id":"https:\/\/truusk.store\/sv\/produkt\/truusk-kattgrotta-av-vattenhyacint-tvattbar-kudde-naturligt-tra-44cm-x-43cm-x-42cm-ljusbrun-gra\/#breadcrumb","itemListElement":[{"@type":"ListItem","position":1,"name":"Home","item":"https:\/\/truusk.store\/sv\/"},{"@type":"ListItem","position":2,"name":"Shop","item":"https:\/\/truusk.store\/shop\/"},{"@type":"ListItem","position":3,"name":"TRUUSK Kattgrotta av Vattenhyacint &#8211; Tv\u00e4ttbar Kudde &#8211; Naturligt Tr\u00e4 &#8211; 44cm x 43cm x 42cm &#8211; Ljusbrun &#8211; Gr\u00e5"}]},{"@type":"WebSite","@id":"https:\/\/truusk.store\/sv\/#website","url":"https:\/\/truusk.store\/sv\/","name":"TRUUSK - Hem, Tr\u00e4dg\u00e5rd & Fritid","description":"","publisher":{"@id":"https:\/\/truusk.store\/sv\/#organization"},"potentialAction":[{"@type":"SearchAction","target":{"@type":"EntryPoint","urlTemplate":"https:\/\/truusk.store\/sv\/?s={search_term_string}"},"query-input":{"@type":"PropertyValueSpecification","valueRequired":true,"valueName":"search_term_string"}}],"inLanguage":"sv-SE"},{"@type":"Organization","@id":"https:\/\/truusk.store\/sv\/#organization","name":"TRUUSK - Hem, Tr\u00e4dg\u00e5rd & Fritid","url":"https:\/\/truusk.store\/sv\/","logo":{"@type":"ImageObject","inLanguage":"sv-SE","@id":"https:\/\/truusk.store\/sv\/#\/schema\/logo\/image\/","url":"https:\/\/i0.wp.com\/truusk.store\/wp-content\/uploads\/2026\/03\/cropped-TRUUSK.png?fit=2032%2C917&ssl=1","contentUrl":"https:\/\/i0.wp.com\/truusk.store\/wp-content\/uploads\/2026\/03\/cropped-TRUUSK.png?fit=2032%2C917&ssl=1","width":2032,"height":917,"caption":"TRUUSK - Hem, Tr\u00e4dg\u00e5rd & Fritid"},"image":{"@id":"https:\/\/truusk.store\/sv\/#\/schema\/logo\/image\/"}}]}},"jetpack_sharing_enabled":true,"_links":{"self":[{"href":"https:\/\/truusk.store\/sv\/wp-json\/wp\/v2\/product\/39060","targetHints":{"allow":["GET"]}}],"collection":[{"href":"https:\/\/truusk.store\/sv\/wp-json\/wp\/v2\/product"}],"about":[{"href":"https:\/\/truusk.store\/sv\/wp-json\/wp\/v2\/types\/product"}],"wp:featuredmedia":[{"embeddable":true,"href":"https:\/\/truusk.store\/sv\/wp-json\/wp\/v2\/media\/39061"}],"wp:attachment":[{"href":"https:\/\/truusk.store\/sv\/wp-json\/wp\/v2\/media?parent=39060"}],"wp:term":[{"taxonomy":"product_brand","embeddable":true,"href":"https:\/\/truusk.store\/sv\/wp-json\/wp\/v2\/product_brand?post=39060"},{"taxonomy":"product_cat","embeddable":true,"href":"https:\/\/truusk.store\/sv\/wp-json\/wp\/v2\/product_cat?post=39060"},{"taxonomy":"product_tag","embeddable":true,"href":"https:\/\/truusk.store\/sv\/wp-json\/wp\/v2\/product_tag?post=39060"}],"curies":[{"name":"wp","href":"https:\/\/api.w.org\/{rel}","templated":true}]}}