{"id":39092,"date":"2024-02-14T01:54:27","date_gmt":"2024-02-14T00:54:27","guid":{"rendered":"https:\/\/truusk.store\/product\/katttunnel-2-kattgrottor-skrapytor-och-bollleksaker-98-cm-x-30-cm-x-30-cm-brun-beige\/"},"modified":"2026-03-12T09:14:35","modified_gmt":"2026-03-12T08:14:35","slug":"truusk-katttunnel-med-2-grottor-skrapytor-och-bollleksaker-98-cm-x-30-cm-x-30-cm-brun-och-beige","status":"publish","type":"product","link":"https:\/\/truusk.store\/sv\/produkt\/truusk-katttunnel-med-2-grottor-skrapytor-och-bollleksaker-98-cm-x-30-cm-x-30-cm-brun-och-beige\/","title":{"rendered":"TRUUSK Katttunnel med 2 grottor &#8211; Skrapytor och bollleksaker &#8211; 98 cm x 30 cm x 30 cm &#8211; Brun och beige"},"content":{"rendered":"<p>Letar du efter en lektunnel f\u00f6r att underh\u00e5lla dina kattv\u00e4nner? Med v\u00e5r katttunnel har du m\u00e5nga alternativ. Det \u00e4r inte bara av h\u00f6g kvalitet, utan det kommer ocks\u00e5 med mycket fascinerande inneh\u00e5ll. Den inneh\u00e5ller tv\u00e5 sisallindade avkopplingsplatser f\u00f6r ditt husdjur att klia, en h\u00e4ngande boll och en lektunnel &#8211; allt en katt beh\u00f6ver.<\/p>\n<h3>Beskrivning:<\/h3>\n<ul>\n<li>Kattgrottor \u00e4r en mysig plats att koppla av<\/li>\n<li>En tunneldesign \u00e4r idealisk f\u00f6r att utforska interi\u00f6ren<\/li>\n<li>Flera ing\u00e5ngar genom vilka katterna kan passera fritt<\/li>\n<li>Den dinglande bollen bjuder in katterna att leka och ger extra kul<\/li>\n<li>Robust och h\u00e5llbart tr\u00e4material<\/li>\n<li>Sisalmaterialet h\u00e5ller tassarna vassa och skyddar m\u00f6bler<\/li>\n<\/ul>\n<h3>Teknisk data:<\/h3>\n<ul>\n<li>F\u00e4rg: Brun+Beige<\/li>\n<li>Material: sp\u00e5nskiva, ludd, sisal<\/li>\n<li>\u00d6vergripande m\u00e5tt: 98L x 30W x 30H cm<\/li>\n<li>M\u00e5tt p\u00e5 den stora l\u00e4genheten: 30W x 30D x 30H cm. M\u00e5tt p\u00e5 \u00f6ppningen: 17,5W x 17,5H cm (fyrkantig)<\/li>\n<li>17 cm (rund)<\/li>\n<li>M\u00e5tt p\u00e5 den lilla l\u00e4genheten: 25W x 25D x 25H cm. D\u00f6rrm\u00e5tt: 20W x 20H cm (fyrkantig). 16 cm (rund)<\/li>\n<li>Rekommenderad kattvikt: 10 kg<\/li>\n<li>Viktkapacitet: 30 kg<\/li>\n<\/ul>\n<h3>Leveransens omfattning:<\/h3>\n<ul>\n<li>1 x Cat Tunnel<\/li>\n<li>1 x h\u00e4ngande boll<\/li>\n<\/ul>\n","protected":false},"excerpt":{"rendered":"<p>Letar du efter en lektunnel f\u00f6r att underh\u00e5lla dina kattv\u00e4nner? Med v\u00e5r katttunnel har du m\u00e5nga alternativ. Det \u00e4r inte&#8230;<\/p>\n","protected":false},"featured_media":39093,"template":"","meta":[],"product_brand":[],"product_cat":[573,590,588],"product_tag":[],"class_list":{"0":"post-39092","1":"product","2":"type-product","3":"status-publish","4":"has-post-thumbnail","6":"product_cat-husdjursmaterial","7":"product_cat-kattgrottor-kattsangar","8":"product_cat-katttillbehor","10":"first","11":"instock","12":"sale","13":"taxable","14":"shipping-taxable","15":"purchasable","16":"product-type-simple"},"yoast_head":"<!-- This site is optimized with the Yoast SEO plugin v25.4 - https:\/\/yoast.com\/wordpress\/plugins\/seo\/ -->\n<title>TRUUSK Katttunnel med 2 grottor - Skrapytor och bollleksaker - 98 cm x 30 cm x 30 cm - Brun och beige - TRUUSK - Hem, Tr\u00e4dg\u00e5rd &amp; Fritid<\/title>\n<meta name=\"robots\" content=\"index, follow, max-snippet:-1, max-image-preview:large, max-video-preview:-1\" \/>\n<link rel=\"canonical\" href=\"https:\/\/truusk.store\/sv\/produkt\/truusk-katttunnel-med-2-grottor-skrapytor-och-bollleksaker-98-cm-x-30-cm-x-30-cm-brun-och-beige\/\" \/>\n<meta property=\"og:locale\" content=\"sv_SE\" \/>\n<meta property=\"og:type\" content=\"article\" \/>\n<meta property=\"og:title\" content=\"TRUUSK Katttunnel med 2 grottor - Skrapytor och bollleksaker - 98 cm x 30 cm x 30 cm - Brun och beige - TRUUSK - Hem, Tr\u00e4dg\u00e5rd &amp; Fritid\" \/>\n<meta property=\"og:description\" content=\"Letar du efter en lektunnel f\u00f6r att underh\u00e5lla dina kattv\u00e4nner? Med v\u00e5r katttunnel har du m\u00e5nga alternativ. Det \u00e4r inte...\" \/>\n<meta property=\"og:url\" content=\"https:\/\/truusk.store\/sv\/produkt\/truusk-katttunnel-med-2-grottor-skrapytor-och-bollleksaker-98-cm-x-30-cm-x-30-cm-brun-och-beige\/\" \/>\n<meta property=\"og:site_name\" content=\"TRUUSK - Hem, Tr\u00e4dg\u00e5rd &amp; Fritid\" \/>\n<meta property=\"article:modified_time\" content=\"2026-03-12T08:14:35+00:00\" \/>\n<meta property=\"og:image\" content=\"https:\/\/i0.wp.com\/truusk.se\/wp-content\/uploads\/2024\/02\/katttunnel-2-kattgrottor-skrapytor-och-bollleksaker-98-cm-x-30-cm-x-30-cm-brun-beige.webp?fit=800%2C800&ssl=1\" \/>\n\t<meta property=\"og:image:width\" content=\"800\" \/>\n\t<meta property=\"og:image:height\" content=\"800\" \/>\n\t<meta property=\"og:image:type\" content=\"image\/webp\" \/>\n<meta name=\"twitter:card\" content=\"summary_large_image\" \/>\n<meta name=\"twitter:label1\" content=\"Ber\u00e4knad l\u00e4stid\" \/>\n\t<meta name=\"twitter:data1\" content=\"1 minut\" \/>\n<!-- \/ Yoast SEO plugin. -->","yoast_head_json":{"title":"TRUUSK Katttunnel med 2 grottor - Skrapytor och bollleksaker - 98 cm x 30 cm x 30 cm - Brun och beige - TRUUSK - Hem, Tr\u00e4dg\u00e5rd &amp; Fritid","robots":{"index":"index","follow":"follow","max-snippet":"max-snippet:-1","max-image-preview":"max-image-preview:large","max-video-preview":"max-video-preview:-1"},"canonical":"https:\/\/truusk.store\/sv\/produkt\/truusk-katttunnel-med-2-grottor-skrapytor-och-bollleksaker-98-cm-x-30-cm-x-30-cm-brun-och-beige\/","og_locale":"sv_SE","og_type":"article","og_title":"TRUUSK Katttunnel med 2 grottor - Skrapytor och bollleksaker - 98 cm x 30 cm x 30 cm - Brun och beige - TRUUSK - Hem, Tr\u00e4dg\u00e5rd &amp; Fritid","og_description":"Letar du efter en lektunnel f\u00f6r att underh\u00e5lla dina kattv\u00e4nner? Med v\u00e5r katttunnel har du m\u00e5nga alternativ. Det \u00e4r inte...","og_url":"https:\/\/truusk.store\/sv\/produkt\/truusk-katttunnel-med-2-grottor-skrapytor-och-bollleksaker-98-cm-x-30-cm-x-30-cm-brun-och-beige\/","og_site_name":"TRUUSK - Hem, Tr\u00e4dg\u00e5rd &amp; Fritid","article_modified_time":"2026-03-12T08:14:35+00:00","og_image":[{"width":800,"height":800,"url":"https:\/\/i0.wp.com\/truusk.se\/wp-content\/uploads\/2024\/02\/katttunnel-2-kattgrottor-skrapytor-och-bollleksaker-98-cm-x-30-cm-x-30-cm-brun-beige.webp?fit=800%2C800&ssl=1","type":"image\/webp"}],"twitter_card":"summary_large_image","twitter_misc":{"Ber\u00e4knad l\u00e4stid":"1 minut"},"schema":{"@context":"https:\/\/schema.org","@graph":[{"@type":"WebPage","@id":"https:\/\/truusk.store\/sv\/produkt\/truusk-katttunnel-med-2-grottor-skrapytor-och-bollleksaker-98-cm-x-30-cm-x-30-cm-brun-och-beige\/","url":"https:\/\/truusk.store\/sv\/produkt\/truusk-katttunnel-med-2-grottor-skrapytor-och-bollleksaker-98-cm-x-30-cm-x-30-cm-brun-och-beige\/","name":"TRUUSK Katttunnel med 2 grottor - Skrapytor och bollleksaker - 98 cm x 30 cm x 30 cm - Brun och beige - TRUUSK - Hem, Tr\u00e4dg\u00e5rd &amp; Fritid","isPartOf":{"@id":"https:\/\/truusk.store\/sv\/#website"},"primaryImageOfPage":{"@id":"https:\/\/truusk.store\/sv\/produkt\/truusk-katttunnel-med-2-grottor-skrapytor-och-bollleksaker-98-cm-x-30-cm-x-30-cm-brun-och-beige\/#primaryimage"},"image":{"@id":"https:\/\/truusk.store\/sv\/produkt\/truusk-katttunnel-med-2-grottor-skrapytor-och-bollleksaker-98-cm-x-30-cm-x-30-cm-brun-och-beige\/#primaryimage"},"thumbnailUrl":"https:\/\/i0.wp.com\/truusk.store\/wp-content\/uploads\/2024\/02\/katttunnel-2-kattgrottor-skrapytor-och-bollleksaker-98-cm-x-30-cm-x-30-cm-brun-beige.webp?fit=800%2C800&ssl=1","datePublished":"2024-02-14T00:54:27+00:00","dateModified":"2026-03-12T08:14:35+00:00","breadcrumb":{"@id":"https:\/\/truusk.store\/sv\/produkt\/truusk-katttunnel-med-2-grottor-skrapytor-och-bollleksaker-98-cm-x-30-cm-x-30-cm-brun-och-beige\/#breadcrumb"},"inLanguage":"sv-SE","potentialAction":[{"@type":"ReadAction","target":["https:\/\/truusk.store\/sv\/produkt\/truusk-katttunnel-med-2-grottor-skrapytor-och-bollleksaker-98-cm-x-30-cm-x-30-cm-brun-och-beige\/"]}]},{"@type":"ImageObject","inLanguage":"sv-SE","@id":"https:\/\/truusk.store\/sv\/produkt\/truusk-katttunnel-med-2-grottor-skrapytor-och-bollleksaker-98-cm-x-30-cm-x-30-cm-brun-och-beige\/#primaryimage","url":"https:\/\/i0.wp.com\/truusk.store\/wp-content\/uploads\/2024\/02\/katttunnel-2-kattgrottor-skrapytor-och-bollleksaker-98-cm-x-30-cm-x-30-cm-brun-beige.webp?fit=800%2C800&ssl=1","contentUrl":"https:\/\/i0.wp.com\/truusk.store\/wp-content\/uploads\/2024\/02\/katttunnel-2-kattgrottor-skrapytor-och-bollleksaker-98-cm-x-30-cm-x-30-cm-brun-beige.webp?fit=800%2C800&ssl=1","width":800,"height":800,"caption":"Katttunnel, 2 Kattgrottor, Skrapytor Och Bollleksaker, 98 Cm X 30 Cm X 30 Cm, Brun + Beige 1"},{"@type":"BreadcrumbList","@id":"https:\/\/truusk.store\/sv\/produkt\/truusk-katttunnel-med-2-grottor-skrapytor-och-bollleksaker-98-cm-x-30-cm-x-30-cm-brun-och-beige\/#breadcrumb","itemListElement":[{"@type":"ListItem","position":1,"name":"Home","item":"https:\/\/truusk.store\/sv\/"},{"@type":"ListItem","position":2,"name":"Shop","item":"https:\/\/truusk.store\/shop\/"},{"@type":"ListItem","position":3,"name":"TRUUSK Katttunnel med 2 grottor &#8211; Skrapytor och bollleksaker &#8211; 98 cm x 30 cm x 30 cm &#8211; Brun och beige"}]},{"@type":"WebSite","@id":"https:\/\/truusk.store\/sv\/#website","url":"https:\/\/truusk.store\/sv\/","name":"TRUUSK - Hem, Tr\u00e4dg\u00e5rd & Fritid","description":"","publisher":{"@id":"https:\/\/truusk.store\/sv\/#organization"},"potentialAction":[{"@type":"SearchAction","target":{"@type":"EntryPoint","urlTemplate":"https:\/\/truusk.store\/sv\/?s={search_term_string}"},"query-input":{"@type":"PropertyValueSpecification","valueRequired":true,"valueName":"search_term_string"}}],"inLanguage":"sv-SE"},{"@type":"Organization","@id":"https:\/\/truusk.store\/sv\/#organization","name":"TRUUSK - Hem, Tr\u00e4dg\u00e5rd & Fritid","url":"https:\/\/truusk.store\/sv\/","logo":{"@type":"ImageObject","inLanguage":"sv-SE","@id":"https:\/\/truusk.store\/sv\/#\/schema\/logo\/image\/","url":"https:\/\/i0.wp.com\/truusk.store\/wp-content\/uploads\/2026\/03\/cropped-TRUUSK.png?fit=2032%2C917&ssl=1","contentUrl":"https:\/\/i0.wp.com\/truusk.store\/wp-content\/uploads\/2026\/03\/cropped-TRUUSK.png?fit=2032%2C917&ssl=1","width":2032,"height":917,"caption":"TRUUSK - Hem, Tr\u00e4dg\u00e5rd & Fritid"},"image":{"@id":"https:\/\/truusk.store\/sv\/#\/schema\/logo\/image\/"}}]}},"jetpack_sharing_enabled":true,"_links":{"self":[{"href":"https:\/\/truusk.store\/sv\/wp-json\/wp\/v2\/product\/39092","targetHints":{"allow":["GET"]}}],"collection":[{"href":"https:\/\/truusk.store\/sv\/wp-json\/wp\/v2\/product"}],"about":[{"href":"https:\/\/truusk.store\/sv\/wp-json\/wp\/v2\/types\/product"}],"wp:featuredmedia":[{"embeddable":true,"href":"https:\/\/truusk.store\/sv\/wp-json\/wp\/v2\/media\/39093"}],"wp:attachment":[{"href":"https:\/\/truusk.store\/sv\/wp-json\/wp\/v2\/media?parent=39092"}],"wp:term":[{"taxonomy":"product_brand","embeddable":true,"href":"https:\/\/truusk.store\/sv\/wp-json\/wp\/v2\/product_brand?post=39092"},{"taxonomy":"product_cat","embeddable":true,"href":"https:\/\/truusk.store\/sv\/wp-json\/wp\/v2\/product_cat?post=39092"},{"taxonomy":"product_tag","embeddable":true,"href":"https:\/\/truusk.store\/sv\/wp-json\/wp\/v2\/product_tag?post=39092"}],"curies":[{"name":"wp","href":"https:\/\/api.w.org\/{rel}","templated":true}]}}