{"id":39104,"date":"2024-02-14T01:54:49","date_gmt":"2024-02-14T00:54:49","guid":{"rendered":"https:\/\/truusk.store\/product\/sminkbord-for-husdjur-sminkbord-for-husdjur-hojdjusterbart-36-x-8-x-74-cm-silver\/"},"modified":"2026-03-12T09:14:36","modified_gmt":"2026-03-12T08:14:36","slug":"truusk-sminkbord-for-husdjur-hojdjusterbart-36-x-8-x-74-cm-silver","status":"publish","type":"product","link":"https:\/\/truusk.store\/sv\/produkt\/truusk-sminkbord-for-husdjur-hojdjusterbart-36-x-8-x-74-cm-silver\/","title":{"rendered":"TRUUSK Sminkbord f\u00f6r Husdjur &#8211; H\u00f6jdjusterbart &#8211; 36 x 8 x 74 cm &#8211; Silver"},"content":{"rendered":"<p>Trimbordsarmen \u00e4r en utm\u00e4rkt investering f\u00f6r alla professionella eller privata hundfris\u00f6rer. Det \u00e4r en professionell v\u00e5rdapparat. Utrustad med en justerbar trimst\u00e5ng \u00e4r den l\u00e4mplig f\u00f6r olika husdjur och g\u00f6r det l\u00e4ttare att bada, trimma, torka och sk\u00f6ta ditt husdjur. Med kl\u00e4mma och rem f\u00f6r ett s\u00e4kert grepp.<\/p>\n<h3>Beskrivning:<\/h3>\n<ul>\n<li>Den rostfria ramen \u00e4r stabil och h\u00e5llbar<\/li>\n<li>Vikbar f\u00f6r enkel f\u00f6rvaring<\/li>\n<li>Den h\u00f6j- och s\u00e4nkbara st\u00e5ngen \u00e4r utrustad med h\u00f6ftst\u00f6d och ett sp\u00e4nne, vilket g\u00f6r den l\u00e4mplig f\u00f6r hundar i olika storlekar<\/li>\n<li>Ramen kan f\u00e4stas s\u00e4kert p\u00e5 de flesta sminkbord med en maximal tjocklek p\u00e5 2,7 cm<\/li>\n<li>L\u00e4mplig f\u00f6r medelstora hundar som v\u00e4ger upp till 20 kg och en axelh\u00f6jd p\u00e5 mindre \u00e4n 50 cm<\/li>\n<\/ul>\n<h3>Teknisk data:<\/h3>\n<ul>\n<li>silver<\/li>\n<li>Material: aluminium, rostfritt st\u00e5l<\/li>\n<li>Totala m\u00e5tt: 36L x 8W x 74H cm<\/li>\n<li>Armm\u00e5tt: 74 cm (l\u00e5ng), 35,5 cm (kort)<\/li>\n<li>H\u00f6jd p\u00e5 v\u00e5rdarmen: max 65 cm (fr\u00e5n bordet)<\/li>\n<li>M\u00e5tt vikta: 13L x 8W x 74H cm<\/li>\n<li>M\u00e5tt p\u00e5 selen: 36 cm (gr\u00f6n), 45 cm (r\u00f6d)<\/li>\n<li>V\u00e5rdslingans m\u00e5tt: 40 cm<\/li>\n<\/ul>\n<h3>Leveransens omfattning:<\/h3>\n<ul>\n<li>1 x toalettarm;<\/li>\n<\/ul>\n","protected":false},"excerpt":{"rendered":"<p>Trimbordsarmen \u00e4r en utm\u00e4rkt investering f\u00f6r alla professionella eller privata hundfris\u00f6rer. Det \u00e4r en professionell v\u00e5rdapparat. Utrustad med en justerbar&#8230;<\/p>\n","protected":false},"featured_media":39105,"template":"","meta":[],"product_brand":[],"product_cat":[582,574,573,722],"product_tag":[],"class_list":{"0":"post-39104","1":"product","2":"type-product","3":"status-publish","4":"has-post-thumbnail","6":"product_cat-hundklippning","7":"product_cat-hundtillbehor","8":"product_cat-husdjursmaterial","9":"product_cat-skotselbord","11":"first","12":"instock","13":"sale","14":"taxable","15":"shipping-taxable","16":"purchasable","17":"product-type-simple"},"yoast_head":"<!-- This site is optimized with the Yoast SEO plugin v25.4 - https:\/\/yoast.com\/wordpress\/plugins\/seo\/ -->\n<title>TRUUSK Sminkbord f\u00f6r Husdjur - H\u00f6jdjusterbart - 36 x 8 x 74 cm - Silver - TRUUSK - Hem, Tr\u00e4dg\u00e5rd &amp; Fritid<\/title>\n<meta name=\"robots\" content=\"index, follow, max-snippet:-1, max-image-preview:large, max-video-preview:-1\" \/>\n<link rel=\"canonical\" href=\"https:\/\/truusk.store\/sv\/produkt\/truusk-sminkbord-for-husdjur-hojdjusterbart-36-x-8-x-74-cm-silver\/\" \/>\n<meta property=\"og:locale\" content=\"sv_SE\" \/>\n<meta property=\"og:type\" content=\"article\" \/>\n<meta property=\"og:title\" content=\"TRUUSK Sminkbord f\u00f6r Husdjur - H\u00f6jdjusterbart - 36 x 8 x 74 cm - Silver - TRUUSK - Hem, Tr\u00e4dg\u00e5rd &amp; Fritid\" \/>\n<meta property=\"og:description\" content=\"Trimbordsarmen \u00e4r en utm\u00e4rkt investering f\u00f6r alla professionella eller privata hundfris\u00f6rer. Det \u00e4r en professionell v\u00e5rdapparat. Utrustad med en justerbar...\" \/>\n<meta property=\"og:url\" content=\"https:\/\/truusk.store\/sv\/produkt\/truusk-sminkbord-for-husdjur-hojdjusterbart-36-x-8-x-74-cm-silver\/\" \/>\n<meta property=\"og:site_name\" content=\"TRUUSK - Hem, Tr\u00e4dg\u00e5rd &amp; Fritid\" \/>\n<meta property=\"article:modified_time\" content=\"2026-03-12T08:14:36+00:00\" \/>\n<meta property=\"og:image\" content=\"https:\/\/i0.wp.com\/truusk.se\/wp-content\/uploads\/2024\/02\/sminkbord-for-husdjur-sminkbord-for-husdjur-hojdjusterbart-36-x-8-x-74-cm-silver.webp?fit=800%2C800&ssl=1\" \/>\n\t<meta property=\"og:image:width\" content=\"800\" \/>\n\t<meta property=\"og:image:height\" content=\"800\" \/>\n\t<meta property=\"og:image:type\" content=\"image\/webp\" \/>\n<meta name=\"twitter:card\" content=\"summary_large_image\" \/>\n<meta name=\"twitter:label1\" content=\"Ber\u00e4knad l\u00e4stid\" \/>\n\t<meta name=\"twitter:data1\" content=\"1 minut\" \/>\n<!-- \/ Yoast SEO plugin. -->","yoast_head_json":{"title":"TRUUSK Sminkbord f\u00f6r Husdjur - H\u00f6jdjusterbart - 36 x 8 x 74 cm - Silver - TRUUSK - Hem, Tr\u00e4dg\u00e5rd &amp; Fritid","robots":{"index":"index","follow":"follow","max-snippet":"max-snippet:-1","max-image-preview":"max-image-preview:large","max-video-preview":"max-video-preview:-1"},"canonical":"https:\/\/truusk.store\/sv\/produkt\/truusk-sminkbord-for-husdjur-hojdjusterbart-36-x-8-x-74-cm-silver\/","og_locale":"sv_SE","og_type":"article","og_title":"TRUUSK Sminkbord f\u00f6r Husdjur - H\u00f6jdjusterbart - 36 x 8 x 74 cm - Silver - TRUUSK - Hem, Tr\u00e4dg\u00e5rd &amp; Fritid","og_description":"Trimbordsarmen \u00e4r en utm\u00e4rkt investering f\u00f6r alla professionella eller privata hundfris\u00f6rer. Det \u00e4r en professionell v\u00e5rdapparat. Utrustad med en justerbar...","og_url":"https:\/\/truusk.store\/sv\/produkt\/truusk-sminkbord-for-husdjur-hojdjusterbart-36-x-8-x-74-cm-silver\/","og_site_name":"TRUUSK - Hem, Tr\u00e4dg\u00e5rd &amp; Fritid","article_modified_time":"2026-03-12T08:14:36+00:00","og_image":[{"width":800,"height":800,"url":"https:\/\/i0.wp.com\/truusk.se\/wp-content\/uploads\/2024\/02\/sminkbord-for-husdjur-sminkbord-for-husdjur-hojdjusterbart-36-x-8-x-74-cm-silver.webp?fit=800%2C800&ssl=1","type":"image\/webp"}],"twitter_card":"summary_large_image","twitter_misc":{"Ber\u00e4knad l\u00e4stid":"1 minut"},"schema":{"@context":"https:\/\/schema.org","@graph":[{"@type":"WebPage","@id":"https:\/\/truusk.store\/sv\/produkt\/truusk-sminkbord-for-husdjur-hojdjusterbart-36-x-8-x-74-cm-silver\/","url":"https:\/\/truusk.store\/sv\/produkt\/truusk-sminkbord-for-husdjur-hojdjusterbart-36-x-8-x-74-cm-silver\/","name":"TRUUSK Sminkbord f\u00f6r Husdjur - H\u00f6jdjusterbart - 36 x 8 x 74 cm - Silver - TRUUSK - Hem, Tr\u00e4dg\u00e5rd &amp; Fritid","isPartOf":{"@id":"https:\/\/truusk.store\/sv\/#website"},"primaryImageOfPage":{"@id":"https:\/\/truusk.store\/sv\/produkt\/truusk-sminkbord-for-husdjur-hojdjusterbart-36-x-8-x-74-cm-silver\/#primaryimage"},"image":{"@id":"https:\/\/truusk.store\/sv\/produkt\/truusk-sminkbord-for-husdjur-hojdjusterbart-36-x-8-x-74-cm-silver\/#primaryimage"},"thumbnailUrl":"https:\/\/i0.wp.com\/truusk.store\/wp-content\/uploads\/2024\/02\/sminkbord-for-husdjur-sminkbord-for-husdjur-hojdjusterbart-36-x-8-x-74-cm-silver.webp?fit=800%2C800&ssl=1","datePublished":"2024-02-14T00:54:49+00:00","dateModified":"2026-03-12T08:14:36+00:00","breadcrumb":{"@id":"https:\/\/truusk.store\/sv\/produkt\/truusk-sminkbord-for-husdjur-hojdjusterbart-36-x-8-x-74-cm-silver\/#breadcrumb"},"inLanguage":"sv-SE","potentialAction":[{"@type":"ReadAction","target":["https:\/\/truusk.store\/sv\/produkt\/truusk-sminkbord-for-husdjur-hojdjusterbart-36-x-8-x-74-cm-silver\/"]}]},{"@type":"ImageObject","inLanguage":"sv-SE","@id":"https:\/\/truusk.store\/sv\/produkt\/truusk-sminkbord-for-husdjur-hojdjusterbart-36-x-8-x-74-cm-silver\/#primaryimage","url":"https:\/\/i0.wp.com\/truusk.store\/wp-content\/uploads\/2024\/02\/sminkbord-for-husdjur-sminkbord-for-husdjur-hojdjusterbart-36-x-8-x-74-cm-silver.webp?fit=800%2C800&ssl=1","contentUrl":"https:\/\/i0.wp.com\/truusk.store\/wp-content\/uploads\/2024\/02\/sminkbord-for-husdjur-sminkbord-for-husdjur-hojdjusterbart-36-x-8-x-74-cm-silver.webp?fit=800%2C800&ssl=1","width":800,"height":800,"caption":"Sminkbord F\u00f6r Husdjur Sminkbord F\u00f6r Husdjur H\u00f6jdjusterbart 36 X 8 X 74 Cm Silver 1"},{"@type":"BreadcrumbList","@id":"https:\/\/truusk.store\/sv\/produkt\/truusk-sminkbord-for-husdjur-hojdjusterbart-36-x-8-x-74-cm-silver\/#breadcrumb","itemListElement":[{"@type":"ListItem","position":1,"name":"Home","item":"https:\/\/truusk.store\/sv\/"},{"@type":"ListItem","position":2,"name":"Shop","item":"https:\/\/truusk.store\/shop\/"},{"@type":"ListItem","position":3,"name":"TRUUSK Sminkbord f\u00f6r Husdjur &#8211; H\u00f6jdjusterbart &#8211; 36 x 8 x 74 cm &#8211; Silver"}]},{"@type":"WebSite","@id":"https:\/\/truusk.store\/sv\/#website","url":"https:\/\/truusk.store\/sv\/","name":"TRUUSK - Hem, Tr\u00e4dg\u00e5rd & Fritid","description":"","publisher":{"@id":"https:\/\/truusk.store\/sv\/#organization"},"potentialAction":[{"@type":"SearchAction","target":{"@type":"EntryPoint","urlTemplate":"https:\/\/truusk.store\/sv\/?s={search_term_string}"},"query-input":{"@type":"PropertyValueSpecification","valueRequired":true,"valueName":"search_term_string"}}],"inLanguage":"sv-SE"},{"@type":"Organization","@id":"https:\/\/truusk.store\/sv\/#organization","name":"TRUUSK - Hem, Tr\u00e4dg\u00e5rd & Fritid","url":"https:\/\/truusk.store\/sv\/","logo":{"@type":"ImageObject","inLanguage":"sv-SE","@id":"https:\/\/truusk.store\/sv\/#\/schema\/logo\/image\/","url":"https:\/\/i0.wp.com\/truusk.store\/wp-content\/uploads\/2026\/03\/cropped-TRUUSK.png?fit=2032%2C917&ssl=1","contentUrl":"https:\/\/i0.wp.com\/truusk.store\/wp-content\/uploads\/2026\/03\/cropped-TRUUSK.png?fit=2032%2C917&ssl=1","width":2032,"height":917,"caption":"TRUUSK - Hem, Tr\u00e4dg\u00e5rd & Fritid"},"image":{"@id":"https:\/\/truusk.store\/sv\/#\/schema\/logo\/image\/"}}]}},"jetpack_sharing_enabled":true,"_links":{"self":[{"href":"https:\/\/truusk.store\/sv\/wp-json\/wp\/v2\/product\/39104","targetHints":{"allow":["GET"]}}],"collection":[{"href":"https:\/\/truusk.store\/sv\/wp-json\/wp\/v2\/product"}],"about":[{"href":"https:\/\/truusk.store\/sv\/wp-json\/wp\/v2\/types\/product"}],"wp:featuredmedia":[{"embeddable":true,"href":"https:\/\/truusk.store\/sv\/wp-json\/wp\/v2\/media\/39105"}],"wp:attachment":[{"href":"https:\/\/truusk.store\/sv\/wp-json\/wp\/v2\/media?parent=39104"}],"wp:term":[{"taxonomy":"product_brand","embeddable":true,"href":"https:\/\/truusk.store\/sv\/wp-json\/wp\/v2\/product_brand?post=39104"},{"taxonomy":"product_cat","embeddable":true,"href":"https:\/\/truusk.store\/sv\/wp-json\/wp\/v2\/product_cat?post=39104"},{"taxonomy":"product_tag","embeddable":true,"href":"https:\/\/truusk.store\/sv\/wp-json\/wp\/v2\/product_tag?post=39104"}],"curies":[{"name":"wp","href":"https:\/\/api.w.org\/{rel}","templated":true}]}}