{"id":39134,"date":"2024-02-14T01:55:51","date_gmt":"2024-02-14T00:55:51","guid":{"rendered":"https:\/\/truusk.store\/product\/barstol-barstol-set-om-2-hojdjusterbar-485-x-555-x-90-110-cm-konstlader-stalsvart\/"},"modified":"2026-03-12T09:14:37","modified_gmt":"2026-03-12T08:14:37","slug":"truusk-barstol-set-hojdjusterbar-konstlader-stalsvart-485-x-555-x-90-110-cm","status":"publish","type":"product","link":"https:\/\/truusk.store\/sv\/produkt\/truusk-barstol-set-hojdjusterbar-konstlader-stalsvart-485-x-555-x-90-110-cm\/","title":{"rendered":"TRUUSK Barstol Set &#8211; H\u00f6jdjusterbar &#8211; Konstl\u00e4der &#8211; St\u00e5lsvart &#8211; 48,5 x 55,5 x 90-110 cm"},"content":{"rendered":"<p>Liva upp ditt hem med dessa tv\u00e5 smakfulla barstolar. Det skalformade ryggst\u00f6det \u00e4r inte bara s\u00e4rskilt dekorativt, utan m\u00f6jligg\u00f6r ocks\u00e5 en s\u00e4rskilt bekv\u00e4m och avslappnad sittst\u00e4llning. Utrustad med ett fritt roterande s\u00e4te och ett praktiskt fotst\u00f6d kan du alltid snabbt hitta den optimala positionen. Tack vare den skonsamma h\u00f6jdjusteringen kan barstolen enkelt justeras till ett brett utbud av b\u00e4nk- och bordsh\u00f6jder.<\/p>\n<h3>Beskrivning:<\/h3>\n<ul>\n<li>Set med tv\u00e5 barstolar \u00e4r idealiskt f\u00f6r k\u00f6k, hemmabarer, fritidsrum och mycket mer. m.<\/li>\n<li>Mycket bekv\u00e4mt, st\u00f6djande skalformat ryggst\u00f6d<\/li>\n<li>Kl\u00e4dd med elegant och exceptionellt l\u00e4ttsk\u00f6tt konstl\u00e4der<\/li>\n<li>Justerbar sitth\u00f6jd fr\u00e5n 61 cm till 81 cm, idealisk f\u00f6r vanliga b\u00e4nk- och bordsh\u00f6jder<\/li>\n<li>Bekv\u00e4m, 360-vridbar sits utan armst\u00f6d ger stor r\u00f6relsefrihet<\/li>\n<li>Praktiska fotst\u00f6d s\u00e4kerst\u00e4ller en avslappnad benst\u00e4llning<\/li>\n<li>Tung, stabil st\u00e5lbas med halkfria gummiknoppar<\/li>\n<li>Montering kr\u00e4vs<\/li>\n<\/ul>\n<h3>Teknisk data:<\/h3>\n<ul>\n<li>Svart f\u00e4rg<\/li>\n<li>Material: konstl\u00e4der, skum, st\u00e5l<\/li>\n<li>\u00d6vergripande m\u00e5tt: 48,5W x 55,5D x 90-110H cm<\/li>\n<li>Sitsstorlek: 48,5W x 39D x 61-81H cm<\/li>\n<li>Ryggst\u00f6dsstorlek: 34,5L x 44,5W x 4,5D cm<\/li>\n<li>Avst\u00e5nd fr\u00e5n fotens golv: 20 &#8211; 40 cm<\/li>\n<li>Max lastkapacitet: 120 kg<\/li>\n<\/ul>\n<h3>Leveransens omfattning:<\/h3>\n<ul>\n<li>2 x barstolar<\/li>\n<li>1 x manuell<\/li>\n<\/ul>\n","protected":false},"excerpt":{"rendered":"<p>Liva upp ditt hem med dessa tv\u00e5 smakfulla barstolar. Det skalformade ryggst\u00f6det \u00e4r inte bara s\u00e4rskilt dekorativt, utan m\u00f6jligg\u00f6r ocks\u00e5&#8230;<\/p>\n","protected":false},"featured_media":39135,"template":"","meta":[],"product_brand":[],"product_cat":[544,485,542],"product_tag":[],"class_list":{"0":"post-39134","1":"product","2":"type-product","3":"status-publish","4":"has-post-thumbnail","6":"product_cat-barstol","7":"product_cat-hus-bo","8":"product_cat-pall","10":"first","11":"instock","12":"sale","13":"taxable","14":"shipping-taxable","15":"purchasable","16":"product-type-simple"},"yoast_head":"<!-- This site is optimized with the Yoast SEO plugin v25.4 - https:\/\/yoast.com\/wordpress\/plugins\/seo\/ -->\n<title>TRUUSK Barstol Set - H\u00f6jdjusterbar - Konstl\u00e4der - St\u00e5lsvart - 48,5 x 55,5 x 90-110 cm - TRUUSK - Hem, Tr\u00e4dg\u00e5rd &amp; Fritid<\/title>\n<meta name=\"robots\" content=\"index, follow, max-snippet:-1, max-image-preview:large, max-video-preview:-1\" \/>\n<link rel=\"canonical\" href=\"https:\/\/truusk.store\/sv\/produkt\/truusk-barstol-set-hojdjusterbar-konstlader-stalsvart-485-x-555-x-90-110-cm\/\" \/>\n<meta property=\"og:locale\" content=\"sv_SE\" \/>\n<meta property=\"og:type\" content=\"article\" \/>\n<meta property=\"og:title\" content=\"TRUUSK Barstol Set - H\u00f6jdjusterbar - Konstl\u00e4der - St\u00e5lsvart - 48,5 x 55,5 x 90-110 cm - TRUUSK - Hem, Tr\u00e4dg\u00e5rd &amp; Fritid\" \/>\n<meta property=\"og:description\" content=\"Liva upp ditt hem med dessa tv\u00e5 smakfulla barstolar. Det skalformade ryggst\u00f6det \u00e4r inte bara s\u00e4rskilt dekorativt, utan m\u00f6jligg\u00f6r ocks\u00e5...\" \/>\n<meta property=\"og:url\" content=\"https:\/\/truusk.store\/sv\/produkt\/truusk-barstol-set-hojdjusterbar-konstlader-stalsvart-485-x-555-x-90-110-cm\/\" \/>\n<meta property=\"og:site_name\" content=\"TRUUSK - Hem, Tr\u00e4dg\u00e5rd &amp; Fritid\" \/>\n<meta property=\"article:modified_time\" content=\"2026-03-12T08:14:37+00:00\" \/>\n<meta property=\"og:image\" content=\"https:\/\/i0.wp.com\/truusk.se\/wp-content\/uploads\/2024\/02\/barstol-barstol-set-om-2-hojdjusterbar-485-x-555-x-90-110-cm-konstlader-stalsvart.webp?fit=800%2C800&ssl=1\" \/>\n\t<meta property=\"og:image:width\" content=\"800\" \/>\n\t<meta property=\"og:image:height\" content=\"800\" \/>\n\t<meta property=\"og:image:type\" content=\"image\/webp\" \/>\n<meta name=\"twitter:card\" content=\"summary_large_image\" \/>\n<meta name=\"twitter:label1\" content=\"Ber\u00e4knad l\u00e4stid\" \/>\n\t<meta name=\"twitter:data1\" content=\"1 minut\" \/>\n<!-- \/ Yoast SEO plugin. -->","yoast_head_json":{"title":"TRUUSK Barstol Set - H\u00f6jdjusterbar - Konstl\u00e4der - St\u00e5lsvart - 48,5 x 55,5 x 90-110 cm - TRUUSK - Hem, Tr\u00e4dg\u00e5rd &amp; Fritid","robots":{"index":"index","follow":"follow","max-snippet":"max-snippet:-1","max-image-preview":"max-image-preview:large","max-video-preview":"max-video-preview:-1"},"canonical":"https:\/\/truusk.store\/sv\/produkt\/truusk-barstol-set-hojdjusterbar-konstlader-stalsvart-485-x-555-x-90-110-cm\/","og_locale":"sv_SE","og_type":"article","og_title":"TRUUSK Barstol Set - H\u00f6jdjusterbar - Konstl\u00e4der - St\u00e5lsvart - 48,5 x 55,5 x 90-110 cm - TRUUSK - Hem, Tr\u00e4dg\u00e5rd &amp; Fritid","og_description":"Liva upp ditt hem med dessa tv\u00e5 smakfulla barstolar. Det skalformade ryggst\u00f6det \u00e4r inte bara s\u00e4rskilt dekorativt, utan m\u00f6jligg\u00f6r ocks\u00e5...","og_url":"https:\/\/truusk.store\/sv\/produkt\/truusk-barstol-set-hojdjusterbar-konstlader-stalsvart-485-x-555-x-90-110-cm\/","og_site_name":"TRUUSK - Hem, Tr\u00e4dg\u00e5rd &amp; Fritid","article_modified_time":"2026-03-12T08:14:37+00:00","og_image":[{"width":800,"height":800,"url":"https:\/\/i0.wp.com\/truusk.se\/wp-content\/uploads\/2024\/02\/barstol-barstol-set-om-2-hojdjusterbar-485-x-555-x-90-110-cm-konstlader-stalsvart.webp?fit=800%2C800&ssl=1","type":"image\/webp"}],"twitter_card":"summary_large_image","twitter_misc":{"Ber\u00e4knad l\u00e4stid":"1 minut"},"schema":{"@context":"https:\/\/schema.org","@graph":[{"@type":"WebPage","@id":"https:\/\/truusk.store\/sv\/produkt\/truusk-barstol-set-hojdjusterbar-konstlader-stalsvart-485-x-555-x-90-110-cm\/","url":"https:\/\/truusk.store\/sv\/produkt\/truusk-barstol-set-hojdjusterbar-konstlader-stalsvart-485-x-555-x-90-110-cm\/","name":"TRUUSK Barstol Set - H\u00f6jdjusterbar - Konstl\u00e4der - St\u00e5lsvart - 48,5 x 55,5 x 90-110 cm - TRUUSK - Hem, Tr\u00e4dg\u00e5rd &amp; Fritid","isPartOf":{"@id":"https:\/\/truusk.store\/sv\/#website"},"primaryImageOfPage":{"@id":"https:\/\/truusk.store\/sv\/produkt\/truusk-barstol-set-hojdjusterbar-konstlader-stalsvart-485-x-555-x-90-110-cm\/#primaryimage"},"image":{"@id":"https:\/\/truusk.store\/sv\/produkt\/truusk-barstol-set-hojdjusterbar-konstlader-stalsvart-485-x-555-x-90-110-cm\/#primaryimage"},"thumbnailUrl":"https:\/\/i0.wp.com\/truusk.store\/wp-content\/uploads\/2024\/02\/barstol-barstol-set-om-2-hojdjusterbar-485-x-555-x-90-110-cm-konstlader-stalsvart.webp?fit=800%2C800&ssl=1","datePublished":"2024-02-14T00:55:51+00:00","dateModified":"2026-03-12T08:14:37+00:00","breadcrumb":{"@id":"https:\/\/truusk.store\/sv\/produkt\/truusk-barstol-set-hojdjusterbar-konstlader-stalsvart-485-x-555-x-90-110-cm\/#breadcrumb"},"inLanguage":"sv-SE","potentialAction":[{"@type":"ReadAction","target":["https:\/\/truusk.store\/sv\/produkt\/truusk-barstol-set-hojdjusterbar-konstlader-stalsvart-485-x-555-x-90-110-cm\/"]}]},{"@type":"ImageObject","inLanguage":"sv-SE","@id":"https:\/\/truusk.store\/sv\/produkt\/truusk-barstol-set-hojdjusterbar-konstlader-stalsvart-485-x-555-x-90-110-cm\/#primaryimage","url":"https:\/\/i0.wp.com\/truusk.store\/wp-content\/uploads\/2024\/02\/barstol-barstol-set-om-2-hojdjusterbar-485-x-555-x-90-110-cm-konstlader-stalsvart.webp?fit=800%2C800&ssl=1","contentUrl":"https:\/\/i0.wp.com\/truusk.store\/wp-content\/uploads\/2024\/02\/barstol-barstol-set-om-2-hojdjusterbar-485-x-555-x-90-110-cm-konstlader-stalsvart.webp?fit=800%2C800&ssl=1","width":800,"height":800,"caption":"Barstol Barstol Set Om 2 H\u00f6jdjusterbar 48,5 X 55,5 X 90-110 Cm Konstl\u00e4der + St\u00e5lsvart 1"},{"@type":"BreadcrumbList","@id":"https:\/\/truusk.store\/sv\/produkt\/truusk-barstol-set-hojdjusterbar-konstlader-stalsvart-485-x-555-x-90-110-cm\/#breadcrumb","itemListElement":[{"@type":"ListItem","position":1,"name":"Home","item":"https:\/\/truusk.store\/sv\/"},{"@type":"ListItem","position":2,"name":"Shop","item":"https:\/\/truusk.store\/shop\/"},{"@type":"ListItem","position":3,"name":"TRUUSK Barstol Set &#8211; H\u00f6jdjusterbar &#8211; Konstl\u00e4der &#8211; St\u00e5lsvart &#8211; 48,5 x 55,5 x 90-110 cm"}]},{"@type":"WebSite","@id":"https:\/\/truusk.store\/sv\/#website","url":"https:\/\/truusk.store\/sv\/","name":"TRUUSK - Hem, Tr\u00e4dg\u00e5rd & Fritid","description":"","publisher":{"@id":"https:\/\/truusk.store\/sv\/#organization"},"potentialAction":[{"@type":"SearchAction","target":{"@type":"EntryPoint","urlTemplate":"https:\/\/truusk.store\/sv\/?s={search_term_string}"},"query-input":{"@type":"PropertyValueSpecification","valueRequired":true,"valueName":"search_term_string"}}],"inLanguage":"sv-SE"},{"@type":"Organization","@id":"https:\/\/truusk.store\/sv\/#organization","name":"TRUUSK - Hem, Tr\u00e4dg\u00e5rd & Fritid","url":"https:\/\/truusk.store\/sv\/","logo":{"@type":"ImageObject","inLanguage":"sv-SE","@id":"https:\/\/truusk.store\/sv\/#\/schema\/logo\/image\/","url":"https:\/\/i0.wp.com\/truusk.store\/wp-content\/uploads\/2026\/03\/cropped-TRUUSK.png?fit=2032%2C917&ssl=1","contentUrl":"https:\/\/i0.wp.com\/truusk.store\/wp-content\/uploads\/2026\/03\/cropped-TRUUSK.png?fit=2032%2C917&ssl=1","width":2032,"height":917,"caption":"TRUUSK - Hem, Tr\u00e4dg\u00e5rd & Fritid"},"image":{"@id":"https:\/\/truusk.store\/sv\/#\/schema\/logo\/image\/"}}]}},"jetpack_sharing_enabled":true,"_links":{"self":[{"href":"https:\/\/truusk.store\/sv\/wp-json\/wp\/v2\/product\/39134","targetHints":{"allow":["GET"]}}],"collection":[{"href":"https:\/\/truusk.store\/sv\/wp-json\/wp\/v2\/product"}],"about":[{"href":"https:\/\/truusk.store\/sv\/wp-json\/wp\/v2\/types\/product"}],"wp:featuredmedia":[{"embeddable":true,"href":"https:\/\/truusk.store\/sv\/wp-json\/wp\/v2\/media\/39135"}],"wp:attachment":[{"href":"https:\/\/truusk.store\/sv\/wp-json\/wp\/v2\/media?parent=39134"}],"wp:term":[{"taxonomy":"product_brand","embeddable":true,"href":"https:\/\/truusk.store\/sv\/wp-json\/wp\/v2\/product_brand?post=39134"},{"taxonomy":"product_cat","embeddable":true,"href":"https:\/\/truusk.store\/sv\/wp-json\/wp\/v2\/product_cat?post=39134"},{"taxonomy":"product_tag","embeddable":true,"href":"https:\/\/truusk.store\/sv\/wp-json\/wp\/v2\/product_tag?post=39134"}],"curies":[{"name":"wp","href":"https:\/\/api.w.org\/{rel}","templated":true}]}}