{"id":39146,"date":"2024-02-14T01:56:13","date_gmt":"2024-02-14T00:56:13","guid":{"rendered":"https:\/\/truusk.store\/product\/barstol-set-om-2-retrodesign-hojdjusterbar-konstlader-linne-ser-gra-svart\/"},"modified":"2026-03-12T09:15:10","modified_gmt":"2026-03-12T08:15:10","slug":"truusk-barstol-set-retrodesign-hojdjusterbar-konstlader-linne-gra-svart","status":"publish","type":"product","link":"https:\/\/truusk.store\/sv\/produkt\/truusk-barstol-set-retrodesign-hojdjusterbar-konstlader-linne-gra-svart\/","title":{"rendered":"TRUUSK Barstol Set &#8211; Retrodesign &#8211; H\u00f6jdjusterbar &#8211; Konstl\u00e4der &#8211; Linne &#8211; Gr\u00e5 + Svart"},"content":{"rendered":"<p>Oavsett om du vill b\u00f6rja morgonen med en lugn frukost eller avsluta kv\u00e4llen med drinkar, \u00e4r dessa eleganta barstolar alltid bekv\u00e4ma och snygga sittplatser. Barstolarna \u00e4r justerbara i h\u00f6jdled s\u00e5 att du kan anpassa h\u00f6jden till bordet eller b\u00e4nken. Det ergonomiskt formade ryggst\u00f6det, den vadderade sitsen och fotst\u00f6den erbjuder en bekv\u00e4m sittupplevelse och inbjuder dig att sitta och dr\u00f6ja kvar.<\/p>\n<h3>Beskrivning:<\/h3>\n<ul>\n<li>Set med 2 barstolar i retrodesign<\/li>\n<li>L\u00e4mplig f\u00f6r bardiskar, k\u00f6ksb\u00e4nkar och mycket mer<\/li>\n<li>H\u00f6jdjusterbar och vridbar 360 grader<\/li>\n<li>Med fotst\u00f6d f\u00f6r h\u00f6g komfort n\u00e4r du sitter<\/li>\n<li>Ovandel i tyg i konstl\u00e4der och linnelook<\/li>\n<li>Stabil bas av pulverlackerat st\u00e5l f\u00f6r ett stadigt och s\u00e4kert stativ<\/li>\n<li>Halkfria plastf\u00f6tter f\u00f6rhindrar halka och skyddar golvet fr\u00e5n repor.<\/li>\n<li>Montering kr\u00e4vs<\/li>\n<\/ul>\n<h3>Teknisk data:<\/h3>\n<ul>\n<li>F\u00e4rg: Gr\u00e5+svart<\/li>\n<li>Material: konstl\u00e4der (60 % polyuretan, 40 % basmaterial), linnelook (100 % polyester), skum, st\u00e5l<\/li>\n<li>Totala m\u00e5tt: 57,5L x 52,5W x 93-114H cm<\/li>\n<li>Sits produktspecifikationer: 37,5L x 36W x 64-85H cm<\/li>\n<li>Sitstjocklek: 10 cm<\/li>\n<li>Basens diameter: 41 cm<\/li>\n<li>Viktkapacitet: 120 kg<\/li>\n<\/ul>\n<h3>Leveransens omfattning:<\/h3>\n<ul>\n<li>2 x barstolar<\/li>\n<li>1 x Instruktioner<\/li>\n<\/ul>\n","protected":false},"excerpt":{"rendered":"<p>Oavsett om du vill b\u00f6rja morgonen med en lugn frukost eller avsluta kv\u00e4llen med drinkar, \u00e4r dessa eleganta barstolar alltid&#8230;<\/p>\n","protected":false},"featured_media":39147,"template":"","meta":[],"product_brand":[],"product_cat":[544,485,542],"product_tag":[],"class_list":{"0":"post-39146","1":"product","2":"type-product","3":"status-publish","4":"has-post-thumbnail","6":"product_cat-barstol","7":"product_cat-hus-bo","8":"product_cat-pall","10":"first","11":"instock","12":"sale","13":"taxable","14":"shipping-taxable","15":"purchasable","16":"product-type-simple"},"yoast_head":"<!-- This site is optimized with the Yoast SEO plugin v25.4 - https:\/\/yoast.com\/wordpress\/plugins\/seo\/ -->\n<title>TRUUSK Barstol Set - Retrodesign - H\u00f6jdjusterbar - Konstl\u00e4der - Linne - Gr\u00e5 + Svart - TRUUSK - Hem, Tr\u00e4dg\u00e5rd &amp; Fritid<\/title>\n<meta name=\"robots\" content=\"index, follow, max-snippet:-1, max-image-preview:large, max-video-preview:-1\" \/>\n<link rel=\"canonical\" href=\"https:\/\/truusk.store\/sv\/produkt\/truusk-barstol-set-retrodesign-hojdjusterbar-konstlader-linne-gra-svart\/\" \/>\n<meta property=\"og:locale\" content=\"sv_SE\" \/>\n<meta property=\"og:type\" content=\"article\" \/>\n<meta property=\"og:title\" content=\"TRUUSK Barstol Set - Retrodesign - H\u00f6jdjusterbar - Konstl\u00e4der - Linne - Gr\u00e5 + Svart - TRUUSK - Hem, Tr\u00e4dg\u00e5rd &amp; Fritid\" \/>\n<meta property=\"og:description\" content=\"Oavsett om du vill b\u00f6rja morgonen med en lugn frukost eller avsluta kv\u00e4llen med drinkar, \u00e4r dessa eleganta barstolar alltid...\" \/>\n<meta property=\"og:url\" content=\"https:\/\/truusk.store\/sv\/produkt\/truusk-barstol-set-retrodesign-hojdjusterbar-konstlader-linne-gra-svart\/\" \/>\n<meta property=\"og:site_name\" content=\"TRUUSK - Hem, Tr\u00e4dg\u00e5rd &amp; Fritid\" \/>\n<meta property=\"article:modified_time\" content=\"2026-03-12T08:15:10+00:00\" \/>\n<meta property=\"og:image\" content=\"https:\/\/i0.wp.com\/truusk.se\/wp-content\/uploads\/2024\/02\/barstol-set-om-2-retrodesign-hojdjusterbar-konstlader-linne-ser-gra-svart.webp?fit=800%2C800&ssl=1\" \/>\n\t<meta property=\"og:image:width\" content=\"800\" \/>\n\t<meta property=\"og:image:height\" content=\"800\" \/>\n\t<meta property=\"og:image:type\" content=\"image\/webp\" \/>\n<meta name=\"twitter:card\" content=\"summary_large_image\" \/>\n<meta name=\"twitter:label1\" content=\"Ber\u00e4knad l\u00e4stid\" \/>\n\t<meta name=\"twitter:data1\" content=\"1 minut\" \/>\n<!-- \/ Yoast SEO plugin. -->","yoast_head_json":{"title":"TRUUSK Barstol Set - Retrodesign - H\u00f6jdjusterbar - Konstl\u00e4der - Linne - Gr\u00e5 + Svart - TRUUSK - Hem, Tr\u00e4dg\u00e5rd &amp; Fritid","robots":{"index":"index","follow":"follow","max-snippet":"max-snippet:-1","max-image-preview":"max-image-preview:large","max-video-preview":"max-video-preview:-1"},"canonical":"https:\/\/truusk.store\/sv\/produkt\/truusk-barstol-set-retrodesign-hojdjusterbar-konstlader-linne-gra-svart\/","og_locale":"sv_SE","og_type":"article","og_title":"TRUUSK Barstol Set - Retrodesign - H\u00f6jdjusterbar - Konstl\u00e4der - Linne - Gr\u00e5 + Svart - TRUUSK - Hem, Tr\u00e4dg\u00e5rd &amp; Fritid","og_description":"Oavsett om du vill b\u00f6rja morgonen med en lugn frukost eller avsluta kv\u00e4llen med drinkar, \u00e4r dessa eleganta barstolar alltid...","og_url":"https:\/\/truusk.store\/sv\/produkt\/truusk-barstol-set-retrodesign-hojdjusterbar-konstlader-linne-gra-svart\/","og_site_name":"TRUUSK - Hem, Tr\u00e4dg\u00e5rd &amp; Fritid","article_modified_time":"2026-03-12T08:15:10+00:00","og_image":[{"width":800,"height":800,"url":"https:\/\/i0.wp.com\/truusk.se\/wp-content\/uploads\/2024\/02\/barstol-set-om-2-retrodesign-hojdjusterbar-konstlader-linne-ser-gra-svart.webp?fit=800%2C800&ssl=1","type":"image\/webp"}],"twitter_card":"summary_large_image","twitter_misc":{"Ber\u00e4knad l\u00e4stid":"1 minut"},"schema":{"@context":"https:\/\/schema.org","@graph":[{"@type":"WebPage","@id":"https:\/\/truusk.store\/sv\/produkt\/truusk-barstol-set-retrodesign-hojdjusterbar-konstlader-linne-gra-svart\/","url":"https:\/\/truusk.store\/sv\/produkt\/truusk-barstol-set-retrodesign-hojdjusterbar-konstlader-linne-gra-svart\/","name":"TRUUSK Barstol Set - Retrodesign - H\u00f6jdjusterbar - Konstl\u00e4der - Linne - Gr\u00e5 + Svart - TRUUSK - Hem, Tr\u00e4dg\u00e5rd &amp; Fritid","isPartOf":{"@id":"https:\/\/truusk.store\/sv\/#website"},"primaryImageOfPage":{"@id":"https:\/\/truusk.store\/sv\/produkt\/truusk-barstol-set-retrodesign-hojdjusterbar-konstlader-linne-gra-svart\/#primaryimage"},"image":{"@id":"https:\/\/truusk.store\/sv\/produkt\/truusk-barstol-set-retrodesign-hojdjusterbar-konstlader-linne-gra-svart\/#primaryimage"},"thumbnailUrl":"https:\/\/i0.wp.com\/truusk.store\/wp-content\/uploads\/2024\/02\/barstol-set-om-2-retrodesign-hojdjusterbar-konstlader-linne-ser-gra-svart.webp?fit=800%2C800&ssl=1","datePublished":"2024-02-14T00:56:13+00:00","dateModified":"2026-03-12T08:15:10+00:00","breadcrumb":{"@id":"https:\/\/truusk.store\/sv\/produkt\/truusk-barstol-set-retrodesign-hojdjusterbar-konstlader-linne-gra-svart\/#breadcrumb"},"inLanguage":"sv-SE","potentialAction":[{"@type":"ReadAction","target":["https:\/\/truusk.store\/sv\/produkt\/truusk-barstol-set-retrodesign-hojdjusterbar-konstlader-linne-gra-svart\/"]}]},{"@type":"ImageObject","inLanguage":"sv-SE","@id":"https:\/\/truusk.store\/sv\/produkt\/truusk-barstol-set-retrodesign-hojdjusterbar-konstlader-linne-gra-svart\/#primaryimage","url":"https:\/\/i0.wp.com\/truusk.store\/wp-content\/uploads\/2024\/02\/barstol-set-om-2-retrodesign-hojdjusterbar-konstlader-linne-ser-gra-svart.webp?fit=800%2C800&ssl=1","contentUrl":"https:\/\/i0.wp.com\/truusk.store\/wp-content\/uploads\/2024\/02\/barstol-set-om-2-retrodesign-hojdjusterbar-konstlader-linne-ser-gra-svart.webp?fit=800%2C800&ssl=1","width":800,"height":800,"caption":"Barstol Set Om 2 Retrodesign H\u00f6jdjusterbar Konstl\u00e4der Linne Ser Gr\u00e5 + Svart 1"},{"@type":"BreadcrumbList","@id":"https:\/\/truusk.store\/sv\/produkt\/truusk-barstol-set-retrodesign-hojdjusterbar-konstlader-linne-gra-svart\/#breadcrumb","itemListElement":[{"@type":"ListItem","position":1,"name":"Home","item":"https:\/\/truusk.store\/sv\/"},{"@type":"ListItem","position":2,"name":"Shop","item":"https:\/\/truusk.store\/shop\/"},{"@type":"ListItem","position":3,"name":"TRUUSK Barstol Set &#8211; Retrodesign &#8211; H\u00f6jdjusterbar &#8211; Konstl\u00e4der &#8211; Linne &#8211; Gr\u00e5 + Svart"}]},{"@type":"WebSite","@id":"https:\/\/truusk.store\/sv\/#website","url":"https:\/\/truusk.store\/sv\/","name":"TRUUSK - Hem, Tr\u00e4dg\u00e5rd & Fritid","description":"","publisher":{"@id":"https:\/\/truusk.store\/sv\/#organization"},"potentialAction":[{"@type":"SearchAction","target":{"@type":"EntryPoint","urlTemplate":"https:\/\/truusk.store\/sv\/?s={search_term_string}"},"query-input":{"@type":"PropertyValueSpecification","valueRequired":true,"valueName":"search_term_string"}}],"inLanguage":"sv-SE"},{"@type":"Organization","@id":"https:\/\/truusk.store\/sv\/#organization","name":"TRUUSK - Hem, Tr\u00e4dg\u00e5rd & Fritid","url":"https:\/\/truusk.store\/sv\/","logo":{"@type":"ImageObject","inLanguage":"sv-SE","@id":"https:\/\/truusk.store\/sv\/#\/schema\/logo\/image\/","url":"https:\/\/i0.wp.com\/truusk.store\/wp-content\/uploads\/2026\/03\/cropped-TRUUSK.png?fit=2032%2C917&ssl=1","contentUrl":"https:\/\/i0.wp.com\/truusk.store\/wp-content\/uploads\/2026\/03\/cropped-TRUUSK.png?fit=2032%2C917&ssl=1","width":2032,"height":917,"caption":"TRUUSK - Hem, Tr\u00e4dg\u00e5rd & Fritid"},"image":{"@id":"https:\/\/truusk.store\/sv\/#\/schema\/logo\/image\/"}}]}},"jetpack_sharing_enabled":true,"_links":{"self":[{"href":"https:\/\/truusk.store\/sv\/wp-json\/wp\/v2\/product\/39146","targetHints":{"allow":["GET"]}}],"collection":[{"href":"https:\/\/truusk.store\/sv\/wp-json\/wp\/v2\/product"}],"about":[{"href":"https:\/\/truusk.store\/sv\/wp-json\/wp\/v2\/types\/product"}],"wp:featuredmedia":[{"embeddable":true,"href":"https:\/\/truusk.store\/sv\/wp-json\/wp\/v2\/media\/39147"}],"wp:attachment":[{"href":"https:\/\/truusk.store\/sv\/wp-json\/wp\/v2\/media?parent=39146"}],"wp:term":[{"taxonomy":"product_brand","embeddable":true,"href":"https:\/\/truusk.store\/sv\/wp-json\/wp\/v2\/product_brand?post=39146"},{"taxonomy":"product_cat","embeddable":true,"href":"https:\/\/truusk.store\/sv\/wp-json\/wp\/v2\/product_cat?post=39146"},{"taxonomy":"product_tag","embeddable":true,"href":"https:\/\/truusk.store\/sv\/wp-json\/wp\/v2\/product_tag?post=39146"}],"curies":[{"name":"wp","href":"https:\/\/api.w.org\/{rel}","templated":true}]}}