{"id":39167,"date":"2024-02-14T01:56:54","date_gmt":"2024-02-14T00:56:54","guid":{"rendered":"https:\/\/truusk.store\/product\/set-med-2-barstolar-i-retrodesign-sammetslook-inklusive-fotstod-50-cm-x-53-cm-x-94-cm-gra\/"},"modified":"2026-03-12T09:15:11","modified_gmt":"2026-03-12T08:15:11","slug":"truusk-retrodesign-barstolar-i-sammetslook-inklusive-fotstod-gra-set-med-2-st-50-cm-x-53-cm-x-94-cm","status":"publish","type":"product","link":"https:\/\/truusk.store\/sv\/produkt\/truusk-retrodesign-barstolar-i-sammetslook-inklusive-fotstod-gra-set-med-2-st-50-cm-x-53-cm-x-94-cm\/","title":{"rendered":"TRUUSK Retrodesign Barstolar i Sammetslook &#8211; Inklusive Fotst\u00f6d &#8211; Gr\u00e5 &#8211; Set med 2 st &#8211; 50 cm x 53 cm x 94 cm"},"content":{"rendered":"<p>Maximera utrymmet vid din k\u00f6ksb\u00e4nk eller matplats med dessa bakre bistropallar. Oavsett om du vill b\u00f6rja morgonen med en lugn frukost eller avsluta kv\u00e4llen med en drink, kommer detta eleganta barstolsset att m\u00f6ta dina behov. Kl\u00e4dd i sammetsliknande tyg f\u00f6r en stilren look. Det nedre fotst\u00f6det f\u00f6rhindrar att benen dinglar och s\u00e4kerst\u00e4ller en avslappnad sittupplevelse.<\/p>\n<h3>Beskrivning:<\/h3>\n<ul>\n<li>F\u00f6rpackad i ett set om 2 f\u00f6r en matchande look<\/li>\n<li>Barstol f\u00f6r b\u00e4nkar och k\u00f6ks\u00f6ar, l\u00e4mplig f\u00f6r b\u00e4nkskivor fr\u00e5n 89 till 99 cm<\/li>\n<li>Det nedre fotst\u00f6det ger st\u00f6d f\u00f6r dina ben<\/li>\n<li>Den vadderade sitsen med \u00f6verdrag i sammetslook klarar m\u00e5nga \u00e5rs anv\u00e4ndning<\/li>\n<li>Solid st\u00e5lbotten s\u00e4kerst\u00e4ller bra balans<\/li>\n<li>De bifogade halkfria gummikuddarna kan mycket v\u00e4l f\u00f6rhindra repor p\u00e5 golvet<\/li>\n<li>Montering kr\u00e4vs<\/li>\n<\/ul>\n<h3>Teknisk data:<\/h3>\n<ul>\n<li>F\u00e4rg gr\u00e5<\/li>\n<li>Material: Sammetslen polyester (100% polyester), skum, st\u00e5l<\/li>\n<li>\u00d6vergripande m\u00e5tt: 50W x 53D x 94H cm<\/li>\n<li>Ge av s\u00e4tet: 40W x 43D x 67H cm<\/li>\n<li>Viktkapacitet: 120 kg<\/li>\n<\/ul>\n<h3>Leveransens omfattning:<\/h3>\n<ul>\n<li>2 x pallar<\/li>\n<li>1 x manuell<\/li>\n<\/ul>\n","protected":false},"excerpt":{"rendered":"<p>Maximera utrymmet vid din k\u00f6ksb\u00e4nk eller matplats med dessa bakre bistropallar. Oavsett om du vill b\u00f6rja morgonen med en lugn&#8230;<\/p>\n","protected":false},"featured_media":39168,"template":"","meta":[],"product_brand":[],"product_cat":[544,485,542],"product_tag":[],"class_list":{"0":"post-39167","1":"product","2":"type-product","3":"status-publish","4":"has-post-thumbnail","6":"product_cat-barstol","7":"product_cat-hus-bo","8":"product_cat-pall","10":"first","11":"instock","12":"sale","13":"taxable","14":"shipping-taxable","15":"purchasable","16":"product-type-simple"},"yoast_head":"<!-- This site is optimized with the Yoast SEO plugin v25.4 - https:\/\/yoast.com\/wordpress\/plugins\/seo\/ -->\n<title>TRUUSK Retrodesign Barstolar i Sammetslook - Inklusive Fotst\u00f6d - Gr\u00e5 - Set med 2 st - 50 cm x 53 cm x 94 cm - TRUUSK - Hem, Tr\u00e4dg\u00e5rd &amp; Fritid<\/title>\n<meta name=\"robots\" content=\"index, follow, max-snippet:-1, max-image-preview:large, max-video-preview:-1\" \/>\n<link rel=\"canonical\" href=\"https:\/\/truusk.store\/sv\/produkt\/truusk-retrodesign-barstolar-i-sammetslook-inklusive-fotstod-gra-set-med-2-st-50-cm-x-53-cm-x-94-cm\/\" \/>\n<meta property=\"og:locale\" content=\"sv_SE\" \/>\n<meta property=\"og:type\" content=\"article\" \/>\n<meta property=\"og:title\" content=\"TRUUSK Retrodesign Barstolar i Sammetslook - Inklusive Fotst\u00f6d - Gr\u00e5 - Set med 2 st - 50 cm x 53 cm x 94 cm - TRUUSK - Hem, Tr\u00e4dg\u00e5rd &amp; Fritid\" \/>\n<meta property=\"og:description\" content=\"Maximera utrymmet vid din k\u00f6ksb\u00e4nk eller matplats med dessa bakre bistropallar. Oavsett om du vill b\u00f6rja morgonen med en lugn...\" \/>\n<meta property=\"og:url\" content=\"https:\/\/truusk.store\/sv\/produkt\/truusk-retrodesign-barstolar-i-sammetslook-inklusive-fotstod-gra-set-med-2-st-50-cm-x-53-cm-x-94-cm\/\" \/>\n<meta property=\"og:site_name\" content=\"TRUUSK - Hem, Tr\u00e4dg\u00e5rd &amp; Fritid\" \/>\n<meta property=\"article:modified_time\" content=\"2026-03-12T08:15:11+00:00\" \/>\n<meta property=\"og:image\" content=\"https:\/\/i0.wp.com\/truusk.se\/wp-content\/uploads\/2024\/02\/set-med-2-barstolar-i-retrodesign-sammetslook-inklusive-fotstod-50-cm-x-53-cm-x-94-cm-gra.webp?fit=800%2C800&ssl=1\" \/>\n\t<meta property=\"og:image:width\" content=\"800\" \/>\n\t<meta property=\"og:image:height\" content=\"800\" \/>\n\t<meta property=\"og:image:type\" content=\"image\/webp\" \/>\n<meta name=\"twitter:card\" content=\"summary_large_image\" \/>\n<meta name=\"twitter:label1\" content=\"Ber\u00e4knad l\u00e4stid\" \/>\n\t<meta name=\"twitter:data1\" content=\"1 minut\" \/>\n<!-- \/ Yoast SEO plugin. -->","yoast_head_json":{"title":"TRUUSK Retrodesign Barstolar i Sammetslook - Inklusive Fotst\u00f6d - Gr\u00e5 - Set med 2 st - 50 cm x 53 cm x 94 cm - TRUUSK - Hem, Tr\u00e4dg\u00e5rd &amp; Fritid","robots":{"index":"index","follow":"follow","max-snippet":"max-snippet:-1","max-image-preview":"max-image-preview:large","max-video-preview":"max-video-preview:-1"},"canonical":"https:\/\/truusk.store\/sv\/produkt\/truusk-retrodesign-barstolar-i-sammetslook-inklusive-fotstod-gra-set-med-2-st-50-cm-x-53-cm-x-94-cm\/","og_locale":"sv_SE","og_type":"article","og_title":"TRUUSK Retrodesign Barstolar i Sammetslook - Inklusive Fotst\u00f6d - Gr\u00e5 - Set med 2 st - 50 cm x 53 cm x 94 cm - TRUUSK - Hem, Tr\u00e4dg\u00e5rd &amp; Fritid","og_description":"Maximera utrymmet vid din k\u00f6ksb\u00e4nk eller matplats med dessa bakre bistropallar. Oavsett om du vill b\u00f6rja morgonen med en lugn...","og_url":"https:\/\/truusk.store\/sv\/produkt\/truusk-retrodesign-barstolar-i-sammetslook-inklusive-fotstod-gra-set-med-2-st-50-cm-x-53-cm-x-94-cm\/","og_site_name":"TRUUSK - Hem, Tr\u00e4dg\u00e5rd &amp; Fritid","article_modified_time":"2026-03-12T08:15:11+00:00","og_image":[{"width":800,"height":800,"url":"https:\/\/i0.wp.com\/truusk.se\/wp-content\/uploads\/2024\/02\/set-med-2-barstolar-i-retrodesign-sammetslook-inklusive-fotstod-50-cm-x-53-cm-x-94-cm-gra.webp?fit=800%2C800&ssl=1","type":"image\/webp"}],"twitter_card":"summary_large_image","twitter_misc":{"Ber\u00e4knad l\u00e4stid":"1 minut"},"schema":{"@context":"https:\/\/schema.org","@graph":[{"@type":"WebPage","@id":"https:\/\/truusk.store\/sv\/produkt\/truusk-retrodesign-barstolar-i-sammetslook-inklusive-fotstod-gra-set-med-2-st-50-cm-x-53-cm-x-94-cm\/","url":"https:\/\/truusk.store\/sv\/produkt\/truusk-retrodesign-barstolar-i-sammetslook-inklusive-fotstod-gra-set-med-2-st-50-cm-x-53-cm-x-94-cm\/","name":"TRUUSK Retrodesign Barstolar i Sammetslook - Inklusive Fotst\u00f6d - Gr\u00e5 - Set med 2 st - 50 cm x 53 cm x 94 cm - TRUUSK - Hem, Tr\u00e4dg\u00e5rd &amp; Fritid","isPartOf":{"@id":"https:\/\/truusk.store\/sv\/#website"},"primaryImageOfPage":{"@id":"https:\/\/truusk.store\/sv\/produkt\/truusk-retrodesign-barstolar-i-sammetslook-inklusive-fotstod-gra-set-med-2-st-50-cm-x-53-cm-x-94-cm\/#primaryimage"},"image":{"@id":"https:\/\/truusk.store\/sv\/produkt\/truusk-retrodesign-barstolar-i-sammetslook-inklusive-fotstod-gra-set-med-2-st-50-cm-x-53-cm-x-94-cm\/#primaryimage"},"thumbnailUrl":"https:\/\/i0.wp.com\/truusk.store\/wp-content\/uploads\/2024\/02\/set-med-2-barstolar-i-retrodesign-sammetslook-inklusive-fotstod-50-cm-x-53-cm-x-94-cm-gra.webp?fit=800%2C800&ssl=1","datePublished":"2024-02-14T00:56:54+00:00","dateModified":"2026-03-12T08:15:11+00:00","breadcrumb":{"@id":"https:\/\/truusk.store\/sv\/produkt\/truusk-retrodesign-barstolar-i-sammetslook-inklusive-fotstod-gra-set-med-2-st-50-cm-x-53-cm-x-94-cm\/#breadcrumb"},"inLanguage":"sv-SE","potentialAction":[{"@type":"ReadAction","target":["https:\/\/truusk.store\/sv\/produkt\/truusk-retrodesign-barstolar-i-sammetslook-inklusive-fotstod-gra-set-med-2-st-50-cm-x-53-cm-x-94-cm\/"]}]},{"@type":"ImageObject","inLanguage":"sv-SE","@id":"https:\/\/truusk.store\/sv\/produkt\/truusk-retrodesign-barstolar-i-sammetslook-inklusive-fotstod-gra-set-med-2-st-50-cm-x-53-cm-x-94-cm\/#primaryimage","url":"https:\/\/i0.wp.com\/truusk.store\/wp-content\/uploads\/2024\/02\/set-med-2-barstolar-i-retrodesign-sammetslook-inklusive-fotstod-50-cm-x-53-cm-x-94-cm-gra.webp?fit=800%2C800&ssl=1","contentUrl":"https:\/\/i0.wp.com\/truusk.store\/wp-content\/uploads\/2024\/02\/set-med-2-barstolar-i-retrodesign-sammetslook-inklusive-fotstod-50-cm-x-53-cm-x-94-cm-gra.webp?fit=800%2C800&ssl=1","width":800,"height":800,"caption":"Set Med 2 Barstolar I Retrodesign, Sammetslook, Inklusive Fotst\u00f6d 50 Cm X 53 Cm X 94 Cm Gr\u00e5 1"},{"@type":"BreadcrumbList","@id":"https:\/\/truusk.store\/sv\/produkt\/truusk-retrodesign-barstolar-i-sammetslook-inklusive-fotstod-gra-set-med-2-st-50-cm-x-53-cm-x-94-cm\/#breadcrumb","itemListElement":[{"@type":"ListItem","position":1,"name":"Home","item":"https:\/\/truusk.store\/sv\/"},{"@type":"ListItem","position":2,"name":"Shop","item":"https:\/\/truusk.store\/shop\/"},{"@type":"ListItem","position":3,"name":"TRUUSK Retrodesign Barstolar i Sammetslook &#8211; Inklusive Fotst\u00f6d &#8211; Gr\u00e5 &#8211; Set med 2 st &#8211; 50 cm x 53 cm x 94 cm"}]},{"@type":"WebSite","@id":"https:\/\/truusk.store\/sv\/#website","url":"https:\/\/truusk.store\/sv\/","name":"TRUUSK - Hem, Tr\u00e4dg\u00e5rd & Fritid","description":"","publisher":{"@id":"https:\/\/truusk.store\/sv\/#organization"},"potentialAction":[{"@type":"SearchAction","target":{"@type":"EntryPoint","urlTemplate":"https:\/\/truusk.store\/sv\/?s={search_term_string}"},"query-input":{"@type":"PropertyValueSpecification","valueRequired":true,"valueName":"search_term_string"}}],"inLanguage":"sv-SE"},{"@type":"Organization","@id":"https:\/\/truusk.store\/sv\/#organization","name":"TRUUSK - Hem, Tr\u00e4dg\u00e5rd & Fritid","url":"https:\/\/truusk.store\/sv\/","logo":{"@type":"ImageObject","inLanguage":"sv-SE","@id":"https:\/\/truusk.store\/sv\/#\/schema\/logo\/image\/","url":"https:\/\/i0.wp.com\/truusk.store\/wp-content\/uploads\/2026\/03\/cropped-TRUUSK.png?fit=2032%2C917&ssl=1","contentUrl":"https:\/\/i0.wp.com\/truusk.store\/wp-content\/uploads\/2026\/03\/cropped-TRUUSK.png?fit=2032%2C917&ssl=1","width":2032,"height":917,"caption":"TRUUSK - Hem, Tr\u00e4dg\u00e5rd & Fritid"},"image":{"@id":"https:\/\/truusk.store\/sv\/#\/schema\/logo\/image\/"}}]}},"jetpack_sharing_enabled":true,"_links":{"self":[{"href":"https:\/\/truusk.store\/sv\/wp-json\/wp\/v2\/product\/39167","targetHints":{"allow":["GET"]}}],"collection":[{"href":"https:\/\/truusk.store\/sv\/wp-json\/wp\/v2\/product"}],"about":[{"href":"https:\/\/truusk.store\/sv\/wp-json\/wp\/v2\/types\/product"}],"wp:featuredmedia":[{"embeddable":true,"href":"https:\/\/truusk.store\/sv\/wp-json\/wp\/v2\/media\/39168"}],"wp:attachment":[{"href":"https:\/\/truusk.store\/sv\/wp-json\/wp\/v2\/media?parent=39167"}],"wp:term":[{"taxonomy":"product_brand","embeddable":true,"href":"https:\/\/truusk.store\/sv\/wp-json\/wp\/v2\/product_brand?post=39167"},{"taxonomy":"product_cat","embeddable":true,"href":"https:\/\/truusk.store\/sv\/wp-json\/wp\/v2\/product_cat?post=39167"},{"taxonomy":"product_tag","embeddable":true,"href":"https:\/\/truusk.store\/sv\/wp-json\/wp\/v2\/product_tag?post=39167"}],"curies":[{"name":"wp","href":"https:\/\/api.w.org\/{rel}","templated":true}]}}